{"id":5319,"date":"2023-02-22T14:14:41","date_gmt":"2023-02-22T06:14:41","guid":{"rendered":"https:\/\/renodoll.com\/?page_id=5319"},"modified":"2023-03-31T18:11:39","modified_gmt":"2023-03-31T10:11:39","slug":"automatic-sex-doll","status":"publish","type":"page","link":"https:\/\/renodoll.com\/lt\/automatic-sex-doll\/","title":{"rendered":"Automatin\u0117 sekso l\u0117l\u0117"},"content":{"rendered":"<div data-elementor-type=\"wp-page\" data-elementor-id=\"5319\" class=\"elementor elementor-5319\" data-elementor-post-type=\"page\">\n\t\t\t\t\t\t<section class=\"elementor-section elementor-top-section elementor-element elementor-element-03c581f elementor-section-boxed elementor-section-height-default elementor-section-height-default\" data-id=\"03c581f\" data-element_type=\"section\" data-e-type=\"section\">\n\t\t\t\t\t\t<div class=\"elementor-container elementor-column-gap-default\">\n\t\t\t\t\t<div class=\"elementor-column elementor-col-100 elementor-top-column elementor-element elementor-element-f79b0d8 page-content-text\" data-id=\"f79b0d8\" data-element_type=\"column\" data-e-type=\"column\">\n\t\t\t<div class=\"elementor-widget-wrap elementor-element-populated\">\n\t\t\t\t\t\t<div class=\"elementor-element elementor-element-df87c4f elementor-widget elementor-widget-text-editor\" data-id=\"df87c4f\" data-element_type=\"widget\" data-e-type=\"widget\" data-widget_type=\"text-editor.default\">\n\t\t\t\t<div class=\"elementor-widget-container\">\n\t\t\t\t\t\t\t\t\t<p>Jei norite savipagalbos sekso ar jausmo, kur\u012f suteikia ank\u0161ta mak\u0161tis, turime jums pasi\u016blym\u0105. Si\u016blome jums automatin\u0117s sekso l\u0117l\u0117s \u201eAuto Clamp and Suck\u201c parinkt\u012f. Aplikacija gali b\u016bti ant liemens arba ant pilno dyd\u017eio meil\u0117s l\u0117l\u0117s. Per\u017ei\u016br\u0117kite \u017eemiau esan\u010di\u0105 kolekcij\u0105 su pavadinimu \u201eJudanti l\u0117l\u0117\u201c.<\/p>\t\t\t\t\t\t\t\t<\/div>\n\t\t\t\t<\/div>\n\t\t\t\t<div class=\"elementor-element elementor-element-6fda1f6 elementor-widget elementor-widget-spacer\" data-id=\"6fda1f6\" data-element_type=\"widget\" data-e-type=\"widget\" data-widget_type=\"spacer.default\">\n\t\t\t\t<div class=\"elementor-widget-container\">\n\t\t\t\t\t\t\t<div class=\"elementor-spacer\">\n\t\t\t<div class=\"elementor-spacer-inner\"><\/div>\n\t\t<\/div>\n\t\t\t\t\t\t<\/div>\n\t\t\t\t<\/div>\n\t\t\t\t<div class=\"elementor-element elementor-element-9dc4721 elementor-widget elementor-widget-image\" data-id=\"9dc4721\" data-element_type=\"widget\" data-e-type=\"widget\" data-widget_type=\"image.default\">\n\t\t\t\t<div class=\"elementor-widget-container\">\n\t\t\t\t\t\t\t\t\t\t\t\t\t\t\t<img loading=\"lazy\" decoding=\"async\" width=\"768\" height=\"412\" src=\"https:\/\/renodoll.com\/wp-content\/uploads\/elementor\/thumbs\/xstore-placeholder-q1lsnz7f1bxupdijm3612wnplchjb8rfbg50qi097s.png\" class=\"attachment-medium_large size-medium_large wp-image-6549 lazyload lazyload-simple et-lazyload-fadeIn\" alt=\"\" sizes=\"auto, (max-width: 768px) 100vw, 768px\" data-src=\"https:\/\/renodoll.com\/wp-content\/uploads\/2023\/03\/auto-clamp-768x412.png\" data-srcset=\"https:\/\/renodoll.com\/wp-content\/uploads\/2023\/03\/auto-clamp-768x412.png 768w, https:\/\/renodoll.com\/wp-content\/uploads\/2023\/03\/auto-clamp-300x161.png 300w, https:\/\/renodoll.com\/wp-content\/uploads\/2023\/03\/auto-clamp-18x10.png 18w, https:\/\/renodoll.com\/wp-content\/uploads\/2023\/03\/auto-clamp-100x54.png 100w, https:\/\/renodoll.com\/wp-content\/uploads\/2023\/03\/auto-clamp-600x322.png 600w, https:\/\/renodoll.com\/wp-content\/uploads\/2023\/03\/auto-clamp-10x5.png 10w, https:\/\/renodoll.com\/wp-content\/uploads\/2023\/03\/auto-clamp.png 779w\" \/>\t\t\t\t\t\t\t\t\t\t\t\t\t\t\t<\/div>\n\t\t\t\t<\/div>\n\t\t\t\t<div class=\"elementor-element elementor-element-1b9a8ab elementor-widget elementor-widget-spacer\" data-id=\"1b9a8ab\" data-element_type=\"widget\" data-e-type=\"widget\" data-widget_type=\"spacer.default\">\n\t\t\t\t<div class=\"elementor-widget-container\">\n\t\t\t\t\t\t\t<div class=\"elementor-spacer\">\n\t\t\t<div class=\"elementor-spacer-inner\"><\/div>\n\t\t<\/div>\n\t\t\t\t\t\t<\/div>\n\t\t\t\t<\/div>\n\t\t\t\t<div class=\"elementor-element elementor-element-82f4266 elementor-widget elementor-widget-text-editor\" data-id=\"82f4266\" data-element_type=\"widget\" data-e-type=\"widget\" data-widget_type=\"text-editor.default\">\n\t\t\t\t<div class=\"elementor-widget-container\">\n\t\t\t\t\t\t\t\t\tPer\u017ei\u016br\u0117kite toliau pateikt\u0105 \u201eAuto Clamp and Suck\u201c demonstracin\u0119 versij\u0105.\t\t\t\t\t\t\t\t<\/div>\n\t\t\t\t<\/div>\n\t\t\t\t<div class=\"elementor-element elementor-element-c1828d9 elementor-widget elementor-widget-video\" data-id=\"c1828d9\" data-element_type=\"widget\" data-e-type=\"widget\" data-settings=\"{&quot;video_type&quot;:&quot;hosted&quot;,&quot;autoplay&quot;:&quot;yes&quot;,&quot;play_on_mobile&quot;:&quot;yes&quot;,&quot;loop&quot;:&quot;yes&quot;,&quot;controls&quot;:&quot;yes&quot;}\" data-widget_type=\"video.default\">\n\t\t\t\t<div class=\"elementor-widget-container\">\n\t\t\t\t\t\t\t<div class=\"e-hosted-video elementor-wrapper elementor-open-inline\">\n\t\t\t\t\t<video class=\"elementor-video\" src=\"http:\/\/renodoll.com\/wp-content\/uploads\/2023\/03\/DisgustingShowyrenodoll.mp4\" autoplay=\"\" loop=\"\" controls=\"\" playsinline=\"\"><\/video>\n\t\t\t\t<\/div>\n\t\t\t\t\t\t<\/div>\n\t\t\t\t<\/div>\n\t\t\t\t<div class=\"elementor-element elementor-element-213b264 elementor-widget elementor-widget-spacer\" data-id=\"213b264\" data-element_type=\"widget\" data-e-type=\"widget\" data-widget_type=\"spacer.default\">\n\t\t\t\t<div class=\"elementor-widget-container\">\n\t\t\t\t\t\t\t<div class=\"elementor-spacer\">\n\t\t\t<div class=\"elementor-spacer-inner\"><\/div>\n\t\t<\/div>\n\t\t\t\t\t\t<\/div>\n\t\t\t\t<\/div>\n\t\t\t\t<div class=\"elementor-element elementor-element-aed529d elementor-invisible elementor-widget elementor-widget-heading\" data-id=\"aed529d\" data-element_type=\"widget\" data-e-type=\"widget\" data-settings=\"{&quot;_animation&quot;:&quot;fadeInUp&quot;}\" data-widget_type=\"heading.default\">\n\t\t\t\t<div class=\"elementor-widget-container\">\n\t\t\t\t\t<h2 class=\"elementor-heading-title elementor-size-default\">Neapmokestinama versija. <\/h2>\t\t\t\t<\/div>\n\t\t\t\t<\/div>\n\t\t\t\t<div class=\"elementor-element elementor-element-5d70106 elementor-widget elementor-widget-html\" data-id=\"5d70106\" data-element_type=\"widget\" data-e-type=\"widget\" data-widget_type=\"html.default\">\n\t\t\t\t<div class=\"elementor-widget-container\">\n\t\t\t\t\t<ol class=\"number_list_type\"><li>Prie\u0161 pradedant darb\u0105 reikia maitinimo. (Prijunkite ir leiskite be viduje \u012fmontuoto akumuliatoriaus, jei nutr\u016bksta maitinimas.)<\/li>\n<li>Maitinimo adapteris. (Maitinimo \u012fvesties \u012ftampa 100 V\u2013240 V, i\u0161\u0117jimo \u012ftampa \/ srov\u0117 24 V \/ 3 A)\n<\/li>\n<li>Sertifikavimo standartas: Power CE<\/li>\n<\/ol>\t\t\t\t<\/div>\n\t\t\t\t<\/div>\n\t\t\t\t<div class=\"elementor-element elementor-element-0adb444 elementor-widget elementor-widget-spacer\" data-id=\"0adb444\" data-element_type=\"widget\" data-e-type=\"widget\" data-widget_type=\"spacer.default\">\n\t\t\t\t<div class=\"elementor-widget-container\">\n\t\t\t\t\t\t\t<div class=\"elementor-spacer\">\n\t\t\t<div class=\"elementor-spacer-inner\"><\/div>\n\t\t<\/div>\n\t\t\t\t\t\t<\/div>\n\t\t\t\t<\/div>\n\t\t\t\t<div class=\"elementor-element elementor-element-2a1f405 elementor-invisible elementor-widget elementor-widget-heading\" data-id=\"2a1f405\" data-element_type=\"widget\" data-e-type=\"widget\" data-settings=\"{&quot;_animation&quot;:&quot;fadeInUp&quot;}\" data-widget_type=\"heading.default\">\n\t\t\t\t<div class=\"elementor-widget-container\">\n\t\t\t\t\t<h2 class=\"elementor-heading-title elementor-size-default\">\u012ekraunama versija. <\/h2>\t\t\t\t<\/div>\n\t\t\t\t<\/div>\n\t\t\t\t<div class=\"elementor-element elementor-element-303eef2 elementor-widget elementor-widget-html\" data-id=\"303eef2\" data-element_type=\"widget\" data-e-type=\"widget\" data-widget_type=\"html.default\">\n\t\t\t\t<div class=\"elementor-widget-container\">\n\t\t\t\t\t<ol class=\"number_list_type\"><li>Nenaudoti kraunant. Geriausiai optimizuojamas po pilno \u012fkrovimo.<\/li>\n<li>Akumuliatoriaus \u012ftampa: darbin\u0117 \u012ftampa 22,2V, tu\u0161\u010diosios eigos \u012ftampa 24V.\n<\/li>\n<li>\u012ekrovimas ir i\u0161krovimas: 280-300 savai\u010di\u0173. \u0160ios seksualios sekso l\u0117l\u0117s laikosi 280\u2013300 savai\u010di\u0173 prie\u0161 i\u0161krovim\u0105. <\/li>\n<li>\u012ekrovimo laikas: greitas \u012fkrovimas per 1 valand\u0105 ir 30 minu\u010di\u0173.<\/li>\n<li>Naudojimo laikas: \u012fkrovus iki galo, tikroji l\u0117l\u0117s klubas gali \u012fveikti 5 valand\u0173 maraton\u0105. Smagiausia yra tai, kad greitis yra visi\u0161kai kei\u010diamas.<\/li>\n<\/ol>\t\t\t\t<\/div>\n\t\t\t\t<\/div>\n\t\t\t\t\t<\/div>\n\t\t<\/div>\n\t\t\t\t\t<\/div>\n\t\t<\/section>\n\t\t\t\t<\/div>","protected":false},"excerpt":{"rendered":"<p>Just in case you want the self-help sex or the feeling a tight vagina gives, we have an offer for you. We bring you the option of the &#8220;Auto Clamp and Suck&#8221; automatic sex doll. The application can be on the torso or on a full-sized love doll. View the collection below the link with the name &#8220;Moving doll.&#8221; Do well to check out our demo of &#8220;Auto Clamp and Suck&#8221; below.http:\/\/renodoll.com\/wp-content\/uploads\/2023\/03\/DisgustingShowyrenodoll.mp4 Non-chargeable version. Needs power before working. (Plug and play without a battery built internally for cases where power trips off.) Power adapter.( Power input voltage 100V\u2014240V, output voltage\/current<\/p>","protected":false},"author":1,"featured_media":0,"parent":0,"menu_order":0,"comment_status":"closed","ping_status":"closed","template":"","meta":{"footnotes":""},"class_list":["post-5319","page","type-page","status-publish","hentry"],"aioseo_notices":[],"_links":{"self":[{"href":"https:\/\/renodoll.com\/lt\/wp-json\/wp\/v2\/pages\/5319","targetHints":{"allow":["GET"]}}],"collection":[{"href":"https:\/\/renodoll.com\/lt\/wp-json\/wp\/v2\/pages"}],"about":[{"href":"https:\/\/renodoll.com\/lt\/wp-json\/wp\/v2\/types\/page"}],"author":[{"embeddable":true,"href":"https:\/\/renodoll.com\/lt\/wp-json\/wp\/v2\/users\/1"}],"replies":[{"embeddable":true,"href":"https:\/\/renodoll.com\/lt\/wp-json\/wp\/v2\/comments?post=5319"}],"version-history":[{"count":42,"href":"https:\/\/renodoll.com\/lt\/wp-json\/wp\/v2\/pages\/5319\/revisions"}],"predecessor-version":[{"id":14810,"href":"https:\/\/renodoll.com\/lt\/wp-json\/wp\/v2\/pages\/5319\/revisions\/14810"}],"wp:attachment":[{"href":"https:\/\/renodoll.com\/lt\/wp-json\/wp\/v2\/media?parent=5319"}],"curies":[{"name":"wp","href":"https:\/\/api.w.org\/{rel}","templated":true}]}}