{"id":5342,"date":"2023-02-22T14:38:20","date_gmt":"2023-02-22T06:38:20","guid":{"rendered":"https:\/\/renodoll.com\/?page_id=5342"},"modified":"2023-03-31T18:15:51","modified_gmt":"2023-03-31T10:15:51","slug":"sex-doll-skeleton","status":"publish","type":"page","link":"https:\/\/renodoll.com\/it\/scheletro-di-bambola-del-sesso\/","title":{"rendered":"Scheletro di bambola del sesso"},"content":{"rendered":"<div data-elementor-type=\"wp-page\" data-elementor-id=\"5342\" class=\"elementor elementor-5342\">\n\t\t\t\t\t\t\t\t\t<section class=\"elementor-section elementor-top-section elementor-element elementor-element-acc2331 elementor-section-boxed elementor-section-height-default elementor-section-height-default\" data-id=\"acc2331\" data-element_type=\"section\">\n\t\t\t\t\t\t<div class=\"elementor-container elementor-column-gap-default\">\n\t\t\t\t\t<div class=\"elementor-column elementor-col-100 elementor-top-column elementor-element elementor-element-03b26f5 page-content-text\" data-id=\"03b26f5\" data-element_type=\"column\">\n\t\t\t<div class=\"elementor-widget-wrap elementor-element-populated\">\n\t\t\t\t\t\t\t\t<div class=\"elementor-element elementor-element-881ee1c elementor-widget elementor-widget-text-editor\" data-id=\"881ee1c\" data-element_type=\"widget\" data-widget_type=\"text-editor.default\">\n\t\t\t\t<div class=\"elementor-widget-container\">\n\t\t\t<style>\/*! elementor - v3.10.2 - 29-01-2023 *\/\n.elementor-widget-text-editor.elementor-drop-cap-view-stacked .elementor-drop-cap{background-color:#818a91;color:#fff}.elementor-widget-text-editor.elementor-drop-cap-view-framed .elementor-drop-cap{color:#818a91;border:3px solid;background-color:transparent}.elementor-widget-text-editor:not(.elementor-drop-cap-view-default) .elementor-drop-cap{margin-top:8px}.elementor-widget-text-editor:not(.elementor-drop-cap-view-default) .elementor-drop-cap-letter{width:1em;height:1em}.elementor-widget-text-editor .elementor-drop-cap{float:left;text-align:center;line-height:1;font-size:50px}.elementor-widget-text-editor .elementor-drop-cap-letter{display:inline-block}<\/style>\t\t\t\tAll&#039;interno del corpo della bambola dell&#039;amore, c&#039;\u00e8 una struttura scheletrica che aiuta il movimento del corpo e impedisce al corpo di torcersi o cadere. Lo scheletro all&#039;interno della bambola del sesso aiuta ad accertare la durata della vita e la capacit\u00e0 dimensionale che il corpo pu\u00f2 contenere. I vari disegni degli scheletri aiutano a confermare i movimenti che possono fare le bambole dell&#039;amore.\t\t\t\t\t\t<\/div>\n\t\t\t\t<\/div>\n\t\t\t\t<div class=\"elementor-element elementor-element-4556673 elementor-widget elementor-widget-text-editor\" data-id=\"4556673\" data-element_type=\"widget\" data-widget_type=\"text-editor.default\">\n\t\t\t\t<div class=\"elementor-widget-container\">\n\t\t\t\t\t\t\tGuarda le immagini sotto questo post per vedere come funziona lo scheletro.\t\t\t\t\t\t<\/div>\n\t\t\t\t<\/div>\n\t\t\t\t<div class=\"elementor-element elementor-element-38afaf6 elementor-invisible elementor-widget elementor-widget-image\" data-id=\"38afaf6\" data-element_type=\"widget\" data-settings=\"{&quot;_animation&quot;:&quot;zoomIn&quot;}\" data-widget_type=\"image.default\">\n\t\t\t\t<div class=\"elementor-widget-container\">\n\t\t\t<style>\/*! elementor - v3.10.2 - 29-01-2023 *\/\n.elementor-widget-image{text-align:center}.elementor-widget-image a{display:inline-block}.elementor-widget-image a img[src$=\".svg\"]{width:48px}.elementor-widget-image img{vertical-align:middle;display:inline-block}<\/style>\t\t\t\t\t\t\t\t\t\t\t\t<img loading=\"lazy\" decoding=\"async\" width=\"1000\" height=\"828\" src=\"https:\/\/renodoll.com\/wp-content\/uploads\/2023\/03\/skeleton-introduction.png\" class=\"attachment-large size-large wp-image-6565\" alt=\"\" srcset=\"https:\/\/renodoll.com\/wp-content\/uploads\/2023\/03\/skeleton-introduction.png 1000w, https:\/\/renodoll.com\/wp-content\/uploads\/2023\/03\/skeleton-introduction-300x248.png 300w, https:\/\/renodoll.com\/wp-content\/uploads\/2023\/03\/skeleton-introduction-768x636.png 768w, https:\/\/renodoll.com\/wp-content\/uploads\/2023\/03\/skeleton-introduction-14x12.png 14w, https:\/\/renodoll.com\/wp-content\/uploads\/2023\/03\/skeleton-introduction-100x83.png 100w, https:\/\/renodoll.com\/wp-content\/uploads\/2023\/03\/skeleton-introduction-600x497.png 600w, https:\/\/renodoll.com\/wp-content\/uploads\/2023\/03\/skeleton-introduction-10x8.png 10w\" sizes=\"auto, (max-width: 1000px) 100vw, 1000px\" \/>\t\t\t\t\t\t\t\t\t\t\t\t\t\t\t<\/div>\n\t\t\t\t<\/div>\n\t\t\t\t<div class=\"elementor-element elementor-element-cc71f48 elementor-widget elementor-widget-text-editor\" data-id=\"cc71f48\" data-element_type=\"widget\" data-widget_type=\"text-editor.default\">\n\t\t\t\t<div class=\"elementor-widget-container\">\n\t\t\t\t\t\t\tAttualmente abbiamo due diversi tipi di scheletri, che hanno costi diversi. La differenza significativa tra i due \u00e8 che mentre uno pu\u00f2 scrollare le spalle, l&#039;altro no. Fai bene a seguire l&#039;articolo fino alla fine per vedere altre differenze.\t\t\t\t\t\t<\/div>\n\t\t\t\t<\/div>\n\t\t\t\t<div class=\"elementor-element elementor-element-b7893ed elementor-invisible elementor-widget elementor-widget-image\" data-id=\"b7893ed\" data-element_type=\"widget\" data-settings=\"{&quot;_animation&quot;:&quot;zoomIn&quot;}\" data-widget_type=\"image.default\">\n\t\t\t\t<div class=\"elementor-widget-container\">\n\t\t\t\t\t\t\t\t\t\t\t\t\t\t\t<img loading=\"lazy\" decoding=\"async\" width=\"932\" height=\"1200\" src=\"https:\/\/renodoll.com\/wp-content\/uploads\/2023\/03\/h3bd0710ee3cb4337bf498e9c8b5ea2583-1662214320665.png\" class=\"attachment-full size-full wp-image-6566\" alt=\"\" srcset=\"https:\/\/renodoll.com\/wp-content\/uploads\/2023\/03\/h3bd0710ee3cb4337bf498e9c8b5ea2583-1662214320665.png 932w, https:\/\/renodoll.com\/wp-content\/uploads\/2023\/03\/h3bd0710ee3cb4337bf498e9c8b5ea2583-1662214320665-233x300.png 233w, https:\/\/renodoll.com\/wp-content\/uploads\/2023\/03\/h3bd0710ee3cb4337bf498e9c8b5ea2583-1662214320665-795x1024.png 795w, https:\/\/renodoll.com\/wp-content\/uploads\/2023\/03\/h3bd0710ee3cb4337bf498e9c8b5ea2583-1662214320665-768x989.png 768w, https:\/\/renodoll.com\/wp-content\/uploads\/2023\/03\/h3bd0710ee3cb4337bf498e9c8b5ea2583-1662214320665-9x12.png 9w, https:\/\/renodoll.com\/wp-content\/uploads\/2023\/03\/h3bd0710ee3cb4337bf498e9c8b5ea2583-1662214320665-78x100.png 78w, https:\/\/renodoll.com\/wp-content\/uploads\/2023\/03\/h3bd0710ee3cb4337bf498e9c8b5ea2583-1662214320665-300x386.png 300w, https:\/\/renodoll.com\/wp-content\/uploads\/2023\/03\/h3bd0710ee3cb4337bf498e9c8b5ea2583-1662214320665-600x773.png 600w, https:\/\/renodoll.com\/wp-content\/uploads\/2023\/03\/h3bd0710ee3cb4337bf498e9c8b5ea2583-1662214320665-8x10.png 8w\" sizes=\"auto, (max-width: 932px) 100vw, 932px\" \/>\t\t\t\t\t\t\t\t\t\t\t\t\t\t\t<\/div>\n\t\t\t\t<\/div>\n\t\t\t\t<div class=\"elementor-element elementor-element-48b66a9 elementor-widget elementor-widget-text-editor\" data-id=\"48b66a9\" data-element_type=\"widget\" data-widget_type=\"text-editor.default\">\n\t\t\t\t<div class=\"elementor-widget-container\">\n\t\t\t\t\t\t\tMentre contemplano quale bambola del sesso avere, i neofiti nel mondo delle bambole del sesso possono trovarsi di fronte a qualche forma di confusione al momento di scegliere tra scheletri EVO standard e scheletri EVO. Quali sono queste differenze, potresti chiedere? Resta con noi e te lo diremo.\t\t\t\t\t\t<\/div>\n\t\t\t\t<\/div>\n\t\t\t\t<div class=\"elementor-element elementor-element-2aae69c elementor-invisible elementor-widget elementor-widget-heading\" data-id=\"2aae69c\" data-element_type=\"widget\" data-settings=\"{&quot;_animation&quot;:&quot;fadeInUp&quot;}\" data-widget_type=\"heading.default\">\n\t\t\t\t<div class=\"elementor-widget-container\">\n\t\t\t<style>\/*! elementor - v3.10.2 - 29-01-2023 *\/\n.elementor-heading-title{padding:0;margin:0;line-height:1}.elementor-widget-heading .elementor-heading-title[class*=elementor-size-]>a{color:inherit;font-size:inherit;line-height:inherit}.elementor-widget-heading .elementor-heading-title.elementor-size-small{font-size:15px}.elementor-widget-heading .elementor-heading-title.elementor-size-medium{font-size:19px}.elementor-widget-heading .elementor-heading-title.elementor-size-large{font-size:29px}.elementor-widget-heading .elementor-heading-title.elementor-size-xl{font-size:39px}.elementor-widget-heading .elementor-heading-title.elementor-size-xxl{font-size:59px}<\/style><h2 class=\"elementor-heading-title elementor-size-default\">Scheletro standard<\/h2>\t\t<\/div>\n\t\t\t\t<\/div>\n\t\t\t\t<div class=\"elementor-element elementor-element-8b640d4 elementor-widget elementor-widget-text-editor\" data-id=\"8b640d4\" data-element_type=\"widget\" data-widget_type=\"text-editor.default\">\n\t\t\t\t<div class=\"elementor-widget-container\">\n\t\t\t\t\t\t\tLa bambola Standard Skeleton non consente la rotazione delle spalle in quanto \u00e8 piuttosto rigida. \t\t\t\t\t\t<\/div>\n\t\t\t\t<\/div>\n\t\t\t\t<div class=\"elementor-element elementor-element-baa72d8 elementor-widget elementor-widget-text-editor\" data-id=\"baa72d8\" data-element_type=\"widget\" data-widget_type=\"text-editor.default\">\n\t\t\t\t<div class=\"elementor-widget-container\">\n\t\t\t\t\t\t\tI gomiti e le ginocchia possono essere leggermente piegati. Circa 90 gradi. \t\t\t\t\t\t<\/div>\n\t\t\t\t<\/div>\n\t\t\t\t<div class=\"elementor-element elementor-element-4ffcfcb elementor-widget elementor-widget-text-editor\" data-id=\"4ffcfcb\" data-element_type=\"widget\" data-widget_type=\"text-editor.default\">\n\t\t\t\t<div class=\"elementor-widget-container\">\n\t\t\t\t\t\t\tLa maggior parte, se non tutti, gli scheletri standard possono essere spostati solo avanti e indietro.\t\t\t\t\t\t<\/div>\n\t\t\t\t<\/div>\n\t\t\t\t<div class=\"elementor-element elementor-element-e31910a elementor-invisible elementor-widget elementor-widget-heading\" data-id=\"e31910a\" data-element_type=\"widget\" data-settings=\"{&quot;_animation&quot;:&quot;fadeInUp&quot;}\" data-widget_type=\"heading.default\">\n\t\t\t\t<div class=\"elementor-widget-container\">\n\t\t\t<h2 class=\"elementor-heading-title elementor-size-default\">Evo Scheletro<\/h2>\t\t<\/div>\n\t\t\t\t<\/div>\n\t\t\t\t<div class=\"elementor-element elementor-element-780de4e elementor-widget elementor-widget-text-editor\" data-id=\"780de4e\" data-element_type=\"widget\" data-widget_type=\"text-editor.default\">\n\t\t\t\t<div class=\"elementor-widget-container\">\n\t\t\t\t\t\t\tLo scheletro EVO recentemente rinnovato pu\u00f2 far alzare le spalle alla tua bambola del sesso e darle la libert\u00e0 di assumere pose diverse in un modo pi\u00f9 realistico.\t\t\t\t\t\t<\/div>\n\t\t\t\t<\/div>\n\t\t\t\t<div class=\"elementor-element elementor-element-9de1aa2 elementor-widget elementor-widget-text-editor\" data-id=\"9de1aa2\" data-element_type=\"widget\" data-widget_type=\"text-editor.default\">\n\t\t\t\t<div class=\"elementor-widget-container\">\n\t\t\t\t\t\t\tLe gambe della tua bambola del sesso per adulti possono essere piegate in modo tale che le gambe raggiungano il sedere della bambola dell&#039;amore verso il basso o in posizione W.\t\t\t\t\t\t<\/div>\n\t\t\t\t<\/div>\n\t\t\t\t<div class=\"elementor-element elementor-element-13a0f35 elementor-widget elementor-widget-text-editor\" data-id=\"13a0f35\" data-element_type=\"widget\" data-widget_type=\"text-editor.default\">\n\t\t\t\t<div class=\"elementor-widget-container\">\n\t\t\t\t\t\t\tLa colonna vertebrale della bambola a grandezza naturale non \u00e8 rigida rispetto allo scheletro standard. Ci\u00f2 consente alla sexy bambola del sesso di muovere la colonna vertebrale in qualsiasi modo il proprietario desideri, creando cos\u00ec un piacere molto pi\u00f9 intimo come desiderato dai proprietari.\t\t\t\t\t\t<\/div>\n\t\t\t\t<\/div>\n\t\t\t\t<section class=\"elementor-section elementor-inner-section elementor-element elementor-element-389eee2 elementor-section-boxed elementor-section-height-default elementor-section-height-default\" data-id=\"389eee2\" data-element_type=\"section\">\n\t\t\t\t\t\t<div class=\"elementor-container elementor-column-gap-default\">\n\t\t\t\t\t<div class=\"elementor-column elementor-col-50 elementor-inner-column elementor-element elementor-element-209d53e\" data-id=\"209d53e\" data-element_type=\"column\">\n\t\t\t<div class=\"elementor-widget-wrap elementor-element-populated\">\n\t\t\t\t\t\t\t\t<div class=\"elementor-element elementor-element-acedf47 elementor-invisible elementor-widget elementor-widget-heading\" data-id=\"acedf47\" data-element_type=\"widget\" data-settings=\"{&quot;_animation&quot;:&quot;fadeInUp&quot;}\" data-widget_type=\"heading.default\">\n\t\t\t\t<div class=\"elementor-widget-container\">\n\t\t\t<h2 class=\"elementor-heading-title elementor-size-default\">Scheletro EVO aggiornato della bambola del sesso<\/h2>\t\t<\/div>\n\t\t\t\t<\/div>\n\t\t\t\t<div class=\"elementor-element elementor-element-a110e11 elementor-widget elementor-widget-text-editor\" data-id=\"a110e11\" data-element_type=\"widget\" data-widget_type=\"text-editor.default\">\n\t\t\t\t<div class=\"elementor-widget-container\">\n\t\t\t\t\t\t\tA differenza dello scheletro standard, EVO \u00e8 uno scheletro pi\u00f9 dettagliato e rinnovato. \u00c8 flessibile e d\u00e0 spazio a una posa pi\u00f9 naturale e realistica che pu\u00f2 essere utile sia per la modellazione che per la fotografia e una posizione sessuale avanzata. Gli scheletri EVO avanzati di alcune aziende come WM, Piper, Starpery e tanti altri continuano a sviluppare queste vere bambole in modo che siano pi\u00f9 flessibili con braccia e gambe a doppia articolazione. Questo aiuta il loro allungamento accovacciato e inginocchiato a essere simile a quello di un essere umano.\t\t\t\t\t\t<\/div>\n\t\t\t\t<\/div>\n\t\t\t\t<div class=\"elementor-element elementor-element-41811f4 elementor-widget elementor-widget-text-editor\" data-id=\"41811f4\" data-element_type=\"widget\" data-widget_type=\"text-editor.default\">\n\t\t\t\t<div class=\"elementor-widget-container\">\n\t\t\t\t\t\t\tL&#039;aggiornamento dello scheletro della tua bambola dell&#039;amore ha un costo. Se non hai bisogno di molta flessibilit\u00e0 nelle aree articolari, lo scheletro standard \u00e8 la tua scelta. Se desideri momenti molto pi\u00f9 intimi e piacevoli con la tua bambola del sesso grazie alla sua flessibilit\u00e0, lo scheletro EVO fa per te.\t\t\t\t\t\t<\/div>\n\t\t\t\t<\/div>\n\t\t\t\t\t<\/div>\n\t\t<\/div>\n\t\t\t\t<div class=\"elementor-column elementor-col-50 elementor-inner-column elementor-element elementor-element-c8cd916\" data-id=\"c8cd916\" data-element_type=\"column\">\n\t\t\t<div class=\"elementor-widget-wrap elementor-element-populated\">\n\t\t\t\t\t\t\t\t<div class=\"elementor-element elementor-element-2f820d1 elementor-aspect-ratio-32 elementor-widget elementor-widget-video\" data-id=\"2f820d1\" data-element_type=\"widget\" data-settings=\"{&quot;video_type&quot;:&quot;hosted&quot;,&quot;autoplay&quot;:&quot;yes&quot;,&quot;loop&quot;:&quot;yes&quot;,&quot;aspect_ratio&quot;:&quot;32&quot;,&quot;controls&quot;:&quot;yes&quot;}\" data-widget_type=\"video.default\">\n\t\t\t\t<div class=\"elementor-widget-container\">\n\t\t\t<style>\/*! elementor - v3.10.2 - 29-01-2023 *\/\n.elementor-widget-video .elementor-widget-container{overflow:hidden;transform:translateZ(0)}.elementor-widget-video .elementor-open-inline .elementor-custom-embed-image-overlay{position:absolute;top:0;left:0;width:100%;height:100%;background-size:cover;background-position:50%}.elementor-widget-video .elementor-custom-embed-image-overlay{cursor:pointer;text-align:center}.elementor-widget-video .elementor-custom-embed-image-overlay:hover .elementor-custom-embed-play i{opacity:1}.elementor-widget-video .elementor-custom-embed-image-overlay img{display:block;width:100%}.elementor-widget-video .e-hosted-video .elementor-video{-o-object-fit:cover;object-fit:cover}.e-con-inner>.elementor-widget-video,.e-con>.elementor-widget-video{width:var(--container-widget-width);--flex-grow:var(--container-widget-flex-grow)}<\/style>\t\t<div class=\"e-hosted-video elementor-wrapper elementor-fit-aspect-ratio elementor-open-inline\">\n\t\t\t\t\t<video class=\"elementor-video\" src=\"http:\/\/renodoll.com\/wp-content\/uploads\/2023\/03\/RudeLustrousBooby-mobile.mp4\" autoplay=\"\" loop=\"\" controls=\"\"><\/video>\n\t\t\t\t<\/div>\n\t\t\t\t<\/div>\n\t\t\t\t<\/div>\n\t\t\t\t\t<\/div>\n\t\t<\/div>\n\t\t\t\t\t\t\t<\/div>\n\t\t<\/section>\n\t\t\t\t\t<\/div>\n\t\t<\/div>\n\t\t\t\t\t\t\t<\/div>\n\t\t<\/section>\n\t\t\t\t\t\t\t<\/div>","protected":false},"excerpt":{"rendered":"<p>All&#039;interno del corpo della bambola dell&#039;amore, c&#039;\u00e8 una struttura scheletrica che aiuta il movimento del corpo e impedisce al corpo di torcersi o cadere. Lo scheletro all&#039;interno della bambola del sesso aiuta ad accertare la durata della vita e la capacit\u00e0 dimensionale che il corpo pu\u00f2 contenere. I vari disegni degli scheletri aiutano a confermare i movimenti che le bambole dell&#039;amore possono fare. Guarda le immagini sotto questo post per vedere come funziona lo scheletro. Attualmente abbiamo due diversi tipi di scheletri, che hanno costi diversi. La differenza significativa tra i due \u00e8 che mentre uno pu\u00f2 scrollare le spalle, l&#039;altro no. Fai bene a seguire<\/p>","protected":false},"author":1,"featured_media":0,"parent":0,"menu_order":0,"comment_status":"closed","ping_status":"closed","template":"","meta":{"footnotes":""},"class_list":["post-5342","page","type-page","status-publish","hentry"],"aioseo_notices":[],"_links":{"self":[{"href":"https:\/\/renodoll.com\/it\/wp-json\/wp\/v2\/pages\/5342","targetHints":{"allow":["GET"]}}],"collection":[{"href":"https:\/\/renodoll.com\/it\/wp-json\/wp\/v2\/pages"}],"about":[{"href":"https:\/\/renodoll.com\/it\/wp-json\/wp\/v2\/types\/page"}],"author":[{"embeddable":true,"href":"https:\/\/renodoll.com\/it\/wp-json\/wp\/v2\/users\/1"}],"replies":[{"embeddable":true,"href":"https:\/\/renodoll.com\/it\/wp-json\/wp\/v2\/comments?post=5342"}],"version-history":[{"count":41,"href":"https:\/\/renodoll.com\/it\/wp-json\/wp\/v2\/pages\/5342\/revisions"}],"predecessor-version":[{"id":14819,"href":"https:\/\/renodoll.com\/it\/wp-json\/wp\/v2\/pages\/5342\/revisions\/14819"}],"wp:attachment":[{"href":"https:\/\/renodoll.com\/it\/wp-json\/wp\/v2\/media?parent=5342"}],"curies":[{"name":"wp","href":"https:\/\/api.w.org\/{rel}","templated":true}]}}