{"id":5319,"date":"2023-02-22T14:14:41","date_gmt":"2023-02-22T06:14:41","guid":{"rendered":"https:\/\/renodoll.com\/?page_id=5319"},"modified":"2023-03-31T18:11:39","modified_gmt":"2023-03-31T10:11:39","slug":"automatic-sex-doll","status":"publish","type":"page","link":"https:\/\/renodoll.com\/it\/bambola-del-sesso-automatica\/","title":{"rendered":"Bambola del sesso automatica"},"content":{"rendered":"<div data-elementor-type=\"wp-page\" data-elementor-id=\"5319\" class=\"elementor elementor-5319\">\n\t\t\t\t\t\t\t\t\t<section class=\"elementor-section elementor-top-section elementor-element elementor-element-03c581f elementor-section-boxed elementor-section-height-default elementor-section-height-default\" data-id=\"03c581f\" data-element_type=\"section\">\n\t\t\t\t\t\t<div class=\"elementor-container elementor-column-gap-default\">\n\t\t\t\t\t<div class=\"elementor-column elementor-col-100 elementor-top-column elementor-element elementor-element-f79b0d8 page-content-text\" data-id=\"f79b0d8\" data-element_type=\"column\">\n\t\t\t<div class=\"elementor-widget-wrap elementor-element-populated\">\n\t\t\t\t\t\t\t\t<div class=\"elementor-element elementor-element-df87c4f elementor-widget elementor-widget-text-editor\" data-id=\"df87c4f\" data-element_type=\"widget\" data-widget_type=\"text-editor.default\">\n\t\t\t\t<div class=\"elementor-widget-container\">\n\t\t\t<style>\/*! elementor - v3.10.2 - 29-01-2023 *\/\n.elementor-widget-text-editor.elementor-drop-cap-view-stacked .elementor-drop-cap{background-color:#818a91;color:#fff}.elementor-widget-text-editor.elementor-drop-cap-view-framed .elementor-drop-cap{color:#818a91;border:3px solid;background-color:transparent}.elementor-widget-text-editor:not(.elementor-drop-cap-view-default) .elementor-drop-cap{margin-top:8px}.elementor-widget-text-editor:not(.elementor-drop-cap-view-default) .elementor-drop-cap-letter{width:1em;height:1em}.elementor-widget-text-editor .elementor-drop-cap{float:left;text-align:center;line-height:1;font-size:50px}.elementor-widget-text-editor .elementor-drop-cap-letter{display:inline-block}<\/style>\t\t\t\t<p>Nel caso in cui desideri il sesso di auto-aiuto o la sensazione che d\u00e0 una vagina stretta, abbiamo un&#039;offerta per te. Ti offriamo l&#039;opzione della bambola del sesso automatica &quot;Auto Clamp and Suck&quot;. L&#039;applicazione pu\u00f2 essere sul busto o su una bambola dell&#039;amore a grandezza naturale. Visualizza la raccolta sotto il collegamento con il nome &quot;Bambola in movimento&quot;.<\/p>\t\t\t\t\t\t<\/div>\n\t\t\t\t<\/div>\n\t\t\t\t<div class=\"elementor-element elementor-element-6fda1f6 elementor-widget elementor-widget-spacer\" data-id=\"6fda1f6\" data-element_type=\"widget\" data-widget_type=\"spacer.default\">\n\t\t\t\t<div class=\"elementor-widget-container\">\n\t\t\t<style>\/*! elementor - v3.10.2 - 29-01-2023 *\/\n.elementor-column .elementor-spacer-inner{height:var(--spacer-size)}.e-con{--container-widget-width:100%}.e-con-inner>.elementor-widget-spacer,.e-con>.elementor-widget-spacer{width:var(--container-widget-width,var(--spacer-size));--align-self:var(--container-widget-align-self,initial);--flex-shrink:0}.e-con-inner>.elementor-widget-spacer>.elementor-widget-container,.e-con-inner>.elementor-widget-spacer>.elementor-widget-container>.elementor-spacer,.e-con>.elementor-widget-spacer>.elementor-widget-container,.e-con>.elementor-widget-spacer>.elementor-widget-container>.elementor-spacer{height:100%}.e-con-inner>.elementor-widget-spacer>.elementor-widget-container>.elementor-spacer>.elementor-spacer-inner,.e-con>.elementor-widget-spacer>.elementor-widget-container>.elementor-spacer>.elementor-spacer-inner{height:var(--container-widget-height,var(--spacer-size))}<\/style>\t\t<div class=\"elementor-spacer\">\n\t\t\t<div class=\"elementor-spacer-inner\"><\/div>\n\t\t<\/div>\n\t\t\t\t<\/div>\n\t\t\t\t<\/div>\n\t\t\t\t<div class=\"elementor-element elementor-element-9dc4721 elementor-widget elementor-widget-image\" data-id=\"9dc4721\" data-element_type=\"widget\" data-widget_type=\"image.default\">\n\t\t\t\t<div class=\"elementor-widget-container\">\n\t\t\t<style>\/*! elementor - v3.10.2 - 29-01-2023 *\/\n.elementor-widget-image{text-align:center}.elementor-widget-image a{display:inline-block}.elementor-widget-image a img[src$=\".svg\"]{width:48px}.elementor-widget-image img{vertical-align:middle;display:inline-block}<\/style>\t\t\t\t\t\t\t\t\t\t\t\t<img loading=\"lazy\" decoding=\"async\" width=\"768\" height=\"412\" src=\"https:\/\/renodoll.com\/wp-content\/uploads\/2023\/03\/auto-clamp-768x412.png\" class=\"attachment-medium_large size-medium_large wp-image-6549\" alt=\"\" srcset=\"https:\/\/renodoll.com\/wp-content\/uploads\/2023\/03\/auto-clamp-768x412.png 768w, https:\/\/renodoll.com\/wp-content\/uploads\/2023\/03\/auto-clamp-300x161.png 300w, https:\/\/renodoll.com\/wp-content\/uploads\/2023\/03\/auto-clamp-18x10.png 18w, https:\/\/renodoll.com\/wp-content\/uploads\/2023\/03\/auto-clamp-100x54.png 100w, https:\/\/renodoll.com\/wp-content\/uploads\/2023\/03\/auto-clamp-600x322.png 600w, https:\/\/renodoll.com\/wp-content\/uploads\/2023\/03\/auto-clamp-10x5.png 10w, https:\/\/renodoll.com\/wp-content\/uploads\/2023\/03\/auto-clamp.png 779w\" sizes=\"auto, (max-width: 768px) 100vw, 768px\" \/>\t\t\t\t\t\t\t\t\t\t\t\t\t\t\t<\/div>\n\t\t\t\t<\/div>\n\t\t\t\t<div class=\"elementor-element elementor-element-1b9a8ab elementor-widget elementor-widget-spacer\" data-id=\"1b9a8ab\" data-element_type=\"widget\" data-widget_type=\"spacer.default\">\n\t\t\t\t<div class=\"elementor-widget-container\">\n\t\t\t\t\t<div class=\"elementor-spacer\">\n\t\t\t<div class=\"elementor-spacer-inner\"><\/div>\n\t\t<\/div>\n\t\t\t\t<\/div>\n\t\t\t\t<\/div>\n\t\t\t\t<div class=\"elementor-element elementor-element-82f4266 elementor-widget elementor-widget-text-editor\" data-id=\"82f4266\" data-element_type=\"widget\" data-widget_type=\"text-editor.default\">\n\t\t\t\t<div class=\"elementor-widget-container\">\n\t\t\t\t\t\t\tFai bene a dare un&#039;occhiata alla nostra demo di &quot;Auto Clamp and Suck&quot; qui sotto.\t\t\t\t\t\t<\/div>\n\t\t\t\t<\/div>\n\t\t\t\t<div class=\"elementor-element elementor-element-c1828d9 elementor-aspect-ratio-169 elementor-widget elementor-widget-video\" data-id=\"c1828d9\" data-element_type=\"widget\" data-settings=\"{&quot;video_type&quot;:&quot;hosted&quot;,&quot;autoplay&quot;:&quot;yes&quot;,&quot;play_on_mobile&quot;:&quot;yes&quot;,&quot;loop&quot;:&quot;yes&quot;,&quot;controls&quot;:&quot;yes&quot;,&quot;aspect_ratio&quot;:&quot;169&quot;}\" data-widget_type=\"video.default\">\n\t\t\t\t<div class=\"elementor-widget-container\">\n\t\t\t<style>\/*! elementor - v3.10.2 - 29-01-2023 *\/\n.elementor-widget-video .elementor-widget-container{overflow:hidden;transform:translateZ(0)}.elementor-widget-video .elementor-open-inline .elementor-custom-embed-image-overlay{position:absolute;top:0;left:0;width:100%;height:100%;background-size:cover;background-position:50%}.elementor-widget-video .elementor-custom-embed-image-overlay{cursor:pointer;text-align:center}.elementor-widget-video .elementor-custom-embed-image-overlay:hover .elementor-custom-embed-play i{opacity:1}.elementor-widget-video .elementor-custom-embed-image-overlay img{display:block;width:100%}.elementor-widget-video .e-hosted-video .elementor-video{-o-object-fit:cover;object-fit:cover}.e-con-inner>.elementor-widget-video,.e-con>.elementor-widget-video{width:var(--container-widget-width);--flex-grow:var(--container-widget-flex-grow)}<\/style>\t\t<div class=\"e-hosted-video elementor-wrapper elementor-fit-aspect-ratio elementor-open-inline\">\n\t\t\t\t\t<video class=\"elementor-video\" src=\"http:\/\/renodoll.com\/wp-content\/uploads\/2023\/03\/DisgustingShowyrenodoll.mp4\" autoplay=\"\" loop=\"\" controls=\"\" playsinline=\"\"><\/video>\n\t\t\t\t<\/div>\n\t\t\t\t<\/div>\n\t\t\t\t<\/div>\n\t\t\t\t<div class=\"elementor-element elementor-element-213b264 elementor-widget elementor-widget-spacer\" data-id=\"213b264\" data-element_type=\"widget\" data-widget_type=\"spacer.default\">\n\t\t\t\t<div class=\"elementor-widget-container\">\n\t\t\t\t\t<div class=\"elementor-spacer\">\n\t\t\t<div class=\"elementor-spacer-inner\"><\/div>\n\t\t<\/div>\n\t\t\t\t<\/div>\n\t\t\t\t<\/div>\n\t\t\t\t<div class=\"elementor-element elementor-element-aed529d elementor-invisible elementor-widget elementor-widget-heading\" data-id=\"aed529d\" data-element_type=\"widget\" data-settings=\"{&quot;_animation&quot;:&quot;fadeInUp&quot;}\" data-widget_type=\"heading.default\">\n\t\t\t\t<div class=\"elementor-widget-container\">\n\t\t\t<style>\/*! elementor - v3.10.2 - 29-01-2023 *\/\n.elementor-heading-title{padding:0;margin:0;line-height:1}.elementor-widget-heading .elementor-heading-title[class*=elementor-size-]>a{color:inherit;font-size:inherit;line-height:inherit}.elementor-widget-heading .elementor-heading-title.elementor-size-small{font-size:15px}.elementor-widget-heading .elementor-heading-title.elementor-size-medium{font-size:19px}.elementor-widget-heading .elementor-heading-title.elementor-size-large{font-size:29px}.elementor-widget-heading .elementor-heading-title.elementor-size-xl{font-size:39px}.elementor-widget-heading .elementor-heading-title.elementor-size-xxl{font-size:59px}<\/style><h2 class=\"elementor-heading-title elementor-size-default\">Versione gratuita. <\/h2>\t\t<\/div>\n\t\t\t\t<\/div>\n\t\t\t\t<div class=\"elementor-element elementor-element-5d70106 elementor-widget elementor-widget-html\" data-id=\"5d70106\" data-element_type=\"widget\" data-widget_type=\"html.default\">\n\t\t\t\t<div class=\"elementor-widget-container\">\n\t\t\t<ol class=\"number_list_type\"><li>Ha bisogno di energia prima di lavorare. (Plug and play senza batteria interna per i casi in cui l&#039;alimentazione si interrompe.)<\/li>\n<li>Adattatore di alimentazione. (Tensione di ingresso alimentazione 100 V\u2014240 V, tensione\/corrente di uscita 24 V\/3 A)\n<\/li>\n<li>Norma di certificazione: Alimentazione CE<\/li>\n<\/ol>\t\t<\/div>\n\t\t\t\t<\/div>\n\t\t\t\t<div class=\"elementor-element elementor-element-0adb444 elementor-widget elementor-widget-spacer\" data-id=\"0adb444\" data-element_type=\"widget\" data-widget_type=\"spacer.default\">\n\t\t\t\t<div class=\"elementor-widget-container\">\n\t\t\t\t\t<div class=\"elementor-spacer\">\n\t\t\t<div class=\"elementor-spacer-inner\"><\/div>\n\t\t<\/div>\n\t\t\t\t<\/div>\n\t\t\t\t<\/div>\n\t\t\t\t<div class=\"elementor-element elementor-element-2a1f405 elementor-invisible elementor-widget elementor-widget-heading\" data-id=\"2a1f405\" data-element_type=\"widget\" data-settings=\"{&quot;_animation&quot;:&quot;fadeInUp&quot;}\" data-widget_type=\"heading.default\">\n\t\t\t\t<div class=\"elementor-widget-container\">\n\t\t\t<h2 class=\"elementor-heading-title elementor-size-default\">Versione ricaricabile. <\/h2>\t\t<\/div>\n\t\t\t\t<\/div>\n\t\t\t\t<div class=\"elementor-element elementor-element-303eef2 elementor-widget elementor-widget-html\" data-id=\"303eef2\" data-element_type=\"widget\" data-widget_type=\"html.default\">\n\t\t\t\t<div class=\"elementor-widget-container\">\n\t\t\t<ol class=\"number_list_type\"><li>Da non utilizzare durante la ricarica. Ottimizzato al meglio dopo una carica completa.<\/li>\n<li>Tensione della batteria: tensione di lavoro 22,2 V, tensione a vuoto 24 V.\n<\/li>\n<li>Carica e scarica: 280-300 settimane. Queste bambole del sesso sexy rimangono tra le 280 e le 300 settimane prima di essere scaricate. <\/li>\n<li>Tempo di ricarica: ricarica rapida con 1 ora e 30 minuti.<\/li>\n<li>Utilizzo del tempo: una volta caricata a piena capacit\u00e0, l&#039;anca di una bambola nella vita reale pu\u00f2 percorrere una maratona di 5 ore. La parte divertente \u00e8 che la velocit\u00e0 \u00e8 totalmente modificabile.<\/li>\n<\/ol>\t\t<\/div>\n\t\t\t\t<\/div>\n\t\t\t\t\t<\/div>\n\t\t<\/div>\n\t\t\t\t\t\t\t<\/div>\n\t\t<\/section>\n\t\t\t\t\t\t\t<\/div>","protected":false},"excerpt":{"rendered":"<p>Nel caso in cui desideri il sesso di auto-aiuto o la sensazione che d\u00e0 una vagina stretta, abbiamo un&#039;offerta per te. Ti offriamo l&#039;opzione della bambola del sesso automatica &quot;Auto Clamp and Suck&quot;. L&#039;applicazione pu\u00f2 essere sul busto o su una bambola dell&#039;amore a grandezza naturale. Visualizza la raccolta sotto il collegamento con il nome &quot;Bambola in movimento&quot;. Fai bene a dare un&#039;occhiata alla nostra demo di &quot;Auto Clamp and Suck&quot; qui sotto.http:\/\/renodoll.com\/wp-content\/uploads\/2023\/03\/DisgustingShowyrenodoll.mp4 Versione non addebitabile. Ha bisogno di energia prima di lavorare. (Plug and play senza batteria incorporata internamente per i casi in cui l&#039;alimentazione si interrompe.) Adattatore di alimentazione. (Tensione di ingresso alimentazione 100 V\u2014240 V, tensione\/corrente di uscita<\/p>","protected":false},"author":1,"featured_media":0,"parent":0,"menu_order":0,"comment_status":"closed","ping_status":"closed","template":"","meta":{"footnotes":""},"class_list":["post-5319","page","type-page","status-publish","hentry"],"aioseo_notices":[],"_links":{"self":[{"href":"https:\/\/renodoll.com\/it\/wp-json\/wp\/v2\/pages\/5319","targetHints":{"allow":["GET"]}}],"collection":[{"href":"https:\/\/renodoll.com\/it\/wp-json\/wp\/v2\/pages"}],"about":[{"href":"https:\/\/renodoll.com\/it\/wp-json\/wp\/v2\/types\/page"}],"author":[{"embeddable":true,"href":"https:\/\/renodoll.com\/it\/wp-json\/wp\/v2\/users\/1"}],"replies":[{"embeddable":true,"href":"https:\/\/renodoll.com\/it\/wp-json\/wp\/v2\/comments?post=5319"}],"version-history":[{"count":42,"href":"https:\/\/renodoll.com\/it\/wp-json\/wp\/v2\/pages\/5319\/revisions"}],"predecessor-version":[{"id":14810,"href":"https:\/\/renodoll.com\/it\/wp-json\/wp\/v2\/pages\/5319\/revisions\/14810"}],"wp:attachment":[{"href":"https:\/\/renodoll.com\/it\/wp-json\/wp\/v2\/media?parent=5319"}],"curies":[{"name":"wp","href":"https:\/\/api.w.org\/{rel}","templated":true}]}}