{"id":5463,"date":"2023-02-22T19:09:25","date_gmt":"2023-02-22T11:09:25","guid":{"rendered":"https:\/\/renodoll.com\/?page_id=5463"},"modified":"2023-04-24T20:08:12","modified_gmt":"2023-04-24T12:08:12","slug":"sex-doll-storage","status":"publish","type":"page","link":"https:\/\/renodoll.com\/hu\/sex-doll-storage\/","title":{"rendered":"Szexbaba t\u00e1rol\u00e1sa"},"content":{"rendered":"<div data-elementor-type=\"wp-page\" data-elementor-id=\"5463\" class=\"elementor elementor-5463\" data-elementor-post-type=\"page\">\n\t\t\t\t\t\t<section class=\"elementor-section elementor-top-section elementor-element elementor-element-bbb23ef elementor-section-boxed elementor-section-height-default elementor-section-height-default\" data-id=\"bbb23ef\" data-element_type=\"section\" data-e-type=\"section\">\n\t\t\t\t\t\t<div class=\"elementor-container elementor-column-gap-default\">\n\t\t\t\t\t<div class=\"elementor-column elementor-col-100 elementor-top-column elementor-element elementor-element-f3c1b7c page-content-text\" data-id=\"f3c1b7c\" data-element_type=\"column\" data-e-type=\"column\">\n\t\t\t<div class=\"elementor-widget-wrap elementor-element-populated\">\n\t\t\t\t\t\t<div class=\"elementor-element elementor-element-58b854c elementor-invisible elementor-widget elementor-widget-heading\" data-id=\"58b854c\" data-element_type=\"widget\" data-e-type=\"widget\" data-settings=\"{&quot;_animation&quot;:&quot;fadeInUp&quot;}\" data-widget_type=\"heading.default\">\n\t\t\t\t<div class=\"elementor-widget-container\">\n\t\t\t\t\t<h2 class=\"elementor-heading-title elementor-size-default\">A szexbaba t\u00e1rol\u00e1s\u00e1nak bemutat\u00e1sa <\/h2>\t\t\t\t<\/div>\n\t\t\t\t<\/div>\n\t\t\t\t<div class=\"elementor-element elementor-element-2f50bad elementor-widget elementor-widget-text-editor\" data-id=\"2f50bad\" data-element_type=\"widget\" data-e-type=\"widget\" data-widget_type=\"text-editor.default\">\n\t\t\t\t<div class=\"elementor-widget-container\">\n\t\t\t\t\t\t\t\t\tA szexbab\u00e1k t\u00e1rol\u00e1sa sor\u00e1n speci\u00e1lis l\u00e9p\u00e9seket kell k\u00f6vetni annak \u00e9rdek\u00e9ben, hogy a szexbab\u00e1k \u00e9lettartama megmaradjon, \u00e9s a szexbab\u00e1k hossz\u00fa ideig haszn\u00e1lhat\u00f3k legyenek.\n\t\t\t\t\t\t\t\t<\/div>\n\t\t\t\t<\/div>\n\t\t\t\t<div class=\"elementor-element elementor-element-7b009cf elementor-widget elementor-widget-text-editor\" data-id=\"7b009cf\" data-element_type=\"widget\" data-e-type=\"widget\" data-widget_type=\"text-editor.default\">\n\t\t\t\t<div class=\"elementor-widget-container\">\n\t\t\t\t\t\t\t\t\tA szexbaba t\u00e1rol\u00e1s\u00e1ra alkalmas hely meghat\u00e1rozhatja, hogy a szexbaba szilikon b\u0151re \u00e9s bels\u0151 r\u00e9szei milyen kor\u00e1n \u00f6regszenek, \u00e9s egyform\u00e1n meghosszabb\u00edtj\u00e1k a szexbaba \u00e9lettartam\u00e1t.\t\t\t\t\t\t\t\t<\/div>\n\t\t\t\t<\/div>\n\t\t\t\t<div class=\"elementor-element elementor-element-c9145ea elementor-widget elementor-widget-heading\" data-id=\"c9145ea\" data-element_type=\"widget\" data-e-type=\"widget\" data-widget_type=\"heading.default\">\n\t\t\t\t<div class=\"elementor-widget-container\">\n\t\t\t\t\t<h2 class=\"elementor-heading-title elementor-size-default\">Sz\u00fcks\u00e9gszer\u0171s\u00e9gk\u00e9nt:\n<\/h2>\t\t\t\t<\/div>\n\t\t\t\t<\/div>\n\t\t\t\t<div class=\"elementor-element elementor-element-874bd24 elementor-widget elementor-widget-html\" data-id=\"874bd24\" data-element_type=\"widget\" data-e-type=\"widget\" data-widget_type=\"html.default\">\n\t\t\t\t<div class=\"elementor-widget-container\">\n\t\t\t\t\t<ol class=\"number_list_type\">\n    <li>Babaport vagy hint\u0151port rendszeresen fel kell kenni a szexbaba b\u0151r\u00e9re, hogy meg\u00f3vja az olajt\u00f3l \u00e9s a port\u00f3l.<\/li>\n    <li>\n        A szexbaba haszn\u00e1lata ut\u00e1n a szexbab\u00e1t az eredeti gy\u00e1rt\u00e1si hely\u00e9n kell t\u00e1rolni, mivel ez a legjobb t\u00e1rol\u00e1si poz\u00edci\u00f3.\n    <\/li>\n        <li>\n        Kiv\u00e1laszthatja a legmegfelel\u0151bb szexbaba t\u00e1rol\u00f3 tokot, t\u00e1rol\u00f3dobozt vagy t\u00e1rol\u00f3t\u00e1sk\u00e1t.\n    <\/li>\n<\/ol>\t\t\t\t<\/div>\n\t\t\t\t<\/div>\n\t\t\t\t<div class=\"elementor-element elementor-element-db9171e elementor-widget elementor-widget-heading\" data-id=\"db9171e\" data-element_type=\"widget\" data-e-type=\"widget\" data-widget_type=\"heading.default\">\n\t\t\t\t<div class=\"elementor-widget-container\">\n\t\t\t\t\t<h2 class=\"elementor-heading-title elementor-size-default\">Hossz\u00fa t\u00e1v\u00fa t\u00e1rol\u00e1si tippek a szexbab\u00e1hoz<\/h2>\t\t\t\t<\/div>\n\t\t\t\t<\/div>\n\t\t\t\t<div class=\"elementor-element elementor-element-dd80794 elementor-widget elementor-widget-heading\" data-id=\"dd80794\" data-element_type=\"widget\" data-e-type=\"widget\" data-widget_type=\"heading.default\">\n\t\t\t\t<div class=\"elementor-widget-container\">\n\t\t\t\t\t<h4 class=\"elementor-heading-title elementor-size-default\">1. Ne tegye ki a szexbab\u00e1t hossz\u00fa ideig a napnak<\/h4>\t\t\t\t<\/div>\n\t\t\t\t<\/div>\n\t\t\t\t<div class=\"elementor-element elementor-element-9f505e9 elementor-widget elementor-widget-text-editor\" data-id=\"9f505e9\" data-element_type=\"widget\" data-e-type=\"widget\" data-widget_type=\"text-editor.default\">\n\t\t\t\t<div class=\"elementor-widget-container\">\n\t\t\t\t\t\t\t\t\tNe tegye ki a szexbab\u00e1t k\u00f6zvetlen napf\u00e9nynek hosszabb ideig; a szilikon szexbaba sz\u00edne kiss\u00e9 elhalv\u00e1nyulhat.\t\t\t\t\t\t\t\t<\/div>\n\t\t\t\t<\/div>\n\t\t\t\t<div class=\"elementor-element elementor-element-e7cb264 elementor-widget elementor-widget-heading\" data-id=\"e7cb264\" data-element_type=\"widget\" data-e-type=\"widget\" data-widget_type=\"heading.default\">\n\t\t\t\t<div class=\"elementor-widget-container\">\n\t\t\t\t\t<h4 class=\"elementor-heading-title elementor-size-default\">2. Ker\u00fclje el, hogy por tapadjon a szexbaba fel\u00fclet\u00e9re<\/h4>\t\t\t\t<\/div>\n\t\t\t\t<\/div>\n\t\t\t\t<div class=\"elementor-element elementor-element-4c9dc49 elementor-widget elementor-widget-text-editor\" data-id=\"4c9dc49\" data-element_type=\"widget\" data-e-type=\"widget\" data-widget_type=\"text-editor.default\">\n\t\t\t\t<div class=\"elementor-widget-container\">\n\t\t\t\t\t\t\t\t\tKer\u00fclje el minden\u00e1ron a port, mert a szexbaba szilikon fel\u00fclete tapad\u00f3s \u00e9s statikus elektromoss\u00e1ggal rendelkezik, ami megk\u00f6nny\u00edti a por megtapad\u00e1s\u00e1t.\t\t\t\t\t\t\t\t<\/div>\n\t\t\t\t<\/div>\n\t\t\t\t<div class=\"elementor-element elementor-element-505e489 elementor-widget elementor-widget-heading\" data-id=\"505e489\" data-element_type=\"widget\" data-e-type=\"widget\" data-widget_type=\"heading.default\">\n\t\t\t\t<div class=\"elementor-widget-container\">\n\t\t\t\t\t<h4 class=\"elementor-heading-title elementor-size-default\">3. \u00d3vja a szexbab\u00e1t a nedvess\u00e9gt\u0151l.<\/h4>\t\t\t\t<\/div>\n\t\t\t\t<\/div>\n\t\t\t\t<div class=\"elementor-element elementor-element-91259c1 elementor-widget elementor-widget-text-editor\" data-id=\"91259c1\" data-element_type=\"widget\" data-e-type=\"widget\" data-widget_type=\"text-editor.default\">\n\t\t\t\t<div class=\"elementor-widget-container\">\n\t\t\t\t\t\t\t\t\tKer\u00fclje a nedves \u00e9s nyirkos k\u00f6rnyezetet, mert a szexbaba belseje szivacsos, \u00e9s nedves \u00e9s nedves k\u00f6rnyezetben is mag\u00e1ba sz\u00edvja a vizet.\t\t\t\t\t\t\t\t<\/div>\n\t\t\t\t<\/div>\n\t\t\t\t<div class=\"elementor-element elementor-element-6f7a4a4 elementor-widget elementor-widget-text-editor\" data-id=\"6f7a4a4\" data-element_type=\"widget\" data-e-type=\"widget\" data-widget_type=\"text-editor.default\">\n\t\t\t\t<div class=\"elementor-widget-container\">\n\t\t\t\t\t\t\t\t\tBiztons\u00e1gos megf\u00fcrdetni vagy v\u00edzzel megtiszt\u00edtani a szerelmes bab\u00e1t, de ker\u00fclje a szerelmi baba v\u00edzbe \u00e1ztat\u00e1s\u00e1t vagy a szerelmi baba hossz\u00fa ideig tart\u00f3 v\u00edzbe helyez\u00e9s\u00e9t.\n\t\t\t\t\t\t\t\t<\/div>\n\t\t\t\t<\/div>\n\t\t\t\t<div class=\"elementor-element elementor-element-75d035e elementor-widget elementor-widget-text-editor\" data-id=\"75d035e\" data-element_type=\"widget\" data-e-type=\"widget\" data-widget_type=\"text-editor.default\">\n\t\t\t\t<div class=\"elementor-widget-container\">\n\t\t\t\t\t\t\t\t\tHa vizet \u00f6nt a nyak azon r\u00e9sz\u00e9re, ahol f\u00e9m tal\u00e1lhat\u00f3, az maradand\u00f3 k\u00e1rosod\u00e1st okoz a szexbab\u00e1ban, ezt ne tegye.\n\t\t\t\t\t\t\t\t<\/div>\n\t\t\t\t<\/div>\n\t\t\t\t<div class=\"elementor-element elementor-element-0f85efc elementor-widget elementor-widget-text-editor\" data-id=\"0f85efc\" data-element_type=\"widget\" data-e-type=\"widget\" data-widget_type=\"text-editor.default\">\n\t\t\t\t<div class=\"elementor-widget-container\">\n\t\t\t\t\t\t\t\t\tA szexbaba belseje szivacsos; ha v\u00edz van benne, neh\u00e9z lenne kisz\u00e1r\u00edtani a szexbab\u00e1t.\n\t\t\t\t\t\t\t\t<\/div>\n\t\t\t\t<\/div>\n\t\t\t\t<div class=\"elementor-element elementor-element-b60c58d elementor-widget elementor-widget-heading\" data-id=\"b60c58d\" data-element_type=\"widget\" data-e-type=\"widget\" data-widget_type=\"heading.default\">\n\t\t\t\t<div class=\"elementor-widget-container\">\n\t\t\t\t\t<h4 class=\"elementor-heading-title elementor-size-default\">4. Ker\u00fclje el a baba fel\u00fclet\u00e9nek elsz\u00ednez\u0151d\u00e9s\u00e9t\n<\/h4>\t\t\t\t<\/div>\n\t\t\t\t<\/div>\n\t\t\t\t<div class=\"elementor-element elementor-element-b094b3e elementor-widget elementor-widget-text-editor\" data-id=\"b094b3e\" data-element_type=\"widget\" data-e-type=\"widget\" data-widget_type=\"text-editor.default\">\n\t\t\t\t<div class=\"elementor-widget-container\">\n\t\t\t\t\t\t\t\t\tNe helyezze a szexbab\u00e1t t\u00fal hossz\u00fa ideig m\u0171b\u0151rre vagy sz\u00e1r\u00edtott b\u0151r sz\u00e9kre, nehogy a benn\u00fck l\u00e9v\u0151 olajban old\u00f3d\u00f3 pigmentsz\u00ednek a bab\u00e1ra ker\u00fcljenek \u00e9s maradand\u00f3 foltot okozzanak.\n\t\t\t\t\t\t\t\t<\/div>\n\t\t\t\t<\/div>\n\t\t\t\t<div class=\"elementor-element elementor-element-c38fba8 elementor-widget elementor-widget-text-editor\" data-id=\"c38fba8\" data-element_type=\"widget\" data-e-type=\"widget\" data-widget_type=\"text-editor.default\">\n\t\t\t\t<div class=\"elementor-widget-container\">\n\t\t\t\t\t\t\t\t\tHa a szilikon szexbab\u00e1j\u00e1t legal\u00e1bb k\u00e9t \u00f3r\u00e1ra ilyen anyagra helyezi, s\u00falyos v\u00e1ltoz\u00e1st \u00e9szlel a szilikon sz\u00edn\u00e9ben, \u00e9s ezt neh\u00e9z lehet megszabadulni.\t\t\t\t\t\t\t\t<\/div>\n\t\t\t\t<\/div>\n\t\t\t\t<div class=\"elementor-element elementor-element-f20f4f3 elementor-widget elementor-widget-heading\" data-id=\"f20f4f3\" data-element_type=\"widget\" data-e-type=\"widget\" data-widget_type=\"heading.default\">\n\t\t\t\t<div class=\"elementor-widget-container\">\n\t\t\t\t\t<h4 class=\"elementor-heading-title elementor-size-default\">5. \u00dcgyeljen a t\u00e1rol\u00f3hely h\u0151m\u00e9rs\u00e9klet\u00e9re\n<\/h4>\t\t\t\t<\/div>\n\t\t\t\t<\/div>\n\t\t\t\t<div class=\"elementor-element elementor-element-ea4b523 elementor-widget elementor-widget-text-editor\" data-id=\"ea4b523\" data-element_type=\"widget\" data-e-type=\"widget\" data-widget_type=\"text-editor.default\">\n\t\t\t\t<div class=\"elementor-widget-container\">\n\t\t\t\t\t\t\t\t\tKer\u00fclje a t\u00fal magas vagy a szobah\u0151m\u00e9rs\u00e9klet alatti h\u0151m\u00e9rs\u00e9kletet; csak szobah\u0151m\u00e9rs\u00e9klet a legjobb.\t\t\t\t\t\t\t\t<\/div>\n\t\t\t\t<\/div>\n\t\t\t\t<div class=\"elementor-element elementor-element-8bed4d2 elementor-widget elementor-widget-text-editor\" data-id=\"8bed4d2\" data-element_type=\"widget\" data-e-type=\"widget\" data-widget_type=\"text-editor.default\">\n\t\t\t\t<div class=\"elementor-widget-container\">\n\t\t\t\t\t\t\t\t\tNem tan\u00e1csos a szilikon szexbab\u00e1t hosszabb ideig t\u00fal magas vagy t\u00fal alacsony h\u0151m\u00e9rs\u00e9kleten tartani; a norm\u00e1l t\u00e1rol\u00e1si h\u0151m\u00e9rs\u00e9kletnek k\u00f6r\u00fclbel\u00fcl 5-35 \u00b0C-nak vagy 40-95 \u00b0F-nak kell lennie\n\t\t\t\t\t\t\t\t<\/div>\n\t\t\t\t<\/div>\n\t\t\t\t<div class=\"elementor-element elementor-element-f57a6a9 elementor-widget elementor-widget-text-editor\" data-id=\"f57a6a9\" data-element_type=\"widget\" data-e-type=\"widget\" data-widget_type=\"text-editor.default\">\n\t\t\t\t<div class=\"elementor-widget-container\">\n\t\t\t\t\t\t\t\t\tT\u00e9len a szexbab\u00e1t elektromos takar\u00f3val meleg\u00edtheti; azonban vegye figyelembe, hogy a takar\u00f3 h\u0151m\u00e9rs\u00e9klete nem emelkedik t\u00fal magasra.\t\t\t\t\t\t\t\t<\/div>\n\t\t\t\t<\/div>\n\t\t\t\t<div class=\"elementor-element elementor-element-9657b65 elementor-widget elementor-widget-heading\" data-id=\"9657b65\" data-element_type=\"widget\" data-e-type=\"widget\" data-widget_type=\"heading.default\">\n\t\t\t\t<div class=\"elementor-widget-container\">\n\t\t\t\t\t<h4 class=\"elementor-heading-title elementor-size-default\">6. Ker\u00fclje a szexbaba \u00f6sszenyom\u00e1s\u00e1t <\/h4>\t\t\t\t<\/div>\n\t\t\t\t<\/div>\n\t\t\t\t<div class=\"elementor-element elementor-element-952079d elementor-widget elementor-widget-text-editor\" data-id=\"952079d\" data-element_type=\"widget\" data-e-type=\"widget\" data-widget_type=\"text-editor.default\">\n\t\t\t\t<div class=\"elementor-widget-container\">\n\t\t\t\t\t\t\t\t\tAm\u00edg a szexbab\u00e1t t\u00e1rolja, ne nyomja \u00f6ssze vagy nyomja \u00f6ssze hossz\u00fa ideig a szexbab\u00e1t; a t\u00f6m\u00f6r\u00edt\u00e9s a szexbab\u00e1ban l\u00e9v\u0151 szilikon \u00e9s szivacs maradand\u00f3 k\u00e1rosod\u00e1s\u00e1hoz vezethet.\n\t\t\t\t\t\t\t\t<\/div>\n\t\t\t\t<\/div>\n\t\t\t\t<div class=\"elementor-element elementor-element-a02a319 elementor-widget elementor-widget-text-editor\" data-id=\"a02a319\" data-element_type=\"widget\" data-e-type=\"widget\" data-widget_type=\"text-editor.default\">\n\t\t\t\t<div class=\"elementor-widget-container\">\n\t\t\t\t\t\t\t\t\tNe helyezzen nagyon neh\u00e9z t\u00e1rgyakat a szexbab\u00e1ra, \u00e9s ne fesz\u00edtse meg vagy szor\u00edtsa a szexbab\u00e1t hosszabb ideig.\n\t\t\t\t\t\t\t\t<\/div>\n\t\t\t\t<\/div>\n\t\t\t\t<div class=\"elementor-element elementor-element-94e52f8 elementor-widget elementor-widget-heading\" data-id=\"94e52f8\" data-element_type=\"widget\" data-e-type=\"widget\" data-widget_type=\"heading.default\">\n\t\t\t\t<div class=\"elementor-widget-container\">\n\t\t\t\t\t<h4 class=\"elementor-heading-title elementor-size-default\">7 Tartsa a szexbaba testtart\u00e1s\u00e1t mentesen a k\u00fcls\u0151 nyom\u00e1st\u00f3l.\n<\/h4>\t\t\t\t<\/div>\n\t\t\t\t<\/div>\n\t\t\t\t<div class=\"elementor-element elementor-element-9f468f4 elementor-widget elementor-widget-text-editor\" data-id=\"9f468f4\" data-element_type=\"widget\" data-e-type=\"widget\" data-widget_type=\"text-editor.default\">\n\t\t\t\t<div class=\"elementor-widget-container\">\n\t\t\t\t\t\t\t\t\tT\u00e1rol\u00e1skor a szexbab\u00e1t olyan testhelyzetbe kell helyezni, amely mentes a k\u00fcls\u0151 nyom\u00e1st\u00f3l, olyan helyzetbe, ahol nincs \u00f6sszecsukva, mert \u00f6sszecsukva vagy \u00f6sszenyomva reped\u00e9seket \u00e9s a szilikon s\u00e9r\u00fcl\u00e9s\u00e9t okozhatja.\n\t\t\t\t\t\t\t\t<\/div>\n\t\t\t\t<\/div>\n\t\t\t\t<div class=\"elementor-element elementor-element-f501526 elementor-widget elementor-widget-heading\" data-id=\"f501526\" data-element_type=\"widget\" data-e-type=\"widget\" data-widget_type=\"heading.default\">\n\t\t\t\t<div class=\"elementor-widget-container\">\n\t\t\t\t\t<h4 class=\"elementor-heading-title elementor-size-default\">8. Ez egy szexbaba, nem gyerekj\u00e1t\u00e9k<\/h4>\t\t\t\t<\/div>\n\t\t\t\t<\/div>\n\t\t\t\t<div class=\"elementor-element elementor-element-26f4ec6 elementor-widget elementor-widget-text-editor\" data-id=\"26f4ec6\" data-element_type=\"widget\" data-e-type=\"widget\" data-widget_type=\"text-editor.default\">\n\t\t\t\t<div class=\"elementor-widget-container\">\n\t\t\t\t\t\t\t\t\tA szexbab\u00e1t tartsa t\u00e1vol a gyerekekt\u0151l, \u00e9s ne t\u00e1rolja olyan helyen, ahol a gyerekek k\u00f6nnyen \u00e9rintkezhetnek vele.\n\t\t\t\t\t\t\t\t<\/div>\n\t\t\t\t<\/div>\n\t\t\t\t<div class=\"elementor-element elementor-element-7a7f856 elementor-widget elementor-widget-text-editor\" data-id=\"7a7f856\" data-element_type=\"widget\" data-e-type=\"widget\" data-widget_type=\"text-editor.default\">\n\t\t\t\t<div class=\"elementor-widget-container\">\n\t\t\t\t\t\t\t\t\tA baba hossz\u00fa ideig t\u00f6rt\u00e9n\u0151 megjelen\u00edt\u00e9s\u00e9hez \u00e9s t\u00e1rol\u00e1s\u00e1hoz.\n\t\t\t\t\t\t\t\t<\/div>\n\t\t\t\t<\/div>\n\t\t\t\t<div class=\"elementor-element elementor-element-003fa28 elementor-widget elementor-widget-text-editor\" data-id=\"003fa28\" data-element_type=\"widget\" data-e-type=\"widget\" data-widget_type=\"text-editor.default\">\n\t\t\t\t<div class=\"elementor-widget-container\">\n\t\t\t\t\t\t\t\t\tSzexbaba-\u00e1llv\u00e1nyt k\u00edn\u00e1lunk szexbaba-ki\u00e1ll\u00edt\u00e1shoz. A szexbaba \u00e1llv\u00e1ny \u00e1ll\u00f3 helyzetben tartja a szexbab\u00e1t.\n\t\t\t\t\t\t\t\t<\/div>\n\t\t\t\t<\/div>\n\t\t\t\t<div class=\"elementor-element elementor-element-91e5c9a elementor-widget elementor-widget-text-editor\" data-id=\"91e5c9a\" data-element_type=\"widget\" data-e-type=\"widget\" data-widget_type=\"text-editor.default\">\n\t\t\t\t<div class=\"elementor-widget-container\">\n\t\t\t\t\t\t\t\t\tUgyan\u00edgy van szexbaba horogunk is, ahov\u00e1 a szexbab\u00e1t hossz\u00fa ideig felakaszthatjuk a biztons\u00e1gos t\u00e1rol\u00e1s \u00e9rdek\u00e9ben.\n\t\t\t\t\t\t\t\t<\/div>\n\t\t\t\t<\/div>\n\t\t\t\t<div class=\"elementor-element elementor-element-0f84cab elementor-widget elementor-widget-text-editor\" data-id=\"0f84cab\" data-element_type=\"widget\" data-e-type=\"widget\" data-widget_type=\"text-editor.default\">\n\t\t\t\t<div class=\"elementor-widget-container\">\n\t\t\t\t\t\t\t\t\tK\u00e9rj\u00fck, n\u00e9zze meg ezt a vide\u00f3t.\n\t\t\t\t\t\t\t\t<\/div>\n\t\t\t\t<\/div>\n\t\t\t\t<div class=\"elementor-element elementor-element-0a8f03e elementor-widget elementor-widget-image\" data-id=\"0a8f03e\" data-element_type=\"widget\" data-e-type=\"widget\" data-widget_type=\"image.default\">\n\t\t\t\t<div class=\"elementor-widget-container\">\n\t\t\t\t\t\t\t\t\t\t\t\t\t\t\t<img loading=\"lazy\" decoding=\"async\" width=\"758\" height=\"511\" src=\"https:\/\/renodoll.com\/wp-content\/uploads\/xstore\/xstore-placeholder.png\" class=\"attachment-full size-full wp-image-14208 lazyload lazyload-simple et-lazyload-fadeIn\" alt=\"\" sizes=\"auto, (max-width: 758px) 100vw, 758px\" data-src=\"https:\/\/renodoll.com\/wp-content\/uploads\/2023\/03\/kb-storage-case.jpg\" data-srcset=\"https:\/\/renodoll.com\/wp-content\/uploads\/2023\/03\/kb-storage-case.jpg 758w, https:\/\/renodoll.com\/wp-content\/uploads\/2023\/03\/kb-storage-case-300x202.jpg 300w, https:\/\/renodoll.com\/wp-content\/uploads\/2023\/03\/kb-storage-case-18x12.jpg 18w, https:\/\/renodoll.com\/wp-content\/uploads\/2023\/03\/kb-storage-case-100x67.jpg 100w, https:\/\/renodoll.com\/wp-content\/uploads\/2023\/03\/kb-storage-case-600x404.jpg 600w, https:\/\/renodoll.com\/wp-content\/uploads\/2023\/03\/kb-storage-case-10x7.jpg 10w\" \/>\t\t\t\t\t\t\t\t\t\t\t\t\t\t\t<\/div>\n\t\t\t\t<\/div>\n\t\t\t\t\t<\/div>\n\t\t<\/div>\n\t\t\t\t\t<\/div>\n\t\t<\/section>\n\t\t\t\t<\/div>","protected":false},"excerpt":{"rendered":"<p>Sex Doll Storage Introduction There are specific steps to be followed in storing the sex doll to ensure that their longevity is preserved and the sex dolls can be used for a long time. A good area for the storage of the sex doll can determine how early the silicone skin of the sex doll and the internal parts will age and equally elongate the sex doll\u2019s lifespan. As a necessity : Baby powder or talcum powder must be applied to the sex doll\u2019s skin regularly to protect it from oil and dust. After the sex doll\u2019s usage, the sex<\/p>","protected":false},"author":1,"featured_media":0,"parent":0,"menu_order":0,"comment_status":"closed","ping_status":"closed","template":"","meta":{"footnotes":""},"class_list":["post-5463","page","type-page","status-publish","hentry"],"aioseo_notices":[],"_links":{"self":[{"href":"https:\/\/renodoll.com\/hu\/wp-json\/wp\/v2\/pages\/5463","targetHints":{"allow":["GET"]}}],"collection":[{"href":"https:\/\/renodoll.com\/hu\/wp-json\/wp\/v2\/pages"}],"about":[{"href":"https:\/\/renodoll.com\/hu\/wp-json\/wp\/v2\/types\/page"}],"author":[{"embeddable":true,"href":"https:\/\/renodoll.com\/hu\/wp-json\/wp\/v2\/users\/1"}],"replies":[{"embeddable":true,"href":"https:\/\/renodoll.com\/hu\/wp-json\/wp\/v2\/comments?post=5463"}],"version-history":[{"count":43,"href":"https:\/\/renodoll.com\/hu\/wp-json\/wp\/v2\/pages\/5463\/revisions"}],"predecessor-version":[{"id":16008,"href":"https:\/\/renodoll.com\/hu\/wp-json\/wp\/v2\/pages\/5463\/revisions\/16008"}],"wp:attachment":[{"href":"https:\/\/renodoll.com\/hu\/wp-json\/wp\/v2\/media?parent=5463"}],"curies":[{"name":"wp","href":"https:\/\/api.w.org\/{rel}","templated":true}]}}