{"id":5458,"date":"2023-02-22T19:06:10","date_gmt":"2023-02-22T11:06:10","guid":{"rendered":"https:\/\/renodoll.com\/?page_id=5458"},"modified":"2023-03-29T17:03:19","modified_gmt":"2023-03-29T09:03:19","slug":"freckles","status":"publish","type":"page","link":"https:\/\/renodoll.com\/hu\/freckles\/","title":{"rendered":"Szepl\u0151fest\u00e9s"},"content":{"rendered":"<div data-elementor-type=\"wp-page\" data-elementor-id=\"5458\" class=\"elementor elementor-5458\" data-elementor-post-type=\"page\">\n\t\t\t\t\t\t<section class=\"elementor-section elementor-top-section elementor-element elementor-element-829a5bf elementor-section-boxed elementor-section-height-default elementor-section-height-default\" data-id=\"829a5bf\" data-element_type=\"section\" data-e-type=\"section\">\n\t\t\t\t\t\t<div class=\"elementor-container elementor-column-gap-default\">\n\t\t\t\t\t<div class=\"elementor-column elementor-col-50 elementor-top-column elementor-element elementor-element-f3c1b7c page-content-text\" data-id=\"f3c1b7c\" data-element_type=\"column\" data-e-type=\"column\">\n\t\t\t<div class=\"elementor-widget-wrap elementor-element-populated\">\n\t\t\t\t\t\t<div class=\"elementor-element elementor-element-445fe14 elementor-invisible elementor-widget elementor-widget-heading\" data-id=\"445fe14\" data-element_type=\"widget\" data-e-type=\"widget\" data-settings=\"{&quot;_animation&quot;:&quot;fadeInUp&quot;}\" data-widget_type=\"heading.default\">\n\t\t\t\t<div class=\"elementor-widget-container\">\n\t\t\t\t\t<h2 class=\"elementor-heading-title elementor-size-default\">Szepl\u0151k \/ Pigment\u00e1ci\u00f3<\/h2>\t\t\t\t<\/div>\n\t\t\t\t<\/div>\n\t\t\t\t<div class=\"elementor-element elementor-element-2f50bad elementor-widget elementor-widget-text-editor\" data-id=\"2f50bad\" data-element_type=\"widget\" data-e-type=\"widget\" data-widget_type=\"text-editor.default\">\n\t\t\t\t<div class=\"elementor-widget-container\">\n\t\t\t\t\t\t\t\t\t<p>Cs\u00f3kold meg azt az igazi szepl\u0151t, ami sz\u00e9tter\u00fclt a l\u00e1nyod aranyos arc\u00e1n. A napf\u00e9ny \u00e1ltal term\u00e9szetes m\u00f3don legink\u00e1bb \u00e9rintett ter\u00fcleteken pigmentfoltok vannak; az orr, az arc \u00e9s a homlok.<\/p>\t\t\t\t\t\t\t\t<\/div>\n\t\t\t\t<\/div>\n\t\t\t\t<div class=\"elementor-element elementor-element-7b009cf elementor-widget elementor-widget-text-editor\" data-id=\"7b009cf\" data-element_type=\"widget\" data-e-type=\"widget\" data-widget_type=\"text-editor.default\">\n\t\t\t\t<div class=\"elementor-widget-container\">\n\t\t\t\t\t\t\t\t\t<p>Ez a szepl\u0151 az egyik szem\u00e9lyre szabhat\u00f3 opci\u00f3, amely a szexbab\u00e1hoz tartozik, \u00e9s egy szak\u00e9rt\u0151 sminkes foglalkozik vele a Jinsann\u00e1l.<\/p>\t\t\t\t\t\t\t\t<\/div>\n\t\t\t\t<\/div>\n\t\t\t\t<div class=\"elementor-element elementor-element-d24a218 elementor-widget elementor-widget-text-editor\" data-id=\"d24a218\" data-element_type=\"widget\" data-e-type=\"widget\" data-widget_type=\"text-editor.default\">\n\t\t\t\t<div class=\"elementor-widget-container\">\n\t\t\t\t\t\t\t\t\tEzek a szepl\u0151k azonban f\u00e9lig \u00e1lland\u00f3ak. B\u00e1rmilyen testfest\u00e9s, testsmink \u00e9s arcsmink is j\u00e1r a szexbab\u00e1hoz, az f\u00e9lig \u00e1lland\u00f3, \u00e9s egy id\u0151 ut\u00e1n a haszn\u00e1lat \u00e9s a tiszt\u00edt\u00e1s miatt let\u00f6rl\u0151dik. A bab\u00e1r\u00f3l a smink azonnal elt\u00e1vol\u00edthat\u00f3 sminkelt\u00e1vol\u00edt\u00e1ssal vagy \u00e1sv\u00e1nyolajjal; ebben az esetben b\u00f6lcs dolog gondoskodni arr\u00f3l, hogy szexbab\u00e1d meg\u0151rizze kin\u00e9zet\u00e9t. Csak a j\u00f3v\u00e1hagyott TPE tiszt\u00edt\u00f3szerrel tiszt\u00edtsa szexbab\u00e1j\u00e1t.\n\t\t\t\t\t\t\t\t<\/div>\n\t\t\t\t<\/div>\n\t\t\t\t<div class=\"elementor-element elementor-element-9f505e9 elementor-widget elementor-widget-text-editor\" data-id=\"9f505e9\" data-element_type=\"widget\" data-e-type=\"widget\" data-widget_type=\"text-editor.default\">\n\t\t\t\t<div class=\"elementor-widget-container\">\n\t\t\t\t\t\t\t\t\tSzerelmi bab\u00e1d val\u00f3dibb \u00e9s term\u00e9szetesebb, szepl\u0151s megjelen\u00e9s\u0171. Nem csak a v\u00f6r\u00f6s haj\u00fa szexbab\u00e1k jogosultak szepl\u0151kre; a szerelmi bab\u00e1d lehet sz\u0151ke vagy barna, \u00e9s m\u00e9g mindig szepl\u0151k lehetnek, mint egy extra sz\u00e9ps\u00e9g r\u00e9szlet a test\u00e9n. A bab\u00e1k r\u00e9szletei jobban megk\u00f6nnyebb\u00fclnek ezekt\u0151l a szepl\u0151kt\u0151l; olyan leny\u0171g\u00f6z\u0151en n\u00e9z ki. \n\t\t\t\t\t\t\t\t<\/div>\n\t\t\t\t<\/div>\n\t\t\t\t<div class=\"elementor-element elementor-element-75d035e elementor-widget elementor-widget-text-editor\" data-id=\"75d035e\" data-element_type=\"widget\" data-e-type=\"widget\" data-widget_type=\"text-editor.default\">\n\t\t\t\t<div class=\"elementor-widget-container\">\n\t\t\t\t\t\t\t\t\tEzeket a szepl\u0151ket k\u00fcl\u00f6n\u00f6s gonddal k\u00e9sz\u00edti az ecset, t\u00f6bb r\u00e9teg fest\u00e9kben, \u00e9s tetsz\u0151legesen s\u0171r\u0171ek vagy l\u00e1that\u00f3k lehetnek. Nem sz\u00e1m\u00edt, hogy apr\u00f3 \u00e9s finom foltok az orron, vagy nagyon val\u00f3di szepl\u0151k a nagyobb ter\u00fcleteken; megkapod, amit akarsz.\n\t\t\t\t\t\t\t\t<\/div>\n\t\t\t\t<\/div>\n\t\t\t\t<div class=\"elementor-element elementor-element-4c9dc49 elementor-widget elementor-widget-text-editor\" data-id=\"4c9dc49\" data-element_type=\"widget\" data-e-type=\"widget\" data-widget_type=\"text-editor.default\">\n\t\t\t\t<div class=\"elementor-widget-container\">\n\t\t\t\t\t\t\t\t\tA szepl\u0151k a test k\u00fcl\u00f6nb\u00f6z\u0151 r\u00e9szein alkalmazhat\u00f3k; lehet az arc, az arc, az orr, k\u00f6zvetlen\u00fcl a kar felett, a h\u00e1t fels\u0151 r\u00e9sze, a v\u00e1ll vagy a dekolt\u00e1zs. Az \u00e1rat azonban nem lehet biztosan kimondani, hiszen a s\u0171r\u0171s\u00e9ge \u00e9s az, hogy h\u00e1ny ter\u00fcleten szeretn\u00e9d.\n\t\t\t\t\t\t\t\t<\/div>\n\t\t\t\t<\/div>\n\t\t\t\t<div class=\"elementor-element elementor-element-6f7a4a4 elementor-widget elementor-widget-text-editor\" data-id=\"6f7a4a4\" data-element_type=\"widget\" data-e-type=\"widget\" data-widget_type=\"text-editor.default\">\n\t\t\t\t<div class=\"elementor-widget-container\">\n\t\t\t\t\t\t\t\t\tTekintse meg itt, hogy milyen szepl\u0151ket alkalmazhatunk szexbab\u00e1j\u00e1n.\t\t\t\t\t\t\t\t<\/div>\n\t\t\t\t<\/div>\n\t\t\t\t\t<\/div>\n\t\t<\/div>\n\t\t\t\t<div class=\"elementor-column elementor-col-50 elementor-top-column elementor-element elementor-element-0648baa\" data-id=\"0648baa\" data-element_type=\"column\" data-e-type=\"column\">\n\t\t\t<div class=\"elementor-widget-wrap elementor-element-populated\">\n\t\t\t\t\t\t<div class=\"elementor-element elementor-element-d265377 elementor-widget elementor-widget-image\" data-id=\"d265377\" data-element_type=\"widget\" data-e-type=\"widget\" data-widget_type=\"image.default\">\n\t\t\t\t<div class=\"elementor-widget-container\">\n\t\t\t\t\t\t\t\t\t\t\t\t\t\t\t<img loading=\"lazy\" decoding=\"async\" width=\"683\" height=\"1024\" src=\"https:\/\/renodoll.com\/wp-content\/uploads\/xstore\/xstore-placeholder-1024x1024.png\" class=\"attachment-large size-large wp-image-14261 lazyload lazyload-simple et-lazyload-fadeIn\" alt=\"\" sizes=\"auto, (max-width: 683px) 100vw, 683px\" data-src=\"https:\/\/renodoll.com\/wp-content\/uploads\/2023\/03\/kb-freckles-683x1024.jpg\" data-srcset=\"https:\/\/renodoll.com\/wp-content\/uploads\/2023\/03\/kb-freckles-683x1024.jpg 683w, https:\/\/renodoll.com\/wp-content\/uploads\/2023\/03\/kb-freckles-200x300.jpg 200w, https:\/\/renodoll.com\/wp-content\/uploads\/2023\/03\/kb-freckles-768x1152.jpg 768w, https:\/\/renodoll.com\/wp-content\/uploads\/2023\/03\/kb-freckles-1024x1536.jpg 1024w, https:\/\/renodoll.com\/wp-content\/uploads\/2023\/03\/kb-freckles-1365x2048.jpg 1365w, https:\/\/renodoll.com\/wp-content\/uploads\/2023\/03\/kb-freckles-8x12.jpg 8w, https:\/\/renodoll.com\/wp-content\/uploads\/2023\/03\/kb-freckles-67x100.jpg 67w, https:\/\/renodoll.com\/wp-content\/uploads\/2023\/03\/kb-freckles-300x450.jpg 300w, https:\/\/renodoll.com\/wp-content\/uploads\/2023\/03\/kb-freckles-600x900.jpg 600w, https:\/\/renodoll.com\/wp-content\/uploads\/2023\/03\/kb-freckles-7x10.jpg 7w, https:\/\/renodoll.com\/wp-content\/uploads\/2023\/03\/kb-freckles.jpg 1500w\" \/>\t\t\t\t\t\t\t\t\t\t\t\t\t\t\t<\/div>\n\t\t\t\t<\/div>\n\t\t\t\t\t<\/div>\n\t\t<\/div>\n\t\t\t\t\t<\/div>\n\t\t<\/section>\n\t\t\t\t<\/div>","protected":false},"excerpt":{"rendered":"<p>Freckles \/ Pigmentation Kiss that real freckle spread on your girl&#8217;s cute face. The areas which are naturally mostly affected by the sun are the ones covered in pigmentation; nose, cheeks, and forehead. This freckle is one of the customizable options that come with your sex doll, and an expert makeup artist is handling it at Jinsan. However, these freckles are semi-permanent. Whatever body painting, body makeup, and makeup of the face that comes with your sex doll is semi-permanent and will wipe off after some period due to usage and cleaning. Makeup on your doll can be removed immediately<\/p>","protected":false},"author":1,"featured_media":0,"parent":0,"menu_order":0,"comment_status":"closed","ping_status":"closed","template":"","meta":{"footnotes":""},"class_list":["post-5458","page","type-page","status-publish","hentry"],"aioseo_notices":[],"_links":{"self":[{"href":"https:\/\/renodoll.com\/hu\/wp-json\/wp\/v2\/pages\/5458","targetHints":{"allow":["GET"]}}],"collection":[{"href":"https:\/\/renodoll.com\/hu\/wp-json\/wp\/v2\/pages"}],"about":[{"href":"https:\/\/renodoll.com\/hu\/wp-json\/wp\/v2\/types\/page"}],"author":[{"embeddable":true,"href":"https:\/\/renodoll.com\/hu\/wp-json\/wp\/v2\/users\/1"}],"replies":[{"embeddable":true,"href":"https:\/\/renodoll.com\/hu\/wp-json\/wp\/v2\/comments?post=5458"}],"version-history":[{"count":26,"href":"https:\/\/renodoll.com\/hu\/wp-json\/wp\/v2\/pages\/5458\/revisions"}],"predecessor-version":[{"id":14266,"href":"https:\/\/renodoll.com\/hu\/wp-json\/wp\/v2\/pages\/5458\/revisions\/14266"}],"wp:attachment":[{"href":"https:\/\/renodoll.com\/hu\/wp-json\/wp\/v2\/media?parent=5458"}],"curies":[{"name":"wp","href":"https:\/\/api.w.org\/{rel}","templated":true}]}}