{"id":5394,"date":"2023-02-22T16:53:11","date_gmt":"2023-02-22T08:53:11","guid":{"rendered":"https:\/\/renodoll.com\/?page_id=5394"},"modified":"2023-04-24T20:06:46","modified_gmt":"2023-04-24T12:06:46","slug":"sex-doll-maintenance","status":"publish","type":"page","link":"https:\/\/renodoll.com\/hu\/szex-baba-karbantartas\/","title":{"rendered":"Szexbaba karbantart\u00e1sa"},"content":{"rendered":"<div data-elementor-type=\"wp-page\" data-elementor-id=\"5394\" class=\"elementor elementor-5394\">\n\t\t\t\t\t\t\t\t\t<section class=\"elementor-section elementor-top-section elementor-element elementor-element-b863e45 elementor-section-boxed elementor-section-height-default elementor-section-height-default\" data-id=\"b863e45\" data-element_type=\"section\">\n\t\t\t\t\t\t<div class=\"elementor-container elementor-column-gap-default\">\n\t\t\t\t\t<div class=\"elementor-column elementor-col-100 elementor-top-column elementor-element elementor-element-d06ff7c page-content-text\" data-id=\"d06ff7c\" data-element_type=\"column\">\n\t\t\t<div class=\"elementor-widget-wrap elementor-element-populated\">\n\t\t\t\t\t\t\t\t<div class=\"elementor-element elementor-element-cc13aac elementor-invisible elementor-widget elementor-widget-heading\" data-id=\"cc13aac\" data-element_type=\"widget\" data-settings=\"{&quot;_animation&quot;:&quot;fadeInUp&quot;}\" data-widget_type=\"heading.default\">\n\t\t\t\t<div class=\"elementor-widget-container\">\n\t\t\t<style>\/*! elementor - v3.10.2 - 29-01-2023 *\/\n.elementor-heading-title{padding:0;margin:0;line-height:1}.elementor-widget-heading .elementor-heading-title[class*=elementor-size-]>a{color:inherit;font-size:inherit;line-height:inherit}.elementor-widget-heading .elementor-heading-title.elementor-size-small{font-size:15px}.elementor-widget-heading .elementor-heading-title.elementor-size-medium{font-size:19px}.elementor-widget-heading .elementor-heading-title.elementor-size-large{font-size:29px}.elementor-widget-heading .elementor-heading-title.elementor-size-xl{font-size:39px}.elementor-widget-heading .elementor-heading-title.elementor-size-xxl{font-size:59px}<\/style><h2 class=\"elementor-heading-title elementor-size-default\">A SZILIKON FEL\u00dcLET \u00c1POL\u00c1SA<\/h2>\t\t<\/div>\n\t\t\t\t<\/div>\n\t\t\t\t<section class=\"elementor-section elementor-inner-section elementor-element elementor-element-b9cb035 elementor-section-boxed elementor-section-height-default elementor-section-height-default\" data-id=\"b9cb035\" data-element_type=\"section\">\n\t\t\t\t\t\t<div class=\"elementor-container elementor-column-gap-default\">\n\t\t\t\t\t<div class=\"elementor-column elementor-col-100 elementor-inner-column elementor-element elementor-element-3145bdb\" data-id=\"3145bdb\" data-element_type=\"column\">\n\t\t\t<div class=\"elementor-widget-wrap elementor-element-populated\">\n\t\t\t\t\t\t\t\t<div class=\"elementor-element elementor-element-8958d6e elementor-invisible elementor-widget elementor-widget-heading\" data-id=\"8958d6e\" data-element_type=\"widget\" data-settings=\"{&quot;_animation&quot;:&quot;fadeInUp&quot;}\" data-widget_type=\"heading.default\">\n\t\t\t\t<div class=\"elementor-widget-container\">\n\t\t\t<h2 class=\"elementor-heading-title elementor-size-default\">Sex Doll Care Bevezet\u00e9s<\/h2>\t\t<\/div>\n\t\t\t\t<\/div>\n\t\t\t\t<div class=\"elementor-element elementor-element-5c55386 elementor-widget elementor-widget-text-editor\" data-id=\"5c55386\" data-element_type=\"widget\" data-widget_type=\"text-editor.default\">\n\t\t\t\t<div class=\"elementor-widget-container\">\n\t\t\t<style>\/*! elementor - v3.10.2 - 29-01-2023 *\/\n.elementor-widget-text-editor.elementor-drop-cap-view-stacked .elementor-drop-cap{background-color:#818a91;color:#fff}.elementor-widget-text-editor.elementor-drop-cap-view-framed .elementor-drop-cap{color:#818a91;border:3px solid;background-color:transparent}.elementor-widget-text-editor:not(.elementor-drop-cap-view-default) .elementor-drop-cap{margin-top:8px}.elementor-widget-text-editor:not(.elementor-drop-cap-view-default) .elementor-drop-cap-letter{width:1em;height:1em}.elementor-widget-text-editor .elementor-drop-cap{float:left;text-align:center;line-height:1;font-size:50px}.elementor-widget-text-editor .elementor-drop-cap-letter{display:inline-block}<\/style>\t\t\t\t<p>A baba modell duplik\u00e1lt b\u0151r\u00e9hez idegen polimer emberi test szilikongumit haszn\u00e1lunk felszerel\u00e9sk\u00e9nt, amely nem m\u00e9rgez\u0151 \u00e9s szagtalan.<\/p>\t\t\t\t\t\t<\/div>\n\t\t\t\t<\/div>\n\t\t\t\t<div class=\"elementor-element elementor-element-ce0966c elementor-widget elementor-widget-text-editor\" data-id=\"ce0966c\" data-element_type=\"widget\" data-widget_type=\"text-editor.default\">\n\t\t\t\t<div class=\"elementor-widget-container\">\n\t\t\t\t\t\t\tHa a szilikon anyagokat hosszabb ideig nem haszn\u00e1lj\u00e1k, akkor a fel\u00fclet\u00fck\u00f6n olajfoltok jelennek meg a szilikon formul\u00e1ban l\u00e9v\u0151 szilikonolaj miatt, \u00e9s ez szok\u00e1sos jelens\u00e9g.\t\t\t\t\t\t<\/div>\n\t\t\t\t<\/div>\n\t\t\t\t<div class=\"elementor-element elementor-element-28b24ad elementor-widget elementor-widget-text-editor\" data-id=\"28b24ad\" data-element_type=\"widget\" data-widget_type=\"text-editor.default\">\n\t\t\t\t<div class=\"elementor-widget-container\">\n\t\t\t\t\t\t\tCsak finoman kell megtiszt\u00edtania a fel\u00fcletet b\u00e1rmilyen tiszta sz\u00f6vettel. Ezenk\u00edv\u00fcl, ha a szexbab\u00e1kat hosszabb ideig nem haszn\u00e1lj\u00e1k, a fel\u00fclet\u00fck olajfoltos lesz; vagyis, hogy a szilikon b\u0151r tiszta \u00e9s biztons\u00e1gos legyen a jobb teljes\u00edtm\u00e9ny \u00e9rdek\u00e9ben, mindig v\u00e9gezzen rutinellen\u0151rz\u00e9st \u00e9s rendszeresen v\u00e9gezzen karbantart\u00e1st.\t\t\t\t\t\t<\/div>\n\t\t\t\t<\/div>\n\t\t\t\t<div class=\"elementor-element elementor-element-1003aec elementor-widget elementor-widget-text-editor\" data-id=\"1003aec\" data-element_type=\"widget\" data-widget_type=\"text-editor.default\">\n\t\t\t\t<div class=\"elementor-widget-container\">\n\t\t\t\t\t\t\tA tiszt\u00edt\u00e1s becs\u00fclt ideje az \u00fcgyelet jelent\u0151s\u00e9g\u00e9t\u0151l \u00e9s a rakt\u00e1r ter\u00fclet\u00e9t\u0151l f\u00fcgg\u0151en v\u00e1ltozik. \u00c1ltal\u00e1ban a havi rutin elfogadhat\u00f3.\t\t\t\t\t\t<\/div>\n\t\t\t\t<\/div>\n\t\t\t\t\t<\/div>\n\t\t<\/div>\n\t\t\t\t\t\t\t<\/div>\n\t\t<\/section>\n\t\t\t\t<div class=\"elementor-element elementor-element-e5c4aaa elementor-invisible elementor-widget elementor-widget-heading\" data-id=\"e5c4aaa\" data-element_type=\"widget\" data-settings=\"{&quot;_animation&quot;:&quot;fadeInUp&quot;}\" data-widget_type=\"heading.default\">\n\t\t\t\t<div class=\"elementor-widget-container\">\n\t\t\t<h2 class=\"elementor-heading-title elementor-size-default\">Rutin szexbaba karbantart\u00e1si m\u00f3dszer <\/h2>\t\t<\/div>\n\t\t\t\t<\/div>\n\t\t\t\t<div class=\"elementor-element elementor-element-6d7a9f6 elementor-widget elementor-widget-text-editor\" data-id=\"6d7a9f6\" data-element_type=\"widget\" data-widget_type=\"text-editor.default\">\n\t\t\t\t<div class=\"elementor-widget-container\">\n\t\t\t\t\t\t\tEl\u0151sz\u00f6r m\u00e1rtsa az anyagot langyos v\u00edzbe, \u00e9s \u00f3vatosan tiszt\u00edtsa meg vele a baba(k) fel\u00fclet\u00e9t. Ha szennyez\u0151d\u00e9s vagy ragad\u00f3s folt van a szilikon fel\u00fcleten, t\u00f6bbsz\u00f6r \u00f3vatosan t\u00f6r\u00f6lje le szappanos v\u00edzzel, \u00e9s ne d\u00f6rzs\u00f6lje \u00e1t er\u0151szakkal.\t\t\t\t\t\t<\/div>\n\t\t\t\t<\/div>\n\t\t\t\t<div class=\"elementor-element elementor-element-9ea4cf7 elementor-widget elementor-widget-text-editor\" data-id=\"9ea4cf7\" data-element_type=\"widget\" data-widget_type=\"text-editor.default\">\n\t\t\t\t<div class=\"elementor-widget-container\">\n\t\t\t\t\t\t\tA szilikon fel\u00fclet\u00e9nek tiszt\u00edt\u00e1sakor \u00fcgyeljen arra, hogy ne haszn\u00e1ljon vesz\u00e9lyes tiszt\u00edt\u00f3szereket, p\u00e9ld\u00e1ul er\u0151s savas \u00e9s l\u00fagos oldatokat, er\u0151s fert\u0151tlen\u00edt\u0151 oldatot stb.\t\t\t\t\t\t<\/div>\n\t\t\t\t<\/div>\n\t\t\t\t<div class=\"elementor-element elementor-element-3cf20d9 elementor-widget elementor-widget-text-editor\" data-id=\"3cf20d9\" data-element_type=\"widget\" data-widget_type=\"text-editor.default\">\n\t\t\t\t<div class=\"elementor-widget-container\">\n\t\t\t\t\t\t\tEnyhe szappant, foly\u00e9kony mos\u00f3szert, sampont vagy tusf\u00fcrd\u0151t haszn\u00e1lhat a beken\u00e9shez.\t\t\t\t\t\t<\/div>\n\t\t\t\t<\/div>\n\t\t\t\t<div class=\"elementor-element elementor-element-ece45d6 elementor-widget elementor-widget-image\" data-id=\"ece45d6\" data-element_type=\"widget\" data-widget_type=\"image.default\">\n\t\t\t\t<div class=\"elementor-widget-container\">\n\t\t\t<style>\/*! elementor - v3.10.2 - 29-01-2023 *\/\n.elementor-widget-image{text-align:center}.elementor-widget-image a{display:inline-block}.elementor-widget-image a img[src$=\".svg\"]{width:48px}.elementor-widget-image img{vertical-align:middle;display:inline-block}<\/style>\t\t\t\t\t\t\t\t\t\t\t\t<img loading=\"lazy\" decoding=\"async\" width=\"770\" height=\"213\" src=\"https:\/\/renodoll.com\/wp-content\/uploads\/2023\/03\/kb-maintain-1.gif\" class=\"attachment-large size-large wp-image-14560\" alt=\"\" \/>\t\t\t\t\t\t\t\t\t\t\t\t\t\t\t<\/div>\n\t\t\t\t<\/div>\n\t\t\t\t<div class=\"elementor-element elementor-element-018d411 elementor-widget elementor-widget-text-editor\" data-id=\"018d411\" data-element_type=\"widget\" data-widget_type=\"text-editor.default\">\n\t\t\t\t<div class=\"elementor-widget-container\">\n\t\t\t\t\t\t\tHaszn\u00e1lat ut\u00e1n tiszt\u00edtsa meg \u00e9s sz\u00e1r\u00edtsa meg a fel\u00fcletet, \u00e9s tegyen f\u00fcrd\u0151t vagy hint\u0151port az \u00e9letszer\u0171 bab\u00e1ra; a m\u0171velet v\u00e9grehajt\u00e1sa sor\u00e1n viseljen arcmaszkot, hogy elker\u00fclje a por besz\u00edv\u00e1s\u00e1t.\t\t\t\t\t\t<\/div>\n\t\t\t\t<\/div>\n\t\t\t\t<div class=\"elementor-element elementor-element-8d314f9 elementor-invisible elementor-widget elementor-widget-heading\" data-id=\"8d314f9\" data-element_type=\"widget\" data-settings=\"{&quot;_animation&quot;:&quot;fadeInUp&quot;}\" data-widget_type=\"heading.default\">\n\t\t\t\t<div class=\"elementor-widget-container\">\n\t\t\t<h2 class=\"elementor-heading-title elementor-size-default\">Az \u00edz\u00fcleti r\u00e9szek gondoz\u00e1sa <\/h2>\t\t<\/div>\n\t\t\t\t<\/div>\n\t\t\t\t<div class=\"elementor-element elementor-element-db124c9 elementor-widget elementor-widget-text-editor\" data-id=\"db124c9\" data-element_type=\"widget\" data-widget_type=\"text-editor.default\">\n\t\t\t\t<div class=\"elementor-widget-container\">\n\t\t\t\t\t\t\tAz \u00edz\u00fcleti r\u00e9sz ne maradjon t\u00fal sok\u00e1ig ferde, ha nem, a fel\u00fclet\u00e9n gy\u0171r\u0151d\u00e9sek keletkeznek a nem megfelel\u0151 elhelyez\u00e9s miatt, amelyet a b\u0151rre gyakorolt hosszan tart\u00f3 nyom\u00e1s okoz. P\u00e9ld\u00e1ul, ha hosszabb ideig \u00fcl a kanap\u00e9n, egy v\u00edzszintes vonal jelenik meg a has\u00e1n.\t\t\t\t\t\t<\/div>\n\t\t\t\t<\/div>\n\t\t\t\t<div class=\"elementor-element elementor-element-c56c12b elementor-widget elementor-widget-image\" data-id=\"c56c12b\" data-element_type=\"widget\" data-widget_type=\"image.default\">\n\t\t\t\t<div class=\"elementor-widget-container\">\n\t\t\t\t\t\t\t\t\t\t\t\t\t\t\t<img loading=\"lazy\" decoding=\"async\" width=\"770\" height=\"332\" src=\"https:\/\/renodoll.com\/wp-content\/uploads\/2023\/03\/kb-maintain-2.gif\" class=\"attachment-large size-large wp-image-14561\" alt=\"\" \/>\t\t\t\t\t\t\t\t\t\t\t\t\t\t\t<\/div>\n\t\t\t\t<\/div>\n\t\t\t\t<div class=\"elementor-element elementor-element-04e7cc1 elementor-widget elementor-widget-text-editor\" data-id=\"04e7cc1\" data-element_type=\"widget\" data-widget_type=\"text-editor.default\">\n\t\t\t\t<div class=\"elementor-widget-container\">\n\t\t\t\t\t\t\tA szilikon tart\u00f3s; a szexbaba nincs haszn\u00e1latban; k\u00e9rj\u00fck, ugyan\u00fagy csomagolja be, ahogyan a gy\u00e1rb\u00f3l kij\u00f6tt; cs\u00f6kkenti az \u00f6sszes \u00edz\u00fcletre nehezed\u0151 nyom\u00e1st. Tedd f\u00e9lre a val\u00f3s\u00e1gh\u0171 szexbab\u00e1t n\u00e9h\u00e1ny napra, ha r\u00e1ncok vagy r\u00e1ncok jelennek meg, \u00e9s elt\u0171nik.\t\t\t\t\t\t<\/div>\n\t\t\t\t<\/div>\n\t\t\t\t<div class=\"elementor-element elementor-element-30b6d21 elementor-invisible elementor-widget elementor-widget-heading\" data-id=\"30b6d21\" data-element_type=\"widget\" data-settings=\"{&quot;_animation&quot;:&quot;fadeInUp&quot;}\" data-widget_type=\"heading.default\">\n\t\t\t\t<div class=\"elementor-widget-container\">\n\t\t\t<h2 class=\"elementor-heading-title elementor-size-default\">A val\u00f3s\u00e1gh\u0171 szexbaba bevonat gondoz\u00e1sa <\/h2>\t\t<\/div>\n\t\t\t\t<\/div>\n\t\t\t\t<div class=\"elementor-element elementor-element-56ee739 elementor-widget elementor-widget-html\" data-id=\"56ee739\" data-element_type=\"widget\" data-widget_type=\"html.default\">\n\t\t\t\t<div class=\"elementor-widget-container\">\n\t\t\t<ol class=\"number_list_type\"><li>Az \u00fcgyfeleinknek k\u00fcld\u0151 szerelmes bab\u00e1n k\u00e9sz\u00fclt gy\u00f6ny\u00f6r\u0171 smink egy szilikon bevonat, amely nem felt\u00e9tlen\u00fcl tiszt\u00edtja meg<\/li>\n<li>Ne tiszt\u00edtsa meg er\u0151szakkal, k\u00fcl\u00f6n\u00f6sen, ha a smink az \u00e9letnagys\u00e1g\u00fa szexbaba arc\u00e1n, szem\u00f6ld\u00f6k\u00e9n \u00e9s szempill\u00e1j\u00e1n van. K\u00e9rj\u00fck, fokozottan \u00fcgyeljen a val\u00f3di \u00e9letnagys\u00e1g\u00fa szexbab\u00e1k rutintiszt\u00edt\u00e1sa sor\u00e1n alkalmazott er\u0151re.\n<\/li>\n<li>Ha sok er\u0151t alkalmazunk, a haj leh\u00faz\u00f3dik, \u00e9s a sz\u00edne is kifakul, amint a sz\u00edn elhalv\u00e1nyul; neh\u00e9z elv\u00e9gezni a jav\u00edt\u00e1st.<\/li>\n<li>\u00c1ltal\u00e1nos kozmetikumok haszn\u00e1lhat\u00f3k szexbab\u00e1k sminkel\u00e9s\u00e9hez, pl. r\u00fazs stb.<\/li>\n<li>Ker\u00fclje a t\u00fal s\u0171r\u0171 \u00e9s ragad\u00f3s ken\u0151cs haszn\u00e1lat\u00e1t az arc bevon\u00e1s\u00e1ra, k\u00fcl\u00f6nben neh\u00e9z lesz led\u00f6rzs\u00f6lni.<\/li>\n<li>A smink cser\u00e9jekor ne d\u00f6rzs\u00f6lje \u00e1t hanyagul sok energi\u00e1val; \u00f3vatosan haszn\u00e1ljon szappanos vizet vagy arct\u00f6rl\u0151t a tiszt\u00edt\u00e1shoz.<\/li>\n<\/ol>\t\t<\/div>\n\t\t\t\t<\/div>\n\t\t\t\t\t<\/div>\n\t\t<\/div>\n\t\t\t\t\t\t\t<\/div>\n\t\t<\/section>\n\t\t\t\t\t\t\t<\/div>","protected":false},"excerpt":{"rendered":"<p>A SZILIKON FEL\u00dcLET \u00c1POL\u00c1SA Sex Doll Care Bevezet\u00e9s A baba modell duplik\u00e1lt b\u0151r\u00e9hez idegen polimer emberi test szilikongumit haszn\u00e1lunk felszerel\u00e9sk\u00e9nt, amely nem m\u00e9rgez\u0151 \u00e9s szagtalan. Ha a szilikon anyagokat hosszabb ideig nem haszn\u00e1lj\u00e1k, akkor a szilikon formul\u00e1ban l\u00e9v\u0151 szilikonolaj miatt olaj \u00f6mlik a fel\u00fclet\u00fckre, \u00e9s ez szok\u00e1sos jelens\u00e9g. Csak \u00f3vatosan kell megtiszt\u00edtani a fel\u00fcletet b\u00e1rmilyen tiszt\u00edt\u00f3szerrel. sz\u00f6vet. Ezenk\u00edv\u00fcl, ha a szexbab\u00e1kat hosszabb ideig nem haszn\u00e1lj\u00e1k, a fel\u00fclet\u00fck elszennyez\u0151dik<\/p>","protected":false},"author":1,"featured_media":0,"parent":0,"menu_order":0,"comment_status":"closed","ping_status":"closed","template":"","meta":{"footnotes":""},"class_list":["post-5394","page","type-page","status-publish","hentry"],"aioseo_notices":[],"_links":{"self":[{"href":"https:\/\/renodoll.com\/hu\/wp-json\/wp\/v2\/pages\/5394","targetHints":{"allow":["GET"]}}],"collection":[{"href":"https:\/\/renodoll.com\/hu\/wp-json\/wp\/v2\/pages"}],"about":[{"href":"https:\/\/renodoll.com\/hu\/wp-json\/wp\/v2\/types\/page"}],"author":[{"embeddable":true,"href":"https:\/\/renodoll.com\/hu\/wp-json\/wp\/v2\/users\/1"}],"replies":[{"embeddable":true,"href":"https:\/\/renodoll.com\/hu\/wp-json\/wp\/v2\/comments?post=5394"}],"version-history":[{"count":55,"href":"https:\/\/renodoll.com\/hu\/wp-json\/wp\/v2\/pages\/5394\/revisions"}],"predecessor-version":[{"id":16006,"href":"https:\/\/renodoll.com\/hu\/wp-json\/wp\/v2\/pages\/5394\/revisions\/16006"}],"wp:attachment":[{"href":"https:\/\/renodoll.com\/hu\/wp-json\/wp\/v2\/media?parent=5394"}],"curies":[{"name":"wp","href":"https:\/\/api.w.org\/{rel}","templated":true}]}}