{"id":5330,"date":"2023-02-22T14:27:04","date_gmt":"2023-02-22T06:27:04","guid":{"rendered":"https:\/\/renodoll.com\/?page_id=5330"},"modified":"2023-04-24T20:06:13","modified_gmt":"2023-04-24T12:06:13","slug":"sex-doll-dress-up","status":"publish","type":"page","link":"https:\/\/renodoll.com\/hu\/sex-doll-dress-up\/","title":{"rendered":"Szexbaba \u00f6lt\u00f6ztet\u0151s"},"content":{"rendered":"<div data-elementor-type=\"wp-page\" data-elementor-id=\"5330\" class=\"elementor elementor-5330\" data-elementor-post-type=\"page\">\n\t\t\t\t\t\t<section class=\"elementor-section elementor-top-section elementor-element elementor-element-9ee3c63 elementor-section-boxed elementor-section-height-default elementor-section-height-default\" data-id=\"9ee3c63\" data-element_type=\"section\" data-e-type=\"section\">\n\t\t\t\t\t\t<div class=\"elementor-container elementor-column-gap-default\">\n\t\t\t\t\t<div class=\"elementor-column elementor-col-100 elementor-top-column elementor-element elementor-element-a5c4cb6 page-content-text\" data-id=\"a5c4cb6\" data-element_type=\"column\" data-e-type=\"column\">\n\t\t\t<div class=\"elementor-widget-wrap elementor-element-populated\">\n\t\t\t\t\t\t<div class=\"elementor-element elementor-element-23b29e3 elementor-invisible elementor-widget elementor-widget-heading\" data-id=\"23b29e3\" data-element_type=\"widget\" data-e-type=\"widget\" data-settings=\"{&quot;_animation&quot;:&quot;fadeInUp&quot;}\" data-widget_type=\"heading.default\">\n\t\t\t\t<div class=\"elementor-widget-container\">\n\t\t\t\t\t<h2 class=\"elementor-heading-title elementor-size-default\">Figyelembe kell venni a baba \u00f6lt\u00f6ztet\u00e9s\u00e9n\u00e9l<\/h2>\t\t\t\t<\/div>\n\t\t\t\t<\/div>\n\t\t\t\t<div class=\"elementor-element elementor-element-0275977 elementor-widget elementor-widget-spacer\" data-id=\"0275977\" data-element_type=\"widget\" data-e-type=\"widget\" data-widget_type=\"spacer.default\">\n\t\t\t\t<div class=\"elementor-widget-container\">\n\t\t\t\t\t\t\t<div class=\"elementor-spacer\">\n\t\t\t<div class=\"elementor-spacer-inner\"><\/div>\n\t\t<\/div>\n\t\t\t\t\t\t<\/div>\n\t\t\t\t<\/div>\n\t\t\t\t<div class=\"elementor-element elementor-element-0ee033e elementor-invisible elementor-widget elementor-widget-heading\" data-id=\"0ee033e\" data-element_type=\"widget\" data-e-type=\"widget\" data-settings=\"{&quot;_animation&quot;:&quot;fadeInUp&quot;}\" data-widget_type=\"heading.default\">\n\t\t\t\t<div class=\"elementor-widget-container\">\n\t\t\t\t\t<h2 class=\"elementor-heading-title elementor-size-default\">Bevezet\u00e9s<\/h2>\t\t\t\t<\/div>\n\t\t\t\t<\/div>\n\t\t\t\t<div class=\"elementor-element elementor-element-1366056 elementor-widget elementor-widget-text-editor\" data-id=\"1366056\" data-element_type=\"widget\" data-e-type=\"widget\" data-widget_type=\"text-editor.default\">\n\t\t\t\t<div class=\"elementor-widget-container\">\n\t\t\t\t\t\t\t\t\tA szilikon baba v\u00e9gtagjai mozoghatnak, de bizonyos korl\u00e1toz\u00e1sokkal. Mik\u00f6zben szexbab\u00e1dat \u00edzl\u00e9sednek megfelel\u0151en \u00f6lt\u00f6zteted, a szilikon b\u0151rt is meg kell v\u00e9dened. J\u00f3l teszi, ha figyelembe veszi a k\u00f6vetkez\u0151 pontokat. \t\t\t\t\t\t\t\t<\/div>\n\t\t\t\t<\/div>\n\t\t\t\t<div class=\"elementor-element elementor-element-1b286a6 elementor-invisible elementor-widget elementor-widget-heading\" data-id=\"1b286a6\" data-element_type=\"widget\" data-e-type=\"widget\" data-settings=\"{&quot;_animation&quot;:&quot;fadeInUp&quot;}\" data-widget_type=\"heading.default\">\n\t\t\t\t<div class=\"elementor-widget-container\">\n\t\t\t\t\t<h2 class=\"elementor-heading-title elementor-size-default\">Ne hagyja, hogy a v\u00e9gtagok t\u00fals\u00e1gosan meghajoljanak<\/h2>\t\t\t\t<\/div>\n\t\t\t\t<\/div>\n\t\t\t\t<div class=\"elementor-element elementor-element-5570512 elementor-widget elementor-widget-text-editor\" data-id=\"5570512\" data-element_type=\"widget\" data-e-type=\"widget\" data-widget_type=\"text-editor.default\">\n\t\t\t\t<div class=\"elementor-widget-container\">\n\t\t\t\t\t\t\t\t\tAmikor fel\u00f6lt\u00f6zteti szexbab\u00e1j\u00e1t, pr\u00f3b\u00e1lja meg a lehet\u0151 legnagyobb m\u00e9rt\u00e9kben elker\u00fclni, hogy a baba karjait t\u00fal magasra emelje, hogy ne forduljon el\u0151 szilikonreped\u00e9s vagy szakad\u00e1s. K\u00e9rj\u00fck, szigor\u00faan \u00fcgyeljen a fizikai aktivit\u00e1si k\u00f6rben a biztons\u00e1gos sz\u00f6gre vonatkoz\u00f3 utas\u00edt\u00e1sokra, szigor\u00faan a m\u0171veletekhez. \t\t\t\t\t\t\t\t<\/div>\n\t\t\t\t<\/div>\n\t\t\t\t<div class=\"elementor-element elementor-element-690b0e9 elementor-invisible elementor-widget elementor-widget-heading\" data-id=\"690b0e9\" data-element_type=\"widget\" data-e-type=\"widget\" data-settings=\"{&quot;_animation&quot;:&quot;fadeInUp&quot;}\" data-widget_type=\"heading.default\">\n\t\t\t\t<div class=\"elementor-widget-container\">\n\t\t\t\t\t<h2 class=\"elementor-heading-title elementor-size-default\">\u00dcgyeljen a karcol\u00e1sokra<\/h2>\t\t\t\t<\/div>\n\t\t\t\t<\/div>\n\t\t\t\t<div class=\"elementor-element elementor-element-2665724 elementor-widget elementor-widget-text-editor\" data-id=\"2665724\" data-element_type=\"widget\" data-e-type=\"widget\" data-widget_type=\"text-editor.default\">\n\t\t\t\t<div class=\"elementor-widget-container\">\n\t\t\t\t\t\t\t\t\tLegyen \u00f3vatos, ne engedje, hogy szerelmes bab\u00e1ja olyan ruh\u00e1t vagy kieg\u00e9sz\u00edt\u0151t viseljen, amelynek \u00e9lei olyan \u00e9lesek, hogy elkezdik eltorz\u00edtani szerelmes bab\u00e1j\u00e1t. Ha azonban a v\u00e1lasztott ruh\u00e1zata \u00e9les gombokat \u00e9s hasonl\u00f3kat tartalmaz, tegye j\u00f3l, ha \u00fagy b\u00e1nik igazi bab\u00e1val, mint egy bab\u00e1val, mik\u00f6zben \u00f6lt\u00f6zteti.\t\t\t\t\t\t\t\t<\/div>\n\t\t\t\t<\/div>\n\t\t\t\t<div class=\"elementor-element elementor-element-760f9e7 elementor-invisible elementor-widget elementor-widget-heading\" data-id=\"760f9e7\" data-element_type=\"widget\" data-e-type=\"widget\" data-settings=\"{&quot;_animation&quot;:&quot;fadeInUp&quot;}\" data-widget_type=\"heading.default\">\n\t\t\t\t<div class=\"elementor-widget-container\">\n\t\t\t\t\t<h2 class=\"elementor-heading-title elementor-size-default\">Vegye le a fej\u00e9t, miel\u0151tt felvesz egy kab\u00e1tot<\/h2>\t\t\t\t<\/div>\n\t\t\t\t<\/div>\n\t\t\t\t<div class=\"elementor-element elementor-element-32fca7b elementor-widget elementor-widget-text-editor\" data-id=\"32fca7b\" data-element_type=\"widget\" data-e-type=\"widget\" data-widget_type=\"text-editor.default\">\n\t\t\t\t<div class=\"elementor-widget-container\">\n\t\t\t\t\t\t\t\t\tAmikor fel\u00f6lt\u00f6zteti szerelmes bab\u00e1j\u00e1t, \u00e9s azt veszi \u00e9szre, hogy a ruha egyes r\u00e9szei t\u00fal sz\u0171kek, vagy n\u00e9mi k\u00e9nyelmetlens\u00e9get okozn\u00e1nak \u00e9letszer\u0171 bab\u00e1j\u00e1nak, tegye le az igazi baba fej\u00e9t. \t\t\t\t\t\t\t\t<\/div>\n\t\t\t\t<\/div>\n\t\t\t\t<section class=\"elementor-section elementor-inner-section elementor-element elementor-element-d0ad383 elementor-section-full_width elementor-section-height-default elementor-section-height-default\" data-id=\"d0ad383\" data-element_type=\"section\" data-e-type=\"section\">\n\t\t\t\t\t\t<div class=\"elementor-container elementor-column-gap-default\">\n\t\t\t\t\t<div class=\"elementor-column elementor-col-50 elementor-inner-column elementor-element elementor-element-0d201b2\" data-id=\"0d201b2\" data-element_type=\"column\" data-e-type=\"column\">\n\t\t\t<div class=\"elementor-widget-wrap elementor-element-populated\">\n\t\t\t\t\t\t<div class=\"elementor-element elementor-element-5e75bf3 elementor-widget elementor-widget-image\" data-id=\"5e75bf3\" data-element_type=\"widget\" data-e-type=\"widget\" data-widget_type=\"image.default\">\n\t\t\t\t<div class=\"elementor-widget-container\">\n\t\t\t\t\t\t\t\t\t\t\t\t\t\t\t<img loading=\"lazy\" decoding=\"async\" width=\"367\" height=\"388\" src=\"https:\/\/renodoll.com\/wp-content\/uploads\/xstore\/xstore-placeholder-600x600.png\" class=\"attachment-woocommerce_single size-woocommerce_single wp-image-14231 lazyload lazyload-simple et-lazyload-fadeIn\" alt=\"\" sizes=\"auto, (max-width: 367px) 100vw, 367px\" data-src=\"https:\/\/renodoll.com\/wp-content\/uploads\/2023\/03\/kb-piercing.jpg\" data-srcset=\"https:\/\/renodoll.com\/wp-content\/uploads\/2023\/03\/kb-piercing.jpg 367w, https:\/\/renodoll.com\/wp-content\/uploads\/2023\/03\/kb-piercing-284x300.jpg 284w, https:\/\/renodoll.com\/wp-content\/uploads\/2023\/03\/kb-piercing-11x12.jpg 11w, https:\/\/renodoll.com\/wp-content\/uploads\/2023\/03\/kb-piercing-95x100.jpg 95w, https:\/\/renodoll.com\/wp-content\/uploads\/2023\/03\/kb-piercing-300x317.jpg 300w, https:\/\/renodoll.com\/wp-content\/uploads\/2023\/03\/kb-piercing-10x10.jpg 10w\" \/>\t\t\t\t\t\t\t\t\t\t\t\t\t\t\t<\/div>\n\t\t\t\t<\/div>\n\t\t\t\t\t<\/div>\n\t\t<\/div>\n\t\t\t\t<div class=\"elementor-column elementor-col-50 elementor-inner-column elementor-element elementor-element-e1caa7e\" data-id=\"e1caa7e\" data-element_type=\"column\" data-e-type=\"column\">\n\t\t\t<div class=\"elementor-widget-wrap elementor-element-populated\">\n\t\t\t\t\t\t<div class=\"elementor-element elementor-element-4260ec5 elementor-invisible elementor-widget elementor-widget-heading\" data-id=\"4260ec5\" data-element_type=\"widget\" data-e-type=\"widget\" data-settings=\"{&quot;_animation&quot;:&quot;fadeInUp&quot;}\" data-widget_type=\"heading.default\">\n\t\t\t\t<div class=\"elementor-widget-container\">\n\t\t\t\t\t<h2 class=\"elementor-heading-title elementor-size-default\">Piercingek (f\u00fcl \u00e9s tengeri)<\/h2>\t\t\t\t<\/div>\n\t\t\t\t<\/div>\n\t\t\t\t<div class=\"elementor-element elementor-element-1732e22 elementor-widget elementor-widget-text-editor\" data-id=\"1732e22\" data-element_type=\"widget\" data-e-type=\"widget\" data-widget_type=\"text-editor.default\">\n\t\t\t\t<div class=\"elementor-widget-container\">\n\t\t\t\t\t\t\t\t\tTudsz adni a feln\u0151tt szexbab\u00e1nak piercinget? Pozit\u00edv. Mindenn\u00e9l \u00fcgyeljen arra, hogy a piercingek eszk\u00f6zei v\u00e9kony vashuzal vagy t\u0171k, amelyek egy kicsit belecs\u00edphetik val\u00f3s\u00e1gh\u0171 bab\u00e1ja szilikon b\u0151r\u00e9be. A lyuk \u00e1tm\u00e9r\u0151je azonban nem lehet nagyobb 0,5 mm-n\u00e9l, \u00e9s semmi esetre sem szabad k\u00e9st vagy m\u00e1s \u00e9les t\u00e1rgyat haszn\u00e1lni a v\u00e1g\u00e1shoz. Ezek a piercingek tart\u00f3sak, hogy elker\u00fclj\u00e9k a szilikon reped\u00e9seket vagy szakad\u00e1sokat.\t\t\t\t\t\t\t\t<\/div>\n\t\t\t\t<\/div>\n\t\t\t\t<div class=\"elementor-element elementor-element-a03cfc1 elementor-widget elementor-widget-text-editor\" data-id=\"a03cfc1\" data-element_type=\"widget\" data-e-type=\"widget\" data-widget_type=\"text-editor.default\">\n\t\t\t\t<div class=\"elementor-widget-container\">\n\t\t\t\t\t\t\t\t\tNe felejtse el mindig p\u00faderrel kenni igazi bab\u00e1j\u00e1t, miel\u0151tt sz\u0171k nadr\u00e1gba \u00f6lt\u00f6zik. A szilikon t\u00f6rt\u00e9netesen nagyon s\u00farl\u00f3dik, ez\u00e9rt ha t\u00fal sz\u0171k ahhoz, hogy a szerelmes bab\u00e1t nadr\u00e1gba vagy zokniba \u00f6lt\u00f6ztesse, tegye a k\u00f6vetkez\u0151ket. Vegye le a nadr\u00e1got, \u00e9s az \u00fajb\u00f3li \u00f6lt\u00f6zk\u00f6d\u00e9s el\u0151tt kenje be f\u00fcrd\u0151port vagy talkumot.\t\t\t\t\t\t\t\t<\/div>\n\t\t\t\t<\/div>\n\t\t\t\t\t<\/div>\n\t\t<\/div>\n\t\t\t\t\t<\/div>\n\t\t<\/section>\n\t\t\t\t<div class=\"elementor-element elementor-element-91005da elementor-invisible elementor-widget elementor-widget-heading\" data-id=\"91005da\" data-element_type=\"widget\" data-e-type=\"widget\" data-settings=\"{&quot;_animation&quot;:&quot;fadeInUp&quot;}\" data-widget_type=\"heading.default\">\n\t\t\t\t<div class=\"elementor-widget-container\">\n\t\t\t\t\t<h2 class=\"elementor-heading-title elementor-size-default\">Fitness ruh\u00e1zat<\/h2>\t\t\t\t<\/div>\n\t\t\t\t<\/div>\n\t\t\t\t<div class=\"elementor-element elementor-element-0e05e3e elementor-widget elementor-widget-text-editor\" data-id=\"0e05e3e\" data-element_type=\"widget\" data-e-type=\"widget\" data-widget_type=\"text-editor.default\">\n\t\t\t\t<div class=\"elementor-widget-container\">\n\t\t\t\t\t\t\t\t\tIgyekezzen a lehet\u0151 legt\u00f6bbet elker\u00fclni, hogy szexbab\u00e1j\u00e1t sz\u0171k ruh\u00e1ba \u00f6lt\u00f6ztesse, vagy olyan ruh\u00e1ba, amely hossz\u00fa ideig szor\u00edtja. Ez a szilikon megreped\u00e9s\u00e9t vagy r\u00e1galmaz\u00e1st okozhat.\t\t\t\t\t\t\t\t<\/div>\n\t\t\t\t<\/div>\n\t\t\t\t<div class=\"elementor-element elementor-element-8cc3ec1 elementor-widget elementor-widget-text-editor\" data-id=\"8cc3ec1\" data-element_type=\"widget\" data-e-type=\"widget\" data-widget_type=\"text-editor.default\">\n\t\t\t\t<div class=\"elementor-widget-container\">\n\t\t\t\t\t\t\t\t\t Ha a szexbab\u00e1dhoz k\u00edv\u00e1nt ruham\u00e9ret nem felel meg, szerezz be egy m\u00e1sikat. R\u00e1ad\u00e1sul a ruh\u00e1k egy r\u00e9sz\u00e9t kifejezetten bab\u00e1k sz\u00e1m\u00e1ra kell k\u00e9sz\u00edteni.\t\t\t\t\t\t\t\t<\/div>\n\t\t\t\t<\/div>\n\t\t\t\t<div class=\"elementor-element elementor-element-fb0bc57 elementor-invisible elementor-widget elementor-widget-heading\" data-id=\"fb0bc57\" data-element_type=\"widget\" data-e-type=\"widget\" data-settings=\"{&quot;_animation&quot;:&quot;fadeInUp&quot;}\" data-widget_type=\"heading.default\">\n\t\t\t\t<div class=\"elementor-widget-container\">\n\t\t\t\t\t<h2 class=\"elementor-heading-title elementor-size-default\">Elsz\u00ednez\u0151d\u00e9s megel\u0151z\u00e9se<\/h2>\t\t\t\t<\/div>\n\t\t\t\t<\/div>\n\t\t\t\t<div class=\"elementor-element elementor-element-53229ea elementor-widget elementor-widget-text-editor\" data-id=\"53229ea\" data-element_type=\"widget\" data-e-type=\"widget\" data-widget_type=\"text-editor.default\">\n\t\t\t\t<div class=\"elementor-widget-container\">\n\t\t\t\t\t\t\t\t\tEgyes ruh\u00e1zati t\u00edpusok festett m\u0171b\u0151rb\u0151l vagy m\u00e1s olajfoltos b\u0151rb\u0151l k\u00e9sz\u00fclnek, borzaszt\u00f3 sz\u00edn\u0171ek, amelyek besziv\u00e1roghatnak a szilikon belsej\u00e9be, ha a szexbaba hosszabb ideig \u00e9rintkezik a ruh\u00e1val. Ez a szexbaba b\u0151rsz\u00edn\u00e9nek megv\u00e1ltoz\u00e1s\u00e1hoz vezethet. A legre\u00e1lisabb az, ha elker\u00fclj\u00fck az ilyen izz\u00e1st, amennyire csak lehets\u00e9ges, vagy ha sz\u00fcks\u00e9g van r\u00e1, \u00e9s fel kell venni \u0151ket, hagyjuk, hogy korl\u00e1tozott ideig legyen a szexi szexbaba test\u00e9n.\t\t\t\t\t\t\t\t<\/div>\n\t\t\t\t<\/div>\n\t\t\t\t<div class=\"elementor-element elementor-element-2e3d2b1 elementor-invisible elementor-widget elementor-widget-heading\" data-id=\"2e3d2b1\" data-element_type=\"widget\" data-e-type=\"widget\" data-settings=\"{&quot;_animation&quot;:&quot;fadeInUp&quot;}\" data-widget_type=\"heading.default\">\n\t\t\t\t<div class=\"elementor-widget-container\">\n\t\t\t\t\t<h2 class=\"elementor-heading-title elementor-size-default\">Haszn\u00e1ljon f\u00fcrd\u0151port, talkumot vagy babaport a ragad\u00f3ss\u00e1g megel\u0151z\u00e9s\u00e9re<\/h2>\t\t\t\t<\/div>\n\t\t\t\t<\/div>\n\t\t\t\t<div class=\"elementor-element elementor-element-0963a4f elementor-widget elementor-widget-text-editor\" data-id=\"0963a4f\" data-element_type=\"widget\" data-e-type=\"widget\" data-widget_type=\"text-editor.default\">\n\t\t\t\t<div class=\"elementor-widget-container\">\n\t\t\t\t\t\t\t\t\tTerm\u00e9szetesen a szilikon fel\u00fclete meglehet\u0151sen ragad\u00f3s. Amit tenni kell, az az, hogy \u00f6lt\u00f6zk\u00f6d\u00e9s el\u0151tt haszn\u00e1ljon f\u00fcrd\u0151port vagy hint\u0151port. Ha van statikus elektromoss\u00e1g, akkor a statikus elektromoss\u00e1g spray haszn\u00e1lhat\u00f3. Legyen \u00f3vatos a permetez\u00e9sn\u00e9l, hogy ne permetezzen t\u00fal sokat.\t\t\t\t\t\t\t\t<\/div>\n\t\t\t\t<\/div>\n\t\t\t\t\t<\/div>\n\t\t<\/div>\n\t\t\t\t\t<\/div>\n\t\t<\/section>\n\t\t\t\t<\/div>","protected":false},"excerpt":{"rendered":"<p>Megjegyz\u00e9sek a baba \u00f6lt\u00f6ztet\u00e9s\u00e9n\u00e9l Bevezet\u00e9s A szilikon baba v\u00e9gtagjai mozoghatnak, de bizonyos korl\u00e1toz\u00e1sokkal. Mik\u00f6zben szexbab\u00e1dat \u00edzl\u00e9sednek megfelel\u0151en \u00f6lt\u00f6zteted, a szilikon b\u0151rt is v\u00e9dened kell. Tegye j\u00f3l, ha figyelembe veszi a k\u00f6vetkez\u0151 pontokat. Ne hagyja, hogy a v\u00e9gtagok t\u00fals\u00e1gosan meghajoljanak Szexbab\u00e1ja \u00f6lt\u00f6ztet\u00e9se sor\u00e1n lehet\u0151leg ne emelje t\u00fal magasra a baba karjait, hogy ne forduljon el\u0151 szilikon szakad\u00e1s vagy szakad\u00e1s. K\u00e9rj\u00fck, szigor\u00faan vegye figyelembe a fizikai aktivit\u00e1si k\u00f6rben tal\u00e1lhat\u00f3 biztons\u00e1gos sz\u00f6gre vonatkoz\u00f3 utas\u00edt\u00e1sokat<\/p>","protected":false},"author":1,"featured_media":0,"parent":0,"menu_order":0,"comment_status":"closed","ping_status":"closed","template":"","meta":{"footnotes":""},"class_list":["post-5330","page","type-page","status-publish","hentry"],"aioseo_notices":[],"_links":{"self":[{"href":"https:\/\/renodoll.com\/hu\/wp-json\/wp\/v2\/pages\/5330","targetHints":{"allow":["GET"]}}],"collection":[{"href":"https:\/\/renodoll.com\/hu\/wp-json\/wp\/v2\/pages"}],"about":[{"href":"https:\/\/renodoll.com\/hu\/wp-json\/wp\/v2\/types\/page"}],"author":[{"embeddable":true,"href":"https:\/\/renodoll.com\/hu\/wp-json\/wp\/v2\/users\/1"}],"replies":[{"embeddable":true,"href":"https:\/\/renodoll.com\/hu\/wp-json\/wp\/v2\/comments?post=5330"}],"version-history":[{"count":53,"href":"https:\/\/renodoll.com\/hu\/wp-json\/wp\/v2\/pages\/5330\/revisions"}],"predecessor-version":[{"id":16005,"href":"https:\/\/renodoll.com\/hu\/wp-json\/wp\/v2\/pages\/5330\/revisions\/16005"}],"wp:attachment":[{"href":"https:\/\/renodoll.com\/hu\/wp-json\/wp\/v2\/media?parent=5330"}],"curies":[{"name":"wp","href":"https:\/\/api.w.org\/{rel}","templated":true}]}}