{"id":5394,"date":"2023-02-22T16:53:11","date_gmt":"2023-02-22T08:53:11","guid":{"rendered":"https:\/\/renodoll.com\/?page_id=5394"},"modified":"2023-04-24T20:06:46","modified_gmt":"2023-04-24T12:06:46","slug":"sex-doll-maintenance","status":"publish","type":"page","link":"https:\/\/renodoll.com\/hr\/sex-doll-odrzavanje\/","title":{"rendered":"Odr\u017eavanje seks lutaka"},"content":{"rendered":"<div data-elementor-type=\"wp-page\" data-elementor-id=\"5394\" class=\"elementor elementor-5394\">\n\t\t\t\t\t\t\t\t\t<section class=\"elementor-section elementor-top-section elementor-element elementor-element-b863e45 elementor-section-boxed elementor-section-height-default elementor-section-height-default\" data-id=\"b863e45\" data-element_type=\"section\">\n\t\t\t\t\t\t<div class=\"elementor-container elementor-column-gap-default\">\n\t\t\t\t\t<div class=\"elementor-column elementor-col-100 elementor-top-column elementor-element elementor-element-d06ff7c page-content-text\" data-id=\"d06ff7c\" data-element_type=\"column\">\n\t\t\t<div class=\"elementor-widget-wrap elementor-element-populated\">\n\t\t\t\t\t\t\t\t<div class=\"elementor-element elementor-element-cc13aac elementor-invisible elementor-widget elementor-widget-heading\" data-id=\"cc13aac\" data-element_type=\"widget\" data-settings=\"{&quot;_animation&quot;:&quot;fadeInUp&quot;}\" data-widget_type=\"heading.default\">\n\t\t\t\t<div class=\"elementor-widget-container\">\n\t\t\t<style>\/*! elementor - v3.10.2 - 29-01-2023 *\/\n.elementor-heading-title{padding:0;margin:0;line-height:1}.elementor-widget-heading .elementor-heading-title[class*=elementor-size-]>a{color:inherit;font-size:inherit;line-height:inherit}.elementor-widget-heading .elementor-heading-title.elementor-size-small{font-size:15px}.elementor-widget-heading .elementor-heading-title.elementor-size-medium{font-size:19px}.elementor-widget-heading .elementor-heading-title.elementor-size-large{font-size:29px}.elementor-widget-heading .elementor-heading-title.elementor-size-xl{font-size:39px}.elementor-widget-heading .elementor-heading-title.elementor-size-xxl{font-size:59px}<\/style><h2 class=\"elementor-heading-title elementor-size-default\">NJEGA SILIKONSKE POVR\u0160INE<\/h2>\t\t<\/div>\n\t\t\t\t<\/div>\n\t\t\t\t<section class=\"elementor-section elementor-inner-section elementor-element elementor-element-b9cb035 elementor-section-boxed elementor-section-height-default elementor-section-height-default\" data-id=\"b9cb035\" data-element_type=\"section\">\n\t\t\t\t\t\t<div class=\"elementor-container elementor-column-gap-default\">\n\t\t\t\t\t<div class=\"elementor-column elementor-col-100 elementor-inner-column elementor-element elementor-element-3145bdb\" data-id=\"3145bdb\" data-element_type=\"column\">\n\t\t\t<div class=\"elementor-widget-wrap elementor-element-populated\">\n\t\t\t\t\t\t\t\t<div class=\"elementor-element elementor-element-8958d6e elementor-invisible elementor-widget elementor-widget-heading\" data-id=\"8958d6e\" data-element_type=\"widget\" data-settings=\"{&quot;_animation&quot;:&quot;fadeInUp&quot;}\" data-widget_type=\"heading.default\">\n\t\t\t\t<div class=\"elementor-widget-container\">\n\t\t\t<h2 class=\"elementor-heading-title elementor-size-default\">Uvod u njegu seksualne lutke<\/h2>\t\t<\/div>\n\t\t\t\t<\/div>\n\t\t\t\t<div class=\"elementor-element elementor-element-5c55386 elementor-widget elementor-widget-text-editor\" data-id=\"5c55386\" data-element_type=\"widget\" data-widget_type=\"text-editor.default\">\n\t\t\t\t<div class=\"elementor-widget-container\">\n\t\t\t<style>\/*! elementor - v3.10.2 - 29-01-2023 *\/\n.elementor-widget-text-editor.elementor-drop-cap-view-stacked .elementor-drop-cap{background-color:#818a91;color:#fff}.elementor-widget-text-editor.elementor-drop-cap-view-framed .elementor-drop-cap{color:#818a91;border:3px solid;background-color:transparent}.elementor-widget-text-editor:not(.elementor-drop-cap-view-default) .elementor-drop-cap{margin-top:8px}.elementor-widget-text-editor:not(.elementor-drop-cap-view-default) .elementor-drop-cap-letter{width:1em;height:1em}.elementor-widget-text-editor .elementor-drop-cap{float:left;text-align:center;line-height:1;font-size:50px}.elementor-widget-text-editor .elementor-drop-cap-letter{display:inline-block}<\/style>\t\t\t\t<p>Za duplikat ko\u017ee modela lutke koristimo silikonsku gumu za ljudsko tijelo od stranog polimera kao opremu koja je netoksi\u010dna i bez mirisa.<\/p>\t\t\t\t\t\t<\/div>\n\t\t\t\t<\/div>\n\t\t\t\t<div class=\"elementor-element elementor-element-ce0966c elementor-widget elementor-widget-text-editor\" data-id=\"ce0966c\" data-element_type=\"widget\" data-widget_type=\"text-editor.default\">\n\t\t\t\t<div class=\"elementor-widget-container\">\n\t\t\t\t\t\t\tNakon \u0161to se silikonski materijali dulje vrijeme ne koriste, do\u0107i \u0107e do izlijevanja ulja na njihovim povr\u0161inama zbog silikonskog ulja koje se nalazi u silikonskoj formuli, a to je uobi\u010dajena pojava.\t\t\t\t\t\t<\/div>\n\t\t\t\t<\/div>\n\t\t\t\t<div class=\"elementor-element elementor-element-28b24ad elementor-widget elementor-widget-text-editor\" data-id=\"28b24ad\" data-element_type=\"widget\" data-widget_type=\"text-editor.default\">\n\t\t\t\t<div class=\"elementor-widget-container\">\n\t\t\t\t\t\t\tPovr\u0161inu morate samo nje\u017eno o\u010distiti bilo kojom \u010distom tkaninom. Tako\u0111er, kada se seks lutke ne koriste dulje vrijeme, njihove \u0107e se povr\u0161ine zaprljati uljem; to jest, kako bi silikonska ko\u017ea bila \u010dista i sigurna za bolje performanse, uvijek obavite rutinsku provjeru i redovito odr\u017eavajte.\t\t\t\t\t\t<\/div>\n\t\t\t\t<\/div>\n\t\t\t\t<div class=\"elementor-element elementor-element-1003aec elementor-widget elementor-widget-text-editor\" data-id=\"1003aec\" data-element_type=\"widget\" data-widget_type=\"text-editor.default\">\n\t\t\t\t<div class=\"elementor-widget-container\">\n\t\t\t\t\t\t\tProcijenjeno vrijeme \u010di\u0161\u0107enja varira ovisno o zna\u010daju du\u017enosti i domeni skladi\u0161ta. Op\u0107enito, mjese\u010dna rutina je prihvatljiva.\t\t\t\t\t\t<\/div>\n\t\t\t\t<\/div>\n\t\t\t\t\t<\/div>\n\t\t<\/div>\n\t\t\t\t\t\t\t<\/div>\n\t\t<\/section>\n\t\t\t\t<div class=\"elementor-element elementor-element-e5c4aaa elementor-invisible elementor-widget elementor-widget-heading\" data-id=\"e5c4aaa\" data-element_type=\"widget\" data-settings=\"{&quot;_animation&quot;:&quot;fadeInUp&quot;}\" data-widget_type=\"heading.default\">\n\t\t\t\t<div class=\"elementor-widget-container\">\n\t\t\t<h2 class=\"elementor-heading-title elementor-size-default\">Metoda rutinskog odr\u017eavanja seksualne lutke <\/h2>\t\t<\/div>\n\t\t\t\t<\/div>\n\t\t\t\t<div class=\"elementor-element elementor-element-6d7a9f6 elementor-widget elementor-widget-text-editor\" data-id=\"6d7a9f6\" data-element_type=\"widget\" data-widget_type=\"text-editor.default\">\n\t\t\t\t<div class=\"elementor-widget-container\">\n\t\t\t\t\t\t\tNajprije umo\u010dite tkaninu u mlaku vodu i njome pa\u017eljivo o\u010distite povr\u0161inu lutke(a). Ako na silikonskoj povr\u0161ini ima prljav\u0161tine ili zalijepljene mrlje, pa\u017eljivo je vi\u0161e puta obri\u0161ite sapunicom i nemojte je nasilno tapkati.\t\t\t\t\t\t<\/div>\n\t\t\t\t<\/div>\n\t\t\t\t<div class=\"elementor-element elementor-element-9ea4cf7 elementor-widget elementor-widget-text-editor\" data-id=\"9ea4cf7\" data-element_type=\"widget\" data-widget_type=\"text-editor.default\">\n\t\t\t\t<div class=\"elementor-widget-container\">\n\t\t\t\t\t\t\tPrilikom \u010di\u0161\u0107enja povr\u0161ine silikona, nastojte ne koristiti opasna sredstva za \u010di\u0161\u0107enje kao \u0161to su jake kiseline i lu\u017eine, jaki deterd\u017eent za dezinfekciju, itd.\t\t\t\t\t\t<\/div>\n\t\t\t\t<\/div>\n\t\t\t\t<div class=\"elementor-element elementor-element-3cf20d9 elementor-widget elementor-widget-text-editor\" data-id=\"3cf20d9\" data-element_type=\"widget\" data-widget_type=\"text-editor.default\">\n\t\t\t\t<div class=\"elementor-widget-container\">\n\t\t\t\t\t\t\tBlagi sapun, teku\u0107i deterd\u017eent, \u0161ampon ili gel za tu\u0161iranje mogu se koristiti za utapkavanje.\t\t\t\t\t\t<\/div>\n\t\t\t\t<\/div>\n\t\t\t\t<div class=\"elementor-element elementor-element-ece45d6 elementor-widget elementor-widget-image\" data-id=\"ece45d6\" data-element_type=\"widget\" data-widget_type=\"image.default\">\n\t\t\t\t<div class=\"elementor-widget-container\">\n\t\t\t<style>\/*! elementor - v3.10.2 - 29-01-2023 *\/\n.elementor-widget-image{text-align:center}.elementor-widget-image a{display:inline-block}.elementor-widget-image a img[src$=\".svg\"]{width:48px}.elementor-widget-image img{vertical-align:middle;display:inline-block}<\/style>\t\t\t\t\t\t\t\t\t\t\t\t<img loading=\"lazy\" decoding=\"async\" width=\"770\" height=\"213\" src=\"https:\/\/renodoll.com\/wp-content\/uploads\/2023\/03\/kb-maintain-1.gif\" class=\"attachment-large size-large wp-image-14560\" alt=\"\" \/>\t\t\t\t\t\t\t\t\t\t\t\t\t\t\t<\/div>\n\t\t\t\t<\/div>\n\t\t\t\t<div class=\"elementor-element elementor-element-018d411 elementor-widget elementor-widget-text-editor\" data-id=\"018d411\" data-element_type=\"widget\" data-widget_type=\"text-editor.default\">\n\t\t\t\t<div class=\"elementor-widget-container\">\n\t\t\t\t\t\t\tNakon uporabe o\u010distite i osu\u0161ite povr\u0161inu i stavite kupku ili puder u prahu na \u017eivu lutku; prilikom izvo\u0111enja ove radnje nosite masku za lice kako biste izbjegli upijanje pra\u0161ine.\t\t\t\t\t\t<\/div>\n\t\t\t\t<\/div>\n\t\t\t\t<div class=\"elementor-element elementor-element-8d314f9 elementor-invisible elementor-widget elementor-widget-heading\" data-id=\"8d314f9\" data-element_type=\"widget\" data-settings=\"{&quot;_animation&quot;:&quot;fadeInUp&quot;}\" data-widget_type=\"heading.default\">\n\t\t\t\t<div class=\"elementor-widget-container\">\n\t\t\t<h2 class=\"elementor-heading-title elementor-size-default\">Njega dijelova zglobova <\/h2>\t\t<\/div>\n\t\t\t\t<\/div>\n\t\t\t\t<div class=\"elementor-element elementor-element-db124c9 elementor-widget elementor-widget-text-editor\" data-id=\"db124c9\" data-element_type=\"widget\" data-widget_type=\"text-editor.default\">\n\t\t\t\t<div class=\"elementor-widget-container\">\n\t\t\t\t\t\t\tZglobni dio ne smije biti predugo nagnut, u suprotnom \u0107e se pojaviti nabori na njegovoj povr\u0161ini zbog nepravilnog polo\u017eaja uzrokovanog dugotrajnim pritiskom na ko\u017eu. Na primjer, ako du\u017ee vrijeme sjedi na kau\u010du, na njegovom trbuhu \u0107e se pojaviti vodoravna linija.\t\t\t\t\t\t<\/div>\n\t\t\t\t<\/div>\n\t\t\t\t<div class=\"elementor-element elementor-element-c56c12b elementor-widget elementor-widget-image\" data-id=\"c56c12b\" data-element_type=\"widget\" data-widget_type=\"image.default\">\n\t\t\t\t<div class=\"elementor-widget-container\">\n\t\t\t\t\t\t\t\t\t\t\t\t\t\t\t<img loading=\"lazy\" decoding=\"async\" width=\"770\" height=\"332\" src=\"https:\/\/renodoll.com\/wp-content\/uploads\/2023\/03\/kb-maintain-2.gif\" class=\"attachment-large size-large wp-image-14561\" alt=\"\" \/>\t\t\t\t\t\t\t\t\t\t\t\t\t\t\t<\/div>\n\t\t\t\t<\/div>\n\t\t\t\t<div class=\"elementor-element elementor-element-04e7cc1 elementor-widget elementor-widget-text-editor\" data-id=\"04e7cc1\" data-element_type=\"widget\" data-widget_type=\"text-editor.default\">\n\t\t\t\t<div class=\"elementor-widget-container\">\n\t\t\t\t\t\t\tSilikon ima izdr\u017eljivost; seks lutka nije u upotrebi; molimo zapakirajte ga na isti na\u010din na koji je iza\u0161ao iz tvornice; smanjit \u0107e pritisak na sve zglobove. Odlo\u017eite realisti\u010dnu seks lutku na nekoliko dana ako ima bilo kakvih nabora i bora, i ona \u0107e nestati.\t\t\t\t\t\t<\/div>\n\t\t\t\t<\/div>\n\t\t\t\t<div class=\"elementor-element elementor-element-30b6d21 elementor-invisible elementor-widget elementor-widget-heading\" data-id=\"30b6d21\" data-element_type=\"widget\" data-settings=\"{&quot;_animation&quot;:&quot;fadeInUp&quot;}\" data-widget_type=\"heading.default\">\n\t\t\t\t<div class=\"elementor-widget-container\">\n\t\t\t<h2 class=\"elementor-heading-title elementor-size-default\">Njega realisti\u010dnog premaza seks lutke <\/h2>\t\t<\/div>\n\t\t\t\t<\/div>\n\t\t\t\t<div class=\"elementor-element elementor-element-56ee739 elementor-widget elementor-widget-html\" data-id=\"56ee739\" data-element_type=\"widget\" data-widget_type=\"html.default\">\n\t\t\t\t<div class=\"elementor-widget-container\">\n\t\t\t<ol class=\"number_list_type\"><li>Prekrasna \u0161minka napravljena na ljubavnoj lutki koju \u0161aljemo na\u0161im klijentima je silikonski premaz koji se mo\u017eda ne\u0107e o\u010distiti<\/li>\n<li>Nemojte ga \u010distiti na silu, osobito ako je \u0161minka na licu, obrvama i trepavicama seks lutke u prirodnoj veli\u010dini. Molimo obratite pozornost na silu koja se primjenjuje prilikom rutinskog \u010di\u0161\u0107enja seks lutke u stvarnoj veli\u010dini.\n<\/li>\n<li>Ako primijenite mnogo snage, kosa \u0107e se otrgnuti, a njezina \u0107e boja tako\u0111er izblijediti nakon \u0161to boja izblijedi; te\u0161ko je izvr\u0161iti popravke.<\/li>\n<li>Op\u0107a kozmetika mo\u017ee se koristiti za \u0161minkanje seks lutaka, npr. ru\u017e za usne itd.<\/li>\n<li>Izbjegavajte koristiti pregustu i ljepljivu mast za premazivanje lica jer \u0107e ju biti te\u0161ko utrljati.<\/li>\n<li>Kada mijenjate \u0161minku, nemojte je nemarno utapkati s puno energije; pa\u017eljivo koristite vodu sa sapunicom ili maramicu za lice da ga o\u010distite.<\/li>\n<\/ol>\t\t<\/div>\n\t\t\t\t<\/div>\n\t\t\t\t\t<\/div>\n\t\t<\/div>\n\t\t\t\t\t\t\t<\/div>\n\t\t<\/section>\n\t\t\t\t\t\t\t<\/div>","protected":false},"excerpt":{"rendered":"<p>NJEGA SILIKONSKE POVR\u0160INE Njega lutke za seks Uvod Za duplikat ko\u017ee modela lutke koristimo silikonsku gumu za ljudsko tijelo od stranog polimera kao opremu koja je netoksi\u010dna i bez mirisa. Nakon \u0161to se silikonski materijali dulje vrijeme ne koriste, do\u0107i \u0107e do izlijevanja ulja na njihovim povr\u0161inama zbog silikonskog ulja uklju\u010denog u silikonsku formulu, a to je uobi\u010dajena pojava. Morate samo nje\u017eno o\u010distiti povr\u0161inu bilo kojim sredstvom za \u010di\u0161\u0107enje tkanina. Tako\u0111er, kada se seks lutke ne koriste dulje vrijeme, njihove povr\u0161ine \u0107e dobiti mrlje<\/p>","protected":false},"author":1,"featured_media":0,"parent":0,"menu_order":0,"comment_status":"closed","ping_status":"closed","template":"","meta":{"footnotes":""},"class_list":["post-5394","page","type-page","status-publish","hentry"],"aioseo_notices":[],"_links":{"self":[{"href":"https:\/\/renodoll.com\/hr\/wp-json\/wp\/v2\/pages\/5394","targetHints":{"allow":["GET"]}}],"collection":[{"href":"https:\/\/renodoll.com\/hr\/wp-json\/wp\/v2\/pages"}],"about":[{"href":"https:\/\/renodoll.com\/hr\/wp-json\/wp\/v2\/types\/page"}],"author":[{"embeddable":true,"href":"https:\/\/renodoll.com\/hr\/wp-json\/wp\/v2\/users\/1"}],"replies":[{"embeddable":true,"href":"https:\/\/renodoll.com\/hr\/wp-json\/wp\/v2\/comments?post=5394"}],"version-history":[{"count":55,"href":"https:\/\/renodoll.com\/hr\/wp-json\/wp\/v2\/pages\/5394\/revisions"}],"predecessor-version":[{"id":16006,"href":"https:\/\/renodoll.com\/hr\/wp-json\/wp\/v2\/pages\/5394\/revisions\/16006"}],"wp:attachment":[{"href":"https:\/\/renodoll.com\/hr\/wp-json\/wp\/v2\/media?parent=5394"}],"curies":[{"name":"wp","href":"https:\/\/api.w.org\/{rel}","templated":true}]}}