{"id":5358,"date":"2023-02-22T15:16:33","date_gmt":"2023-02-22T07:16:33","guid":{"rendered":"https:\/\/renodoll.com\/?page_id=5358"},"modified":"2023-04-24T20:05:00","modified_gmt":"2023-04-24T12:05:00","slug":"sex-doll-breast-options","status":"publish","type":"page","link":"https:\/\/renodoll.com\/hr\/sex-doll-breast-options\/","title":{"rendered":"Opcije grudi Sex Doll"},"content":{"rendered":"<div data-elementor-type=\"wp-page\" data-elementor-id=\"5358\" class=\"elementor elementor-5358\" data-elementor-post-type=\"page\">\n\t\t\t\t\t\t<section class=\"elementor-section elementor-top-section elementor-element elementor-element-f699184 elementor-section-boxed elementor-section-height-default elementor-section-height-default\" data-id=\"f699184\" data-element_type=\"section\" data-e-type=\"section\">\n\t\t\t\t\t\t<div class=\"elementor-container elementor-column-gap-default\">\n\t\t\t\t\t<div class=\"elementor-column elementor-col-100 elementor-top-column elementor-element elementor-element-d1f5877 page-content-text\" data-id=\"d1f5877\" data-element_type=\"column\" data-e-type=\"column\">\n\t\t\t<div class=\"elementor-widget-wrap elementor-element-populated\">\n\t\t\t\t\t\t<div class=\"elementor-element elementor-element-5387678 elementor-widget elementor-widget-text-editor\" data-id=\"5387678\" data-element_type=\"widget\" data-e-type=\"widget\" data-widget_type=\"text-editor.default\">\n\t\t\t\t<div class=\"elementor-widget-container\">\n\t\t\t\t\t\t\t\t\tKako bi dodirivanje grudi va\u0161e ljubavne lutke bilo sli\u010dno kao iskustvo ljudskog tijela, radimo na stalnoj improvizaciji grudi. Tri na\u010dina rada na grudima su:\t\t\t\t\t\t\t\t<\/div>\n\t\t\t\t<\/div>\n\t\t\t\t<div class=\"elementor-element elementor-element-d899880 elementor-align-start elementor-icon-list--layout-traditional elementor-list-item-link-full_width elementor-widget elementor-widget-icon-list\" data-id=\"d899880\" data-element_type=\"widget\" data-e-type=\"widget\" data-widget_type=\"icon-list.default\">\n\t\t\t\t<div class=\"elementor-widget-container\">\n\t\t\t\t\t\t\t<ul class=\"elementor-icon-list-items\">\n\t\t\t\t\t\t\t<li class=\"elementor-icon-list-item\">\n\t\t\t\t\t\t\t\t\t\t\t<span class=\"elementor-icon-list-icon\">\n\t\t\t\t\t\t\t<i aria-hidden=\"true\" class=\"fas fa-check\"><\/i>\t\t\t\t\t\t<\/span>\n\t\t\t\t\t\t\t\t\t\t<span class=\"elementor-icon-list-text\">Standard<\/span>\n\t\t\t\t\t\t\t\t\t<\/li>\n\t\t\t\t\t\t\t\t<li class=\"elementor-icon-list-item\">\n\t\t\t\t\t\t\t\t\t\t\t<span class=\"elementor-icon-list-icon\">\n\t\t\t\t\t\t\t<i aria-hidden=\"true\" class=\"fas fa-check\"><\/i>\t\t\t\t\t\t<\/span>\n\t\t\t\t\t\t\t\t\t\t<span class=\"elementor-icon-list-text\">Punjeno gelom<\/span>\n\t\t\t\t\t\t\t\t\t<\/li>\n\t\t\t\t\t\t\t\t<li class=\"elementor-icon-list-item\">\n\t\t\t\t\t\t\t\t\t\t\t<span class=\"elementor-icon-list-icon\">\n\t\t\t\t\t\t\t<i aria-hidden=\"true\" class=\"fas fa-check\"><\/i>\t\t\t\t\t\t<\/span>\n\t\t\t\t\t\t\t\t\t\t<span class=\"elementor-icon-list-text\">\u0160uplje<\/span>\n\t\t\t\t\t\t\t\t\t<\/li>\n\t\t\t\t\t\t<\/ul>\n\t\t\t\t\t\t<\/div>\n\t\t\t\t<\/div>\n\t\t\t\t<div class=\"elementor-element elementor-element-0f22dab elementor-invisible elementor-widget elementor-widget-heading\" data-id=\"0f22dab\" data-element_type=\"widget\" data-e-type=\"widget\" data-settings=\"{&quot;_animation&quot;:&quot;fadeInUp&quot;}\" data-widget_type=\"heading.default\">\n\t\t\t\t<div class=\"elementor-widget-container\">\n\t\t\t\t\t<h2 class=\"elementor-heading-title elementor-size-default\">Opcija grudi seksualne lutke za odrasle \u2013 standardna, punjena gelom ili \u0161uplja?<\/h2>\t\t\t\t<\/div>\n\t\t\t\t<\/div>\n\t\t\t\t<div class=\"elementor-element elementor-element-c746337 elementor-widget elementor-widget-text-editor\" data-id=\"c746337\" data-element_type=\"widget\" data-e-type=\"widget\" data-widget_type=\"text-editor.default\">\n\t\t\t\t<div class=\"elementor-widget-container\">\n\t\t\t\t\t\t\t\t\t<p>Odabrati svoju omiljenu lutku iz na\u0161e \u0161iroke ponude seks lutaka mo\u017ee biti prava gnjava\u017ea. Trenuta\u010dno u na\u0161oj kolekciji imamo vi\u0161e od 2000 seks lutaka me\u0111u kojima mo\u017eete odabrati, a ni tu nije kraj. Nakon \u0161to ste uspjeli donijeti kona\u010dnu odluku i dr\u017eati se svoje prave lutke, uvedeni ste u cijeli drugi svijet dizajna i nadogradnji. Tako\u0111er bi vas pitali o vrsti dizajna grudi koji biste \u017eeljeli; ovdje je ovaj \u010dlanak koristan jer daje uvid u to kakve grudi biste \u017eeljeli da va\u0161a seks lutka ima.<\/p>\t\t\t\t\t\t\t\t<\/div>\n\t\t\t\t<\/div>\n\t\t\t\t<div class=\"elementor-element elementor-element-406d124 elementor-widget elementor-widget-text-editor\" data-id=\"406d124\" data-element_type=\"widget\" data-e-type=\"widget\" data-widget_type=\"text-editor.default\">\n\t\t\t\t<div class=\"elementor-widget-container\">\n\t\t\t\t\t\t\t\t\tTri dostupne opcije za seks lutke:\t\t\t\t\t\t\t\t<\/div>\n\t\t\t\t<\/div>\n\t\t\t\t<div class=\"elementor-element elementor-element-1f03e71 elementor-align-start elementor-icon-list--layout-traditional elementor-list-item-link-full_width elementor-widget elementor-widget-icon-list\" data-id=\"1f03e71\" data-element_type=\"widget\" data-e-type=\"widget\" data-widget_type=\"icon-list.default\">\n\t\t\t\t<div class=\"elementor-widget-container\">\n\t\t\t\t\t\t\t<ul class=\"elementor-icon-list-items\">\n\t\t\t\t\t\t\t<li class=\"elementor-icon-list-item\">\n\t\t\t\t\t\t\t\t\t\t\t<span class=\"elementor-icon-list-icon\">\n\t\t\t\t\t\t\t<i aria-hidden=\"true\" class=\"fas fa-check\"><\/i>\t\t\t\t\t\t<\/span>\n\t\t\t\t\t\t\t\t\t\t<span class=\"elementor-icon-list-text\">Standardne grudi,<\/span>\n\t\t\t\t\t\t\t\t\t<\/li>\n\t\t\t\t\t\t\t\t<li class=\"elementor-icon-list-item\">\n\t\t\t\t\t\t\t\t\t\t\t<span class=\"elementor-icon-list-icon\">\n\t\t\t\t\t\t\t<i aria-hidden=\"true\" class=\"fas fa-check\"><\/i>\t\t\t\t\t\t<\/span>\n\t\t\t\t\t\t\t\t\t\t<span class=\"elementor-icon-list-text\">Grudi ispunjene gelom, <\/span>\n\t\t\t\t\t\t\t\t\t<\/li>\n\t\t\t\t\t\t\t\t<li class=\"elementor-icon-list-item\">\n\t\t\t\t\t\t\t\t\t\t\t<span class=\"elementor-icon-list-icon\">\n\t\t\t\t\t\t\t<i aria-hidden=\"true\" class=\"fas fa-check\"><\/i>\t\t\t\t\t\t<\/span>\n\t\t\t\t\t\t\t\t\t\t<span class=\"elementor-icon-list-text\">\u0160uplje grudi.<\/span>\n\t\t\t\t\t\t\t\t\t<\/li>\n\t\t\t\t\t\t<\/ul>\n\t\t\t\t\t\t<\/div>\n\t\t\t\t<\/div>\n\t\t\t\t<div class=\"elementor-element elementor-element-1f5c990 elementor-widget elementor-widget-text-editor\" data-id=\"1f5c990\" data-element_type=\"widget\" data-e-type=\"widget\" data-widget_type=\"text-editor.default\">\n\t\t\t\t<div class=\"elementor-widget-container\">\n\t\t\t\t\t\t\t\t\tOpis svakog dizajna dojke, prednosti i nedostaci obja\u0161njeni su u nastavku.\t\t\t\t\t\t\t\t<\/div>\n\t\t\t\t<\/div>\n\t\t\t\t<div class=\"elementor-element elementor-element-4c62670 elementor-invisible elementor-widget elementor-widget-heading\" data-id=\"4c62670\" data-element_type=\"widget\" data-e-type=\"widget\" data-settings=\"{&quot;_animation&quot;:&quot;fadeInUp&quot;}\" data-widget_type=\"heading.default\">\n\t\t\t\t<div class=\"elementor-widget-container\">\n\t\t\t\t\t<h2 class=\"elementor-heading-title elementor-size-default\">Standardne grudi<\/h2>\t\t\t\t<\/div>\n\t\t\t\t<\/div>\n\t\t\t\t<section class=\"elementor-section elementor-inner-section elementor-element elementor-element-16df2c5 elementor-section-boxed elementor-section-height-default elementor-section-height-default\" data-id=\"16df2c5\" data-element_type=\"section\" data-e-type=\"section\">\n\t\t\t\t\t\t<div class=\"elementor-container elementor-column-gap-default\">\n\t\t\t\t\t<div class=\"elementor-column elementor-col-50 elementor-inner-column elementor-element elementor-element-9f060c9\" data-id=\"9f060c9\" data-element_type=\"column\" data-e-type=\"column\">\n\t\t\t<div class=\"elementor-widget-wrap elementor-element-populated\">\n\t\t\t\t\t\t<div class=\"elementor-element elementor-element-00f4dc3 elementor-widget elementor-widget-text-editor\" data-id=\"00f4dc3\" data-element_type=\"widget\" data-e-type=\"widget\" data-widget_type=\"text-editor.default\">\n\t\t\t\t<div class=\"elementor-widget-container\">\n\t\t\t\t\t\t\t\t\tStandardne grudi su lake i jednostavne i ne napla\u0107uju se dodatno. Izra\u0111ena je od istog materijala kao i va\u0161a lutka, bilo od silikona ili TPE-a. Grudi su \u010dvrste i \u017eivahne, ali ipak sadr\u017ee, u odre\u0111enoj mjeri, odre\u0111eni stupanj meko\u0107e i odsko\u010dnosti koji bi trebala imati silikonska ili TPE seks lutka. \t\t\t\t\t\t\t\t<\/div>\n\t\t\t\t<\/div>\n\t\t\t\t<div class=\"elementor-element elementor-element-d1c8f9d elementor-widget elementor-widget-text-editor\" data-id=\"d1c8f9d\" data-element_type=\"widget\" data-e-type=\"widget\" data-widget_type=\"text-editor.default\">\n\t\t\t\t<div class=\"elementor-widget-container\">\n\t\t\t\t\t\t\t\t\tOva je opcija najbolja opcija ako niste toliko zabrinuti zbog meko\u0107e grudi i \u017eelite izbje\u0107i pla\u0107anje nadogradnji. Standardne dojke su dovoljno stvarne za one koji ih takve \u017eele i nisu zainteresirani za kupnju nadogradnje. \t\t\t\t\t\t\t\t<\/div>\n\t\t\t\t<\/div>\n\t\t\t\t<div class=\"elementor-element elementor-element-d7f55b7 elementor-widget elementor-widget-heading\" data-id=\"d7f55b7\" data-element_type=\"widget\" data-e-type=\"widget\" data-widget_type=\"heading.default\">\n\t\t\t\t<div class=\"elementor-widget-container\">\n\t\t\t\t\t<h2 class=\"elementor-heading-title elementor-size-default\">- Prednosti<\/h2>\t\t\t\t<\/div>\n\t\t\t\t<\/div>\n\t\t\t\t<div class=\"elementor-element elementor-element-cd23bc8 elementor-widget elementor-widget-html\" data-id=\"cd23bc8\" data-element_type=\"widget\" data-e-type=\"widget\" data-widget_type=\"html.default\">\n\t\t\t\t<div class=\"elementor-widget-container\">\n\t\t\t\t\t<ol class=\"number_list_type\"><li>Ne pla\u0107ate dodatno jer dolazi s va\u0161om seks lutkom.<\/li>\n<li>\u010cvrst i \u017eivahan.<\/li>\n \n<\/ol>\t\t\t\t<\/div>\n\t\t\t\t<\/div>\n\t\t\t\t<div class=\"elementor-element elementor-element-c8bf5aa elementor-widget elementor-widget-heading\" data-id=\"c8bf5aa\" data-element_type=\"widget\" data-e-type=\"widget\" data-widget_type=\"heading.default\">\n\t\t\t\t<div class=\"elementor-widget-container\">\n\t\t\t\t\t<h2 class=\"elementor-heading-title elementor-size-default\">- Nedostaci<\/h2>\t\t\t\t<\/div>\n\t\t\t\t<\/div>\n\t\t\t\t<div class=\"elementor-element elementor-element-f6e0f40 elementor-widget elementor-widget-text-editor\" data-id=\"f6e0f40\" data-element_type=\"widget\" data-e-type=\"widget\" data-widget_type=\"text-editor.default\">\n\t\t\t\t<div class=\"elementor-widget-container\">\n\t\t\t\t\t\t\t\t\tApsolutno se ne mo\u017ee uspore\u0111ivati s ostalima koji su squishy ili ska\u010du\u0107i.\t\t\t\t\t\t\t\t<\/div>\n\t\t\t\t<\/div>\n\t\t\t\t\t<\/div>\n\t\t<\/div>\n\t\t\t\t<div class=\"elementor-column elementor-col-50 elementor-inner-column elementor-element elementor-element-62c7b6b\" data-id=\"62c7b6b\" data-element_type=\"column\" data-e-type=\"column\">\n\t\t\t<div class=\"elementor-widget-wrap elementor-element-populated\">\n\t\t\t\t\t\t<div class=\"elementor-element elementor-element-61593ef elementor-invisible elementor-widget elementor-widget-image\" data-id=\"61593ef\" data-element_type=\"widget\" data-e-type=\"widget\" data-settings=\"{&quot;_animation&quot;:&quot;fadeInRight&quot;}\" data-widget_type=\"image.default\">\n\t\t\t\t<div class=\"elementor-widget-container\">\n\t\t\t\t\t\t\t\t\t\t\t\t\t\t\t<img loading=\"lazy\" decoding=\"async\" width=\"700\" height=\"700\" src=\"https:\/\/renodoll.com\/wp-content\/uploads\/xstore\/xstore-placeholder-1x1.png\" class=\"attachment-large size-large wp-image-6612 lazyload lazyload-simple et-lazyload-fadeIn\" alt=\"\" sizes=\"auto, (max-width: 700px) 100vw, 700px\" data-src=\"https:\/\/renodoll.com\/wp-content\/uploads\/2023\/03\/solid.png\" data-srcset=\"https:\/\/renodoll.com\/wp-content\/uploads\/2023\/03\/solid.png 700w, https:\/\/renodoll.com\/wp-content\/uploads\/2023\/03\/solid-300x300.png 300w, https:\/\/renodoll.com\/wp-content\/uploads\/2023\/03\/solid-150x150.png 150w, https:\/\/renodoll.com\/wp-content\/uploads\/2023\/03\/solid-12x12.png 12w, https:\/\/renodoll.com\/wp-content\/uploads\/2023\/03\/solid-100x100.png 100w, https:\/\/renodoll.com\/wp-content\/uploads\/2023\/03\/solid-600x600.png 600w, https:\/\/renodoll.com\/wp-content\/uploads\/2023\/03\/solid-10x10.png 10w\" \/>\t\t\t\t\t\t\t\t\t\t\t\t\t\t\t<\/div>\n\t\t\t\t<\/div>\n\t\t\t\t\t<\/div>\n\t\t<\/div>\n\t\t\t\t\t<\/div>\n\t\t<\/section>\n\t\t\t\t<div class=\"elementor-element elementor-element-b3b0941 elementor-invisible elementor-widget elementor-widget-heading\" data-id=\"b3b0941\" data-element_type=\"widget\" data-e-type=\"widget\" data-settings=\"{&quot;_animation&quot;:&quot;fadeInUp&quot;}\" data-widget_type=\"heading.default\">\n\t\t\t\t<div class=\"elementor-widget-container\">\n\t\t\t\t\t<h2 class=\"elementor-heading-title elementor-size-default\">Grudi ispunjene gelom<\/h2>\t\t\t\t<\/div>\n\t\t\t\t<\/div>\n\t\t\t\t<section class=\"elementor-section elementor-inner-section elementor-element elementor-element-5a4b94d elementor-section-boxed elementor-section-height-default elementor-section-height-default\" data-id=\"5a4b94d\" data-element_type=\"section\" data-e-type=\"section\">\n\t\t\t\t\t\t<div class=\"elementor-container elementor-column-gap-default\">\n\t\t\t\t\t<div class=\"elementor-column elementor-col-50 elementor-inner-column elementor-element elementor-element-5856779\" data-id=\"5856779\" data-element_type=\"column\" data-e-type=\"column\">\n\t\t\t<div class=\"elementor-widget-wrap elementor-element-populated\">\n\t\t\t\t\t\t<div class=\"elementor-element elementor-element-40bf171 elementor-invisible elementor-widget elementor-widget-image\" data-id=\"40bf171\" data-element_type=\"widget\" data-e-type=\"widget\" data-settings=\"{&quot;_animation&quot;:&quot;fadeInLeft&quot;}\" data-widget_type=\"image.default\">\n\t\t\t\t<div class=\"elementor-widget-container\">\n\t\t\t\t\t\t\t\t\t\t\t\t\t\t\t<img loading=\"lazy\" decoding=\"async\" width=\"700\" height=\"700\" src=\"https:\/\/renodoll.com\/wp-content\/uploads\/xstore\/xstore-placeholder-1x1.png\" class=\"attachment-large size-large wp-image-6609 lazyload lazyload-simple et-lazyload-fadeIn\" alt=\"\" sizes=\"auto, (max-width: 700px) 100vw, 700px\" data-src=\"https:\/\/renodoll.com\/wp-content\/uploads\/2023\/03\/gel.png\" data-srcset=\"https:\/\/renodoll.com\/wp-content\/uploads\/2023\/03\/gel.png 700w, https:\/\/renodoll.com\/wp-content\/uploads\/2023\/03\/gel-300x300.png 300w, https:\/\/renodoll.com\/wp-content\/uploads\/2023\/03\/gel-150x150.png 150w, https:\/\/renodoll.com\/wp-content\/uploads\/2023\/03\/gel-12x12.png 12w, https:\/\/renodoll.com\/wp-content\/uploads\/2023\/03\/gel-100x100.png 100w, https:\/\/renodoll.com\/wp-content\/uploads\/2023\/03\/gel-600x600.png 600w, https:\/\/renodoll.com\/wp-content\/uploads\/2023\/03\/gel-10x10.png 10w\" \/>\t\t\t\t\t\t\t\t\t\t\t\t\t\t\t<\/div>\n\t\t\t\t<\/div>\n\t\t\t\t\t<\/div>\n\t\t<\/div>\n\t\t\t\t<div class=\"elementor-column elementor-col-50 elementor-inner-column elementor-element elementor-element-3e24827\" data-id=\"3e24827\" data-element_type=\"column\" data-e-type=\"column\">\n\t\t\t<div class=\"elementor-widget-wrap elementor-element-populated\">\n\t\t\t\t\t\t<div class=\"elementor-element elementor-element-105a2ab elementor-widget elementor-widget-text-editor\" data-id=\"105a2ab\" data-element_type=\"widget\" data-e-type=\"widget\" data-widget_type=\"text-editor.default\">\n\t\t\t\t<div class=\"elementor-widget-container\">\n\t\t\t\t\t\t\t\t\tNajbolja opcija koja bi ikada postojala \u0161to se ti\u010de grudi stvarnih seks lutaka. Puno mek\u0161e od standardne opcije grudi, punije i sna\u017enije od opcije \u0161upljih grudi. Gel se najvi\u0161e pribli\u017eava jer je savr\u0161ena sredina i pobje\u0111uje sve druge opcije na\u010dinom na koji opona\u0161a osje\u0107aj i pokret ljudskih grudi. Grudi punjene gelom izra\u0111ene su strogo na na\u010din da izgledaju tako realisti\u010dno, ba\u0161 poput ljudske masti. \t\t\t\t\t\t\t\t<\/div>\n\t\t\t\t<\/div>\n\t\t\t\t<div class=\"elementor-element elementor-element-67b058d elementor-widget elementor-widget-text-editor\" data-id=\"67b058d\" data-element_type=\"widget\" data-e-type=\"widget\" data-widget_type=\"text-editor.default\">\n\t\t\t\t<div class=\"elementor-widget-container\">\n\t\t\t\t\t\t\t\t\tOpcija punjena gelom je najbolja opcija koja postoji i zaista je vrijedna nadogradnje ako ste zainteresirani za seksi lutku za seks koja daje dojam ljudskih grudi.\t\t\t\t\t\t\t\t<\/div>\n\t\t\t\t<\/div>\n\t\t\t\t<div class=\"elementor-element elementor-element-59d4aa3 elementor-widget elementor-widget-text-editor\" data-id=\"59d4aa3\" data-element_type=\"widget\" data-e-type=\"widget\" data-widget_type=\"text-editor.default\">\n\t\t\t\t<div class=\"elementor-widget-container\">\n\t\t\t\t\t\t\t\t\tU nastavku se nalaze videozapisi koji u osnovi prikazuju kretanje i osje\u0107aj seks lutke s grudima ispunjenim gelom.\t\t\t\t\t\t\t\t<\/div>\n\t\t\t\t<\/div>\n\t\t\t\t<div class=\"elementor-element elementor-element-b0938a0 elementor-widget elementor-widget-heading\" data-id=\"b0938a0\" data-element_type=\"widget\" data-e-type=\"widget\" data-widget_type=\"heading.default\">\n\t\t\t\t<div class=\"elementor-widget-container\">\n\t\t\t\t\t<h2 class=\"elementor-heading-title elementor-size-default\">- Prednosti<\/h2>\t\t\t\t<\/div>\n\t\t\t\t<\/div>\n\t\t\t\t<div class=\"elementor-element elementor-element-04f5968 elementor-widget elementor-widget-html\" data-id=\"04f5968\" data-element_type=\"widget\" data-e-type=\"widget\" data-widget_type=\"html.default\">\n\t\t\t\t<div class=\"elementor-widget-container\">\n\t\t\t\t\t<ol class=\"number_list_type\"><li>Najrealnija opcija koja postoji.<\/li>\n<li>Umjereno mekan i \u017eivahan u isto vrijeme.<\/li>\n \n<\/ol>\t\t\t\t<\/div>\n\t\t\t\t<\/div>\n\t\t\t\t<div class=\"elementor-element elementor-element-ddba5a6 elementor-widget elementor-widget-heading\" data-id=\"ddba5a6\" data-element_type=\"widget\" data-e-type=\"widget\" data-widget_type=\"heading.default\">\n\t\t\t\t<div class=\"elementor-widget-container\">\n\t\t\t\t\t<h2 class=\"elementor-heading-title elementor-size-default\">- Nedostaci<\/h2>\t\t\t\t<\/div>\n\t\t\t\t<\/div>\n\t\t\t\t<div class=\"elementor-element elementor-element-6addaf1 elementor-widget elementor-widget-text-editor\" data-id=\"6addaf1\" data-element_type=\"widget\" data-e-type=\"widget\" data-widget_type=\"text-editor.default\">\n\t\t\t\t<div class=\"elementor-widget-container\">\n\t\t\t\t\t\t\t\t\tJako skupo me\u0111u svim opcijama. \t\t\t\t\t\t\t\t<\/div>\n\t\t\t\t<\/div>\n\t\t\t\t\t<\/div>\n\t\t<\/div>\n\t\t\t\t\t<\/div>\n\t\t<\/section>\n\t\t\t\t<div class=\"elementor-element elementor-element-7fcd1f9 elementor-invisible elementor-widget elementor-widget-heading\" data-id=\"7fcd1f9\" data-element_type=\"widget\" data-e-type=\"widget\" data-settings=\"{&quot;_animation&quot;:&quot;fadeInUp&quot;}\" data-widget_type=\"heading.default\">\n\t\t\t\t<div class=\"elementor-widget-container\">\n\t\t\t\t\t<h2 class=\"elementor-heading-title elementor-size-default\">\u0160uplje grudi<\/h2>\t\t\t\t<\/div>\n\t\t\t\t<\/div>\n\t\t\t\t<section class=\"elementor-section elementor-inner-section elementor-element elementor-element-0cd3338 elementor-section-boxed elementor-section-height-default elementor-section-height-default\" data-id=\"0cd3338\" data-element_type=\"section\" data-e-type=\"section\">\n\t\t\t\t\t\t<div class=\"elementor-container elementor-column-gap-default\">\n\t\t\t\t\t<div class=\"elementor-column elementor-col-50 elementor-inner-column elementor-element elementor-element-2ee01ef\" data-id=\"2ee01ef\" data-element_type=\"column\" data-e-type=\"column\">\n\t\t\t<div class=\"elementor-widget-wrap elementor-element-populated\">\n\t\t\t\t\t\t<div class=\"elementor-element elementor-element-63b3ad4 elementor-widget elementor-widget-text-editor\" data-id=\"63b3ad4\" data-element_type=\"widget\" data-e-type=\"widget\" data-widget_type=\"text-editor.default\">\n\t\t\t\t<div class=\"elementor-widget-container\">\n\t\t\t\t\t\t\t\t\tAko slu\u010dajno spadate u kategoriju mu\u0161karaca koji stvarno vole lagane i lepr\u0161ave grudi koje su u isto vrijeme super meke, onda ste slu\u010dajno na pravom mjestu. \t\t\t\t\t\t\t\t<\/div>\n\t\t\t\t<\/div>\n\t\t\t\t<div class=\"elementor-element elementor-element-5cd7ace elementor-widget elementor-widget-text-editor\" data-id=\"5cd7ace\" data-element_type=\"widget\" data-e-type=\"widget\" data-widget_type=\"text-editor.default\">\n\t\t\t\t<div class=\"elementor-widget-container\">\n\t\t\t\t\t\t\t\t\t\u0160uplje grudi, kao \u0161to naziv implicira, su \u0161uplje i umjesto da budu \u010dvrste poput TPE-a ili punjene gelom, u njih se ubacuje zrak da ih ispuni. S ovim zrakom u sebi, na kraju postanu mljackavi i drhtavi. Jedna dobra stvar u vezi toga je da ih mo\u017eete bez straha zgrabiti ili gledati kako poskakuju. \t\t\t\t\t\t\t\t<\/div>\n\t\t\t\t<\/div>\n\t\t\t\t<div class=\"elementor-element elementor-element-62a62d2 elementor-widget elementor-widget-text-editor\" data-id=\"62a62d2\" data-element_type=\"widget\" data-e-type=\"widget\" data-widget_type=\"text-editor.default\">\n\t\t\t\t<div class=\"elementor-widget-container\">\n\t\t\t\t\t\t\t\t\tOne ko\u0161taju malo vi\u0161e u usporedbi sa standardnim grudima.\t\t\t\t\t\t\t\t<\/div>\n\t\t\t\t<\/div>\n\t\t\t\t<div class=\"elementor-element elementor-element-2fe7e37 elementor-widget elementor-widget-heading\" data-id=\"2fe7e37\" data-element_type=\"widget\" data-e-type=\"widget\" data-widget_type=\"heading.default\">\n\t\t\t\t<div class=\"elementor-widget-container\">\n\t\t\t\t\t<h2 class=\"elementor-heading-title elementor-size-default\">- Prednosti<\/h2>\t\t\t\t<\/div>\n\t\t\t\t<\/div>\n\t\t\t\t<div class=\"elementor-element elementor-element-937b94e elementor-widget elementor-widget-html\" data-id=\"937b94e\" data-element_type=\"widget\" data-e-type=\"widget\" data-widget_type=\"html.default\">\n\t\t\t\t<div class=\"elementor-widget-container\">\n\t\t\t\t\t<ol class=\"number_list_type\"><li>Jako puno odska\u010de.<\/li>\n<li>Izuzetno mekana i mljackava.<\/li>\n \n<\/ol>\t\t\t\t<\/div>\n\t\t\t\t<\/div>\n\t\t\t\t<div class=\"elementor-element elementor-element-57b81b1 elementor-widget elementor-widget-heading\" data-id=\"57b81b1\" data-element_type=\"widget\" data-e-type=\"widget\" data-widget_type=\"heading.default\">\n\t\t\t\t<div class=\"elementor-widget-container\">\n\t\t\t\t\t<h2 class=\"elementor-heading-title elementor-size-default\">- Nedostaci<\/h2>\t\t\t\t<\/div>\n\t\t\t\t<\/div>\n\t\t\t\t<div class=\"elementor-element elementor-element-4e5fda9 elementor-widget elementor-widget-text-editor\" data-id=\"4e5fda9\" data-element_type=\"widget\" data-e-type=\"widget\" data-widget_type=\"text-editor.default\">\n\t\t\t\t<div class=\"elementor-widget-container\">\n\t\t\t\t\t\t\t\t\tNije \u017eivahan kao drugi.\t\t\t\t\t\t\t\t<\/div>\n\t\t\t\t<\/div>\n\t\t\t\t\t<\/div>\n\t\t<\/div>\n\t\t\t\t<div class=\"elementor-column elementor-col-50 elementor-inner-column elementor-element elementor-element-9c89274\" data-id=\"9c89274\" data-element_type=\"column\" data-e-type=\"column\">\n\t\t\t<div class=\"elementor-widget-wrap elementor-element-populated\">\n\t\t\t\t\t\t<div class=\"elementor-element elementor-element-0ff871d elementor-invisible elementor-widget elementor-widget-image\" data-id=\"0ff871d\" data-element_type=\"widget\" data-e-type=\"widget\" data-settings=\"{&quot;_animation&quot;:&quot;fadeInRight&quot;}\" data-widget_type=\"image.default\">\n\t\t\t\t<div class=\"elementor-widget-container\">\n\t\t\t\t\t\t\t\t\t\t\t\t\t\t\t<img loading=\"lazy\" decoding=\"async\" width=\"700\" height=\"700\" src=\"https:\/\/renodoll.com\/wp-content\/uploads\/xstore\/xstore-placeholder-1x1.png\" class=\"attachment-large size-large wp-image-6611 lazyload lazyload-simple et-lazyload-fadeIn\" alt=\"\" sizes=\"auto, (max-width: 700px) 100vw, 700px\" data-src=\"https:\/\/renodoll.com\/wp-content\/uploads\/2023\/03\/hollow.png\" data-srcset=\"https:\/\/renodoll.com\/wp-content\/uploads\/2023\/03\/hollow.png 700w, https:\/\/renodoll.com\/wp-content\/uploads\/2023\/03\/hollow-300x300.png 300w, https:\/\/renodoll.com\/wp-content\/uploads\/2023\/03\/hollow-150x150.png 150w, https:\/\/renodoll.com\/wp-content\/uploads\/2023\/03\/hollow-12x12.png 12w, https:\/\/renodoll.com\/wp-content\/uploads\/2023\/03\/hollow-100x100.png 100w, https:\/\/renodoll.com\/wp-content\/uploads\/2023\/03\/hollow-600x600.png 600w, https:\/\/renodoll.com\/wp-content\/uploads\/2023\/03\/hollow-10x10.png 10w\" \/>\t\t\t\t\t\t\t\t\t\t\t\t\t\t\t<\/div>\n\t\t\t\t<\/div>\n\t\t\t\t\t<\/div>\n\t\t<\/div>\n\t\t\t\t\t<\/div>\n\t\t<\/section>\n\t\t\t\t\t<\/div>\n\t\t<\/div>\n\t\t\t\t\t<\/div>\n\t\t<\/section>\n\t\t\t\t<\/div>","protected":false},"excerpt":{"rendered":"<p>Kako bi dodirivanje grudi va\u0161e ljubavne lutke bilo sli\u010dno kao iskustvo ljudskog tijela, radimo na stalnoj improvizaciji grudi. Tri na\u010dina rada na grudima su: Standardna gelom ispunjena \u0161uplja Adult Sex Doll Opcija grudi \u2013 standardna, gelom ispunjena ili \u0161uplja? Odabrati svoju omiljenu lutku iz na\u0161e \u0161iroke ponude seks lutaka mo\u017ee biti prava gnjava\u017ea. Trenuta\u010dno u na\u0161oj kolekciji imamo vi\u0161e od 2000 lutaka za seks me\u0111u kojima mo\u017eete odabrati, a ni tu nije kraj. Nakon \u0161to ste uspjeli donijeti kona\u010dnu odluku<\/p>","protected":false},"author":1,"featured_media":0,"parent":0,"menu_order":0,"comment_status":"closed","ping_status":"closed","template":"","meta":{"footnotes":""},"class_list":["post-5358","page","type-page","status-publish","hentry"],"aioseo_notices":[],"_links":{"self":[{"href":"https:\/\/renodoll.com\/hr\/wp-json\/wp\/v2\/pages\/5358","targetHints":{"allow":["GET"]}}],"collection":[{"href":"https:\/\/renodoll.com\/hr\/wp-json\/wp\/v2\/pages"}],"about":[{"href":"https:\/\/renodoll.com\/hr\/wp-json\/wp\/v2\/types\/page"}],"author":[{"embeddable":true,"href":"https:\/\/renodoll.com\/hr\/wp-json\/wp\/v2\/users\/1"}],"replies":[{"embeddable":true,"href":"https:\/\/renodoll.com\/hr\/wp-json\/wp\/v2\/comments?post=5358"}],"version-history":[{"count":49,"href":"https:\/\/renodoll.com\/hr\/wp-json\/wp\/v2\/pages\/5358\/revisions"}],"predecessor-version":[{"id":16002,"href":"https:\/\/renodoll.com\/hr\/wp-json\/wp\/v2\/pages\/5358\/revisions\/16002"}],"wp:attachment":[{"href":"https:\/\/renodoll.com\/hr\/wp-json\/wp\/v2\/media?parent=5358"}],"curies":[{"name":"wp","href":"https:\/\/api.w.org\/{rel}","templated":true}]}}