{"id":5330,"date":"2023-02-22T14:27:04","date_gmt":"2023-02-22T06:27:04","guid":{"rendered":"https:\/\/renodoll.com\/?page_id=5330"},"modified":"2023-04-24T20:06:13","modified_gmt":"2023-04-24T12:06:13","slug":"sex-doll-dress-up","status":"publish","type":"page","link":"https:\/\/renodoll.com\/hr\/sex-doll-dress-up\/","title":{"rendered":"Obla\u010denje seks lutke"},"content":{"rendered":"<div data-elementor-type=\"wp-page\" data-elementor-id=\"5330\" class=\"elementor elementor-5330\">\n\t\t\t\t\t\t\t\t\t<section class=\"elementor-section elementor-top-section elementor-element elementor-element-9ee3c63 elementor-section-boxed elementor-section-height-default elementor-section-height-default\" data-id=\"9ee3c63\" data-element_type=\"section\">\n\t\t\t\t\t\t<div class=\"elementor-container elementor-column-gap-default\">\n\t\t\t\t\t<div class=\"elementor-column elementor-col-100 elementor-top-column elementor-element elementor-element-a5c4cb6 page-content-text\" data-id=\"a5c4cb6\" data-element_type=\"column\">\n\t\t\t<div class=\"elementor-widget-wrap elementor-element-populated\">\n\t\t\t\t\t\t\t\t<div class=\"elementor-element elementor-element-23b29e3 elementor-invisible elementor-widget elementor-widget-heading\" data-id=\"23b29e3\" data-element_type=\"widget\" data-settings=\"{&quot;_animation&quot;:&quot;fadeInUp&quot;}\" data-widget_type=\"heading.default\">\n\t\t\t\t<div class=\"elementor-widget-container\">\n\t\t\t<style>\/*! elementor - v3.10.2 - 29-01-2023 *\/\n.elementor-heading-title{padding:0;margin:0;line-height:1}.elementor-widget-heading .elementor-heading-title[class*=elementor-size-]>a{color:inherit;font-size:inherit;line-height:inherit}.elementor-widget-heading .elementor-heading-title.elementor-size-small{font-size:15px}.elementor-widget-heading .elementor-heading-title.elementor-size-medium{font-size:19px}.elementor-widget-heading .elementor-heading-title.elementor-size-large{font-size:29px}.elementor-widget-heading .elementor-heading-title.elementor-size-xl{font-size:39px}.elementor-widget-heading .elementor-heading-title.elementor-size-xxl{font-size:59px}<\/style><h2 class=\"elementor-heading-title elementor-size-default\">Na \u0161to treba obratiti pozornost kada obla\u010dite svoju lutku<\/h2>\t\t<\/div>\n\t\t\t\t<\/div>\n\t\t\t\t<div class=\"elementor-element elementor-element-0275977 elementor-widget elementor-widget-spacer\" data-id=\"0275977\" data-element_type=\"widget\" data-widget_type=\"spacer.default\">\n\t\t\t\t<div class=\"elementor-widget-container\">\n\t\t\t<style>\/*! elementor - v3.10.2 - 29-01-2023 *\/\n.elementor-column .elementor-spacer-inner{height:var(--spacer-size)}.e-con{--container-widget-width:100%}.e-con-inner>.elementor-widget-spacer,.e-con>.elementor-widget-spacer{width:var(--container-widget-width,var(--spacer-size));--align-self:var(--container-widget-align-self,initial);--flex-shrink:0}.e-con-inner>.elementor-widget-spacer>.elementor-widget-container,.e-con-inner>.elementor-widget-spacer>.elementor-widget-container>.elementor-spacer,.e-con>.elementor-widget-spacer>.elementor-widget-container,.e-con>.elementor-widget-spacer>.elementor-widget-container>.elementor-spacer{height:100%}.e-con-inner>.elementor-widget-spacer>.elementor-widget-container>.elementor-spacer>.elementor-spacer-inner,.e-con>.elementor-widget-spacer>.elementor-widget-container>.elementor-spacer>.elementor-spacer-inner{height:var(--container-widget-height,var(--spacer-size))}<\/style>\t\t<div class=\"elementor-spacer\">\n\t\t\t<div class=\"elementor-spacer-inner\"><\/div>\n\t\t<\/div>\n\t\t\t\t<\/div>\n\t\t\t\t<\/div>\n\t\t\t\t<div class=\"elementor-element elementor-element-0ee033e elementor-invisible elementor-widget elementor-widget-heading\" data-id=\"0ee033e\" data-element_type=\"widget\" data-settings=\"{&quot;_animation&quot;:&quot;fadeInUp&quot;}\" data-widget_type=\"heading.default\">\n\t\t\t\t<div class=\"elementor-widget-container\">\n\t\t\t<h2 class=\"elementor-heading-title elementor-size-default\">Uvod<\/h2>\t\t<\/div>\n\t\t\t\t<\/div>\n\t\t\t\t<div class=\"elementor-element elementor-element-1366056 elementor-widget elementor-widget-text-editor\" data-id=\"1366056\" data-element_type=\"widget\" data-widget_type=\"text-editor.default\">\n\t\t\t\t<div class=\"elementor-widget-container\">\n\t\t\t<style>\/*! elementor - v3.10.2 - 29-01-2023 *\/\n.elementor-widget-text-editor.elementor-drop-cap-view-stacked .elementor-drop-cap{background-color:#818a91;color:#fff}.elementor-widget-text-editor.elementor-drop-cap-view-framed .elementor-drop-cap{color:#818a91;border:3px solid;background-color:transparent}.elementor-widget-text-editor:not(.elementor-drop-cap-view-default) .elementor-drop-cap{margin-top:8px}.elementor-widget-text-editor:not(.elementor-drop-cap-view-default) .elementor-drop-cap-letter{width:1em;height:1em}.elementor-widget-text-editor .elementor-drop-cap{float:left;text-align:center;line-height:1;font-size:50px}.elementor-widget-text-editor .elementor-drop-cap-letter{display:inline-block}<\/style>\t\t\t\tUdovi silikonske lutke mogu se pomicati, ali uz odre\u0111ena ograni\u010denja. Dok obla\u010dite svoju seks lutku po svom ukusu, morate za\u0161tititi i silikonsku ko\u017eu. Dobro je uzeti u obzir sljede\u0107e to\u010dke. \t\t\t\t\t\t<\/div>\n\t\t\t\t<\/div>\n\t\t\t\t<div class=\"elementor-element elementor-element-1b286a6 elementor-invisible elementor-widget elementor-widget-heading\" data-id=\"1b286a6\" data-element_type=\"widget\" data-settings=\"{&quot;_animation&quot;:&quot;fadeInUp&quot;}\" data-widget_type=\"heading.default\">\n\t\t\t\t<div class=\"elementor-widget-container\">\n\t\t\t<h2 class=\"elementor-heading-title elementor-size-default\">Nemojte dopustiti da se udovi previ\u0161e savijaju<\/h2>\t\t<\/div>\n\t\t\t\t<\/div>\n\t\t\t\t<div class=\"elementor-element elementor-element-5570512 elementor-widget elementor-widget-text-editor\" data-id=\"5570512\" data-element_type=\"widget\" data-widget_type=\"text-editor.default\">\n\t\t\t\t<div class=\"elementor-widget-container\">\n\t\t\t\t\t\t\tKada obla\u010dite svoju lutku za seks, poku\u0161ajte \u0161to je vi\u0161e mogu\u0107e izbje\u0107i previsoko podizanje ruku svoje lutke kako silikon ne bi puknuo ili pocijepao. Molimo obratite pozornost na upute o sigurnom kutu u opsegu tjelesne aktivnosti isklju\u010divo za operacije. \t\t\t\t\t\t<\/div>\n\t\t\t\t<\/div>\n\t\t\t\t<div class=\"elementor-element elementor-element-690b0e9 elementor-invisible elementor-widget elementor-widget-heading\" data-id=\"690b0e9\" data-element_type=\"widget\" data-settings=\"{&quot;_animation&quot;:&quot;fadeInUp&quot;}\" data-widget_type=\"heading.default\">\n\t\t\t\t<div class=\"elementor-widget-container\">\n\t\t\t<h2 class=\"elementor-heading-title elementor-size-default\">Pazite na ogrebotine<\/h2>\t\t<\/div>\n\t\t\t\t<\/div>\n\t\t\t\t<div class=\"elementor-element elementor-element-2665724 elementor-widget elementor-widget-text-editor\" data-id=\"2665724\" data-element_type=\"widget\" data-widget_type=\"text-editor.default\">\n\t\t\t\t<div class=\"elementor-widget-container\">\n\t\t\t\t\t\t\tPazite da ne dopustite da va\u0161a ljubavna lutka nosi odje\u0107u ili dodatke s toliko o\u0161trim rubovima da po\u010dnu unakaziti va\u0161u ljubavnu lutku. Me\u0111utim, ako va\u0161 izbor odje\u0107e sadr\u017ei o\u0161tre gumbe i sli\u010dno, u\u010dinite dobro da svoju pravu lutku tretirate kao bebu dok je obla\u010dite.\t\t\t\t\t\t<\/div>\n\t\t\t\t<\/div>\n\t\t\t\t<div class=\"elementor-element elementor-element-760f9e7 elementor-invisible elementor-widget elementor-widget-heading\" data-id=\"760f9e7\" data-element_type=\"widget\" data-settings=\"{&quot;_animation&quot;:&quot;fadeInUp&quot;}\" data-widget_type=\"heading.default\">\n\t\t\t\t<div class=\"elementor-widget-container\">\n\t\t\t<h2 class=\"elementor-heading-title elementor-size-default\">Skinite glavu prije obla\u010denja kaputa<\/h2>\t\t<\/div>\n\t\t\t\t<\/div>\n\t\t\t\t<div class=\"elementor-element elementor-element-32fca7b elementor-widget elementor-widget-text-editor\" data-id=\"32fca7b\" data-element_type=\"widget\" data-widget_type=\"text-editor.default\">\n\t\t\t\t<div class=\"elementor-widget-container\">\n\t\t\t\t\t\t\tKada obla\u010dite svoju ljubavnu lutku i primijetite da je neki dio odje\u0107e preuski ili bi va\u0161oj lutki koja nalikuje na \u017eivot stvarao odre\u0111enu razinu neugodnosti, u\u010dinite dobro da svojoj pravoj lutki skinete glavu. \t\t\t\t\t\t<\/div>\n\t\t\t\t<\/div>\n\t\t\t\t<section class=\"elementor-section elementor-inner-section elementor-element elementor-element-d0ad383 elementor-section-full_width elementor-section-height-default elementor-section-height-default\" data-id=\"d0ad383\" data-element_type=\"section\">\n\t\t\t\t\t\t<div class=\"elementor-container elementor-column-gap-default\">\n\t\t\t\t\t<div class=\"elementor-column elementor-col-50 elementor-inner-column elementor-element elementor-element-0d201b2\" data-id=\"0d201b2\" data-element_type=\"column\">\n\t\t\t<div class=\"elementor-widget-wrap elementor-element-populated\">\n\t\t\t\t\t\t\t\t<div class=\"elementor-element elementor-element-5e75bf3 elementor-widget elementor-widget-image\" data-id=\"5e75bf3\" data-element_type=\"widget\" data-widget_type=\"image.default\">\n\t\t\t\t<div class=\"elementor-widget-container\">\n\t\t\t<style>\/*! elementor - v3.10.2 - 29-01-2023 *\/\n.elementor-widget-image{text-align:center}.elementor-widget-image a{display:inline-block}.elementor-widget-image a img[src$=\".svg\"]{width:48px}.elementor-widget-image img{vertical-align:middle;display:inline-block}<\/style>\t\t\t\t\t\t\t\t\t\t\t\t<img loading=\"lazy\" decoding=\"async\" width=\"367\" height=\"388\" src=\"https:\/\/renodoll.com\/wp-content\/uploads\/2023\/03\/kb-piercing.jpg\" class=\"attachment-woocommerce_single size-woocommerce_single wp-image-14231\" alt=\"\" srcset=\"https:\/\/renodoll.com\/wp-content\/uploads\/2023\/03\/kb-piercing.jpg 367w, https:\/\/renodoll.com\/wp-content\/uploads\/2023\/03\/kb-piercing-284x300.jpg 284w, https:\/\/renodoll.com\/wp-content\/uploads\/2023\/03\/kb-piercing-11x12.jpg 11w, https:\/\/renodoll.com\/wp-content\/uploads\/2023\/03\/kb-piercing-95x100.jpg 95w, https:\/\/renodoll.com\/wp-content\/uploads\/2023\/03\/kb-piercing-300x317.jpg 300w, https:\/\/renodoll.com\/wp-content\/uploads\/2023\/03\/kb-piercing-10x10.jpg 10w\" sizes=\"auto, (max-width: 367px) 100vw, 367px\" \/>\t\t\t\t\t\t\t\t\t\t\t\t\t\t\t<\/div>\n\t\t\t\t<\/div>\n\t\t\t\t\t<\/div>\n\t\t<\/div>\n\t\t\t\t<div class=\"elementor-column elementor-col-50 elementor-inner-column elementor-element elementor-element-e1caa7e\" data-id=\"e1caa7e\" data-element_type=\"column\">\n\t\t\t<div class=\"elementor-widget-wrap elementor-element-populated\">\n\t\t\t\t\t\t\t\t<div class=\"elementor-element elementor-element-4260ec5 elementor-invisible elementor-widget elementor-widget-heading\" data-id=\"4260ec5\" data-element_type=\"widget\" data-settings=\"{&quot;_animation&quot;:&quot;fadeInUp&quot;}\" data-widget_type=\"heading.default\">\n\t\t\t\t<div class=\"elementor-widget-container\">\n\t\t\t<h2 class=\"elementor-heading-title elementor-size-default\">Piercing (u\u0161ni i mornari\u010dki)<\/h2>\t\t<\/div>\n\t\t\t\t<\/div>\n\t\t\t\t<div class=\"elementor-element elementor-element-1732e22 elementor-widget elementor-widget-text-editor\" data-id=\"1732e22\" data-element_type=\"widget\" data-widget_type=\"text-editor.default\">\n\t\t\t\t<div class=\"elementor-widget-container\">\n\t\t\t\t\t\t\tMo\u017eete li svojoj odrasloj seks lutki dati piercing? Pozitivan. U svemu \u0161to radite, svakako imajte na umu da su instrumenti za piercing tanka \u017eeljezna \u017eica ili igle koje se malo ubodu u silikonsku ko\u017eu va\u0161e realisti\u010dne lutke. Me\u0111utim, promjer rupe za bu\u0161enje ne smije biti ve\u0107i od 0,5 mm, a za rezanje ni u kom slu\u010daju ne smijete koristiti no\u017eeve ili druge o\u0161tre predmete. Ovi su piercingi trajni kako bi se izbjeglo puknu\u0107e ili puknu\u0107e silikona.\t\t\t\t\t\t<\/div>\n\t\t\t\t<\/div>\n\t\t\t\t<div class=\"elementor-element elementor-element-a03cfc1 elementor-widget elementor-widget-text-editor\" data-id=\"a03cfc1\" data-element_type=\"widget\" data-widget_type=\"text-editor.default\">\n\t\t\t\t<div class=\"elementor-widget-container\">\n\t\t\t\t\t\t\tNe zaboravite uvijek nanijeti puder na svoju pravu lutku prije nego \u0161to se obu\u010dete u uske hla\u010de. Silikon ima dosta trenja, pa ako je pretijesan da ljubavnu lutku obu\u010dete u hla\u010de ili \u010darape, u\u010dinite sljede\u0107e. Skinite hla\u010de i nanesite puder za kupanje ili talk prije ponovnog odijevanja.\t\t\t\t\t\t<\/div>\n\t\t\t\t<\/div>\n\t\t\t\t\t<\/div>\n\t\t<\/div>\n\t\t\t\t\t\t\t<\/div>\n\t\t<\/section>\n\t\t\t\t<div class=\"elementor-element elementor-element-91005da elementor-invisible elementor-widget elementor-widget-heading\" data-id=\"91005da\" data-element_type=\"widget\" data-settings=\"{&quot;_animation&quot;:&quot;fadeInUp&quot;}\" data-widget_type=\"heading.default\">\n\t\t\t\t<div class=\"elementor-widget-container\">\n\t\t\t<h2 class=\"elementor-heading-title elementor-size-default\">Prikladnost odje\u0107e<\/h2>\t\t<\/div>\n\t\t\t\t<\/div>\n\t\t\t\t<div class=\"elementor-element elementor-element-0e05e3e elementor-widget elementor-widget-text-editor\" data-id=\"0e05e3e\" data-element_type=\"widget\" data-widget_type=\"text-editor.default\">\n\t\t\t\t<div class=\"elementor-widget-container\">\n\t\t\t\t\t\t\tPoku\u0161ajte \u0161to je vi\u0161e mogu\u0107e izbjegavati obla\u010denje svoje seks lutke u usku odje\u0107u ili odje\u0107u koja bi je dugo stezala. To mo\u017ee uzrokovati ili puknu\u0107e silikona ili klevetu.\t\t\t\t\t\t<\/div>\n\t\t\t\t<\/div>\n\t\t\t\t<div class=\"elementor-element elementor-element-8cc3ec1 elementor-widget elementor-widget-text-editor\" data-id=\"8cc3ec1\" data-element_type=\"widget\" data-widget_type=\"text-editor.default\">\n\t\t\t\t<div class=\"elementor-widget-container\">\n\t\t\t\t\t\t\t Ako veli\u010dina haljine koju \u017eelite za svoju seks lutku ne odgovara, uzmite drugu. Osim toga, neka odje\u0107a mora biti posebno izra\u0111ena za lutke.\t\t\t\t\t\t<\/div>\n\t\t\t\t<\/div>\n\t\t\t\t<div class=\"elementor-element elementor-element-fb0bc57 elementor-invisible elementor-widget elementor-widget-heading\" data-id=\"fb0bc57\" data-element_type=\"widget\" data-settings=\"{&quot;_animation&quot;:&quot;fadeInUp&quot;}\" data-widget_type=\"heading.default\">\n\t\t\t\t<div class=\"elementor-widget-container\">\n\t\t\t<h2 class=\"elementor-heading-title elementor-size-default\">Sprije\u010diti bojanje<\/h2>\t\t<\/div>\n\t\t\t\t<\/div>\n\t\t\t\t<div class=\"elementor-element elementor-element-53229ea elementor-widget elementor-widget-text-editor\" data-id=\"53229ea\" data-element_type=\"widget\" data-widget_type=\"text-editor.default\">\n\t\t\t\t<div class=\"elementor-widget-container\">\n\t\t\t\t\t\t\tNeke vrste odje\u0107e izra\u0111ene su ili od obojene umjetne ko\u017ee ili drugih ko\u017enih materijala umrljanih uljem s u\u017easnom bojom koja mo\u017ee prodrijeti u unutra\u0161njost silikona nakon \u0161to je seks lutka dugo bila u kontaktu s haljinom. To mo\u017ee dovesti do promjene boje ko\u017ee va\u0161e seksualne lutke. Najrealnije je izbjegavati ovu vrstu sjaja \u0161to je vi\u0161e mogu\u0107e ili ako se uka\u017ee potreba i morate ih staviti, neka to bude odre\u0111eno vrijeme na tijelu seksi seksi lutke.\t\t\t\t\t\t<\/div>\n\t\t\t\t<\/div>\n\t\t\t\t<div class=\"elementor-element elementor-element-2e3d2b1 elementor-invisible elementor-widget elementor-widget-heading\" data-id=\"2e3d2b1\" data-element_type=\"widget\" data-settings=\"{&quot;_animation&quot;:&quot;fadeInUp&quot;}\" data-widget_type=\"heading.default\">\n\t\t\t\t<div class=\"elementor-widget-container\">\n\t\t\t<h2 class=\"elementor-heading-title elementor-size-default\">Koristite puder u prahu, talk ili dje\u010dji puder kako biste sprije\u010dili ljepljivost<\/h2>\t\t<\/div>\n\t\t\t\t<\/div>\n\t\t\t\t<div class=\"elementor-element elementor-element-0963a4f elementor-widget elementor-widget-text-editor\" data-id=\"0963a4f\" data-element_type=\"widget\" data-widget_type=\"text-editor.default\">\n\t\t\t\t<div class=\"elementor-widget-container\">\n\t\t\t\t\t\t\tNaravno, povr\u0161ina silikona je prili\u010dno ljepljiva. Ono \u0161to treba u\u010diniti je da prije odijevanja upotrijebite puder za kupanje ili talk. Ako je stati\u010dki elektricitet dostupan, mo\u017ee se koristiti sprej za stati\u010dki elektricitet. No budite oprezni pri prskanju, da ne prskate previ\u0161e.\t\t\t\t\t\t<\/div>\n\t\t\t\t<\/div>\n\t\t\t\t\t<\/div>\n\t\t<\/div>\n\t\t\t\t\t\t\t<\/div>\n\t\t<\/section>\n\t\t\t\t\t\t\t<\/div>","protected":false},"excerpt":{"rendered":"<p>Na \u0161to treba obratiti pozornost pri obla\u010denju va\u0161e lutke Uvod Udovi silikonske lutke mogu se pomicati, ali uz odre\u0111ena ograni\u010denja. Dok obla\u010dite svoju seks lutku po svom ukusu, morate za\u0161tititi i silikonsku ko\u017eu. Dobro je uzeti u obzir sljede\u0107e to\u010dke. Nemojte dopustiti da se udovi previ\u0161e savijaju. Kada obla\u010dite svoju lutku za seks, poku\u0161ajte \u0161to je vi\u0161e mogu\u0107e izbje\u0107i podizanje ruku svoje lutke previsoko kako silikon ne bi puknuo ili pocijepao. Obratite posebnu pozornost na upute o sigurnom kutu u opsegu tjelesne aktivnosti isklju\u010divo za<\/p>","protected":false},"author":1,"featured_media":0,"parent":0,"menu_order":0,"comment_status":"closed","ping_status":"closed","template":"","meta":{"footnotes":""},"class_list":["post-5330","page","type-page","status-publish","hentry"],"aioseo_notices":[],"_links":{"self":[{"href":"https:\/\/renodoll.com\/hr\/wp-json\/wp\/v2\/pages\/5330","targetHints":{"allow":["GET"]}}],"collection":[{"href":"https:\/\/renodoll.com\/hr\/wp-json\/wp\/v2\/pages"}],"about":[{"href":"https:\/\/renodoll.com\/hr\/wp-json\/wp\/v2\/types\/page"}],"author":[{"embeddable":true,"href":"https:\/\/renodoll.com\/hr\/wp-json\/wp\/v2\/users\/1"}],"replies":[{"embeddable":true,"href":"https:\/\/renodoll.com\/hr\/wp-json\/wp\/v2\/comments?post=5330"}],"version-history":[{"count":53,"href":"https:\/\/renodoll.com\/hr\/wp-json\/wp\/v2\/pages\/5330\/revisions"}],"predecessor-version":[{"id":16005,"href":"https:\/\/renodoll.com\/hr\/wp-json\/wp\/v2\/pages\/5330\/revisions\/16005"}],"wp:attachment":[{"href":"https:\/\/renodoll.com\/hr\/wp-json\/wp\/v2\/media?parent=5330"}],"curies":[{"name":"wp","href":"https:\/\/api.w.org\/{rel}","templated":true}]}}