{"id":5188,"date":"2023-02-20T14:54:06","date_gmt":"2023-02-20T06:54:06","guid":{"rendered":"https:\/\/renodoll.com\/?page_id=5188"},"modified":"2023-03-31T14:32:26","modified_gmt":"2023-03-31T06:32:26","slug":"privacy-policy","status":"publish","type":"page","link":"https:\/\/renodoll.com\/hr\/privacy-policy\/","title":{"rendered":"Politika privatnosti"},"content":{"rendered":"<div data-elementor-type=\"wp-page\" data-elementor-id=\"5188\" class=\"elementor elementor-5188\" data-elementor-post-type=\"page\">\n\t\t\t\t\t\t<section class=\"elementor-section elementor-top-section elementor-element elementor-element-2aace59 elementor-section-boxed elementor-section-height-default elementor-section-height-default\" data-id=\"2aace59\" data-element_type=\"section\" data-e-type=\"section\">\n\t\t\t\t\t\t<div class=\"elementor-container elementor-column-gap-no\">\n\t\t\t\t\t<div class=\"elementor-column elementor-col-100 elementor-top-column elementor-element elementor-element-0017d57\" data-id=\"0017d57\" data-element_type=\"column\" data-e-type=\"column\">\n\t\t\t<div class=\"elementor-widget-wrap elementor-element-populated\">\n\t\t\t\t\t\t<div class=\"elementor-element elementor-element-8a2ff4e elementor-widget elementor-widget-spacer\" data-id=\"8a2ff4e\" data-element_type=\"widget\" data-e-type=\"widget\" data-widget_type=\"spacer.default\">\n\t\t\t\t<div class=\"elementor-widget-container\">\n\t\t\t\t\t\t\t<div class=\"elementor-spacer\">\n\t\t\t<div class=\"elementor-spacer-inner\"><\/div>\n\t\t<\/div>\n\t\t\t\t\t\t<\/div>\n\t\t\t\t<\/div>\n\t\t\t\t<div class=\"elementor-element elementor-element-5997a9f elementor-invisible elementor-widget elementor-widget-heading\" data-id=\"5997a9f\" data-element_type=\"widget\" data-e-type=\"widget\" data-settings=\"{&quot;_animation&quot;:&quot;fadeInUp&quot;}\" data-widget_type=\"heading.default\">\n\t\t\t\t<div class=\"elementor-widget-container\">\n\t\t\t\t\t<h2 class=\"elementor-heading-title elementor-size-default\">O nama<\/h2>\t\t\t\t<\/div>\n\t\t\t\t<\/div>\n\t\t\t\t<div class=\"elementor-element elementor-element-3feda34 elementor-widget elementor-widget-text-editor\" data-id=\"3feda34\" data-element_type=\"widget\" data-e-type=\"widget\" data-widget_type=\"text-editor.default\">\n\t\t\t\t<div class=\"elementor-widget-container\">\n\t\t\t\t\t\t\t\t\t<p>Ova web stranica pripada tvrtki RenoDoll; bavimo se prodajom seks lutaka. Sve informacije o na\u0161oj tvrtki i na\u0161e kontakt podatke mo\u017eete prona\u0107i na na\u0161oj web stranici.<\/p>\t\t\t\t\t\t\t\t<\/div>\n\t\t\t\t<\/div>\n\t\t\t\t<div class=\"elementor-element elementor-element-7cdfd52 elementor-widget elementor-widget-spacer\" data-id=\"7cdfd52\" data-element_type=\"widget\" data-e-type=\"widget\" data-widget_type=\"spacer.default\">\n\t\t\t\t<div class=\"elementor-widget-container\">\n\t\t\t\t\t\t\t<div class=\"elementor-spacer\">\n\t\t\t<div class=\"elementor-spacer-inner\"><\/div>\n\t\t<\/div>\n\t\t\t\t\t\t<\/div>\n\t\t\t\t<\/div>\n\t\t\t\t<div class=\"elementor-element elementor-element-57d9795 elementor-invisible elementor-widget elementor-widget-heading\" data-id=\"57d9795\" data-element_type=\"widget\" data-e-type=\"widget\" data-settings=\"{&quot;_animation&quot;:&quot;fadeInUp&quot;}\" data-widget_type=\"heading.default\">\n\t\t\t\t<div class=\"elementor-widget-container\">\n\t\t\t\t\t<h2 class=\"elementor-heading-title elementor-size-default\">\u0160to \u010dini na\u0161a politika?<\/h2>\t\t\t\t<\/div>\n\t\t\t\t<\/div>\n\t\t\t\t<div class=\"elementor-element elementor-element-4079b24 elementor-widget elementor-widget-text-editor\" data-id=\"4079b24\" data-element_type=\"widget\" data-e-type=\"widget\" data-widget_type=\"text-editor.default\">\n\t\t\t\t<div class=\"elementor-widget-container\">\n\t\t\t\t\t\t\t\t\tNa\u0161a politika vam govori sve \u0161to trebate znati o davanju va\u0161ih osobnih podataka nama. Pojedinosti o na\u0161im pravilima pokrivaju samo pojedinosti koje su nam dane. Ako u bilo kojem trenutku date svoje osobne podatke drugim web stranicama, provjerite politiku njihove tvrtke. \t\t\t\t\t\t\t\t<\/div>\n\t\t\t\t<\/div>\n\t\t\t\t<div class=\"elementor-element elementor-element-ac5f931 elementor-widget elementor-widget-text-editor\" data-id=\"ac5f931\" data-element_type=\"widget\" data-e-type=\"widget\" data-widget_type=\"text-editor.default\">\n\t\t\t\t<div class=\"elementor-widget-container\">\n\t\t\t\t\t\t\t\t\tKoristite na\u0161e usluge tek nakon \u0161to pro\u0111ete kroz pojedinosti o na\u0161im pravilima i zadovoljit \u0107ete se.\t\t\t\t\t\t\t\t<\/div>\n\t\t\t\t<\/div>\n\t\t\t\t<div class=\"elementor-element elementor-element-1a4cbf5 elementor-widget elementor-widget-spacer\" data-id=\"1a4cbf5\" data-element_type=\"widget\" data-e-type=\"widget\" data-widget_type=\"spacer.default\">\n\t\t\t\t<div class=\"elementor-widget-container\">\n\t\t\t\t\t\t\t<div class=\"elementor-spacer\">\n\t\t\t<div class=\"elementor-spacer-inner\"><\/div>\n\t\t<\/div>\n\t\t\t\t\t\t<\/div>\n\t\t\t\t<\/div>\n\t\t\t\t<div class=\"elementor-element elementor-element-fd092ed elementor-invisible elementor-widget elementor-widget-heading\" data-id=\"fd092ed\" data-element_type=\"widget\" data-e-type=\"widget\" data-settings=\"{&quot;_animation&quot;:&quot;fadeInUp&quot;}\" data-widget_type=\"heading.default\">\n\t\t\t\t<div class=\"elementor-widget-container\">\n\t\t\t\t\t<h2 class=\"elementor-heading-title elementor-size-default\">Mo\u017ee li do\u0107i do promjene politike?<\/h2>\t\t\t\t<\/div>\n\t\t\t\t<\/div>\n\t\t\t\t<div class=\"elementor-element elementor-element-4a2734b elementor-widget elementor-widget-text-editor\" data-id=\"4a2734b\" data-element_type=\"widget\" data-e-type=\"widget\" data-widget_type=\"text-editor.default\">\n\t\t\t\t<div class=\"elementor-widget-container\">\n\t\t\t\t\t\t\t\t\tAko se na\u0161a politika u bilo kojem trenutku promijeni, obavijestit \u0107emo vas o tim promjenama.\t\t\t\t\t\t\t\t<\/div>\n\t\t\t\t<\/div>\n\t\t\t\t<div class=\"elementor-element elementor-element-b84993c elementor-widget elementor-widget-spacer\" data-id=\"b84993c\" data-element_type=\"widget\" data-e-type=\"widget\" data-widget_type=\"spacer.default\">\n\t\t\t\t<div class=\"elementor-widget-container\">\n\t\t\t\t\t\t\t<div class=\"elementor-spacer\">\n\t\t\t<div class=\"elementor-spacer-inner\"><\/div>\n\t\t<\/div>\n\t\t\t\t\t\t<\/div>\n\t\t\t\t<\/div>\n\t\t\t\t<div class=\"elementor-element elementor-element-4cc3835 elementor-invisible elementor-widget elementor-widget-heading\" data-id=\"4cc3835\" data-element_type=\"widget\" data-e-type=\"widget\" data-settings=\"{&quot;_animation&quot;:&quot;fadeInUp&quot;}\" data-widget_type=\"heading.default\">\n\t\t\t\t<div class=\"elementor-widget-container\">\n\t\t\t\t\t<h2 class=\"elementor-heading-title elementor-size-default\">Koje detalje nam dajete?<\/h2>\t\t\t\t<\/div>\n\t\t\t\t<\/div>\n\t\t\t\t<div class=\"elementor-element elementor-element-dfc3f46 elementor-widget elementor-widget-text-editor\" data-id=\"dfc3f46\" data-element_type=\"widget\" data-e-type=\"widget\" data-widget_type=\"text-editor.default\">\n\t\t\t\t<div class=\"elementor-widget-container\">\n\t\t\t\t\t\t\t\t\t<h4>Va\u0161i podaci koje dobivamo za kori\u0161tenje na na\u0161im web stranicama uklju\u010duju;<\/h4>\t\t\t\t\t\t\t\t<\/div>\n\t\t\t\t<\/div>\n\t\t\t\t<div class=\"elementor-element elementor-element-c9a24b7 elementor-widget elementor-widget-html\" data-id=\"c9a24b7\" data-element_type=\"widget\" data-e-type=\"widget\" data-widget_type=\"html.default\">\n\t\t\t\t<div class=\"elementor-widget-container\">\n\t\t\t\t\t<ol class=\"number_list_type\"><li>Va\u0161e ime i ID kontakta<\/li>\n<li>Dokaz va\u0161eg osobnog dokumenta u svrhu provjere <\/li>\n<li>Podaci o va\u0161em ra\u010dunu (korisni\u010dko ime i lozinka)<\/li>\n<li>Podaci o transakciji va\u0161e upotrebe na\u0161e usluge <\/li>\n<li>Dijelovi informacija uklju\u010deni u va\u0161u komunikaciju s nama, kao \u0161to su ankete i povratne informacije <\/li>\n<li>Informacije koje nam dajete za kori\u0161tenje za na\u0161e biltene i druge usluge. <\/li>\n<li>Automatizirane informacije o tome kako koristite na\u0161e usluge, kao \u0161to su internetski protokol, va\u0161 povezani ure\u0111aj i vrsta preglednika. <\/li>\n<li>Va\u0161 referentni broj, identifikacija ure\u0111aja, mobilna podatkovna mre\u017ea, podaci za prijavu i aktivnosti prijave, stranica putem koje ulazite na na\u0161e stranice, stranice koje ste posjetili i transakcije koje ste izvr\u0161ili.<\/li>\n<\/ol>\t\t\t\t<\/div>\n\t\t\t\t<\/div>\n\t\t\t\t<div class=\"elementor-element elementor-element-5fbeccb elementor-widget elementor-widget-text-editor\" data-id=\"5fbeccb\" data-element_type=\"widget\" data-e-type=\"widget\" data-widget_type=\"text-editor.default\">\n\t\t\t\t<div class=\"elementor-widget-container\">\n\t\t\t\t\t\t\t\t\tMe\u0111utim, mo\u017eemo dobiti sljede\u0107e informacije o vama od tre\u0107ih strana;\n\n\t\t\t\t\t\t\t\t<\/div>\n\t\t\t\t<\/div>\n\t\t\t\t<div class=\"elementor-element elementor-element-47b90b4 elementor-widget elementor-widget-text-editor\" data-id=\"47b90b4\" data-element_type=\"widget\" data-e-type=\"widget\" data-widget_type=\"text-editor.default\">\n\t\t\t\t<div class=\"elementor-widget-container\">\n\t\t\t\t\t\t\t\t\tVa\u0161e podatke o naplati \u0161alju nam va\u0161i izdavatelji pla\u0107anja, kao \u0161to su va\u0161e ime, va\u0161a adresa za naplatu i adresa e-po\u0161te, u svrhu provjere.\t\t\t\t\t\t\t\t<\/div>\n\t\t\t\t<\/div>\n\t\t\t\t<div class=\"elementor-element elementor-element-373e79d elementor-widget elementor-widget-spacer\" data-id=\"373e79d\" data-element_type=\"widget\" data-e-type=\"widget\" data-widget_type=\"spacer.default\">\n\t\t\t\t<div class=\"elementor-widget-container\">\n\t\t\t\t\t\t\t<div class=\"elementor-spacer\">\n\t\t\t<div class=\"elementor-spacer-inner\"><\/div>\n\t\t<\/div>\n\t\t\t\t\t\t<\/div>\n\t\t\t\t<\/div>\n\t\t\t\t<div class=\"elementor-element elementor-element-56745a0 elementor-invisible elementor-widget elementor-widget-heading\" data-id=\"56745a0\" data-element_type=\"widget\" data-e-type=\"widget\" data-settings=\"{&quot;_animation&quot;:&quot;fadeInUp&quot;}\" data-widget_type=\"heading.default\">\n\t\t\t\t<div class=\"elementor-widget-container\">\n\t\t\t\t\t<h2 class=\"elementor-heading-title elementor-size-default\">Zakonitost ili temelj na\u0161eg dobivanja takvih informacija<\/h2>\t\t\t\t<\/div>\n\t\t\t\t<\/div>\n\t\t\t\t<div class=\"elementor-element elementor-element-1d0d6b3 elementor-widget elementor-widget-text-editor\" data-id=\"1d0d6b3\" data-element_type=\"widget\" data-e-type=\"widget\" data-widget_type=\"text-editor.default\">\n\t\t\t\t<div class=\"elementor-widget-container\">\n\t\t\t\t\t\t\t\t\tInformacije, kao \u0161to su va\u0161 ra\u010dun, kontakt, transakcije i informacije o profilu, moraju se slobodno dati. Ove podatke dobivamo od vas jer samo uz va\u0161 pristanak mo\u017eemo koristiti te podatke za sklapanje ugovora s vama.\t\t\t\t\t\t\t\t<\/div>\n\t\t\t\t<\/div>\n\t\t\t\t<div class=\"elementor-element elementor-element-0300983 elementor-widget elementor-widget-text-editor\" data-id=\"0300983\" data-element_type=\"widget\" data-e-type=\"widget\" data-widget_type=\"text-editor.default\">\n\t\t\t\t<div class=\"elementor-widget-container\">\n\t\t\t\t\t\t\t\t\tDobivamo va\u0161e podatke kako bismo vam legitimno slali marketin\u0161ke novosti o na\u0161im proizvodima i drugim sli\u010dnim proizvodima te jednako tako upravljali i \u0161titili na\u0161e usluge kako bismo vam pru\u017eili sigurnost od prijevare ili zlouporabe te jednako tako pratili obrasce kori\u0161tenja. Za njih dobivamo va\u0161e podatke za kontakt, upotrebu podataka i povratne informacije o anketama. \t\t\t\t\t\t\t\t<\/div>\n\t\t\t\t<\/div>\n\t\t\t\t<div class=\"elementor-element elementor-element-297c48c elementor-widget elementor-widget-text-editor\" data-id=\"297c48c\" data-element_type=\"widget\" data-e-type=\"widget\" data-widget_type=\"text-editor.default\">\n\t\t\t\t<div class=\"elementor-widget-container\">\n\t\t\t\t\t\t\t\t\tImamo va\u0161e podatke jer ste dobrovoljno pristali na kori\u0161tenje na\u0161ih usluga (odabirom polja za privolu). To se jednako odnosi na informacije koje ste pristali dati za marketing putem e-po\u0161te i druge oblike marketinga. Me\u0111utim, imate pravo povu\u0107i svoj pristanak za davanje svojih podataka u bilo kojem trenutku, kao \u0161to je obja\u0161njeno u na\u0161im uvjetima pru\u017eanja usluge ili kontaktiranjem na\u0161eg servisnog tima putem e-po\u0161te. \t\t\t\t\t\t\t\t<\/div>\n\t\t\t\t<\/div>\n\t\t\t\t<div class=\"elementor-element elementor-element-cdef221 elementor-widget elementor-widget-spacer\" data-id=\"cdef221\" data-element_type=\"widget\" data-e-type=\"widget\" data-widget_type=\"spacer.default\">\n\t\t\t\t<div class=\"elementor-widget-container\">\n\t\t\t\t\t\t\t<div class=\"elementor-spacer\">\n\t\t\t<div class=\"elementor-spacer-inner\"><\/div>\n\t\t<\/div>\n\t\t\t\t\t\t<\/div>\n\t\t\t\t<\/div>\n\t\t\t\t<div class=\"elementor-element elementor-element-8618904 elementor-invisible elementor-widget elementor-widget-heading\" data-id=\"8618904\" data-element_type=\"widget\" data-e-type=\"widget\" data-settings=\"{&quot;_animation&quot;:&quot;fadeInUp&quot;}\" data-widget_type=\"heading.default\">\n\t\t\t\t<div class=\"elementor-widget-container\">\n\t\t\t\t\t<h2 class=\"elementor-heading-title elementor-size-default\">Koliko dugo se va\u0161i osobni podaci koriste kod nas?<\/h2>\t\t\t\t<\/div>\n\t\t\t\t<\/div>\n\t\t\t\t<div class=\"elementor-element elementor-element-d43308c elementor-widget elementor-widget-text-editor\" data-id=\"d43308c\" data-element_type=\"widget\" data-e-type=\"widget\" data-widget_type=\"text-editor.default\">\n\t\t\t\t<div class=\"elementor-widget-container\">\n\t\t\t\t\t\t\t\t\tOsim ako tra\u017eite da izbri\u0161emo va\u0161e podatke ili je na\u0161 ugovor s vama istekao, va\u0161i osobni podaci ostat \u0107e s nama. Me\u0111utim, ako je tako\u0111er potrebno, zadr\u017eat \u0107emo dulje neke ili sve va\u0161e osobne podatke u slu\u010dajevima pravnih, regulatornih ili poreznih razloga za rje\u0161avanje problema ili za rje\u0161avanje prijevare i\/ili zlouporabe ili provedbe na\u0161ih pravila (obi\u010dno za oko \u0161est godina).\t\t\t\t\t\t\t\t<\/div>\n\t\t\t\t<\/div>\n\t\t\t\t<div class=\"elementor-element elementor-element-920a938 elementor-widget elementor-widget-text-editor\" data-id=\"920a938\" data-element_type=\"widget\" data-e-type=\"widget\" data-widget_type=\"text-editor.default\">\n\t\t\t\t<div class=\"elementor-widget-container\">\n\t\t\t\t\t\t\t\t\tVa\u0161e \u0107emo podatke \u010duvati samo za biltene ili druge marketin\u0161ke aktivnosti samo dok nam ne ka\u017eete druga\u010dije, a pojedinosti o pregledavanju nastavit \u0107emo samo u razdoblju od 26 mjeseci.\t\t\t\t\t\t\t\t<\/div>\n\t\t\t\t<\/div>\n\t\t\t\t<div class=\"elementor-element elementor-element-c674c01 elementor-widget elementor-widget-spacer\" data-id=\"c674c01\" data-element_type=\"widget\" data-e-type=\"widget\" data-widget_type=\"spacer.default\">\n\t\t\t\t<div class=\"elementor-widget-container\">\n\t\t\t\t\t\t\t<div class=\"elementor-spacer\">\n\t\t\t<div class=\"elementor-spacer-inner\"><\/div>\n\t\t<\/div>\n\t\t\t\t\t\t<\/div>\n\t\t\t\t<\/div>\n\t\t\t\t<div class=\"elementor-element elementor-element-9a04966 elementor-invisible elementor-widget elementor-widget-heading\" data-id=\"9a04966\" data-element_type=\"widget\" data-e-type=\"widget\" data-settings=\"{&quot;_animation&quot;:&quot;fadeInUp&quot;}\" data-widget_type=\"heading.default\">\n\t\t\t\t<div class=\"elementor-widget-container\">\n\t\t\t\t\t<h2 class=\"elementor-heading-title elementor-size-default\">kome \u0161aljemo va\u0161e osobne podatke? <\/h2>\t\t\t\t<\/div>\n\t\t\t\t<\/div>\n\t\t\t\t<div class=\"elementor-element elementor-element-123ae33 elementor-widget elementor-widget-text-editor\" data-id=\"123ae33\" data-element_type=\"widget\" data-e-type=\"widget\" data-widget_type=\"text-editor.default\">\n\t\t\t\t<div class=\"elementor-widget-container\">\n\t\t\t\t\t\t\t\t\t<h4>Va\u0161i podaci koje dobivamo za kori\u0161tenje na na\u0161im web stranicama uklju\u010duju;<\/h4>\t\t\t\t\t\t\t\t<\/div>\n\t\t\t\t<\/div>\n\t\t\t\t<div class=\"elementor-element elementor-element-e0655b2 elementor-widget elementor-widget-html\" data-id=\"e0655b2\" data-element_type=\"widget\" data-e-type=\"widget\" data-widget_type=\"html.default\">\n\t\t\t\t<div class=\"elementor-widget-container\">\n\t\t\t\t\t<ol class=\"number_list_type\"><li>Oni koji nam poma\u017eu s hostingom web stranice i upravljanjem njome, operateri pla\u0107anja, pru\u017eatelji usluga za korisnike, distributeri e-po\u0161te, e-trgovina, analitika, na\u0161 tim za upravljanje pregledom, anketa i povratne informacije kupaca, na\u0161i razgovori u\u017eivo i usluge dostave.<\/li>\n<li>Regulatori zakona, policija i druge agencije za provo\u0111enje zakona poma\u017eu u slu\u010dajevima prijevare ili zlouporabe i osiguravaju uskla\u0111enost sa zakonskim zahtjevima kako bismo za\u0161titili vas i nas.<\/li>\n<li>Na\u0161im savjetnicima i izdavateljima profesionalno kada je u pitanju na\u0161e osiguranje ili na\u0161e rje\u0161avanje pravnih zahtjeva.<\/li>\n<li>Na\u0161im potencijalnim kupcima, ako je potrebno, u slu\u010daju navedene kupnje ili kupnje u tijeku ili za spajanje s cijelim ili dijelom na\u0161eg poslovanja.<\/li>\n<\/ol>\t\t\t\t<\/div>\n\t\t\t\t<\/div>\n\t\t\t\t<div class=\"elementor-element elementor-element-e443da4 elementor-invisible elementor-widget elementor-widget-heading\" data-id=\"e443da4\" data-element_type=\"widget\" data-e-type=\"widget\" data-settings=\"{&quot;_animation&quot;:&quot;fadeInUp&quot;}\" data-widget_type=\"heading.default\">\n\t\t\t\t<div class=\"elementor-widget-container\">\n\t\t\t\t\t<h2 class=\"elementor-heading-title elementor-size-default\">Gdje idu va\u0161e informacije?<\/h2>\t\t\t\t<\/div>\n\t\t\t\t<\/div>\n\t\t\t\t<div class=\"elementor-element elementor-element-9084bcd elementor-widget elementor-widget-text-editor\" data-id=\"9084bcd\" data-element_type=\"widget\" data-e-type=\"widget\" data-widget_type=\"text-editor.default\">\n\t\t\t\t<div class=\"elementor-widget-container\">\n\t\t\t\t\t\t\t\t\tOsobni podaci koje dobivamo od vas ne izlaze izvan Ujedinjenog Kraljevstva i ne prenose se ni u jednu drugu zemlju osim u slu\u010dajevima kada moramo dati va\u0161e podatke zemljama (osobito SAD-u) koje nam pru\u017eaju hosting, e-trgovinu, analitiku, distribuciju e-po\u0161te i druge usluge koje koristimo. \t\t\t\t\t\t\t\t<\/div>\n\t\t\t\t<\/div>\n\t\t\t\t<div class=\"elementor-element elementor-element-7b609b2 elementor-widget elementor-widget-text-editor\" data-id=\"7b609b2\" data-element_type=\"widget\" data-e-type=\"widget\" data-widget_type=\"text-editor.default\">\n\t\t\t\t<div class=\"elementor-widget-container\">\n\t\t\t\t\t\t\t\t\tAko postoji potreba za slanjem va\u0161ih osobnih podataka izvan Ujedinjenog Kraljevstva, osiguravamo da postoji zakonska potpora za to. Mi smo, prema dizajnu, ovla\u0161teni pru\u017eiti sigurnost za va\u0161e podatke prema standardnim ugovornim klauzulama koje odobrava Povjerenik za informiranje.\t\t\t\t\t\t\t\t<\/div>\n\t\t\t\t<\/div>\n\t\t\t\t<div class=\"elementor-element elementor-element-d349896 elementor-widget elementor-widget-spacer\" data-id=\"d349896\" data-element_type=\"widget\" data-e-type=\"widget\" data-widget_type=\"spacer.default\">\n\t\t\t\t<div class=\"elementor-widget-container\">\n\t\t\t\t\t\t\t<div class=\"elementor-spacer\">\n\t\t\t<div class=\"elementor-spacer-inner\"><\/div>\n\t\t<\/div>\n\t\t\t\t\t\t<\/div>\n\t\t\t\t<\/div>\n\t\t\t\t<div class=\"elementor-element elementor-element-28ca1a4 elementor-invisible elementor-widget elementor-widget-heading\" data-id=\"28ca1a4\" data-element_type=\"widget\" data-e-type=\"widget\" data-settings=\"{&quot;_animation&quot;:&quot;fadeInUp&quot;}\" data-widget_type=\"heading.default\">\n\t\t\t\t<div class=\"elementor-widget-container\">\n\t\t\t\t\t<h2 class=\"elementor-heading-title elementor-size-default\">Koja su va\u0161a prava?<\/h2>\t\t\t\t<\/div>\n\t\t\t\t<\/div>\n\t\t\t\t<div class=\"elementor-element elementor-element-2d977db elementor-widget elementor-widget-text-editor\" data-id=\"2d977db\" data-element_type=\"widget\" data-e-type=\"widget\" data-widget_type=\"text-editor.default\">\n\t\t\t\t<div class=\"elementor-widget-container\">\n\t\t\t\t\t\t\t\t\tImate pravo zakonski zatra\u017eiti pristup svojim osobnim podacima, izvr\u0161iti prilagodbe svojih podataka u slu\u010daju pogre\u0161aka, izbrisati svoje podatke s na\u0161e web stranice i ograni\u010diti upotrebu va\u0161ih podataka na na\u0161oj web stranici u odre\u0111enim okolnostima ili zbog upotrebe podataka. Tako\u0111er mo\u017eete povu\u0107i privolu koju ste dali da se va\u0161i podaci koriste za bilo koju od na\u0161ih usluga (npr. e-po\u0161ta) u bilo kojem trenutku.\t\t\t\t\t\t\t\t<\/div>\n\t\t\t\t<\/div>\n\t\t\t\t<div class=\"elementor-element elementor-element-649d929 elementor-widget elementor-widget-text-editor\" data-id=\"649d929\" data-element_type=\"widget\" data-e-type=\"widget\" data-widget_type=\"text-editor.default\">\n\t\t\t\t<div class=\"elementor-widget-container\">\n\t\t\t\t\t\t\t\t\tAko ste nezadovoljni na\u0161om upotrebom va\u0161e osobne usluge, ljubazno nam se obratite putem gornje e-po\u0161te, a ako imate osje\u0107aj da na\u0161 odgovor na va\u0161u peticiju nije obra\u0111en savr\u0161eno, imate se pravo \u017ealiti kad god postoji problem u uredu Povjerenika za informiranje (ICO). \t\t\t\t\t\t\t\t<\/div>\n\t\t\t\t<\/div>\n\t\t\t\t<div class=\"elementor-element elementor-element-426c88f elementor-widget elementor-widget-text-editor\" data-id=\"426c88f\" data-element_type=\"widget\" data-e-type=\"widget\" data-widget_type=\"text-editor.default\">\n\t\t\t\t<div class=\"elementor-widget-container\">\n\t\t\t\t\t\t\t\t\tKako biste saznali vi\u0161e o svojim pravima, posjetite web stranicu ICO-a na adresi ico.org.uk.\t\t\t\t\t\t\t\t<\/div>\n\t\t\t\t<\/div>\n\t\t\t\t<div class=\"elementor-element elementor-element-b4cd578 elementor-widget elementor-widget-spacer\" data-id=\"b4cd578\" data-element_type=\"widget\" data-e-type=\"widget\" data-widget_type=\"spacer.default\">\n\t\t\t\t<div class=\"elementor-widget-container\">\n\t\t\t\t\t\t\t<div class=\"elementor-spacer\">\n\t\t\t<div class=\"elementor-spacer-inner\"><\/div>\n\t\t<\/div>\n\t\t\t\t\t\t<\/div>\n\t\t\t\t<\/div>\n\t\t\t\t<div class=\"elementor-element elementor-element-18f92af elementor-invisible elementor-widget elementor-widget-heading\" data-id=\"18f92af\" data-element_type=\"widget\" data-e-type=\"widget\" data-settings=\"{&quot;_animation&quot;:&quot;fadeInUp&quot;}\" data-widget_type=\"heading.default\">\n\t\t\t\t<div class=\"elementor-widget-container\">\n\t\t\t\t\t<h2 class=\"elementor-heading-title elementor-size-default\">\u0161to je s kola\u010di\u0107ima?<\/h2>\t\t\t\t<\/div>\n\t\t\t\t<\/div>\n\t\t\t\t<div class=\"elementor-element elementor-element-82bda86 elementor-widget elementor-widget-text-editor\" data-id=\"82bda86\" data-element_type=\"widget\" data-e-type=\"widget\" data-widget_type=\"text-editor.default\">\n\t\t\t\t<div class=\"elementor-widget-container\">\n\t\t\t\t\t\t\t\t\tKada koristite web stranicu, kola\u010di\u0107i su identifikacije (brojke ili slova) poslane pregledniku va\u0161eg ure\u0111aja. Osmi\u0161ljeni su kako bi omogu\u0107ili nesmetan rad web stranice i dali vlasnicima i operaterima web stranice vi\u0161e informacija.\t\t\t\t\t\t\t\t<\/div>\n\t\t\t\t<\/div>\n\t\t\t\t<div class=\"elementor-element elementor-element-2606e33 elementor-widget elementor-widget-text-editor\" data-id=\"2606e33\" data-element_type=\"widget\" data-e-type=\"widget\" data-widget_type=\"text-editor.default\">\n\t\t\t\t<div class=\"elementor-widget-container\">\n\t\t\t\t\t\t\t\t\tKoristimo se ovim kola\u010di\u0107ima za u\u010dinkovito funkcioniranje na\u0161ih web stranica. Postoje privremeni kola\u010di\u0107i; ovi kola\u010di\u0107i ostaju u va\u0161em pregledniku samo dok se preglednik ne zatvori, a trajniji kola\u010di\u0107i mogu ostati u va\u0161em pregledniku dulje vrijeme, ovisno o njihovom vijeku trajanja. \t\t\t\t\t\t\t\t<\/div>\n\t\t\t\t<\/div>\n\t\t\t\t<div class=\"elementor-element elementor-element-1f9c831 elementor-widget elementor-widget-text-editor\" data-id=\"1f9c831\" data-element_type=\"widget\" data-e-type=\"widget\" data-widget_type=\"text-editor.default\">\n\t\t\t\t<div class=\"elementor-widget-container\">\n\t\t\t\t\t\t\t\t\tDa biste saznali vi\u0161e o kola\u010di\u0107ima i kako ih prihvatiti, odbiti ili upravljati njima te izbrisati postoje\u0107e kola\u010di\u0107e, provjerite allaboutcookies.org. Me\u0111utim, ograni\u010dit \u0107ete funkcionalnost na\u0161e stranice ako odlu\u010dite odbiti na\u0161e kola\u010di\u0107e. \t\t\t\t\t\t\t\t<\/div>\n\t\t\t\t<\/div>\n\t\t\t\t\t<\/div>\n\t\t<\/div>\n\t\t\t\t\t<\/div>\n\t\t<\/section>\n\t\t\t\t<\/div>","protected":false},"excerpt":{"rendered":"<p>About Us This website belongs to RenoDoll; we deal in the sales of sex dolls. All information about our company and our contact details can be found on our website. What our policy does? Our policy tells you all you need to know about giving out your personal details to us. Our policy details only cover the details given to us. If you give out your personal details to other websites at any point, kindly check their company&#8217;s policy. Only make use of our services after going through our policy details, and it satisfies you. Can there be a change<\/p>","protected":false},"author":1,"featured_media":0,"parent":0,"menu_order":0,"comment_status":"closed","ping_status":"closed","template":"","meta":{"footnotes":""},"class_list":["post-5188","page","type-page","status-publish","hentry"],"aioseo_notices":[],"_links":{"self":[{"href":"https:\/\/renodoll.com\/hr\/wp-json\/wp\/v2\/pages\/5188","targetHints":{"allow":["GET"]}}],"collection":[{"href":"https:\/\/renodoll.com\/hr\/wp-json\/wp\/v2\/pages"}],"about":[{"href":"https:\/\/renodoll.com\/hr\/wp-json\/wp\/v2\/types\/page"}],"author":[{"embeddable":true,"href":"https:\/\/renodoll.com\/hr\/wp-json\/wp\/v2\/users\/1"}],"replies":[{"embeddable":true,"href":"https:\/\/renodoll.com\/hr\/wp-json\/wp\/v2\/comments?post=5188"}],"version-history":[{"count":16,"href":"https:\/\/renodoll.com\/hr\/wp-json\/wp\/v2\/pages\/5188\/revisions"}],"predecessor-version":[{"id":14629,"href":"https:\/\/renodoll.com\/hr\/wp-json\/wp\/v2\/pages\/5188\/revisions\/14629"}],"wp:attachment":[{"href":"https:\/\/renodoll.com\/hr\/wp-json\/wp\/v2\/media?parent=5188"}],"curies":[{"name":"wp","href":"https:\/\/api.w.org\/{rel}","templated":true}]}}