{"id":5157,"date":"2023-02-20T14:08:08","date_gmt":"2023-02-20T06:08:08","guid":{"rendered":"https:\/\/renodoll.com\/?page_id=5157"},"modified":"2023-03-31T14:23:28","modified_gmt":"2023-03-31T06:23:28","slug":"disclaimer","status":"publish","type":"page","link":"https:\/\/renodoll.com\/hr\/disclaimer\/","title":{"rendered":"Odricanje"},"content":{"rendered":"<div data-elementor-type=\"wp-page\" data-elementor-id=\"5157\" class=\"elementor elementor-5157\" data-elementor-post-type=\"page\">\n\t\t\t\t\t\t<section class=\"elementor-section elementor-top-section elementor-element elementor-element-2aace59 elementor-section-boxed elementor-section-height-default elementor-section-height-default\" data-id=\"2aace59\" data-element_type=\"section\" data-e-type=\"section\">\n\t\t\t\t\t\t<div class=\"elementor-container elementor-column-gap-no\">\n\t\t\t\t\t<div class=\"elementor-column elementor-col-100 elementor-top-column elementor-element elementor-element-0017d57\" data-id=\"0017d57\" data-element_type=\"column\" data-e-type=\"column\">\n\t\t\t<div class=\"elementor-widget-wrap elementor-element-populated\">\n\t\t\t\t\t\t<div class=\"elementor-element elementor-element-8a2ff4e elementor-widget elementor-widget-spacer\" data-id=\"8a2ff4e\" data-element_type=\"widget\" data-e-type=\"widget\" data-widget_type=\"spacer.default\">\n\t\t\t\t<div class=\"elementor-widget-container\">\n\t\t\t\t\t\t\t<div class=\"elementor-spacer\">\n\t\t\t<div class=\"elementor-spacer-inner\"><\/div>\n\t\t<\/div>\n\t\t\t\t\t\t<\/div>\n\t\t\t\t<\/div>\n\t\t\t\t<section class=\"elementor-section elementor-inner-section elementor-element elementor-element-16bb0ad elementor-section-boxed elementor-section-height-default elementor-section-height-default\" data-id=\"16bb0ad\" data-element_type=\"section\" data-e-type=\"section\">\n\t\t\t\t\t\t<div class=\"elementor-container elementor-column-gap-default\">\n\t\t\t\t\t<div class=\"elementor-column elementor-col-50 elementor-inner-column elementor-element elementor-element-3d41176\" data-id=\"3d41176\" data-element_type=\"column\" data-e-type=\"column\">\n\t\t\t<div class=\"elementor-widget-wrap elementor-element-populated\">\n\t\t\t\t\t\t<div class=\"elementor-element elementor-element-5997a9f elementor-invisible elementor-widget elementor-widget-heading\" data-id=\"5997a9f\" data-element_type=\"widget\" data-e-type=\"widget\" data-settings=\"{&quot;_animation&quot;:&quot;fadeInUp&quot;}\" data-widget_type=\"heading.default\">\n\t\t\t\t<div class=\"elementor-widget-container\">\n\t\t\t\t\t<h2 class=\"elementor-heading-title elementor-size-default\">Upozorenje<\/h2>\t\t\t\t<\/div>\n\t\t\t\t<\/div>\n\t\t\t\t<div class=\"elementor-element elementor-element-3feda34 elementor-widget elementor-widget-text-editor\" data-id=\"3feda34\" data-element_type=\"widget\" data-e-type=\"widget\" data-widget_type=\"text-editor.default\">\n\t\t\t\t<div class=\"elementor-widget-container\">\n\t\t\t\t\t\t\t\t\tOno \u0161to je sadr\u017eano na ovoj stranici su materijali uglavnom za seksualno uzbu\u0111enje i zadovoljstvo, a namijenjeno je samo osobama starijim od 18 godina. Prije nego \u0161to se prijavite na na\u0161u stranicu, trebali biste prihvatiti sljede\u0107e uvjete:\t\t\t\t\t\t\t\t<\/div>\n\t\t\t\t<\/div>\n\t\t\t\t<div class=\"elementor-element elementor-element-1a4cbf5 elementor-widget elementor-widget-spacer\" data-id=\"1a4cbf5\" data-element_type=\"widget\" data-e-type=\"widget\" data-widget_type=\"spacer.default\">\n\t\t\t\t<div class=\"elementor-widget-container\">\n\t\t\t\t\t\t\t<div class=\"elementor-spacer\">\n\t\t\t<div class=\"elementor-spacer-inner\"><\/div>\n\t\t<\/div>\n\t\t\t\t\t\t<\/div>\n\t\t\t\t<\/div>\n\t\t\t\t<div class=\"elementor-element elementor-element-57d9795 elementor-invisible elementor-widget elementor-widget-heading\" data-id=\"57d9795\" data-element_type=\"widget\" data-e-type=\"widget\" data-settings=\"{&quot;_animation&quot;:&quot;fadeInUp&quot;}\" data-widget_type=\"heading.default\">\n\t\t\t\t<div class=\"elementor-widget-container\">\n\t\t\t\t\t<h2 class=\"elementor-heading-title elementor-size-default\">Odrasle osobe od 18 godina i vi\u0161e <\/h2>\t\t\t\t<\/div>\n\t\t\t\t<\/div>\n\t\t\t\t<div class=\"elementor-element elementor-element-4079b24 elementor-widget elementor-widget-text-editor\" data-id=\"4079b24\" data-element_type=\"widget\" data-e-type=\"widget\" data-widget_type=\"text-editor.default\">\n\t\t\t\t<div class=\"elementor-widget-container\">\n\t\t\t\t\t\t\t\t\t<p>renodoll.com ne mo\u017ee i nikada ne\u0107e zabraniti maloljetnicima da posjete stranicu. Isklju\u010diva je odgovornost roditelja i skrbnika da nadziru aktivnosti djece i tinejd\u017eera na odgovaraju\u0107im materijalima koji su im dostupni na uvid. RenoDoll prihva\u0107a samo kupnje koje izvr\u0161e odrasle osobe starije od 18 godina.<\/p>\t\t\t\t\t\t\t\t<\/div>\n\t\t\t\t<\/div>\n\t\t\t\t\t<\/div>\n\t\t<\/div>\n\t\t\t\t<div class=\"elementor-column elementor-col-50 elementor-inner-column elementor-element elementor-element-df8a856\" data-id=\"df8a856\" data-element_type=\"column\" data-e-type=\"column\">\n\t\t\t<div class=\"elementor-widget-wrap elementor-element-populated\">\n\t\t\t\t\t\t<div class=\"elementor-element elementor-element-5e5ebd7 elementor-widget elementor-widget-image\" data-id=\"5e5ebd7\" data-element_type=\"widget\" data-e-type=\"widget\" data-widget_type=\"image.default\">\n\t\t\t\t<div class=\"elementor-widget-container\">\n\t\t\t\t\t\t\t\t\t\t\t\t\t\t\t<img loading=\"lazy\" decoding=\"async\" width=\"626\" height=\"391\" src=\"https:\/\/renodoll.com\/wp-content\/uploads\/elementor\/thumbs\/xstore-placeholder-q1lsnz7epxgj07i36y75y69xtmzlsin1nvz42az9rc.png\" class=\"attachment-large size-large wp-image-14375 lazyload lazyload-simple et-lazyload-fadeIn\" alt=\"\" sizes=\"auto, (max-width: 626px) 100vw, 626px\" data-src=\"https:\/\/renodoll.com\/wp-content\/uploads\/2023\/03\/renodoll_adults-only-18-plus.jpg\" data-srcset=\"https:\/\/renodoll.com\/wp-content\/uploads\/2023\/03\/renodoll_adults-only-18-plus.jpg 626w, https:\/\/renodoll.com\/wp-content\/uploads\/2023\/03\/renodoll_adults-only-18-plus-300x187.jpg 300w, https:\/\/renodoll.com\/wp-content\/uploads\/2023\/03\/renodoll_adults-only-18-plus-18x12.jpg 18w, https:\/\/renodoll.com\/wp-content\/uploads\/2023\/03\/renodoll_adults-only-18-plus-100x62.jpg 100w, https:\/\/renodoll.com\/wp-content\/uploads\/2023\/03\/renodoll_adults-only-18-plus-600x375.jpg 600w, https:\/\/renodoll.com\/wp-content\/uploads\/2023\/03\/renodoll_adults-only-18-plus-10x6.jpg 10w\" \/>\t\t\t\t\t\t\t\t\t\t\t\t\t\t\t<\/div>\n\t\t\t\t<\/div>\n\t\t\t\t\t<\/div>\n\t\t<\/div>\n\t\t\t\t\t<\/div>\n\t\t<\/section>\n\t\t\t\t<div class=\"elementor-element elementor-element-d37e8f7 elementor-widget elementor-widget-spacer\" data-id=\"d37e8f7\" data-element_type=\"widget\" data-e-type=\"widget\" data-widget_type=\"spacer.default\">\n\t\t\t\t<div class=\"elementor-widget-container\">\n\t\t\t\t\t\t\t<div class=\"elementor-spacer\">\n\t\t\t<div class=\"elementor-spacer-inner\"><\/div>\n\t\t<\/div>\n\t\t\t\t\t\t<\/div>\n\t\t\t\t<\/div>\n\t\t\t\t<div class=\"elementor-element elementor-element-fd092ed elementor-invisible elementor-widget elementor-widget-heading\" data-id=\"fd092ed\" data-element_type=\"widget\" data-e-type=\"widget\" data-settings=\"{&quot;_animation&quot;:&quot;fadeInUp&quot;}\" data-widget_type=\"heading.default\">\n\t\t\t\t<div class=\"elementor-widget-container\">\n\t\t\t\t\t<h2 class=\"elementor-heading-title elementor-size-default\">Autorska prava<\/h2>\t\t\t\t<\/div>\n\t\t\t\t<\/div>\n\t\t\t\t<div class=\"elementor-element elementor-element-4a2734b elementor-widget elementor-widget-text-editor\" data-id=\"4a2734b\" data-element_type=\"widget\" data-e-type=\"widget\" data-widget_type=\"text-editor.default\">\n\t\t\t\t<div class=\"elementor-widget-container\">\n\t\t\t\t\t\t\t\t\t<p>Ako nije kontraindicirano, svi resursi koji su stavljeni na raspolaganje, i slikovni dizajni, web stranice, zapisi, konfiguracije i drugi odabiri, sva su vlasni\u010dka prava renodoll.com; stoga je kori\u0161tenje sadr\u017eaja na ovoj web stranici isklju\u010divo u poslovne svrhe i uz to nema skrivenih ciljeva. Nikakvi kopirani materijalni izvori s ove web stranice ne smiju se obnavljati, mijenjati, ponovno ispisivati, objavljivati, priop\u0107avati i dijeliti na bilo koji na\u010din niti bilo tko bez odgovaraju\u0107eg pristanka putem pisanog dokumenta s renodoll.com. Sva prava koja nisu propisno dana ostavljaju se po strani. Kori\u0161tenje uzoraka s ove stranice bez odgovaraju\u0107eg dopu\u0161tenja mo\u017ee utjecati na pravo i za\u0161titni znak, \u0161to mo\u017ee rezultirati kaznenom ili gra\u0111anskom kaznom.<\/p>\t\t\t\t\t\t\t\t<\/div>\n\t\t\t\t<\/div>\n\t\t\t\t<div class=\"elementor-element elementor-element-b84993c elementor-widget elementor-widget-spacer\" data-id=\"b84993c\" data-element_type=\"widget\" data-e-type=\"widget\" data-widget_type=\"spacer.default\">\n\t\t\t\t<div class=\"elementor-widget-container\">\n\t\t\t\t\t\t\t<div class=\"elementor-spacer\">\n\t\t\t<div class=\"elementor-spacer-inner\"><\/div>\n\t\t<\/div>\n\t\t\t\t\t\t<\/div>\n\t\t\t\t<\/div>\n\t\t\t\t<div class=\"elementor-element elementor-element-4cc3835 elementor-invisible elementor-widget elementor-widget-heading\" data-id=\"4cc3835\" data-element_type=\"widget\" data-e-type=\"widget\" data-settings=\"{&quot;_animation&quot;:&quot;fadeInUp&quot;}\" data-widget_type=\"heading.default\">\n\t\t\t\t<div class=\"elementor-widget-container\">\n\t\t\t\t\t<h2 class=\"elementor-heading-title elementor-size-default\">Odricanje<\/h2>\t\t\t\t<\/div>\n\t\t\t\t<\/div>\n\t\t\t\t<div class=\"elementor-element elementor-element-5b37396 elementor-widget elementor-widget-text-editor\" data-id=\"5b37396\" data-element_type=\"widget\" data-e-type=\"widget\" data-widget_type=\"text-editor.default\">\n\t\t\t\t<div class=\"elementor-widget-container\">\n\t\t\t\t\t\t\t\t\t<p>Sav sadr\u017eaj koji se nalazi na ovoj web stranici dostupan je u izvornom obliku bez ikakvih jamstava. Pretplatom na ovu stranicu pristajete na sve opasnosti povezane s kori\u0161tenjem svakog sadr\u017eaja na ovoj stranici. renodoll.com, njegovo osoblje, menad\u017eerski tim i izvo\u0111a\u010di ne\u0107e biti odgovorni za bilo kakav gubitak ili \u0161tetu koja proizlazi iz va\u0161e nemogu\u0107nosti da ispravno koristite stranicu i njene poveznice. renodoll.com i njezini suradnici koji su pridonijeli sadr\u017eaju na web stranici ne mogu se smatrati odgovornima ako do\u0111e do bilo kakvih problema zbog va\u0161e ovisnosti o sadr\u017eaju.<\/p>\t\t\t\t\t\t\t\t<\/div>\n\t\t\t\t<\/div>\n\t\t\t\t<div class=\"elementor-element elementor-element-5fbeccb elementor-widget elementor-widget-text-editor\" data-id=\"5fbeccb\" data-element_type=\"widget\" data-e-type=\"widget\" data-widget_type=\"text-editor.default\">\n\t\t\t\t<div class=\"elementor-widget-container\">\n\t\t\t\t\t\t\t\t\t<p>Na ovoj web stranici svi proizvodi koji se nalaze su za uzbudljiva i jedinstvena iskustva. RenoDoll ne jam\u010di da su na\u0161i proizvodi netaknuti, bez nedostataka od strane proizvo\u0111a\u010da i pogre\u0161nog predstavljanja od strane proizvo\u0111a\u010da.<\/p>\t\t\t\t\t\t\t\t<\/div>\n\t\t\t\t<\/div>\n\t\t\t\t<div class=\"elementor-element elementor-element-87c5887 elementor-widget elementor-widget-text-editor\" data-id=\"87c5887\" data-element_type=\"widget\" data-e-type=\"widget\" data-widget_type=\"text-editor.default\">\n\t\t\t\t<div class=\"elementor-widget-container\">\n\t\t\t\t\t\t\t\t\t<p>Slanjem svojih narud\u017ebi prihva\u0107ate i suglasni ste s dolje navedenim da RenoDoll ne\u0107e biti odgovoran za bilo kakvu namjernu ili nenamjernu nesre\u0107u uzrokovanu neznanjem, bez obzira na deliktni zakon.<\/p>\t\t\t\t\t\t\t\t<\/div>\n\t\t\t\t<\/div>\n\t\t\t\t<div class=\"elementor-element elementor-element-373e79d elementor-widget elementor-widget-spacer\" data-id=\"373e79d\" data-element_type=\"widget\" data-e-type=\"widget\" data-widget_type=\"spacer.default\">\n\t\t\t\t<div class=\"elementor-widget-container\">\n\t\t\t\t\t\t\t<div class=\"elementor-spacer\">\n\t\t\t<div class=\"elementor-spacer-inner\"><\/div>\n\t\t<\/div>\n\t\t\t\t\t\t<\/div>\n\t\t\t\t<\/div>\n\t\t\t\t<div class=\"elementor-element elementor-element-56745a0 elementor-invisible elementor-widget elementor-widget-heading\" data-id=\"56745a0\" data-element_type=\"widget\" data-e-type=\"widget\" data-settings=\"{&quot;_animation&quot;:&quot;fadeInUp&quot;}\" data-widget_type=\"heading.default\">\n\t\t\t\t<div class=\"elementor-widget-container\">\n\t\t\t\t\t<h2 class=\"elementor-heading-title elementor-size-default\">Povrat sredstava<\/h2>\t\t\t\t<\/div>\n\t\t\t\t<\/div>\n\t\t\t\t<div class=\"elementor-element elementor-element-1d0d6b3 elementor-widget elementor-widget-text-editor\" data-id=\"1d0d6b3\" data-element_type=\"widget\" data-e-type=\"widget\" data-widget_type=\"text-editor.default\">\n\t\t\t\t<div class=\"elementor-widget-container\">\n\t\t\t\t\t\t\t\t\tSvi kupljeni predmeti koji su napustili tvrtku, ali zbog nekih la\u017enih aktivnosti, vra\u0107eni su natrag u tvrtku kao povrat uplate, oni \u0107e biti pa\u017eljivo i zakonito podneseni putem va\u0161ih lokalnih vlasti, a zakon \u0107e nastaviti svoj tijek ako se proglasi krivim . \t\t\t\t\t\t\t\t<\/div>\n\t\t\t\t<\/div>\n\t\t\t\t<div class=\"elementor-element elementor-element-0300983 elementor-widget elementor-widget-text-editor\" data-id=\"0300983\" data-element_type=\"widget\" data-e-type=\"widget\" data-widget_type=\"text-editor.default\">\n\t\t\t\t<div class=\"elementor-widget-container\">\n\t\t\t\t\t\t\t\t\t<p>Kupnjom bilo kojeg od na\u0161ih artikala na renodoll.com pristajete na \u010dinjenicu da; ne\u0107ete pokrenuti pravni postupak bilo kojeg oblika ili zahtijevati povrat novca za bilo koji proizvod za koji je pla\u0107anje izvr\u0161eno va\u0161im plasti\u010dnim novcem\/kreditnom karticom na renodoll.com.<\/p>\t\t\t\t\t\t\t\t<\/div>\n\t\t\t\t<\/div>\n\t\t\t\t<div class=\"elementor-element elementor-element-92ba549 elementor-widget elementor-widget-text-editor\" data-id=\"92ba549\" data-element_type=\"widget\" data-e-type=\"widget\" data-widget_type=\"text-editor.default\">\n\t\t\t\t<div class=\"elementor-widget-container\">\n\t\t\t\t\t\t\t\t\t<p>Bez poduzimanja svjesnog napora da nas obavijesti o bilo kakvim pote\u0161ko\u0107ama na koje nai\u0111e i da tako\u0111er da organizaciji razumno vrijeme da ih rije\u0161i, renodoll.com smatra zahtjev za povratom pla\u0107anja ili storniranjem prijevarne radnje.<\/p>\t\t\t\t\t\t\t\t<\/div>\n\t\t\t\t<\/div>\n\t\t\t\t<div class=\"elementor-element elementor-element-f9ca80d elementor-widget elementor-widget-text-editor\" data-id=\"f9ca80d\" data-element_type=\"widget\" data-e-type=\"widget\" data-widget_type=\"text-editor.default\">\n\t\t\t\t<div class=\"elementor-widget-container\">\n\t\t\t\t\t\t\t\t\tNe\u0107e se tolerirati bilo kakav \u010din prijevare organizacije kori\u0161tenjem la\u017enog plasti\u010dnog novca\/kreditne kartice za pla\u0107anje nakon kupnje artikla. Svaka nezakonita transakcija bilo kojeg klijenta koja uzrokuje dug ili gubitak tvrtke bit \u0107e suo\u010dena s cijelim zakonom, bilo u poslovanju, tro\u0161kovima istra\u017eivanja ili zakonskom pla\u0107anju, a to uklju\u010duje i slobodno vrijeme osoblja.\t\t\t\t\t\t\t\t<\/div>\n\t\t\t\t<\/div>\n\t\t\t\t<div class=\"elementor-element elementor-element-0647a6a elementor-widget elementor-widget-text-editor\" data-id=\"0647a6a\" data-element_type=\"widget\" data-e-type=\"widget\" data-widget_type=\"text-editor.default\">\n\t\t\t\t<div class=\"elementor-widget-container\">\n\t\t\t\t\t\t\t\t\tSvaki povrat novca koji zahtijeva klijent stvara neugodnosti na\u0161em osoblju jer ometa na\u0161e redovne poslovne aktivnosti i tako\u0111er izvla\u010di novac iz kese tvrtke u tom smislu:\t\t\t\t\t\t\t\t<\/div>\n\t\t\t\t<\/div>\n\t\t\t\t<div class=\"elementor-element elementor-element-25f164f elementor-widget elementor-widget-text-editor\" data-id=\"25f164f\" data-element_type=\"widget\" data-e-type=\"widget\" data-widget_type=\"text-editor.default\">\n\t\t\t\t<div class=\"elementor-widget-container\">\n\t\t\t\t\t\t\t\t\t<p>Treba li kupnja na\u0161ih realisti\u010dnih seks lutaka od strane bilo kojeg klijenta s renodoll.com iu tom procesu o\u0161tetiti proizvod te ujedno tu\u017eiti tvrtku na sudu ili zahtijevati povrat novca s va\u0161im plasti\u010dnim novcem \/tvrtke za kreditne kartice, zbog stanja stvari koje kr\u0161i na\u0161e uvjete i odredbe, na koje ste prvotno pristali u trenutku kada ste napravili narud\u017ebu, ili niste obavijestili tvrtku na vrijeme i niste bili strpljivi da tvrtka prihvati, potvrditi i uputiti adekvatan upit za povratnu informaciju, tada takav klijent gubi i ne\u0107e mu biti vra\u0107en novac.<\/p>\t\t\t\t\t\t\t\t<\/div>\n\t\t\t\t<\/div>\n\t\t\t\t<div class=\"elementor-element elementor-element-3356070 elementor-widget elementor-widget-text-editor\" data-id=\"3356070\" data-element_type=\"widget\" data-e-type=\"widget\" data-widget_type=\"text-editor.default\">\n\t\t\t\t<div class=\"elementor-widget-container\">\n\t\t\t\t\t\t\t\t\t<p>Ali u situaciji kada klijent dobije slu\u010daj povrata novca\/pla\u0107anja sa svojom tvrtkom za plasti\u010dni novac\/kreditne kartice, renodoll.com \u0107e poku\u0161ati povratiti sve la\u017eno argumentirane namete, uklju\u010duju\u0107i dodatne tro\u0161kove za agenta te osobe. Biolo\u0161ki podaci uklju\u010divat \u0107e njihovo puno ime, e-po\u0161tu, datum narud\u017ebe proizvoda, iznos proizvoda, IP adresu, ku\u0107nu adresu i broj mobilnog telefona.<\/p>\t\t\t\t\t\t\t\t<\/div>\n\t\t\t\t<\/div>\n\t\t\t\t\t<\/div>\n\t\t<\/div>\n\t\t\t\t\t<\/div>\n\t\t<\/section>\n\t\t\t\t<\/div>","protected":false},"excerpt":{"rendered":"<p>Upozorenje Ono \u0161to je sadr\u017eano na ovoj stranici su materijali uglavnom za seksualno uzbu\u0111enje i zadovoljstvo, a namijenjeno je samo osobama starijim od 18 godina. Prije nego \u0161to se prijavite na na\u0161u stranicu, trebali biste prihvatiti sljede\u0107e uvjete: Odrasle osobe od 18 godina i vi\u0161e renodoll.com ne mo\u017ee i nikada ne\u0107e zabraniti maloljetnicima da provjeravaju stranicu. Isklju\u010diva je odgovornost roditelja i skrbnika da nadziru aktivnosti djece i tinejd\u017eera na odgovaraju\u0107im materijalima koji su im dostupni na uvid. RenoDoll prihva\u0107a samo kupnje koje izvr\u0161e odrasle osobe starije od 18 godina. Autorska prava<\/p>","protected":false},"author":1,"featured_media":0,"parent":0,"menu_order":0,"comment_status":"closed","ping_status":"closed","template":"","meta":{"footnotes":""},"class_list":["post-5157","page","type-page","status-publish","hentry"],"aioseo_notices":[],"_links":{"self":[{"href":"https:\/\/renodoll.com\/hr\/wp-json\/wp\/v2\/pages\/5157","targetHints":{"allow":["GET"]}}],"collection":[{"href":"https:\/\/renodoll.com\/hr\/wp-json\/wp\/v2\/pages"}],"about":[{"href":"https:\/\/renodoll.com\/hr\/wp-json\/wp\/v2\/types\/page"}],"author":[{"embeddable":true,"href":"https:\/\/renodoll.com\/hr\/wp-json\/wp\/v2\/users\/1"}],"replies":[{"embeddable":true,"href":"https:\/\/renodoll.com\/hr\/wp-json\/wp\/v2\/comments?post=5157"}],"version-history":[{"count":31,"href":"https:\/\/renodoll.com\/hr\/wp-json\/wp\/v2\/pages\/5157\/revisions"}],"predecessor-version":[{"id":14623,"href":"https:\/\/renodoll.com\/hr\/wp-json\/wp\/v2\/pages\/5157\/revisions\/14623"}],"wp:attachment":[{"href":"https:\/\/renodoll.com\/hr\/wp-json\/wp\/v2\/media?parent=5157"}],"curies":[{"name":"wp","href":"https:\/\/api.w.org\/{rel}","templated":true}]}}