{"id":5446,"date":"2023-02-22T18:57:12","date_gmt":"2023-02-22T10:57:12","guid":{"rendered":"https:\/\/renodoll.com\/?page_id=5446"},"modified":"2023-03-29T16:46:47","modified_gmt":"2023-03-29T08:46:47","slug":"articulated-finger","status":"publish","type":"page","link":"https:\/\/renodoll.com\/fr\/doigt-articule\/","title":{"rendered":"Doigt articul\u00e9"},"content":{"rendered":"<div data-elementor-type=\"wp-page\" data-elementor-id=\"5446\" class=\"elementor elementor-5446\">\n\t\t\t\t\t\t\t\t\t<section class=\"elementor-section elementor-top-section elementor-element elementor-element-19ce2b8 elementor-section-boxed elementor-section-height-default elementor-section-height-default\" data-id=\"19ce2b8\" data-element_type=\"section\">\n\t\t\t\t\t\t<div class=\"elementor-container elementor-column-gap-default\">\n\t\t\t\t\t<div class=\"elementor-column elementor-col-100 elementor-top-column elementor-element elementor-element-f3c1b7c page-content-text\" data-id=\"f3c1b7c\" data-element_type=\"column\">\n\t\t\t<div class=\"elementor-widget-wrap elementor-element-populated\">\n\t\t\t\t\t\t\t\t<section class=\"elementor-section elementor-inner-section elementor-element elementor-element-fd7ff6a elementor-section-boxed elementor-section-height-default elementor-section-height-default\" data-id=\"fd7ff6a\" data-element_type=\"section\">\n\t\t\t\t\t\t<div class=\"elementor-container elementor-column-gap-default\">\n\t\t\t\t\t<div class=\"elementor-column elementor-col-50 elementor-inner-column elementor-element elementor-element-4194eef\" data-id=\"4194eef\" data-element_type=\"column\">\n\t\t\t<div class=\"elementor-widget-wrap elementor-element-populated\">\n\t\t\t\t\t\t\t\t<div class=\"elementor-element elementor-element-445fe14 elementor-invisible elementor-widget elementor-widget-heading\" data-id=\"445fe14\" data-element_type=\"widget\" data-settings=\"{&quot;_animation&quot;:&quot;fadeInUp&quot;}\" data-widget_type=\"heading.default\">\n\t\t\t\t<div class=\"elementor-widget-container\">\n\t\t\t<style>\/*! elementor - v3.10.2 - 29-01-2023 *\/\n.elementor-heading-title{padding:0;margin:0;line-height:1}.elementor-widget-heading .elementor-heading-title[class*=elementor-size-]>a{color:inherit;font-size:inherit;line-height:inherit}.elementor-widget-heading .elementor-heading-title.elementor-size-small{font-size:15px}.elementor-widget-heading .elementor-heading-title.elementor-size-medium{font-size:19px}.elementor-widget-heading .elementor-heading-title.elementor-size-large{font-size:29px}.elementor-widget-heading .elementor-heading-title.elementor-size-xl{font-size:39px}.elementor-widget-heading .elementor-heading-title.elementor-size-xxl{font-size:59px}<\/style><h2 class=\"elementor-heading-title elementor-size-default\">Doigt<\/h2>\t\t<\/div>\n\t\t\t\t<\/div>\n\t\t\t\t<div class=\"elementor-element elementor-element-2f50bad elementor-widget elementor-widget-text-editor\" data-id=\"2f50bad\" data-element_type=\"widget\" data-widget_type=\"text-editor.default\">\n\t\t\t\t<div class=\"elementor-widget-container\">\n\t\t\t<style>\/*! elementor - v3.10.2 - 29-01-2023 *\/\n.elementor-widget-text-editor.elementor-drop-cap-view-stacked .elementor-drop-cap{background-color:#818a91;color:#fff}.elementor-widget-text-editor.elementor-drop-cap-view-framed .elementor-drop-cap{color:#818a91;border:3px solid;background-color:transparent}.elementor-widget-text-editor:not(.elementor-drop-cap-view-default) .elementor-drop-cap{margin-top:8px}.elementor-widget-text-editor:not(.elementor-drop-cap-view-default) .elementor-drop-cap-letter{width:1em;height:1em}.elementor-widget-text-editor .elementor-drop-cap{float:left;text-align:center;line-height:1;font-size:50px}.elementor-widget-text-editor .elementor-drop-cap-letter{display:inline-block}<\/style>\t\t\t\t<p>Peu de temps apr\u00e8s, Irontech a annonc\u00e9 la sortie des nouvelles mains et doigts articul\u00e9s pour leurs poup\u00e9es sexuelles et a rejoint YL Doll et WMDoll en tant que troisi\u00e8me marque de poup\u00e9es sexuelles TPE pour offrir une mise \u00e0 niveau pour le doigt de leur poup\u00e9e sexuelle.<\/p>\t\t\t\t\t\t<\/div>\n\t\t\t\t<\/div>\n\t\t\t\t<div class=\"elementor-element elementor-element-7b009cf elementor-widget elementor-widget-text-editor\" data-id=\"7b009cf\" data-element_type=\"widget\" data-widget_type=\"text-editor.default\">\n\t\t\t\t<div class=\"elementor-widget-container\">\n\t\t\t\t\t\t\tCette nouvelle fonctionnalit\u00e9 de poup\u00e9e sexuelle est devenue une tendance dans l&#039;industrie des poup\u00e9es sexuelles, et c&#039;est une tendance agr\u00e9able pour la communaut\u00e9 des poup\u00e9es sexuelles car la majorit\u00e9 de ces vrais propri\u00e9taires de poup\u00e9es n&#039;aiment pas les vieux doigts, qui sont fragiles et c\u00e2bl\u00e9s.\n\t\t\t\t\t\t<\/div>\n\t\t\t\t<\/div>\n\t\t\t\t<div class=\"elementor-element elementor-element-d24a218 elementor-widget elementor-widget-text-editor\" data-id=\"d24a218\" data-element_type=\"widget\" data-widget_type=\"text-editor.default\">\n\t\t\t\t<div class=\"elementor-widget-container\">\n\t\t\t\t\t\t\t<p>La mise \u00e0 niveau du doigt articul\u00e9 annonc\u00e9e par Irontech est \u00e0 peu pr\u00e8s la m\u00eame que celle de WM. Le squelette de la main en m\u00e9tal de la poup\u00e9e sexuelle a une articulation articul\u00e9e et est \u00e9galement recouvert d&#039;un rev\u00eatement blanc pour \u00e9viter que la peau du doigt ne soit endommag\u00e9e. Ces sets de poup\u00e9es permettent de r\u00e9aliser facilement des poses r\u00e9alistes impliquant la main et le doigt sans que les fils aient \u00e0 traverser le TPE.<\/p>\t\t\t\t\t\t<\/div>\n\t\t\t\t<\/div>\n\t\t\t\t\t<\/div>\n\t\t<\/div>\n\t\t\t\t<div class=\"elementor-column elementor-col-50 elementor-inner-column elementor-element elementor-element-df10d16\" data-id=\"df10d16\" data-element_type=\"column\">\n\t\t\t<div class=\"elementor-widget-wrap elementor-element-populated\">\n\t\t\t\t\t\t\t\t<div class=\"elementor-element elementor-element-2fef030 elementor-aspect-ratio-169 elementor-widget elementor-widget-video\" data-id=\"2fef030\" data-element_type=\"widget\" data-settings=\"{&quot;video_type&quot;:&quot;hosted&quot;,&quot;autoplay&quot;:&quot;yes&quot;,&quot;play_on_mobile&quot;:&quot;yes&quot;,&quot;loop&quot;:&quot;yes&quot;,&quot;controls&quot;:&quot;yes&quot;,&quot;aspect_ratio&quot;:&quot;169&quot;}\" data-widget_type=\"video.default\">\n\t\t\t\t<div class=\"elementor-widget-container\">\n\t\t\t<style>\/*! elementor - v3.10.2 - 29-01-2023 *\/\n.elementor-widget-video .elementor-widget-container{overflow:hidden;transform:translateZ(0)}.elementor-widget-video .elementor-open-inline .elementor-custom-embed-image-overlay{position:absolute;top:0;left:0;width:100%;height:100%;background-size:cover;background-position:50%}.elementor-widget-video .elementor-custom-embed-image-overlay{cursor:pointer;text-align:center}.elementor-widget-video .elementor-custom-embed-image-overlay:hover .elementor-custom-embed-play i{opacity:1}.elementor-widget-video .elementor-custom-embed-image-overlay img{display:block;width:100%}.elementor-widget-video .e-hosted-video .elementor-video{-o-object-fit:cover;object-fit:cover}.e-con-inner>.elementor-widget-video,.e-con>.elementor-widget-video{width:var(--container-widget-width);--flex-grow:var(--container-widget-flex-grow)}<\/style>\t\t<div class=\"e-hosted-video elementor-wrapper elementor-fit-aspect-ratio elementor-open-inline\">\n\t\t\t\t\t<video class=\"elementor-video\" src=\"http:\/\/renodoll.com\/wp-content\/uploads\/2023\/03\/kb-finger.mp4\" autoplay=\"\" loop=\"\" controls=\"\" playsinline=\"\" controlslist=\"nodownload\"><\/video>\n\t\t\t\t<\/div>\n\t\t\t\t<\/div>\n\t\t\t\t<\/div>\n\t\t\t\t\t<\/div>\n\t\t<\/div>\n\t\t\t\t\t\t\t<\/div>\n\t\t<\/section>\n\t\t\t\t<div class=\"elementor-element elementor-element-9f505e9 elementor-widget elementor-widget-text-editor\" data-id=\"9f505e9\" data-element_type=\"widget\" data-widget_type=\"text-editor.default\">\n\t\t\t\t<div class=\"elementor-widget-container\">\n\t\t\t\t\t\t\tCela a peut-\u00eatre pris beaucoup de temps, mais la fonction articul\u00e9e des doigts et des mains est une bonne nouvelle pour la communaut\u00e9 des poup\u00e9es sexuelles. Si cette fonctionnalit\u00e9 vous pla\u00eet, n&#039;oubliez pas de l&#039;ajouter \u00e0 votre commande. \n\t\t\t\t\t\t<\/div>\n\t\t\t\t<\/div>\n\t\t\t\t<div class=\"elementor-element elementor-element-75d035e elementor-widget elementor-widget-text-editor\" data-id=\"75d035e\" data-element_type=\"widget\" data-widget_type=\"text-editor.default\">\n\t\t\t\t<div class=\"elementor-widget-container\">\n\t\t\t\t\t\t\t\u00cates-vous fatigu\u00e9 que le doigt de votre poup\u00e9e sexuelle soit dirig\u00e9 par le fil m\u00e9tallique int\u00e9rieur\u00a0? Vous aimeriez que votre poup\u00e9e sexuelle ait un doigt plus souple ? Alors cette nouvelle fonctionnalit\u00e9 d&#039;un nouveau doigt articul\u00e9 est une mise \u00e0 niveau que vous devez consid\u00e9rer.\t\t\t\t\t\t<\/div>\n\t\t\t\t<\/div>\n\t\t\t\t<div class=\"elementor-element elementor-element-4c9dc49 elementor-widget elementor-widget-text-editor\" data-id=\"4c9dc49\" data-element_type=\"widget\" data-widget_type=\"text-editor.default\">\n\t\t\t\t<div class=\"elementor-widget-container\">\n\t\t\t\t\t\t\t<p>C&#039;est un plaisir de vous annoncer que l&#039;usine WMDoll a commenc\u00e9 \u00e0 produire ses poup\u00e9es sexuelles pleine grandeur avec la mise \u00e0 niveau des doigts articul\u00e9s, qui est une main squelette r\u00e9cemment d\u00e9velopp\u00e9e.<\/p>\t\t\t\t\t\t<\/div>\n\t\t\t\t<\/div>\n\t\t\t\t<div class=\"elementor-element elementor-element-6f7a4a4 elementor-widget elementor-widget-text-editor\" data-id=\"6f7a4a4\" data-element_type=\"widget\" data-widget_type=\"text-editor.default\">\n\t\t\t\t<div class=\"elementor-widget-container\">\n\t\t\t\t\t\t\tCette nouvelle fonctionnalit\u00e9 de doigt articul\u00e9 est con\u00e7ue avec soin et poss\u00e8de des articulations m\u00e9talliques robustes et des pointes arrondies pour emp\u00eacher la peau du doigt d&#039;\u00eatre facilement perc\u00e9e. La meilleure partie de cela; cette nouvelle fonctionnalit\u00e9 permet \u00e0 la poup\u00e9e sexuelle de copier de nombreux gestes de la main que l&#039;ancienne main filaire ne peut pas faire. Il s&#039;agit d&#039;une mise \u00e0 niveau fantastique, en particulier pour la communaut\u00e9 des amateurs de poup\u00e9es sexuelles.\n\t\t\t\t\t\t<\/div>\n\t\t\t\t<\/div>\n\t\t\t\t<div class=\"elementor-element elementor-element-e390632 elementor-widget elementor-widget-text-editor\" data-id=\"e390632\" data-element_type=\"widget\" data-widget_type=\"text-editor.default\">\n\t\t\t\t<div class=\"elementor-widget-container\">\n\t\t\t\t\t\t\tRegardez la vid\u00e9o ci-dessous pour d\u00e9couvrir le fonctionnement de cette nouvelle fonctionnalit\u00e9.\t\t\t\t\t\t<\/div>\n\t\t\t\t<\/div>\n\t\t\t\t<div class=\"elementor-element elementor-element-e28a12e elementor-invisible elementor-widget elementor-widget-heading\" data-id=\"e28a12e\" data-element_type=\"widget\" data-settings=\"{&quot;_animation&quot;:&quot;fadeInUp&quot;}\" data-widget_type=\"heading.default\">\n\t\t\t\t<div class=\"elementor-widget-container\">\n\t\t\t<h2 class=\"elementor-heading-title elementor-size-default\">Gardez \u00e0 l&#039;esprit :<\/h2>\t\t<\/div>\n\t\t\t\t<\/div>\n\t\t\t\t<div class=\"elementor-element elementor-element-ac5f65c elementor-widget elementor-widget-html\" data-id=\"ac5f65c\" data-element_type=\"widget\" data-widget_type=\"html.default\">\n\t\t\t\t<div class=\"elementor-widget-container\">\n\t\t\t<ol class=\"number_list_type\"><li>Seuls WMDoll et YL Dolls offrent cette nouvelle fonctionnalit\u00e9.<\/li>\n<li>Cette nouvelle fonctionnalit\u00e9 int\u00e9ressante n&#039;est disponible que pour les poup\u00e9es TPE de plus de 140 cm.\n<\/li>\n<li>Il ne peut pas \u00eatre utilis\u00e9 avec les anciens WMdolls, modifi\u00e9 ou mis \u00e0 niveau.<\/li>\n<li>Il est en m\u00e9tal et non en fil de cuivre.<\/li>\n<li>Les doigts articul\u00e9s ne peuvent pas s&#039;emm\u00ealer.\n<\/li>\n<li>L&#039;amplitude de mouvement du doigt articul\u00e9 est la m\u00eame que celle de l&#039;ancien doigt filaire.<\/li>\n<li>Cette nouvelle fonctionnalit\u00e9 permet le mouvement de la main vers le haut et vers le bas ainsi que la rotation interne et externe de l&#039;avant-bras.<\/li>\n<li>\n    La port\u00e9e du mouvement de la main est presque 95% d&#039;une main humaine r\u00e9elle, et c&#039;est pourquoi le mouvement vers le haut et vers le bas de la main, ainsi que la rotation interne et externe de l&#039;avant-bras, sont possibles.\n<\/li>\n<\/ol>\t\t<\/div>\n\t\t\t\t<\/div>\n\t\t\t\t\t<\/div>\n\t\t<\/div>\n\t\t\t\t\t\t\t<\/div>\n\t\t<\/section>\n\t\t\t\t\t\t\t<\/div>","protected":false},"excerpt":{"rendered":"<p>Finger Peu de temps apr\u00e8s, Irontech a annonc\u00e9 la sortie des nouvelles mains et doigts articul\u00e9s pour leurs poup\u00e9es sexuelles et a rejoint YL Doll et WMDoll en tant que troisi\u00e8me marque de poup\u00e9es sexuelles TPE pour offrir une mise \u00e0 niveau pour le doigt de leur poup\u00e9e sexuelle. Cette nouvelle fonctionnalit\u00e9 de poup\u00e9e sexuelle est devenue une tendance dans l&#039;industrie des poup\u00e9es sexuelles, et c&#039;est une tendance agr\u00e9able pour la communaut\u00e9 des poup\u00e9es sexuelles car la majorit\u00e9 de ces vrais propri\u00e9taires de poup\u00e9es n&#039;aiment pas les vieux doigts, qui sont fragiles et c\u00e2bl\u00e9s. La mise \u00e0 niveau du doigt articul\u00e9 annonc\u00e9e par Irontech est \u00e0 peu pr\u00e8s la m\u00eame que celle de WM.<\/p>","protected":false},"author":1,"featured_media":0,"parent":0,"menu_order":0,"comment_status":"closed","ping_status":"closed","template":"","meta":{"footnotes":""},"class_list":["post-5446","page","type-page","status-publish","hentry"],"aioseo_notices":[],"_links":{"self":[{"href":"https:\/\/renodoll.com\/fr\/wp-json\/wp\/v2\/pages\/5446","targetHints":{"allow":["GET"]}}],"collection":[{"href":"https:\/\/renodoll.com\/fr\/wp-json\/wp\/v2\/pages"}],"about":[{"href":"https:\/\/renodoll.com\/fr\/wp-json\/wp\/v2\/types\/page"}],"author":[{"embeddable":true,"href":"https:\/\/renodoll.com\/fr\/wp-json\/wp\/v2\/users\/1"}],"replies":[{"embeddable":true,"href":"https:\/\/renodoll.com\/fr\/wp-json\/wp\/v2\/comments?post=5446"}],"version-history":[{"count":38,"href":"https:\/\/renodoll.com\/fr\/wp-json\/wp\/v2\/pages\/5446\/revisions"}],"predecessor-version":[{"id":14260,"href":"https:\/\/renodoll.com\/fr\/wp-json\/wp\/v2\/pages\/5446\/revisions\/14260"}],"wp:attachment":[{"href":"https:\/\/renodoll.com\/fr\/wp-json\/wp\/v2\/media?parent=5446"}],"curies":[{"name":"wp","href":"https:\/\/api.w.org\/{rel}","templated":true}]}}