{"id":5394,"date":"2023-02-22T16:53:11","date_gmt":"2023-02-22T08:53:11","guid":{"rendered":"https:\/\/renodoll.com\/?page_id=5394"},"modified":"2023-04-24T20:06:46","modified_gmt":"2023-04-24T12:06:46","slug":"sex-doll-maintenance","status":"publish","type":"page","link":"https:\/\/renodoll.com\/fr\/sex-doll-maintenance\/","title":{"rendered":"Entretien de la poup\u00e9e sexuelle"},"content":{"rendered":"<div data-elementor-type=\"wp-page\" data-elementor-id=\"5394\" class=\"elementor elementor-5394\" data-elementor-post-type=\"page\">\n\t\t\t\t\t\t<section class=\"elementor-section elementor-top-section elementor-element elementor-element-b863e45 elementor-section-boxed elementor-section-height-default elementor-section-height-default\" data-id=\"b863e45\" data-element_type=\"section\" data-e-type=\"section\">\n\t\t\t\t\t\t<div class=\"elementor-container elementor-column-gap-default\">\n\t\t\t\t\t<div class=\"elementor-column elementor-col-100 elementor-top-column elementor-element elementor-element-d06ff7c page-content-text\" data-id=\"d06ff7c\" data-element_type=\"column\" data-e-type=\"column\">\n\t\t\t<div class=\"elementor-widget-wrap elementor-element-populated\">\n\t\t\t\t\t\t<div class=\"elementor-element elementor-element-cc13aac elementor-invisible elementor-widget elementor-widget-heading\" data-id=\"cc13aac\" data-element_type=\"widget\" data-e-type=\"widget\" data-settings=\"{&quot;_animation&quot;:&quot;fadeInUp&quot;}\" data-widget_type=\"heading.default\">\n\t\t\t\t<div class=\"elementor-widget-container\">\n\t\t\t\t\t<h2 class=\"elementor-heading-title elementor-size-default\">ENTRETIEN DE LA SURFACE EN SILICONE<\/h2>\t\t\t\t<\/div>\n\t\t\t\t<\/div>\n\t\t\t\t<section class=\"elementor-section elementor-inner-section elementor-element elementor-element-b9cb035 elementor-section-boxed elementor-section-height-default elementor-section-height-default\" data-id=\"b9cb035\" data-element_type=\"section\" data-e-type=\"section\">\n\t\t\t\t\t\t<div class=\"elementor-container elementor-column-gap-default\">\n\t\t\t\t\t<div class=\"elementor-column elementor-col-100 elementor-inner-column elementor-element elementor-element-3145bdb\" data-id=\"3145bdb\" data-element_type=\"column\" data-e-type=\"column\">\n\t\t\t<div class=\"elementor-widget-wrap elementor-element-populated\">\n\t\t\t\t\t\t<div class=\"elementor-element elementor-element-8958d6e elementor-invisible elementor-widget elementor-widget-heading\" data-id=\"8958d6e\" data-element_type=\"widget\" data-e-type=\"widget\" data-settings=\"{&quot;_animation&quot;:&quot;fadeInUp&quot;}\" data-widget_type=\"heading.default\">\n\t\t\t\t<div class=\"elementor-widget-container\">\n\t\t\t\t\t<h2 class=\"elementor-heading-title elementor-size-default\">Introduction aux soins des poup\u00e9es sexuelles<\/h2>\t\t\t\t<\/div>\n\t\t\t\t<\/div>\n\t\t\t\t<div class=\"elementor-element elementor-element-5c55386 elementor-widget elementor-widget-text-editor\" data-id=\"5c55386\" data-element_type=\"widget\" data-e-type=\"widget\" data-widget_type=\"text-editor.default\">\n\t\t\t\t<div class=\"elementor-widget-container\">\n\t\t\t\t\t\t\t\t\t<p>Pour la peau en double du mod\u00e8le de poup\u00e9e, nous utilisons du caoutchouc de silicone pour corps humain polym\u00e8re \u00e9tranger comme \u00e9quipement non toxique et inodore.<\/p>\t\t\t\t\t\t\t\t<\/div>\n\t\t\t\t<\/div>\n\t\t\t\t<div class=\"elementor-element elementor-element-ce0966c elementor-widget elementor-widget-text-editor\" data-id=\"ce0966c\" data-element_type=\"widget\" data-e-type=\"widget\" data-widget_type=\"text-editor.default\">\n\t\t\t\t<div class=\"elementor-widget-container\">\n\t\t\t\t\t\t\t\t\tUne fois que les mat\u00e9riaux en silicone ne sont pas utilis\u00e9s pendant une longue p\u00e9riode, il y aura un d\u00e9versement d&#039;huile sur leurs surfaces en raison de l&#039;huile de silicone enferm\u00e9e dans la formule de silicone, et c&#039;est un ph\u00e9nom\u00e8ne habituel.\t\t\t\t\t\t\t\t<\/div>\n\t\t\t\t<\/div>\n\t\t\t\t<div class=\"elementor-element elementor-element-28b24ad elementor-widget elementor-widget-text-editor\" data-id=\"28b24ad\" data-element_type=\"widget\" data-e-type=\"widget\" data-widget_type=\"text-editor.default\">\n\t\t\t\t<div class=\"elementor-widget-container\">\n\t\t\t\t\t\t\t\t\tVous n&#039;avez qu&#039;\u00e0 nettoyer d\u00e9licatement la surface avec n&#039;importe quel tissu propre. De plus, lorsque les poup\u00e9es sexuelles ne sont pas utilis\u00e9es pendant une p\u00e9riode prolong\u00e9e, leurs surfaces seront tach\u00e9es d&#039;huile ; c&#039;est-\u00e0-dire que pour garder la peau en silicone propre et s\u00fbre pour de meilleures performances, effectuez toujours une v\u00e9rification de routine et effectuez un entretien r\u00e9gulier.\t\t\t\t\t\t\t\t<\/div>\n\t\t\t\t<\/div>\n\t\t\t\t<div class=\"elementor-element elementor-element-1003aec elementor-widget elementor-widget-text-editor\" data-id=\"1003aec\" data-element_type=\"widget\" data-e-type=\"widget\" data-widget_type=\"text-editor.default\">\n\t\t\t\t<div class=\"elementor-widget-container\">\n\t\t\t\t\t\t\t\t\tLe temps de nettoyage estim\u00e9 varie en fonction de l&#039;importance de la t\u00e2che et du domaine de l&#039;entrep\u00f4t. G\u00e9n\u00e9ralement, une routine mensuelle est acceptable.\t\t\t\t\t\t\t\t<\/div>\n\t\t\t\t<\/div>\n\t\t\t\t\t<\/div>\n\t\t<\/div>\n\t\t\t\t\t<\/div>\n\t\t<\/section>\n\t\t\t\t<div class=\"elementor-element elementor-element-e5c4aaa elementor-invisible elementor-widget elementor-widget-heading\" data-id=\"e5c4aaa\" data-element_type=\"widget\" data-e-type=\"widget\" data-settings=\"{&quot;_animation&quot;:&quot;fadeInUp&quot;}\" data-widget_type=\"heading.default\">\n\t\t\t\t<div class=\"elementor-widget-container\">\n\t\t\t\t\t<h2 class=\"elementor-heading-title elementor-size-default\">M\u00e9thode d&#039;entretien de routine des poup\u00e9es sexuelles <\/h2>\t\t\t\t<\/div>\n\t\t\t\t<\/div>\n\t\t\t\t<div class=\"elementor-element elementor-element-6d7a9f6 elementor-widget elementor-widget-text-editor\" data-id=\"6d7a9f6\" data-element_type=\"widget\" data-e-type=\"widget\" data-widget_type=\"text-editor.default\">\n\t\t\t\t<div class=\"elementor-widget-container\">\n\t\t\t\t\t\t\t\t\tTrempez d&#039;abord le tissu dans de l&#039;eau ti\u00e8de et utilisez-le pour nettoyer soigneusement la surface de la ou des poup\u00e9es. S&#039;il y a de la salet\u00e9 ou une tache collante sur la surface en silicone, essuyez-la soigneusement plusieurs fois avec de l&#039;eau savonneuse et ne la tamponnez pas de force.\t\t\t\t\t\t\t\t<\/div>\n\t\t\t\t<\/div>\n\t\t\t\t<div class=\"elementor-element elementor-element-9ea4cf7 elementor-widget elementor-widget-text-editor\" data-id=\"9ea4cf7\" data-element_type=\"widget\" data-e-type=\"widget\" data-widget_type=\"text-editor.default\">\n\t\t\t\t<div class=\"elementor-widget-container\">\n\t\t\t\t\t\t\t\t\tLors du nettoyage de la surface du silicone, veillez \u00e0 ne pas utiliser de nettoyants dangereux tels que des solutions acides et alcalines fortes, une solution d\u00e9tergente d\u00e9sinfectante puissante, etc.\t\t\t\t\t\t\t\t<\/div>\n\t\t\t\t<\/div>\n\t\t\t\t<div class=\"elementor-element elementor-element-3cf20d9 elementor-widget elementor-widget-text-editor\" data-id=\"3cf20d9\" data-element_type=\"widget\" data-e-type=\"widget\" data-widget_type=\"text-editor.default\">\n\t\t\t\t<div class=\"elementor-widget-container\">\n\t\t\t\t\t\t\t\t\tUn savon doux, un d\u00e9tergent liquide, un shampoing ou un gel douche peuvent \u00eatre utilis\u00e9s pour le tamponner.\t\t\t\t\t\t\t\t<\/div>\n\t\t\t\t<\/div>\n\t\t\t\t<div class=\"elementor-element elementor-element-ece45d6 elementor-widget elementor-widget-image\" data-id=\"ece45d6\" data-element_type=\"widget\" data-e-type=\"widget\" data-widget_type=\"image.default\">\n\t\t\t\t<div class=\"elementor-widget-container\">\n\t\t\t\t\t\t\t\t\t\t\t\t\t\t\t<img loading=\"lazy\" decoding=\"async\" width=\"770\" height=\"213\" src=\"https:\/\/renodoll.com\/wp-content\/uploads\/elementor\/thumbs\/xstore-placeholder-q1lsnz7h62sm7ug2r1zrulxbqgkj8ifd2hjuy9x6y0.png\" class=\"attachment-large size-large wp-image-14560 lazyload lazyload-simple et-lazyload-fadeIn\" alt=\"\" data-src=\"https:\/\/renodoll.com\/wp-content\/uploads\/2023\/03\/kb-maintain-1.gif\" \/>\t\t\t\t\t\t\t\t\t\t\t\t\t\t\t<\/div>\n\t\t\t\t<\/div>\n\t\t\t\t<div class=\"elementor-element elementor-element-018d411 elementor-widget elementor-widget-text-editor\" data-id=\"018d411\" data-element_type=\"widget\" data-e-type=\"widget\" data-widget_type=\"text-editor.default\">\n\t\t\t\t<div class=\"elementor-widget-container\">\n\t\t\t\t\t\t\t\t\tApr\u00e8s utilisation, nettoyez et s\u00e9chez la surface et mettez un bain ou du talc sur la poup\u00e9e r\u00e9aliste; Lors de cette op\u00e9ration, veuillez porter un masque facial pour \u00e9viter d&#039;absorber la poussi\u00e8re.\t\t\t\t\t\t\t\t<\/div>\n\t\t\t\t<\/div>\n\t\t\t\t<div class=\"elementor-element elementor-element-8d314f9 elementor-invisible elementor-widget elementor-widget-heading\" data-id=\"8d314f9\" data-element_type=\"widget\" data-e-type=\"widget\" data-settings=\"{&quot;_animation&quot;:&quot;fadeInUp&quot;}\" data-widget_type=\"heading.default\">\n\t\t\t\t<div class=\"elementor-widget-container\">\n\t\t\t\t\t<h2 class=\"elementor-heading-title elementor-size-default\">Entretien des pi\u00e8ces articulaires <\/h2>\t\t\t\t<\/div>\n\t\t\t\t<\/div>\n\t\t\t\t<div class=\"elementor-element elementor-element-db124c9 elementor-widget elementor-widget-text-editor\" data-id=\"db124c9\" data-element_type=\"widget\" data-e-type=\"widget\" data-widget_type=\"text-editor.default\">\n\t\t\t\t<div class=\"elementor-widget-container\">\n\t\t\t\t\t\t\t\t\tLa partie de l&#039;articulation ne doit pas rester pench\u00e9e trop longtemps sinon, des plis se produiront \u00e0 sa surface en raison de la mani\u00e8re inappropri\u00e9e dont elle est positionn\u00e9e en raison d&#039;une pression prolong\u00e9e sur la peau. Par exemple, s&#039;il reste assis plus longtemps sur le canap\u00e9, une ligne horizontale appara\u00eetra sur son abdomen.\t\t\t\t\t\t\t\t<\/div>\n\t\t\t\t<\/div>\n\t\t\t\t<div class=\"elementor-element elementor-element-c56c12b elementor-widget elementor-widget-image\" data-id=\"c56c12b\" data-element_type=\"widget\" data-e-type=\"widget\" data-widget_type=\"image.default\">\n\t\t\t\t<div class=\"elementor-widget-container\">\n\t\t\t\t\t\t\t\t\t\t\t\t\t\t\t<img loading=\"lazy\" decoding=\"async\" width=\"770\" height=\"332\" src=\"https:\/\/renodoll.com\/wp-content\/uploads\/elementor\/thumbs\/xstore-placeholder-q1lsnz7fl2dzq0dsnd5g6y0gvx2vmvtgsoqblas9ns.png\" class=\"attachment-large size-large wp-image-14561 lazyload lazyload-simple et-lazyload-fadeIn\" alt=\"\" data-src=\"https:\/\/renodoll.com\/wp-content\/uploads\/2023\/03\/kb-maintain-2.gif\" \/>\t\t\t\t\t\t\t\t\t\t\t\t\t\t\t<\/div>\n\t\t\t\t<\/div>\n\t\t\t\t<div class=\"elementor-element elementor-element-04e7cc1 elementor-widget elementor-widget-text-editor\" data-id=\"04e7cc1\" data-element_type=\"widget\" data-e-type=\"widget\" data-widget_type=\"text-editor.default\">\n\t\t\t\t<div class=\"elementor-widget-container\">\n\t\t\t\t\t\t\t\t\tLe silicone a une durabilit\u00e9 ; la poup\u00e9e sexuelle n&#039;est pas utilis\u00e9e\u00a0; veuillez l&#039;emballer de la m\u00eame mani\u00e8re qu&#039;il est sorti de l&#039;usine\u00a0; cela r\u00e9duira la pression sur toutes les articulations. Mettez la poup\u00e9e sexuelle r\u00e9aliste de c\u00f4t\u00e9 pendant quelques jours s&#039;il y a des plis et des rides, et elle dispara\u00eetra.\t\t\t\t\t\t\t\t<\/div>\n\t\t\t\t<\/div>\n\t\t\t\t<div class=\"elementor-element elementor-element-30b6d21 elementor-invisible elementor-widget elementor-widget-heading\" data-id=\"30b6d21\" data-element_type=\"widget\" data-e-type=\"widget\" data-settings=\"{&quot;_animation&quot;:&quot;fadeInUp&quot;}\" data-widget_type=\"heading.default\">\n\t\t\t\t<div class=\"elementor-widget-container\">\n\t\t\t\t\t<h2 class=\"elementor-heading-title elementor-size-default\">Entretien du rev\u00eatement de poup\u00e9e sexuelle r\u00e9aliste <\/h2>\t\t\t\t<\/div>\n\t\t\t\t<\/div>\n\t\t\t\t<div class=\"elementor-element elementor-element-56ee739 elementor-widget elementor-widget-html\" data-id=\"56ee739\" data-element_type=\"widget\" data-e-type=\"widget\" data-widget_type=\"html.default\">\n\t\t\t\t<div class=\"elementor-widget-container\">\n\t\t\t\t\t<ol class=\"number_list_type\"><li>Le beau maquillage fait sur la poup\u00e9e d&#039;amour qui l&#039;envoie \u00e0 nos clients est un rev\u00eatement en silicone qui peut ne pas nettoyer<\/li>\n<li>Ne le nettoyez pas de force, en particulier si le maquillage se trouve sur le visage, les sourcils et les cils de la poup\u00e9e sexuelle grandeur nature. Veuillez porter une attention particuli\u00e8re \u00e0 la force appliqu\u00e9e lors d&#039;un nettoyage de routine sur la vraie poup\u00e9e sexuelle grandeur nature.\n<\/li>\n<li>Si vous appliquez beaucoup de force, les cheveux s&#039;arracheront et sa couleur s&#039;estompera \u00e9galement une fois que la couleur s&#039;estompera; il est difficile de faire des r\u00e9parations.<\/li>\n<li>Les cosm\u00e9tiques g\u00e9n\u00e9raux peuvent \u00eatre utilis\u00e9s pour maquiller les poup\u00e9es sexuelles, par exemple, le rouge \u00e0 l\u00e8vres, etc.<\/li>\n<li>\u00c9vitez d&#039;utiliser une pommade trop \u00e9paisse et collante pour recouvrir le visage, sinon il sera difficile de l&#039;enlever.<\/li>\n<li>Lorsque vous changez de maquillage, veuillez ne pas le tamponner n\u00e9gligemment avec beaucoup d&#039;\u00e9nergie\u00a0; utilisez soigneusement de l&#039;eau savonneuse ou une lingette pour le nettoyer.<\/li>\n<\/ol>\t\t\t\t<\/div>\n\t\t\t\t<\/div>\n\t\t\t\t\t<\/div>\n\t\t<\/div>\n\t\t\t\t\t<\/div>\n\t\t<\/section>\n\t\t\t\t<\/div>","protected":false},"excerpt":{"rendered":"<p>ENTRETIEN DE LA SURFACE EN SILICONE Sex Doll Care Introduction Pour la peau dupliqu\u00e9e du mod\u00e8le de poup\u00e9e, nous utilisons du caoutchouc de silicone pour le corps humain en polym\u00e8re \u00e9tranger comme \u00e9quipement non toxique et inodore. Une fois que les mat\u00e9riaux en silicone ne sont pas utilis\u00e9s pendant une longue p\u00e9riode, il y aura des d\u00e9versements d&#039;huile sur leurs surfaces en raison de l&#039;huile de silicone enferm\u00e9e dans la formule de silicone, et c&#039;est un ph\u00e9nom\u00e8ne habituel. Vous n&#039;avez qu&#039;\u00e0 nettoyer la surface doucement avec n&#039;importe quel produit propre. tissu. De plus, lorsque les poup\u00e9es sexuelles ne sont pas utilis\u00e9es pendant une p\u00e9riode prolong\u00e9e, leurs surfaces seront tach\u00e9es de<\/p>","protected":false},"author":1,"featured_media":0,"parent":0,"menu_order":0,"comment_status":"closed","ping_status":"closed","template":"","meta":{"footnotes":""},"class_list":["post-5394","page","type-page","status-publish","hentry"],"aioseo_notices":[],"_links":{"self":[{"href":"https:\/\/renodoll.com\/fr\/wp-json\/wp\/v2\/pages\/5394","targetHints":{"allow":["GET"]}}],"collection":[{"href":"https:\/\/renodoll.com\/fr\/wp-json\/wp\/v2\/pages"}],"about":[{"href":"https:\/\/renodoll.com\/fr\/wp-json\/wp\/v2\/types\/page"}],"author":[{"embeddable":true,"href":"https:\/\/renodoll.com\/fr\/wp-json\/wp\/v2\/users\/1"}],"replies":[{"embeddable":true,"href":"https:\/\/renodoll.com\/fr\/wp-json\/wp\/v2\/comments?post=5394"}],"version-history":[{"count":55,"href":"https:\/\/renodoll.com\/fr\/wp-json\/wp\/v2\/pages\/5394\/revisions"}],"predecessor-version":[{"id":16006,"href":"https:\/\/renodoll.com\/fr\/wp-json\/wp\/v2\/pages\/5394\/revisions\/16006"}],"wp:attachment":[{"href":"https:\/\/renodoll.com\/fr\/wp-json\/wp\/v2\/media?parent=5394"}],"curies":[{"name":"wp","href":"https:\/\/api.w.org\/{rel}","templated":true}]}}