{"id":5358,"date":"2023-02-22T15:16:33","date_gmt":"2023-02-22T07:16:33","guid":{"rendered":"https:\/\/renodoll.com\/?page_id=5358"},"modified":"2023-04-24T20:05:00","modified_gmt":"2023-04-24T12:05:00","slug":"sex-doll-breast-options","status":"publish","type":"page","link":"https:\/\/renodoll.com\/fr\/sex-doll-breast-options\/","title":{"rendered":"Options de poitrine de poup\u00e9e sexuelle"},"content":{"rendered":"<div data-elementor-type=\"wp-page\" data-elementor-id=\"5358\" class=\"elementor elementor-5358\" data-elementor-post-type=\"page\">\n\t\t\t\t\t\t<section class=\"elementor-section elementor-top-section elementor-element elementor-element-f699184 elementor-section-boxed elementor-section-height-default elementor-section-height-default\" data-id=\"f699184\" data-element_type=\"section\" data-e-type=\"section\">\n\t\t\t\t\t\t<div class=\"elementor-container elementor-column-gap-default\">\n\t\t\t\t\t<div class=\"elementor-column elementor-col-100 elementor-top-column elementor-element elementor-element-d1f5877 page-content-text\" data-id=\"d1f5877\" data-element_type=\"column\" data-e-type=\"column\">\n\t\t\t<div class=\"elementor-widget-wrap elementor-element-populated\">\n\t\t\t\t\t\t<div class=\"elementor-element elementor-element-5387678 elementor-widget elementor-widget-text-editor\" data-id=\"5387678\" data-element_type=\"widget\" data-e-type=\"widget\" data-widget_type=\"text-editor.default\">\n\t\t\t\t<div class=\"elementor-widget-container\">\n\t\t\t\t\t\t\t\t\tPour donner une exp\u00e9rience similaire en touchant les seins de votre poup\u00e9e d&#039;amour \u00e0 celle d&#039;un corps humain, nous travaillons sur l&#039;improvisation constante des seins. Trois fa\u00e7ons de travailler sur les seins sont :\t\t\t\t\t\t\t\t<\/div>\n\t\t\t\t<\/div>\n\t\t\t\t<div class=\"elementor-element elementor-element-d899880 elementor-align-start elementor-icon-list--layout-traditional elementor-list-item-link-full_width elementor-widget elementor-widget-icon-list\" data-id=\"d899880\" data-element_type=\"widget\" data-e-type=\"widget\" data-widget_type=\"icon-list.default\">\n\t\t\t\t<div class=\"elementor-widget-container\">\n\t\t\t\t\t\t\t<ul class=\"elementor-icon-list-items\">\n\t\t\t\t\t\t\t<li class=\"elementor-icon-list-item\">\n\t\t\t\t\t\t\t\t\t\t\t<span class=\"elementor-icon-list-icon\">\n\t\t\t\t\t\t\t<i aria-hidden=\"true\" class=\"fas fa-check\"><\/i>\t\t\t\t\t\t<\/span>\n\t\t\t\t\t\t\t\t\t\t<span class=\"elementor-icon-list-text\">Standard<\/span>\n\t\t\t\t\t\t\t\t\t<\/li>\n\t\t\t\t\t\t\t\t<li class=\"elementor-icon-list-item\">\n\t\t\t\t\t\t\t\t\t\t\t<span class=\"elementor-icon-list-icon\">\n\t\t\t\t\t\t\t<i aria-hidden=\"true\" class=\"fas fa-check\"><\/i>\t\t\t\t\t\t<\/span>\n\t\t\t\t\t\t\t\t\t\t<span class=\"elementor-icon-list-text\">Rempli de gel<\/span>\n\t\t\t\t\t\t\t\t\t<\/li>\n\t\t\t\t\t\t\t\t<li class=\"elementor-icon-list-item\">\n\t\t\t\t\t\t\t\t\t\t\t<span class=\"elementor-icon-list-icon\">\n\t\t\t\t\t\t\t<i aria-hidden=\"true\" class=\"fas fa-check\"><\/i>\t\t\t\t\t\t<\/span>\n\t\t\t\t\t\t\t\t\t\t<span class=\"elementor-icon-list-text\">Creux<\/span>\n\t\t\t\t\t\t\t\t\t<\/li>\n\t\t\t\t\t\t<\/ul>\n\t\t\t\t\t\t<\/div>\n\t\t\t\t<\/div>\n\t\t\t\t<div class=\"elementor-element elementor-element-0f22dab elementor-invisible elementor-widget elementor-widget-heading\" data-id=\"0f22dab\" data-element_type=\"widget\" data-e-type=\"widget\" data-settings=\"{&quot;_animation&quot;:&quot;fadeInUp&quot;}\" data-widget_type=\"heading.default\">\n\t\t\t\t<div class=\"elementor-widget-container\">\n\t\t\t\t\t<h2 class=\"elementor-heading-title elementor-size-default\">Option poitrine de poup\u00e9e sexuelle adulte - standard, remplie de gel ou creuse\u00a0?<\/h2>\t\t\t\t<\/div>\n\t\t\t\t<\/div>\n\t\t\t\t<div class=\"elementor-element elementor-element-c746337 elementor-widget elementor-widget-text-editor\" data-id=\"c746337\" data-element_type=\"widget\" data-e-type=\"widget\" data-widget_type=\"text-editor.default\">\n\t\t\t\t<div class=\"elementor-widget-container\">\n\t\t\t\t\t\t\t\t\t<p>Devoir choisir votre poup\u00e9e pr\u00e9f\u00e9r\u00e9e parmi notre grande vari\u00e9t\u00e9 de poup\u00e9es sexuelles peut \u00eatre assez compliqu\u00e9. Actuellement dans notre collection, nous avons plus de 2000 poup\u00e9es sexuelles parmi lesquelles vous pouvez faire votre choix, et cela ne s&#039;arr\u00eate m\u00eame pas l\u00e0. Une fois que vous avez pu prendre une d\u00e9cision finale et vous en tenir \u00e0 votre vraie poup\u00e9e, vous \u00eates introduit dans un tout autre monde de conceptions et de mises \u00e0 niveau. On vous posera \u00e9galement des questions sur le type de conception de poitrine que vous souhaitez; C&#039;est l\u00e0 que cet article est utile car il donne un aper\u00e7u du type de sein que vous voudrez peut-\u00eatre que votre poup\u00e9e sexuelle poss\u00e8de.<\/p>\t\t\t\t\t\t\t\t<\/div>\n\t\t\t\t<\/div>\n\t\t\t\t<div class=\"elementor-element elementor-element-406d124 elementor-widget elementor-widget-text-editor\" data-id=\"406d124\" data-element_type=\"widget\" data-e-type=\"widget\" data-widget_type=\"text-editor.default\">\n\t\t\t\t<div class=\"elementor-widget-container\">\n\t\t\t\t\t\t\t\t\tTrois options disponibles pour les poup\u00e9es sexuelles :\t\t\t\t\t\t\t\t<\/div>\n\t\t\t\t<\/div>\n\t\t\t\t<div class=\"elementor-element elementor-element-1f03e71 elementor-align-start elementor-icon-list--layout-traditional elementor-list-item-link-full_width elementor-widget elementor-widget-icon-list\" data-id=\"1f03e71\" data-element_type=\"widget\" data-e-type=\"widget\" data-widget_type=\"icon-list.default\">\n\t\t\t\t<div class=\"elementor-widget-container\">\n\t\t\t\t\t\t\t<ul class=\"elementor-icon-list-items\">\n\t\t\t\t\t\t\t<li class=\"elementor-icon-list-item\">\n\t\t\t\t\t\t\t\t\t\t\t<span class=\"elementor-icon-list-icon\">\n\t\t\t\t\t\t\t<i aria-hidden=\"true\" class=\"fas fa-check\"><\/i>\t\t\t\t\t\t<\/span>\n\t\t\t\t\t\t\t\t\t\t<span class=\"elementor-icon-list-text\">Poitrines normales,<\/span>\n\t\t\t\t\t\t\t\t\t<\/li>\n\t\t\t\t\t\t\t\t<li class=\"elementor-icon-list-item\">\n\t\t\t\t\t\t\t\t\t\t\t<span class=\"elementor-icon-list-icon\">\n\t\t\t\t\t\t\t<i aria-hidden=\"true\" class=\"fas fa-check\"><\/i>\t\t\t\t\t\t<\/span>\n\t\t\t\t\t\t\t\t\t\t<span class=\"elementor-icon-list-text\">Des seins remplis de gel, <\/span>\n\t\t\t\t\t\t\t\t\t<\/li>\n\t\t\t\t\t\t\t\t<li class=\"elementor-icon-list-item\">\n\t\t\t\t\t\t\t\t\t\t\t<span class=\"elementor-icon-list-icon\">\n\t\t\t\t\t\t\t<i aria-hidden=\"true\" class=\"fas fa-check\"><\/i>\t\t\t\t\t\t<\/span>\n\t\t\t\t\t\t\t\t\t\t<span class=\"elementor-icon-list-text\">Seins creux.<\/span>\n\t\t\t\t\t\t\t\t\t<\/li>\n\t\t\t\t\t\t<\/ul>\n\t\t\t\t\t\t<\/div>\n\t\t\t\t<\/div>\n\t\t\t\t<div class=\"elementor-element elementor-element-1f5c990 elementor-widget elementor-widget-text-editor\" data-id=\"1f5c990\" data-element_type=\"widget\" data-e-type=\"widget\" data-widget_type=\"text-editor.default\">\n\t\t\t\t<div class=\"elementor-widget-container\">\n\t\t\t\t\t\t\t\t\tLa description de chaque conception de sein, les avantages et les inconv\u00e9nients sont expliqu\u00e9s ci-dessous.\t\t\t\t\t\t\t\t<\/div>\n\t\t\t\t<\/div>\n\t\t\t\t<div class=\"elementor-element elementor-element-4c62670 elementor-invisible elementor-widget elementor-widget-heading\" data-id=\"4c62670\" data-element_type=\"widget\" data-e-type=\"widget\" data-settings=\"{&quot;_animation&quot;:&quot;fadeInUp&quot;}\" data-widget_type=\"heading.default\">\n\t\t\t\t<div class=\"elementor-widget-container\">\n\t\t\t\t\t<h2 class=\"elementor-heading-title elementor-size-default\">Poitrines standards<\/h2>\t\t\t\t<\/div>\n\t\t\t\t<\/div>\n\t\t\t\t<section class=\"elementor-section elementor-inner-section elementor-element elementor-element-16df2c5 elementor-section-boxed elementor-section-height-default elementor-section-height-default\" data-id=\"16df2c5\" data-element_type=\"section\" data-e-type=\"section\">\n\t\t\t\t\t\t<div class=\"elementor-container elementor-column-gap-default\">\n\t\t\t\t\t<div class=\"elementor-column elementor-col-50 elementor-inner-column elementor-element elementor-element-9f060c9\" data-id=\"9f060c9\" data-element_type=\"column\" data-e-type=\"column\">\n\t\t\t<div class=\"elementor-widget-wrap elementor-element-populated\">\n\t\t\t\t\t\t<div class=\"elementor-element elementor-element-00f4dc3 elementor-widget elementor-widget-text-editor\" data-id=\"00f4dc3\" data-element_type=\"widget\" data-e-type=\"widget\" data-widget_type=\"text-editor.default\">\n\t\t\t\t<div class=\"elementor-widget-container\">\n\t\t\t\t\t\t\t\t\tLes seins standard sont faciles et simples, et ils ne co\u00fbtent rien de plus. Il est fabriqu\u00e9 avec le m\u00eame mat\u00e9riau que votre poup\u00e9e, soit en silicone, soit en TPE. Les seins sont fermes et guillerets mais contiennent toujours, dans une certaine mesure, un certain degr\u00e9 de douceur et de rebond qu&#039;une poup\u00e9e sexuelle en silicone ou en TPE devrait avoir. \t\t\t\t\t\t\t\t<\/div>\n\t\t\t\t<\/div>\n\t\t\t\t<div class=\"elementor-element elementor-element-d1c8f9d elementor-widget elementor-widget-text-editor\" data-id=\"d1c8f9d\" data-element_type=\"widget\" data-e-type=\"widget\" data-widget_type=\"text-editor.default\">\n\t\t\t\t<div class=\"elementor-widget-container\">\n\t\t\t\t\t\t\t\t\tCette option est votre meilleur pari si vous n&#039;\u00eates pas si pr\u00e9occup\u00e9 par la douceur de la poitrine et souhaitez \u00e9viter de payer pour des mises \u00e0 niveau. La poitrine standard est assez r\u00e9elle pour ceux qui les veulent comme \u00e7a et ne sont pas int\u00e9ress\u00e9s par l&#039;achat d&#039;une mise \u00e0 niveau. \t\t\t\t\t\t\t\t<\/div>\n\t\t\t\t<\/div>\n\t\t\t\t<div class=\"elementor-element elementor-element-d7f55b7 elementor-widget elementor-widget-heading\" data-id=\"d7f55b7\" data-element_type=\"widget\" data-e-type=\"widget\" data-widget_type=\"heading.default\">\n\t\t\t\t<div class=\"elementor-widget-container\">\n\t\t\t\t\t<h2 class=\"elementor-heading-title elementor-size-default\">- Avantages<\/h2>\t\t\t\t<\/div>\n\t\t\t\t<\/div>\n\t\t\t\t<div class=\"elementor-element elementor-element-cd23bc8 elementor-widget elementor-widget-html\" data-id=\"cd23bc8\" data-element_type=\"widget\" data-e-type=\"widget\" data-widget_type=\"html.default\">\n\t\t\t\t<div class=\"elementor-widget-container\">\n\t\t\t\t\t<ol class=\"number_list_type\"><li>Vous ne payez pas de suppl\u00e9ment car il est livr\u00e9 avec votre poup\u00e9e sexuelle.<\/li>\n<li>Ferme et guilleret.<\/li>\n \n<\/ol>\t\t\t\t<\/div>\n\t\t\t\t<\/div>\n\t\t\t\t<div class=\"elementor-element elementor-element-c8bf5aa elementor-widget elementor-widget-heading\" data-id=\"c8bf5aa\" data-element_type=\"widget\" data-e-type=\"widget\" data-widget_type=\"heading.default\">\n\t\t\t\t<div class=\"elementor-widget-container\">\n\t\t\t\t\t<h2 class=\"elementor-heading-title elementor-size-default\">- D\u00e9savantages<\/h2>\t\t\t\t<\/div>\n\t\t\t\t<\/div>\n\t\t\t\t<div class=\"elementor-element elementor-element-f6e0f40 elementor-widget elementor-widget-text-editor\" data-id=\"f6e0f40\" data-element_type=\"widget\" data-e-type=\"widget\" data-widget_type=\"text-editor.default\">\n\t\t\t\t<div class=\"elementor-widget-container\">\n\t\t\t\t\t\t\t\t\tNe peut absolument pas \u00eatre compar\u00e9 aux autres qui sont spongieux ou rebondissants.\t\t\t\t\t\t\t\t<\/div>\n\t\t\t\t<\/div>\n\t\t\t\t\t<\/div>\n\t\t<\/div>\n\t\t\t\t<div class=\"elementor-column elementor-col-50 elementor-inner-column elementor-element elementor-element-62c7b6b\" data-id=\"62c7b6b\" data-element_type=\"column\" data-e-type=\"column\">\n\t\t\t<div class=\"elementor-widget-wrap elementor-element-populated\">\n\t\t\t\t\t\t<div class=\"elementor-element elementor-element-61593ef elementor-invisible elementor-widget elementor-widget-image\" data-id=\"61593ef\" data-element_type=\"widget\" data-e-type=\"widget\" data-settings=\"{&quot;_animation&quot;:&quot;fadeInRight&quot;}\" data-widget_type=\"image.default\">\n\t\t\t\t<div class=\"elementor-widget-container\">\n\t\t\t\t\t\t\t\t\t\t\t\t\t\t\t<img loading=\"lazy\" decoding=\"async\" width=\"700\" height=\"700\" src=\"https:\/\/renodoll.com\/wp-content\/uploads\/xstore\/xstore-placeholder-1x1.png\" class=\"attachment-large size-large wp-image-6612 lazyload lazyload-simple et-lazyload-fadeIn\" alt=\"\" sizes=\"auto, (max-width: 700px) 100vw, 700px\" data-src=\"https:\/\/renodoll.com\/wp-content\/uploads\/2023\/03\/solid.png\" data-srcset=\"https:\/\/renodoll.com\/wp-content\/uploads\/2023\/03\/solid.png 700w, https:\/\/renodoll.com\/wp-content\/uploads\/2023\/03\/solid-300x300.png 300w, https:\/\/renodoll.com\/wp-content\/uploads\/2023\/03\/solid-150x150.png 150w, https:\/\/renodoll.com\/wp-content\/uploads\/2023\/03\/solid-12x12.png 12w, https:\/\/renodoll.com\/wp-content\/uploads\/2023\/03\/solid-100x100.png 100w, https:\/\/renodoll.com\/wp-content\/uploads\/2023\/03\/solid-600x600.png 600w, https:\/\/renodoll.com\/wp-content\/uploads\/2023\/03\/solid-10x10.png 10w\" \/>\t\t\t\t\t\t\t\t\t\t\t\t\t\t\t<\/div>\n\t\t\t\t<\/div>\n\t\t\t\t\t<\/div>\n\t\t<\/div>\n\t\t\t\t\t<\/div>\n\t\t<\/section>\n\t\t\t\t<div class=\"elementor-element elementor-element-b3b0941 elementor-invisible elementor-widget elementor-widget-heading\" data-id=\"b3b0941\" data-element_type=\"widget\" data-e-type=\"widget\" data-settings=\"{&quot;_animation&quot;:&quot;fadeInUp&quot;}\" data-widget_type=\"heading.default\">\n\t\t\t\t<div class=\"elementor-widget-container\">\n\t\t\t\t\t<h2 class=\"elementor-heading-title elementor-size-default\">Seins remplis de gel<\/h2>\t\t\t\t<\/div>\n\t\t\t\t<\/div>\n\t\t\t\t<section class=\"elementor-section elementor-inner-section elementor-element elementor-element-5a4b94d elementor-section-boxed elementor-section-height-default elementor-section-height-default\" data-id=\"5a4b94d\" data-element_type=\"section\" data-e-type=\"section\">\n\t\t\t\t\t\t<div class=\"elementor-container elementor-column-gap-default\">\n\t\t\t\t\t<div class=\"elementor-column elementor-col-50 elementor-inner-column elementor-element elementor-element-5856779\" data-id=\"5856779\" data-element_type=\"column\" data-e-type=\"column\">\n\t\t\t<div class=\"elementor-widget-wrap elementor-element-populated\">\n\t\t\t\t\t\t<div class=\"elementor-element elementor-element-40bf171 elementor-invisible elementor-widget elementor-widget-image\" data-id=\"40bf171\" data-element_type=\"widget\" data-e-type=\"widget\" data-settings=\"{&quot;_animation&quot;:&quot;fadeInLeft&quot;}\" data-widget_type=\"image.default\">\n\t\t\t\t<div class=\"elementor-widget-container\">\n\t\t\t\t\t\t\t\t\t\t\t\t\t\t\t<img loading=\"lazy\" decoding=\"async\" width=\"700\" height=\"700\" src=\"https:\/\/renodoll.com\/wp-content\/uploads\/xstore\/xstore-placeholder-1x1.png\" class=\"attachment-large size-large wp-image-6609 lazyload lazyload-simple et-lazyload-fadeIn\" alt=\"\" sizes=\"auto, (max-width: 700px) 100vw, 700px\" data-src=\"https:\/\/renodoll.com\/wp-content\/uploads\/2023\/03\/gel.png\" data-srcset=\"https:\/\/renodoll.com\/wp-content\/uploads\/2023\/03\/gel.png 700w, https:\/\/renodoll.com\/wp-content\/uploads\/2023\/03\/gel-300x300.png 300w, https:\/\/renodoll.com\/wp-content\/uploads\/2023\/03\/gel-150x150.png 150w, https:\/\/renodoll.com\/wp-content\/uploads\/2023\/03\/gel-12x12.png 12w, https:\/\/renodoll.com\/wp-content\/uploads\/2023\/03\/gel-100x100.png 100w, https:\/\/renodoll.com\/wp-content\/uploads\/2023\/03\/gel-600x600.png 600w, https:\/\/renodoll.com\/wp-content\/uploads\/2023\/03\/gel-10x10.png 10w\" \/>\t\t\t\t\t\t\t\t\t\t\t\t\t\t\t<\/div>\n\t\t\t\t<\/div>\n\t\t\t\t\t<\/div>\n\t\t<\/div>\n\t\t\t\t<div class=\"elementor-column elementor-col-50 elementor-inner-column elementor-element elementor-element-3e24827\" data-id=\"3e24827\" data-element_type=\"column\" data-e-type=\"column\">\n\t\t\t<div class=\"elementor-widget-wrap elementor-element-populated\">\n\t\t\t\t\t\t<div class=\"elementor-element elementor-element-105a2ab elementor-widget elementor-widget-text-editor\" data-id=\"105a2ab\" data-element_type=\"widget\" data-e-type=\"widget\" data-widget_type=\"text-editor.default\">\n\t\t\t\t<div class=\"elementor-widget-container\">\n\t\t\t\t\t\t\t\t\tLa meilleure option qui soit en ce qui concerne les seins des poup\u00e9es sexuelles r\u00e9elles. Bien plus doux que l&#039;option seins standard, plus plein et plus guilleret que l&#039;option seins creux. Le gel se rapproche le plus car c&#039;est un terrain d&#039;entente parfait et bat toutes les autres options avec la fa\u00e7on dont il imite la sensation et le mouvement des seins humains. Les seins remplis de gel sont fabriqu\u00e9s strictement d&#039;une mani\u00e8re qui semble si r\u00e9aliste, tout comme la graisse humaine. \t\t\t\t\t\t\t\t<\/div>\n\t\t\t\t<\/div>\n\t\t\t\t<div class=\"elementor-element elementor-element-67b058d elementor-widget elementor-widget-text-editor\" data-id=\"67b058d\" data-element_type=\"widget\" data-e-type=\"widget\" data-widget_type=\"text-editor.default\">\n\t\t\t\t<div class=\"elementor-widget-container\">\n\t\t\t\t\t\t\t\t\tL&#039;option remplie de gel est la meilleure option qui soit et vaut vraiment la peine d&#039;\u00eatre mise \u00e0 niveau si vous souhaitez avoir une poup\u00e9e sexuelle sexy qui donne la sensation de seins humains.\t\t\t\t\t\t\t\t<\/div>\n\t\t\t\t<\/div>\n\t\t\t\t<div class=\"elementor-element elementor-element-59d4aa3 elementor-widget elementor-widget-text-editor\" data-id=\"59d4aa3\" data-element_type=\"widget\" data-e-type=\"widget\" data-widget_type=\"text-editor.default\">\n\t\t\t\t<div class=\"elementor-widget-container\">\n\t\t\t\t\t\t\t\t\tIl y a des vid\u00e9os ci-dessous qui montrent essentiellement le mouvement et la sensation d&#039;une poup\u00e9e sexuelle avec des seins remplis de gel.\t\t\t\t\t\t\t\t<\/div>\n\t\t\t\t<\/div>\n\t\t\t\t<div class=\"elementor-element elementor-element-b0938a0 elementor-widget elementor-widget-heading\" data-id=\"b0938a0\" data-element_type=\"widget\" data-e-type=\"widget\" data-widget_type=\"heading.default\">\n\t\t\t\t<div class=\"elementor-widget-container\">\n\t\t\t\t\t<h2 class=\"elementor-heading-title elementor-size-default\">- Avantages<\/h2>\t\t\t\t<\/div>\n\t\t\t\t<\/div>\n\t\t\t\t<div class=\"elementor-element elementor-element-04f5968 elementor-widget elementor-widget-html\" data-id=\"04f5968\" data-element_type=\"widget\" data-e-type=\"widget\" data-widget_type=\"html.default\">\n\t\t\t\t<div class=\"elementor-widget-container\">\n\t\t\t\t\t<ol class=\"number_list_type\"><li>L&#039;option la plus r\u00e9elle qui soit.<\/li>\n<li>Mod\u00e9r\u00e9ment doux et guilleret \u00e0 la fois.<\/li>\n \n<\/ol>\t\t\t\t<\/div>\n\t\t\t\t<\/div>\n\t\t\t\t<div class=\"elementor-element elementor-element-ddba5a6 elementor-widget elementor-widget-heading\" data-id=\"ddba5a6\" data-element_type=\"widget\" data-e-type=\"widget\" data-widget_type=\"heading.default\">\n\t\t\t\t<div class=\"elementor-widget-container\">\n\t\t\t\t\t<h2 class=\"elementor-heading-title elementor-size-default\">- D\u00e9savantages<\/h2>\t\t\t\t<\/div>\n\t\t\t\t<\/div>\n\t\t\t\t<div class=\"elementor-element elementor-element-6addaf1 elementor-widget elementor-widget-text-editor\" data-id=\"6addaf1\" data-element_type=\"widget\" data-e-type=\"widget\" data-widget_type=\"text-editor.default\">\n\t\t\t\t<div class=\"elementor-widget-container\">\n\t\t\t\t\t\t\t\t\tTr\u00e8s cher parmi toutes les options. \t\t\t\t\t\t\t\t<\/div>\n\t\t\t\t<\/div>\n\t\t\t\t\t<\/div>\n\t\t<\/div>\n\t\t\t\t\t<\/div>\n\t\t<\/section>\n\t\t\t\t<div class=\"elementor-element elementor-element-7fcd1f9 elementor-invisible elementor-widget elementor-widget-heading\" data-id=\"7fcd1f9\" data-element_type=\"widget\" data-e-type=\"widget\" data-settings=\"{&quot;_animation&quot;:&quot;fadeInUp&quot;}\" data-widget_type=\"heading.default\">\n\t\t\t\t<div class=\"elementor-widget-container\">\n\t\t\t\t\t<h2 class=\"elementor-heading-title elementor-size-default\">Seins creux<\/h2>\t\t\t\t<\/div>\n\t\t\t\t<\/div>\n\t\t\t\t<section class=\"elementor-section elementor-inner-section elementor-element elementor-element-0cd3338 elementor-section-boxed elementor-section-height-default elementor-section-height-default\" data-id=\"0cd3338\" data-element_type=\"section\" data-e-type=\"section\">\n\t\t\t\t\t\t<div class=\"elementor-container elementor-column-gap-default\">\n\t\t\t\t\t<div class=\"elementor-column elementor-col-50 elementor-inner-column elementor-element elementor-element-2ee01ef\" data-id=\"2ee01ef\" data-element_type=\"column\" data-e-type=\"column\">\n\t\t\t<div class=\"elementor-widget-wrap elementor-element-populated\">\n\t\t\t\t\t\t<div class=\"elementor-element elementor-element-63b3ad4 elementor-widget elementor-widget-text-editor\" data-id=\"63b3ad4\" data-element_type=\"widget\" data-e-type=\"widget\" data-widget_type=\"text-editor.default\">\n\t\t\t\t<div class=\"elementor-widget-container\">\n\t\t\t\t\t\t\t\t\tSi vous faites partie de la cat\u00e9gorie des hommes qui aiment vraiment les seins l\u00e9gers et rebondissants qui sont super doux en m\u00eame temps, alors vous \u00eates au bon endroit. \t\t\t\t\t\t\t\t<\/div>\n\t\t\t\t<\/div>\n\t\t\t\t<div class=\"elementor-element elementor-element-5cd7ace elementor-widget elementor-widget-text-editor\" data-id=\"5cd7ace\" data-element_type=\"widget\" data-e-type=\"widget\" data-widget_type=\"text-editor.default\">\n\t\t\t\t<div class=\"elementor-widget-container\">\n\t\t\t\t\t\t\t\t\tLes seins creux, comme son nom l&#039;indique, sont creux, et au lieu d&#039;\u00eatre solides comme le TPE ou remplis de gel, l&#039;air y est ins\u00e9r\u00e9 pour les remplir. Avec cet air \u00e0 l&#039;int\u00e9rieur d&#039;eux, ils finissent par devenir spongieux et agit\u00e9s. Une bonne chose \u00e0 ce sujet est que vous pourrez les attraper ou les regarder rebondir sans crainte. \t\t\t\t\t\t\t\t<\/div>\n\t\t\t\t<\/div>\n\t\t\t\t<div class=\"elementor-element elementor-element-62a62d2 elementor-widget elementor-widget-text-editor\" data-id=\"62a62d2\" data-element_type=\"widget\" data-e-type=\"widget\" data-widget_type=\"text-editor.default\">\n\t\t\t\t<div class=\"elementor-widget-container\">\n\t\t\t\t\t\t\t\t\tIls co\u00fbtent un peu plus cher que les seins standards.\t\t\t\t\t\t\t\t<\/div>\n\t\t\t\t<\/div>\n\t\t\t\t<div class=\"elementor-element elementor-element-2fe7e37 elementor-widget elementor-widget-heading\" data-id=\"2fe7e37\" data-element_type=\"widget\" data-e-type=\"widget\" data-widget_type=\"heading.default\">\n\t\t\t\t<div class=\"elementor-widget-container\">\n\t\t\t\t\t<h2 class=\"elementor-heading-title elementor-size-default\">- Avantages<\/h2>\t\t\t\t<\/div>\n\t\t\t\t<\/div>\n\t\t\t\t<div class=\"elementor-element elementor-element-937b94e elementor-widget elementor-widget-html\" data-id=\"937b94e\" data-element_type=\"widget\" data-e-type=\"widget\" data-widget_type=\"html.default\">\n\t\t\t\t<div class=\"elementor-widget-container\">\n\t\t\t\t\t<ol class=\"number_list_type\"><li>Rebondit beaucoup.<\/li>\n<li>Tr\u00e8s doux et moelleux.<\/li>\n \n<\/ol>\t\t\t\t<\/div>\n\t\t\t\t<\/div>\n\t\t\t\t<div class=\"elementor-element elementor-element-57b81b1 elementor-widget elementor-widget-heading\" data-id=\"57b81b1\" data-element_type=\"widget\" data-e-type=\"widget\" data-widget_type=\"heading.default\">\n\t\t\t\t<div class=\"elementor-widget-container\">\n\t\t\t\t\t<h2 class=\"elementor-heading-title elementor-size-default\">- D\u00e9savantages<\/h2>\t\t\t\t<\/div>\n\t\t\t\t<\/div>\n\t\t\t\t<div class=\"elementor-element elementor-element-4e5fda9 elementor-widget elementor-widget-text-editor\" data-id=\"4e5fda9\" data-element_type=\"widget\" data-e-type=\"widget\" data-widget_type=\"text-editor.default\">\n\t\t\t\t<div class=\"elementor-widget-container\">\n\t\t\t\t\t\t\t\t\tPas aussi guilleret que les autres.\t\t\t\t\t\t\t\t<\/div>\n\t\t\t\t<\/div>\n\t\t\t\t\t<\/div>\n\t\t<\/div>\n\t\t\t\t<div class=\"elementor-column elementor-col-50 elementor-inner-column elementor-element elementor-element-9c89274\" data-id=\"9c89274\" data-element_type=\"column\" data-e-type=\"column\">\n\t\t\t<div class=\"elementor-widget-wrap elementor-element-populated\">\n\t\t\t\t\t\t<div class=\"elementor-element elementor-element-0ff871d elementor-invisible elementor-widget elementor-widget-image\" data-id=\"0ff871d\" data-element_type=\"widget\" data-e-type=\"widget\" data-settings=\"{&quot;_animation&quot;:&quot;fadeInRight&quot;}\" data-widget_type=\"image.default\">\n\t\t\t\t<div class=\"elementor-widget-container\">\n\t\t\t\t\t\t\t\t\t\t\t\t\t\t\t<img loading=\"lazy\" decoding=\"async\" width=\"700\" height=\"700\" src=\"https:\/\/renodoll.com\/wp-content\/uploads\/xstore\/xstore-placeholder-1x1.png\" class=\"attachment-large size-large wp-image-6611 lazyload lazyload-simple et-lazyload-fadeIn\" alt=\"\" sizes=\"auto, (max-width: 700px) 100vw, 700px\" data-src=\"https:\/\/renodoll.com\/wp-content\/uploads\/2023\/03\/hollow.png\" data-srcset=\"https:\/\/renodoll.com\/wp-content\/uploads\/2023\/03\/hollow.png 700w, https:\/\/renodoll.com\/wp-content\/uploads\/2023\/03\/hollow-300x300.png 300w, https:\/\/renodoll.com\/wp-content\/uploads\/2023\/03\/hollow-150x150.png 150w, https:\/\/renodoll.com\/wp-content\/uploads\/2023\/03\/hollow-12x12.png 12w, https:\/\/renodoll.com\/wp-content\/uploads\/2023\/03\/hollow-100x100.png 100w, https:\/\/renodoll.com\/wp-content\/uploads\/2023\/03\/hollow-600x600.png 600w, https:\/\/renodoll.com\/wp-content\/uploads\/2023\/03\/hollow-10x10.png 10w\" \/>\t\t\t\t\t\t\t\t\t\t\t\t\t\t\t<\/div>\n\t\t\t\t<\/div>\n\t\t\t\t\t<\/div>\n\t\t<\/div>\n\t\t\t\t\t<\/div>\n\t\t<\/section>\n\t\t\t\t\t<\/div>\n\t\t<\/div>\n\t\t\t\t\t<\/div>\n\t\t<\/section>\n\t\t\t\t<\/div>","protected":false},"excerpt":{"rendered":"<p>Pour donner une exp\u00e9rience similaire en touchant les seins de votre poup\u00e9e d&#039;amour \u00e0 celle d&#039;un corps humain, nous travaillons sur l&#039;improvisation constante des seins. Trois fa\u00e7ons de travailler sur les seins sont les suivantes : Option de poitrine de poup\u00e9e sexuelle adulte creuse remplie de gel standard - standard, remplie de gel ou creuse\u00a0? Devoir choisir votre poup\u00e9e pr\u00e9f\u00e9r\u00e9e parmi notre grande vari\u00e9t\u00e9 de poup\u00e9es sexuelles peut \u00eatre assez compliqu\u00e9. Actuellement dans notre collection, nous avons plus de 2000 poup\u00e9es sexuelles parmi lesquelles vous pouvez faire votre choix, et cela ne s&#039;arr\u00eate m\u00eame pas l\u00e0. Une fois que vous avez pu prendre une d\u00e9cision finale<\/p>","protected":false},"author":1,"featured_media":0,"parent":0,"menu_order":0,"comment_status":"closed","ping_status":"closed","template":"","meta":{"footnotes":""},"class_list":["post-5358","page","type-page","status-publish","hentry"],"aioseo_notices":[],"_links":{"self":[{"href":"https:\/\/renodoll.com\/fr\/wp-json\/wp\/v2\/pages\/5358","targetHints":{"allow":["GET"]}}],"collection":[{"href":"https:\/\/renodoll.com\/fr\/wp-json\/wp\/v2\/pages"}],"about":[{"href":"https:\/\/renodoll.com\/fr\/wp-json\/wp\/v2\/types\/page"}],"author":[{"embeddable":true,"href":"https:\/\/renodoll.com\/fr\/wp-json\/wp\/v2\/users\/1"}],"replies":[{"embeddable":true,"href":"https:\/\/renodoll.com\/fr\/wp-json\/wp\/v2\/comments?post=5358"}],"version-history":[{"count":49,"href":"https:\/\/renodoll.com\/fr\/wp-json\/wp\/v2\/pages\/5358\/revisions"}],"predecessor-version":[{"id":16002,"href":"https:\/\/renodoll.com\/fr\/wp-json\/wp\/v2\/pages\/5358\/revisions\/16002"}],"wp:attachment":[{"href":"https:\/\/renodoll.com\/fr\/wp-json\/wp\/v2\/media?parent=5358"}],"curies":[{"name":"wp","href":"https:\/\/api.w.org\/{rel}","templated":true}]}}