{"id":5347,"date":"2023-02-22T14:44:51","date_gmt":"2023-02-22T06:44:51","guid":{"rendered":"https:\/\/renodoll.com\/?page_id=5347"},"modified":"2023-06-24T19:07:30","modified_gmt":"2023-06-24T11:07:30","slug":"auto-blowjob-sex-doll","status":"publish","type":"page","link":"https:\/\/renodoll.com\/fr\/auto-blowjob-sex-doll\/","title":{"rendered":"Poup\u00e9e de sexe de pipe automatique"},"content":{"rendered":"<div data-elementor-type=\"wp-page\" data-elementor-id=\"5347\" class=\"elementor elementor-5347\" data-elementor-post-type=\"page\">\n\t\t\t\t\t\t<section class=\"elementor-section elementor-top-section elementor-element elementor-element-09aec2c elementor-section-boxed elementor-section-height-default elementor-section-height-default\" data-id=\"09aec2c\" data-element_type=\"section\" data-e-type=\"section\">\n\t\t\t\t\t\t<div class=\"elementor-container elementor-column-gap-default\">\n\t\t\t\t\t<div class=\"elementor-column elementor-col-100 elementor-top-column elementor-element elementor-element-7bf6429 page-content-text\" data-id=\"7bf6429\" data-element_type=\"column\" data-e-type=\"column\">\n\t\t\t<div class=\"elementor-widget-wrap elementor-element-populated\">\n\t\t\t\t\t\t<div class=\"elementor-element elementor-element-2f4c251 elementor-invisible elementor-widget elementor-widget-heading\" data-id=\"2f4c251\" data-element_type=\"widget\" data-e-type=\"widget\" data-settings=\"{&quot;_animation&quot;:&quot;fadeInUp&quot;}\" data-widget_type=\"heading.default\">\n\t\t\t\t<div class=\"elementor-widget-container\">\n\t\t\t\t\t<h2 class=\"elementor-heading-title elementor-size-default\">Routine de sexe oral automatique<\/h2>\t\t\t\t<\/div>\n\t\t\t\t<\/div>\n\t\t\t\t<div class=\"elementor-element elementor-element-f7efe5c elementor-widget elementor-widget-text-editor\" data-id=\"f7efe5c\" data-element_type=\"widget\" data-e-type=\"widget\" data-widget_type=\"text-editor.default\">\n\t\t\t\t<div class=\"elementor-widget-container\">\n\t\t\t\t\t\t\t\t\tPeut-\u00eatre avez-vous besoin d&#039;une femme affectueuse, ou ce que vous voulez, c&#039;est une libido plus excitante et plus agr\u00e9able. Si vous voulez du sexe r\u00e9aliste, voici une s\u00e9lection satisfaisante pour vous.\t\t\t\t\t\t\t\t<\/div>\n\t\t\t\t<\/div>\n\t\t\t\t<section class=\"elementor-section elementor-inner-section elementor-element elementor-element-b5bb391 elementor-section-boxed elementor-section-height-default elementor-section-height-default\" data-id=\"b5bb391\" data-element_type=\"section\" data-e-type=\"section\">\n\t\t\t\t\t\t<div class=\"elementor-container elementor-column-gap-default\">\n\t\t\t\t\t<div class=\"elementor-column elementor-col-50 elementor-inner-column elementor-element elementor-element-c05a3a8 elementor-invisible\" data-id=\"c05a3a8\" data-element_type=\"column\" data-e-type=\"column\" data-settings=\"{&quot;animation&quot;:&quot;fadeInLeft&quot;}\">\n\t\t\t<div class=\"elementor-widget-wrap elementor-element-populated\">\n\t\t\t\t\t\t<div class=\"elementor-element elementor-element-0cdc0d0 elementor-widget elementor-widget-text-editor\" data-id=\"0cdc0d0\" data-element_type=\"widget\" data-e-type=\"widget\" data-widget_type=\"text-editor.default\">\n\t\t\t\t<div class=\"elementor-widget-container\">\n\t\t\t\t\t\t\t\t\tRenoDoll vous pr\u00e9sente l&#039;alternative &quot;Auto Oral Sex&quot; pour le d\u00e9m\u00e9nagement <span title=\"auto pipe sexdoll\">poup\u00e9e de sexe<\/span> et peut combler toutes vos envies. Il peut assigner sur le corps, une love doll grandeur nature. Veuillez vous connecter \u00e0 notre site Web ci-dessous pour la compilation avec Auto Oral Sex.\t\t\t\t\t\t\t\t<\/div>\n\t\t\t\t<\/div>\n\t\t\t\t<div class=\"elementor-element elementor-element-4ef8f1c elementor-align-start elementor-icon-list--layout-traditional elementor-list-item-link-full_width elementor-widget elementor-widget-icon-list\" data-id=\"4ef8f1c\" data-element_type=\"widget\" data-e-type=\"widget\" data-widget_type=\"icon-list.default\">\n\t\t\t\t<div class=\"elementor-widget-container\">\n\t\t\t\t\t\t\t<ul class=\"elementor-icon-list-items\">\n\t\t\t\t\t\t\t<li class=\"elementor-icon-list-item\">\n\t\t\t\t\t\t\t\t\t\t\t<span class=\"elementor-icon-list-icon\">\n\t\t\t\t\t\t\t<i aria-hidden=\"true\" class=\"fas fa-check\"><\/i>\t\t\t\t\t\t<\/span>\n\t\t\t\t\t\t\t\t\t\t<span class=\"elementor-icon-list-text\">Poup\u00e9e qui marche. <\/span>\n\t\t\t\t\t\t\t\t\t<\/li>\n\t\t\t\t\t\t\t\t<li class=\"elementor-icon-list-item\">\n\t\t\t\t\t\t\t\t\t\t\t<span class=\"elementor-icon-list-icon\">\n\t\t\t\t\t\t\t<i aria-hidden=\"true\" class=\"fas fa-check\"><\/i>\t\t\t\t\t\t<\/span>\n\t\t\t\t\t\t\t\t\t\t<span class=\"elementor-icon-list-text\">L&#039;acc\u00e9l\u00e9ration est modifiable.<\/span>\n\t\t\t\t\t\t\t\t\t<\/li>\n\t\t\t\t\t\t\t\t<li class=\"elementor-icon-list-item\">\n\t\t\t\t\t\t\t\t\t\t\t<span class=\"elementor-icon-list-icon\">\n\t\t\t\t\t\t\t<i aria-hidden=\"true\" class=\"fas fa-check\"><\/i>\t\t\t\t\t\t<\/span>\n\t\t\t\t\t\t\t\t\t\t<span class=\"elementor-icon-list-text\">Une \u00e9dition Dual est disponible :<\/span>\n\t\t\t\t\t\t\t\t\t<\/li>\n\t\t\t\t\t\t<\/ul>\n\t\t\t\t\t\t<\/div>\n\t\t\t\t<\/div>\n\t\t\t\t\t<\/div>\n\t\t<\/div>\n\t\t\t\t<div class=\"elementor-column elementor-col-50 elementor-inner-column elementor-element elementor-element-9c59ec7 elementor-invisible\" data-id=\"9c59ec7\" data-element_type=\"column\" data-e-type=\"column\" data-settings=\"{&quot;animation&quot;:&quot;fadeInRight&quot;}\">\n\t\t\t<div class=\"elementor-widget-wrap elementor-element-populated\">\n\t\t\t\t\t\t<div class=\"elementor-element elementor-element-9b51cca elementor-widget elementor-widget-image\" data-id=\"9b51cca\" data-element_type=\"widget\" data-e-type=\"widget\" data-widget_type=\"image.default\">\n\t\t\t\t<div class=\"elementor-widget-container\">\n\t\t\t\t\t\t\t\t\t\t\t\t\t\t\t<img loading=\"lazy\" decoding=\"async\" width=\"480\" height=\"217\" src=\"https:\/\/renodoll.com\/wp-content\/uploads\/elementor\/thumbs\/xstore-placeholder-q1lsnz7fgoielvaun2xku1pmtki4wap0gutl6ge1k8.png\" class=\"attachment-large size-large wp-image-6591 lazyload lazyload-simple et-lazyload-fadeIn\" alt=\"Poup\u00e9e de sexe de pipe automatique\" sizes=\"auto, (max-width: 480px) 100vw, 480px\" data-src=\"https:\/\/renodoll.com\/wp-content\/uploads\/2023\/03\/oral.png\" data-srcset=\"https:\/\/renodoll.com\/wp-content\/uploads\/2023\/03\/oral.png 480w, https:\/\/renodoll.com\/wp-content\/uploads\/2023\/03\/oral-300x136.png 300w, https:\/\/renodoll.com\/wp-content\/uploads\/2023\/03\/oral-18x8.png 18w, https:\/\/renodoll.com\/wp-content\/uploads\/2023\/03\/oral-100x45.png 100w, https:\/\/renodoll.com\/wp-content\/uploads\/2023\/03\/oral-10x5.png 10w\" \/>\t\t\t\t\t\t\t\t\t\t\t\t\t\t\t<\/div>\n\t\t\t\t<\/div>\n\t\t\t\t\t<\/div>\n\t\t<\/div>\n\t\t\t\t\t<\/div>\n\t\t<\/section>\n\t\t\t\t<div class=\"elementor-element elementor-element-bb1687c elementor-invisible elementor-widget elementor-widget-heading\" data-id=\"bb1687c\" data-element_type=\"widget\" data-e-type=\"widget\" data-settings=\"{&quot;_animation&quot;:&quot;fadeInUp&quot;}\" data-widget_type=\"heading.default\">\n\t\t\t\t<div class=\"elementor-widget-container\">\n\t\t\t\t\t<h2 class=\"elementor-heading-title elementor-size-default\">Plugin d&#039;\u00e9dition non rechargeable et mod\u00e8le de flirt sans batterie int\u00e9gr\u00e9e<\/h2>\t\t\t\t<\/div>\n\t\t\t\t<\/div>\n\t\t\t\t<div class=\"elementor-element elementor-element-869e276 elementor-widget elementor-widget-text-editor\" data-id=\"869e276\" data-element_type=\"widget\" data-e-type=\"widget\" data-widget_type=\"text-editor.default\">\n\t\t\t\t<div class=\"elementor-widget-container\">\n\t\t\t\t\t\t\t\t\tAdaptateur secteur\u00a0: tension d&#039;entr\u00e9e de capacit\u00e9 100\u00a0V\u2014240\u00a0V, tension de sortie 24\u00a0V\/3\u00a0A\t\t\t\t\t\t\t\t<\/div>\n\t\t\t\t<\/div>\n\t\t\t\t<div class=\"elementor-element elementor-element-9bfd9a6 elementor-widget elementor-widget-text-editor\" data-id=\"9bfd9a6\" data-element_type=\"widget\" data-e-type=\"widget\" data-widget_type=\"text-editor.default\">\n\t\t\t\t<div class=\"elementor-widget-container\">\n\t\t\t\t\t\t\t\t\tNorme de certification\u00a0: Puissance CE\t\t\t\t\t\t\t\t<\/div>\n\t\t\t\t<\/div>\n\t\t\t\t<div class=\"elementor-element elementor-element-3ea5d21 elementor-invisible elementor-widget elementor-widget-heading\" data-id=\"3ea5d21\" data-element_type=\"widget\" data-e-type=\"widget\" data-settings=\"{&quot;_animation&quot;:&quot;fadeInUp&quot;}\" data-widget_type=\"heading.default\">\n\t\t\t\t<div class=\"elementor-widget-container\">\n\t\t\t\t\t<h2 class=\"elementor-heading-title elementor-size-default\">Le mod\u00e8le rechargeable (l&#039;utilisation est apr\u00e8s que la batterie int\u00e9gr\u00e9e est fournie compl\u00e8tement charg\u00e9e)<\/h2>\t\t\t\t<\/div>\n\t\t\t\t<\/div>\n\t\t\t\t<div class=\"elementor-element elementor-element-d867c0b elementor-widget elementor-widget-text-editor\" data-id=\"d867c0b\" data-element_type=\"widget\" data-e-type=\"widget\" data-widget_type=\"text-editor.default\">\n\t\t\t\t<div class=\"elementor-widget-container\">\n\t\t\t\t\t\t\t\t\tCapacit\u00e9 de la batterie : tension de fonctionnement 22,2 V, tension basse pression 24 V.\t\t\t\t\t\t\t\t<\/div>\n\t\t\t\t<\/div>\n\t\t\t\t<div class=\"elementor-element elementor-element-3566703 elementor-widget elementor-widget-text-editor\" data-id=\"3566703\" data-element_type=\"widget\" data-e-type=\"widget\" data-widget_type=\"text-editor.default\">\n\t\t\t\t<div class=\"elementor-widget-container\">\n\t\t\t\t\t\t\t\t\tCharge et d\u00e9charge : 280-300 semaines.\t\t\t\t\t\t\t\t<\/div>\n\t\t\t\t<\/div>\n\t\t\t\t<div class=\"elementor-element elementor-element-67fe7ac elementor-widget elementor-widget-text-editor\" data-id=\"67fe7ac\" data-element_type=\"widget\" data-e-type=\"widget\" data-widget_type=\"text-editor.default\">\n\t\t\t\t<div class=\"elementor-widget-container\">\n\t\t\t\t\t\t\t\t\tVitesse de charge\u00a0: 1,5\u00a0h de charge rapide.\t\t\t\t\t\t\t\t<\/div>\n\t\t\t\t<\/div>\n\t\t\t\t<div class=\"elementor-element elementor-element-cb5dad5 elementor-widget elementor-widget-text-editor\" data-id=\"cb5dad5\" data-element_type=\"widget\" data-e-type=\"widget\" data-widget_type=\"text-editor.default\">\n\t\t\t\t<div class=\"elementor-widget-container\">\n\t\t\t\t\t\t\t\t\t<p>Dur\u00e9e d&#039;utilisation : Une fois compl\u00e8tement charg\u00e9e, une semelle <a href=\"https:\/\/renodoll.com\/fr\/electric-hip-sex-doll\/\">poup\u00e9e sexuelle r\u00e9elle aux hanches \u00e9lectriques<\/a> peut fonctionner de fa\u00e7on constante jusqu&#039;\u00e0 5 heures.<\/p>\t\t\t\t\t\t\t\t<\/div>\n\t\t\t\t<\/div>\n\t\t\t\t<div class=\"elementor-element elementor-element-8bed1ad elementor-widget elementor-widget-text-editor\" data-id=\"8bed1ad\" data-element_type=\"widget\" data-e-type=\"widget\" data-widget_type=\"text-editor.default\">\n\t\t\t\t<div class=\"elementor-widget-container\">\n\t\t\t\t\t\t\t\t\tLe circuit de l&#039;auto-orale ne peut \u00eatre serr\u00e9 qu&#039;en haussant les \u00e9paules.\t\t\t\t\t\t\t\t<\/div>\n\t\t\t\t<\/div>\n\t\t\t\t<div class=\"elementor-element elementor-element-89ddbe4 elementor-invisible elementor-widget elementor-widget-heading\" data-id=\"89ddbe4\" data-element_type=\"widget\" data-e-type=\"widget\" data-settings=\"{&quot;_animation&quot;:&quot;fadeInUp&quot;}\" data-widget_type=\"heading.default\">\n\t\t\t\t<div class=\"elementor-widget-container\">\n\t\t\t\t\t<h2 class=\"elementor-heading-title elementor-size-default\">Pr\u00e9sentation de la poup\u00e9e sexuelle Auto Blow Job<\/h2>\t\t\t\t<\/div>\n\t\t\t\t<\/div>\n\t\t\t\t<div class=\"elementor-element elementor-element-0e1a5fe elementor-widget elementor-widget-text-editor\" data-id=\"0e1a5fe\" data-element_type=\"widget\" data-e-type=\"widget\" data-widget_type=\"text-editor.default\">\n\t\t\t\t<div class=\"elementor-widget-container\">\n\t\t\t\t\t\t\t\t\tRenodoll Dolls implante des composants m\u00e9caniques de machine dans des poup\u00e9es sexuelles r\u00e9alistes afin que de vraies poup\u00e9es puissent ex\u00e9cuter le sexe oral par elles-m\u00eames, vous permettant de vous satisfaire d&#039;un plaisir plus explicite et plus puissant\u00a0!\t\t\t\t\t\t\t\t<\/div>\n\t\t\t\t<\/div>\n\t\t\t\t<div class=\"elementor-element elementor-element-f326ee7 elementor-widget elementor-widget-text-editor\" data-id=\"f326ee7\" data-element_type=\"widget\" data-e-type=\"widget\" data-widget_type=\"text-editor.default\">\n\t\t\t\t<div class=\"elementor-widget-container\">\n\t\t\t\t\t\t\t\t\tLes poup\u00e9es sexuelles pour adultes Fellation sont accessibles en deux mod\u00e8les; selon votre d\u00e9sir sexuel, vous pouvez s\u00e9lectionner un mod\u00e8le de charge ou un mod\u00e8le de plug-in.\t\t\t\t\t\t\t\t<\/div>\n\t\t\t\t<\/div>\n\t\t\t\t<div class=\"elementor-element elementor-element-57f070c elementor-invisible elementor-widget elementor-widget-heading\" data-id=\"57f070c\" data-element_type=\"widget\" data-e-type=\"widget\" data-settings=\"{&quot;_animation&quot;:&quot;fadeInUp&quot;}\" data-widget_type=\"heading.default\">\n\t\t\t\t<div class=\"elementor-widget-container\">\n\t\t\t\t\t<h2 class=\"elementor-heading-title elementor-size-default\">Guide de l&#039;utilisateur de la t\u00e9l\u00e9commande <\/h2>\t\t\t\t<\/div>\n\t\t\t\t<\/div>\n\t\t\t\t<div class=\"elementor-element elementor-element-ad47ed5 elementor-widget elementor-widget-text-editor\" data-id=\"ad47ed5\" data-element_type=\"widget\" data-e-type=\"widget\" data-widget_type=\"text-editor.default\">\n\t\t\t\t<div class=\"elementor-widget-container\">\n\t\t\t\t\t\t\t\t\tInstruction de charge\u00a0: chargez l&#039;appareil pendant 2\u00a0heures et retirez le chargeur de la lumi\u00e8re.\t\t\t\t\t\t\t\t<\/div>\n\t\t\t\t<\/div>\n\t\t\t\t<div class=\"elementor-element elementor-element-67f86d1 elementor-widget elementor-widget-text-editor\" data-id=\"67f86d1\" data-element_type=\"widget\" data-e-type=\"widget\" data-widget_type=\"text-editor.default\">\n\t\t\t\t<div class=\"elementor-widget-container\">\n\t\t\t\t\t\t\t\t\tInstructions de plug-in\u00a0: chargez et jouez\t\t\t\t\t\t\t\t<\/div>\n\t\t\t\t<\/div>\n\t\t\t\t<div class=\"elementor-element elementor-element-863d016 elementor-widget elementor-widget-text-editor\" data-id=\"863d016\" data-element_type=\"widget\" data-e-type=\"widget\" data-widget_type=\"text-editor.default\">\n\t\t\t\t<div class=\"elementor-widget-container\">\n\t\t\t\t\t\t\t\t\tApr\u00e8s le chargement, appuyez directement sur A (basse vitesse), B (vitesse moyenne) C (haute vitesse) sur la t\u00e9l\u00e9commande, et la poup\u00e9e sexuelle commencera un travail sexuel oral\u00a0; vous pouvez le r\u00e9gler \u00e0 une vitesse raisonnable en fonction de vos besoins sexuels. En appuyant sur le bas &quot;D&quot;, la poup\u00e9e sexuelle r\u00e9aliste cessera de fonctionner.\t\t\t\t\t\t\t\t<\/div>\n\t\t\t\t<\/div>\n\t\t\t\t<div class=\"elementor-element elementor-element-808a42d elementor-invisible elementor-widget elementor-widget-heading\" data-id=\"808a42d\" data-element_type=\"widget\" data-e-type=\"widget\" data-settings=\"{&quot;_animation&quot;:&quot;fadeInUp&quot;}\" data-widget_type=\"heading.default\">\n\t\t\t\t<div class=\"elementor-widget-container\">\n\t\t\t\t\t<h2 class=\"elementor-heading-title elementor-size-default\">Des mesures de pr\u00e9caution <\/h2>\t\t\t\t<\/div>\n\t\t\t\t<\/div>\n\t\t\t\t<div class=\"elementor-element elementor-element-dea0f73 elementor-widget elementor-widget-html\" data-id=\"dea0f73\" data-element_type=\"widget\" data-e-type=\"widget\" data-widget_type=\"html.default\">\n\t\t\t\t<div class=\"elementor-widget-container\">\n\t\t\t\t\t<ol class=\"number_list_type\"><li>Assurez-vous que les boutons sont d\u00e9sactiv\u00e9s lors du chargement ou du changement de position de la ou des poup\u00e9es sexuelles. N&#039;obligez pas un r\u00f4le lorsqu&#039;il est branch\u00e9 \u00e0 charger.<\/li>\n<li>Laissez la poup\u00e9e sexuelle se calmer apr\u00e8s 2 heures d&#039;utilisation sans fin. Elle devra s&#039;allonger pendant au moins 10 \u00e0 30 minutes pour chaque 2 heures d&#039;utilisation<\/li>\n<li>S&#039;il se charge correctement, il peut \u00eatre utilis\u00e9 jusqu&#039;\u00e0 5 heures avant de se d\u00e9charger.<\/li>\n<li>Veuillez nettoyer correctement apr\u00e8s chaque utilisation et saupoudrer la zone touch\u00e9e de la poup\u00e9e sexuelle sexy. <\/li>\n<li>Informatis\u00e9 <span title=\"auto pipe sexdoll\">pipe<\/span>, <a href=\"https:\/\/renodoll.com\/fr\/electric-hip-sex-doll\/\">hanche \u00e9lectrique<\/a>, et la succion informatis\u00e9e ne peut pas \u00eatre s\u00e9lectionn\u00e9e spontan\u00e9ment <\/li>\n \n<\/ol>\t\t\t\t<\/div>\n\t\t\t\t<\/div>\n\t\t\t\t<div class=\"elementor-element elementor-element-d99a9ed elementor-invisible elementor-widget elementor-widget-video\" data-id=\"d99a9ed\" data-element_type=\"widget\" data-e-type=\"widget\" data-settings=\"{&quot;video_type&quot;:&quot;hosted&quot;,&quot;autoplay&quot;:&quot;yes&quot;,&quot;play_on_mobile&quot;:&quot;yes&quot;,&quot;loop&quot;:&quot;yes&quot;,&quot;_animation&quot;:&quot;slideInLeft&quot;,&quot;controls&quot;:&quot;yes&quot;}\" data-widget_type=\"video.default\">\n\t\t\t\t<div class=\"elementor-widget-container\">\n\t\t\t\t\t\t\t<div class=\"e-hosted-video elementor-wrapper elementor-open-inline\">\n\t\t\t\t\t<video class=\"elementor-video\" src=\"http:\/\/renodoll.com\/wp-content\/uploads\/2023\/03\/auto-oral.mp4\" autoplay=\"\" loop=\"\" controls=\"\" playsinline=\"\"><\/video>\n\t\t\t\t<\/div>\n\t\t\t\t\t\t<\/div>\n\t\t\t\t<\/div>\n\t\t\t\t\t<\/div>\n\t\t<\/div>\n\t\t\t\t\t<\/div>\n\t\t<\/section>\n\t\t\t\t<\/div>","protected":false},"excerpt":{"rendered":"<p>Routine de sexe oral automatique Peut-\u00eatre avez-vous besoin d&#039;une femme affectueuse, ou ce que vous voulez, c&#039;est une libido plus excitante et plus agr\u00e9able. Si vous voulez du sexe r\u00e9aliste, voici une s\u00e9lection satisfaisante pour vous. RenoDoll vous pr\u00e9sente l&#039;alternative &quot;Auto Oral Sex&quot; pour Moving sex Doll et peut r\u00e9pondre \u00e0 tous vos d\u00e9sirs. Il peut assigner sur le corps, une love doll grandeur nature. Veuillez vous connecter \u00e0 notre site Web ci-dessous pour la compilation avec Auto Oral Sex. Poup\u00e9e qui marche. L&#039;acc\u00e9l\u00e9ration est modifiable. Une \u00e9dition double est disponible\u00a0: Plugin d&#039;\u00e9dition non rechargeable et mod\u00e8le de flirt sans batterie int\u00e9gr\u00e9e<\/p>","protected":false},"author":1,"featured_media":0,"parent":0,"menu_order":0,"comment_status":"closed","ping_status":"closed","template":"","meta":{"footnotes":""},"class_list":["post-5347","page","type-page","status-publish","hentry"],"aioseo_notices":[],"_links":{"self":[{"href":"https:\/\/renodoll.com\/fr\/wp-json\/wp\/v2\/pages\/5347","targetHints":{"allow":["GET"]}}],"collection":[{"href":"https:\/\/renodoll.com\/fr\/wp-json\/wp\/v2\/pages"}],"about":[{"href":"https:\/\/renodoll.com\/fr\/wp-json\/wp\/v2\/types\/page"}],"author":[{"embeddable":true,"href":"https:\/\/renodoll.com\/fr\/wp-json\/wp\/v2\/users\/1"}],"replies":[{"embeddable":true,"href":"https:\/\/renodoll.com\/fr\/wp-json\/wp\/v2\/comments?post=5347"}],"version-history":[{"count":55,"href":"https:\/\/renodoll.com\/fr\/wp-json\/wp\/v2\/pages\/5347\/revisions"}],"predecessor-version":[{"id":16163,"href":"https:\/\/renodoll.com\/fr\/wp-json\/wp\/v2\/pages\/5347\/revisions\/16163"}],"wp:attachment":[{"href":"https:\/\/renodoll.com\/fr\/wp-json\/wp\/v2\/media?parent=5347"}],"curies":[{"name":"wp","href":"https:\/\/api.w.org\/{rel}","templated":true}]}}