{"id":5330,"date":"2023-02-22T14:27:04","date_gmt":"2023-02-22T06:27:04","guid":{"rendered":"https:\/\/renodoll.com\/?page_id=5330"},"modified":"2023-04-24T20:06:13","modified_gmt":"2023-04-24T12:06:13","slug":"sex-doll-dress-up","status":"publish","type":"page","link":"https:\/\/renodoll.com\/fr\/habillage-de-poupee-sexuelle\/","title":{"rendered":"Habillage de poup\u00e9e sexuelle"},"content":{"rendered":"<div data-elementor-type=\"wp-page\" data-elementor-id=\"5330\" class=\"elementor elementor-5330\">\n\t\t\t\t\t\t\t\t\t<section class=\"elementor-section elementor-top-section elementor-element elementor-element-9ee3c63 elementor-section-boxed elementor-section-height-default elementor-section-height-default\" data-id=\"9ee3c63\" data-element_type=\"section\">\n\t\t\t\t\t\t<div class=\"elementor-container elementor-column-gap-default\">\n\t\t\t\t\t<div class=\"elementor-column elementor-col-100 elementor-top-column elementor-element elementor-element-a5c4cb6 page-content-text\" data-id=\"a5c4cb6\" data-element_type=\"column\">\n\t\t\t<div class=\"elementor-widget-wrap elementor-element-populated\">\n\t\t\t\t\t\t\t\t<div class=\"elementor-element elementor-element-23b29e3 elementor-invisible elementor-widget elementor-widget-heading\" data-id=\"23b29e3\" data-element_type=\"widget\" data-settings=\"{&quot;_animation&quot;:&quot;fadeInUp&quot;}\" data-widget_type=\"heading.default\">\n\t\t\t\t<div class=\"elementor-widget-container\">\n\t\t\t<style>\/*! elementor - v3.10.2 - 29-01-2023 *\/\n.elementor-heading-title{padding:0;margin:0;line-height:1}.elementor-widget-heading .elementor-heading-title[class*=elementor-size-]>a{color:inherit;font-size:inherit;line-height:inherit}.elementor-widget-heading .elementor-heading-title.elementor-size-small{font-size:15px}.elementor-widget-heading .elementor-heading-title.elementor-size-medium{font-size:19px}.elementor-widget-heading .elementor-heading-title.elementor-size-large{font-size:29px}.elementor-widget-heading .elementor-heading-title.elementor-size-xl{font-size:39px}.elementor-widget-heading .elementor-heading-title.elementor-size-xxl{font-size:59px}<\/style><h2 class=\"elementor-heading-title elementor-size-default\">Points \u00e0 noter lors de l&#039;habillage de votre poup\u00e9e<\/h2>\t\t<\/div>\n\t\t\t\t<\/div>\n\t\t\t\t<div class=\"elementor-element elementor-element-0275977 elementor-widget elementor-widget-spacer\" data-id=\"0275977\" data-element_type=\"widget\" data-widget_type=\"spacer.default\">\n\t\t\t\t<div class=\"elementor-widget-container\">\n\t\t\t<style>\/*! elementor - v3.10.2 - 29-01-2023 *\/\n.elementor-column .elementor-spacer-inner{height:var(--spacer-size)}.e-con{--container-widget-width:100%}.e-con-inner>.elementor-widget-spacer,.e-con>.elementor-widget-spacer{width:var(--container-widget-width,var(--spacer-size));--align-self:var(--container-widget-align-self,initial);--flex-shrink:0}.e-con-inner>.elementor-widget-spacer>.elementor-widget-container,.e-con-inner>.elementor-widget-spacer>.elementor-widget-container>.elementor-spacer,.e-con>.elementor-widget-spacer>.elementor-widget-container,.e-con>.elementor-widget-spacer>.elementor-widget-container>.elementor-spacer{height:100%}.e-con-inner>.elementor-widget-spacer>.elementor-widget-container>.elementor-spacer>.elementor-spacer-inner,.e-con>.elementor-widget-spacer>.elementor-widget-container>.elementor-spacer>.elementor-spacer-inner{height:var(--container-widget-height,var(--spacer-size))}<\/style>\t\t<div class=\"elementor-spacer\">\n\t\t\t<div class=\"elementor-spacer-inner\"><\/div>\n\t\t<\/div>\n\t\t\t\t<\/div>\n\t\t\t\t<\/div>\n\t\t\t\t<div class=\"elementor-element elementor-element-0ee033e elementor-invisible elementor-widget elementor-widget-heading\" data-id=\"0ee033e\" data-element_type=\"widget\" data-settings=\"{&quot;_animation&quot;:&quot;fadeInUp&quot;}\" data-widget_type=\"heading.default\">\n\t\t\t\t<div class=\"elementor-widget-container\">\n\t\t\t<h2 class=\"elementor-heading-title elementor-size-default\">Introduction<\/h2>\t\t<\/div>\n\t\t\t\t<\/div>\n\t\t\t\t<div class=\"elementor-element elementor-element-1366056 elementor-widget elementor-widget-text-editor\" data-id=\"1366056\" data-element_type=\"widget\" data-widget_type=\"text-editor.default\">\n\t\t\t\t<div class=\"elementor-widget-container\">\n\t\t\t<style>\/*! elementor - v3.10.2 - 29-01-2023 *\/\n.elementor-widget-text-editor.elementor-drop-cap-view-stacked .elementor-drop-cap{background-color:#818a91;color:#fff}.elementor-widget-text-editor.elementor-drop-cap-view-framed .elementor-drop-cap{color:#818a91;border:3px solid;background-color:transparent}.elementor-widget-text-editor:not(.elementor-drop-cap-view-default) .elementor-drop-cap{margin-top:8px}.elementor-widget-text-editor:not(.elementor-drop-cap-view-default) .elementor-drop-cap-letter{width:1em;height:1em}.elementor-widget-text-editor .elementor-drop-cap{float:left;text-align:center;line-height:1;font-size:50px}.elementor-widget-text-editor .elementor-drop-cap-letter{display:inline-block}<\/style>\t\t\t\tLes membres de la poup\u00e9e en silicone peuvent bouger, mais c&#039;est avec certaines restrictions. Tout en habillant votre poup\u00e9e sexuelle \u00e0 votre go\u00fbt, vous devez \u00e9galement prot\u00e9ger la peau en silicone. Faites bien de prendre note des points suivants. \t\t\t\t\t\t<\/div>\n\t\t\t\t<\/div>\n\t\t\t\t<div class=\"elementor-element elementor-element-1b286a6 elementor-invisible elementor-widget elementor-widget-heading\" data-id=\"1b286a6\" data-element_type=\"widget\" data-settings=\"{&quot;_animation&quot;:&quot;fadeInUp&quot;}\" data-widget_type=\"heading.default\">\n\t\t\t\t<div class=\"elementor-widget-container\">\n\t\t\t<h2 class=\"elementor-heading-title elementor-size-default\">Ne laissez pas les membres trop se plier<\/h2>\t\t<\/div>\n\t\t\t\t<\/div>\n\t\t\t\t<div class=\"elementor-element elementor-element-5570512 elementor-widget elementor-widget-text-editor\" data-id=\"5570512\" data-element_type=\"widget\" data-widget_type=\"text-editor.default\">\n\t\t\t\t<div class=\"elementor-widget-container\">\n\t\t\t\t\t\t\tLorsque vous habillez votre poup\u00e9e sexuelle, essayez autant que possible d&#039;\u00e9viter de lever les bras de votre poup\u00e9e trop haut afin d&#039;\u00e9viter les ruptures ou les d\u00e9chirures du silicone. Veuillez pr\u00eater une attention particuli\u00e8re aux instructions d&#039;angle de s\u00e9curit\u00e9 dans le champ d&#039;application de l&#039;activit\u00e9 physique strictement pour les op\u00e9rations. \t\t\t\t\t\t<\/div>\n\t\t\t\t<\/div>\n\t\t\t\t<div class=\"elementor-element elementor-element-690b0e9 elementor-invisible elementor-widget elementor-widget-heading\" data-id=\"690b0e9\" data-element_type=\"widget\" data-settings=\"{&quot;_animation&quot;:&quot;fadeInUp&quot;}\" data-widget_type=\"heading.default\">\n\t\t\t\t<div class=\"elementor-widget-container\">\n\t\t\t<h2 class=\"elementor-heading-title elementor-size-default\">Soyez conscient des rayures<\/h2>\t\t<\/div>\n\t\t\t\t<\/div>\n\t\t\t\t<div class=\"elementor-element elementor-element-2665724 elementor-widget elementor-widget-text-editor\" data-id=\"2665724\" data-element_type=\"widget\" data-widget_type=\"text-editor.default\">\n\t\t\t\t<div class=\"elementor-widget-container\">\n\t\t\t\t\t\t\tVeillez \u00e0 ne pas laisser votre poup\u00e9e d&#039;amour porter des v\u00eatements ou des accessoires avec des bords si pointus qu&#039;ils commencent \u00e0 d\u00e9figurer votre poup\u00e9e d&#039;amour. Si, toutefois, votre choix de v\u00eatements contient des boutons pointus et autres, faites bien de traiter votre vraie poup\u00e9e comme un b\u00e9b\u00e9 tout en l&#039;habillant.\t\t\t\t\t\t<\/div>\n\t\t\t\t<\/div>\n\t\t\t\t<div class=\"elementor-element elementor-element-760f9e7 elementor-invisible elementor-widget elementor-widget-heading\" data-id=\"760f9e7\" data-element_type=\"widget\" data-settings=\"{&quot;_animation&quot;:&quot;fadeInUp&quot;}\" data-widget_type=\"heading.default\">\n\t\t\t\t<div class=\"elementor-widget-container\">\n\t\t\t<h2 class=\"elementor-heading-title elementor-size-default\">Enlever la t\u00eate avant de mettre un manteau<\/h2>\t\t<\/div>\n\t\t\t\t<\/div>\n\t\t\t\t<div class=\"elementor-element elementor-element-32fca7b elementor-widget elementor-widget-text-editor\" data-id=\"32fca7b\" data-element_type=\"widget\" data-widget_type=\"text-editor.default\">\n\t\t\t\t<div class=\"elementor-widget-container\">\n\t\t\t\t\t\t\tLorsque vous habillez votre poup\u00e9e d&#039;amour et que vous remarquez qu&#039;une partie des v\u00eatements est trop serr\u00e9e ou causerait des d\u00e9sagr\u00e9ments \u00e0 votre poup\u00e9e r\u00e9aliste, faites bien d&#039;enlever la t\u00eate de votre vraie poup\u00e9e. \t\t\t\t\t\t<\/div>\n\t\t\t\t<\/div>\n\t\t\t\t<section class=\"elementor-section elementor-inner-section elementor-element elementor-element-d0ad383 elementor-section-full_width elementor-section-height-default elementor-section-height-default\" data-id=\"d0ad383\" data-element_type=\"section\">\n\t\t\t\t\t\t<div class=\"elementor-container elementor-column-gap-default\">\n\t\t\t\t\t<div class=\"elementor-column elementor-col-50 elementor-inner-column elementor-element elementor-element-0d201b2\" data-id=\"0d201b2\" data-element_type=\"column\">\n\t\t\t<div class=\"elementor-widget-wrap elementor-element-populated\">\n\t\t\t\t\t\t\t\t<div class=\"elementor-element elementor-element-5e75bf3 elementor-widget elementor-widget-image\" data-id=\"5e75bf3\" data-element_type=\"widget\" data-widget_type=\"image.default\">\n\t\t\t\t<div class=\"elementor-widget-container\">\n\t\t\t<style>\/*! elementor - v3.10.2 - 29-01-2023 *\/\n.elementor-widget-image{text-align:center}.elementor-widget-image a{display:inline-block}.elementor-widget-image a img[src$=\".svg\"]{width:48px}.elementor-widget-image img{vertical-align:middle;display:inline-block}<\/style>\t\t\t\t\t\t\t\t\t\t\t\t<img loading=\"lazy\" decoding=\"async\" width=\"367\" height=\"388\" src=\"https:\/\/renodoll.com\/wp-content\/uploads\/2023\/03\/kb-piercing.jpg\" class=\"attachment-woocommerce_single size-woocommerce_single wp-image-14231\" alt=\"\" srcset=\"https:\/\/renodoll.com\/wp-content\/uploads\/2023\/03\/kb-piercing.jpg 367w, https:\/\/renodoll.com\/wp-content\/uploads\/2023\/03\/kb-piercing-284x300.jpg 284w, https:\/\/renodoll.com\/wp-content\/uploads\/2023\/03\/kb-piercing-11x12.jpg 11w, https:\/\/renodoll.com\/wp-content\/uploads\/2023\/03\/kb-piercing-95x100.jpg 95w, https:\/\/renodoll.com\/wp-content\/uploads\/2023\/03\/kb-piercing-300x317.jpg 300w, https:\/\/renodoll.com\/wp-content\/uploads\/2023\/03\/kb-piercing-10x10.jpg 10w\" sizes=\"auto, (max-width: 367px) 100vw, 367px\" \/>\t\t\t\t\t\t\t\t\t\t\t\t\t\t\t<\/div>\n\t\t\t\t<\/div>\n\t\t\t\t\t<\/div>\n\t\t<\/div>\n\t\t\t\t<div class=\"elementor-column elementor-col-50 elementor-inner-column elementor-element elementor-element-e1caa7e\" data-id=\"e1caa7e\" data-element_type=\"column\">\n\t\t\t<div class=\"elementor-widget-wrap elementor-element-populated\">\n\t\t\t\t\t\t\t\t<div class=\"elementor-element elementor-element-4260ec5 elementor-invisible elementor-widget elementor-widget-heading\" data-id=\"4260ec5\" data-element_type=\"widget\" data-settings=\"{&quot;_animation&quot;:&quot;fadeInUp&quot;}\" data-widget_type=\"heading.default\">\n\t\t\t\t<div class=\"elementor-widget-container\">\n\t\t\t<h2 class=\"elementor-heading-title elementor-size-default\">Piercings (oreille et naval)<\/h2>\t\t<\/div>\n\t\t\t\t<\/div>\n\t\t\t\t<div class=\"elementor-element elementor-element-1732e22 elementor-widget elementor-widget-text-editor\" data-id=\"1732e22\" data-element_type=\"widget\" data-widget_type=\"text-editor.default\">\n\t\t\t\t<div class=\"elementor-widget-container\">\n\t\t\t\t\t\t\tPouvez-vous donner des piercings \u00e0 votre poup\u00e9e sexuelle adulte\u00a0? Positif. Dans tout ce que vous faites, assurez-vous de noter que les instruments pour les piercings sont de fins fils de fer ou des aiguilles \u00e0 pincer un peu dans la peau en silicone de votre poup\u00e9e r\u00e9aliste. Cependant, le diam\u00e8tre du trou de per\u00e7age ne doit pas d\u00e9passer 0,5 mm et vous ne devez en aucun cas utiliser des couteaux ou d&#039;autres objets tranchants pour couper. Ces piercings sont permanents pour \u00e9viter les ruptures ou les d\u00e9chirures du silicone.\t\t\t\t\t\t<\/div>\n\t\t\t\t<\/div>\n\t\t\t\t<div class=\"elementor-element elementor-element-a03cfc1 elementor-widget elementor-widget-text-editor\" data-id=\"a03cfc1\" data-element_type=\"widget\" data-widget_type=\"text-editor.default\">\n\t\t\t\t<div class=\"elementor-widget-container\">\n\t\t\t\t\t\t\tN&#039;oubliez pas de toujours appliquer de la poudre sur votre vraie poup\u00e9e avant de vous habiller avec un pantalon moulant. Il se trouve que le silicone a beaucoup de friction et donc s&#039;il est trop serr\u00e9 pour habiller la poup\u00e9e d&#039;amour avec un pantalon ou des chaussettes, proc\u00e9dez comme suit. Enlevez le pantalon et appliquez de la poudre pour le bain ou du talc avant de vous rhabiller.\t\t\t\t\t\t<\/div>\n\t\t\t\t<\/div>\n\t\t\t\t\t<\/div>\n\t\t<\/div>\n\t\t\t\t\t\t\t<\/div>\n\t\t<\/section>\n\t\t\t\t<div class=\"elementor-element elementor-element-91005da elementor-invisible elementor-widget elementor-widget-heading\" data-id=\"91005da\" data-element_type=\"widget\" data-settings=\"{&quot;_animation&quot;:&quot;fadeInUp&quot;}\" data-widget_type=\"heading.default\">\n\t\t\t\t<div class=\"elementor-widget-container\">\n\t\t\t<h2 class=\"elementor-heading-title elementor-size-default\">Remise en forme des v\u00eatements<\/h2>\t\t<\/div>\n\t\t\t\t<\/div>\n\t\t\t\t<div class=\"elementor-element elementor-element-0e05e3e elementor-widget elementor-widget-text-editor\" data-id=\"0e05e3e\" data-element_type=\"widget\" data-widget_type=\"text-editor.default\">\n\t\t\t\t<div class=\"elementor-widget-container\">\n\t\t\t\t\t\t\tEssayez autant que possible d&#039;\u00e9viter d&#039;habiller votre poup\u00e9e sexuelle avec des v\u00eatements serr\u00e9s ou des v\u00eatements qui la serreraient pendant longtemps. Cela peut provoquer soit une rupture du silicone, soit une diffamation.\t\t\t\t\t\t<\/div>\n\t\t\t\t<\/div>\n\t\t\t\t<div class=\"elementor-element elementor-element-8cc3ec1 elementor-widget elementor-widget-text-editor\" data-id=\"8cc3ec1\" data-element_type=\"widget\" data-widget_type=\"text-editor.default\">\n\t\t\t\t<div class=\"elementor-widget-container\">\n\t\t\t\t\t\t\t Si la taille de robe que vous d\u00e9sirez pour votre poup\u00e9e sexuelle ne vous convient pas, achetez-en une autre. De plus, certains v\u00eatements doivent \u00eatre sp\u00e9cialement con\u00e7us pour les poup\u00e9es.\t\t\t\t\t\t<\/div>\n\t\t\t\t<\/div>\n\t\t\t\t<div class=\"elementor-element elementor-element-fb0bc57 elementor-invisible elementor-widget elementor-widget-heading\" data-id=\"fb0bc57\" data-element_type=\"widget\" data-settings=\"{&quot;_animation&quot;:&quot;fadeInUp&quot;}\" data-widget_type=\"heading.default\">\n\t\t\t\t<div class=\"elementor-widget-container\">\n\t\t\t<h2 class=\"elementor-heading-title elementor-size-default\">Emp\u00eacher la coloration<\/h2>\t\t<\/div>\n\t\t\t\t<\/div>\n\t\t\t\t<div class=\"elementor-element elementor-element-53229ea elementor-widget elementor-widget-text-editor\" data-id=\"53229ea\" data-element_type=\"widget\" data-widget_type=\"text-editor.default\">\n\t\t\t\t<div class=\"elementor-widget-container\">\n\t\t\t\t\t\t\tCertains types de v\u00eatements sont fabriqu\u00e9s \u00e0 partir de cuir artificiel teint ou d&#039;autres mat\u00e9riaux en cuir tach\u00e9s d&#039;huile avec une coloration terrible qui peut s&#039;infiltrer \u00e0 l&#039;int\u00e9rieur du silicone une fois que la poup\u00e9e sexuelle a \u00e9t\u00e9 en contact avec la robe pendant longtemps. Cela peut entra\u00eener un changement de couleur de peau de votre poup\u00e9e sexuelle. La chose la plus r\u00e9aliste \u00e0 faire est d&#039;\u00e9viter au maximum ce type de rougeoiement ou si le besoin s&#039;en fait sentir et que vous devez les enfiler, que ce soit pour un temps limit\u00e9 sur le corps de la poup\u00e9e sexuelle sexy.\t\t\t\t\t\t<\/div>\n\t\t\t\t<\/div>\n\t\t\t\t<div class=\"elementor-element elementor-element-2e3d2b1 elementor-invisible elementor-widget elementor-widget-heading\" data-id=\"2e3d2b1\" data-element_type=\"widget\" data-settings=\"{&quot;_animation&quot;:&quot;fadeInUp&quot;}\" data-widget_type=\"heading.default\">\n\t\t\t\t<div class=\"elementor-widget-container\">\n\t\t\t<h2 class=\"elementor-heading-title elementor-size-default\">Utilisez de la poudre de bain, du talc ou de la poudre pour b\u00e9b\u00e9 pour \u00e9viter l&#039;adh\u00e9rence<\/h2>\t\t<\/div>\n\t\t\t\t<\/div>\n\t\t\t\t<div class=\"elementor-element elementor-element-0963a4f elementor-widget elementor-widget-text-editor\" data-id=\"0963a4f\" data-element_type=\"widget\" data-widget_type=\"text-editor.default\">\n\t\t\t\t<div class=\"elementor-widget-container\">\n\t\t\t\t\t\t\tNaturellement, la surface du silicone est assez collante. Ce qu&#039;il faut faire, c&#039;est utiliser de la poudre de bain ou du talc avant de s&#039;habiller. Si l&#039;\u00e9lectricit\u00e9 statique est disponible, le spray d&#039;\u00e9lectricit\u00e9 statique peut \u00eatre utilis\u00e9. Soyez prudent lorsque vous pulv\u00e9risez, cependant, afin de ne pas trop pulv\u00e9riser.\t\t\t\t\t\t<\/div>\n\t\t\t\t<\/div>\n\t\t\t\t\t<\/div>\n\t\t<\/div>\n\t\t\t\t\t\t\t<\/div>\n\t\t<\/section>\n\t\t\t\t\t\t\t<\/div>","protected":false},"excerpt":{"rendered":"<p>Points \u00e0 noter lors de l&#039;habillage de votre poup\u00e9e Introduction Les membres de la poup\u00e9e en silicone peuvent bouger, mais avec certaines restrictions. Tout en habillant votre poup\u00e9e sexuelle \u00e0 votre go\u00fbt, vous devez \u00e9galement prot\u00e9ger la peau en silicone. Faites bien de prendre note des points suivants. Ne laissez pas les membres se plier trop Lorsque vous habillez votre poup\u00e9e sexuelle, essayez autant que possible d&#039;\u00e9viter de lever les bras de votre poup\u00e9e trop haut afin d&#039;\u00e9viter les ruptures ou les d\u00e9chirures du silicone. Veuillez porter une attention particuli\u00e8re aux instructions d&#039;angle de s\u00e9curit\u00e9 dans le champ d&#039;application de l&#039;activit\u00e9 physique strictement pour<\/p>","protected":false},"author":1,"featured_media":0,"parent":0,"menu_order":0,"comment_status":"closed","ping_status":"closed","template":"","meta":{"footnotes":""},"class_list":["post-5330","page","type-page","status-publish","hentry"],"aioseo_notices":[],"_links":{"self":[{"href":"https:\/\/renodoll.com\/fr\/wp-json\/wp\/v2\/pages\/5330","targetHints":{"allow":["GET"]}}],"collection":[{"href":"https:\/\/renodoll.com\/fr\/wp-json\/wp\/v2\/pages"}],"about":[{"href":"https:\/\/renodoll.com\/fr\/wp-json\/wp\/v2\/types\/page"}],"author":[{"embeddable":true,"href":"https:\/\/renodoll.com\/fr\/wp-json\/wp\/v2\/users\/1"}],"replies":[{"embeddable":true,"href":"https:\/\/renodoll.com\/fr\/wp-json\/wp\/v2\/comments?post=5330"}],"version-history":[{"count":53,"href":"https:\/\/renodoll.com\/fr\/wp-json\/wp\/v2\/pages\/5330\/revisions"}],"predecessor-version":[{"id":16005,"href":"https:\/\/renodoll.com\/fr\/wp-json\/wp\/v2\/pages\/5330\/revisions\/16005"}],"wp:attachment":[{"href":"https:\/\/renodoll.com\/fr\/wp-json\/wp\/v2\/media?parent=5330"}],"curies":[{"name":"wp","href":"https:\/\/api.w.org\/{rel}","templated":true}]}}