{"id":5157,"date":"2023-02-20T14:08:08","date_gmt":"2023-02-20T06:08:08","guid":{"rendered":"https:\/\/renodoll.com\/?page_id=5157"},"modified":"2023-03-31T14:23:28","modified_gmt":"2023-03-31T06:23:28","slug":"disclaimer","status":"publish","type":"page","link":"https:\/\/renodoll.com\/fr\/clause-de-non-responsabilite\/","title":{"rendered":"Clause de non-responsabilit\u00e9"},"content":{"rendered":"<div data-elementor-type=\"wp-page\" data-elementor-id=\"5157\" class=\"elementor elementor-5157\">\n\t\t\t\t\t\t\t\t\t<section class=\"elementor-section elementor-top-section elementor-element elementor-element-2aace59 elementor-section-boxed elementor-section-height-default elementor-section-height-default\" data-id=\"2aace59\" data-element_type=\"section\">\n\t\t\t\t\t\t<div class=\"elementor-container elementor-column-gap-no\">\n\t\t\t\t\t<div class=\"elementor-column elementor-col-100 elementor-top-column elementor-element elementor-element-0017d57\" data-id=\"0017d57\" data-element_type=\"column\">\n\t\t\t<div class=\"elementor-widget-wrap elementor-element-populated\">\n\t\t\t\t\t\t\t\t<div class=\"elementor-element elementor-element-8a2ff4e elementor-widget elementor-widget-spacer\" data-id=\"8a2ff4e\" data-element_type=\"widget\" data-widget_type=\"spacer.default\">\n\t\t\t\t<div class=\"elementor-widget-container\">\n\t\t\t<style>\/*! elementor - v3.10.2 - 29-01-2023 *\/\n.elementor-column .elementor-spacer-inner{height:var(--spacer-size)}.e-con{--container-widget-width:100%}.e-con-inner>.elementor-widget-spacer,.e-con>.elementor-widget-spacer{width:var(--container-widget-width,var(--spacer-size));--align-self:var(--container-widget-align-self,initial);--flex-shrink:0}.e-con-inner>.elementor-widget-spacer>.elementor-widget-container,.e-con-inner>.elementor-widget-spacer>.elementor-widget-container>.elementor-spacer,.e-con>.elementor-widget-spacer>.elementor-widget-container,.e-con>.elementor-widget-spacer>.elementor-widget-container>.elementor-spacer{height:100%}.e-con-inner>.elementor-widget-spacer>.elementor-widget-container>.elementor-spacer>.elementor-spacer-inner,.e-con>.elementor-widget-spacer>.elementor-widget-container>.elementor-spacer>.elementor-spacer-inner{height:var(--container-widget-height,var(--spacer-size))}<\/style>\t\t<div class=\"elementor-spacer\">\n\t\t\t<div class=\"elementor-spacer-inner\"><\/div>\n\t\t<\/div>\n\t\t\t\t<\/div>\n\t\t\t\t<\/div>\n\t\t\t\t<section class=\"elementor-section elementor-inner-section elementor-element elementor-element-16bb0ad elementor-section-boxed elementor-section-height-default elementor-section-height-default\" data-id=\"16bb0ad\" data-element_type=\"section\">\n\t\t\t\t\t\t<div class=\"elementor-container elementor-column-gap-default\">\n\t\t\t\t\t<div class=\"elementor-column elementor-col-50 elementor-inner-column elementor-element elementor-element-3d41176\" data-id=\"3d41176\" data-element_type=\"column\">\n\t\t\t<div class=\"elementor-widget-wrap elementor-element-populated\">\n\t\t\t\t\t\t\t\t<div class=\"elementor-element elementor-element-5997a9f elementor-invisible elementor-widget elementor-widget-heading\" data-id=\"5997a9f\" data-element_type=\"widget\" data-settings=\"{&quot;_animation&quot;:&quot;fadeInUp&quot;}\" data-widget_type=\"heading.default\">\n\t\t\t\t<div class=\"elementor-widget-container\">\n\t\t\t<style>\/*! elementor - v3.10.2 - 29-01-2023 *\/\n.elementor-heading-title{padding:0;margin:0;line-height:1}.elementor-widget-heading .elementor-heading-title[class*=elementor-size-]>a{color:inherit;font-size:inherit;line-height:inherit}.elementor-widget-heading .elementor-heading-title.elementor-size-small{font-size:15px}.elementor-widget-heading .elementor-heading-title.elementor-size-medium{font-size:19px}.elementor-widget-heading .elementor-heading-title.elementor-size-large{font-size:29px}.elementor-widget-heading .elementor-heading-title.elementor-size-xl{font-size:39px}.elementor-widget-heading .elementor-heading-title.elementor-size-xxl{font-size:59px}<\/style><h2 class=\"elementor-heading-title elementor-size-default\">Avertissement<\/h2>\t\t<\/div>\n\t\t\t\t<\/div>\n\t\t\t\t<div class=\"elementor-element elementor-element-3feda34 elementor-widget elementor-widget-text-editor\" data-id=\"3feda34\" data-element_type=\"widget\" data-widget_type=\"text-editor.default\">\n\t\t\t\t<div class=\"elementor-widget-container\">\n\t\t\t<style>\/*! elementor - v3.10.2 - 29-01-2023 *\/\n.elementor-widget-text-editor.elementor-drop-cap-view-stacked .elementor-drop-cap{background-color:#818a91;color:#fff}.elementor-widget-text-editor.elementor-drop-cap-view-framed .elementor-drop-cap{color:#818a91;border:3px solid;background-color:transparent}.elementor-widget-text-editor:not(.elementor-drop-cap-view-default) .elementor-drop-cap{margin-top:8px}.elementor-widget-text-editor:not(.elementor-drop-cap-view-default) .elementor-drop-cap-letter{width:1em;height:1em}.elementor-widget-text-editor .elementor-drop-cap{float:left;text-align:center;line-height:1;font-size:50px}.elementor-widget-text-editor .elementor-drop-cap-letter{display:inline-block}<\/style>\t\t\t\tCe que contient ce site est principalement destin\u00e9 \u00e0 l&#039;excitation et \u00e0 la satisfaction sexuelles, et il n&#039;est destin\u00e9 qu&#039;aux personnes de 18 ans et plus. Avant de vous connecter \u00e0 notre site, vous devez accepter les conditions suivantes :\t\t\t\t\t\t<\/div>\n\t\t\t\t<\/div>\n\t\t\t\t<div class=\"elementor-element elementor-element-1a4cbf5 elementor-widget elementor-widget-spacer\" data-id=\"1a4cbf5\" data-element_type=\"widget\" data-widget_type=\"spacer.default\">\n\t\t\t\t<div class=\"elementor-widget-container\">\n\t\t\t\t\t<div class=\"elementor-spacer\">\n\t\t\t<div class=\"elementor-spacer-inner\"><\/div>\n\t\t<\/div>\n\t\t\t\t<\/div>\n\t\t\t\t<\/div>\n\t\t\t\t<div class=\"elementor-element elementor-element-57d9795 elementor-invisible elementor-widget elementor-widget-heading\" data-id=\"57d9795\" data-element_type=\"widget\" data-settings=\"{&quot;_animation&quot;:&quot;fadeInUp&quot;}\" data-widget_type=\"heading.default\">\n\t\t\t\t<div class=\"elementor-widget-container\">\n\t\t\t<h2 class=\"elementor-heading-title elementor-size-default\">Adultes de 18 ans et plus <\/h2>\t\t<\/div>\n\t\t\t\t<\/div>\n\t\t\t\t<div class=\"elementor-element elementor-element-4079b24 elementor-widget elementor-widget-text-editor\" data-id=\"4079b24\" data-element_type=\"widget\" data-widget_type=\"text-editor.default\">\n\t\t\t\t<div class=\"elementor-widget-container\">\n\t\t\t\t\t\t\t<p>renodoll.com ne peut pas et n&#039;interdira jamais aux mineurs de consulter le site. Il est de la seule responsabilit\u00e9 des parents et tuteurs de superviser les activit\u00e9s des enfants et des adolescents sur le mat\u00e9riel appropri\u00e9 mis \u00e0 leur disposition. RenoDoll n&#039;acceptera que les achats effectu\u00e9s par un adulte de 18 ans et plus.<\/p>\t\t\t\t\t\t<\/div>\n\t\t\t\t<\/div>\n\t\t\t\t\t<\/div>\n\t\t<\/div>\n\t\t\t\t<div class=\"elementor-column elementor-col-50 elementor-inner-column elementor-element elementor-element-df8a856\" data-id=\"df8a856\" data-element_type=\"column\">\n\t\t\t<div class=\"elementor-widget-wrap elementor-element-populated\">\n\t\t\t\t\t\t\t\t<div class=\"elementor-element elementor-element-5e5ebd7 elementor-widget elementor-widget-image\" data-id=\"5e5ebd7\" data-element_type=\"widget\" data-widget_type=\"image.default\">\n\t\t\t\t<div class=\"elementor-widget-container\">\n\t\t\t<style>\/*! elementor - v3.10.2 - 29-01-2023 *\/\n.elementor-widget-image{text-align:center}.elementor-widget-image a{display:inline-block}.elementor-widget-image a img[src$=\".svg\"]{width:48px}.elementor-widget-image img{vertical-align:middle;display:inline-block}<\/style>\t\t\t\t\t\t\t\t\t\t\t\t<img loading=\"lazy\" decoding=\"async\" width=\"626\" height=\"391\" src=\"https:\/\/renodoll.com\/wp-content\/uploads\/2023\/03\/renodoll_adults-only-18-plus.jpg\" class=\"attachment-large size-large wp-image-14375\" alt=\"\" srcset=\"https:\/\/renodoll.com\/wp-content\/uploads\/2023\/03\/renodoll_adults-only-18-plus.jpg 626w, https:\/\/renodoll.com\/wp-content\/uploads\/2023\/03\/renodoll_adults-only-18-plus-300x187.jpg 300w, https:\/\/renodoll.com\/wp-content\/uploads\/2023\/03\/renodoll_adults-only-18-plus-18x12.jpg 18w, https:\/\/renodoll.com\/wp-content\/uploads\/2023\/03\/renodoll_adults-only-18-plus-100x62.jpg 100w, https:\/\/renodoll.com\/wp-content\/uploads\/2023\/03\/renodoll_adults-only-18-plus-600x375.jpg 600w, https:\/\/renodoll.com\/wp-content\/uploads\/2023\/03\/renodoll_adults-only-18-plus-10x6.jpg 10w\" sizes=\"auto, (max-width: 626px) 100vw, 626px\" \/>\t\t\t\t\t\t\t\t\t\t\t\t\t\t\t<\/div>\n\t\t\t\t<\/div>\n\t\t\t\t\t<\/div>\n\t\t<\/div>\n\t\t\t\t\t\t\t<\/div>\n\t\t<\/section>\n\t\t\t\t<div class=\"elementor-element elementor-element-d37e8f7 elementor-widget elementor-widget-spacer\" data-id=\"d37e8f7\" data-element_type=\"widget\" data-widget_type=\"spacer.default\">\n\t\t\t\t<div class=\"elementor-widget-container\">\n\t\t\t\t\t<div class=\"elementor-spacer\">\n\t\t\t<div class=\"elementor-spacer-inner\"><\/div>\n\t\t<\/div>\n\t\t\t\t<\/div>\n\t\t\t\t<\/div>\n\t\t\t\t<div class=\"elementor-element elementor-element-fd092ed elementor-invisible elementor-widget elementor-widget-heading\" data-id=\"fd092ed\" data-element_type=\"widget\" data-settings=\"{&quot;_animation&quot;:&quot;fadeInUp&quot;}\" data-widget_type=\"heading.default\">\n\t\t\t\t<div class=\"elementor-widget-container\">\n\t\t\t<h2 class=\"elementor-heading-title elementor-size-default\">droits d&#039;auteur<\/h2>\t\t<\/div>\n\t\t\t\t<\/div>\n\t\t\t\t<div class=\"elementor-element elementor-element-4a2734b elementor-widget elementor-widget-text-editor\" data-id=\"4a2734b\" data-element_type=\"widget\" data-widget_type=\"text-editor.default\">\n\t\t\t\t<div class=\"elementor-widget-container\">\n\t\t\t\t\t\t\t<p>Sauf contre-indication, toutes les ressources mises \u00e0 disposition, \u00e0 la fois les conceptions picturales, les sites Web, les r\u00e9dactions, les configurations et autres s\u00e9lections, sont toutes les droits de propri\u00e9t\u00e9 de renodoll.com\u00a0; par cons\u00e9quent, l&#039;utilisation du contenu de ce site Web est uniquement \u00e0 des fins commerciales et aucun agenda cach\u00e9 ne s&#039;y rattache. Aucune ressource mat\u00e9rielle copi\u00e9e de ce site Web ne doit \u00eatre soumise \u00e0 la r\u00e9g\u00e9n\u00e9ration, \u00e0 la modification, \u00e0 la r\u00e9impression, \u00e0 la publication, \u00e0 la communication et \u00e0 la distribution par quelque moyen que ce soit, ni par quiconque sans le consentement d\u00fb par le biais d&#039;un document \u00e9crit de renodoll.com. Tous les droits non d\u00fbment accord\u00e9s sont mis de c\u00f4t\u00e9. L&#039;utilisation de sp\u00e9cimens de ce site sans autorisation peut alt\u00e9rer le droit et la marque, ce qui peut entra\u00eener une sanction p\u00e9nale ou civile.<\/p>\t\t\t\t\t\t<\/div>\n\t\t\t\t<\/div>\n\t\t\t\t<div class=\"elementor-element elementor-element-b84993c elementor-widget elementor-widget-spacer\" data-id=\"b84993c\" data-element_type=\"widget\" data-widget_type=\"spacer.default\">\n\t\t\t\t<div class=\"elementor-widget-container\">\n\t\t\t\t\t<div class=\"elementor-spacer\">\n\t\t\t<div class=\"elementor-spacer-inner\"><\/div>\n\t\t<\/div>\n\t\t\t\t<\/div>\n\t\t\t\t<\/div>\n\t\t\t\t<div class=\"elementor-element elementor-element-4cc3835 elementor-invisible elementor-widget elementor-widget-heading\" data-id=\"4cc3835\" data-element_type=\"widget\" data-settings=\"{&quot;_animation&quot;:&quot;fadeInUp&quot;}\" data-widget_type=\"heading.default\">\n\t\t\t\t<div class=\"elementor-widget-container\">\n\t\t\t<h2 class=\"elementor-heading-title elementor-size-default\">Clause de non-responsabilit\u00e9<\/h2>\t\t<\/div>\n\t\t\t\t<\/div>\n\t\t\t\t<div class=\"elementor-element elementor-element-5b37396 elementor-widget elementor-widget-text-editor\" data-id=\"5b37396\" data-element_type=\"widget\" data-widget_type=\"text-editor.default\">\n\t\t\t\t<div class=\"elementor-widget-container\">\n\t\t\t\t\t\t\t<p>Tout le contenu trouv\u00e9 sur ce site est mis \u00e0 disposition dans sa forme originale sans aucune garantie. En vous abonnant \u00e0 ce site, vous avez accept\u00e9 tous les risques associ\u00e9s \u00e0 l&#039;utilisation de chaque contenu de ce site. renodoll.com, son personnel, son \u00e9quipe de direction et ses sous-traitants ne seront pas responsables de toute perte ou dommage r\u00e9sultant de votre incapacit\u00e9 \u00e0 utiliser correctement le site et ses liens. renodoll.com et ses contributeurs qui ont contribu\u00e9 au contenu du site Web ne peuvent \u00eatre tenus responsables en cas de probl\u00e8me en raison de votre d\u00e9pendance au contenu.<\/p>\t\t\t\t\t\t<\/div>\n\t\t\t\t<\/div>\n\t\t\t\t<div class=\"elementor-element elementor-element-5fbeccb elementor-widget elementor-widget-text-editor\" data-id=\"5fbeccb\" data-element_type=\"widget\" data-widget_type=\"text-editor.default\">\n\t\t\t\t<div class=\"elementor-widget-container\">\n\t\t\t\t\t\t\t<p>Sur ce site, tous les produits trouv\u00e9s sont destin\u00e9s \u00e0 des exp\u00e9riences passionnantes et uniques. RenoDoll ne garantit pas que nos produits sont intacts, exempts de d\u00e9fauts du fabricant et de fausses d\u00e9clarations du fabricant.<\/p>\t\t\t\t\t\t<\/div>\n\t\t\t\t<\/div>\n\t\t\t\t<div class=\"elementor-element elementor-element-87c5887 elementor-widget elementor-widget-text-editor\" data-id=\"87c5887\" data-element_type=\"widget\" data-widget_type=\"text-editor.default\">\n\t\t\t\t<div class=\"elementor-widget-container\">\n\t\t\t\t\t\t\t<p>En envoyant vos commandes, vous acceptez et consentez \u00e0 ce qui suit que RenoDoll ne sera pas tenu responsable de tout accident intentionnel ou non caus\u00e9 par l&#039;ignorance, quelle que soit la loi sur la responsabilit\u00e9 d\u00e9lictuelle.<\/p>\t\t\t\t\t\t<\/div>\n\t\t\t\t<\/div>\n\t\t\t\t<div class=\"elementor-element elementor-element-373e79d elementor-widget elementor-widget-spacer\" data-id=\"373e79d\" data-element_type=\"widget\" data-widget_type=\"spacer.default\">\n\t\t\t\t<div class=\"elementor-widget-container\">\n\t\t\t\t\t<div class=\"elementor-spacer\">\n\t\t\t<div class=\"elementor-spacer-inner\"><\/div>\n\t\t<\/div>\n\t\t\t\t<\/div>\n\t\t\t\t<\/div>\n\t\t\t\t<div class=\"elementor-element elementor-element-56745a0 elementor-invisible elementor-widget elementor-widget-heading\" data-id=\"56745a0\" data-element_type=\"widget\" data-settings=\"{&quot;_animation&quot;:&quot;fadeInUp&quot;}\" data-widget_type=\"heading.default\">\n\t\t\t\t<div class=\"elementor-widget-container\">\n\t\t\t<h2 class=\"elementor-heading-title elementor-size-default\">Remboursement<\/h2>\t\t<\/div>\n\t\t\t\t<\/div>\n\t\t\t\t<div class=\"elementor-element elementor-element-1d0d6b3 elementor-widget elementor-widget-text-editor\" data-id=\"1d0d6b3\" data-element_type=\"widget\" data-widget_type=\"text-editor.default\">\n\t\t\t\t<div class=\"elementor-widget-container\">\n\t\t\t\t\t\t\tTous les articles achet\u00e9s et ont quitt\u00e9 l&#039;entreprise, mais en raison de certaines activit\u00e9s bidons, ils ont \u00e9t\u00e9 renvoy\u00e9s \u00e0 l&#039;entreprise sous forme de r\u00e9trofacturation, ceux-ci seront soigneusement et l\u00e9galement d\u00e9pos\u00e9s aupr\u00e8s de votre autorit\u00e9 locale, et la loi suivra tout son cours si elle est reconnue coupable . \t\t\t\t\t\t<\/div>\n\t\t\t\t<\/div>\n\t\t\t\t<div class=\"elementor-element elementor-element-0300983 elementor-widget elementor-widget-text-editor\" data-id=\"0300983\" data-element_type=\"widget\" data-widget_type=\"text-editor.default\">\n\t\t\t\t<div class=\"elementor-widget-container\">\n\t\t\t\t\t\t\t<p>En achetant l&#039;un de nos articles sur renodoll.com, vous consentez au fait que; vous ne ferez pas de poursuite l\u00e9gale de toute forme ou demande de remboursement sur tout produit que le paiement a \u00e9t\u00e9 effectu\u00e9 avec votre argent en plastique\/carte de cr\u00e9dit sur renodoll.com.<\/p>\t\t\t\t\t\t<\/div>\n\t\t\t\t<\/div>\n\t\t\t\t<div class=\"elementor-element elementor-element-92ba549 elementor-widget elementor-widget-text-editor\" data-id=\"92ba549\" data-element_type=\"widget\" data-widget_type=\"text-editor.default\">\n\t\t\t\t<div class=\"elementor-widget-container\">\n\t\t\t\t\t\t\t<p>Sans faire un effort conscient, pour nous informer de toute difficult\u00e9 rencontr\u00e9e et \u00e9galement pour donner \u00e0 l&#039;organisation un d\u00e9lai raisonnable pour la r\u00e9soudre, renodoll.com consid\u00e8re une demande de remboursement de paiement ou de r\u00e9trofacturation comme un acte frauduleux.<\/p>\t\t\t\t\t\t<\/div>\n\t\t\t\t<\/div>\n\t\t\t\t<div class=\"elementor-element elementor-element-f9ca80d elementor-widget elementor-widget-text-editor\" data-id=\"f9ca80d\" data-element_type=\"widget\" data-widget_type=\"text-editor.default\">\n\t\t\t\t<div class=\"elementor-widget-container\">\n\t\t\t\t\t\t\tTout acte visant \u00e0 frauder l&#039;organisation en utilisant une fausse monnaie\/carte de cr\u00e9dit en plastique pour effectuer un paiement apr\u00e8s l&#039;achat d&#039;un article ne sera pas tol\u00e9r\u00e9. Toute transaction ill\u00e9gale par un client entra\u00eenant une dette ou une perte pour l&#039;entreprise sera soumise \u00e0 l&#039;ensemble du cours de la loi, qu&#039;il s&#039;agisse d&#039;affaires, de frais de recherche ou de paiement l\u00e9gal, y compris le temps libre du personnel.\t\t\t\t\t\t<\/div>\n\t\t\t\t<\/div>\n\t\t\t\t<div class=\"elementor-element elementor-element-0647a6a elementor-widget elementor-widget-text-editor\" data-id=\"0647a6a\" data-element_type=\"widget\" data-widget_type=\"text-editor.default\">\n\t\t\t\t<div class=\"elementor-widget-container\">\n\t\t\t\t\t\t\tChaque remboursement demand\u00e9 par un client g\u00eane notre personnel car il interf\u00e8re avec nos activit\u00e9s commerciales r\u00e9guli\u00e8res et retire \u00e9galement de l&#039;argent du porte-monnaie de l&#039;entreprise \u00e0 cet \u00e9gard\u00a0:\t\t\t\t\t\t<\/div>\n\t\t\t\t<\/div>\n\t\t\t\t<div class=\"elementor-element elementor-element-25f164f elementor-widget elementor-widget-text-editor\" data-id=\"25f164f\" data-element_type=\"widget\" data-widget_type=\"text-editor.default\">\n\t\t\t\t<div class=\"elementor-widget-container\">\n\t\t\t\t\t\t\t<p>Devrait-il y avoir un achat de nos poup\u00e9es sexuelles r\u00e9alistes par un client de renodoll.com, et dans ce processus, encourir des dommages sur le produit et, en m\u00eame temps, accuser l&#039;entreprise d&#039;aller en justice ou exiger un remboursement d&#039;argent avec votre argent en plastique \/soci\u00e9t\u00e9 de carte de cr\u00e9dit, sur un \u00e9tat de fait qui viole nos termes et conditions, auquel vous avez initialement consenti au moment o\u00f9 vous avez pass\u00e9 la commande, ou ne pas informer la soci\u00e9t\u00e9 \u00e0 temps et ne pas faire preuve de patience pour que la soci\u00e9t\u00e9 accepte, confirmer et faire une enqu\u00eate ad\u00e9quate pour obtenir des commentaires, alors ce client perd et ne recevra pas de remboursement.<\/p>\t\t\t\t\t\t<\/div>\n\t\t\t\t<\/div>\n\t\t\t\t<div class=\"elementor-element elementor-element-3356070 elementor-widget elementor-widget-text-editor\" data-id=\"3356070\" data-element_type=\"widget\" data-widget_type=\"text-editor.default\">\n\t\t\t\t<div class=\"elementor-widget-container\">\n\t\t\t\t\t\t\t<p>Mais dans une situation o\u00f9 un client remporte l&#039;affaire de remboursement\/paiement avec sa compagnie d&#039;argent plastique\/de carte de cr\u00e9dit, renodoll.com tentera de r\u00e9cup\u00e9rer chaque pr\u00e9l\u00e8vement faussement argument\u00e9, y compris un co\u00fbt suppl\u00e9mentaire pour l&#039;agent de la personne. Les donn\u00e9es biographiques comprendront leur nom complet, leur adresse e-mail, la date de commande du produit, le montant du produit, l&#039;adresse IP, l&#039;adresse du domicile et le num\u00e9ro de t\u00e9l\u00e9phone portable.<\/p>\t\t\t\t\t\t<\/div>\n\t\t\t\t<\/div>\n\t\t\t\t\t<\/div>\n\t\t<\/div>\n\t\t\t\t\t\t\t<\/div>\n\t\t<\/section>\n\t\t\t\t\t\t\t<\/div>","protected":false},"excerpt":{"rendered":"<p>Avertissement Ce qui est contenu dans ce site est principalement destin\u00e9 \u00e0 l&#039;excitation et \u00e0 la satisfaction sexuelles, et il n&#039;est destin\u00e9 qu&#039;aux personnes de 18 ans et plus. Avant de vous connecter \u00e0 notre site, vous devez accepter les conditions suivantes : Les adultes de 18 ans et plus renodoll.com ne peuvent pas et n&#039;interdiront jamais aux mineurs de consulter le site. Il est de la seule responsabilit\u00e9 des parents et tuteurs de superviser les activit\u00e9s des enfants et des adolescents sur le mat\u00e9riel appropri\u00e9 mis \u00e0 leur disposition. RenoDoll n&#039;acceptera que les achats effectu\u00e9s par un adulte de 18 ans et plus. droits d&#039;auteur<\/p>","protected":false},"author":1,"featured_media":0,"parent":0,"menu_order":0,"comment_status":"closed","ping_status":"closed","template":"","meta":{"footnotes":""},"class_list":["post-5157","page","type-page","status-publish","hentry"],"aioseo_notices":[],"_links":{"self":[{"href":"https:\/\/renodoll.com\/fr\/wp-json\/wp\/v2\/pages\/5157","targetHints":{"allow":["GET"]}}],"collection":[{"href":"https:\/\/renodoll.com\/fr\/wp-json\/wp\/v2\/pages"}],"about":[{"href":"https:\/\/renodoll.com\/fr\/wp-json\/wp\/v2\/types\/page"}],"author":[{"embeddable":true,"href":"https:\/\/renodoll.com\/fr\/wp-json\/wp\/v2\/users\/1"}],"replies":[{"embeddable":true,"href":"https:\/\/renodoll.com\/fr\/wp-json\/wp\/v2\/comments?post=5157"}],"version-history":[{"count":31,"href":"https:\/\/renodoll.com\/fr\/wp-json\/wp\/v2\/pages\/5157\/revisions"}],"predecessor-version":[{"id":14623,"href":"https:\/\/renodoll.com\/fr\/wp-json\/wp\/v2\/pages\/5157\/revisions\/14623"}],"wp:attachment":[{"href":"https:\/\/renodoll.com\/fr\/wp-json\/wp\/v2\/media?parent=5157"}],"curies":[{"name":"wp","href":"https:\/\/api.w.org\/{rel}","templated":true}]}}