{"id":5458,"date":"2023-02-22T19:06:10","date_gmt":"2023-02-22T11:06:10","guid":{"rendered":"https:\/\/renodoll.com\/?page_id=5458"},"modified":"2023-03-29T17:03:19","modified_gmt":"2023-03-29T09:03:19","slug":"freckles","status":"publish","type":"page","link":"https:\/\/renodoll.com\/fi\/pisamia\/","title":{"rendered":"Pisamimaalaus"},"content":{"rendered":"<div data-elementor-type=\"wp-page\" data-elementor-id=\"5458\" class=\"elementor elementor-5458\">\n\t\t\t\t\t\t\t\t\t<section class=\"elementor-section elementor-top-section elementor-element elementor-element-829a5bf elementor-section-boxed elementor-section-height-default elementor-section-height-default\" data-id=\"829a5bf\" data-element_type=\"section\">\n\t\t\t\t\t\t<div class=\"elementor-container elementor-column-gap-default\">\n\t\t\t\t\t<div class=\"elementor-column elementor-col-50 elementor-top-column elementor-element elementor-element-f3c1b7c page-content-text\" data-id=\"f3c1b7c\" data-element_type=\"column\">\n\t\t\t<div class=\"elementor-widget-wrap elementor-element-populated\">\n\t\t\t\t\t\t\t\t<div class=\"elementor-element elementor-element-445fe14 elementor-invisible elementor-widget elementor-widget-heading\" data-id=\"445fe14\" data-element_type=\"widget\" data-settings=\"{&quot;_animation&quot;:&quot;fadeInUp&quot;}\" data-widget_type=\"heading.default\">\n\t\t\t\t<div class=\"elementor-widget-container\">\n\t\t\t<style>\/*! elementor - v3.10.2 - 29-01-2023 *\/\n.elementor-heading-title{padding:0;margin:0;line-height:1}.elementor-widget-heading .elementor-heading-title[class*=elementor-size-]>a{color:inherit;font-size:inherit;line-height:inherit}.elementor-widget-heading .elementor-heading-title.elementor-size-small{font-size:15px}.elementor-widget-heading .elementor-heading-title.elementor-size-medium{font-size:19px}.elementor-widget-heading .elementor-heading-title.elementor-size-large{font-size:29px}.elementor-widget-heading .elementor-heading-title.elementor-size-xl{font-size:39px}.elementor-widget-heading .elementor-heading-title.elementor-size-xxl{font-size:59px}<\/style><h2 class=\"elementor-heading-title elementor-size-default\">Pisamia \/ Pigmentaatio<\/h2>\t\t<\/div>\n\t\t\t\t<\/div>\n\t\t\t\t<div class=\"elementor-element elementor-element-2f50bad elementor-widget elementor-widget-text-editor\" data-id=\"2f50bad\" data-element_type=\"widget\" data-widget_type=\"text-editor.default\">\n\t\t\t\t<div class=\"elementor-widget-container\">\n\t\t\t<style>\/*! elementor - v3.10.2 - 29-01-2023 *\/\n.elementor-widget-text-editor.elementor-drop-cap-view-stacked .elementor-drop-cap{background-color:#818a91;color:#fff}.elementor-widget-text-editor.elementor-drop-cap-view-framed .elementor-drop-cap{color:#818a91;border:3px solid;background-color:transparent}.elementor-widget-text-editor:not(.elementor-drop-cap-view-default) .elementor-drop-cap{margin-top:8px}.elementor-widget-text-editor:not(.elementor-drop-cap-view-default) .elementor-drop-cap-letter{width:1em;height:1em}.elementor-widget-text-editor .elementor-drop-cap{float:left;text-align:center;line-height:1;font-size:50px}.elementor-widget-text-editor .elementor-drop-cap-letter{display:inline-block}<\/style>\t\t\t\t<p>Suutele sit\u00e4 todellista pisamia, joka on levinnyt tytt\u00f6si s\u00f6p\u00f6ille kasvoille. Alueet, joihin aurinko luonnollisesti vaikuttaa eniten, ovat pigmentin peitossa; nen\u00e4, posket ja otsa.<\/p>\t\t\t\t\t\t<\/div>\n\t\t\t\t<\/div>\n\t\t\t\t<div class=\"elementor-element elementor-element-7b009cf elementor-widget elementor-widget-text-editor\" data-id=\"7b009cf\" data-element_type=\"widget\" data-widget_type=\"text-editor.default\">\n\t\t\t\t<div class=\"elementor-widget-container\">\n\t\t\t\t\t\t\t<p>T\u00e4m\u00e4 pisama on yksi seksinukkesi mukana tulevista muokattavissa olevista vaihtoehdoista, ja asiantunteva meikkitaiteilija k\u00e4sittelee sit\u00e4 Jinsanissa.<\/p>\t\t\t\t\t\t<\/div>\n\t\t\t\t<\/div>\n\t\t\t\t<div class=\"elementor-element elementor-element-d24a218 elementor-widget elementor-widget-text-editor\" data-id=\"d24a218\" data-element_type=\"widget\" data-widget_type=\"text-editor.default\">\n\t\t\t\t<div class=\"elementor-widget-container\">\n\t\t\t\t\t\t\tN\u00e4m\u00e4 pisamiat ovat kuitenkin puolipysyvi\u00e4. Seksinukkesi mukana tuleva vartalomaalaus, vartalomeikki ja kasvojen meikki ovat puolipysyvi\u00e4 ja pyyhit\u00e4\u00e4n pois jonkin ajan kuluttua k\u00e4yt\u00f6n ja puhdistuksen vuoksi. Nuken meikki voidaan poistaa v\u00e4litt\u00f6m\u00e4sti meikinpoistolla tai mineraali\u00f6ljyll\u00e4; t\u00e4ss\u00e4 tapauksessa on viisasta varmistaa, ett\u00e4 seksinukkesi s\u00e4ilytt\u00e4\u00e4 ulkon\u00e4\u00f6n. Puhdista seksinukkesi vain hyv\u00e4ksytyll\u00e4 TPE-puhdistusaineella.\n\t\t\t\t\t\t<\/div>\n\t\t\t\t<\/div>\n\t\t\t\t<div class=\"elementor-element elementor-element-9f505e9 elementor-widget elementor-widget-text-editor\" data-id=\"9f505e9\" data-element_type=\"widget\" data-widget_type=\"text-editor.default\">\n\t\t\t\t<div class=\"elementor-widget-container\">\n\t\t\t\t\t\t\tRakkausnukkesi n\u00e4ytt\u00e4\u00e4 aidolta ja luonnollisemmalta pisamioiden kanssa. Ei vain punap\u00e4\u00e4 sukupuoli nuket ovat oikeutettuja pisamia; rakkausnukkesi voi olla blondi tai ruskeaverikk\u00f6 ja silti pisamia ylim\u00e4\u00e4r\u00e4isen\u00e4 kauneusyksityiskohtana vartalossaan. Nukkejen yksityiskohdat saavat enemm\u00e4n helpotusta n\u00e4ist\u00e4 pisamioista; se n\u00e4ytt\u00e4\u00e4 niin upealta. \n\t\t\t\t\t\t<\/div>\n\t\t\t\t<\/div>\n\t\t\t\t<div class=\"elementor-element elementor-element-75d035e elementor-widget elementor-widget-text-editor\" data-id=\"75d035e\" data-element_type=\"widget\" data-widget_type=\"text-editor.default\">\n\t\t\t\t<div class=\"elementor-widget-container\">\n\t\t\t\t\t\t\tN\u00e4m\u00e4 pisamia tehd\u00e4\u00e4n erityisen huolellisesti siveltimell\u00e4, useissa maalikerroksissa, ja ne voivat olla niin tiheit\u00e4 tai n\u00e4kyvi\u00e4 kuin halutaan. Sill\u00e4 ei ole v\u00e4li\u00e4, onko kyseess\u00e4 pieni\u00e4 ja herkki\u00e4 t\u00e4pli\u00e4 nen\u00e4ss\u00e4 tai todellisia pisamia suuremmilla alueilla; saat mit\u00e4 haluat.\n\t\t\t\t\t\t<\/div>\n\t\t\t\t<\/div>\n\t\t\t\t<div class=\"elementor-element elementor-element-4c9dc49 elementor-widget elementor-widget-text-editor\" data-id=\"4c9dc49\" data-element_type=\"widget\" data-widget_type=\"text-editor.default\">\n\t\t\t\t<div class=\"elementor-widget-container\">\n\t\t\t\t\t\t\tPisamia voidaan levitt\u00e4\u00e4 kehon eri osiin; se voi olla kasvot, posket, nen\u00e4, aivan k\u00e4sivarren yl\u00e4puolella, yl\u00e4selk\u00e4, olkap\u00e4\u00e4 tai dekoltee. Hintaa ei kuitenkaan voi antaa varmuudella, koska sen tiheys ja kuinka monta aluetta haluaisit.\n\t\t\t\t\t\t<\/div>\n\t\t\t\t<\/div>\n\t\t\t\t<div class=\"elementor-element elementor-element-6f7a4a4 elementor-widget elementor-widget-text-editor\" data-id=\"6f7a4a4\" data-element_type=\"widget\" data-widget_type=\"text-editor.default\">\n\t\t\t\t<div class=\"elementor-widget-container\">\n\t\t\t\t\t\t\tKatso t\u00e4\u00e4lt\u00e4, millaisia pisamia voimme levitt\u00e4\u00e4 seksinukkeisi.\t\t\t\t\t\t<\/div>\n\t\t\t\t<\/div>\n\t\t\t\t\t<\/div>\n\t\t<\/div>\n\t\t\t\t<div class=\"elementor-column elementor-col-50 elementor-top-column elementor-element elementor-element-0648baa\" data-id=\"0648baa\" data-element_type=\"column\">\n\t\t\t<div class=\"elementor-widget-wrap elementor-element-populated\">\n\t\t\t\t\t\t\t\t<div class=\"elementor-element elementor-element-d265377 elementor-widget elementor-widget-image\" data-id=\"d265377\" data-element_type=\"widget\" data-widget_type=\"image.default\">\n\t\t\t\t<div class=\"elementor-widget-container\">\n\t\t\t<style>\/*! elementor - v3.10.2 - 29-01-2023 *\/\n.elementor-widget-image{text-align:center}.elementor-widget-image a{display:inline-block}.elementor-widget-image a img[src$=\".svg\"]{width:48px}.elementor-widget-image img{vertical-align:middle;display:inline-block}<\/style>\t\t\t\t\t\t\t\t\t\t\t\t<img loading=\"lazy\" decoding=\"async\" width=\"683\" height=\"1024\" src=\"https:\/\/renodoll.com\/wp-content\/uploads\/2023\/03\/kb-freckles-683x1024.jpg\" class=\"attachment-large size-large wp-image-14261\" alt=\"\" srcset=\"https:\/\/renodoll.com\/wp-content\/uploads\/2023\/03\/kb-freckles-683x1024.jpg 683w, https:\/\/renodoll.com\/wp-content\/uploads\/2023\/03\/kb-freckles-200x300.jpg 200w, https:\/\/renodoll.com\/wp-content\/uploads\/2023\/03\/kb-freckles-768x1152.jpg 768w, https:\/\/renodoll.com\/wp-content\/uploads\/2023\/03\/kb-freckles-1024x1536.jpg 1024w, https:\/\/renodoll.com\/wp-content\/uploads\/2023\/03\/kb-freckles-1365x2048.jpg 1365w, https:\/\/renodoll.com\/wp-content\/uploads\/2023\/03\/kb-freckles-8x12.jpg 8w, https:\/\/renodoll.com\/wp-content\/uploads\/2023\/03\/kb-freckles-67x100.jpg 67w, https:\/\/renodoll.com\/wp-content\/uploads\/2023\/03\/kb-freckles-300x450.jpg 300w, https:\/\/renodoll.com\/wp-content\/uploads\/2023\/03\/kb-freckles-600x900.jpg 600w, https:\/\/renodoll.com\/wp-content\/uploads\/2023\/03\/kb-freckles-7x10.jpg 7w, https:\/\/renodoll.com\/wp-content\/uploads\/2023\/03\/kb-freckles.jpg 1500w\" sizes=\"auto, (max-width: 683px) 100vw, 683px\" \/>\t\t\t\t\t\t\t\t\t\t\t\t\t\t\t<\/div>\n\t\t\t\t<\/div>\n\t\t\t\t\t<\/div>\n\t\t<\/div>\n\t\t\t\t\t\t\t<\/div>\n\t\t<\/section>\n\t\t\t\t\t\t\t<\/div>","protected":false},"excerpt":{"rendered":"<p>Freckles \/ Pigmentation Kiss that real freckle spread on your girl&#8217;s cute face. The areas which are naturally mostly affected by the sun are the ones covered in pigmentation; nose, cheeks, and forehead. This freckle is one of the customizable options that come with your sex doll, and an expert makeup artist is handling it at Jinsan. However, these freckles are semi-permanent. Whatever body painting, body makeup, and makeup of the face that comes with your sex doll is semi-permanent and will wipe off after some period due to usage and cleaning. Makeup on your doll can be removed immediately<\/p>","protected":false},"author":1,"featured_media":0,"parent":0,"menu_order":0,"comment_status":"closed","ping_status":"closed","template":"","meta":{"footnotes":""},"class_list":["post-5458","page","type-page","status-publish","hentry"],"aioseo_notices":[],"_links":{"self":[{"href":"https:\/\/renodoll.com\/fi\/wp-json\/wp\/v2\/pages\/5458","targetHints":{"allow":["GET"]}}],"collection":[{"href":"https:\/\/renodoll.com\/fi\/wp-json\/wp\/v2\/pages"}],"about":[{"href":"https:\/\/renodoll.com\/fi\/wp-json\/wp\/v2\/types\/page"}],"author":[{"embeddable":true,"href":"https:\/\/renodoll.com\/fi\/wp-json\/wp\/v2\/users\/1"}],"replies":[{"embeddable":true,"href":"https:\/\/renodoll.com\/fi\/wp-json\/wp\/v2\/comments?post=5458"}],"version-history":[{"count":26,"href":"https:\/\/renodoll.com\/fi\/wp-json\/wp\/v2\/pages\/5458\/revisions"}],"predecessor-version":[{"id":14266,"href":"https:\/\/renodoll.com\/fi\/wp-json\/wp\/v2\/pages\/5458\/revisions\/14266"}],"wp:attachment":[{"href":"https:\/\/renodoll.com\/fi\/wp-json\/wp\/v2\/media?parent=5458"}],"curies":[{"name":"wp","href":"https:\/\/api.w.org\/{rel}","templated":true}]}}