{"id":5446,"date":"2023-02-22T18:57:12","date_gmt":"2023-02-22T10:57:12","guid":{"rendered":"https:\/\/renodoll.com\/?page_id=5446"},"modified":"2023-03-29T16:46:47","modified_gmt":"2023-03-29T08:46:47","slug":"articulated-finger","status":"publish","type":"page","link":"https:\/\/renodoll.com\/fi\/nivelletty-sormi\/","title":{"rendered":"Nivelletty sormi"},"content":{"rendered":"<div data-elementor-type=\"wp-page\" data-elementor-id=\"5446\" class=\"elementor elementor-5446\">\n\t\t\t\t\t\t\t\t\t<section class=\"elementor-section elementor-top-section elementor-element elementor-element-19ce2b8 elementor-section-boxed elementor-section-height-default elementor-section-height-default\" data-id=\"19ce2b8\" data-element_type=\"section\">\n\t\t\t\t\t\t<div class=\"elementor-container elementor-column-gap-default\">\n\t\t\t\t\t<div class=\"elementor-column elementor-col-100 elementor-top-column elementor-element elementor-element-f3c1b7c page-content-text\" data-id=\"f3c1b7c\" data-element_type=\"column\">\n\t\t\t<div class=\"elementor-widget-wrap elementor-element-populated\">\n\t\t\t\t\t\t\t\t<section class=\"elementor-section elementor-inner-section elementor-element elementor-element-fd7ff6a elementor-section-boxed elementor-section-height-default elementor-section-height-default\" data-id=\"fd7ff6a\" data-element_type=\"section\">\n\t\t\t\t\t\t<div class=\"elementor-container elementor-column-gap-default\">\n\t\t\t\t\t<div class=\"elementor-column elementor-col-50 elementor-inner-column elementor-element elementor-element-4194eef\" data-id=\"4194eef\" data-element_type=\"column\">\n\t\t\t<div class=\"elementor-widget-wrap elementor-element-populated\">\n\t\t\t\t\t\t\t\t<div class=\"elementor-element elementor-element-445fe14 elementor-invisible elementor-widget elementor-widget-heading\" data-id=\"445fe14\" data-element_type=\"widget\" data-settings=\"{&quot;_animation&quot;:&quot;fadeInUp&quot;}\" data-widget_type=\"heading.default\">\n\t\t\t\t<div class=\"elementor-widget-container\">\n\t\t\t<style>\/*! elementor - v3.10.2 - 29-01-2023 *\/\n.elementor-heading-title{padding:0;margin:0;line-height:1}.elementor-widget-heading .elementor-heading-title[class*=elementor-size-]>a{color:inherit;font-size:inherit;line-height:inherit}.elementor-widget-heading .elementor-heading-title.elementor-size-small{font-size:15px}.elementor-widget-heading .elementor-heading-title.elementor-size-medium{font-size:19px}.elementor-widget-heading .elementor-heading-title.elementor-size-large{font-size:29px}.elementor-widget-heading .elementor-heading-title.elementor-size-xl{font-size:39px}.elementor-widget-heading .elementor-heading-title.elementor-size-xxl{font-size:59px}<\/style><h2 class=\"elementor-heading-title elementor-size-default\">Sormi<\/h2>\t\t<\/div>\n\t\t\t\t<\/div>\n\t\t\t\t<div class=\"elementor-element elementor-element-2f50bad elementor-widget elementor-widget-text-editor\" data-id=\"2f50bad\" data-element_type=\"widget\" data-widget_type=\"text-editor.default\">\n\t\t\t\t<div class=\"elementor-widget-container\">\n\t\t\t<style>\/*! elementor - v3.10.2 - 29-01-2023 *\/\n.elementor-widget-text-editor.elementor-drop-cap-view-stacked .elementor-drop-cap{background-color:#818a91;color:#fff}.elementor-widget-text-editor.elementor-drop-cap-view-framed .elementor-drop-cap{color:#818a91;border:3px solid;background-color:transparent}.elementor-widget-text-editor:not(.elementor-drop-cap-view-default) .elementor-drop-cap{margin-top:8px}.elementor-widget-text-editor:not(.elementor-drop-cap-view-default) .elementor-drop-cap-letter{width:1em;height:1em}.elementor-widget-text-editor .elementor-drop-cap{float:left;text-align:center;line-height:1;font-size:50px}.elementor-widget-text-editor .elementor-drop-cap-letter{display:inline-block}<\/style>\t\t\t\t<p>Ei aivan kauan, Irontech ilmoitti julkaisevansa uudet nivelletyt k\u00e4det ja sormet seksinukkeilleen ja liittyi YL Dollin ja WMDollin joukkoon kolmanneksi TPE-seksinukkebr\u00e4ndiksi tarjotakseen p\u00e4ivityksen seksinuken sormeen.<\/p>\t\t\t\t\t\t<\/div>\n\t\t\t\t<\/div>\n\t\t\t\t<div class=\"elementor-element elementor-element-7b009cf elementor-widget elementor-widget-text-editor\" data-id=\"7b009cf\" data-element_type=\"widget\" data-widget_type=\"text-editor.default\">\n\t\t\t\t<div class=\"elementor-widget-container\">\n\t\t\t\t\t\t\tT\u00e4st\u00e4 uudesta seksinukkeominaisuudesta on tullut trendi seksinukketeollisuudessa, ja t\u00e4m\u00e4 on seksinukkeyhteis\u00f6n kannalta miellytt\u00e4v\u00e4 trendi, koska suurin osa n\u00e4ist\u00e4 todellisista nukenomistajista ei pid\u00e4 vanhoista sormista, jotka ovat hauraita ja langallisia.\n\t\t\t\t\t\t<\/div>\n\t\t\t\t<\/div>\n\t\t\t\t<div class=\"elementor-element elementor-element-d24a218 elementor-widget elementor-widget-text-editor\" data-id=\"d24a218\" data-element_type=\"widget\" data-widget_type=\"text-editor.default\">\n\t\t\t\t<div class=\"elementor-widget-container\">\n\t\t\t\t\t\t\t<p>Irontechin ilmoittama nivelletty sormip\u00e4ivitys on aivan sama kuin WM:n. Seksinuken metallinen k\u00e4sirunko on saranoitu, ja se on my\u00f6s p\u00e4\u00e4llystetty valkoisella pinnoitteella sormen ihon vaurioitumisen est\u00e4miseksi. N\u00e4ill\u00e4 nukkesarjoilla voidaan helposti luoda realistisia asennuksia k\u00e4den ja sormen kanssa ilman, ett\u00e4 johtojen t\u00e4ytyy kulkea TPE:n l\u00e4pi.<\/p>\t\t\t\t\t\t<\/div>\n\t\t\t\t<\/div>\n\t\t\t\t\t<\/div>\n\t\t<\/div>\n\t\t\t\t<div class=\"elementor-column elementor-col-50 elementor-inner-column elementor-element elementor-element-df10d16\" data-id=\"df10d16\" data-element_type=\"column\">\n\t\t\t<div class=\"elementor-widget-wrap elementor-element-populated\">\n\t\t\t\t\t\t\t\t<div class=\"elementor-element elementor-element-2fef030 elementor-aspect-ratio-169 elementor-widget elementor-widget-video\" data-id=\"2fef030\" data-element_type=\"widget\" data-settings=\"{&quot;video_type&quot;:&quot;hosted&quot;,&quot;autoplay&quot;:&quot;yes&quot;,&quot;play_on_mobile&quot;:&quot;yes&quot;,&quot;loop&quot;:&quot;yes&quot;,&quot;controls&quot;:&quot;yes&quot;,&quot;aspect_ratio&quot;:&quot;169&quot;}\" data-widget_type=\"video.default\">\n\t\t\t\t<div class=\"elementor-widget-container\">\n\t\t\t<style>\/*! elementor - v3.10.2 - 29-01-2023 *\/\n.elementor-widget-video .elementor-widget-container{overflow:hidden;transform:translateZ(0)}.elementor-widget-video .elementor-open-inline .elementor-custom-embed-image-overlay{position:absolute;top:0;left:0;width:100%;height:100%;background-size:cover;background-position:50%}.elementor-widget-video .elementor-custom-embed-image-overlay{cursor:pointer;text-align:center}.elementor-widget-video .elementor-custom-embed-image-overlay:hover .elementor-custom-embed-play i{opacity:1}.elementor-widget-video .elementor-custom-embed-image-overlay img{display:block;width:100%}.elementor-widget-video .e-hosted-video .elementor-video{-o-object-fit:cover;object-fit:cover}.e-con-inner>.elementor-widget-video,.e-con>.elementor-widget-video{width:var(--container-widget-width);--flex-grow:var(--container-widget-flex-grow)}<\/style>\t\t<div class=\"e-hosted-video elementor-wrapper elementor-fit-aspect-ratio elementor-open-inline\">\n\t\t\t\t\t<video class=\"elementor-video\" src=\"http:\/\/renodoll.com\/wp-content\/uploads\/2023\/03\/kb-finger.mp4\" autoplay=\"\" loop=\"\" controls=\"\" playsinline=\"\" controlslist=\"nodownload\"><\/video>\n\t\t\t\t<\/div>\n\t\t\t\t<\/div>\n\t\t\t\t<\/div>\n\t\t\t\t\t<\/div>\n\t\t<\/div>\n\t\t\t\t\t\t\t<\/div>\n\t\t<\/section>\n\t\t\t\t<div class=\"elementor-element elementor-element-9f505e9 elementor-widget elementor-widget-text-editor\" data-id=\"9f505e9\" data-element_type=\"widget\" data-widget_type=\"text-editor.default\">\n\t\t\t\t<div class=\"elementor-widget-container\">\n\t\t\t\t\t\t\tSe saattoi vied\u00e4 kauan, mutta nivelletty sormi ja k\u00e4si on iloinen uutinen seksinukkeyhteis\u00f6lle. Jos t\u00e4m\u00e4 ominaisuus miellytt\u00e4\u00e4 sinua, \u00e4l\u00e4 unohda lis\u00e4t\u00e4 sit\u00e4 tilaukseesi. \n\t\t\t\t\t\t<\/div>\n\t\t\t\t<\/div>\n\t\t\t\t<div class=\"elementor-element elementor-element-75d035e elementor-widget elementor-widget-text-editor\" data-id=\"75d035e\" data-element_type=\"widget\" data-widget_type=\"text-editor.default\">\n\t\t\t\t<div class=\"elementor-widget-container\">\n\t\t\t\t\t\t\tOletko kyll\u00e4stynyt siihen, ett\u00e4 seksinukkesi sormea ohjaa sis\u00e4inen metallilanka? Haluaisitko seksinukellesi joustavamman sormen? Sitten t\u00e4m\u00e4 uuden ja nivelletyn sormen uusi ominaisuus on p\u00e4ivitys, jota sinun on harkittava.\t\t\t\t\t\t<\/div>\n\t\t\t\t<\/div>\n\t\t\t\t<div class=\"elementor-element elementor-element-4c9dc49 elementor-widget elementor-widget-text-editor\" data-id=\"4c9dc49\" data-element_type=\"widget\" data-widget_type=\"text-editor.default\">\n\t\t\t\t<div class=\"elementor-widget-container\">\n\t\t\t\t\t\t\t<p>On ilo kertoa teille, ett\u00e4 WMDoll-tehdas on alkanut valmistaa t\u00e4ysikokoisia seksinukkejaan nivelletyll\u00e4 sormip\u00e4ivityksell\u00e4, joka on hiljattain kehitetty luurankok\u00e4si.<\/p>\t\t\t\t\t\t<\/div>\n\t\t\t\t<\/div>\n\t\t\t\t<div class=\"elementor-element elementor-element-6f7a4a4 elementor-widget elementor-widget-text-editor\" data-id=\"6f7a4a4\" data-element_type=\"widget\" data-widget_type=\"text-editor.default\">\n\t\t\t\t<div class=\"elementor-widget-container\">\n\t\t\t\t\t\t\tT\u00e4m\u00e4 uusi nivelletty sormiominaisuus on suunniteltu huolellisesti, ja siin\u00e4 on tukevat metalliliitokset ja py\u00f6ristetyt k\u00e4rjet, jotka est\u00e4v\u00e4t sormen ihon helposti puhkaisemasta. Paras osa t\u00e4t\u00e4; T\u00e4m\u00e4n uuden ominaisuuden avulla seksinukke voi kopioida monia k\u00e4sieleit\u00e4, joita vanha langallinen sormi ei voi tehd\u00e4. T\u00e4m\u00e4 on fantastinen p\u00e4ivitys erityisesti seksinukkejen yst\u00e4ville.\n\t\t\t\t\t\t<\/div>\n\t\t\t\t<\/div>\n\t\t\t\t<div class=\"elementor-element elementor-element-e390632 elementor-widget elementor-widget-text-editor\" data-id=\"e390632\" data-element_type=\"widget\" data-widget_type=\"text-editor.default\">\n\t\t\t\t<div class=\"elementor-widget-container\">\n\t\t\t\t\t\t\tKatso alla oleva video n\u00e4hd\u00e4ksesi, kuinka t\u00e4m\u00e4 uusi ominaisuus toimii.\t\t\t\t\t\t<\/div>\n\t\t\t\t<\/div>\n\t\t\t\t<div class=\"elementor-element elementor-element-e28a12e elementor-invisible elementor-widget elementor-widget-heading\" data-id=\"e28a12e\" data-element_type=\"widget\" data-settings=\"{&quot;_animation&quot;:&quot;fadeInUp&quot;}\" data-widget_type=\"heading.default\">\n\t\t\t\t<div class=\"elementor-widget-container\">\n\t\t\t<h2 class=\"elementor-heading-title elementor-size-default\">Pit\u00e4\u00e4 mieless\u00e4 :<\/h2>\t\t<\/div>\n\t\t\t\t<\/div>\n\t\t\t\t<div class=\"elementor-element elementor-element-ac5f65c elementor-widget elementor-widget-html\" data-id=\"ac5f65c\" data-element_type=\"widget\" data-widget_type=\"html.default\">\n\t\t\t\t<div class=\"elementor-widget-container\">\n\t\t\t<ol class=\"number_list_type\"><li>Vain WMDoll ja YL Dolls tarjoavat t\u00e4m\u00e4n uuden ominaisuuden.<\/li>\n<li>T\u00e4m\u00e4 j\u00e4nnitt\u00e4v\u00e4 uusi ominaisuus on saatavilla vain TPE-nukkeille, jotka ovat yli 140 cm pitki\u00e4.\n<\/li>\n<li>Sit\u00e4 ei voi k\u00e4ytt\u00e4\u00e4 vanhojen WMdollien kanssa, muuttaa tai p\u00e4ivitt\u00e4\u00e4.<\/li>\n<li>Se on valmistettu metallista, ei kuparilangasta.<\/li>\n<li>Nivelletyt sormet eiv\u00e4t voi sotkeutua.\n<\/li>\n<li>Nivelletyn sormen liikealue on sama kuin vanhan lankasormen liikealue.<\/li>\n<li>T\u00e4m\u00e4 uusi ominaisuus mahdollistaa k\u00e4sien yl\u00f6s- ja alasp\u00e4in liikkumisen sek\u00e4 kyyn\u00e4rvarren sis\u00e4isen ja ulkoisen py\u00f6rityksen.<\/li>\n<li>\n    K\u00e4den liikealue on l\u00e4hes 95% todellista ihmisen k\u00e4tt\u00e4, ja siksi k\u00e4den yl\u00f6s- ja alasp\u00e4in suuntautuva liike sek\u00e4 kyyn\u00e4rvarren sis\u00e4- ja ulkokierto ovat mahdollisia.\n<\/li>\n<\/ol>\t\t<\/div>\n\t\t\t\t<\/div>\n\t\t\t\t\t<\/div>\n\t\t<\/div>\n\t\t\t\t\t\t\t<\/div>\n\t\t<\/section>\n\t\t\t\t\t\t\t<\/div>","protected":false},"excerpt":{"rendered":"<p>Finger Ei aivan kauan, Irontech ilmoitti julkaisevansa uudet nivelletyt k\u00e4det ja sormet seksinukkeilleen ja liittyi YL Dollin ja WMDollin joukkoon kolmanneksi TPE-seksinukkebr\u00e4ndiksi tarjotakseen p\u00e4ivityksen seksinuken sormeen. T\u00e4st\u00e4 uudesta seksinukkeominaisuudesta on tullut trendi seksinukketeollisuudessa, ja t\u00e4m\u00e4 on seksinukkeyhteis\u00f6n kannalta miellytt\u00e4v\u00e4 trendi, koska suurin osa n\u00e4ist\u00e4 todellisista nukenomistajista ei pid\u00e4 vanhoista sormista, jotka ovat hauraita ja langallisia. Irontechin ilmoittama nivelletty sormip\u00e4ivitys on aivan sama kuin WM:n.<\/p>","protected":false},"author":1,"featured_media":0,"parent":0,"menu_order":0,"comment_status":"closed","ping_status":"closed","template":"","meta":{"footnotes":""},"class_list":["post-5446","page","type-page","status-publish","hentry"],"aioseo_notices":[],"_links":{"self":[{"href":"https:\/\/renodoll.com\/fi\/wp-json\/wp\/v2\/pages\/5446","targetHints":{"allow":["GET"]}}],"collection":[{"href":"https:\/\/renodoll.com\/fi\/wp-json\/wp\/v2\/pages"}],"about":[{"href":"https:\/\/renodoll.com\/fi\/wp-json\/wp\/v2\/types\/page"}],"author":[{"embeddable":true,"href":"https:\/\/renodoll.com\/fi\/wp-json\/wp\/v2\/users\/1"}],"replies":[{"embeddable":true,"href":"https:\/\/renodoll.com\/fi\/wp-json\/wp\/v2\/comments?post=5446"}],"version-history":[{"count":38,"href":"https:\/\/renodoll.com\/fi\/wp-json\/wp\/v2\/pages\/5446\/revisions"}],"predecessor-version":[{"id":14260,"href":"https:\/\/renodoll.com\/fi\/wp-json\/wp\/v2\/pages\/5446\/revisions\/14260"}],"wp:attachment":[{"href":"https:\/\/renodoll.com\/fi\/wp-json\/wp\/v2\/media?parent=5446"}],"curies":[{"name":"wp","href":"https:\/\/api.w.org\/{rel}","templated":true}]}}