{"id":5441,"date":"2023-02-22T18:54:21","date_gmt":"2023-02-22T10:54:21","guid":{"rendered":"https:\/\/renodoll.com\/?page_id=5441"},"modified":"2023-03-29T17:38:45","modified_gmt":"2023-03-29T09:38:45","slug":"evo-yoga-skeleton","status":"publish","type":"page","link":"https:\/\/renodoll.com\/fi\/evo-jooga-luuranko\/","title":{"rendered":"EVO Yoga Skeleton"},"content":{"rendered":"<div data-elementor-type=\"wp-page\" data-elementor-id=\"5441\" class=\"elementor elementor-5441\">\n\t\t\t\t\t\t\t\t\t<section class=\"elementor-section elementor-top-section elementor-element elementor-element-19ce2b8 elementor-section-boxed elementor-section-height-default elementor-section-height-default\" data-id=\"19ce2b8\" data-element_type=\"section\">\n\t\t\t\t\t\t<div class=\"elementor-container elementor-column-gap-default\">\n\t\t\t\t\t<div class=\"elementor-column elementor-col-100 elementor-top-column elementor-element elementor-element-f3c1b7c page-content-text\" data-id=\"f3c1b7c\" data-element_type=\"column\">\n\t\t\t<div class=\"elementor-widget-wrap elementor-element-populated\">\n\t\t\t\t\t\t\t\t<div class=\"elementor-element elementor-element-445fe14 elementor-invisible elementor-widget elementor-widget-heading\" data-id=\"445fe14\" data-element_type=\"widget\" data-settings=\"{&quot;_animation&quot;:&quot;fadeInUp&quot;}\" data-widget_type=\"heading.default\">\n\t\t\t\t<div class=\"elementor-widget-container\">\n\t\t\t<style>\/*! elementor - v3.10.2 - 29-01-2023 *\/\n.elementor-heading-title{padding:0;margin:0;line-height:1}.elementor-widget-heading .elementor-heading-title[class*=elementor-size-]>a{color:inherit;font-size:inherit;line-height:inherit}.elementor-widget-heading .elementor-heading-title.elementor-size-small{font-size:15px}.elementor-widget-heading .elementor-heading-title.elementor-size-medium{font-size:19px}.elementor-widget-heading .elementor-heading-title.elementor-size-large{font-size:29px}.elementor-widget-heading .elementor-heading-title.elementor-size-xl{font-size:39px}.elementor-widget-heading .elementor-heading-title.elementor-size-xxl{font-size:59px}<\/style><h2 class=\"elementor-heading-title elementor-size-default\">Vaihteiston nivelet (Evo Gear, Yoga Skeleton)<\/h2>\t\t<\/div>\n\t\t\t\t<\/div>\n\t\t\t\t<div class=\"elementor-element elementor-element-2f50bad elementor-widget elementor-widget-text-editor\" data-id=\"2f50bad\" data-element_type=\"widget\" data-widget_type=\"text-editor.default\">\n\t\t\t\t<div class=\"elementor-widget-container\">\n\t\t\t<style>\/*! elementor - v3.10.2 - 29-01-2023 *\/\n.elementor-widget-text-editor.elementor-drop-cap-view-stacked .elementor-drop-cap{background-color:#818a91;color:#fff}.elementor-widget-text-editor.elementor-drop-cap-view-framed .elementor-drop-cap{color:#818a91;border:3px solid;background-color:transparent}.elementor-widget-text-editor:not(.elementor-drop-cap-view-default) .elementor-drop-cap{margin-top:8px}.elementor-widget-text-editor:not(.elementor-drop-cap-view-default) .elementor-drop-cap-letter{width:1em;height:1em}.elementor-widget-text-editor .elementor-drop-cap{float:left;text-align:center;line-height:1;font-size:50px}.elementor-widget-text-editor .elementor-drop-cap-letter{display:inline-block}<\/style>\t\t\t\tSuuret tuotemerkit k\u00e4ytt\u00e4v\u00e4t joskus eritt\u00e4in isoja luurankoja, mik\u00e4 tekee nivelten py\u00f6rimisest\u00e4 niin joustavaa ja seksinukkea eritt\u00e4in vaikea asettaa haluttuun asentoon jopa 6,6 jalkaa pitk\u00e4lle miehelle. Gear jooga luuranko ratkaisisi t\u00e4m\u00e4n ongelman helposti.\t\t\t\t\t\t<\/div>\n\t\t\t\t<\/div>\n\t\t\t\t<div class=\"elementor-element elementor-element-7b009cf elementor-widget elementor-widget-text-editor\" data-id=\"7b009cf\" data-element_type=\"widget\" data-widget_type=\"text-editor.default\">\n\t\t\t\t<div class=\"elementor-widget-container\">\n\t\t\t\t\t\t\tKatso ja k\u00e4yt\u00e4 alla olevaa kuvaa.\t\t\t\t\t\t<\/div>\n\t\t\t\t<\/div>\n\t\t\t\t<div class=\"elementor-element elementor-element-fa47064 elementor-widget elementor-widget-image\" data-id=\"fa47064\" data-element_type=\"widget\" data-widget_type=\"image.default\">\n\t\t\t\t<div class=\"elementor-widget-container\">\n\t\t\t<style>\/*! elementor - v3.10.2 - 29-01-2023 *\/\n.elementor-widget-image{text-align:center}.elementor-widget-image a{display:inline-block}.elementor-widget-image a img[src$=\".svg\"]{width:48px}.elementor-widget-image img{vertical-align:middle;display:inline-block}<\/style>\t\t\t\t\t\t\t\t\t\t\t\t<img loading=\"lazy\" decoding=\"async\" width=\"488\" height=\"1024\" src=\"https:\/\/renodoll.com\/wp-content\/uploads\/2023\/03\/renodoll_evoskeleton-488x1024.jpg\" class=\"attachment-large size-large wp-image-14096\" alt=\"\" srcset=\"https:\/\/renodoll.com\/wp-content\/uploads\/2023\/03\/renodoll_evoskeleton-488x1024.jpg 488w, https:\/\/renodoll.com\/wp-content\/uploads\/2023\/03\/renodoll_evoskeleton-143x300.jpg 143w, https:\/\/renodoll.com\/wp-content\/uploads\/2023\/03\/renodoll_evoskeleton-768x1611.jpg 768w, https:\/\/renodoll.com\/wp-content\/uploads\/2023\/03\/renodoll_evoskeleton-732x1536.jpg 732w, https:\/\/renodoll.com\/wp-content\/uploads\/2023\/03\/renodoll_evoskeleton-6x12.jpg 6w, https:\/\/renodoll.com\/wp-content\/uploads\/2023\/03\/renodoll_evoskeleton-48x100.jpg 48w, https:\/\/renodoll.com\/wp-content\/uploads\/2023\/03\/renodoll_evoskeleton-300x629.jpg 300w, https:\/\/renodoll.com\/wp-content\/uploads\/2023\/03\/renodoll_evoskeleton-600x1258.jpg 600w, https:\/\/renodoll.com\/wp-content\/uploads\/2023\/03\/renodoll_evoskeleton-5x10.jpg 5w, https:\/\/renodoll.com\/wp-content\/uploads\/2023\/03\/renodoll_evoskeleton.jpg 790w\" sizes=\"auto, (max-width: 488px) 100vw, 488px\" \/>\t\t\t\t\t\t\t\t\t\t\t\t\t\t\t<\/div>\n\t\t\t\t<\/div>\n\t\t\t\t<div class=\"elementor-element elementor-element-e28a12e elementor-invisible elementor-widget elementor-widget-heading\" data-id=\"e28a12e\" data-element_type=\"widget\" data-settings=\"{&quot;_animation&quot;:&quot;fadeInUp&quot;}\" data-widget_type=\"heading.default\">\n\t\t\t\t<div class=\"elementor-widget-container\">\n\t\t\t<h2 class=\"elementor-heading-title elementor-size-default\">Luuston joustavuus \u2013 jooga-asento<\/h2>\t\t<\/div>\n\t\t\t\t<\/div>\n\t\t\t\t<div class=\"elementor-element elementor-element-f465bfd elementor-widget elementor-widget-text-editor\" data-id=\"f465bfd\" data-element_type=\"widget\" data-widget_type=\"text-editor.default\">\n\t\t\t\t<div class=\"elementor-widget-container\">\n\t\t\t\t\t\t\tKaikki seksinuket (etenkin tulevaisuudessa) on valmistettu korkealaatuisista ja laadukkaista silikonimateriaaleista, jotka tekev\u00e4t heid\u00e4n ihostaan ja vartalonsa hyvin samankaltaisen kuin todellisen naisen.\t\t\t\t\t\t<\/div>\n\t\t\t\t<\/div>\n\t\t\t\t<div class=\"elementor-element elementor-element-7871ee2 elementor-widget elementor-widget-text-editor\" data-id=\"7871ee2\" data-element_type=\"widget\" data-widget_type=\"text-editor.default\">\n\t\t\t\t<div class=\"elementor-widget-container\">\n\t\t\t\t\t\t\t<p>N\u00e4iden seksinukkejen metallirunko on 100% hyvin nivelletty, mik\u00e4 antaa tilaa joustavuudelle ja helpottaa seksinukkejen sijoittamista mihin tahansa asentoon seksuaalisen himon ja halujen tyydytt\u00e4miseksi.<\/p>\t\t\t\t\t\t<\/div>\n\t\t\t\t<\/div>\n\t\t\t\t\t<\/div>\n\t\t<\/div>\n\t\t\t\t\t\t\t<\/div>\n\t\t<\/section>\n\t\t\t\t\t\t\t<\/div>","protected":false},"excerpt":{"rendered":"<p>Gear Joints (Evo Gear, Yoga Skeleton) Suuret merkit k\u00e4ytt\u00e4v\u00e4t joskus eritt\u00e4in isoja luurankoja, mik\u00e4 tekee nivelten py\u00f6rimisest\u00e4 niin joustavaa ja seksinukkea on eritt\u00e4in vaikea asettaa haluttuun asentoon jopa 6,6 jalkaa pitk\u00e4lle miehelle. Gear jooga luuranko ratkaisee t\u00e4m\u00e4n ongelman helposti. Katso ja k\u00e4yt\u00e4 alla olevaa kuvaa. Luuston joustavuus \u2013 joogaasento Kaikki seksinuket (etenkin tulevaisuudessa) on valmistettu korkealaatuisista ja laadukkaista silikonimateriaaleista, jotka tekev\u00e4t heid\u00e4n ihostaan ja vartalonsa hyvin samankaltaisen kuin todellisen naisen. N\u00e4iden seksinukkejen metallirunko on 100%-kuoppa<\/p>","protected":false},"author":1,"featured_media":0,"parent":0,"menu_order":0,"comment_status":"closed","ping_status":"closed","template":"","meta":{"footnotes":""},"class_list":["post-5441","page","type-page","status-publish","hentry"],"aioseo_notices":[],"_links":{"self":[{"href":"https:\/\/renodoll.com\/fi\/wp-json\/wp\/v2\/pages\/5441","targetHints":{"allow":["GET"]}}],"collection":[{"href":"https:\/\/renodoll.com\/fi\/wp-json\/wp\/v2\/pages"}],"about":[{"href":"https:\/\/renodoll.com\/fi\/wp-json\/wp\/v2\/types\/page"}],"author":[{"embeddable":true,"href":"https:\/\/renodoll.com\/fi\/wp-json\/wp\/v2\/users\/1"}],"replies":[{"embeddable":true,"href":"https:\/\/renodoll.com\/fi\/wp-json\/wp\/v2\/comments?post=5441"}],"version-history":[{"count":25,"href":"https:\/\/renodoll.com\/fi\/wp-json\/wp\/v2\/pages\/5441\/revisions"}],"predecessor-version":[{"id":14278,"href":"https:\/\/renodoll.com\/fi\/wp-json\/wp\/v2\/pages\/5441\/revisions\/14278"}],"wp:attachment":[{"href":"https:\/\/renodoll.com\/fi\/wp-json\/wp\/v2\/media?parent=5441"}],"curies":[{"name":"wp","href":"https:\/\/api.w.org\/{rel}","templated":true}]}}