{"id":5425,"date":"2023-02-22T18:33:16","date_gmt":"2023-02-22T10:33:16","guid":{"rendered":"https:\/\/renodoll.com\/?page_id=5425"},"modified":"2023-04-24T19:27:15","modified_gmt":"2023-04-24T11:27:15","slug":"electric-hip-sex-doll","status":"publish","type":"page","link":"https:\/\/renodoll.com\/fi\/electric-hip-sex-doll\/","title":{"rendered":"S\u00e4hk\u00f6inen hip seksinukke"},"content":{"rendered":"<div data-elementor-type=\"wp-page\" data-elementor-id=\"5425\" class=\"elementor elementor-5425\" data-elementor-post-type=\"page\">\n\t\t\t\t\t\t<section class=\"elementor-section elementor-top-section elementor-element elementor-element-19ce2b8 elementor-section-boxed elementor-section-height-default elementor-section-height-default\" data-id=\"19ce2b8\" data-element_type=\"section\" data-e-type=\"section\">\n\t\t\t\t\t\t<div class=\"elementor-container elementor-column-gap-default\">\n\t\t\t\t\t<div class=\"elementor-column elementor-col-100 elementor-top-column elementor-element elementor-element-f3c1b7c page-content-text\" data-id=\"f3c1b7c\" data-element_type=\"column\" data-e-type=\"column\">\n\t\t\t<div class=\"elementor-widget-wrap elementor-element-populated\">\n\t\t\t\t\t\t<div class=\"elementor-element elementor-element-445fe14 elementor-invisible elementor-widget elementor-widget-heading\" data-id=\"445fe14\" data-element_type=\"widget\" data-e-type=\"widget\" data-settings=\"{&quot;_animation&quot;:&quot;fadeInUp&quot;}\" data-widget_type=\"heading.default\">\n\t\t\t\t<div class=\"elementor-widget-container\">\n\t\t\t\t\t<h2 class=\"elementor-heading-title elementor-size-default\">Electric Hips Seksinukke<\/h2>\t\t\t\t<\/div>\n\t\t\t\t<\/div>\n\t\t\t\t<div class=\"elementor-element elementor-element-2f50bad elementor-widget elementor-widget-text-editor\" data-id=\"2f50bad\" data-element_type=\"widget\" data-e-type=\"widget\" data-widget_type=\"text-editor.default\">\n\t\t\t\t<div class=\"elementor-widget-container\">\n\t\t\t\t\t\t\t\t\t<p>Lonkat ovat trendikk\u00e4it\u00e4, ja jos haluat naisen sellaisen kanssa ja haluat kokea enemm\u00e4n seksuaalista t\u00e4yttymyst\u00e4, meill\u00e4 on &quot;Electric Hips&quot; -vaihtoehto seksinukkejen siirt\u00e4miseen kaikkien tarpeidesi ja vaatimusten mukaan. Hakemuksen voi tehd\u00e4 t\u00e4ysikokoisille nukeille. Napsauta t\u00e4t\u00e4 linkki\u00e4 ja tutustu s\u00e4hk\u00f6isten seksinukkevalikoimaamme.<\/p>\t\t\t\t\t\t\t\t<\/div>\n\t\t\t\t<\/div>\n\t\t\t\t<div class=\"elementor-element elementor-element-7b009cf elementor-widget elementor-widget-text-editor\" data-id=\"7b009cf\" data-element_type=\"widget\" data-e-type=\"widget\" data-widget_type=\"text-editor.default\">\n\t\t\t\t<div class=\"elementor-widget-container\">\n\t\t\t\t\t\t\t\t\t<p>Katso s\u00e4hk\u00f6isen seksinuken demo alta.<\/p>\t\t\t\t\t\t\t\t<\/div>\n\t\t\t\t<\/div>\n\t\t\t\t<div class=\"elementor-element elementor-element-300e279 elementor-widget elementor-widget-video\" data-id=\"300e279\" data-element_type=\"widget\" data-e-type=\"widget\" data-settings=\"{&quot;video_type&quot;:&quot;hosted&quot;,&quot;autoplay&quot;:&quot;yes&quot;,&quot;play_on_mobile&quot;:&quot;yes&quot;,&quot;loop&quot;:&quot;yes&quot;,&quot;controls&quot;:&quot;yes&quot;}\" data-widget_type=\"video.default\">\n\t\t\t\t<div class=\"elementor-widget-container\">\n\t\t\t\t\t\t\t<div class=\"e-hosted-video elementor-wrapper elementor-open-inline\">\n\t\t\t\t\t<video class=\"elementor-video\" src=\"http:\/\/renodoll.com\/wp-content\/uploads\/2023\/03\/kb-electric-doll.mp4\" autoplay=\"\" loop=\"\" controls=\"\" playsinline=\"\"><\/video>\n\t\t\t\t<\/div>\n\t\t\t\t\t\t<\/div>\n\t\t\t\t<\/div>\n\t\t\t\t<section class=\"elementor-section elementor-inner-section elementor-element elementor-element-97c6960 elementor-section-boxed elementor-section-height-default elementor-section-height-default\" data-id=\"97c6960\" data-element_type=\"section\" data-e-type=\"section\">\n\t\t\t\t\t\t<div class=\"elementor-container elementor-column-gap-default\">\n\t\t\t\t\t<div class=\"elementor-column elementor-col-50 elementor-inner-column elementor-element elementor-element-564e172\" data-id=\"564e172\" data-element_type=\"column\" data-e-type=\"column\">\n\t\t\t<div class=\"elementor-widget-wrap elementor-element-populated\">\n\t\t\t\t\t\t<div class=\"elementor-element elementor-element-d24a218 elementor-widget elementor-widget-text-editor\" data-id=\"d24a218\" data-element_type=\"widget\" data-e-type=\"widget\" data-widget_type=\"text-editor.default\">\n\t\t\t\t<div class=\"elementor-widget-container\">\n\t\t\t\t\t\t\t\t\t<p>1. Ei-ladattava versio (sill\u00e4 ei ole sis\u00e4\u00e4nrakennettua akkua, se on plug-and-play)<br \/>&gt;Virtal\u00e4hde: tehon sy\u00f6tt\u00f6j\u00e4nnite 100V-240V, l\u00e4ht\u00f6j\u00e4nnite\/virta 24V\/3A<br \/>&gt; Sertifiointistandardi; Teho CE<\/p>\t\t\t\t\t\t\t\t<\/div>\n\t\t\t\t<\/div>\n\t\t\t\t\t<\/div>\n\t\t<\/div>\n\t\t\t\t<div class=\"elementor-column elementor-col-50 elementor-inner-column elementor-element elementor-element-6290fd1\" data-id=\"6290fd1\" data-element_type=\"column\" data-e-type=\"column\">\n\t\t\t<div class=\"elementor-widget-wrap elementor-element-populated\">\n\t\t\t\t\t\t<div class=\"elementor-element elementor-element-9f505e9 elementor-widget elementor-widget-text-editor\" data-id=\"9f505e9\" data-element_type=\"widget\" data-e-type=\"widget\" data-widget_type=\"text-editor.default\">\n\t\t\t\t<div class=\"elementor-widget-container\">\n\t\t\t\t\t\t\t\t\t<p>2. Ladattava versio (sis\u00e4\u00e4nrakennettu akku on ladattava t\u00e4yteen ennen kuin sit\u00e4 voidaan k\u00e4ytt\u00e4\u00e4).<br \/>&gt; Akun j\u00e4nnite: sen k\u00e4ytt\u00f6j\u00e4nnite on 22,2 V ja tyhj\u00e4k\u00e4yntij\u00e4nnite 24 V<br \/>&gt;Latauksen ja purkamisen pituus kest\u00e4\u00e4 noin 280-300 viikkoa<br \/>&gt;Latausaika: nopea lataus kest\u00e4\u00e4 1,5 tuntia<br \/>&gt;K\u00e4ytt\u00f6aika: Kun se on ladattu oikein, se voi toimia jopa viisi tuntia<\/p>\t\t\t\t\t\t\t\t<\/div>\n\t\t\t\t<\/div>\n\t\t\t\t\t<\/div>\n\t\t<\/div>\n\t\t\t\t\t<\/div>\n\t\t<\/section>\n\t\t\t\t<div class=\"elementor-element elementor-element-e28a12e elementor-invisible elementor-widget elementor-widget-heading\" data-id=\"e28a12e\" data-element_type=\"widget\" data-e-type=\"widget\" data-settings=\"{&quot;_animation&quot;:&quot;fadeInUp&quot;}\" data-widget_type=\"heading.default\">\n\t\t\t\t<div class=\"elementor-widget-container\">\n\t\t\t\t\t<h2 class=\"elementor-heading-title elementor-size-default\">Huomautuksia<\/h2>\t\t\t\t<\/div>\n\t\t\t\t<\/div>\n\t\t\t\t<div class=\"elementor-element elementor-element-504aea1 elementor-widget elementor-widget-html\" data-id=\"504aea1\" data-element_type=\"widget\" data-e-type=\"widget\" data-widget_type=\"html.default\">\n\t\t\t\t<div class=\"elementor-widget-container\">\n\t\t\t\t\t<ol class=\"number_list_type\"><li>K\u00e4yt\u00e4 seksinukkea s\u00e4ngyss\u00e4 yst\u00e4v\u00e4llisesti s\u00e4hk\u00f6isen lonkkaseksinuken turvallisuuden vuoksi ja v\u00e4ltt\u00e4\u00e4ksesi ter\u00e4vien esineiden ja karkeiden reunojen aiheuttamat ihovauriot.<\/li>\n<li>S\u00e4\u00e4d\u00e4 seksinuken interaktiivista asentoa, ennen kuin sinulla on mit\u00e4\u00e4n tekemist\u00e4 s\u00e4hk\u00f6lonkan kanssa.\n<\/li>\n<li>Kun k\u00e4yt\u00e4t s\u00e4hk\u00f6ist\u00e4 seksinukkea, \u00e4l\u00e4 muuta v\u00e4kisin asentoa tai k\u00e4\u00e4nn\u00e4 seksinukkea ymp\u00e4ri.<\/li>\n<li>Jos haluat s\u00e4\u00e4t\u00e4\u00e4 seksinuken asentoa tai muotoa, sinun on katkaistava kytkin tai virtal\u00e4hde ennen kuin teet sen.<\/li>\n<li>Jos k\u00e4ytt\u00e4isit s\u00e4hk\u00f6ist\u00e4 hip seksinukkea pitk\u00e4n tunnin yhdell\u00e4 k\u00e4ytt\u00f6kerralla. Varaa s\u00e4\u00e4nn\u00f6llinen 230 minuutin lepo k\u00e4yt\u00f6n aikana.<\/li>\n<li>V\u00e4ltt\u00e4\u00e4ksesi s\u00e4hk\u00f6isen hip seksinuken latausversion akun lyhenemisen lataa seksinukke 3-4 tunnin j\u00e4lkeen yhdell\u00e4 k\u00e4ytt\u00f6kerralla.<\/li>\n<li>Puhdista s\u00e4hk\u00f6isen seksinuken kantavuus, puuteri ja huolehdi koko nuken osan tarkasta huollosta.<\/li>\n<li>\n    Oletetaan, ett\u00e4 seksinuken virheellisest\u00e4 k\u00e4yt\u00f6st\u00e4 aiheutuu vaurioita, kuten ihon puhkaisuja tai mekaanisia vaurioita. Siin\u00e4 tapauksessa se ei ole yrityksemme vastuulla.\n<\/li>\n<li>\n    Seksinukkemme j\u00e4nnite noudattaa j\u00e4nniteajoturvallisuuden maailmanlaajuista standardia, koska sec-nukkemme k\u00e4ytt\u00e4\u00e4 24 V:n k\u00e4ytt\u00f6j\u00e4nnitett\u00e4.\n<\/li>\n<li>\n    T\u00e4ll\u00e4 hetkell\u00e4 nopeutta ei voi s\u00e4\u00e4t\u00e4\u00e4.\n<\/li>\n<\/ol>\t\t\t\t<\/div>\n\t\t\t\t<\/div>\n\t\t\t\t<div class=\"elementor-element elementor-element-5483d1c elementor-invisible elementor-widget elementor-widget-heading\" data-id=\"5483d1c\" data-element_type=\"widget\" data-e-type=\"widget\" data-settings=\"{&quot;_animation&quot;:&quot;fadeInUp&quot;}\" data-widget_type=\"heading.default\">\n\t\t\t\t<div class=\"elementor-widget-container\">\n\t\t\t\t\t<h2 class=\"elementor-heading-title elementor-size-default\">S\u00e4hk\u00f6isen hip seksinukkemme esittely<\/h2>\t\t\t\t<\/div>\n\t\t\t\t<\/div>\n\t\t\t\t<div class=\"elementor-element elementor-element-f465bfd elementor-widget elementor-widget-text-editor\" data-id=\"f465bfd\" data-element_type=\"widget\" data-e-type=\"widget\" data-widget_type=\"text-editor.default\">\n\t\t\t\t<div class=\"elementor-widget-container\">\n\t\t\t\t\t\t\t\t\tS\u00e4hk\u00f6inen seksinukke on valmistettu automaattisella osalla, joka on upotettu seksinuken pakaraan, mik\u00e4 mahdollistaa liikkumisen ja kiertymisen kuten todellinen ihminen tekee. Kokeile seksinukkea itse ja katso, mit\u00e4 se voi tehd\u00e4.\t\t\t\t\t\t\t\t<\/div>\n\t\t\t\t<\/div>\n\t\t\t\t<div class=\"elementor-element elementor-element-7871ee2 elementor-widget elementor-widget-text-editor\" data-id=\"7871ee2\" data-element_type=\"widget\" data-e-type=\"widget\" data-widget_type=\"text-editor.default\">\n\t\t\t\t<div class=\"elementor-widget-container\">\n\t\t\t\t\t\t\t\t\tKatso, kuinka seksinukke liikkuu ja kiertyy itsest\u00e4\u00e4n.\t\t\t\t\t\t\t\t<\/div>\n\t\t\t\t<\/div>\n\t\t\t\t<div class=\"elementor-element elementor-element-0dd79a4 elementor-widget elementor-widget-text-editor\" data-id=\"0dd79a4\" data-element_type=\"widget\" data-e-type=\"widget\" data-widget_type=\"text-editor.default\">\n\t\t\t\t<div class=\"elementor-widget-container\">\n\t\t\t\t\t\t\t\t\tS\u00e4hk\u00f6isi\u00e4 seksinukkejamme on kaksi versiota; mieltymystesi perusteella voit valita kokoonpanon, joka sinun on ladattava, tai se, joka on liitett\u00e4v\u00e4 pistorasiaan.\t\t\t\t\t\t\t\t<\/div>\n\t\t\t\t<\/div>\n\t\t\t\t<div class=\"elementor-element elementor-element-39907ae elementor-invisible elementor-widget elementor-widget-heading\" data-id=\"39907ae\" data-element_type=\"widget\" data-e-type=\"widget\" data-settings=\"{&quot;_animation&quot;:&quot;fadeInUp&quot;}\" data-widget_type=\"heading.default\">\n\t\t\t\t<div class=\"elementor-widget-container\">\n\t\t\t\t\t<h2 class=\"elementor-heading-title elementor-size-default\">Sis\u00e4\u00e4nrakennetun akun latausasetukset (katso video)<\/h2>\t\t\t\t<\/div>\n\t\t\t\t<\/div>\n\t\t\t\t<div class=\"elementor-element elementor-element-6f89ec5 elementor-widget elementor-widget-text-editor\" data-id=\"6f89ec5\" data-element_type=\"widget\" data-e-type=\"widget\" data-widget_type=\"text-editor.default\">\n\t\t\t\t<div class=\"elementor-widget-container\">\n\t\t\t\t\t\t\t\t\tMilloin k\u00e4ytt\u00e4\u00e4: k\u00e4yt\u00e4 vain, kun se on ladattu t\u00e4yteen.\t\t\t\t\t\t\t\t<\/div>\n\t\t\t\t<\/div>\n\t\t\t\t<div class=\"elementor-element elementor-element-7afd254 elementor-widget elementor-widget-text-editor\" data-id=\"7afd254\" data-element_type=\"widget\" data-e-type=\"widget\" data-widget_type=\"text-editor.default\">\n\t\t\t\t<div class=\"elementor-widget-container\">\n\t\t\t\t\t\t\t\t\tLatausaika: 1 tunti kolmekymment\u00e4 minuuttia - kaksi tuntia\t\t\t\t\t\t\t\t<\/div>\n\t\t\t\t<\/div>\n\t\t\t\t<div class=\"elementor-element elementor-element-7d36ae2 elementor-widget elementor-widget-text-editor\" data-id=\"7d36ae2\" data-element_type=\"widget\" data-e-type=\"widget\" data-widget_type=\"text-editor.default\">\n\t\t\t\t<div class=\"elementor-widget-container\">\n\t\t\t\t\t\t\t\t\tK\u00e4ytt\u00f6aika: viiden tunnin k\u00e4ytt\u00f6aika, kun se on t\u00e4ysin ladattu.\t\t\t\t\t\t\t\t<\/div>\n\t\t\t\t<\/div>\n\t\t\t\t<div class=\"elementor-element elementor-element-71982d8 elementor-invisible elementor-widget elementor-widget-heading\" data-id=\"71982d8\" data-element_type=\"widget\" data-e-type=\"widget\" data-settings=\"{&quot;_animation&quot;:&quot;fadeInUp&quot;}\" data-widget_type=\"heading.default\">\n\t\t\t\t<div class=\"elementor-widget-container\">\n\t\t\t\t\t<h2 class=\"elementor-heading-title elementor-size-default\">Plug-in-asennus ilman sis\u00e4\u00e4nrakennettua akkua (katso video)<\/h2>\t\t\t\t<\/div>\n\t\t\t\t<\/div>\n\t\t\t\t<div class=\"elementor-element elementor-element-91f432c elementor-widget elementor-widget-text-editor\" data-id=\"91f432c\" data-element_type=\"widget\" data-e-type=\"widget\" data-widget_type=\"text-editor.default\">\n\t\t\t\t<div class=\"elementor-widget-container\">\n\t\t\t\t\t\t\t\t\tKuinka k\u00e4ytt\u00e4\u00e4; kytke lataus ja k\u00e4ytt\u00f6.\t\t\t\t\t\t\t\t<\/div>\n\t\t\t\t<\/div>\n\t\t\t\t<div class=\"elementor-element elementor-element-b13ce6c elementor-invisible elementor-widget elementor-widget-heading\" data-id=\"b13ce6c\" data-element_type=\"widget\" data-e-type=\"widget\" data-settings=\"{&quot;_animation&quot;:&quot;fadeInUp&quot;}\" data-widget_type=\"heading.default\">\n\t\t\t\t<div class=\"elementor-widget-container\">\n\t\t\t\t\t<h2 class=\"elementor-heading-title elementor-size-default\">Turvallisuus<\/h2>\t\t\t\t<\/div>\n\t\t\t\t<\/div>\n\t\t\t\t<div class=\"elementor-element elementor-element-3fd4e20 elementor-widget elementor-widget-html\" data-id=\"3fd4e20\" data-element_type=\"widget\" data-e-type=\"widget\" data-widget_type=\"html.default\">\n\t\t\t\t<div class=\"elementor-widget-container\">\n\t\t\t\t\t<ol class=\"number_list_type\"><li>K\u00e4yt\u00e4 nukkea s\u00e4ngyss\u00e4, \u00e4l\u00e4 anna ihon vaurioitua ter\u00e4vist\u00e4 esineist\u00e4 tai karkeista reunoista.<\/li>\n<li>Varmista, ett\u00e4 s\u00e4hk\u00f6inen lonkka on pois p\u00e4\u00e4lt\u00e4 aina, kun joudut k\u00e4\u00e4nt\u00e4m\u00e4\u00e4n seksinuken ymp\u00e4ri tai joudut muuttamaan seksinuken asentoa.\n<\/li>\n<li>\n    Jos olet k\u00e4ytt\u00e4nyt sit\u00e4 yht\u00e4jaksoisesti kaksi tuntia, anna seksinuken lev\u00e4t\u00e4 v\u00e4hint\u00e4\u00e4n 10-30 minuuttia.\n<\/li>\n<li>\n    Puhdista kontaktialue ja levit\u00e4 siihen puuteria jokaisen seksinuken k\u00e4yt\u00f6n j\u00e4lkeen.\n<\/li>\n<li>\n    Et voi saada seksinukkea suorittamaan s\u00e4hk\u00f6ist\u00e4 lonkkaa, automaattista imua tai automaattista puhallusty\u00f6t\u00e4 yhdell\u00e4 kertaa.\n<\/li>\n<\/ol>\t\t\t\t<\/div>\n\t\t\t\t<\/div>\n\t\t\t\t\t<\/div>\n\t\t<\/div>\n\t\t\t\t\t<\/div>\n\t\t<\/section>\n\t\t\t\t<\/div>","protected":false},"excerpt":{"rendered":"<p>Electric Hips Sex Doll Lonkat ovat trendikk\u00e4it\u00e4, ja jos haluat naisen, jolla on sellainen ja haluat kokea enemm\u00e4n seksuaalista t\u00e4yttymyst\u00e4, meill\u00e4 on &quot;Electric Hips&quot; -vaihtoehto seksinukkejen siirt\u00e4miseen kaikkien tarpeidesi ja vaatimusten mukaan. Hakemuksen voi tehd\u00e4 t\u00e4ysikokoisille nukeille. Napsauta t\u00e4t\u00e4 linkki\u00e4 ja tutustu s\u00e4hk\u00f6isten seksinukkevalikoimaamme. Katso s\u00e4hk\u00f6isen seksinuken demo alta. http:\/\/renodoll.com\/wp-content\/uploads\/2023\/03\/kb-electric-doll.mp4 1. Ei-ladattava versio (siss\u00e4 ei ole sis\u00e4\u00e4nrakennettua akkua, se on plug-and-play) &gt;Virtal\u00e4hde : tehon sy\u00f6tt\u00f6j\u00e4nnite 100V\u2014240V, l\u00e4ht\u00f6j\u00e4nnite\/virta 24V\/3A &gt;Standard of Certification; Teho CE 2.<\/p>","protected":false},"author":1,"featured_media":0,"parent":0,"menu_order":0,"comment_status":"closed","ping_status":"closed","template":"","meta":{"footnotes":""},"class_list":["post-5425","page","type-page","status-publish","hentry"],"aioseo_notices":[],"_links":{"self":[{"href":"https:\/\/renodoll.com\/fi\/wp-json\/wp\/v2\/pages\/5425","targetHints":{"allow":["GET"]}}],"collection":[{"href":"https:\/\/renodoll.com\/fi\/wp-json\/wp\/v2\/pages"}],"about":[{"href":"https:\/\/renodoll.com\/fi\/wp-json\/wp\/v2\/types\/page"}],"author":[{"embeddable":true,"href":"https:\/\/renodoll.com\/fi\/wp-json\/wp\/v2\/users\/1"}],"replies":[{"embeddable":true,"href":"https:\/\/renodoll.com\/fi\/wp-json\/wp\/v2\/comments?post=5425"}],"version-history":[{"count":52,"href":"https:\/\/renodoll.com\/fi\/wp-json\/wp\/v2\/pages\/5425\/revisions"}],"predecessor-version":[{"id":15989,"href":"https:\/\/renodoll.com\/fi\/wp-json\/wp\/v2\/pages\/5425\/revisions\/15989"}],"wp:attachment":[{"href":"https:\/\/renodoll.com\/fi\/wp-json\/wp\/v2\/media?parent=5425"}],"curies":[{"name":"wp","href":"https:\/\/api.w.org\/{rel}","templated":true}]}}