{"id":5394,"date":"2023-02-22T16:53:11","date_gmt":"2023-02-22T08:53:11","guid":{"rendered":"https:\/\/renodoll.com\/?page_id=5394"},"modified":"2023-04-24T20:06:46","modified_gmt":"2023-04-24T12:06:46","slug":"sex-doll-maintenance","status":"publish","type":"page","link":"https:\/\/renodoll.com\/fi\/seksi-nukke-huolto\/","title":{"rendered":"Seksinukkejen huolto"},"content":{"rendered":"<div data-elementor-type=\"wp-page\" data-elementor-id=\"5394\" class=\"elementor elementor-5394\">\n\t\t\t\t\t\t\t\t\t<section class=\"elementor-section elementor-top-section elementor-element elementor-element-b863e45 elementor-section-boxed elementor-section-height-default elementor-section-height-default\" data-id=\"b863e45\" data-element_type=\"section\">\n\t\t\t\t\t\t<div class=\"elementor-container elementor-column-gap-default\">\n\t\t\t\t\t<div class=\"elementor-column elementor-col-100 elementor-top-column elementor-element elementor-element-d06ff7c page-content-text\" data-id=\"d06ff7c\" data-element_type=\"column\">\n\t\t\t<div class=\"elementor-widget-wrap elementor-element-populated\">\n\t\t\t\t\t\t\t\t<div class=\"elementor-element elementor-element-cc13aac elementor-invisible elementor-widget elementor-widget-heading\" data-id=\"cc13aac\" data-element_type=\"widget\" data-settings=\"{&quot;_animation&quot;:&quot;fadeInUp&quot;}\" data-widget_type=\"heading.default\">\n\t\t\t\t<div class=\"elementor-widget-container\">\n\t\t\t<style>\/*! elementor - v3.10.2 - 29-01-2023 *\/\n.elementor-heading-title{padding:0;margin:0;line-height:1}.elementor-widget-heading .elementor-heading-title[class*=elementor-size-]>a{color:inherit;font-size:inherit;line-height:inherit}.elementor-widget-heading .elementor-heading-title.elementor-size-small{font-size:15px}.elementor-widget-heading .elementor-heading-title.elementor-size-medium{font-size:19px}.elementor-widget-heading .elementor-heading-title.elementor-size-large{font-size:29px}.elementor-widget-heading .elementor-heading-title.elementor-size-xl{font-size:39px}.elementor-widget-heading .elementor-heading-title.elementor-size-xxl{font-size:59px}<\/style><h2 class=\"elementor-heading-title elementor-size-default\">SILIKONIPINNAN HOITO<\/h2>\t\t<\/div>\n\t\t\t\t<\/div>\n\t\t\t\t<section class=\"elementor-section elementor-inner-section elementor-element elementor-element-b9cb035 elementor-section-boxed elementor-section-height-default elementor-section-height-default\" data-id=\"b9cb035\" data-element_type=\"section\">\n\t\t\t\t\t\t<div class=\"elementor-container elementor-column-gap-default\">\n\t\t\t\t\t<div class=\"elementor-column elementor-col-100 elementor-inner-column elementor-element elementor-element-3145bdb\" data-id=\"3145bdb\" data-element_type=\"column\">\n\t\t\t<div class=\"elementor-widget-wrap elementor-element-populated\">\n\t\t\t\t\t\t\t\t<div class=\"elementor-element elementor-element-8958d6e elementor-invisible elementor-widget elementor-widget-heading\" data-id=\"8958d6e\" data-element_type=\"widget\" data-settings=\"{&quot;_animation&quot;:&quot;fadeInUp&quot;}\" data-widget_type=\"heading.default\">\n\t\t\t\t<div class=\"elementor-widget-container\">\n\t\t\t<h2 class=\"elementor-heading-title elementor-size-default\">Sex Doll Care -esittely<\/h2>\t\t<\/div>\n\t\t\t\t<\/div>\n\t\t\t\t<div class=\"elementor-element elementor-element-5c55386 elementor-widget elementor-widget-text-editor\" data-id=\"5c55386\" data-element_type=\"widget\" data-widget_type=\"text-editor.default\">\n\t\t\t\t<div class=\"elementor-widget-container\">\n\t\t\t<style>\/*! elementor - v3.10.2 - 29-01-2023 *\/\n.elementor-widget-text-editor.elementor-drop-cap-view-stacked .elementor-drop-cap{background-color:#818a91;color:#fff}.elementor-widget-text-editor.elementor-drop-cap-view-framed .elementor-drop-cap{color:#818a91;border:3px solid;background-color:transparent}.elementor-widget-text-editor:not(.elementor-drop-cap-view-default) .elementor-drop-cap{margin-top:8px}.elementor-widget-text-editor:not(.elementor-drop-cap-view-default) .elementor-drop-cap-letter{width:1em;height:1em}.elementor-widget-text-editor .elementor-drop-cap{float:left;text-align:center;line-height:1;font-size:50px}.elementor-widget-text-editor .elementor-drop-cap-letter{display:inline-block}<\/style>\t\t\t\t<p>Nukkemallin kaksoisnahkaan k\u00e4yt\u00e4mme varusteena vieraista polymeerist\u00e4 ihmiskehon silikonikumia, joka on myrkyt\u00f6n ja hajuton.<\/p>\t\t\t\t\t\t<\/div>\n\t\t\t\t<\/div>\n\t\t\t\t<div class=\"elementor-element elementor-element-ce0966c elementor-widget elementor-widget-text-editor\" data-id=\"ce0966c\" data-element_type=\"widget\" data-widget_type=\"text-editor.default\">\n\t\t\t\t<div class=\"elementor-widget-container\">\n\t\t\t\t\t\t\tKun silikonimateriaaleja ei k\u00e4ytet\u00e4 pitk\u00e4\u00e4n aikaan, niiden pinnoille valuu \u00f6ljy\u00e4 silikonikoostumukseen sis\u00e4ltyv\u00e4n silikoni\u00f6ljyn takia, ja t\u00e4m\u00e4 on tavallista.\t\t\t\t\t\t<\/div>\n\t\t\t\t<\/div>\n\t\t\t\t<div class=\"elementor-element elementor-element-28b24ad elementor-widget elementor-widget-text-editor\" data-id=\"28b24ad\" data-element_type=\"widget\" data-widget_type=\"text-editor.default\">\n\t\t\t\t<div class=\"elementor-widget-container\">\n\t\t\t\t\t\t\tSinun tarvitsee vain puhdistaa pinta varovasti mill\u00e4 tahansa puhtaalla kankaalla. Lis\u00e4ksi, jos seksinukkeja ei k\u00e4ytet\u00e4 pitk\u00e4\u00e4n aikaan, niiden pinnat tahrautuvat \u00f6ljyst\u00e4; eli pit\u00e4\u00e4ksesi silikonikalvon puhtaana ja turvallisena paremman suorituskyvyn saavuttamiseksi, tee aina rutiinitarkastus ja suorita huolto s\u00e4\u00e4nn\u00f6llisesti.\t\t\t\t\t\t<\/div>\n\t\t\t\t<\/div>\n\t\t\t\t<div class=\"elementor-element elementor-element-1003aec elementor-widget elementor-widget-text-editor\" data-id=\"1003aec\" data-element_type=\"widget\" data-widget_type=\"text-editor.default\">\n\t\t\t\t<div class=\"elementor-widget-container\">\n\t\t\t\t\t\t\tSiivouksen arvioitu aika vaihtelee teht\u00e4vien merkityksen ja varastoalueen mukaan. Yleens\u00e4 kuukausittainen rutiini on hyv\u00e4ksytt\u00e4v\u00e4\u00e4.\t\t\t\t\t\t<\/div>\n\t\t\t\t<\/div>\n\t\t\t\t\t<\/div>\n\t\t<\/div>\n\t\t\t\t\t\t\t<\/div>\n\t\t<\/section>\n\t\t\t\t<div class=\"elementor-element elementor-element-e5c4aaa elementor-invisible elementor-widget elementor-widget-heading\" data-id=\"e5c4aaa\" data-element_type=\"widget\" data-settings=\"{&quot;_animation&quot;:&quot;fadeInUp&quot;}\" data-widget_type=\"heading.default\">\n\t\t\t\t<div class=\"elementor-widget-container\">\n\t\t\t<h2 class=\"elementor-heading-title elementor-size-default\">Rutiini Sex Doll Maintenance menetelm\u00e4 <\/h2>\t\t<\/div>\n\t\t\t\t<\/div>\n\t\t\t\t<div class=\"elementor-element elementor-element-6d7a9f6 elementor-widget elementor-widget-text-editor\" data-id=\"6d7a9f6\" data-element_type=\"widget\" data-widget_type=\"text-editor.default\">\n\t\t\t\t<div class=\"elementor-widget-container\">\n\t\t\t\t\t\t\tKasta kangas ensin haaleaan veteen ja puhdista nuken pinta huolellisesti. Jos silikonipinnalla on likaa tai tahraa, pyyhi se huolellisesti useita kertoja saippuavedell\u00e4, \u00e4l\u00e4k\u00e4 taputtele sit\u00e4 v\u00e4kisin.\t\t\t\t\t\t<\/div>\n\t\t\t\t<\/div>\n\t\t\t\t<div class=\"elementor-element elementor-element-9ea4cf7 elementor-widget elementor-widget-text-editor\" data-id=\"9ea4cf7\" data-element_type=\"widget\" data-widget_type=\"text-editor.default\">\n\t\t\t\t<div class=\"elementor-widget-container\">\n\t\t\t\t\t\t\tKun puhdistat silikonin pintaa, yrit\u00e4 olla k\u00e4ytt\u00e4m\u00e4tt\u00e4 vaarallisia puhdistusaineita, kuten vahvoja happo- ja alkaliliuoksia, voimakkaita desinfiointiliuospesuaineita jne.\t\t\t\t\t\t<\/div>\n\t\t\t\t<\/div>\n\t\t\t\t<div class=\"elementor-element elementor-element-3cf20d9 elementor-widget elementor-widget-text-editor\" data-id=\"3cf20d9\" data-element_type=\"widget\" data-widget_type=\"text-editor.default\">\n\t\t\t\t<div class=\"elementor-widget-container\">\n\t\t\t\t\t\t\tMietoa saippuaa, nestem\u00e4ist\u00e4 pesuainetta, shampoota tai suihkugeeli\u00e4 voidaan taputella.\t\t\t\t\t\t<\/div>\n\t\t\t\t<\/div>\n\t\t\t\t<div class=\"elementor-element elementor-element-ece45d6 elementor-widget elementor-widget-image\" data-id=\"ece45d6\" data-element_type=\"widget\" data-widget_type=\"image.default\">\n\t\t\t\t<div class=\"elementor-widget-container\">\n\t\t\t<style>\/*! elementor - v3.10.2 - 29-01-2023 *\/\n.elementor-widget-image{text-align:center}.elementor-widget-image a{display:inline-block}.elementor-widget-image a img[src$=\".svg\"]{width:48px}.elementor-widget-image img{vertical-align:middle;display:inline-block}<\/style>\t\t\t\t\t\t\t\t\t\t\t\t<img loading=\"lazy\" decoding=\"async\" width=\"770\" height=\"213\" src=\"https:\/\/renodoll.com\/wp-content\/uploads\/2023\/03\/kb-maintain-1.gif\" class=\"attachment-large size-large wp-image-14560\" alt=\"\" \/>\t\t\t\t\t\t\t\t\t\t\t\t\t\t\t<\/div>\n\t\t\t\t<\/div>\n\t\t\t\t<div class=\"elementor-element elementor-element-018d411 elementor-widget elementor-widget-text-editor\" data-id=\"018d411\" data-element_type=\"widget\" data-widget_type=\"text-editor.default\">\n\t\t\t\t<div class=\"elementor-widget-container\">\n\t\t\t\t\t\t\tPuhdista ja kuivaa pinta k\u00e4yt\u00f6n j\u00e4lkeen ja laita kylpy- tai talkkijauhe el\u00e4v\u00e4nomaisen nuken p\u00e4\u00e4lle; K\u00e4yt\u00e4 t\u00e4t\u00e4 toimintoa tehdess\u00e4si kasvonaamaria v\u00e4ltt\u00e4\u00e4ksesi p\u00f6lyn joutumisen.\t\t\t\t\t\t<\/div>\n\t\t\t\t<\/div>\n\t\t\t\t<div class=\"elementor-element elementor-element-8d314f9 elementor-invisible elementor-widget elementor-widget-heading\" data-id=\"8d314f9\" data-element_type=\"widget\" data-settings=\"{&quot;_animation&quot;:&quot;fadeInUp&quot;}\" data-widget_type=\"heading.default\">\n\t\t\t\t<div class=\"elementor-widget-container\">\n\t\t\t<h2 class=\"elementor-heading-title elementor-size-default\">Nivelosien hoito <\/h2>\t\t<\/div>\n\t\t\t\t<\/div>\n\t\t\t\t<div class=\"elementor-element elementor-element-db124c9 elementor-widget elementor-widget-text-editor\" data-id=\"db124c9\" data-element_type=\"widget\" data-widget_type=\"text-editor.default\">\n\t\t\t\t<div class=\"elementor-widget-container\">\n\t\t\t\t\t\t\tLiitoksen osa ei saa j\u00e4\u00e4d\u00e4 liian pitk\u00e4\u00e4n nojaan, jos ei, sen pintaan syntyy ryppyj\u00e4, jotka johtuvat ihoon kohdistuvan pitk\u00e4aikaisen paineen aiheuttamasta ep\u00e4asianmukaisesta asennosta. Jos se esimerkiksi istuu sohvalla pidemp\u00e4\u00e4n, sen vatsalle ilmestyy vaakasuora viiva.\t\t\t\t\t\t<\/div>\n\t\t\t\t<\/div>\n\t\t\t\t<div class=\"elementor-element elementor-element-c56c12b elementor-widget elementor-widget-image\" data-id=\"c56c12b\" data-element_type=\"widget\" data-widget_type=\"image.default\">\n\t\t\t\t<div class=\"elementor-widget-container\">\n\t\t\t\t\t\t\t\t\t\t\t\t\t\t\t<img loading=\"lazy\" decoding=\"async\" width=\"770\" height=\"332\" src=\"https:\/\/renodoll.com\/wp-content\/uploads\/2023\/03\/kb-maintain-2.gif\" class=\"attachment-large size-large wp-image-14561\" alt=\"\" \/>\t\t\t\t\t\t\t\t\t\t\t\t\t\t\t<\/div>\n\t\t\t\t<\/div>\n\t\t\t\t<div class=\"elementor-element elementor-element-04e7cc1 elementor-widget elementor-widget-text-editor\" data-id=\"04e7cc1\" data-element_type=\"widget\" data-widget_type=\"text-editor.default\">\n\t\t\t\t<div class=\"elementor-widget-container\">\n\t\t\t\t\t\t\tSilikonilla on kest\u00e4vyys; seksinukke ei ole k\u00e4yt\u00f6ss\u00e4; pakkaa se samalla tavalla kuin se tuli tehtaalta; se v\u00e4hent\u00e4\u00e4 painetta kaikissa niveliss\u00e4. Laita realistinen seksinukke sivuun muutamaksi p\u00e4iv\u00e4ksi, jos siin\u00e4 on ryppyj\u00e4 ja ryppyj\u00e4, niin se poistuu.\t\t\t\t\t\t<\/div>\n\t\t\t\t<\/div>\n\t\t\t\t<div class=\"elementor-element elementor-element-30b6d21 elementor-invisible elementor-widget elementor-widget-heading\" data-id=\"30b6d21\" data-element_type=\"widget\" data-settings=\"{&quot;_animation&quot;:&quot;fadeInUp&quot;}\" data-widget_type=\"heading.default\">\n\t\t\t\t<div class=\"elementor-widget-container\">\n\t\t\t<h2 class=\"elementor-heading-title elementor-size-default\">Realistisen seksinukkepinnoitteen hoito <\/h2>\t\t<\/div>\n\t\t\t\t<\/div>\n\t\t\t\t<div class=\"elementor-element elementor-element-56ee739 elementor-widget elementor-widget-html\" data-id=\"56ee739\" data-element_type=\"widget\" data-widget_type=\"html.default\">\n\t\t\t\t<div class=\"elementor-widget-container\">\n\t\t\t<ol class=\"number_list_type\"><li>Asiakkaillemme l\u00e4hett\u00e4v\u00e4n rakkausnuken kaunis meikki on silikonipinnoite, joka ei v\u00e4ltt\u00e4m\u00e4tt\u00e4 puhdista<\/li>\n<li>\u00c4l\u00e4 puhdista sit\u00e4 v\u00e4kisin, varsinkaan jos meikki on luonnollisen kokoisen seksinuken kasvot, kulmakarvat ja silm\u00e4ripset. Kiinnit\u00e4 tarkkaan huomiota voimaan, jota k\u00e4ytet\u00e4\u00e4n, kun suoritat rutiinipuhdistuksen aidon kokoisen seksinuken kohdalla.\n<\/li>\n<li>Jos k\u00e4yt\u00e4t paljon voimaa, hiukset irtoavat, ja my\u00f6s niiden v\u00e4ri haalistuu, kun v\u00e4ri haalistuu; korjauksia on vaikea tehd\u00e4.<\/li>\n<li>Yleiskosmetiikkaa voidaan k\u00e4ytt\u00e4\u00e4 seksinukkejen meikkaamiseen, esim. huulipunaa jne.<\/li>\n<li>V\u00e4lt\u00e4 liian paksun ja tahmean voiteen k\u00e4ytt\u00f6\u00e4 kasvojen p\u00e4\u00e4llyst\u00e4miseen, sill\u00e4 muuten sit\u00e4 on vaikea hieroa pois.<\/li>\n<li>Kun vaihdat meikki\u00e4, \u00e4l\u00e4 taputtele sit\u00e4 huolimattomasti suurella energialla; puhdista se huolellisesti saippuavedell\u00e4 tai kasvopyyhkeell\u00e4.<\/li>\n<\/ol>\t\t<\/div>\n\t\t\t\t<\/div>\n\t\t\t\t\t<\/div>\n\t\t<\/div>\n\t\t\t\t\t\t\t<\/div>\n\t\t<\/section>\n\t\t\t\t\t\t\t<\/div>","protected":false},"excerpt":{"rendered":"<p>SILIKONIPINNAN HOITO Sex Doll Care Johdanto Nukkemallin kaksoisnahkaa varten k\u00e4yt\u00e4mme varusteena vieraita polymeerisi\u00e4 ihmiskehon silikonikumia, joka on myrkyt\u00f6n ja hajuton. Kun silikonimateriaaleja ei k\u00e4ytet\u00e4 pitk\u00e4\u00e4n aikaan, niiden pinnoille roiskuu \u00f6ljy\u00e4 silikonikoostumukseen sis\u00e4ltyv\u00e4n silikoni\u00f6ljyn vuoksi, ja t\u00e4m\u00e4 on tavallista. Pinnat tarvitsee vain puhdistaa varovasti mill\u00e4 tahansa puhtaalla. kangas. Lis\u00e4ksi, jos seksinukkeja ei k\u00e4ytet\u00e4 pitk\u00e4\u00e4n aikaan, niiden pinnat tahrautuvat<\/p>","protected":false},"author":1,"featured_media":0,"parent":0,"menu_order":0,"comment_status":"closed","ping_status":"closed","template":"","meta":{"footnotes":""},"class_list":["post-5394","page","type-page","status-publish","hentry"],"aioseo_notices":[],"_links":{"self":[{"href":"https:\/\/renodoll.com\/fi\/wp-json\/wp\/v2\/pages\/5394","targetHints":{"allow":["GET"]}}],"collection":[{"href":"https:\/\/renodoll.com\/fi\/wp-json\/wp\/v2\/pages"}],"about":[{"href":"https:\/\/renodoll.com\/fi\/wp-json\/wp\/v2\/types\/page"}],"author":[{"embeddable":true,"href":"https:\/\/renodoll.com\/fi\/wp-json\/wp\/v2\/users\/1"}],"replies":[{"embeddable":true,"href":"https:\/\/renodoll.com\/fi\/wp-json\/wp\/v2\/comments?post=5394"}],"version-history":[{"count":55,"href":"https:\/\/renodoll.com\/fi\/wp-json\/wp\/v2\/pages\/5394\/revisions"}],"predecessor-version":[{"id":16006,"href":"https:\/\/renodoll.com\/fi\/wp-json\/wp\/v2\/pages\/5394\/revisions\/16006"}],"wp:attachment":[{"href":"https:\/\/renodoll.com\/fi\/wp-json\/wp\/v2\/media?parent=5394"}],"curies":[{"name":"wp","href":"https:\/\/api.w.org\/{rel}","templated":true}]}}