{"id":5342,"date":"2023-02-22T14:38:20","date_gmt":"2023-02-22T06:38:20","guid":{"rendered":"https:\/\/renodoll.com\/?page_id=5342"},"modified":"2023-03-31T18:15:51","modified_gmt":"2023-03-31T10:15:51","slug":"sex-doll-skeleton","status":"publish","type":"page","link":"https:\/\/renodoll.com\/fi\/seksi-nukke-luuranko\/","title":{"rendered":"Seksinuken luuranko"},"content":{"rendered":"<div data-elementor-type=\"wp-page\" data-elementor-id=\"5342\" class=\"elementor elementor-5342\">\n\t\t\t\t\t\t\t\t\t<section class=\"elementor-section elementor-top-section elementor-element elementor-element-acc2331 elementor-section-boxed elementor-section-height-default elementor-section-height-default\" data-id=\"acc2331\" data-element_type=\"section\">\n\t\t\t\t\t\t<div class=\"elementor-container elementor-column-gap-default\">\n\t\t\t\t\t<div class=\"elementor-column elementor-col-100 elementor-top-column elementor-element elementor-element-03b26f5 page-content-text\" data-id=\"03b26f5\" data-element_type=\"column\">\n\t\t\t<div class=\"elementor-widget-wrap elementor-element-populated\">\n\t\t\t\t\t\t\t\t<div class=\"elementor-element elementor-element-881ee1c elementor-widget elementor-widget-text-editor\" data-id=\"881ee1c\" data-element_type=\"widget\" data-widget_type=\"text-editor.default\">\n\t\t\t\t<div class=\"elementor-widget-container\">\n\t\t\t<style>\/*! elementor - v3.10.2 - 29-01-2023 *\/\n.elementor-widget-text-editor.elementor-drop-cap-view-stacked .elementor-drop-cap{background-color:#818a91;color:#fff}.elementor-widget-text-editor.elementor-drop-cap-view-framed .elementor-drop-cap{color:#818a91;border:3px solid;background-color:transparent}.elementor-widget-text-editor:not(.elementor-drop-cap-view-default) .elementor-drop-cap{margin-top:8px}.elementor-widget-text-editor:not(.elementor-drop-cap-view-default) .elementor-drop-cap-letter{width:1em;height:1em}.elementor-widget-text-editor .elementor-drop-cap{float:left;text-align:center;line-height:1;font-size:50px}.elementor-widget-text-editor .elementor-drop-cap-letter{display:inline-block}<\/style>\t\t\t\tRakkausnuken rungon sis\u00e4ll\u00e4 on luurankorakenne, joka auttaa kehon liikett\u00e4 ja est\u00e4\u00e4 vartaloa v\u00e4\u00e4ntym\u00e4st\u00e4 tai putoamasta. Seksinuken sis\u00e4ll\u00e4 oleva luuranko auttaa varmistamaan elini\u00e4n ja kehon kokokapasiteetin. Luurangojen erilaiset mallit auttavat vahvistamaan liikkeet, joita rakkausnuket voivat tehd\u00e4.\t\t\t\t\t\t<\/div>\n\t\t\t\t<\/div>\n\t\t\t\t<div class=\"elementor-element elementor-element-4556673 elementor-widget elementor-widget-text-editor\" data-id=\"4556673\" data-element_type=\"widget\" data-widget_type=\"text-editor.default\">\n\t\t\t\t<div class=\"elementor-widget-container\">\n\t\t\t\t\t\t\tKatso t\u00e4m\u00e4n viestin alla olevat kuvat n\u00e4hd\u00e4ksesi, kuinka luuranko toimii.\t\t\t\t\t\t<\/div>\n\t\t\t\t<\/div>\n\t\t\t\t<div class=\"elementor-element elementor-element-38afaf6 elementor-invisible elementor-widget elementor-widget-image\" data-id=\"38afaf6\" data-element_type=\"widget\" data-settings=\"{&quot;_animation&quot;:&quot;zoomIn&quot;}\" data-widget_type=\"image.default\">\n\t\t\t\t<div class=\"elementor-widget-container\">\n\t\t\t<style>\/*! elementor - v3.10.2 - 29-01-2023 *\/\n.elementor-widget-image{text-align:center}.elementor-widget-image a{display:inline-block}.elementor-widget-image a img[src$=\".svg\"]{width:48px}.elementor-widget-image img{vertical-align:middle;display:inline-block}<\/style>\t\t\t\t\t\t\t\t\t\t\t\t<img loading=\"lazy\" decoding=\"async\" width=\"1000\" height=\"828\" src=\"https:\/\/renodoll.com\/wp-content\/uploads\/2023\/03\/skeleton-introduction.png\" class=\"attachment-large size-large wp-image-6565\" alt=\"\" srcset=\"https:\/\/renodoll.com\/wp-content\/uploads\/2023\/03\/skeleton-introduction.png 1000w, https:\/\/renodoll.com\/wp-content\/uploads\/2023\/03\/skeleton-introduction-300x248.png 300w, https:\/\/renodoll.com\/wp-content\/uploads\/2023\/03\/skeleton-introduction-768x636.png 768w, https:\/\/renodoll.com\/wp-content\/uploads\/2023\/03\/skeleton-introduction-14x12.png 14w, https:\/\/renodoll.com\/wp-content\/uploads\/2023\/03\/skeleton-introduction-100x83.png 100w, https:\/\/renodoll.com\/wp-content\/uploads\/2023\/03\/skeleton-introduction-600x497.png 600w, https:\/\/renodoll.com\/wp-content\/uploads\/2023\/03\/skeleton-introduction-10x8.png 10w\" sizes=\"auto, (max-width: 1000px) 100vw, 1000px\" \/>\t\t\t\t\t\t\t\t\t\t\t\t\t\t\t<\/div>\n\t\t\t\t<\/div>\n\t\t\t\t<div class=\"elementor-element elementor-element-cc71f48 elementor-widget elementor-widget-text-editor\" data-id=\"cc71f48\" data-element_type=\"widget\" data-widget_type=\"text-editor.default\">\n\t\t\t\t<div class=\"elementor-widget-container\">\n\t\t\t\t\t\t\tT\u00e4ll\u00e4 hetkell\u00e4 meill\u00e4 on kaksi erilaista luurankoa, jotka tulevat eri kustannuksin. Merkitt\u00e4v\u00e4 ero n\u00e4iden kahden v\u00e4lill\u00e4 on, ett\u00e4 vaikka toinen osaa kohauttaa olkap\u00e4it\u00e4\u00e4n, toinen ei. On hyv\u00e4 seurata artikkelia loppuun asti n\u00e4hd\u00e4ksesi muut erot.\t\t\t\t\t\t<\/div>\n\t\t\t\t<\/div>\n\t\t\t\t<div class=\"elementor-element elementor-element-b7893ed elementor-invisible elementor-widget elementor-widget-image\" data-id=\"b7893ed\" data-element_type=\"widget\" data-settings=\"{&quot;_animation&quot;:&quot;zoomIn&quot;}\" data-widget_type=\"image.default\">\n\t\t\t\t<div class=\"elementor-widget-container\">\n\t\t\t\t\t\t\t\t\t\t\t\t\t\t\t<img loading=\"lazy\" decoding=\"async\" width=\"932\" height=\"1200\" src=\"https:\/\/renodoll.com\/wp-content\/uploads\/2023\/03\/h3bd0710ee3cb4337bf498e9c8b5ea2583-1662214320665.png\" class=\"attachment-full size-full wp-image-6566\" alt=\"\" srcset=\"https:\/\/renodoll.com\/wp-content\/uploads\/2023\/03\/h3bd0710ee3cb4337bf498e9c8b5ea2583-1662214320665.png 932w, https:\/\/renodoll.com\/wp-content\/uploads\/2023\/03\/h3bd0710ee3cb4337bf498e9c8b5ea2583-1662214320665-233x300.png 233w, https:\/\/renodoll.com\/wp-content\/uploads\/2023\/03\/h3bd0710ee3cb4337bf498e9c8b5ea2583-1662214320665-795x1024.png 795w, https:\/\/renodoll.com\/wp-content\/uploads\/2023\/03\/h3bd0710ee3cb4337bf498e9c8b5ea2583-1662214320665-768x989.png 768w, https:\/\/renodoll.com\/wp-content\/uploads\/2023\/03\/h3bd0710ee3cb4337bf498e9c8b5ea2583-1662214320665-9x12.png 9w, https:\/\/renodoll.com\/wp-content\/uploads\/2023\/03\/h3bd0710ee3cb4337bf498e9c8b5ea2583-1662214320665-78x100.png 78w, https:\/\/renodoll.com\/wp-content\/uploads\/2023\/03\/h3bd0710ee3cb4337bf498e9c8b5ea2583-1662214320665-300x386.png 300w, https:\/\/renodoll.com\/wp-content\/uploads\/2023\/03\/h3bd0710ee3cb4337bf498e9c8b5ea2583-1662214320665-600x773.png 600w, https:\/\/renodoll.com\/wp-content\/uploads\/2023\/03\/h3bd0710ee3cb4337bf498e9c8b5ea2583-1662214320665-8x10.png 8w\" sizes=\"auto, (max-width: 932px) 100vw, 932px\" \/>\t\t\t\t\t\t\t\t\t\t\t\t\t\t\t<\/div>\n\t\t\t\t<\/div>\n\t\t\t\t<div class=\"elementor-element elementor-element-48b66a9 elementor-widget elementor-widget-text-editor\" data-id=\"48b66a9\" data-element_type=\"widget\" data-widget_type=\"text-editor.default\">\n\t\t\t\t<div class=\"elementor-widget-container\">\n\t\t\t\t\t\t\tPohtiessaan seksinukkea, seksinukkemaailman aloittelijat voivat kohdata jonkinlaista h\u00e4mmennyst\u00e4 valittaessaan tavallisten EVO-luurankojen ja EVO-luurankojen v\u00e4lill\u00e4. Mit\u00e4 n\u00e4m\u00e4 erot ovat, saatat kysy\u00e4? Pysy kanssamme, niin kerromme sinulle.\t\t\t\t\t\t<\/div>\n\t\t\t\t<\/div>\n\t\t\t\t<div class=\"elementor-element elementor-element-2aae69c elementor-invisible elementor-widget elementor-widget-heading\" data-id=\"2aae69c\" data-element_type=\"widget\" data-settings=\"{&quot;_animation&quot;:&quot;fadeInUp&quot;}\" data-widget_type=\"heading.default\">\n\t\t\t\t<div class=\"elementor-widget-container\">\n\t\t\t<style>\/*! elementor - v3.10.2 - 29-01-2023 *\/\n.elementor-heading-title{padding:0;margin:0;line-height:1}.elementor-widget-heading .elementor-heading-title[class*=elementor-size-]>a{color:inherit;font-size:inherit;line-height:inherit}.elementor-widget-heading .elementor-heading-title.elementor-size-small{font-size:15px}.elementor-widget-heading .elementor-heading-title.elementor-size-medium{font-size:19px}.elementor-widget-heading .elementor-heading-title.elementor-size-large{font-size:29px}.elementor-widget-heading .elementor-heading-title.elementor-size-xl{font-size:39px}.elementor-widget-heading .elementor-heading-title.elementor-size-xxl{font-size:59px}<\/style><h2 class=\"elementor-heading-title elementor-size-default\">Normaali luuranko<\/h2>\t\t<\/div>\n\t\t\t\t<\/div>\n\t\t\t\t<div class=\"elementor-element elementor-element-8b640d4 elementor-widget elementor-widget-text-editor\" data-id=\"8b640d4\" data-element_type=\"widget\" data-widget_type=\"text-editor.default\">\n\t\t\t\t<div class=\"elementor-widget-container\">\n\t\t\t\t\t\t\tStandard Skeleton -nukke ei salli hartioiden py\u00f6rimist\u00e4, koska se on melko j\u00e4ykk\u00e4. \t\t\t\t\t\t<\/div>\n\t\t\t\t<\/div>\n\t\t\t\t<div class=\"elementor-element elementor-element-baa72d8 elementor-widget elementor-widget-text-editor\" data-id=\"baa72d8\" data-element_type=\"widget\" data-widget_type=\"text-editor.default\">\n\t\t\t\t<div class=\"elementor-widget-container\">\n\t\t\t\t\t\t\tKyyn\u00e4rp\u00e4\u00e4t ja polvet voidaan taivuttaa hieman. Noin 90 astetta. \t\t\t\t\t\t<\/div>\n\t\t\t\t<\/div>\n\t\t\t\t<div class=\"elementor-element elementor-element-4ffcfcb elementor-widget elementor-widget-text-editor\" data-id=\"4ffcfcb\" data-element_type=\"widget\" data-widget_type=\"text-editor.default\">\n\t\t\t\t<div class=\"elementor-widget-container\">\n\t\t\t\t\t\t\tSuurin osa, ellei kaikki, vakioluurankoista voidaan tuoda vain eteen- ja taaksep\u00e4in.\t\t\t\t\t\t<\/div>\n\t\t\t\t<\/div>\n\t\t\t\t<div class=\"elementor-element elementor-element-e31910a elementor-invisible elementor-widget elementor-widget-heading\" data-id=\"e31910a\" data-element_type=\"widget\" data-settings=\"{&quot;_animation&quot;:&quot;fadeInUp&quot;}\" data-widget_type=\"heading.default\">\n\t\t\t\t<div class=\"elementor-widget-container\">\n\t\t\t<h2 class=\"elementor-heading-title elementor-size-default\">Evo Skeleton<\/h2>\t\t<\/div>\n\t\t\t\t<\/div>\n\t\t\t\t<div class=\"elementor-element elementor-element-780de4e elementor-widget elementor-widget-text-editor\" data-id=\"780de4e\" data-element_type=\"widget\" data-widget_type=\"text-editor.default\">\n\t\t\t\t<div class=\"elementor-widget-container\">\n\t\t\t\t\t\t\tHiljattain kunnostettu EVO Skeleton saa seksinukkesi kohauttamaan olkap\u00e4it\u00e4\u00e4n ja antaa h\u00e4nelle vapauden ly\u00f6d\u00e4 erilaisia asennuksia todenmukaisemmin.\t\t\t\t\t\t<\/div>\n\t\t\t\t<\/div>\n\t\t\t\t<div class=\"elementor-element elementor-element-9de1aa2 elementor-widget elementor-widget-text-editor\" data-id=\"9de1aa2\" data-element_type=\"widget\" data-widget_type=\"text-editor.default\">\n\t\t\t\t<div class=\"elementor-widget-container\">\n\t\t\t\t\t\t\tAikuisen seksinukkesi jalat voidaan taivuttaa siten, ett\u00e4 jalat ulottuvat rakkausnuken peppuun joko alasp\u00e4in tai W-asentoon.\t\t\t\t\t\t<\/div>\n\t\t\t\t<\/div>\n\t\t\t\t<div class=\"elementor-element elementor-element-13a0f35 elementor-widget elementor-widget-text-editor\" data-id=\"13a0f35\" data-element_type=\"widget\" data-widget_type=\"text-editor.default\">\n\t\t\t\t<div class=\"elementor-widget-container\">\n\t\t\t\t\t\t\tLuonnonkokoisen nuken selk\u00e4ranka ei ole j\u00e4ykk\u00e4 verrattuna tavalliseen luurankoon. T\u00e4m\u00e4n ansiosta seksik\u00e4s seksinukke voi liikuttaa selk\u00e4rankaa omistajan haluamalla tavalla, mik\u00e4 luo paljon intiimimp\u00e4\u00e4 nautintoa omistajien toivomalla tavalla.\t\t\t\t\t\t<\/div>\n\t\t\t\t<\/div>\n\t\t\t\t<section class=\"elementor-section elementor-inner-section elementor-element elementor-element-389eee2 elementor-section-boxed elementor-section-height-default elementor-section-height-default\" data-id=\"389eee2\" data-element_type=\"section\">\n\t\t\t\t\t\t<div class=\"elementor-container elementor-column-gap-default\">\n\t\t\t\t\t<div class=\"elementor-column elementor-col-50 elementor-inner-column elementor-element elementor-element-209d53e\" data-id=\"209d53e\" data-element_type=\"column\">\n\t\t\t<div class=\"elementor-widget-wrap elementor-element-populated\">\n\t\t\t\t\t\t\t\t<div class=\"elementor-element elementor-element-acedf47 elementor-invisible elementor-widget elementor-widget-heading\" data-id=\"acedf47\" data-element_type=\"widget\" data-settings=\"{&quot;_animation&quot;:&quot;fadeInUp&quot;}\" data-widget_type=\"heading.default\">\n\t\t\t\t<div class=\"elementor-widget-container\">\n\t\t\t<h2 class=\"elementor-heading-title elementor-size-default\">Sex Doll P\u00e4ivitetty EVO Skeleton<\/h2>\t\t<\/div>\n\t\t\t\t<\/div>\n\t\t\t\t<div class=\"elementor-element elementor-element-a110e11 elementor-widget elementor-widget-text-editor\" data-id=\"a110e11\" data-element_type=\"widget\" data-widget_type=\"text-editor.default\">\n\t\t\t\t<div class=\"elementor-widget-container\">\n\t\t\t\t\t\t\tToisin kuin tavallinen luuranko, EVO on yksityiskohtaisempi ja kunnostettu luuranko. Se on joustava ja antaa tilaa luonnollisemmalle ja realistisemmalle poseeraamiselle, mik\u00e4 voi olla hyv\u00e4 mallin tai valokuvauksen ja edistyneen seksuaalisen asennon kannalta. Joidenkin yritysten, kuten WM, Piper, Starpery ja niin monet muut edistyneet EVO-rungot jatkavat n\u00e4iden oikeiden nukkejen kehitt\u00e4mist\u00e4, jotta ne ovat joustavampia kaksoisnivelisten k\u00e4sien ja jalkojen ansiosta. T\u00e4m\u00e4 auttaa heid\u00e4n kyykky- ja polvistusvenytyksi\u00e4\u00e4n olemaan yht\u00e4 samanlaisia kuin ihmisen.\t\t\t\t\t\t<\/div>\n\t\t\t\t<\/div>\n\t\t\t\t<div class=\"elementor-element elementor-element-41811f4 elementor-widget elementor-widget-text-editor\" data-id=\"41811f4\" data-element_type=\"widget\" data-widget_type=\"text-editor.default\">\n\t\t\t\t<div class=\"elementor-widget-container\">\n\t\t\t\t\t\t\tRakkausnukkesi luurangon parantaminen maksaa. Jos et vaadi paljon joustavuutta nivelalueilla, vakiorunko on valintasi. Jos kaipaat paljon intiimimpi\u00e4 ja nautinnollisempia hetki\u00e4 seksinukkesi kanssa sen joustavuuden vuoksi, EVO-runko on sinua varten.\t\t\t\t\t\t<\/div>\n\t\t\t\t<\/div>\n\t\t\t\t\t<\/div>\n\t\t<\/div>\n\t\t\t\t<div class=\"elementor-column elementor-col-50 elementor-inner-column elementor-element elementor-element-c8cd916\" data-id=\"c8cd916\" data-element_type=\"column\">\n\t\t\t<div class=\"elementor-widget-wrap elementor-element-populated\">\n\t\t\t\t\t\t\t\t<div class=\"elementor-element elementor-element-2f820d1 elementor-aspect-ratio-32 elementor-widget elementor-widget-video\" data-id=\"2f820d1\" data-element_type=\"widget\" data-settings=\"{&quot;video_type&quot;:&quot;hosted&quot;,&quot;autoplay&quot;:&quot;yes&quot;,&quot;loop&quot;:&quot;yes&quot;,&quot;aspect_ratio&quot;:&quot;32&quot;,&quot;controls&quot;:&quot;yes&quot;}\" data-widget_type=\"video.default\">\n\t\t\t\t<div class=\"elementor-widget-container\">\n\t\t\t<style>\/*! elementor - v3.10.2 - 29-01-2023 *\/\n.elementor-widget-video .elementor-widget-container{overflow:hidden;transform:translateZ(0)}.elementor-widget-video .elementor-open-inline .elementor-custom-embed-image-overlay{position:absolute;top:0;left:0;width:100%;height:100%;background-size:cover;background-position:50%}.elementor-widget-video .elementor-custom-embed-image-overlay{cursor:pointer;text-align:center}.elementor-widget-video .elementor-custom-embed-image-overlay:hover .elementor-custom-embed-play i{opacity:1}.elementor-widget-video .elementor-custom-embed-image-overlay img{display:block;width:100%}.elementor-widget-video .e-hosted-video .elementor-video{-o-object-fit:cover;object-fit:cover}.e-con-inner>.elementor-widget-video,.e-con>.elementor-widget-video{width:var(--container-widget-width);--flex-grow:var(--container-widget-flex-grow)}<\/style>\t\t<div class=\"e-hosted-video elementor-wrapper elementor-fit-aspect-ratio elementor-open-inline\">\n\t\t\t\t\t<video class=\"elementor-video\" src=\"http:\/\/renodoll.com\/wp-content\/uploads\/2023\/03\/RudeLustrousBooby-mobile.mp4\" autoplay=\"\" loop=\"\" controls=\"\"><\/video>\n\t\t\t\t<\/div>\n\t\t\t\t<\/div>\n\t\t\t\t<\/div>\n\t\t\t\t\t<\/div>\n\t\t<\/div>\n\t\t\t\t\t\t\t<\/div>\n\t\t<\/section>\n\t\t\t\t\t<\/div>\n\t\t<\/div>\n\t\t\t\t\t\t\t<\/div>\n\t\t<\/section>\n\t\t\t\t\t\t\t<\/div>","protected":false},"excerpt":{"rendered":"<p>IInside the body of the love doll, there is a skeleton structure that aids body movement and prevents the body from twisting or falling. The skeleton inside the sex doll helps ascertain the lifespan and size capacity the body can hold. The various designs of the skeletons help confirm the movements the love dolls can make.Check out the pictures beneath this post to see how the skeleton works. Currently, we have two different kinds of skeletons, which come at different costs. The significant difference between the two is that while one can shrug, the other can&#8217;t. Do well to follow<\/p>","protected":false},"author":1,"featured_media":0,"parent":0,"menu_order":0,"comment_status":"closed","ping_status":"closed","template":"","meta":{"footnotes":""},"class_list":["post-5342","page","type-page","status-publish","hentry"],"aioseo_notices":[],"_links":{"self":[{"href":"https:\/\/renodoll.com\/fi\/wp-json\/wp\/v2\/pages\/5342","targetHints":{"allow":["GET"]}}],"collection":[{"href":"https:\/\/renodoll.com\/fi\/wp-json\/wp\/v2\/pages"}],"about":[{"href":"https:\/\/renodoll.com\/fi\/wp-json\/wp\/v2\/types\/page"}],"author":[{"embeddable":true,"href":"https:\/\/renodoll.com\/fi\/wp-json\/wp\/v2\/users\/1"}],"replies":[{"embeddable":true,"href":"https:\/\/renodoll.com\/fi\/wp-json\/wp\/v2\/comments?post=5342"}],"version-history":[{"count":41,"href":"https:\/\/renodoll.com\/fi\/wp-json\/wp\/v2\/pages\/5342\/revisions"}],"predecessor-version":[{"id":14819,"href":"https:\/\/renodoll.com\/fi\/wp-json\/wp\/v2\/pages\/5342\/revisions\/14819"}],"wp:attachment":[{"href":"https:\/\/renodoll.com\/fi\/wp-json\/wp\/v2\/media?parent=5342"}],"curies":[{"name":"wp","href":"https:\/\/api.w.org\/{rel}","templated":true}]}}