{"id":5157,"date":"2023-02-20T14:08:08","date_gmt":"2023-02-20T06:08:08","guid":{"rendered":"https:\/\/renodoll.com\/?page_id=5157"},"modified":"2023-03-31T14:23:28","modified_gmt":"2023-03-31T06:23:28","slug":"disclaimer","status":"publish","type":"page","link":"https:\/\/renodoll.com\/fi\/vastuuvapauslauseke\/","title":{"rendered":"Vastuuvapauslauseke"},"content":{"rendered":"<div data-elementor-type=\"wp-page\" data-elementor-id=\"5157\" class=\"elementor elementor-5157\">\n\t\t\t\t\t\t\t\t\t<section class=\"elementor-section elementor-top-section elementor-element elementor-element-2aace59 elementor-section-boxed elementor-section-height-default elementor-section-height-default\" data-id=\"2aace59\" data-element_type=\"section\">\n\t\t\t\t\t\t<div class=\"elementor-container elementor-column-gap-no\">\n\t\t\t\t\t<div class=\"elementor-column elementor-col-100 elementor-top-column elementor-element elementor-element-0017d57\" data-id=\"0017d57\" data-element_type=\"column\">\n\t\t\t<div class=\"elementor-widget-wrap elementor-element-populated\">\n\t\t\t\t\t\t\t\t<div class=\"elementor-element elementor-element-8a2ff4e elementor-widget elementor-widget-spacer\" data-id=\"8a2ff4e\" data-element_type=\"widget\" data-widget_type=\"spacer.default\">\n\t\t\t\t<div class=\"elementor-widget-container\">\n\t\t\t<style>\/*! elementor - v3.10.2 - 29-01-2023 *\/\n.elementor-column .elementor-spacer-inner{height:var(--spacer-size)}.e-con{--container-widget-width:100%}.e-con-inner>.elementor-widget-spacer,.e-con>.elementor-widget-spacer{width:var(--container-widget-width,var(--spacer-size));--align-self:var(--container-widget-align-self,initial);--flex-shrink:0}.e-con-inner>.elementor-widget-spacer>.elementor-widget-container,.e-con-inner>.elementor-widget-spacer>.elementor-widget-container>.elementor-spacer,.e-con>.elementor-widget-spacer>.elementor-widget-container,.e-con>.elementor-widget-spacer>.elementor-widget-container>.elementor-spacer{height:100%}.e-con-inner>.elementor-widget-spacer>.elementor-widget-container>.elementor-spacer>.elementor-spacer-inner,.e-con>.elementor-widget-spacer>.elementor-widget-container>.elementor-spacer>.elementor-spacer-inner{height:var(--container-widget-height,var(--spacer-size))}<\/style>\t\t<div class=\"elementor-spacer\">\n\t\t\t<div class=\"elementor-spacer-inner\"><\/div>\n\t\t<\/div>\n\t\t\t\t<\/div>\n\t\t\t\t<\/div>\n\t\t\t\t<section class=\"elementor-section elementor-inner-section elementor-element elementor-element-16bb0ad elementor-section-boxed elementor-section-height-default elementor-section-height-default\" data-id=\"16bb0ad\" data-element_type=\"section\">\n\t\t\t\t\t\t<div class=\"elementor-container elementor-column-gap-default\">\n\t\t\t\t\t<div class=\"elementor-column elementor-col-50 elementor-inner-column elementor-element elementor-element-3d41176\" data-id=\"3d41176\" data-element_type=\"column\">\n\t\t\t<div class=\"elementor-widget-wrap elementor-element-populated\">\n\t\t\t\t\t\t\t\t<div class=\"elementor-element elementor-element-5997a9f elementor-invisible elementor-widget elementor-widget-heading\" data-id=\"5997a9f\" data-element_type=\"widget\" data-settings=\"{&quot;_animation&quot;:&quot;fadeInUp&quot;}\" data-widget_type=\"heading.default\">\n\t\t\t\t<div class=\"elementor-widget-container\">\n\t\t\t<style>\/*! elementor - v3.10.2 - 29-01-2023 *\/\n.elementor-heading-title{padding:0;margin:0;line-height:1}.elementor-widget-heading .elementor-heading-title[class*=elementor-size-]>a{color:inherit;font-size:inherit;line-height:inherit}.elementor-widget-heading .elementor-heading-title.elementor-size-small{font-size:15px}.elementor-widget-heading .elementor-heading-title.elementor-size-medium{font-size:19px}.elementor-widget-heading .elementor-heading-title.elementor-size-large{font-size:29px}.elementor-widget-heading .elementor-heading-title.elementor-size-xl{font-size:39px}.elementor-widget-heading .elementor-heading-title.elementor-size-xxl{font-size:59px}<\/style><h2 class=\"elementor-heading-title elementor-size-default\">Varoitus<\/h2>\t\t<\/div>\n\t\t\t\t<\/div>\n\t\t\t\t<div class=\"elementor-element elementor-element-3feda34 elementor-widget elementor-widget-text-editor\" data-id=\"3feda34\" data-element_type=\"widget\" data-widget_type=\"text-editor.default\">\n\t\t\t\t<div class=\"elementor-widget-container\">\n\t\t\t<style>\/*! elementor - v3.10.2 - 29-01-2023 *\/\n.elementor-widget-text-editor.elementor-drop-cap-view-stacked .elementor-drop-cap{background-color:#818a91;color:#fff}.elementor-widget-text-editor.elementor-drop-cap-view-framed .elementor-drop-cap{color:#818a91;border:3px solid;background-color:transparent}.elementor-widget-text-editor:not(.elementor-drop-cap-view-default) .elementor-drop-cap{margin-top:8px}.elementor-widget-text-editor:not(.elementor-drop-cap-view-default) .elementor-drop-cap-letter{width:1em;height:1em}.elementor-widget-text-editor .elementor-drop-cap{float:left;text-align:center;line-height:1;font-size:50px}.elementor-widget-text-editor .elementor-drop-cap-letter{display:inline-block}<\/style>\t\t\t\tT\u00e4m\u00e4 sivusto sis\u00e4lt\u00e4\u00e4 materiaalia p\u00e4\u00e4asiassa seksuaaliseen kiihottumiseen ja tyydytykseen, ja se on tarkoitettu vain 18-vuotiaille ja sit\u00e4 vanhemmille henkil\u00f6ille. Ennen kuin kirjaudut sivuillemme, sinun tulee hyv\u00e4ksy\u00e4 seuraavat ehdot:\t\t\t\t\t\t<\/div>\n\t\t\t\t<\/div>\n\t\t\t\t<div class=\"elementor-element elementor-element-1a4cbf5 elementor-widget elementor-widget-spacer\" data-id=\"1a4cbf5\" data-element_type=\"widget\" data-widget_type=\"spacer.default\">\n\t\t\t\t<div class=\"elementor-widget-container\">\n\t\t\t\t\t<div class=\"elementor-spacer\">\n\t\t\t<div class=\"elementor-spacer-inner\"><\/div>\n\t\t<\/div>\n\t\t\t\t<\/div>\n\t\t\t\t<\/div>\n\t\t\t\t<div class=\"elementor-element elementor-element-57d9795 elementor-invisible elementor-widget elementor-widget-heading\" data-id=\"57d9795\" data-element_type=\"widget\" data-settings=\"{&quot;_animation&quot;:&quot;fadeInUp&quot;}\" data-widget_type=\"heading.default\">\n\t\t\t\t<div class=\"elementor-widget-container\">\n\t\t\t<h2 class=\"elementor-heading-title elementor-size-default\">18-vuotiaat ja sit\u00e4 vanhemmat aikuiset <\/h2>\t\t<\/div>\n\t\t\t\t<\/div>\n\t\t\t\t<div class=\"elementor-element elementor-element-4079b24 elementor-widget elementor-widget-text-editor\" data-id=\"4079b24\" data-element_type=\"widget\" data-widget_type=\"text-editor.default\">\n\t\t\t\t<div class=\"elementor-widget-container\">\n\t\t\t\t\t\t\t<p>renodoll.com ei voi eik\u00e4 koskaan kiell\u00e4 alaik\u00e4isi\u00e4 tutustumasta sivustoon. Vanhempien ja huoltajien yksin vastuulla on valvoa lasten ja teini-ik\u00e4isten toimintaa asianmukaisella materiaalilla, joka on heid\u00e4n n\u00e4ht\u00e4v\u00e4kseen. RenoDoll hyv\u00e4ksyy vain 18 vuotta t\u00e4ytt\u00e4neen aikuisen tekem\u00e4t ostokset.<\/p>\t\t\t\t\t\t<\/div>\n\t\t\t\t<\/div>\n\t\t\t\t\t<\/div>\n\t\t<\/div>\n\t\t\t\t<div class=\"elementor-column elementor-col-50 elementor-inner-column elementor-element elementor-element-df8a856\" data-id=\"df8a856\" data-element_type=\"column\">\n\t\t\t<div class=\"elementor-widget-wrap elementor-element-populated\">\n\t\t\t\t\t\t\t\t<div class=\"elementor-element elementor-element-5e5ebd7 elementor-widget elementor-widget-image\" data-id=\"5e5ebd7\" data-element_type=\"widget\" data-widget_type=\"image.default\">\n\t\t\t\t<div class=\"elementor-widget-container\">\n\t\t\t<style>\/*! elementor - v3.10.2 - 29-01-2023 *\/\n.elementor-widget-image{text-align:center}.elementor-widget-image a{display:inline-block}.elementor-widget-image a img[src$=\".svg\"]{width:48px}.elementor-widget-image img{vertical-align:middle;display:inline-block}<\/style>\t\t\t\t\t\t\t\t\t\t\t\t<img loading=\"lazy\" decoding=\"async\" width=\"626\" height=\"391\" src=\"https:\/\/renodoll.com\/wp-content\/uploads\/2023\/03\/renodoll_adults-only-18-plus.jpg\" class=\"attachment-large size-large wp-image-14375\" alt=\"\" srcset=\"https:\/\/renodoll.com\/wp-content\/uploads\/2023\/03\/renodoll_adults-only-18-plus.jpg 626w, https:\/\/renodoll.com\/wp-content\/uploads\/2023\/03\/renodoll_adults-only-18-plus-300x187.jpg 300w, https:\/\/renodoll.com\/wp-content\/uploads\/2023\/03\/renodoll_adults-only-18-plus-18x12.jpg 18w, https:\/\/renodoll.com\/wp-content\/uploads\/2023\/03\/renodoll_adults-only-18-plus-100x62.jpg 100w, https:\/\/renodoll.com\/wp-content\/uploads\/2023\/03\/renodoll_adults-only-18-plus-600x375.jpg 600w, https:\/\/renodoll.com\/wp-content\/uploads\/2023\/03\/renodoll_adults-only-18-plus-10x6.jpg 10w\" sizes=\"auto, (max-width: 626px) 100vw, 626px\" \/>\t\t\t\t\t\t\t\t\t\t\t\t\t\t\t<\/div>\n\t\t\t\t<\/div>\n\t\t\t\t\t<\/div>\n\t\t<\/div>\n\t\t\t\t\t\t\t<\/div>\n\t\t<\/section>\n\t\t\t\t<div class=\"elementor-element elementor-element-d37e8f7 elementor-widget elementor-widget-spacer\" data-id=\"d37e8f7\" data-element_type=\"widget\" data-widget_type=\"spacer.default\">\n\t\t\t\t<div class=\"elementor-widget-container\">\n\t\t\t\t\t<div class=\"elementor-spacer\">\n\t\t\t<div class=\"elementor-spacer-inner\"><\/div>\n\t\t<\/div>\n\t\t\t\t<\/div>\n\t\t\t\t<\/div>\n\t\t\t\t<div class=\"elementor-element elementor-element-fd092ed elementor-invisible elementor-widget elementor-widget-heading\" data-id=\"fd092ed\" data-element_type=\"widget\" data-settings=\"{&quot;_animation&quot;:&quot;fadeInUp&quot;}\" data-widget_type=\"heading.default\">\n\t\t\t\t<div class=\"elementor-widget-container\">\n\t\t\t<h2 class=\"elementor-heading-title elementor-size-default\">Tekij\u00e4noikeus<\/h2>\t\t<\/div>\n\t\t\t\t<\/div>\n\t\t\t\t<div class=\"elementor-element elementor-element-4a2734b elementor-widget elementor-widget-text-editor\" data-id=\"4a2734b\" data-element_type=\"widget\" data-widget_type=\"text-editor.default\">\n\t\t\t\t<div class=\"elementor-widget-container\">\n\t\t\t\t\t\t\t<p>Jos t\u00e4m\u00e4 ei ole vasta-aiheista, kaikki saatavilla olevat resurssit, sek\u00e4 kuvalliset mallit, verkkosivustot, kirjoitukset, kokoonpanot ja muut valinnat, ovat kaikki renodoll.comin omistusoikeuksia; T\u00e4st\u00e4 syyst\u00e4 t\u00e4m\u00e4n verkkosivuston sis\u00e4ll\u00f6n k\u00e4ytt\u00f6 on tarkoitettu yksinomaan liiketoimintatarkoituksiin, eik\u00e4 siihen ole liitetty piilotettuja tavoitteita. Mit\u00e4\u00e4n t\u00e4lt\u00e4 verkkosivustolta kopioitua materiaalia ei saa uudistaa, muuttaa, tulostaa uudelleen, l\u00e4hett\u00e4\u00e4, v\u00e4litt\u00e4\u00e4 ja jakaa mill\u00e4\u00e4n tavalla eik\u00e4 kukaan ilman asianmukaista suostumusta renodoll.com-sivuston kirjallisen asiakirjan kautta. Kaikki oikeudet, joita ei ole annettu asianmukaisesti, asetetaan sivuun. T\u00e4m\u00e4n sivuston n\u00e4ytteiden k\u00e4ytt\u00f6 ilman asianmukaista lupaa voi peukaloida oikeutta ja tavaramerkki\u00e4, mik\u00e4 voi johtaa rikos- tai siviilioikeuteen.<\/p>\t\t\t\t\t\t<\/div>\n\t\t\t\t<\/div>\n\t\t\t\t<div class=\"elementor-element elementor-element-b84993c elementor-widget elementor-widget-spacer\" data-id=\"b84993c\" data-element_type=\"widget\" data-widget_type=\"spacer.default\">\n\t\t\t\t<div class=\"elementor-widget-container\">\n\t\t\t\t\t<div class=\"elementor-spacer\">\n\t\t\t<div class=\"elementor-spacer-inner\"><\/div>\n\t\t<\/div>\n\t\t\t\t<\/div>\n\t\t\t\t<\/div>\n\t\t\t\t<div class=\"elementor-element elementor-element-4cc3835 elementor-invisible elementor-widget elementor-widget-heading\" data-id=\"4cc3835\" data-element_type=\"widget\" data-settings=\"{&quot;_animation&quot;:&quot;fadeInUp&quot;}\" data-widget_type=\"heading.default\">\n\t\t\t\t<div class=\"elementor-widget-container\">\n\t\t\t<h2 class=\"elementor-heading-title elementor-size-default\">Vastuuvapauslauseke<\/h2>\t\t<\/div>\n\t\t\t\t<\/div>\n\t\t\t\t<div class=\"elementor-element elementor-element-5b37396 elementor-widget elementor-widget-text-editor\" data-id=\"5b37396\" data-element_type=\"widget\" data-widget_type=\"text-editor.default\">\n\t\t\t\t<div class=\"elementor-widget-container\">\n\t\t\t\t\t\t\t<p>Kaikki t\u00e4m\u00e4n verkon sis\u00e4lt\u00f6 on saatavilla alkuper\u00e4isess\u00e4 muodossaan ilman takuuta. Tilaamalla t\u00e4m\u00e4n sivuston hyv\u00e4ksyt kaikki vaarat, jotka liittyv\u00e4t t\u00e4m\u00e4n sivuston kaiken sis\u00e4ll\u00f6n k\u00e4ytt\u00f6\u00f6n. renodoll.com, sen henkil\u00f6kunta, johtoryhm\u00e4 ja urakoitsijat eiv\u00e4t ole vastuussa mist\u00e4\u00e4n menetyksist\u00e4 tai vahingoista, jotka johtuvat kyvytt\u00f6myydest\u00e4si k\u00e4ytt\u00e4\u00e4 sivustoa ja sen linkkej\u00e4 oikein. renodoll.com ja h\u00e4nen verkkosivuston sis\u00e4lt\u00f6\u00f6n osallistuneita avustajia ei voida saattaa vastuuseen, jos riippuvuutesi sis\u00e4ll\u00f6st\u00e4 aiheuttaa ongelmia.<\/p>\t\t\t\t\t\t<\/div>\n\t\t\t\t<\/div>\n\t\t\t\t<div class=\"elementor-element elementor-element-5fbeccb elementor-widget elementor-widget-text-editor\" data-id=\"5fbeccb\" data-element_type=\"widget\" data-widget_type=\"text-editor.default\">\n\t\t\t\t<div class=\"elementor-widget-container\">\n\t\t\t\t\t\t\t<p>T\u00e4lt\u00e4 sivustolta l\u00f6yd\u00e4t kaikki tuotteet j\u00e4nnitt\u00e4vi\u00e4 ja ainutlaatuisia kokemuksia varten. RenoDoll ei takaa, ett\u00e4 tuotteemme ovat ehji\u00e4, vailla valmistajan virheit\u00e4 eik\u00e4 valmistajan esitt\u00e4mi\u00e4 v\u00e4\u00e4ri\u00e4 tietoja.<\/p>\t\t\t\t\t\t<\/div>\n\t\t\t\t<\/div>\n\t\t\t\t<div class=\"elementor-element elementor-element-87c5887 elementor-widget elementor-widget-text-editor\" data-id=\"87c5887\" data-element_type=\"widget\" data-widget_type=\"text-editor.default\">\n\t\t\t\t<div class=\"elementor-widget-container\">\n\t\t\t\t\t\t\t<p>L\u00e4hett\u00e4m\u00e4ll\u00e4 tilauksesi hyv\u00e4ksyt ja hyv\u00e4ksyt alla mainitun sen, ett\u00e4 RenoDoll ei ole vastuussa mist\u00e4\u00e4n tiet\u00e4m\u00e4tt\u00f6myyden aiheuttamasta tahallisesta tai tahattomasta vahingosta riippumatta vahingonkorvauslain s\u00e4\u00e4nn\u00f6ksist\u00e4.<\/p>\t\t\t\t\t\t<\/div>\n\t\t\t\t<\/div>\n\t\t\t\t<div class=\"elementor-element elementor-element-373e79d elementor-widget elementor-widget-spacer\" data-id=\"373e79d\" data-element_type=\"widget\" data-widget_type=\"spacer.default\">\n\t\t\t\t<div class=\"elementor-widget-container\">\n\t\t\t\t\t<div class=\"elementor-spacer\">\n\t\t\t<div class=\"elementor-spacer-inner\"><\/div>\n\t\t<\/div>\n\t\t\t\t<\/div>\n\t\t\t\t<\/div>\n\t\t\t\t<div class=\"elementor-element elementor-element-56745a0 elementor-invisible elementor-widget elementor-widget-heading\" data-id=\"56745a0\" data-element_type=\"widget\" data-settings=\"{&quot;_animation&quot;:&quot;fadeInUp&quot;}\" data-widget_type=\"heading.default\">\n\t\t\t\t<div class=\"elementor-widget-container\">\n\t\t\t<h2 class=\"elementor-heading-title elementor-size-default\">Hyvitys<\/h2>\t\t<\/div>\n\t\t\t\t<\/div>\n\t\t\t\t<div class=\"elementor-element elementor-element-1d0d6b3 elementor-widget elementor-widget-text-editor\" data-id=\"1d0d6b3\" data-element_type=\"widget\" data-widget_type=\"text-editor.default\">\n\t\t\t\t<div class=\"elementor-widget-container\">\n\t\t\t\t\t\t\tKaikki ostetut tuotteet ovat l\u00e4hteneet yrityksest\u00e4, mutta joidenkin valheellisten toimintojen vuoksi ne palautettiin takaisin yritykselle takaisinperint\u00e4n\u00e4. Ne k\u00e4sitell\u00e4\u00e4n huolellisesti ja laillisesti paikallisviranomaisen kautta, ja lain kulku jatkuu, jos syyllinen todetaan. . \t\t\t\t\t\t<\/div>\n\t\t\t\t<\/div>\n\t\t\t\t<div class=\"elementor-element elementor-element-0300983 elementor-widget elementor-widget-text-editor\" data-id=\"0300983\" data-element_type=\"widget\" data-widget_type=\"text-editor.default\">\n\t\t\t\t<div class=\"elementor-widget-container\">\n\t\t\t\t\t\t\t<p>Ostamalla tuotteemme osoitteessa renodoll.com, hyv\u00e4ksyt sen, ett\u00e4 et suorita mink\u00e4\u00e4nlaista oikeudellista tavoitetta tai vaatimusta hyvityksest\u00e4 millek\u00e4\u00e4n tuotteelle, jos maksu on suoritettu muovirahallasi\/luottokortillasi osoitteessa renodoll.com.<\/p>\t\t\t\t\t\t<\/div>\n\t\t\t\t<\/div>\n\t\t\t\t<div class=\"elementor-element elementor-element-92ba549 elementor-widget elementor-widget-text-editor\" data-id=\"92ba549\" data-element_type=\"widget\" data-widget_type=\"text-editor.default\">\n\t\t\t\t<div class=\"elementor-widget-container\">\n\t\t\t\t\t\t\t<p>Ilman tietoisia ponnisteluja ilmoittaakseen meille kaikista kohdatuista ongelmista ja antamaan organisaatiolle kohtuullista aikaa niiden ratkaisemiseen, renodoll.com pit\u00e4\u00e4 maksun palautus- tai takaisinveloituspyynt\u00f6\u00e4 vilpillisen\u00e4 tekona.<\/p>\t\t\t\t\t\t<\/div>\n\t\t\t\t<\/div>\n\t\t\t\t<div class=\"elementor-element elementor-element-f9ca80d elementor-widget elementor-widget-text-editor\" data-id=\"f9ca80d\" data-element_type=\"widget\" data-widget_type=\"text-editor.default\">\n\t\t\t\t<div class=\"elementor-widget-container\">\n\t\t\t\t\t\t\tOrganisaation pett\u00e4mist\u00e4 k\u00e4ytt\u00e4m\u00e4ll\u00e4 v\u00e4\u00e4rennetty\u00e4 muovirahaa\/luottokorttia maksamiseen tuotteen ostamisen j\u00e4lkeen ei hyv\u00e4ksyt\u00e4. Kaikki asiakkaan tekem\u00e4t laittomat liiketoimet, jotka aiheuttavat yritykselle velkaa tai tappioita, kohdistuvat koko lakiin, olipa kyse sitten liiketoiminnasta, tutkimuskustannuksista tai laillisista maksuista, mukaan lukien henkil\u00f6st\u00f6n vapaa-aika.\t\t\t\t\t\t<\/div>\n\t\t\t\t<\/div>\n\t\t\t\t<div class=\"elementor-element elementor-element-0647a6a elementor-widget elementor-widget-text-editor\" data-id=\"0647a6a\" data-element_type=\"widget\" data-widget_type=\"text-editor.default\">\n\t\t\t\t<div class=\"elementor-widget-container\">\n\t\t\t\t\t\t\tJokainen asiakkaan vaatima hyvitys haittaa henkil\u00f6st\u00f6\u00e4mme, koska se h\u00e4iritsee normaalia liiketoimintaamme ja my\u00f6s vet\u00e4\u00e4 rahaa yrityksen kukkarosta t\u00e4ss\u00e4 suhteessa:\t\t\t\t\t\t<\/div>\n\t\t\t\t<\/div>\n\t\t\t\t<div class=\"elementor-element elementor-element-25f164f elementor-widget elementor-widget-text-editor\" data-id=\"25f164f\" data-element_type=\"widget\" data-widget_type=\"text-editor.default\">\n\t\t\t\t<div class=\"elementor-widget-container\">\n\t\t\t\t\t\t\t<p>Jos joku ostaisi realistisia seksinukkejamme renodoll.com-sivustolta ja vahingoittaisi tuotetta ja samalla veloita yrityst\u00e4 oikeuteen tai vaadi rahanpalautusta muovirahoillasi \/luottokorttiyhti\u00f6, asiatilanteesta, joka rikkoo ehtojamme, joihin olet alun perin suostunut tilauksen tekohetkell\u00e4, tai jos et ole ilmoittanut yritykselle ajoissa etk\u00e4 osoittanut k\u00e4rsiv\u00e4llisyytt\u00e4, jotta yritys hyv\u00e4ksyisi, vahvista ja tee riitt\u00e4v\u00e4 kysely palautetta varten, silloin t\u00e4llainen asiakas h\u00e4vi\u00e4\u00e4 eik\u00e4 h\u00e4nelle my\u00f6nnet\u00e4 hyvityst\u00e4.<\/p>\t\t\t\t\t\t<\/div>\n\t\t\t\t<\/div>\n\t\t\t\t<div class=\"elementor-element elementor-element-3356070 elementor-widget elementor-widget-text-editor\" data-id=\"3356070\" data-element_type=\"widget\" data-widget_type=\"text-editor.default\">\n\t\t\t\t<div class=\"elementor-widget-container\">\n\t\t\t\t\t\t\t<p>Mutta tilanteessa, jossa asiakas voittaa hyvitys-\/maksutapauksen muoviraha-\/luottokorttiyhti\u00f6ns\u00e4 kanssa, renodoll.com yritt\u00e4\u00e4 saada takaisin kaikki v\u00e4\u00e4rin perustellut maksut, mukaan lukien henkil\u00f6n edustajalle aiheutuvat lis\u00e4kustannukset. Biotiedot sis\u00e4lt\u00e4v\u00e4t heid\u00e4n koko nimens\u00e4, s\u00e4hk\u00f6postiosoitteensa, tuotteen tilausp\u00e4iv\u00e4m\u00e4\u00e4r\u00e4n, tuotteen m\u00e4\u00e4r\u00e4n, IP-osoitteen, kotiosoitteen ja matkapuhelinnumeron.<\/p>\t\t\t\t\t\t<\/div>\n\t\t\t\t<\/div>\n\t\t\t\t\t<\/div>\n\t\t<\/div>\n\t\t\t\t\t\t\t<\/div>\n\t\t<\/section>\n\t\t\t\t\t\t\t<\/div>","protected":false},"excerpt":{"rendered":"<p>Varoitus T\u00e4m\u00e4n sivuston sis\u00e4lt\u00f6 on p\u00e4\u00e4asiassa seksuaalista kiihottumista ja tyydytyst\u00e4 varten tarkoitettua materiaalia, ja se on tarkoitettu vain 18-vuotiaille ja sit\u00e4 vanhemmille henkil\u00f6ille. Ennen kuin kirjaudut sivustollemme, sinun tulee hyv\u00e4ksy\u00e4 seuraavat ehdot: 18-vuotiaat ja sit\u00e4 vanhemmat aikuiset renodoll.com eiv\u00e4t voi eiv\u00e4tk\u00e4 koskaan kielt\u00e4\u00e4 alaik\u00e4isi\u00e4 tutustumasta sivustoon. Vanhempien ja huoltajien yksin vastuulla on valvoa lasten ja teini-ik\u00e4isten toimintaa asianmukaisella materiaalilla, joka on heid\u00e4n n\u00e4ht\u00e4v\u00e4kseen. RenoDoll hyv\u00e4ksyy vain 18 vuotta t\u00e4ytt\u00e4neen aikuisen tekem\u00e4t ostokset. Tekij\u00e4noikeus<\/p>","protected":false},"author":1,"featured_media":0,"parent":0,"menu_order":0,"comment_status":"closed","ping_status":"closed","template":"","meta":{"footnotes":""},"class_list":["post-5157","page","type-page","status-publish","hentry"],"aioseo_notices":[],"_links":{"self":[{"href":"https:\/\/renodoll.com\/fi\/wp-json\/wp\/v2\/pages\/5157","targetHints":{"allow":["GET"]}}],"collection":[{"href":"https:\/\/renodoll.com\/fi\/wp-json\/wp\/v2\/pages"}],"about":[{"href":"https:\/\/renodoll.com\/fi\/wp-json\/wp\/v2\/types\/page"}],"author":[{"embeddable":true,"href":"https:\/\/renodoll.com\/fi\/wp-json\/wp\/v2\/users\/1"}],"replies":[{"embeddable":true,"href":"https:\/\/renodoll.com\/fi\/wp-json\/wp\/v2\/comments?post=5157"}],"version-history":[{"count":31,"href":"https:\/\/renodoll.com\/fi\/wp-json\/wp\/v2\/pages\/5157\/revisions"}],"predecessor-version":[{"id":14623,"href":"https:\/\/renodoll.com\/fi\/wp-json\/wp\/v2\/pages\/5157\/revisions\/14623"}],"wp:attachment":[{"href":"https:\/\/renodoll.com\/fi\/wp-json\/wp\/v2\/media?parent=5157"}],"curies":[{"name":"wp","href":"https:\/\/api.w.org\/{rel}","templated":true}]}}