{"id":5347,"date":"2023-02-22T14:44:51","date_gmt":"2023-02-22T06:44:51","guid":{"rendered":"https:\/\/renodoll.com\/?page_id=5347"},"modified":"2023-06-24T19:07:30","modified_gmt":"2023-06-24T11:07:30","slug":"auto-blowjob-sex-doll","status":"publish","type":"page","link":"https:\/\/renodoll.com\/et\/auto-blowjob-sex-doll\/","title":{"rendered":"Automaatne blowjob seksnukk"},"content":{"rendered":"<div data-elementor-type=\"wp-page\" data-elementor-id=\"5347\" class=\"elementor elementor-5347\" data-elementor-post-type=\"page\">\n\t\t\t\t\t\t<section class=\"elementor-section elementor-top-section elementor-element elementor-element-09aec2c elementor-section-boxed elementor-section-height-default elementor-section-height-default\" data-id=\"09aec2c\" data-element_type=\"section\" data-e-type=\"section\">\n\t\t\t\t\t\t<div class=\"elementor-container elementor-column-gap-default\">\n\t\t\t\t\t<div class=\"elementor-column elementor-col-100 elementor-top-column elementor-element elementor-element-7bf6429 page-content-text\" data-id=\"7bf6429\" data-element_type=\"column\" data-e-type=\"column\">\n\t\t\t<div class=\"elementor-widget-wrap elementor-element-populated\">\n\t\t\t\t\t\t<div class=\"elementor-element elementor-element-2f4c251 elementor-invisible elementor-widget elementor-widget-heading\" data-id=\"2f4c251\" data-element_type=\"widget\" data-e-type=\"widget\" data-settings=\"{&quot;_animation&quot;:&quot;fadeInUp&quot;}\" data-widget_type=\"heading.default\">\n\t\t\t\t<div class=\"elementor-widget-container\">\n\t\t\t\t\t<h2 class=\"elementor-heading-title elementor-size-default\">Automaatne oraalseksi rutiin<\/h2>\t\t\t\t<\/div>\n\t\t\t\t<\/div>\n\t\t\t\t<div class=\"elementor-element elementor-element-f7efe5c elementor-widget elementor-widget-text-editor\" data-id=\"f7efe5c\" data-element_type=\"widget\" data-e-type=\"widget\" data-widget_type=\"text-editor.default\">\n\t\t\t\t<div class=\"elementor-widget-container\">\n\t\t\t\t\t\t\t\t\tV\u00f5ib-olla vajate s\u00fcdamlikku daami v\u00f5i see, mida soovite, on p\u00f5nevam ja meeldivam seksiisu. Kui soovite realistlikku seksi, siis siin on teile sobiv valik.\t\t\t\t\t\t\t\t<\/div>\n\t\t\t\t<\/div>\n\t\t\t\t<section class=\"elementor-section elementor-inner-section elementor-element elementor-element-b5bb391 elementor-section-boxed elementor-section-height-default elementor-section-height-default\" data-id=\"b5bb391\" data-element_type=\"section\" data-e-type=\"section\">\n\t\t\t\t\t\t<div class=\"elementor-container elementor-column-gap-default\">\n\t\t\t\t\t<div class=\"elementor-column elementor-col-50 elementor-inner-column elementor-element elementor-element-c05a3a8 elementor-invisible\" data-id=\"c05a3a8\" data-element_type=\"column\" data-e-type=\"column\" data-settings=\"{&quot;animation&quot;:&quot;fadeInLeft&quot;}\">\n\t\t\t<div class=\"elementor-widget-wrap elementor-element-populated\">\n\t\t\t\t\t\t<div class=\"elementor-element elementor-element-0cdc0d0 elementor-widget elementor-widget-text-editor\" data-id=\"0cdc0d0\" data-element_type=\"widget\" data-e-type=\"widget\" data-widget_type=\"text-editor.default\">\n\t\t\t\t<div class=\"elementor-widget-container\">\n\t\t\t\t\t\t\t\t\tRenoDoll esitleb teile automaatset oraalseksi alternatiivi kolimiseks <span title=\"ise suhu sexdoll\">seksinukk<\/span> ja suudab t\u00e4ita k\u00f5ik teie soovid. Seda saab kehale kanda t\u00e4issuuruses armastusnuku. Logige sisse meie allpool olevale veebisaidile, et n\u00e4ha koos Auto Oral Sex&#039;iga.\t\t\t\t\t\t\t\t<\/div>\n\t\t\t\t<\/div>\n\t\t\t\t<div class=\"elementor-element elementor-element-4ef8f1c elementor-align-start elementor-icon-list--layout-traditional elementor-list-item-link-full_width elementor-widget elementor-widget-icon-list\" data-id=\"4ef8f1c\" data-element_type=\"widget\" data-e-type=\"widget\" data-widget_type=\"icon-list.default\">\n\t\t\t\t<div class=\"elementor-widget-container\">\n\t\t\t\t\t\t\t<ul class=\"elementor-icon-list-items\">\n\t\t\t\t\t\t\t<li class=\"elementor-icon-list-item\">\n\t\t\t\t\t\t\t\t\t\t\t<span class=\"elementor-icon-list-icon\">\n\t\t\t\t\t\t\t<i aria-hidden=\"true\" class=\"fas fa-check\"><\/i>\t\t\t\t\t\t<\/span>\n\t\t\t\t\t\t\t\t\t\t<span class=\"elementor-icon-list-text\">Jalutav nukk. <\/span>\n\t\t\t\t\t\t\t\t\t<\/li>\n\t\t\t\t\t\t\t\t<li class=\"elementor-icon-list-item\">\n\t\t\t\t\t\t\t\t\t\t\t<span class=\"elementor-icon-list-icon\">\n\t\t\t\t\t\t\t<i aria-hidden=\"true\" class=\"fas fa-check\"><\/i>\t\t\t\t\t\t<\/span>\n\t\t\t\t\t\t\t\t\t\t<span class=\"elementor-icon-list-text\">Kiirendus on muudetav.<\/span>\n\t\t\t\t\t\t\t\t\t<\/li>\n\t\t\t\t\t\t\t\t<li class=\"elementor-icon-list-item\">\n\t\t\t\t\t\t\t\t\t\t\t<span class=\"elementor-icon-list-icon\">\n\t\t\t\t\t\t\t<i aria-hidden=\"true\" class=\"fas fa-check\"><\/i>\t\t\t\t\t\t<\/span>\n\t\t\t\t\t\t\t\t\t\t<span class=\"elementor-icon-list-text\">Saadaval on kahekordne v\u00e4ljaanne:<\/span>\n\t\t\t\t\t\t\t\t\t<\/li>\n\t\t\t\t\t\t<\/ul>\n\t\t\t\t\t\t<\/div>\n\t\t\t\t<\/div>\n\t\t\t\t\t<\/div>\n\t\t<\/div>\n\t\t\t\t<div class=\"elementor-column elementor-col-50 elementor-inner-column elementor-element elementor-element-9c59ec7 elementor-invisible\" data-id=\"9c59ec7\" data-element_type=\"column\" data-e-type=\"column\" data-settings=\"{&quot;animation&quot;:&quot;fadeInRight&quot;}\">\n\t\t\t<div class=\"elementor-widget-wrap elementor-element-populated\">\n\t\t\t\t\t\t<div class=\"elementor-element elementor-element-9b51cca elementor-widget elementor-widget-image\" data-id=\"9b51cca\" data-element_type=\"widget\" data-e-type=\"widget\" data-widget_type=\"image.default\">\n\t\t\t\t<div class=\"elementor-widget-container\">\n\t\t\t\t\t\t\t\t\t\t\t\t\t\t\t<img loading=\"lazy\" decoding=\"async\" width=\"480\" height=\"217\" src=\"https:\/\/renodoll.com\/wp-content\/uploads\/elementor\/thumbs\/xstore-placeholder-q1lsnz7fgoielvaun2xku1pmtki4wap0gutl6ge1k8.png\" class=\"attachment-large size-large wp-image-6591 lazyload lazyload-simple et-lazyload-fadeIn\" alt=\"Automaatne blowjob seksnukk\" sizes=\"auto, (max-width: 480px) 100vw, 480px\" data-src=\"https:\/\/renodoll.com\/wp-content\/uploads\/2023\/03\/oral.png\" data-srcset=\"https:\/\/renodoll.com\/wp-content\/uploads\/2023\/03\/oral.png 480w, https:\/\/renodoll.com\/wp-content\/uploads\/2023\/03\/oral-300x136.png 300w, https:\/\/renodoll.com\/wp-content\/uploads\/2023\/03\/oral-18x8.png 18w, https:\/\/renodoll.com\/wp-content\/uploads\/2023\/03\/oral-100x45.png 100w, https:\/\/renodoll.com\/wp-content\/uploads\/2023\/03\/oral-10x5.png 10w\" \/>\t\t\t\t\t\t\t\t\t\t\t\t\t\t\t<\/div>\n\t\t\t\t<\/div>\n\t\t\t\t\t<\/div>\n\t\t<\/div>\n\t\t\t\t\t<\/div>\n\t\t<\/section>\n\t\t\t\t<div class=\"elementor-element elementor-element-bb1687c elementor-invisible elementor-widget elementor-widget-heading\" data-id=\"bb1687c\" data-element_type=\"widget\" data-e-type=\"widget\" data-settings=\"{&quot;_animation&quot;:&quot;fadeInUp&quot;}\" data-widget_type=\"heading.default\">\n\t\t\t\t<div class=\"elementor-widget-container\">\n\t\t\t\t\t<h2 class=\"elementor-heading-title elementor-size-default\">Mittelaetav v\u00e4ljaande pistikprogrammi ja flirti mudel, millel pole sisseehitatud akut<\/h2>\t\t\t\t<\/div>\n\t\t\t\t<\/div>\n\t\t\t\t<div class=\"elementor-element elementor-element-869e276 elementor-widget elementor-widget-text-editor\" data-id=\"869e276\" data-element_type=\"widget\" data-e-type=\"widget\" data-widget_type=\"text-editor.default\">\n\t\t\t\t<div class=\"elementor-widget-container\">\n\t\t\t\t\t\t\t\t\tToiteadapter: v\u00f5imsusega sisendpinge 100V\u2014240V, v\u00e4ljundpinge 24V\/3A\t\t\t\t\t\t\t\t<\/div>\n\t\t\t\t<\/div>\n\t\t\t\t<div class=\"elementor-element elementor-element-9bfd9a6 elementor-widget elementor-widget-text-editor\" data-id=\"9bfd9a6\" data-element_type=\"widget\" data-e-type=\"widget\" data-widget_type=\"text-editor.default\">\n\t\t\t\t<div class=\"elementor-widget-container\">\n\t\t\t\t\t\t\t\t\tSertifitseerimisstandard: Power CE\t\t\t\t\t\t\t\t<\/div>\n\t\t\t\t<\/div>\n\t\t\t\t<div class=\"elementor-element elementor-element-3ea5d21 elementor-invisible elementor-widget elementor-widget-heading\" data-id=\"3ea5d21\" data-element_type=\"widget\" data-e-type=\"widget\" data-settings=\"{&quot;_animation&quot;:&quot;fadeInUp&quot;}\" data-widget_type=\"heading.default\">\n\t\t\t\t<div class=\"elementor-widget-container\">\n\t\t\t\t\t<h2 class=\"elementor-heading-title elementor-size-default\">Taaslaetav mudel (kasutamine toimub p\u00e4rast seda, kui sisseehitatud aku on t\u00e4ielikult laetud)<\/h2>\t\t\t\t<\/div>\n\t\t\t\t<\/div>\n\t\t\t\t<div class=\"elementor-element elementor-element-d867c0b elementor-widget elementor-widget-text-editor\" data-id=\"d867c0b\" data-element_type=\"widget\" data-e-type=\"widget\" data-widget_type=\"text-editor.default\">\n\t\t\t\t<div class=\"elementor-widget-container\">\n\t\t\t\t\t\t\t\t\tAku mahutavus: t\u00f6\u00f6pinge 22,2V, madalsurvepinge 24V.\t\t\t\t\t\t\t\t<\/div>\n\t\t\t\t<\/div>\n\t\t\t\t<div class=\"elementor-element elementor-element-3566703 elementor-widget elementor-widget-text-editor\" data-id=\"3566703\" data-element_type=\"widget\" data-e-type=\"widget\" data-widget_type=\"text-editor.default\">\n\t\t\t\t<div class=\"elementor-widget-container\">\n\t\t\t\t\t\t\t\t\tLaadimine ja t\u00fchjendamine: 280-300 n\u00e4dalat.\t\t\t\t\t\t\t\t<\/div>\n\t\t\t\t<\/div>\n\t\t\t\t<div class=\"elementor-element elementor-element-67fe7ac elementor-widget elementor-widget-text-editor\" data-id=\"67fe7ac\" data-element_type=\"widget\" data-e-type=\"widget\" data-widget_type=\"text-editor.default\">\n\t\t\t\t<div class=\"elementor-widget-container\">\n\t\t\t\t\t\t\t\t\tLaadimiskiirus: 1,5h kiirlaadimine.\t\t\t\t\t\t\t\t<\/div>\n\t\t\t\t<\/div>\n\t\t\t\t<div class=\"elementor-element elementor-element-cb5dad5 elementor-widget elementor-widget-text-editor\" data-id=\"cb5dad5\" data-element_type=\"widget\" data-e-type=\"widget\" data-widget_type=\"text-editor.default\">\n\t\t\t\t<div class=\"elementor-widget-container\">\n\t\t\t\t\t\t\t\t\t<p>Kasutusaeg: kui see on t\u00e4ielikult laetud, tald <a href=\"https:\/\/renodoll.com\/et\/electric-hip-sex-doll\/\">elektrilised puusad p\u00e4riselu seksnukk<\/a> suudab pidevalt t\u00f6\u00f6tada kuni 5 tundi.<\/p>\t\t\t\t\t\t\t\t<\/div>\n\t\t\t\t<\/div>\n\t\t\t\t<div class=\"elementor-element elementor-element-8bed1ad elementor-widget elementor-widget-text-editor\" data-id=\"8bed1ad\" data-element_type=\"widget\" data-e-type=\"widget\" data-widget_type=\"text-editor.default\">\n\t\t\t\t<div class=\"elementor-widget-container\">\n\t\t\t\t\t\t\t\t\tRinglus auto oraalseksi ei saa tihedalt pakitud \u00f5lgu kehitatud \u00f5lga.\t\t\t\t\t\t\t\t<\/div>\n\t\t\t\t<\/div>\n\t\t\t\t<div class=\"elementor-element elementor-element-89ddbe4 elementor-invisible elementor-widget elementor-widget-heading\" data-id=\"89ddbe4\" data-element_type=\"widget\" data-e-type=\"widget\" data-settings=\"{&quot;_animation&quot;:&quot;fadeInUp&quot;}\" data-widget_type=\"heading.default\">\n\t\t\t\t<div class=\"elementor-widget-container\">\n\t\t\t\t\t<h2 class=\"elementor-heading-title elementor-size-default\">Tutvustame Auto Blow Job Sex Dolli<\/h2>\t\t\t\t<\/div>\n\t\t\t\t<\/div>\n\t\t\t\t<div class=\"elementor-element elementor-element-0e1a5fe elementor-widget elementor-widget-text-editor\" data-id=\"0e1a5fe\" data-element_type=\"widget\" data-e-type=\"widget\" data-widget_type=\"text-editor.default\">\n\t\t\t\t<div class=\"elementor-widget-container\">\n\t\t\t\t\t\t\t\t\tRenodoll Dolls implanteerib masina mehaanilisi osi realistlikesse seksnukkudesse, et t\u00f5elised nukud saaksid ise oraalseksi sooritada, v\u00f5imaldades teil saada rahulolu selges\u00f5nalisemast ja v\u00f5imsamast naudingust!\t\t\t\t\t\t\t\t<\/div>\n\t\t\t\t<\/div>\n\t\t\t\t<div class=\"elementor-element elementor-element-f326ee7 elementor-widget elementor-widget-text-editor\" data-id=\"f326ee7\" data-element_type=\"widget\" data-e-type=\"widget\" data-widget_type=\"text-editor.default\">\n\t\t\t\t<div class=\"elementor-widget-container\">\n\t\t\t\t\t\t\t\t\tBlowjob t\u00e4iskasvanud seksinukud on saadaval kahes mudelis; olenevalt oma seksuaalsest soovist saate valida laadimismudeli v\u00f5i pistikprogrammi mudeli.\t\t\t\t\t\t\t\t<\/div>\n\t\t\t\t<\/div>\n\t\t\t\t<div class=\"elementor-element elementor-element-57f070c elementor-invisible elementor-widget elementor-widget-heading\" data-id=\"57f070c\" data-element_type=\"widget\" data-e-type=\"widget\" data-settings=\"{&quot;_animation&quot;:&quot;fadeInUp&quot;}\" data-widget_type=\"heading.default\">\n\t\t\t\t<div class=\"elementor-widget-container\">\n\t\t\t\t\t<h2 class=\"elementor-heading-title elementor-size-default\">Kaugjuhtimispuldi kasutusjuhend <\/h2>\t\t\t\t<\/div>\n\t\t\t\t<\/div>\n\t\t\t\t<div class=\"elementor-element elementor-element-ad47ed5 elementor-widget elementor-widget-text-editor\" data-id=\"ad47ed5\" data-element_type=\"widget\" data-e-type=\"widget\" data-widget_type=\"text-editor.default\">\n\t\t\t\t<div class=\"elementor-widget-container\">\n\t\t\t\t\t\t\t\t\tLaadimisjuhend: laadige seadet 2 tundi ja eemaldage laadija valgustist.\t\t\t\t\t\t\t\t<\/div>\n\t\t\t\t<\/div>\n\t\t\t\t<div class=\"elementor-element elementor-element-67f86d1 elementor-widget elementor-widget-text-editor\" data-id=\"67f86d1\" data-element_type=\"widget\" data-e-type=\"widget\" data-widget_type=\"text-editor.default\">\n\t\t\t\t<div class=\"elementor-widget-container\">\n\t\t\t\t\t\t\t\t\tPistikprogrammi juhised: laadige ja m\u00e4ngige\t\t\t\t\t\t\t\t<\/div>\n\t\t\t\t<\/div>\n\t\t\t\t<div class=\"elementor-element elementor-element-863d016 elementor-widget elementor-widget-text-editor\" data-id=\"863d016\" data-element_type=\"widget\" data-e-type=\"widget\" data-widget_type=\"text-editor.default\">\n\t\t\t\t<div class=\"elementor-widget-container\">\n\t\t\t\t\t\t\t\t\tP\u00e4rast laadimist vajutage otse kaugjuhtimispuldil nuppu A (madal kiirus), B (keskmine kiirus) C (kiire) ja seksnukk alustab oraalseksi t\u00f6\u00f6d; saate seda reguleerida m\u00f5istliku kiiruseni vastavalt oma seksuaalvajadustele. Vajutades \u201cD\u201d p\u00f5hja, lakkab elutruu seksnukk t\u00f6\u00f6tamast.\t\t\t\t\t\t\t\t<\/div>\n\t\t\t\t<\/div>\n\t\t\t\t<div class=\"elementor-element elementor-element-808a42d elementor-invisible elementor-widget elementor-widget-heading\" data-id=\"808a42d\" data-element_type=\"widget\" data-e-type=\"widget\" data-settings=\"{&quot;_animation&quot;:&quot;fadeInUp&quot;}\" data-widget_type=\"heading.default\">\n\t\t\t\t<div class=\"elementor-widget-container\">\n\t\t\t\t\t<h2 class=\"elementor-heading-title elementor-size-default\">Ettevaatusabin\u00f5ud <\/h2>\t\t\t\t<\/div>\n\t\t\t\t<\/div>\n\t\t\t\t<div class=\"elementor-element elementor-element-dea0f73 elementor-widget elementor-widget-html\" data-id=\"dea0f73\" data-element_type=\"widget\" data-e-type=\"widget\" data-widget_type=\"html.default\">\n\t\t\t\t<div class=\"elementor-widget-container\">\n\t\t\t\t\t<ol class=\"number_list_type\"><li>Laadimisel v\u00f5i seksnuku(de) asendi muutmisel veenduge, et nupud oleksid v\u00e4lja l\u00fclitatud. \u00c4rge sundige rolli, kui see on laadimiseks \u00fchendatud.<\/li>\n<li>Laske seksnukul p\u00e4rast 2-tunnist l\u00f5putut kasutamist rahuneda. Ta peab lamama v\u00e4hemalt 10-30 minutit iga 2 kasutustunni kohta<\/li>\n<li>Kui lasta korralikult laadida, saab seda kasutada kuni 5 tundi, enne kui see t\u00fchjaks l\u00e4heb.<\/li>\n<li>Palun puhastage korralikult p\u00e4rast iga kasutuskorda ja puuderdage seksika seksnuku puudutatud piirkond. <\/li>\n<li>Arvutip\u00f5hine <span title=\"ise suhu sexdoll\">suhu<\/span>, <a href=\"https:\/\/renodoll.com\/et\/electric-hip-sex-doll\/\">elektriline puusa<\/a>ja arvutip\u00f5hist imemist ei saa spontaanselt valida <\/li>\n \n<\/ol>\t\t\t\t<\/div>\n\t\t\t\t<\/div>\n\t\t\t\t<div class=\"elementor-element elementor-element-d99a9ed elementor-invisible elementor-widget elementor-widget-video\" data-id=\"d99a9ed\" data-element_type=\"widget\" data-e-type=\"widget\" data-settings=\"{&quot;video_type&quot;:&quot;hosted&quot;,&quot;autoplay&quot;:&quot;yes&quot;,&quot;play_on_mobile&quot;:&quot;yes&quot;,&quot;loop&quot;:&quot;yes&quot;,&quot;_animation&quot;:&quot;slideInLeft&quot;,&quot;controls&quot;:&quot;yes&quot;}\" data-widget_type=\"video.default\">\n\t\t\t\t<div class=\"elementor-widget-container\">\n\t\t\t\t\t\t\t<div class=\"e-hosted-video elementor-wrapper elementor-open-inline\">\n\t\t\t\t\t<video class=\"elementor-video\" src=\"http:\/\/renodoll.com\/wp-content\/uploads\/2023\/03\/auto-oral.mp4\" autoplay=\"\" loop=\"\" controls=\"\" playsinline=\"\"><\/video>\n\t\t\t\t<\/div>\n\t\t\t\t\t\t<\/div>\n\t\t\t\t<\/div>\n\t\t\t\t\t<\/div>\n\t\t<\/div>\n\t\t\t\t\t<\/div>\n\t\t<\/section>\n\t\t\t\t<\/div>","protected":false},"excerpt":{"rendered":"<p>Automaatne oraalseksi rutiin V\u00f5ib-olla vajate s\u00fcdamlikku naist v\u00f5i see, mida soovite, on p\u00f5nevam ja meeldivam seksiisu. Kui soovite realistlikku seksi, siis siin on teile sobiv valik. RenoDoll esitleb teile liikuva seksi nuku &quot;Auto Oral Sex&quot; alternatiivi ja suudab t\u00e4ita k\u00f5ik teie soovid. Seda saab kehale kanda t\u00e4issuuruses armastusnuku. Logige sisse meie allpool olevale veebisaidile, et n\u00e4ha koos automaatse oraalseksiga. Jalutav nukk. Kiirendus on muudetav. Saadaval on kahekordne v\u00e4ljaanne: mittelaetava v\u00e4ljaande pistikprogramm ja sisseehitatud akuta flirtmudel<\/p>","protected":false},"author":1,"featured_media":0,"parent":0,"menu_order":0,"comment_status":"closed","ping_status":"closed","template":"","meta":{"footnotes":""},"class_list":["post-5347","page","type-page","status-publish","hentry"],"aioseo_notices":[],"_links":{"self":[{"href":"https:\/\/renodoll.com\/et\/wp-json\/wp\/v2\/pages\/5347","targetHints":{"allow":["GET"]}}],"collection":[{"href":"https:\/\/renodoll.com\/et\/wp-json\/wp\/v2\/pages"}],"about":[{"href":"https:\/\/renodoll.com\/et\/wp-json\/wp\/v2\/types\/page"}],"author":[{"embeddable":true,"href":"https:\/\/renodoll.com\/et\/wp-json\/wp\/v2\/users\/1"}],"replies":[{"embeddable":true,"href":"https:\/\/renodoll.com\/et\/wp-json\/wp\/v2\/comments?post=5347"}],"version-history":[{"count":55,"href":"https:\/\/renodoll.com\/et\/wp-json\/wp\/v2\/pages\/5347\/revisions"}],"predecessor-version":[{"id":16163,"href":"https:\/\/renodoll.com\/et\/wp-json\/wp\/v2\/pages\/5347\/revisions\/16163"}],"wp:attachment":[{"href":"https:\/\/renodoll.com\/et\/wp-json\/wp\/v2\/media?parent=5347"}],"curies":[{"name":"wp","href":"https:\/\/api.w.org\/{rel}","templated":true}]}}