{"id":5319,"date":"2023-02-22T14:14:41","date_gmt":"2023-02-22T06:14:41","guid":{"rendered":"https:\/\/renodoll.com\/?page_id=5319"},"modified":"2023-03-31T18:11:39","modified_gmt":"2023-03-31T10:11:39","slug":"automatic-sex-doll","status":"publish","type":"page","link":"https:\/\/renodoll.com\/et\/automatic-sex-doll\/","title":{"rendered":"Automaatne seksnukk"},"content":{"rendered":"<div data-elementor-type=\"wp-page\" data-elementor-id=\"5319\" class=\"elementor elementor-5319\" data-elementor-post-type=\"page\">\n\t\t\t\t\t\t<section class=\"elementor-section elementor-top-section elementor-element elementor-element-03c581f elementor-section-boxed elementor-section-height-default elementor-section-height-default\" data-id=\"03c581f\" data-element_type=\"section\" data-e-type=\"section\">\n\t\t\t\t\t\t<div class=\"elementor-container elementor-column-gap-default\">\n\t\t\t\t\t<div class=\"elementor-column elementor-col-100 elementor-top-column elementor-element elementor-element-f79b0d8 page-content-text\" data-id=\"f79b0d8\" data-element_type=\"column\" data-e-type=\"column\">\n\t\t\t<div class=\"elementor-widget-wrap elementor-element-populated\">\n\t\t\t\t\t\t<div class=\"elementor-element elementor-element-df87c4f elementor-widget elementor-widget-text-editor\" data-id=\"df87c4f\" data-element_type=\"widget\" data-e-type=\"widget\" data-widget_type=\"text-editor.default\">\n\t\t\t\t<div class=\"elementor-widget-container\">\n\t\t\t\t\t\t\t\t\t<p>Igaks juhuks, kui soovid eneseabiseksi v\u00f5i pingul tupe tunnet, on meil Sulle pakkumine. Toome teieni automaatse seksnuku \u201cAuto Clamp and Suck\u201d valiku. Rakendus v\u00f5ib olla torso v\u00f5i t\u00e4issuuruses armastusnuku peal. Vaadake kollektsiooni lingi all nimega &quot;Liikuv nukk&quot;.<\/p>\t\t\t\t\t\t\t\t<\/div>\n\t\t\t\t<\/div>\n\t\t\t\t<div class=\"elementor-element elementor-element-6fda1f6 elementor-widget elementor-widget-spacer\" data-id=\"6fda1f6\" data-element_type=\"widget\" data-e-type=\"widget\" data-widget_type=\"spacer.default\">\n\t\t\t\t<div class=\"elementor-widget-container\">\n\t\t\t\t\t\t\t<div class=\"elementor-spacer\">\n\t\t\t<div class=\"elementor-spacer-inner\"><\/div>\n\t\t<\/div>\n\t\t\t\t\t\t<\/div>\n\t\t\t\t<\/div>\n\t\t\t\t<div class=\"elementor-element elementor-element-9dc4721 elementor-widget elementor-widget-image\" data-id=\"9dc4721\" data-element_type=\"widget\" data-e-type=\"widget\" data-widget_type=\"image.default\">\n\t\t\t\t<div class=\"elementor-widget-container\">\n\t\t\t\t\t\t\t\t\t\t\t\t\t\t\t<img loading=\"lazy\" decoding=\"async\" width=\"768\" height=\"412\" src=\"https:\/\/renodoll.com\/wp-content\/uploads\/elementor\/thumbs\/xstore-placeholder-q1lsnz7f1bxupdijm3612wnplchjb8rfbg50qi097s.png\" class=\"attachment-medium_large size-medium_large wp-image-6549 lazyload lazyload-simple et-lazyload-fadeIn\" alt=\"\" sizes=\"auto, (max-width: 768px) 100vw, 768px\" data-src=\"https:\/\/renodoll.com\/wp-content\/uploads\/2023\/03\/auto-clamp-768x412.png\" data-srcset=\"https:\/\/renodoll.com\/wp-content\/uploads\/2023\/03\/auto-clamp-768x412.png 768w, https:\/\/renodoll.com\/wp-content\/uploads\/2023\/03\/auto-clamp-300x161.png 300w, https:\/\/renodoll.com\/wp-content\/uploads\/2023\/03\/auto-clamp-18x10.png 18w, https:\/\/renodoll.com\/wp-content\/uploads\/2023\/03\/auto-clamp-100x54.png 100w, https:\/\/renodoll.com\/wp-content\/uploads\/2023\/03\/auto-clamp-600x322.png 600w, https:\/\/renodoll.com\/wp-content\/uploads\/2023\/03\/auto-clamp-10x5.png 10w, https:\/\/renodoll.com\/wp-content\/uploads\/2023\/03\/auto-clamp.png 779w\" \/>\t\t\t\t\t\t\t\t\t\t\t\t\t\t\t<\/div>\n\t\t\t\t<\/div>\n\t\t\t\t<div class=\"elementor-element elementor-element-1b9a8ab elementor-widget elementor-widget-spacer\" data-id=\"1b9a8ab\" data-element_type=\"widget\" data-e-type=\"widget\" data-widget_type=\"spacer.default\">\n\t\t\t\t<div class=\"elementor-widget-container\">\n\t\t\t\t\t\t\t<div class=\"elementor-spacer\">\n\t\t\t<div class=\"elementor-spacer-inner\"><\/div>\n\t\t<\/div>\n\t\t\t\t\t\t<\/div>\n\t\t\t\t<\/div>\n\t\t\t\t<div class=\"elementor-element elementor-element-82f4266 elementor-widget elementor-widget-text-editor\" data-id=\"82f4266\" data-element_type=\"widget\" data-e-type=\"widget\" data-widget_type=\"text-editor.default\">\n\t\t\t\t<div class=\"elementor-widget-container\">\n\t\t\t\t\t\t\t\t\tVaadake meie allpool olevat &quot;Auto Clamp and Suck&quot; demot.\t\t\t\t\t\t\t\t<\/div>\n\t\t\t\t<\/div>\n\t\t\t\t<div class=\"elementor-element elementor-element-c1828d9 elementor-widget elementor-widget-video\" data-id=\"c1828d9\" data-element_type=\"widget\" data-e-type=\"widget\" data-settings=\"{&quot;video_type&quot;:&quot;hosted&quot;,&quot;autoplay&quot;:&quot;yes&quot;,&quot;play_on_mobile&quot;:&quot;yes&quot;,&quot;loop&quot;:&quot;yes&quot;,&quot;controls&quot;:&quot;yes&quot;}\" data-widget_type=\"video.default\">\n\t\t\t\t<div class=\"elementor-widget-container\">\n\t\t\t\t\t\t\t<div class=\"e-hosted-video elementor-wrapper elementor-open-inline\">\n\t\t\t\t\t<video class=\"elementor-video\" src=\"http:\/\/renodoll.com\/wp-content\/uploads\/2023\/03\/DisgustingShowyrenodoll.mp4\" autoplay=\"\" loop=\"\" controls=\"\" playsinline=\"\"><\/video>\n\t\t\t\t<\/div>\n\t\t\t\t\t\t<\/div>\n\t\t\t\t<\/div>\n\t\t\t\t<div class=\"elementor-element elementor-element-213b264 elementor-widget elementor-widget-spacer\" data-id=\"213b264\" data-element_type=\"widget\" data-e-type=\"widget\" data-widget_type=\"spacer.default\">\n\t\t\t\t<div class=\"elementor-widget-container\">\n\t\t\t\t\t\t\t<div class=\"elementor-spacer\">\n\t\t\t<div class=\"elementor-spacer-inner\"><\/div>\n\t\t<\/div>\n\t\t\t\t\t\t<\/div>\n\t\t\t\t<\/div>\n\t\t\t\t<div class=\"elementor-element elementor-element-aed529d elementor-invisible elementor-widget elementor-widget-heading\" data-id=\"aed529d\" data-element_type=\"widget\" data-e-type=\"widget\" data-settings=\"{&quot;_animation&quot;:&quot;fadeInUp&quot;}\" data-widget_type=\"heading.default\">\n\t\t\t\t<div class=\"elementor-widget-container\">\n\t\t\t\t\t<h2 class=\"elementor-heading-title elementor-size-default\">Tasuta versioon. <\/h2>\t\t\t\t<\/div>\n\t\t\t\t<\/div>\n\t\t\t\t<div class=\"elementor-element elementor-element-5d70106 elementor-widget elementor-widget-html\" data-id=\"5d70106\" data-element_type=\"widget\" data-e-type=\"widget\" data-widget_type=\"html.default\">\n\t\t\t\t<div class=\"elementor-widget-container\">\n\t\t\t\t\t<ol class=\"number_list_type\"><li>Enne t\u00f6\u00f6le asumist vajab voolu. (Juhtudeks, kui toide katkeb, \u00fchendage ja m\u00e4ngige ilma sisseehitatud akuta.)<\/li>\n<li>Toiteadapter. (Toite sisendpinge 100V\u2013240V, v\u00e4ljundpinge\/vool 24V\/3A)\n<\/li>\n<li>Sertifitseerimisstandard: Power CE<\/li>\n<\/ol>\t\t\t\t<\/div>\n\t\t\t\t<\/div>\n\t\t\t\t<div class=\"elementor-element elementor-element-0adb444 elementor-widget elementor-widget-spacer\" data-id=\"0adb444\" data-element_type=\"widget\" data-e-type=\"widget\" data-widget_type=\"spacer.default\">\n\t\t\t\t<div class=\"elementor-widget-container\">\n\t\t\t\t\t\t\t<div class=\"elementor-spacer\">\n\t\t\t<div class=\"elementor-spacer-inner\"><\/div>\n\t\t<\/div>\n\t\t\t\t\t\t<\/div>\n\t\t\t\t<\/div>\n\t\t\t\t<div class=\"elementor-element elementor-element-2a1f405 elementor-invisible elementor-widget elementor-widget-heading\" data-id=\"2a1f405\" data-element_type=\"widget\" data-e-type=\"widget\" data-settings=\"{&quot;_animation&quot;:&quot;fadeInUp&quot;}\" data-widget_type=\"heading.default\">\n\t\t\t\t<div class=\"elementor-widget-container\">\n\t\t\t\t\t<h2 class=\"elementor-heading-title elementor-size-default\">Laetav versioon. <\/h2>\t\t\t\t<\/div>\n\t\t\t\t<\/div>\n\t\t\t\t<div class=\"elementor-element elementor-element-303eef2 elementor-widget elementor-widget-html\" data-id=\"303eef2\" data-element_type=\"widget\" data-e-type=\"widget\" data-widget_type=\"html.default\">\n\t\t\t\t<div class=\"elementor-widget-container\">\n\t\t\t\t\t<ol class=\"number_list_type\"><li>Mitte kasutada laadimise ajal. Parim optimeeritud p\u00e4rast t\u00e4islaadimist.<\/li>\n<li>Aku pinge: t\u00f6\u00f6pinge 22,2V, t\u00fchivoolupinge 24V.\n<\/li>\n<li>Laadimine ja t\u00fchjendamine: 280-300 n\u00e4dalat. Need seksikad seksinukud p\u00fcsivad enne t\u00fchjaks laskmist 280\u2013300 n\u00e4dalat. <\/li>\n<li>Laadimisaeg: kiirlaadimine 1 tunni ja 30 minutiga.<\/li>\n<li>Kasutusaeg: kui see on t\u00e4is laetud, suudab p\u00e4riselu nuku puusa l\u00e4bida 5-tunnise maratoni. L\u00f5bus on see, et kiirus on t\u00e4ielikult muudetav.<\/li>\n<\/ol>\t\t\t\t<\/div>\n\t\t\t\t<\/div>\n\t\t\t\t\t<\/div>\n\t\t<\/div>\n\t\t\t\t\t<\/div>\n\t\t<\/section>\n\t\t\t\t<\/div>","protected":false},"excerpt":{"rendered":"<p>Igaks juhuks, kui soovid eneseabiseksi v\u00f5i pingul tupe tunnet, on meil Sulle pakkumine. Toome teieni automaatse seksnuku \u201cAuto Clamp and Suck\u201d valiku. Rakendus v\u00f5ib olla torso v\u00f5i t\u00e4issuuruses armastusnuku peal. Vaadake kollektsiooni lingi all nimega &quot;Liikuv nukk&quot;. Vaadake meie allpool olevat \u201eAuto Clamp and Suck\u201d demot.http:\/\/renodoll.com\/wp-content\/uploads\/2023\/03\/DisgustingShowyrenodoll.mp4 Tasuta versioon. Enne t\u00f6\u00f6le asumist vajab voolu. (Juhtudeks, kui toide katkeb, \u00fchendage ja m\u00e4ngige ilma sisseehitatud akuta.) Toiteadapter. (Toite sisendpinge 100 V\u2013240 V, v\u00e4ljundpinge\/vool<\/p>","protected":false},"author":1,"featured_media":0,"parent":0,"menu_order":0,"comment_status":"closed","ping_status":"closed","template":"","meta":{"footnotes":""},"class_list":["post-5319","page","type-page","status-publish","hentry"],"aioseo_notices":[],"_links":{"self":[{"href":"https:\/\/renodoll.com\/et\/wp-json\/wp\/v2\/pages\/5319","targetHints":{"allow":["GET"]}}],"collection":[{"href":"https:\/\/renodoll.com\/et\/wp-json\/wp\/v2\/pages"}],"about":[{"href":"https:\/\/renodoll.com\/et\/wp-json\/wp\/v2\/types\/page"}],"author":[{"embeddable":true,"href":"https:\/\/renodoll.com\/et\/wp-json\/wp\/v2\/users\/1"}],"replies":[{"embeddable":true,"href":"https:\/\/renodoll.com\/et\/wp-json\/wp\/v2\/comments?post=5319"}],"version-history":[{"count":42,"href":"https:\/\/renodoll.com\/et\/wp-json\/wp\/v2\/pages\/5319\/revisions"}],"predecessor-version":[{"id":14810,"href":"https:\/\/renodoll.com\/et\/wp-json\/wp\/v2\/pages\/5319\/revisions\/14810"}],"wp:attachment":[{"href":"https:\/\/renodoll.com\/et\/wp-json\/wp\/v2\/media?parent=5319"}],"curies":[{"name":"wp","href":"https:\/\/api.w.org\/{rel}","templated":true}]}}