{"id":5188,"date":"2023-02-20T14:54:06","date_gmt":"2023-02-20T06:54:06","guid":{"rendered":"https:\/\/renodoll.com\/?page_id=5188"},"modified":"2023-03-31T14:32:26","modified_gmt":"2023-03-31T06:32:26","slug":"privacy-policy","status":"publish","type":"page","link":"https:\/\/renodoll.com\/et\/privacy-policy\/","title":{"rendered":"Privaatsuspoliitika"},"content":{"rendered":"<div data-elementor-type=\"wp-page\" data-elementor-id=\"5188\" class=\"elementor elementor-5188\" data-elementor-post-type=\"page\">\n\t\t\t\t\t\t<section class=\"elementor-section elementor-top-section elementor-element elementor-element-2aace59 elementor-section-boxed elementor-section-height-default elementor-section-height-default\" data-id=\"2aace59\" data-element_type=\"section\" data-e-type=\"section\">\n\t\t\t\t\t\t<div class=\"elementor-container elementor-column-gap-no\">\n\t\t\t\t\t<div class=\"elementor-column elementor-col-100 elementor-top-column elementor-element elementor-element-0017d57\" data-id=\"0017d57\" data-element_type=\"column\" data-e-type=\"column\">\n\t\t\t<div class=\"elementor-widget-wrap elementor-element-populated\">\n\t\t\t\t\t\t<div class=\"elementor-element elementor-element-8a2ff4e elementor-widget elementor-widget-spacer\" data-id=\"8a2ff4e\" data-element_type=\"widget\" data-e-type=\"widget\" data-widget_type=\"spacer.default\">\n\t\t\t\t<div class=\"elementor-widget-container\">\n\t\t\t\t\t\t\t<div class=\"elementor-spacer\">\n\t\t\t<div class=\"elementor-spacer-inner\"><\/div>\n\t\t<\/div>\n\t\t\t\t\t\t<\/div>\n\t\t\t\t<\/div>\n\t\t\t\t<div class=\"elementor-element elementor-element-5997a9f elementor-invisible elementor-widget elementor-widget-heading\" data-id=\"5997a9f\" data-element_type=\"widget\" data-e-type=\"widget\" data-settings=\"{&quot;_animation&quot;:&quot;fadeInUp&quot;}\" data-widget_type=\"heading.default\">\n\t\t\t\t<div class=\"elementor-widget-container\">\n\t\t\t\t\t<h2 class=\"elementor-heading-title elementor-size-default\">Meist<\/h2>\t\t\t\t<\/div>\n\t\t\t\t<\/div>\n\t\t\t\t<div class=\"elementor-element elementor-element-3feda34 elementor-widget elementor-widget-text-editor\" data-id=\"3feda34\" data-element_type=\"widget\" data-e-type=\"widget\" data-widget_type=\"text-editor.default\">\n\t\t\t\t<div class=\"elementor-widget-container\">\n\t\t\t\t\t\t\t\t\t<p>See veebisait kuulub RenoDollile; tegeleme seksnukkude m\u00fc\u00fcgiga. Kogu info meie ettev\u00f5tte kohta ja meie kontaktandmed leiate meie kodulehelt.<\/p>\t\t\t\t\t\t\t\t<\/div>\n\t\t\t\t<\/div>\n\t\t\t\t<div class=\"elementor-element elementor-element-7cdfd52 elementor-widget elementor-widget-spacer\" data-id=\"7cdfd52\" data-element_type=\"widget\" data-e-type=\"widget\" data-widget_type=\"spacer.default\">\n\t\t\t\t<div class=\"elementor-widget-container\">\n\t\t\t\t\t\t\t<div class=\"elementor-spacer\">\n\t\t\t<div class=\"elementor-spacer-inner\"><\/div>\n\t\t<\/div>\n\t\t\t\t\t\t<\/div>\n\t\t\t\t<\/div>\n\t\t\t\t<div class=\"elementor-element elementor-element-57d9795 elementor-invisible elementor-widget elementor-widget-heading\" data-id=\"57d9795\" data-element_type=\"widget\" data-e-type=\"widget\" data-settings=\"{&quot;_animation&quot;:&quot;fadeInUp&quot;}\" data-widget_type=\"heading.default\">\n\t\t\t\t<div class=\"elementor-widget-container\">\n\t\t\t\t\t<h2 class=\"elementor-heading-title elementor-size-default\">Mida teeb meie poliitika?<\/h2>\t\t\t\t<\/div>\n\t\t\t\t<\/div>\n\t\t\t\t<div class=\"elementor-element elementor-element-4079b24 elementor-widget elementor-widget-text-editor\" data-id=\"4079b24\" data-element_type=\"widget\" data-e-type=\"widget\" data-widget_type=\"text-editor.default\">\n\t\t\t\t<div class=\"elementor-widget-container\">\n\t\t\t\t\t\t\t\t\tMeie poliitika \u00fctleb teile k\u00f5ik, mida peate teadma oma isikuandmete meile edastamise kohta. Meie poliitika \u00fcksikasjad h\u00f5lmavad ainult meile antud \u00fcksikasju. Kui avaldate oma isikuandmeid mis tahes hetkel teistele veebisaitidele, tutvuge nende ettev\u00f5tte poliitikaga. \t\t\t\t\t\t\t\t<\/div>\n\t\t\t\t<\/div>\n\t\t\t\t<div class=\"elementor-element elementor-element-ac5f931 elementor-widget elementor-widget-text-editor\" data-id=\"ac5f931\" data-element_type=\"widget\" data-e-type=\"widget\" data-widget_type=\"text-editor.default\">\n\t\t\t\t<div class=\"elementor-widget-container\">\n\t\t\t\t\t\t\t\t\tKasutage meie teenuseid alles p\u00e4rast meie poliitika \u00fcksikasjade l\u00e4bivaatamist ja see on teid rahuldav.\t\t\t\t\t\t\t\t<\/div>\n\t\t\t\t<\/div>\n\t\t\t\t<div class=\"elementor-element elementor-element-1a4cbf5 elementor-widget elementor-widget-spacer\" data-id=\"1a4cbf5\" data-element_type=\"widget\" data-e-type=\"widget\" data-widget_type=\"spacer.default\">\n\t\t\t\t<div class=\"elementor-widget-container\">\n\t\t\t\t\t\t\t<div class=\"elementor-spacer\">\n\t\t\t<div class=\"elementor-spacer-inner\"><\/div>\n\t\t<\/div>\n\t\t\t\t\t\t<\/div>\n\t\t\t\t<\/div>\n\t\t\t\t<div class=\"elementor-element elementor-element-fd092ed elementor-invisible elementor-widget elementor-widget-heading\" data-id=\"fd092ed\" data-element_type=\"widget\" data-e-type=\"widget\" data-settings=\"{&quot;_animation&quot;:&quot;fadeInUp&quot;}\" data-widget_type=\"heading.default\">\n\t\t\t\t<div class=\"elementor-widget-container\">\n\t\t\t\t\t<h2 class=\"elementor-heading-title elementor-size-default\">Kas poliitikat saab muuta?<\/h2>\t\t\t\t<\/div>\n\t\t\t\t<\/div>\n\t\t\t\t<div class=\"elementor-element elementor-element-4a2734b elementor-widget elementor-widget-text-editor\" data-id=\"4a2734b\" data-element_type=\"widget\" data-e-type=\"widget\" data-widget_type=\"text-editor.default\">\n\t\t\t\t<div class=\"elementor-widget-container\">\n\t\t\t\t\t\t\t\t\tKui meie poliitikat mingil hetkel muudetakse, teavitame teid nendest muudatustest.\t\t\t\t\t\t\t\t<\/div>\n\t\t\t\t<\/div>\n\t\t\t\t<div class=\"elementor-element elementor-element-b84993c elementor-widget elementor-widget-spacer\" data-id=\"b84993c\" data-element_type=\"widget\" data-e-type=\"widget\" data-widget_type=\"spacer.default\">\n\t\t\t\t<div class=\"elementor-widget-container\">\n\t\t\t\t\t\t\t<div class=\"elementor-spacer\">\n\t\t\t<div class=\"elementor-spacer-inner\"><\/div>\n\t\t<\/div>\n\t\t\t\t\t\t<\/div>\n\t\t\t\t<\/div>\n\t\t\t\t<div class=\"elementor-element elementor-element-4cc3835 elementor-invisible elementor-widget elementor-widget-heading\" data-id=\"4cc3835\" data-element_type=\"widget\" data-e-type=\"widget\" data-settings=\"{&quot;_animation&quot;:&quot;fadeInUp&quot;}\" data-widget_type=\"heading.default\">\n\t\t\t\t<div class=\"elementor-widget-container\">\n\t\t\t\t\t<h2 class=\"elementor-heading-title elementor-size-default\">Milliseid \u00fcksikasju te meile annate?<\/h2>\t\t\t\t<\/div>\n\t\t\t\t<\/div>\n\t\t\t\t<div class=\"elementor-element elementor-element-dfc3f46 elementor-widget elementor-widget-text-editor\" data-id=\"dfc3f46\" data-element_type=\"widget\" data-e-type=\"widget\" data-widget_type=\"text-editor.default\">\n\t\t\t\t<div class=\"elementor-widget-container\">\n\t\t\t\t\t\t\t\t\t<h4>Teie teave, mille me saame oma veebisaitidel kasutamiseks, sisaldab j\u00e4rgmist:<\/h4>\t\t\t\t\t\t\t\t<\/div>\n\t\t\t\t<\/div>\n\t\t\t\t<div class=\"elementor-element elementor-element-c9a24b7 elementor-widget elementor-widget-html\" data-id=\"c9a24b7\" data-element_type=\"widget\" data-e-type=\"widget\" data-widget_type=\"html.default\">\n\t\t\t\t<div class=\"elementor-widget-container\">\n\t\t\t\t\t<ol class=\"number_list_type\"><li>Teie nimi ja kontakt ID<\/li>\n<li>Teie isikut t\u00f5endav dokument kontrollimise eesm\u00e4rgil <\/li>\n<li>Teie konto andmed (kasutajanimi ja parool)<\/li>\n<li>Teie poolt meie teenusetehingu \u00fcksikasjade kasutamine <\/li>\n<li>Teave, mis sisaldub teie suhtluses meiega, n\u00e4iteks k\u00fcsitlused ja tagasiside <\/li>\n<li>Teave, mille annate meile meie uudiskirjade ja muude teenuste jaoks kasutamiseks. <\/li>\n<li>Automaatne teave selle kohta, kuidas te meie teenuseid kasutate (nt Interneti-protokoll, \u00fchendatud seade ja brauseri t\u00fc\u00fcp). <\/li>\n<li>Teie viitenumber, seadme identifikaator, mobiilne andmesidev\u00f5rk, sisselogimisandmed ja sisselogimistoimingud, sait, mille kaudu meie saitidele sisenete, k\u00fclastatud lehed ja tehtud tehingud.<\/li>\n<\/ol>\t\t\t\t<\/div>\n\t\t\t\t<\/div>\n\t\t\t\t<div class=\"elementor-element elementor-element-5fbeccb elementor-widget elementor-widget-text-editor\" data-id=\"5fbeccb\" data-element_type=\"widget\" data-e-type=\"widget\" data-widget_type=\"text-editor.default\">\n\t\t\t\t<div class=\"elementor-widget-container\">\n\t\t\t\t\t\t\t\t\tSiiski v\u00f5ime saada kolmandatelt isikutelt teie kohta j\u00e4rgmist teavet;\n\n\t\t\t\t\t\t\t\t<\/div>\n\t\t\t\t<\/div>\n\t\t\t\t<div class=\"elementor-element elementor-element-47b90b4 elementor-widget elementor-widget-text-editor\" data-id=\"47b90b4\" data-element_type=\"widget\" data-e-type=\"widget\" data-widget_type=\"text-editor.default\">\n\t\t\t\t<div class=\"elementor-widget-container\">\n\t\t\t\t\t\t\t\t\tTeie arveldusinfo (nt teie nimi, arveldus- ja e-posti aadress) saadavad meile kinnitamise eesm\u00e4rgil teie maksete v\u00e4ljastajad.\t\t\t\t\t\t\t\t<\/div>\n\t\t\t\t<\/div>\n\t\t\t\t<div class=\"elementor-element elementor-element-373e79d elementor-widget elementor-widget-spacer\" data-id=\"373e79d\" data-element_type=\"widget\" data-e-type=\"widget\" data-widget_type=\"spacer.default\">\n\t\t\t\t<div class=\"elementor-widget-container\">\n\t\t\t\t\t\t\t<div class=\"elementor-spacer\">\n\t\t\t<div class=\"elementor-spacer-inner\"><\/div>\n\t\t<\/div>\n\t\t\t\t\t\t<\/div>\n\t\t\t\t<\/div>\n\t\t\t\t<div class=\"elementor-element elementor-element-56745a0 elementor-invisible elementor-widget elementor-widget-heading\" data-id=\"56745a0\" data-element_type=\"widget\" data-e-type=\"widget\" data-settings=\"{&quot;_animation&quot;:&quot;fadeInUp&quot;}\" data-widget_type=\"heading.default\">\n\t\t\t\t<div class=\"elementor-widget-container\">\n\t\t\t\t\t<h2 class=\"elementor-heading-title elementor-size-default\">Sellise teabe saamise seaduslikkus v\u00f5i alus<\/h2>\t\t\t\t<\/div>\n\t\t\t\t<\/div>\n\t\t\t\t<div class=\"elementor-element elementor-element-1d0d6b3 elementor-widget elementor-widget-text-editor\" data-id=\"1d0d6b3\" data-element_type=\"widget\" data-e-type=\"widget\" data-widget_type=\"text-editor.default\">\n\t\t\t\t<div class=\"elementor-widget-container\">\n\t\t\t\t\t\t\t\t\tTeave, nagu teie konto, kontakt, tehingu ja profiili teave, tuleb anda vabalt. See teave saadakse teilt, sest ainult teie n\u00f5usolekul saame seda teavet teiega lepingu s\u00f5lmimiseks kasutada.\t\t\t\t\t\t\t\t<\/div>\n\t\t\t\t<\/div>\n\t\t\t\t<div class=\"elementor-element elementor-element-0300983 elementor-widget elementor-widget-text-editor\" data-id=\"0300983\" data-element_type=\"widget\" data-e-type=\"widget\" data-widget_type=\"text-editor.default\">\n\t\t\t\t<div class=\"elementor-widget-container\">\n\t\t\t\t\t\t\t\t\tSaame teie teavet selleks, et saata teile \u00f5igusp\u00e4raselt turundusuuendusi meie toodete ja muude sarnaste toodete kohta ning hallata ja kaitsta meie teenuseid, et tagada teile turvalisus pettuste v\u00f5i kuritarvitamise eest ning j\u00e4lgida samav\u00e4\u00e4rselt kasutusmustreid. Nende jaoks saame teie kontaktandmed, andmekasutuse ja teie tagasiside k\u00fcsitluste kohta. \t\t\t\t\t\t\t\t<\/div>\n\t\t\t\t<\/div>\n\t\t\t\t<div class=\"elementor-element elementor-element-297c48c elementor-widget elementor-widget-text-editor\" data-id=\"297c48c\" data-element_type=\"widget\" data-e-type=\"widget\" data-widget_type=\"text-editor.default\">\n\t\t\t\t<div class=\"elementor-widget-container\">\n\t\t\t\t\t\t\t\t\tMeil on teie andmed, kuna olete meie teenuste kasutamiseks vabatahtlikult andnud n\u00f5usoleku (valides n\u00f5usoleku kasti). See kehtib ka teabe kohta, mille olete andnud e-posti turunduse ja muude turundusvormide jaoks. Siiski on teil \u00f5igus oma andmete avaldamiseks antud n\u00f5usolek igal ajal tagasi v\u00f5tta, nagu on selgitatud meie teenusetingimustes, v\u00f5i p\u00f6\u00f6rdudes meie teenindusmeeskonna poole e-posti teel. \t\t\t\t\t\t\t\t<\/div>\n\t\t\t\t<\/div>\n\t\t\t\t<div class=\"elementor-element elementor-element-cdef221 elementor-widget elementor-widget-spacer\" data-id=\"cdef221\" data-element_type=\"widget\" data-e-type=\"widget\" data-widget_type=\"spacer.default\">\n\t\t\t\t<div class=\"elementor-widget-container\">\n\t\t\t\t\t\t\t<div class=\"elementor-spacer\">\n\t\t\t<div class=\"elementor-spacer-inner\"><\/div>\n\t\t<\/div>\n\t\t\t\t\t\t<\/div>\n\t\t\t\t<\/div>\n\t\t\t\t<div class=\"elementor-element elementor-element-8618904 elementor-invisible elementor-widget elementor-widget-heading\" data-id=\"8618904\" data-element_type=\"widget\" data-e-type=\"widget\" data-settings=\"{&quot;_animation&quot;:&quot;fadeInUp&quot;}\" data-widget_type=\"heading.default\">\n\t\t\t\t<div class=\"elementor-widget-container\">\n\t\t\t\t\t<h2 class=\"elementor-heading-title elementor-size-default\">Kui kaua teie isikuandmeid meie juures kasutatakse?<\/h2>\t\t\t\t<\/div>\n\t\t\t\t<\/div>\n\t\t\t\t<div class=\"elementor-element elementor-element-d43308c elementor-widget elementor-widget-text-editor\" data-id=\"d43308c\" data-element_type=\"widget\" data-e-type=\"widget\" data-widget_type=\"text-editor.default\">\n\t\t\t\t<div class=\"elementor-widget-container\">\n\t\t\t\t\t\t\t\t\tKui te ei palu meil oma andmed kustutada v\u00f5i meie leping teiega on l\u00f5ppenud, j\u00e4\u00e4vad teie isikuandmed meile alles. Vajadusel s\u00e4ilitame siiski m\u00f5ningaid v\u00f5i k\u00f5iki teie isikuandmeid \u00f5iguslikel, regulatiivsetel v\u00f5i maksualastel p\u00f5hjustel, et tegeleda probleemidega v\u00f5i tegeleda pettuste ja\/v\u00f5i kuritarvitamise v\u00f5i meie eeskirjade j\u00f5ustamisega (tavaliselt umbes kuus aastat).\t\t\t\t\t\t\t\t<\/div>\n\t\t\t\t<\/div>\n\t\t\t\t<div class=\"elementor-element elementor-element-920a938 elementor-widget elementor-widget-text-editor\" data-id=\"920a938\" data-element_type=\"widget\" data-e-type=\"widget\" data-widget_type=\"text-editor.default\">\n\t\t\t\t<div class=\"elementor-widget-container\">\n\t\t\t\t\t\t\t\t\tS\u00e4ilitame teie teavet ainult uudiskirjade v\u00f5i muude turundustegevuste jaoks ainult seni, kuni olete meile teisiti \u00f6elnud, ja sirvimise \u00fcksikasju s\u00e4ilitame ainult 26 kuud.\t\t\t\t\t\t\t\t<\/div>\n\t\t\t\t<\/div>\n\t\t\t\t<div class=\"elementor-element elementor-element-c674c01 elementor-widget elementor-widget-spacer\" data-id=\"c674c01\" data-element_type=\"widget\" data-e-type=\"widget\" data-widget_type=\"spacer.default\">\n\t\t\t\t<div class=\"elementor-widget-container\">\n\t\t\t\t\t\t\t<div class=\"elementor-spacer\">\n\t\t\t<div class=\"elementor-spacer-inner\"><\/div>\n\t\t<\/div>\n\t\t\t\t\t\t<\/div>\n\t\t\t\t<\/div>\n\t\t\t\t<div class=\"elementor-element elementor-element-9a04966 elementor-invisible elementor-widget elementor-widget-heading\" data-id=\"9a04966\" data-element_type=\"widget\" data-e-type=\"widget\" data-settings=\"{&quot;_animation&quot;:&quot;fadeInUp&quot;}\" data-widget_type=\"heading.default\">\n\t\t\t\t<div class=\"elementor-widget-container\">\n\t\t\t\t\t<h2 class=\"elementor-heading-title elementor-size-default\">kellele me teie isikuandmed saadame? <\/h2>\t\t\t\t<\/div>\n\t\t\t\t<\/div>\n\t\t\t\t<div class=\"elementor-element elementor-element-123ae33 elementor-widget elementor-widget-text-editor\" data-id=\"123ae33\" data-element_type=\"widget\" data-e-type=\"widget\" data-widget_type=\"text-editor.default\">\n\t\t\t\t<div class=\"elementor-widget-container\">\n\t\t\t\t\t\t\t\t\t<h4>Teie teave, mille me saame oma veebisaitidel kasutamiseks, sisaldab j\u00e4rgmist:<\/h4>\t\t\t\t\t\t\t\t<\/div>\n\t\t\t\t<\/div>\n\t\t\t\t<div class=\"elementor-element elementor-element-e0655b2 elementor-widget elementor-widget-html\" data-id=\"e0655b2\" data-element_type=\"widget\" data-e-type=\"widget\" data-widget_type=\"html.default\">\n\t\t\t\t<div class=\"elementor-widget-container\">\n\t\t\t\t\t<ol class=\"number_list_type\"><li>Need, kes aitavad meid veebisaidi hostimisel ja haldamisel, makseoperaatorid, klienditeeninduse pakkujad, e-posti levitajad, e-kaubandus, anal\u00fc\u00fctika, meie arvustuste haldusmeeskond, kliendik\u00fcsitlus ja tagasiside, meie reaalajas vestlused ja kohaletoimetamise teenused.<\/li>\n<li>Seadusandjad, politsei ja teised \u00f5iguskaitseorganid aitavad pettuse v\u00f5i kuritarvitamise korral ning tagavad teie ja meie kaitsmiseks seaduslike n\u00f5uete t\u00e4itmise.<\/li>\n<li>Meie n\u00f5ustajatele ja v\u00e4ljaandjatele professionaalselt meie kindlustuskaitse v\u00f5i juriidiliste n\u00f5uete k\u00e4sitlemise osas.<\/li>\n<li>Vajadusel meie potentsiaalsetele klientidele m\u00e4rgitud ostu v\u00f5i poolelioleva ostu korral v\u00f5i \u00fchinemiseks kogu v\u00f5i osa meie \u00e4ritegevusega.<\/li>\n<\/ol>\t\t\t\t<\/div>\n\t\t\t\t<\/div>\n\t\t\t\t<div class=\"elementor-element elementor-element-e443da4 elementor-invisible elementor-widget elementor-widget-heading\" data-id=\"e443da4\" data-element_type=\"widget\" data-e-type=\"widget\" data-settings=\"{&quot;_animation&quot;:&quot;fadeInUp&quot;}\" data-widget_type=\"heading.default\">\n\t\t\t\t<div class=\"elementor-widget-container\">\n\t\t\t\t\t<h2 class=\"elementor-heading-title elementor-size-default\">Kuhu teie teave l\u00e4heb?<\/h2>\t\t\t\t<\/div>\n\t\t\t\t<\/div>\n\t\t\t\t<div class=\"elementor-element elementor-element-9084bcd elementor-widget elementor-widget-text-editor\" data-id=\"9084bcd\" data-element_type=\"widget\" data-e-type=\"widget\" data-widget_type=\"text-editor.default\">\n\t\t\t\t<div class=\"elementor-widget-container\">\n\t\t\t\t\t\t\t\t\tIsikuandmed, mille me teilt saame, ei ulatu kaugemale \u00dchendkuningriigist ja neid ei edastata teistesse riikidesse, v\u00e4lja arvatud juhtudel, kui peame edastama teie andmed riikidele (eriti USA-le), mis pakuvad meile majutust, e-kaubandust, anal\u00fc\u00fctika, e-posti levitamine ja muud meie poolt kasutatavad teenused. \t\t\t\t\t\t\t\t<\/div>\n\t\t\t\t<\/div>\n\t\t\t\t<div class=\"elementor-element elementor-element-7b609b2 elementor-widget elementor-widget-text-editor\" data-id=\"7b609b2\" data-element_type=\"widget\" data-e-type=\"widget\" data-widget_type=\"text-editor.default\">\n\t\t\t\t<div class=\"elementor-widget-container\">\n\t\t\t\t\t\t\t\t\tKui teil on vaja saata oma isikuandmed v\u00e4ljapoole \u00dchendkuningriiki, tagame, et meil on selleks seaduslik toetus. Meie eesm\u00e4rk on tagada teie andmete turvalisus teabevoliniku poolt heaks kiidetud lepingu t\u00fc\u00fcpklauslite alusel.\t\t\t\t\t\t\t\t<\/div>\n\t\t\t\t<\/div>\n\t\t\t\t<div class=\"elementor-element elementor-element-d349896 elementor-widget elementor-widget-spacer\" data-id=\"d349896\" data-element_type=\"widget\" data-e-type=\"widget\" data-widget_type=\"spacer.default\">\n\t\t\t\t<div class=\"elementor-widget-container\">\n\t\t\t\t\t\t\t<div class=\"elementor-spacer\">\n\t\t\t<div class=\"elementor-spacer-inner\"><\/div>\n\t\t<\/div>\n\t\t\t\t\t\t<\/div>\n\t\t\t\t<\/div>\n\t\t\t\t<div class=\"elementor-element elementor-element-28ca1a4 elementor-invisible elementor-widget elementor-widget-heading\" data-id=\"28ca1a4\" data-element_type=\"widget\" data-e-type=\"widget\" data-settings=\"{&quot;_animation&quot;:&quot;fadeInUp&quot;}\" data-widget_type=\"heading.default\">\n\t\t\t\t<div class=\"elementor-widget-container\">\n\t\t\t\t\t<h2 class=\"elementor-heading-title elementor-size-default\">Millised on teie \u00f5igused?<\/h2>\t\t\t\t<\/div>\n\t\t\t\t<\/div>\n\t\t\t\t<div class=\"elementor-element elementor-element-2d977db elementor-widget elementor-widget-text-editor\" data-id=\"2d977db\" data-element_type=\"widget\" data-e-type=\"widget\" data-widget_type=\"text-editor.default\">\n\t\t\t\t<div class=\"elementor-widget-container\">\n\t\t\t\t\t\t\t\t\tTeil on \u00f5igus seaduslikult taotleda juurdep\u00e4\u00e4su oma isikuandmetele, vigade korral oma andmeid korrigeerida, oma andmed meie veebisaidilt kustutada ja teatud asjaoludel v\u00f5i andmete kasutamise t\u00f5ttu piirata oma andmete kasutamist meie veebisaidil. Samuti v\u00f5ite igal ajal tagasi v\u00f5tta n\u00f5usoleku, mille olete andnud oma andmete kasutamiseks mis tahes meie teenuse (nt e-posti) jaoks.\t\t\t\t\t\t\t\t<\/div>\n\t\t\t\t<\/div>\n\t\t\t\t<div class=\"elementor-element elementor-element-649d929 elementor-widget elementor-widget-text-editor\" data-id=\"649d929\" data-element_type=\"widget\" data-e-type=\"widget\" data-widget_type=\"text-editor.default\">\n\t\t\t\t<div class=\"elementor-widget-container\">\n\t\t\t\t\t\t\t\t\tKui teile ei meeldi teie isikliku teenuse kasutamine, v\u00f5tke meiega \u00fchendust meie \u00fclaltoodud e-posti teel ja kui teil on tunne, et meie vastust teie petitsioonile ei k\u00e4sitleta ideaalselt, on teil \u00f5igus esitada kaebus alati probleem teabevoliniku (ICO) kontoris. \t\t\t\t\t\t\t\t<\/div>\n\t\t\t\t<\/div>\n\t\t\t\t<div class=\"elementor-element elementor-element-426c88f elementor-widget elementor-widget-text-editor\" data-id=\"426c88f\" data-element_type=\"widget\" data-e-type=\"widget\" data-widget_type=\"text-editor.default\">\n\t\t\t\t<div class=\"elementor-widget-container\">\n\t\t\t\t\t\t\t\t\tOma \u00f5iguste kohta lisateabe saamiseks k\u00fclastage ICO veebisaiti aadressil ico.org.uk.\t\t\t\t\t\t\t\t<\/div>\n\t\t\t\t<\/div>\n\t\t\t\t<div class=\"elementor-element elementor-element-b4cd578 elementor-widget elementor-widget-spacer\" data-id=\"b4cd578\" data-element_type=\"widget\" data-e-type=\"widget\" data-widget_type=\"spacer.default\">\n\t\t\t\t<div class=\"elementor-widget-container\">\n\t\t\t\t\t\t\t<div class=\"elementor-spacer\">\n\t\t\t<div class=\"elementor-spacer-inner\"><\/div>\n\t\t<\/div>\n\t\t\t\t\t\t<\/div>\n\t\t\t\t<\/div>\n\t\t\t\t<div class=\"elementor-element elementor-element-18f92af elementor-invisible elementor-widget elementor-widget-heading\" data-id=\"18f92af\" data-element_type=\"widget\" data-e-type=\"widget\" data-settings=\"{&quot;_animation&quot;:&quot;fadeInUp&quot;}\" data-widget_type=\"heading.default\">\n\t\t\t\t<div class=\"elementor-widget-container\">\n\t\t\t\t\t<h2 class=\"elementor-heading-title elementor-size-default\">aga k\u00fcpsised?<\/h2>\t\t\t\t<\/div>\n\t\t\t\t<\/div>\n\t\t\t\t<div class=\"elementor-element elementor-element-82bda86 elementor-widget elementor-widget-text-editor\" data-id=\"82bda86\" data-element_type=\"widget\" data-e-type=\"widget\" data-widget_type=\"text-editor.default\">\n\t\t\t\t<div class=\"elementor-widget-container\">\n\t\t\t\t\t\t\t\t\tVeebisaidi kasutamisel on k\u00fcpsised teie seadme brauserisse saadetavad tunnused (kas numbrid v\u00f5i t\u00e4hed). Need on loodud veebisaidi sujuvaks toimimiseks ning veebisaidi omanikele ja operaatoritele rohkem teavet.\t\t\t\t\t\t\t\t<\/div>\n\t\t\t\t<\/div>\n\t\t\t\t<div class=\"elementor-element elementor-element-2606e33 elementor-widget elementor-widget-text-editor\" data-id=\"2606e33\" data-element_type=\"widget\" data-e-type=\"widget\" data-widget_type=\"text-editor.default\">\n\t\t\t\t<div class=\"elementor-widget-container\">\n\t\t\t\t\t\t\t\t\tKasutame neid k\u00fcpsiseid oma veebisaitide t\u00f5husaks toimimiseks. On ajutisi k\u00fcpsiseid; need k\u00fcpsised j\u00e4\u00e4vad teie brauserisse ainult seni, kuni teie brauser suletakse, ja samas v\u00f5ivad p\u00fcsivamad k\u00fcpsised teie brauserisse j\u00e4\u00e4da pikemaks ajaks, olenevalt nende kasutusajast. \t\t\t\t\t\t\t\t<\/div>\n\t\t\t\t<\/div>\n\t\t\t\t<div class=\"elementor-element elementor-element-1f9c831 elementor-widget elementor-widget-text-editor\" data-id=\"1f9c831\" data-element_type=\"widget\" data-e-type=\"widget\" data-widget_type=\"text-editor.default\">\n\t\t\t\t<div class=\"elementor-widget-container\">\n\t\t\t\t\t\t\t\t\tK\u00fcpsiste ja nende aktsepteerimise, tagasil\u00fckkamise v\u00f5i haldamise ning olemasolevate k\u00fcpsiste kustutamise kohta lisateabe saamiseks k\u00fclastage veebisaiti allaboutcookies.org. Kui otsustate meie k\u00fcpsistest keelduda, seate aga meie saidi funktsionaalsusele piirangu. \t\t\t\t\t\t\t\t<\/div>\n\t\t\t\t<\/div>\n\t\t\t\t\t<\/div>\n\t\t<\/div>\n\t\t\t\t\t<\/div>\n\t\t<\/section>\n\t\t\t\t<\/div>","protected":false},"excerpt":{"rendered":"<p>Meist See veebisait kuulub ettev\u00f5ttele RenoDoll; tegeleme seksnukkude m\u00fc\u00fcgiga. Kogu info meie ettev\u00f5tte kohta ja meie kontaktandmed leiate meie kodulehelt. Mida teeb meie poliitika? Meie poliitika \u00fctleb teile k\u00f5ik, mida peate teadma oma isikuandmete meile edastamise kohta. Meie poliitika \u00fcksikasjad h\u00f5lmavad ainult meile antud \u00fcksikasju. Kui annate oma isikuandmeid mis tahes hetkel teistele veebisaitidele, tutvuge nende ettev\u00f5tte poliitikaga. Kasutage meie teenuseid alles p\u00e4rast meie poliitika \u00fcksikasjade l\u00e4bivaatamist ja see on teid rahuldav. Kas v\u00f5ib muutuda<\/p>","protected":false},"author":1,"featured_media":0,"parent":0,"menu_order":0,"comment_status":"closed","ping_status":"closed","template":"","meta":{"footnotes":""},"class_list":["post-5188","page","type-page","status-publish","hentry"],"aioseo_notices":[],"_links":{"self":[{"href":"https:\/\/renodoll.com\/et\/wp-json\/wp\/v2\/pages\/5188","targetHints":{"allow":["GET"]}}],"collection":[{"href":"https:\/\/renodoll.com\/et\/wp-json\/wp\/v2\/pages"}],"about":[{"href":"https:\/\/renodoll.com\/et\/wp-json\/wp\/v2\/types\/page"}],"author":[{"embeddable":true,"href":"https:\/\/renodoll.com\/et\/wp-json\/wp\/v2\/users\/1"}],"replies":[{"embeddable":true,"href":"https:\/\/renodoll.com\/et\/wp-json\/wp\/v2\/comments?post=5188"}],"version-history":[{"count":16,"href":"https:\/\/renodoll.com\/et\/wp-json\/wp\/v2\/pages\/5188\/revisions"}],"predecessor-version":[{"id":14629,"href":"https:\/\/renodoll.com\/et\/wp-json\/wp\/v2\/pages\/5188\/revisions\/14629"}],"wp:attachment":[{"href":"https:\/\/renodoll.com\/et\/wp-json\/wp\/v2\/media?parent=5188"}],"curies":[{"name":"wp","href":"https:\/\/api.w.org\/{rel}","templated":true}]}}