{"id":5157,"date":"2023-02-20T14:08:08","date_gmt":"2023-02-20T06:08:08","guid":{"rendered":"https:\/\/renodoll.com\/?page_id=5157"},"modified":"2023-03-31T14:23:28","modified_gmt":"2023-03-31T06:23:28","slug":"disclaimer","status":"publish","type":"page","link":"https:\/\/renodoll.com\/et\/disclaimer\/","title":{"rendered":"Vastutusest loobumine"},"content":{"rendered":"<div data-elementor-type=\"wp-page\" data-elementor-id=\"5157\" class=\"elementor elementor-5157\" data-elementor-post-type=\"page\">\n\t\t\t\t\t\t<section class=\"elementor-section elementor-top-section elementor-element elementor-element-2aace59 elementor-section-boxed elementor-section-height-default elementor-section-height-default\" data-id=\"2aace59\" data-element_type=\"section\" data-e-type=\"section\">\n\t\t\t\t\t\t<div class=\"elementor-container elementor-column-gap-no\">\n\t\t\t\t\t<div class=\"elementor-column elementor-col-100 elementor-top-column elementor-element elementor-element-0017d57\" data-id=\"0017d57\" data-element_type=\"column\" data-e-type=\"column\">\n\t\t\t<div class=\"elementor-widget-wrap elementor-element-populated\">\n\t\t\t\t\t\t<div class=\"elementor-element elementor-element-8a2ff4e elementor-widget elementor-widget-spacer\" data-id=\"8a2ff4e\" data-element_type=\"widget\" data-e-type=\"widget\" data-widget_type=\"spacer.default\">\n\t\t\t\t<div class=\"elementor-widget-container\">\n\t\t\t\t\t\t\t<div class=\"elementor-spacer\">\n\t\t\t<div class=\"elementor-spacer-inner\"><\/div>\n\t\t<\/div>\n\t\t\t\t\t\t<\/div>\n\t\t\t\t<\/div>\n\t\t\t\t<section class=\"elementor-section elementor-inner-section elementor-element elementor-element-16bb0ad elementor-section-boxed elementor-section-height-default elementor-section-height-default\" data-id=\"16bb0ad\" data-element_type=\"section\" data-e-type=\"section\">\n\t\t\t\t\t\t<div class=\"elementor-container elementor-column-gap-default\">\n\t\t\t\t\t<div class=\"elementor-column elementor-col-50 elementor-inner-column elementor-element elementor-element-3d41176\" data-id=\"3d41176\" data-element_type=\"column\" data-e-type=\"column\">\n\t\t\t<div class=\"elementor-widget-wrap elementor-element-populated\">\n\t\t\t\t\t\t<div class=\"elementor-element elementor-element-5997a9f elementor-invisible elementor-widget elementor-widget-heading\" data-id=\"5997a9f\" data-element_type=\"widget\" data-e-type=\"widget\" data-settings=\"{&quot;_animation&quot;:&quot;fadeInUp&quot;}\" data-widget_type=\"heading.default\">\n\t\t\t\t<div class=\"elementor-widget-container\">\n\t\t\t\t\t<h2 class=\"elementor-heading-title elementor-size-default\">Hoiatus<\/h2>\t\t\t\t<\/div>\n\t\t\t\t<\/div>\n\t\t\t\t<div class=\"elementor-element elementor-element-3feda34 elementor-widget elementor-widget-text-editor\" data-id=\"3feda34\" data-element_type=\"widget\" data-e-type=\"widget\" data-widget_type=\"text-editor.default\">\n\t\t\t\t<div class=\"elementor-widget-container\">\n\t\t\t\t\t\t\t\t\tSellel saidil sisalduvad materjalid on peamiselt seksuaalse erutuse ja rahulolu jaoks ning see on m\u00f5eldud ainult 18-aastastele ja vanematele isikutele. Enne meie saidile sisselogimist peaksite n\u00f5ustuma j\u00e4rgmiste tingimustega:\t\t\t\t\t\t\t\t<\/div>\n\t\t\t\t<\/div>\n\t\t\t\t<div class=\"elementor-element elementor-element-1a4cbf5 elementor-widget elementor-widget-spacer\" data-id=\"1a4cbf5\" data-element_type=\"widget\" data-e-type=\"widget\" data-widget_type=\"spacer.default\">\n\t\t\t\t<div class=\"elementor-widget-container\">\n\t\t\t\t\t\t\t<div class=\"elementor-spacer\">\n\t\t\t<div class=\"elementor-spacer-inner\"><\/div>\n\t\t<\/div>\n\t\t\t\t\t\t<\/div>\n\t\t\t\t<\/div>\n\t\t\t\t<div class=\"elementor-element elementor-element-57d9795 elementor-invisible elementor-widget elementor-widget-heading\" data-id=\"57d9795\" data-element_type=\"widget\" data-e-type=\"widget\" data-settings=\"{&quot;_animation&quot;:&quot;fadeInUp&quot;}\" data-widget_type=\"heading.default\">\n\t\t\t\t<div class=\"elementor-widget-container\">\n\t\t\t\t\t<h2 class=\"elementor-heading-title elementor-size-default\">T\u00e4iskasvanud vanuses 18 aastat ja vanemad <\/h2>\t\t\t\t<\/div>\n\t\t\t\t<\/div>\n\t\t\t\t<div class=\"elementor-element elementor-element-4079b24 elementor-widget elementor-widget-text-editor\" data-id=\"4079b24\" data-element_type=\"widget\" data-e-type=\"widget\" data-widget_type=\"text-editor.default\">\n\t\t\t\t<div class=\"elementor-widget-container\">\n\t\t\t\t\t\t\t\t\t<p>renodoll.com ei saa ega keela kunagi alaealistel saiti k\u00fclastamast. Lapsevanemate ja eestkostjate ainuvastutus on j\u00e4lgida laste ja teismeliste tegevusi nende vaatamiseks k\u00e4ttesaadavaks tehtud asjakohastel materjalidel. RenoDoll aktsepteerib ainult 18-aastaste ja vanemate t\u00e4iskasvanud isiku tehtud oste.<\/p>\t\t\t\t\t\t\t\t<\/div>\n\t\t\t\t<\/div>\n\t\t\t\t\t<\/div>\n\t\t<\/div>\n\t\t\t\t<div class=\"elementor-column elementor-col-50 elementor-inner-column elementor-element elementor-element-df8a856\" data-id=\"df8a856\" data-element_type=\"column\" data-e-type=\"column\">\n\t\t\t<div class=\"elementor-widget-wrap elementor-element-populated\">\n\t\t\t\t\t\t<div class=\"elementor-element elementor-element-5e5ebd7 elementor-widget elementor-widget-image\" data-id=\"5e5ebd7\" data-element_type=\"widget\" data-e-type=\"widget\" data-widget_type=\"image.default\">\n\t\t\t\t<div class=\"elementor-widget-container\">\n\t\t\t\t\t\t\t\t\t\t\t\t\t\t\t<img loading=\"lazy\" decoding=\"async\" width=\"626\" height=\"391\" src=\"https:\/\/renodoll.com\/wp-content\/uploads\/elementor\/thumbs\/xstore-placeholder-q1lsnz7epxgj07i36y75y69xtmzlsin1nvz42az9rc.png\" class=\"attachment-large size-large wp-image-14375 lazyload lazyload-simple et-lazyload-fadeIn\" alt=\"\" sizes=\"auto, (max-width: 626px) 100vw, 626px\" data-src=\"https:\/\/renodoll.com\/wp-content\/uploads\/2023\/03\/renodoll_adults-only-18-plus.jpg\" data-srcset=\"https:\/\/renodoll.com\/wp-content\/uploads\/2023\/03\/renodoll_adults-only-18-plus.jpg 626w, https:\/\/renodoll.com\/wp-content\/uploads\/2023\/03\/renodoll_adults-only-18-plus-300x187.jpg 300w, https:\/\/renodoll.com\/wp-content\/uploads\/2023\/03\/renodoll_adults-only-18-plus-18x12.jpg 18w, https:\/\/renodoll.com\/wp-content\/uploads\/2023\/03\/renodoll_adults-only-18-plus-100x62.jpg 100w, https:\/\/renodoll.com\/wp-content\/uploads\/2023\/03\/renodoll_adults-only-18-plus-600x375.jpg 600w, https:\/\/renodoll.com\/wp-content\/uploads\/2023\/03\/renodoll_adults-only-18-plus-10x6.jpg 10w\" \/>\t\t\t\t\t\t\t\t\t\t\t\t\t\t\t<\/div>\n\t\t\t\t<\/div>\n\t\t\t\t\t<\/div>\n\t\t<\/div>\n\t\t\t\t\t<\/div>\n\t\t<\/section>\n\t\t\t\t<div class=\"elementor-element elementor-element-d37e8f7 elementor-widget elementor-widget-spacer\" data-id=\"d37e8f7\" data-element_type=\"widget\" data-e-type=\"widget\" data-widget_type=\"spacer.default\">\n\t\t\t\t<div class=\"elementor-widget-container\">\n\t\t\t\t\t\t\t<div class=\"elementor-spacer\">\n\t\t\t<div class=\"elementor-spacer-inner\"><\/div>\n\t\t<\/div>\n\t\t\t\t\t\t<\/div>\n\t\t\t\t<\/div>\n\t\t\t\t<div class=\"elementor-element elementor-element-fd092ed elementor-invisible elementor-widget elementor-widget-heading\" data-id=\"fd092ed\" data-element_type=\"widget\" data-e-type=\"widget\" data-settings=\"{&quot;_animation&quot;:&quot;fadeInUp&quot;}\" data-widget_type=\"heading.default\">\n\t\t\t\t<div class=\"elementor-widget-container\">\n\t\t\t\t\t<h2 class=\"elementor-heading-title elementor-size-default\">Autori\u00f5igus<\/h2>\t\t\t\t<\/div>\n\t\t\t\t<\/div>\n\t\t\t\t<div class=\"elementor-element elementor-element-4a2734b elementor-widget elementor-widget-text-editor\" data-id=\"4a2734b\" data-element_type=\"widget\" data-e-type=\"widget\" data-widget_type=\"text-editor.default\">\n\t\t\t\t<div class=\"elementor-widget-container\">\n\t\t\t\t\t\t\t\t\t<p>Kui see pole vastun\u00e4idustatud, kuuluvad k\u00f5ik k\u00e4ttesaadavaks tehtud ressursid, nii pildikujundused, veebisaidid, \u00fcleskirjutused, konfiguratsioonid ja muud valikud, k\u00f5ik renodoll.com omandi\u00f5igused; seega kasutatakse selle veebisaidi sisu ainult \u00e4rilistel eesm\u00e4rkidel ja sellega ei ole seotud varjatud tegevuskava. \u00dchtegi sellelt veebisaidilt kopeeritud materiaalset ressurssi ei tohi uuendada, muuta, uuesti tr\u00fckkida, postitada, edastada ega v\u00e4ljastada \u00fchelgi viisil ega keegi ilma veebisaidi renodoll.com kirjaliku dokumendi alusel n\u00f5usolekuta. K\u00f5ik \u00f5igused, mida ei ole n\u00f5uetekohaselt antud, j\u00e4etakse k\u00f5rvale. Sellelt saidilt p\u00e4rit isendite kasutamine ilma loata v\u00f5ib rikkuda \u00f5igusi ja kaubam\u00e4rki, mis v\u00f5ib kaasa tuua kriminaal- v\u00f5i tsiviilkaristuse.<\/p>\t\t\t\t\t\t\t\t<\/div>\n\t\t\t\t<\/div>\n\t\t\t\t<div class=\"elementor-element elementor-element-b84993c elementor-widget elementor-widget-spacer\" data-id=\"b84993c\" data-element_type=\"widget\" data-e-type=\"widget\" data-widget_type=\"spacer.default\">\n\t\t\t\t<div class=\"elementor-widget-container\">\n\t\t\t\t\t\t\t<div class=\"elementor-spacer\">\n\t\t\t<div class=\"elementor-spacer-inner\"><\/div>\n\t\t<\/div>\n\t\t\t\t\t\t<\/div>\n\t\t\t\t<\/div>\n\t\t\t\t<div class=\"elementor-element elementor-element-4cc3835 elementor-invisible elementor-widget elementor-widget-heading\" data-id=\"4cc3835\" data-element_type=\"widget\" data-e-type=\"widget\" data-settings=\"{&quot;_animation&quot;:&quot;fadeInUp&quot;}\" data-widget_type=\"heading.default\">\n\t\t\t\t<div class=\"elementor-widget-container\">\n\t\t\t\t\t<h2 class=\"elementor-heading-title elementor-size-default\">Vastutusest loobumine<\/h2>\t\t\t\t<\/div>\n\t\t\t\t<\/div>\n\t\t\t\t<div class=\"elementor-element elementor-element-5b37396 elementor-widget elementor-widget-text-editor\" data-id=\"5b37396\" data-element_type=\"widget\" data-e-type=\"widget\" data-widget_type=\"text-editor.default\">\n\t\t\t\t<div class=\"elementor-widget-container\">\n\t\t\t\t\t\t\t\t\t<p>Kogu sellest veebist leitav sisu tehakse k\u00e4ttesaadavaks algsel kujul ilma igasuguse garantiita. Selle saidi tellimisega n\u00f5ustute k\u00f5igi selle veebisaidi sisu kasutamisega seotud ohtudega. renodoll.com, selle t\u00f6\u00f6tajad, juhtkond ega t\u00f6\u00f6v\u00f5tjad ei vastuta kahjude v\u00f5i kahjude eest, mis tulenevad teie suutmatusest kasutada saiti ja selle linke \u00f5igesti. Renodoll.com ja tema kaast\u00f6\u00f6tajad, kes said oma panuse veebisaidi sisusse, ei saa vastutusele v\u00f5tta, kui teie sisust s\u00f5ltuvuse t\u00f5ttu peaks tekkima probleeme.<\/p>\t\t\t\t\t\t\t\t<\/div>\n\t\t\t\t<\/div>\n\t\t\t\t<div class=\"elementor-element elementor-element-5fbeccb elementor-widget elementor-widget-text-editor\" data-id=\"5fbeccb\" data-element_type=\"widget\" data-e-type=\"widget\" data-widget_type=\"text-editor.default\">\n\t\t\t\t<div class=\"elementor-widget-container\">\n\t\t\t\t\t\t\t\t\t<p>Sellel veebisaidil on k\u00f5ik leitud tooted p\u00f5nevate ja ainulaadsete elamuste jaoks. RenoDoll ei garanteeri, et meie tooted on terved, ilma tootjapoolsete defektideta ja tootjapoolse valeandmeteta.<\/p>\t\t\t\t\t\t\t\t<\/div>\n\t\t\t\t<\/div>\n\t\t\t\t<div class=\"elementor-element elementor-element-87c5887 elementor-widget elementor-widget-text-editor\" data-id=\"87c5887\" data-element_type=\"widget\" data-e-type=\"widget\" data-widget_type=\"text-editor.default\">\n\t\t\t\t<div class=\"elementor-widget-container\">\n\t\t\t\t\t\t\t\t\t<p>Oma tellimusi saates n\u00f5ustute ja n\u00f5ustute allnimetatud asjaoluga, et RenoDoll ei vastuta teadmatusest p\u00f5hjustatud tahtliku v\u00f5i tahtmatu \u00f5nnetuse eest, olenemata delikti\u00f5igusest.<\/p>\t\t\t\t\t\t\t\t<\/div>\n\t\t\t\t<\/div>\n\t\t\t\t<div class=\"elementor-element elementor-element-373e79d elementor-widget elementor-widget-spacer\" data-id=\"373e79d\" data-element_type=\"widget\" data-e-type=\"widget\" data-widget_type=\"spacer.default\">\n\t\t\t\t<div class=\"elementor-widget-container\">\n\t\t\t\t\t\t\t<div class=\"elementor-spacer\">\n\t\t\t<div class=\"elementor-spacer-inner\"><\/div>\n\t\t<\/div>\n\t\t\t\t\t\t<\/div>\n\t\t\t\t<\/div>\n\t\t\t\t<div class=\"elementor-element elementor-element-56745a0 elementor-invisible elementor-widget elementor-widget-heading\" data-id=\"56745a0\" data-element_type=\"widget\" data-e-type=\"widget\" data-settings=\"{&quot;_animation&quot;:&quot;fadeInUp&quot;}\" data-widget_type=\"heading.default\">\n\t\t\t\t<div class=\"elementor-widget-container\">\n\t\t\t\t\t<h2 class=\"elementor-heading-title elementor-size-default\">Tagasimaksmine<\/h2>\t\t\t\t<\/div>\n\t\t\t\t<\/div>\n\t\t\t\t<div class=\"elementor-element elementor-element-1d0d6b3 elementor-widget elementor-widget-text-editor\" data-id=\"1d0d6b3\" data-element_type=\"widget\" data-e-type=\"widget\" data-widget_type=\"text-editor.default\">\n\t\t\t\t<div class=\"elementor-widget-container\">\n\t\t\t\t\t\t\t\t\tK\u00f5ik ostetud esemed, mis on ettev\u00f5ttest lahkunud, kuid m\u00f5ne v\u00f5ltstegevuse t\u00f5ttu tagastati need ettev\u00f5ttele tagasimaksena, need esitatakse hoolikalt ja seaduslikult teie kohaliku omavalitsuse kaudu ning s\u00fc\u00fcdim\u00f5istmise korral l\u00e4heb seadus l\u00e4bi. . \t\t\t\t\t\t\t\t<\/div>\n\t\t\t\t<\/div>\n\t\t\t\t<div class=\"elementor-element elementor-element-0300983 elementor-widget elementor-widget-text-editor\" data-id=\"0300983\" data-element_type=\"widget\" data-e-type=\"widget\" data-widget_type=\"text-editor.default\">\n\t\t\t\t<div class=\"elementor-widget-container\">\n\t\t\t\t\t\t\t\t\t<p>Ostes mis tahes meie kauba saidilt renodoll.com, n\u00f5ustute sellega, et; te ei taotle mis tahes vormis juriidilist toimingut ega n\u00f5ua tagasimakset \u00fchegi toote eest, mille eest on tasutud teie plastraha\/krediitkaardiga saidil renodoll.com.<\/p>\t\t\t\t\t\t\t\t<\/div>\n\t\t\t\t<\/div>\n\t\t\t\t<div class=\"elementor-element elementor-element-92ba549 elementor-widget elementor-widget-text-editor\" data-id=\"92ba549\" data-element_type=\"widget\" data-e-type=\"widget\" data-widget_type=\"text-editor.default\">\n\t\t\t\t<div class=\"elementor-widget-container\">\n\t\t\t\t\t\t\t\t\t<p>Ilma teadlikult pingutamata, et teavitada meid tekkinud raskustest ja anda organisatsioonile m\u00f5istlik aeg nende lahendamiseks, k\u00e4sitleb renodoll.com makse tagasimaksmise v\u00f5i tagasimakse taotlust pettusena.<\/p>\t\t\t\t\t\t\t\t<\/div>\n\t\t\t\t<\/div>\n\t\t\t\t<div class=\"elementor-element elementor-element-f9ca80d elementor-widget elementor-widget-text-editor\" data-id=\"f9ca80d\" data-element_type=\"widget\" data-e-type=\"widget\" data-widget_type=\"text-editor.default\">\n\t\t\t\t<div class=\"elementor-widget-container\">\n\t\t\t\t\t\t\t\t\tMis tahes tegevust organisatsiooni petmiseks, kasutades p\u00e4rast kauba ostmist maksmiseks v\u00f5ltsitud plastraha\/krediitkaarti, ei ole lubatud. Mis tahes kliendi tehtud ebaseaduslik tehing, mis p\u00f5hjustab ettev\u00f5ttel v\u00f5lgu v\u00f5i kahju, on seotud kogu seadusega, olgu see siis \u00e4ritegevuse, uurimist\u00f6\u00f6 v\u00f5i juriidilise maksega seotud kulud, ja see h\u00f5lmab t\u00f6\u00f6tajate vaba aega.\t\t\t\t\t\t\t\t<\/div>\n\t\t\t\t<\/div>\n\t\t\t\t<div class=\"elementor-element elementor-element-0647a6a elementor-widget elementor-widget-text-editor\" data-id=\"0647a6a\" data-element_type=\"widget\" data-e-type=\"widget\" data-widget_type=\"text-editor.default\">\n\t\t\t\t<div class=\"elementor-widget-container\">\n\t\t\t\t\t\t\t\t\tIga kliendi n\u00f5utud raha tagasimakse tekitab ebamugavusi meie t\u00f6\u00f6tajatele, sest see segab meie tavap\u00e4rast \u00e4ritegevust ja t\u00f5mbab sellega seoses raha v\u00e4lja ka ettev\u00f5tte rahakotist:\t\t\t\t\t\t\t\t<\/div>\n\t\t\t\t<\/div>\n\t\t\t\t<div class=\"elementor-element elementor-element-25f164f elementor-widget elementor-widget-text-editor\" data-id=\"25f164f\" data-element_type=\"widget\" data-e-type=\"widget\" data-widget_type=\"text-editor.default\">\n\t\t\t\t<div class=\"elementor-widget-container\">\n\t\t\t\t\t\t\t\t\t<p>Kui m\u00f5ni klient ostab veebisaidilt renodoll.com meie realistlikud seksnukud ja peaks selle k\u00e4igus tootele kahju tekitama ja samal ajal ettev\u00f5ttelt kohtusse kaevama v\u00f5i n\u00f5udma oma plastrahaga raha tagasi. \/krediitkaardifirma, olukorra t\u00f5ttu, mis rikub meie n\u00f5udeid ja tingimusi, millega olete tellimuse esitamise hetkel algselt n\u00f5ustunud, v\u00f5i kui te ei teavitanud ettev\u00f5tet \u00f5igeaegselt ega ole n\u00e4idanud kannatlikkust, et ettev\u00f5te n\u00f5ustuks, kinnitada ja teha tagasiside saamiseks adekvaatne p\u00e4ring, siis selline klient kaotab ja talle raha ei tagastata.<\/p>\t\t\t\t\t\t\t\t<\/div>\n\t\t\t\t<\/div>\n\t\t\t\t<div class=\"elementor-element elementor-element-3356070 elementor-widget elementor-widget-text-editor\" data-id=\"3356070\" data-element_type=\"widget\" data-e-type=\"widget\" data-widget_type=\"text-editor.default\">\n\t\t\t\t<div class=\"elementor-widget-container\">\n\t\t\t\t\t\t\t\t\t<p>Kuid olukorras, kus klient v\u00f5idab tagasimakse\/maksejuhtumi oma plastraha\/krediitkaardifirmaga, p\u00fc\u00fcab renodoll.com tagasi saada k\u00f5ik valesti v\u00e4idetud l\u00f5ivud, sealhulgas isiku agendi lisakulud. Bioandmed sisaldavad nende t\u00e4isnime, e-posti aadressi, toote tellimise kuup\u00e4eva, toote kogust, IP-aadressi, koduaadressi ja mobiiltelefoni numbrit.<\/p>\t\t\t\t\t\t\t\t<\/div>\n\t\t\t\t<\/div>\n\t\t\t\t\t<\/div>\n\t\t<\/div>\n\t\t\t\t\t<\/div>\n\t\t<\/section>\n\t\t\t\t<\/div>","protected":false},"excerpt":{"rendered":"<p>Hoiatus Sellel saidil sisalduvad materjalid on peamiselt seksuaalse erutuse ja rahulolu jaoks ning see on m\u00f5eldud ainult 18-aastastele ja vanematele isikutele. Enne meie saidile sisselogimist peaksite n\u00f5ustuma j\u00e4rgmiste tingimustega: 18-aastased ja vanemad t\u00e4iskasvanud renodoll.com ei saa ega keela kunagi alaealistel seda saiti k\u00fclastada. Lapsevanemate ja eestkostjate ainuvastutus on j\u00e4lgida laste ja teismeliste tegevusi nende vaatamiseks k\u00e4ttesaadavaks tehtud asjakohastel materjalidel. RenoDoll aktsepteerib ainult 18-aastaste ja vanemate t\u00e4iskasvanud isiku tehtud oste. Autori\u00f5igus<\/p>","protected":false},"author":1,"featured_media":0,"parent":0,"menu_order":0,"comment_status":"closed","ping_status":"closed","template":"","meta":{"footnotes":""},"class_list":["post-5157","page","type-page","status-publish","hentry"],"aioseo_notices":[],"_links":{"self":[{"href":"https:\/\/renodoll.com\/et\/wp-json\/wp\/v2\/pages\/5157","targetHints":{"allow":["GET"]}}],"collection":[{"href":"https:\/\/renodoll.com\/et\/wp-json\/wp\/v2\/pages"}],"about":[{"href":"https:\/\/renodoll.com\/et\/wp-json\/wp\/v2\/types\/page"}],"author":[{"embeddable":true,"href":"https:\/\/renodoll.com\/et\/wp-json\/wp\/v2\/users\/1"}],"replies":[{"embeddable":true,"href":"https:\/\/renodoll.com\/et\/wp-json\/wp\/v2\/comments?post=5157"}],"version-history":[{"count":31,"href":"https:\/\/renodoll.com\/et\/wp-json\/wp\/v2\/pages\/5157\/revisions"}],"predecessor-version":[{"id":14623,"href":"https:\/\/renodoll.com\/et\/wp-json\/wp\/v2\/pages\/5157\/revisions\/14623"}],"wp:attachment":[{"href":"https:\/\/renodoll.com\/et\/wp-json\/wp\/v2\/media?parent=5157"}],"curies":[{"name":"wp","href":"https:\/\/api.w.org\/{rel}","templated":true}]}}