{"id":5446,"date":"2023-02-22T18:57:12","date_gmt":"2023-02-22T10:57:12","guid":{"rendered":"https:\/\/renodoll.com\/?page_id=5446"},"modified":"2023-03-29T16:46:47","modified_gmt":"2023-03-29T08:46:47","slug":"articulated-finger","status":"publish","type":"page","link":"https:\/\/renodoll.com\/es\/dedo-articulado\/","title":{"rendered":"Dedo Articulado"},"content":{"rendered":"<div data-elementor-type=\"wp-page\" data-elementor-id=\"5446\" class=\"elementor elementor-5446\">\n\t\t\t\t\t\t\t\t\t<section class=\"elementor-section elementor-top-section elementor-element elementor-element-19ce2b8 elementor-section-boxed elementor-section-height-default elementor-section-height-default\" data-id=\"19ce2b8\" data-element_type=\"section\">\n\t\t\t\t\t\t<div class=\"elementor-container elementor-column-gap-default\">\n\t\t\t\t\t<div class=\"elementor-column elementor-col-100 elementor-top-column elementor-element elementor-element-f3c1b7c page-content-text\" data-id=\"f3c1b7c\" data-element_type=\"column\">\n\t\t\t<div class=\"elementor-widget-wrap elementor-element-populated\">\n\t\t\t\t\t\t\t\t<section class=\"elementor-section elementor-inner-section elementor-element elementor-element-fd7ff6a elementor-section-boxed elementor-section-height-default elementor-section-height-default\" data-id=\"fd7ff6a\" data-element_type=\"section\">\n\t\t\t\t\t\t<div class=\"elementor-container elementor-column-gap-default\">\n\t\t\t\t\t<div class=\"elementor-column elementor-col-50 elementor-inner-column elementor-element elementor-element-4194eef\" data-id=\"4194eef\" data-element_type=\"column\">\n\t\t\t<div class=\"elementor-widget-wrap elementor-element-populated\">\n\t\t\t\t\t\t\t\t<div class=\"elementor-element elementor-element-445fe14 elementor-invisible elementor-widget elementor-widget-heading\" data-id=\"445fe14\" data-element_type=\"widget\" data-settings=\"{&quot;_animation&quot;:&quot;fadeInUp&quot;}\" data-widget_type=\"heading.default\">\n\t\t\t\t<div class=\"elementor-widget-container\">\n\t\t\t<style>\/*! elementor - v3.10.2 - 29-01-2023 *\/\n.elementor-heading-title{padding:0;margin:0;line-height:1}.elementor-widget-heading .elementor-heading-title[class*=elementor-size-]>a{color:inherit;font-size:inherit;line-height:inherit}.elementor-widget-heading .elementor-heading-title.elementor-size-small{font-size:15px}.elementor-widget-heading .elementor-heading-title.elementor-size-medium{font-size:19px}.elementor-widget-heading .elementor-heading-title.elementor-size-large{font-size:29px}.elementor-widget-heading .elementor-heading-title.elementor-size-xl{font-size:39px}.elementor-widget-heading .elementor-heading-title.elementor-size-xxl{font-size:59px}<\/style><h2 class=\"elementor-heading-title elementor-size-default\">Dedo<\/h2>\t\t<\/div>\n\t\t\t\t<\/div>\n\t\t\t\t<div class=\"elementor-element elementor-element-2f50bad elementor-widget elementor-widget-text-editor\" data-id=\"2f50bad\" data-element_type=\"widget\" data-widget_type=\"text-editor.default\">\n\t\t\t\t<div class=\"elementor-widget-container\">\n\t\t\t<style>\/*! elementor - v3.10.2 - 29-01-2023 *\/\n.elementor-widget-text-editor.elementor-drop-cap-view-stacked .elementor-drop-cap{background-color:#818a91;color:#fff}.elementor-widget-text-editor.elementor-drop-cap-view-framed .elementor-drop-cap{color:#818a91;border:3px solid;background-color:transparent}.elementor-widget-text-editor:not(.elementor-drop-cap-view-default) .elementor-drop-cap{margin-top:8px}.elementor-widget-text-editor:not(.elementor-drop-cap-view-default) .elementor-drop-cap-letter{width:1em;height:1em}.elementor-widget-text-editor .elementor-drop-cap{float:left;text-align:center;line-height:1;font-size:50px}.elementor-widget-text-editor .elementor-drop-cap-letter{display:inline-block}<\/style>\t\t\t\t<p>No mucho tiempo, Irontech anunci\u00f3 el lanzamiento de las nuevas manos y dedos articulados para sus mu\u00f1ecas sexuales y se uni\u00f3 a YL Doll y WMDoll como la marca de mu\u00f1ecas sexuales TPE n\u00famero tres para ofrecer una actualizaci\u00f3n para el dedo de su mu\u00f1eca sexual.<\/p>\t\t\t\t\t\t<\/div>\n\t\t\t\t<\/div>\n\t\t\t\t<div class=\"elementor-element elementor-element-7b009cf elementor-widget elementor-widget-text-editor\" data-id=\"7b009cf\" data-element_type=\"widget\" data-widget_type=\"text-editor.default\">\n\t\t\t\t<div class=\"elementor-widget-container\">\n\t\t\t\t\t\t\tEsta nueva caracter\u00edstica de las mu\u00f1ecas sexuales se ha convertido en una tendencia en la industria de las mu\u00f1ecas sexuales, y es una tendencia agradable para la comunidad de mu\u00f1ecas sexuales porque a la mayor\u00eda de estos propietarios de mu\u00f1ecas reales no les gustan los dedos viejos, que son fr\u00e1giles y est\u00e1n cableados.\n\t\t\t\t\t\t<\/div>\n\t\t\t\t<\/div>\n\t\t\t\t<div class=\"elementor-element elementor-element-d24a218 elementor-widget elementor-widget-text-editor\" data-id=\"d24a218\" data-element_type=\"widget\" data-widget_type=\"text-editor.default\">\n\t\t\t\t<div class=\"elementor-widget-container\">\n\t\t\t\t\t\t\t<p>La actualizaci\u00f3n del dedo articulado anunciada por Irontech es bastante similar a la de WM. El esqueleto de la mano de metal de la mu\u00f1eca sexual tiene una articulaci\u00f3n articulada y tambi\u00e9n est\u00e1 cubierto con una capa blanca para evitar que se da\u00f1e la piel del dedo. Estos juegos de mu\u00f1ecas pueden hacer f\u00e1cilmente poses realistas que involucren la mano y el dedo sin tener que pasar cables a trav\u00e9s del TPE.<\/p>\t\t\t\t\t\t<\/div>\n\t\t\t\t<\/div>\n\t\t\t\t\t<\/div>\n\t\t<\/div>\n\t\t\t\t<div class=\"elementor-column elementor-col-50 elementor-inner-column elementor-element elementor-element-df10d16\" data-id=\"df10d16\" data-element_type=\"column\">\n\t\t\t<div class=\"elementor-widget-wrap elementor-element-populated\">\n\t\t\t\t\t\t\t\t<div class=\"elementor-element elementor-element-2fef030 elementor-aspect-ratio-169 elementor-widget elementor-widget-video\" data-id=\"2fef030\" data-element_type=\"widget\" data-settings=\"{&quot;video_type&quot;:&quot;hosted&quot;,&quot;autoplay&quot;:&quot;yes&quot;,&quot;play_on_mobile&quot;:&quot;yes&quot;,&quot;loop&quot;:&quot;yes&quot;,&quot;controls&quot;:&quot;yes&quot;,&quot;aspect_ratio&quot;:&quot;169&quot;}\" data-widget_type=\"video.default\">\n\t\t\t\t<div class=\"elementor-widget-container\">\n\t\t\t<style>\/*! elementor - v3.10.2 - 29-01-2023 *\/\n.elementor-widget-video .elementor-widget-container{overflow:hidden;transform:translateZ(0)}.elementor-widget-video .elementor-open-inline .elementor-custom-embed-image-overlay{position:absolute;top:0;left:0;width:100%;height:100%;background-size:cover;background-position:50%}.elementor-widget-video .elementor-custom-embed-image-overlay{cursor:pointer;text-align:center}.elementor-widget-video .elementor-custom-embed-image-overlay:hover .elementor-custom-embed-play i{opacity:1}.elementor-widget-video .elementor-custom-embed-image-overlay img{display:block;width:100%}.elementor-widget-video .e-hosted-video .elementor-video{-o-object-fit:cover;object-fit:cover}.e-con-inner>.elementor-widget-video,.e-con>.elementor-widget-video{width:var(--container-widget-width);--flex-grow:var(--container-widget-flex-grow)}<\/style>\t\t<div class=\"e-hosted-video elementor-wrapper elementor-fit-aspect-ratio elementor-open-inline\">\n\t\t\t\t\t<video class=\"elementor-video\" src=\"http:\/\/renodoll.com\/wp-content\/uploads\/2023\/03\/kb-finger.mp4\" autoplay=\"\" loop=\"\" controls=\"\" playsinline=\"\" controlslist=\"nodownload\"><\/video>\n\t\t\t\t<\/div>\n\t\t\t\t<\/div>\n\t\t\t\t<\/div>\n\t\t\t\t\t<\/div>\n\t\t<\/div>\n\t\t\t\t\t\t\t<\/div>\n\t\t<\/section>\n\t\t\t\t<div class=\"elementor-element elementor-element-9f505e9 elementor-widget elementor-widget-text-editor\" data-id=\"9f505e9\" data-element_type=\"widget\" data-widget_type=\"text-editor.default\">\n\t\t\t\t<div class=\"elementor-widget-container\">\n\t\t\t\t\t\t\tPuede que haya llevado mucho tiempo, pero la funci\u00f3n de dedo y mano articulados es una buena noticia para la comunidad de mu\u00f1ecas sexuales. Si esta caracter\u00edstica le agrada, no olvide agregarla a su pedido. \n\t\t\t\t\t\t<\/div>\n\t\t\t\t<\/div>\n\t\t\t\t<div class=\"elementor-element elementor-element-75d035e elementor-widget elementor-widget-text-editor\" data-id=\"75d035e\" data-element_type=\"widget\" data-widget_type=\"text-editor.default\">\n\t\t\t\t<div class=\"elementor-widget-container\">\n\t\t\t\t\t\t\t\u00bfEst\u00e1s cansado de que el dedo de tu mu\u00f1eca sexual pase por el cable de metal interno? \u00bfTe gustar\u00eda que tu mu\u00f1eca sexual tuviera un dedo m\u00e1s flexible? Entonces esta nueva caracter\u00edstica de un dedo nuevo y articulado es una actualizaci\u00f3n que debe considerar.\t\t\t\t\t\t<\/div>\n\t\t\t\t<\/div>\n\t\t\t\t<div class=\"elementor-element elementor-element-4c9dc49 elementor-widget elementor-widget-text-editor\" data-id=\"4c9dc49\" data-element_type=\"widget\" data-widget_type=\"text-editor.default\">\n\t\t\t\t<div class=\"elementor-widget-container\">\n\t\t\t\t\t\t\t<p>Es un placer informarles que la f\u00e1brica WMDoll ha comenzado a producir sus mu\u00f1ecas sexuales de tama\u00f1o completo con la actualizaci\u00f3n de dedo articulado, que es una mano esquel\u00e9tica desarrollada recientemente.<\/p>\t\t\t\t\t\t<\/div>\n\t\t\t\t<\/div>\n\t\t\t\t<div class=\"elementor-element elementor-element-6f7a4a4 elementor-widget elementor-widget-text-editor\" data-id=\"6f7a4a4\" data-element_type=\"widget\" data-widget_type=\"text-editor.default\">\n\t\t\t\t<div class=\"elementor-widget-container\">\n\t\t\t\t\t\t\tEsta nueva funci\u00f3n de dedo articulado est\u00e1 dise\u00f1ada con cuidado y tiene juntas de metal resistentes y puntas redondeadas para evitar que la piel del dedo se perfore f\u00e1cilmente. La mejor parte de esto; Esta nueva caracter\u00edstica permite que la mu\u00f1eca sexual copie muchos gestos con las manos que la vieja mano con dedo con cable no puede hacer. Esta es una actualizaci\u00f3n fant\u00e1stica, especialmente para la comunidad de amantes de las mu\u00f1ecas sexuales.\n\t\t\t\t\t\t<\/div>\n\t\t\t\t<\/div>\n\t\t\t\t<div class=\"elementor-element elementor-element-e390632 elementor-widget elementor-widget-text-editor\" data-id=\"e390632\" data-element_type=\"widget\" data-widget_type=\"text-editor.default\">\n\t\t\t\t<div class=\"elementor-widget-container\">\n\t\t\t\t\t\t\tObserve el video a continuaci\u00f3n para descubrir c\u00f3mo funciona esta nueva caracter\u00edstica.\t\t\t\t\t\t<\/div>\n\t\t\t\t<\/div>\n\t\t\t\t<div class=\"elementor-element elementor-element-e28a12e elementor-invisible elementor-widget elementor-widget-heading\" data-id=\"e28a12e\" data-element_type=\"widget\" data-settings=\"{&quot;_animation&quot;:&quot;fadeInUp&quot;}\" data-widget_type=\"heading.default\">\n\t\t\t\t<div class=\"elementor-widget-container\">\n\t\t\t<h2 class=\"elementor-heading-title elementor-size-default\">Tenga en cuenta :<\/h2>\t\t<\/div>\n\t\t\t\t<\/div>\n\t\t\t\t<div class=\"elementor-element elementor-element-ac5f65c elementor-widget elementor-widget-html\" data-id=\"ac5f65c\" data-element_type=\"widget\" data-widget_type=\"html.default\">\n\t\t\t\t<div class=\"elementor-widget-container\">\n\t\t\t<ol class=\"number_list_type\"><li>Solo WMDoll y YL Dolls ofrecen esta nueva funci\u00f3n.<\/li>\n<li>Esta nueva y emocionante caracter\u00edstica est\u00e1 disponible solo para mu\u00f1ecas TPE que miden m\u00e1s de 140 cm.\n<\/li>\n<li>No se puede usar con los WMdolls antiguos, cambiarlos o actualizarlos.<\/li>\n<li>Est\u00e1 hecho de metal y no de alambre de cobre.<\/li>\n<li>Los dedos articulados no se pueden enredar.\n<\/li>\n<li>El rango de movimiento del dedo articulado es el mismo que el del antiguo dedo con cable.<\/li>\n<li>Esta nueva caracter\u00edstica permite el movimiento de la mano hacia arriba y hacia abajo y tambi\u00e9n la rotaci\u00f3n interna y externa del antebrazo.<\/li>\n<li>\n    El rango del movimiento de la mano es casi 95% de una mano humana real, y es por eso que son posibles el movimiento hacia arriba y hacia abajo de la mano, as\u00ed como la rotaci\u00f3n interna y externa del antebrazo.\n<\/li>\n<\/ol>\t\t<\/div>\n\t\t\t\t<\/div>\n\t\t\t\t\t<\/div>\n\t\t<\/div>\n\t\t\t\t\t\t\t<\/div>\n\t\t<\/section>\n\t\t\t\t\t\t\t<\/div>","protected":false},"excerpt":{"rendered":"<p>Dedo No mucho tiempo, Irontech anunci\u00f3 el lanzamiento de las nuevas manos y dedos articulados para sus mu\u00f1ecas sexuales y se uni\u00f3 a YL Doll y WMDoll como la marca de mu\u00f1ecas sexuales TPE n\u00famero tres para ofrecer una actualizaci\u00f3n para el dedo de su mu\u00f1eca sexual. Esta nueva caracter\u00edstica de las mu\u00f1ecas sexuales se ha convertido en una tendencia en la industria de las mu\u00f1ecas sexuales, y es una tendencia agradable para la comunidad de mu\u00f1ecas sexuales porque a la mayor\u00eda de estos propietarios de mu\u00f1ecas reales no les gustan los dedos viejos, que son fr\u00e1giles y est\u00e1n cableados. La actualizaci\u00f3n del dedo articulado anunciada por Irontech es bastante similar a la de WM.<\/p>","protected":false},"author":1,"featured_media":0,"parent":0,"menu_order":0,"comment_status":"closed","ping_status":"closed","template":"","meta":{"footnotes":""},"class_list":["post-5446","page","type-page","status-publish","hentry"],"aioseo_notices":[],"_links":{"self":[{"href":"https:\/\/renodoll.com\/es\/wp-json\/wp\/v2\/pages\/5446","targetHints":{"allow":["GET"]}}],"collection":[{"href":"https:\/\/renodoll.com\/es\/wp-json\/wp\/v2\/pages"}],"about":[{"href":"https:\/\/renodoll.com\/es\/wp-json\/wp\/v2\/types\/page"}],"author":[{"embeddable":true,"href":"https:\/\/renodoll.com\/es\/wp-json\/wp\/v2\/users\/1"}],"replies":[{"embeddable":true,"href":"https:\/\/renodoll.com\/es\/wp-json\/wp\/v2\/comments?post=5446"}],"version-history":[{"count":38,"href":"https:\/\/renodoll.com\/es\/wp-json\/wp\/v2\/pages\/5446\/revisions"}],"predecessor-version":[{"id":14260,"href":"https:\/\/renodoll.com\/es\/wp-json\/wp\/v2\/pages\/5446\/revisions\/14260"}],"wp:attachment":[{"href":"https:\/\/renodoll.com\/es\/wp-json\/wp\/v2\/media?parent=5446"}],"curies":[{"name":"wp","href":"https:\/\/api.w.org\/{rel}","templated":true}]}}