{"id":5425,"date":"2023-02-22T18:33:16","date_gmt":"2023-02-22T10:33:16","guid":{"rendered":"https:\/\/renodoll.com\/?page_id=5425"},"modified":"2023-04-24T19:27:15","modified_gmt":"2023-04-24T11:27:15","slug":"electric-hip-sex-doll","status":"publish","type":"page","link":"https:\/\/renodoll.com\/es\/electric-hip-sex-doll\/","title":{"rendered":"Mu\u00f1eca sexual de cadera el\u00e9ctrica"},"content":{"rendered":"<div data-elementor-type=\"wp-page\" data-elementor-id=\"5425\" class=\"elementor elementor-5425\" data-elementor-post-type=\"page\">\n\t\t\t\t\t\t<section class=\"elementor-section elementor-top-section elementor-element elementor-element-19ce2b8 elementor-section-boxed elementor-section-height-default elementor-section-height-default\" data-id=\"19ce2b8\" data-element_type=\"section\" data-e-type=\"section\">\n\t\t\t\t\t\t<div class=\"elementor-container elementor-column-gap-default\">\n\t\t\t\t\t<div class=\"elementor-column elementor-col-100 elementor-top-column elementor-element elementor-element-f3c1b7c page-content-text\" data-id=\"f3c1b7c\" data-element_type=\"column\" data-e-type=\"column\">\n\t\t\t<div class=\"elementor-widget-wrap elementor-element-populated\">\n\t\t\t\t\t\t<div class=\"elementor-element elementor-element-445fe14 elementor-invisible elementor-widget elementor-widget-heading\" data-id=\"445fe14\" data-element_type=\"widget\" data-e-type=\"widget\" data-settings=\"{&quot;_animation&quot;:&quot;fadeInUp&quot;}\" data-widget_type=\"heading.default\">\n\t\t\t\t<div class=\"elementor-widget-container\">\n\t\t\t\t\t<h2 class=\"elementor-heading-title elementor-size-default\">mu\u00f1eca el\u00e9ctrica del sexo de las caderas<\/h2>\t\t\t\t<\/div>\n\t\t\t\t<\/div>\n\t\t\t\t<div class=\"elementor-element elementor-element-2f50bad elementor-widget elementor-widget-text-editor\" data-id=\"2f50bad\" data-element_type=\"widget\" data-e-type=\"widget\" data-widget_type=\"text-editor.default\">\n\t\t\t\t<div class=\"elementor-widget-container\">\n\t\t\t\t\t\t\t\t\t<p>Las caderas est\u00e1n de moda, y si quieres una mujer con una y quieres experimentar una mayor plenitud sexual, tenemos la opci\u00f3n de \u201cCaderas el\u00e9ctricas\u201d de mu\u00f1ecas sexuales m\u00f3viles para satisfacer todas tus necesidades y especificaciones. La aplicaci\u00f3n se puede hacer en las mu\u00f1ecas de tama\u00f1o completo. Haga clic en este enlace para ver nuestra colecci\u00f3n de mu\u00f1ecas sexuales el\u00e9ctricas.<\/p>\t\t\t\t\t\t\t\t<\/div>\n\t\t\t\t<\/div>\n\t\t\t\t<div class=\"elementor-element elementor-element-7b009cf elementor-widget elementor-widget-text-editor\" data-id=\"7b009cf\" data-element_type=\"widget\" data-e-type=\"widget\" data-widget_type=\"text-editor.default\">\n\t\t\t\t<div class=\"elementor-widget-container\">\n\t\t\t\t\t\t\t\t\t<p>Vea la demostraci\u00f3n de la mu\u00f1eca sexual el\u00e9ctrica a continuaci\u00f3n.<\/p>\t\t\t\t\t\t\t\t<\/div>\n\t\t\t\t<\/div>\n\t\t\t\t<div class=\"elementor-element elementor-element-300e279 elementor-widget elementor-widget-video\" data-id=\"300e279\" data-element_type=\"widget\" data-e-type=\"widget\" data-settings=\"{&quot;video_type&quot;:&quot;hosted&quot;,&quot;autoplay&quot;:&quot;yes&quot;,&quot;play_on_mobile&quot;:&quot;yes&quot;,&quot;loop&quot;:&quot;yes&quot;,&quot;controls&quot;:&quot;yes&quot;}\" data-widget_type=\"video.default\">\n\t\t\t\t<div class=\"elementor-widget-container\">\n\t\t\t\t\t\t\t<div class=\"e-hosted-video elementor-wrapper elementor-open-inline\">\n\t\t\t\t\t<video class=\"elementor-video\" src=\"http:\/\/renodoll.com\/wp-content\/uploads\/2023\/03\/kb-electric-doll.mp4\" autoplay=\"\" loop=\"\" controls=\"\" playsinline=\"\"><\/video>\n\t\t\t\t<\/div>\n\t\t\t\t\t\t<\/div>\n\t\t\t\t<\/div>\n\t\t\t\t<section class=\"elementor-section elementor-inner-section elementor-element elementor-element-97c6960 elementor-section-boxed elementor-section-height-default elementor-section-height-default\" data-id=\"97c6960\" data-element_type=\"section\" data-e-type=\"section\">\n\t\t\t\t\t\t<div class=\"elementor-container elementor-column-gap-default\">\n\t\t\t\t\t<div class=\"elementor-column elementor-col-50 elementor-inner-column elementor-element elementor-element-564e172\" data-id=\"564e172\" data-element_type=\"column\" data-e-type=\"column\">\n\t\t\t<div class=\"elementor-widget-wrap elementor-element-populated\">\n\t\t\t\t\t\t<div class=\"elementor-element elementor-element-d24a218 elementor-widget elementor-widget-text-editor\" data-id=\"d24a218\" data-element_type=\"widget\" data-e-type=\"widget\" data-widget_type=\"text-editor.default\">\n\t\t\t\t<div class=\"elementor-widget-container\">\n\t\t\t\t\t\t\t\t\t<p>1. La versi\u00f3n no recargable (no tiene bater\u00eda incorporada, es plug-and-play)<br \/>&gt; Adaptador de corriente: voltaje de entrada de energ\u00eda 100V\u2014240V, voltaje de salida\/corriente 24V\/3A<br \/>&gt;Est\u00e1ndar de Certificaci\u00f3n; Potencia CE<\/p>\t\t\t\t\t\t\t\t<\/div>\n\t\t\t\t<\/div>\n\t\t\t\t\t<\/div>\n\t\t<\/div>\n\t\t\t\t<div class=\"elementor-column elementor-col-50 elementor-inner-column elementor-element elementor-element-6290fd1\" data-id=\"6290fd1\" data-element_type=\"column\" data-e-type=\"column\">\n\t\t\t<div class=\"elementor-widget-wrap elementor-element-populated\">\n\t\t\t\t\t\t<div class=\"elementor-element elementor-element-9f505e9 elementor-widget elementor-widget-text-editor\" data-id=\"9f505e9\" data-element_type=\"widget\" data-e-type=\"widget\" data-widget_type=\"text-editor.default\">\n\t\t\t\t<div class=\"elementor-widget-container\">\n\t\t\t\t\t\t\t\t\t<p>2. La versi\u00f3n Recargable (la bater\u00eda integrada tiene que estar completamente cargada antes de que pueda usarse).<br \/>&gt; Voltaje de la bater\u00eda: su voltaje de trabajo es de 22,2 V y su voltaje sin carga es de 24 V<br \/>&gt;La duraci\u00f3n de carga y descarga tarda entre 280 y 300 semanas<br \/>&gt;Tiempo de carga: tarda 1,5 horas en cargarse r\u00e1pidamente<br \/>&gt;Tiempo de uso: cuando est\u00e1 debidamente cargado, puede funcionar hasta cinco horas<\/p>\t\t\t\t\t\t\t\t<\/div>\n\t\t\t\t<\/div>\n\t\t\t\t\t<\/div>\n\t\t<\/div>\n\t\t\t\t\t<\/div>\n\t\t<\/section>\n\t\t\t\t<div class=\"elementor-element elementor-element-e28a12e elementor-invisible elementor-widget elementor-widget-heading\" data-id=\"e28a12e\" data-element_type=\"widget\" data-e-type=\"widget\" data-settings=\"{&quot;_animation&quot;:&quot;fadeInUp&quot;}\" data-widget_type=\"heading.default\">\n\t\t\t\t<div class=\"elementor-widget-container\">\n\t\t\t\t\t<h2 class=\"elementor-heading-title elementor-size-default\">notas<\/h2>\t\t\t\t<\/div>\n\t\t\t\t<\/div>\n\t\t\t\t<div class=\"elementor-element elementor-element-504aea1 elementor-widget elementor-widget-html\" data-id=\"504aea1\" data-element_type=\"widget\" data-e-type=\"widget\" data-widget_type=\"html.default\">\n\t\t\t\t<div class=\"elementor-widget-container\">\n\t\t\t\t\t<ol class=\"number_list_type\"><li>Para la seguridad de la mu\u00f1eca sexual el\u00e9ctrica de cadera y para evitar da\u00f1os en la epidermis por objetos afilados y bordes \u00e1speros, use amablemente la mu\u00f1eca sexual en la cama.<\/li>\n<li>Ajuste la postura interactiva de la mu\u00f1eca sexual antes de tener algo que ver con la cadera el\u00e9ctrica.\n<\/li>\n<li>Mientras usa la mu\u00f1eca sexual el\u00e9ctrica, no cambie la postura con fuerza ni voltee la mu\u00f1eca sexual.<\/li>\n<li>Si desea ajustar la postura o la forma de la mu\u00f1eca sexual, deber\u00e1 apagar el interruptor o la fuente de alimentaci\u00f3n antes de hacerlo.<\/li>\n<li>Si usara la mu\u00f1eca sexual el\u00e9ctrica de cadera durante una hora larga en un solo uso. Permita amablemente veinte y treinta minutos regulares de descanso dentro del uso.<\/li>\n<li>Para evitar una disminuci\u00f3n en la duraci\u00f3n de la bater\u00eda de la versi\u00f3n de recarga de una mu\u00f1eca sexual el\u00e9ctrica de cadera, cargue amablemente la mu\u00f1eca sexual despu\u00e9s de tres o cuatro horas en un solo uso.<\/li>\n<li>Limpie amablemente el aspecto que soporta la carga de la mu\u00f1eca sexual el\u00e9ctrica, pulver\u00edcela y mantenga un mantenimiento preciso de toda la parte de la mu\u00f1eca.<\/li>\n<li>\n    Supongamos que hay da\u00f1os como pinchazos en la piel o da\u00f1os mec\u00e1nicos causados por el uso inadecuado de la mu\u00f1eca sexual. En ese caso, no ser\u00e1 responsabilidad de nuestra empresa.\n<\/li>\n<li>\n    El voltaje de nuestra mu\u00f1eca sexual sigue el est\u00e1ndar mundial de seguridad de conducci\u00f3n de voltaje porque nuestra mu\u00f1eca sec adopta un voltaje de conducci\u00f3n de 24 V.\n<\/li>\n<li>\n    Actualmente, la velocidad no se puede ajustar.\n<\/li>\n<\/ol>\t\t\t\t<\/div>\n\t\t\t\t<\/div>\n\t\t\t\t<div class=\"elementor-element elementor-element-5483d1c elementor-invisible elementor-widget elementor-widget-heading\" data-id=\"5483d1c\" data-element_type=\"widget\" data-e-type=\"widget\" data-settings=\"{&quot;_animation&quot;:&quot;fadeInUp&quot;}\" data-widget_type=\"heading.default\">\n\t\t\t\t<div class=\"elementor-widget-container\">\n\t\t\t\t\t<h2 class=\"elementor-heading-title elementor-size-default\">Introducci\u00f3n de nuestra mu\u00f1eca sexual el\u00e9ctrica de cadera.<\/h2>\t\t\t\t<\/div>\n\t\t\t\t<\/div>\n\t\t\t\t<div class=\"elementor-element elementor-element-f465bfd elementor-widget elementor-widget-text-editor\" data-id=\"f465bfd\" data-element_type=\"widget\" data-e-type=\"widget\" data-widget_type=\"text-editor.default\">\n\t\t\t\t<div class=\"elementor-widget-container\">\n\t\t\t\t\t\t\t\t\tLa mu\u00f1eca sexual el\u00e9ctrica se produce con una parte autom\u00e1tica incrustada en la nalga de la mu\u00f1eca sexual para permitir la facilidad de movimiento y torsi\u00f3n como lo har\u00eda un ser humano real. Pruebe la mu\u00f1eca sexual usted mismo y vea lo que puede hacer.\t\t\t\t\t\t\t\t<\/div>\n\t\t\t\t<\/div>\n\t\t\t\t<div class=\"elementor-element elementor-element-7871ee2 elementor-widget elementor-widget-text-editor\" data-id=\"7871ee2\" data-element_type=\"widget\" data-e-type=\"widget\" data-widget_type=\"text-editor.default\">\n\t\t\t\t<div class=\"elementor-widget-container\">\n\t\t\t\t\t\t\t\t\tMira c\u00f3mo la mu\u00f1eca sexual se mueve y gira por s\u00ed sola.\t\t\t\t\t\t\t\t<\/div>\n\t\t\t\t<\/div>\n\t\t\t\t<div class=\"elementor-element elementor-element-0dd79a4 elementor-widget elementor-widget-text-editor\" data-id=\"0dd79a4\" data-element_type=\"widget\" data-e-type=\"widget\" data-widget_type=\"text-editor.default\">\n\t\t\t\t<div class=\"elementor-widget-container\">\n\t\t\t\t\t\t\t\t\tNuestras mu\u00f1ecas sexuales el\u00e9ctricas est\u00e1n en dos versiones; seg\u00fan su preferencia, puede optar por la configuraci\u00f3n que necesita para cargar o la que tiene que enchufar.\t\t\t\t\t\t\t\t<\/div>\n\t\t\t\t<\/div>\n\t\t\t\t<div class=\"elementor-element elementor-element-39907ae elementor-invisible elementor-widget elementor-widget-heading\" data-id=\"39907ae\" data-element_type=\"widget\" data-e-type=\"widget\" data-settings=\"{&quot;_animation&quot;:&quot;fadeInUp&quot;}\" data-widget_type=\"heading.default\">\n\t\t\t\t<div class=\"elementor-widget-container\">\n\t\t\t\t\t<h2 class=\"elementor-heading-title elementor-size-default\">Configuraci\u00f3n de carga para la bater\u00eda incorporada (ver video)<\/h2>\t\t\t\t<\/div>\n\t\t\t\t<\/div>\n\t\t\t\t<div class=\"elementor-element elementor-element-6f89ec5 elementor-widget elementor-widget-text-editor\" data-id=\"6f89ec5\" data-element_type=\"widget\" data-e-type=\"widget\" data-widget_type=\"text-editor.default\">\n\t\t\t\t<div class=\"elementor-widget-container\">\n\t\t\t\t\t\t\t\t\tCu\u00e1ndo usar: use solo cuando est\u00e9 completamente cargado.\t\t\t\t\t\t\t\t<\/div>\n\t\t\t\t<\/div>\n\t\t\t\t<div class=\"elementor-element elementor-element-7afd254 elementor-widget elementor-widget-text-editor\" data-id=\"7afd254\" data-element_type=\"widget\" data-e-type=\"widget\" data-widget_type=\"text-editor.default\">\n\t\t\t\t<div class=\"elementor-widget-container\">\n\t\t\t\t\t\t\t\t\tTiempo de carga: 1 hora treinta minutos a dos horas\t\t\t\t\t\t\t\t<\/div>\n\t\t\t\t<\/div>\n\t\t\t\t<div class=\"elementor-element elementor-element-7d36ae2 elementor-widget elementor-widget-text-editor\" data-id=\"7d36ae2\" data-element_type=\"widget\" data-e-type=\"widget\" data-widget_type=\"text-editor.default\">\n\t\t\t\t<div class=\"elementor-widget-container\">\n\t\t\t\t\t\t\t\t\tTiempo de uso: cinco horas de uso cuando est\u00e1 completamente cargado.\t\t\t\t\t\t\t\t<\/div>\n\t\t\t\t<\/div>\n\t\t\t\t<div class=\"elementor-element elementor-element-71982d8 elementor-invisible elementor-widget elementor-widget-heading\" data-id=\"71982d8\" data-element_type=\"widget\" data-e-type=\"widget\" data-settings=\"{&quot;_animation&quot;:&quot;fadeInUp&quot;}\" data-widget_type=\"heading.default\">\n\t\t\t\t<div class=\"elementor-widget-container\">\n\t\t\t\t\t<h2 class=\"elementor-heading-title elementor-size-default\">Configuraci\u00f3n del complemento sin la bater\u00eda incorporada (ver video)<\/h2>\t\t\t\t<\/div>\n\t\t\t\t<\/div>\n\t\t\t\t<div class=\"elementor-element elementor-element-91f432c elementor-widget elementor-widget-text-editor\" data-id=\"91f432c\" data-element_type=\"widget\" data-e-type=\"widget\" data-widget_type=\"text-editor.default\">\n\t\t\t\t<div class=\"elementor-widget-container\">\n\t\t\t\t\t\t\t\t\tC\u00f3mo utilizar; enchufar para cargar y usar.\t\t\t\t\t\t\t\t<\/div>\n\t\t\t\t<\/div>\n\t\t\t\t<div class=\"elementor-element elementor-element-b13ce6c elementor-invisible elementor-widget elementor-widget-heading\" data-id=\"b13ce6c\" data-element_type=\"widget\" data-e-type=\"widget\" data-settings=\"{&quot;_animation&quot;:&quot;fadeInUp&quot;}\" data-widget_type=\"heading.default\">\n\t\t\t\t<div class=\"elementor-widget-container\">\n\t\t\t\t\t<h2 class=\"elementor-heading-title elementor-size-default\">Seguridad<\/h2>\t\t\t\t<\/div>\n\t\t\t\t<\/div>\n\t\t\t\t<div class=\"elementor-element elementor-element-3fd4e20 elementor-widget elementor-widget-html\" data-id=\"3fd4e20\" data-element_type=\"widget\" data-e-type=\"widget\" data-widget_type=\"html.default\">\n\t\t\t\t<div class=\"elementor-widget-container\">\n\t\t\t\t\t<ol class=\"number_list_type\"><li>Use la mu\u00f1eca en la cama, no permita que la piel se da\u00f1e con objetos afilados y bordes \u00e1speros.<\/li>\n<li>Aseg\u00farese de que la cadera el\u00e9ctrica est\u00e9 apagada cada vez que tenga que dar la vuelta a la mu\u00f1eca sexual o necesite cambiar la posici\u00f3n de la mu\u00f1eca sexual.\n<\/li>\n<li>\n    Si lo ha estado usando continuamente durante dos horas, permita que la mu\u00f1eca sexual descanse durante al menos diez y media minutos.\n<\/li>\n<li>\n    Limpie amablemente el \u00e1rea de contacto y aplique polvo despu\u00e9s de cada uso de la mu\u00f1eca sexual.\n<\/li>\n<li>\n    No puede hacer que la mu\u00f1eca sexual realice cadera el\u00e9ctrica, succi\u00f3n autom\u00e1tica o mamada autom\u00e1tica de una sola vez.\n<\/li>\n<\/ol>\t\t\t\t<\/div>\n\t\t\t\t<\/div>\n\t\t\t\t\t<\/div>\n\t\t<\/div>\n\t\t\t\t\t<\/div>\n\t\t<\/section>\n\t\t\t\t<\/div>","protected":false},"excerpt":{"rendered":"<p>Mu\u00f1eca sexual con caderas el\u00e9ctricas Las caderas est\u00e1n de moda, y si quieres una mujer con una y quieres experimentar una mayor satisfacci\u00f3n sexual, tenemos la opci\u00f3n &quot;Caderas el\u00e9ctricas&quot; para mover mu\u00f1ecas sexuales para satisfacer todas tus necesidades y especificaciones. La aplicaci\u00f3n se puede hacer en las mu\u00f1ecas de tama\u00f1o completo. Haga clic en este enlace para ver nuestra colecci\u00f3n de mu\u00f1ecas sexuales el\u00e9ctricas. Vea la demostraci\u00f3n de la mu\u00f1eca sexual el\u00e9ctrica a continuaci\u00f3n. http:\/\/renodoll.com\/wp-content\/uploads\/2023\/03\/kb-electric-doll.mp4 1. La versi\u00f3n no recargable (no tiene bater\u00eda incorporada, es plug-and-play) &gt; Adaptador de corriente : tensi\u00f3n de entrada de alimentaci\u00f3n 100V\u2014240V, tensi\u00f3n\/corriente de salida 24V\/3A &gt;Est\u00e1ndar de certificaci\u00f3n; Potencia CE 2.<\/p>","protected":false},"author":1,"featured_media":0,"parent":0,"menu_order":0,"comment_status":"closed","ping_status":"closed","template":"","meta":{"footnotes":""},"class_list":["post-5425","page","type-page","status-publish","hentry"],"aioseo_notices":[],"_links":{"self":[{"href":"https:\/\/renodoll.com\/es\/wp-json\/wp\/v2\/pages\/5425","targetHints":{"allow":["GET"]}}],"collection":[{"href":"https:\/\/renodoll.com\/es\/wp-json\/wp\/v2\/pages"}],"about":[{"href":"https:\/\/renodoll.com\/es\/wp-json\/wp\/v2\/types\/page"}],"author":[{"embeddable":true,"href":"https:\/\/renodoll.com\/es\/wp-json\/wp\/v2\/users\/1"}],"replies":[{"embeddable":true,"href":"https:\/\/renodoll.com\/es\/wp-json\/wp\/v2\/comments?post=5425"}],"version-history":[{"count":52,"href":"https:\/\/renodoll.com\/es\/wp-json\/wp\/v2\/pages\/5425\/revisions"}],"predecessor-version":[{"id":15989,"href":"https:\/\/renodoll.com\/es\/wp-json\/wp\/v2\/pages\/5425\/revisions\/15989"}],"wp:attachment":[{"href":"https:\/\/renodoll.com\/es\/wp-json\/wp\/v2\/media?parent=5425"}],"curies":[{"name":"wp","href":"https:\/\/api.w.org\/{rel}","templated":true}]}}