{"id":5394,"date":"2023-02-22T16:53:11","date_gmt":"2023-02-22T08:53:11","guid":{"rendered":"https:\/\/renodoll.com\/?page_id=5394"},"modified":"2023-04-24T20:06:46","modified_gmt":"2023-04-24T12:06:46","slug":"sex-doll-maintenance","status":"publish","type":"page","link":"https:\/\/renodoll.com\/es\/sex-doll-maintenance\/","title":{"rendered":"Mantenimiento de mu\u00f1ecas sexuales"},"content":{"rendered":"<div data-elementor-type=\"wp-page\" data-elementor-id=\"5394\" class=\"elementor elementor-5394\" data-elementor-post-type=\"page\">\n\t\t\t\t\t\t<section class=\"elementor-section elementor-top-section elementor-element elementor-element-b863e45 elementor-section-boxed elementor-section-height-default elementor-section-height-default\" data-id=\"b863e45\" data-element_type=\"section\" data-e-type=\"section\">\n\t\t\t\t\t\t<div class=\"elementor-container elementor-column-gap-default\">\n\t\t\t\t\t<div class=\"elementor-column elementor-col-100 elementor-top-column elementor-element elementor-element-d06ff7c page-content-text\" data-id=\"d06ff7c\" data-element_type=\"column\" data-e-type=\"column\">\n\t\t\t<div class=\"elementor-widget-wrap elementor-element-populated\">\n\t\t\t\t\t\t<div class=\"elementor-element elementor-element-cc13aac elementor-invisible elementor-widget elementor-widget-heading\" data-id=\"cc13aac\" data-element_type=\"widget\" data-e-type=\"widget\" data-settings=\"{&quot;_animation&quot;:&quot;fadeInUp&quot;}\" data-widget_type=\"heading.default\">\n\t\t\t\t<div class=\"elementor-widget-container\">\n\t\t\t\t\t<h2 class=\"elementor-heading-title elementor-size-default\">CUIDADO DE LA SUPERFICIE DE SILICONA<\/h2>\t\t\t\t<\/div>\n\t\t\t\t<\/div>\n\t\t\t\t<section class=\"elementor-section elementor-inner-section elementor-element elementor-element-b9cb035 elementor-section-boxed elementor-section-height-default elementor-section-height-default\" data-id=\"b9cb035\" data-element_type=\"section\" data-e-type=\"section\">\n\t\t\t\t\t\t<div class=\"elementor-container elementor-column-gap-default\">\n\t\t\t\t\t<div class=\"elementor-column elementor-col-100 elementor-inner-column elementor-element elementor-element-3145bdb\" data-id=\"3145bdb\" data-element_type=\"column\" data-e-type=\"column\">\n\t\t\t<div class=\"elementor-widget-wrap elementor-element-populated\">\n\t\t\t\t\t\t<div class=\"elementor-element elementor-element-8958d6e elementor-invisible elementor-widget elementor-widget-heading\" data-id=\"8958d6e\" data-element_type=\"widget\" data-e-type=\"widget\" data-settings=\"{&quot;_animation&quot;:&quot;fadeInUp&quot;}\" data-widget_type=\"heading.default\">\n\t\t\t\t<div class=\"elementor-widget-container\">\n\t\t\t\t\t<h2 class=\"elementor-heading-title elementor-size-default\">Introducci\u00f3n al cuidado de mu\u00f1ecas sexuales<\/h2>\t\t\t\t<\/div>\n\t\t\t\t<\/div>\n\t\t\t\t<div class=\"elementor-element elementor-element-5c55386 elementor-widget elementor-widget-text-editor\" data-id=\"5c55386\" data-element_type=\"widget\" data-e-type=\"widget\" data-widget_type=\"text-editor.default\">\n\t\t\t\t<div class=\"elementor-widget-container\">\n\t\t\t\t\t\t\t\t\t<p>Para el duplicado de la piel del modelo de mu\u00f1eca, utilizamos caucho de silicona de cuerpo humano de pol\u00edmero extra\u00f1o como equipo, que no es t\u00f3xico ni tiene olor.<\/p>\t\t\t\t\t\t\t\t<\/div>\n\t\t\t\t<\/div>\n\t\t\t\t<div class=\"elementor-element elementor-element-ce0966c elementor-widget elementor-widget-text-editor\" data-id=\"ce0966c\" data-element_type=\"widget\" data-e-type=\"widget\" data-widget_type=\"text-editor.default\">\n\t\t\t\t<div class=\"elementor-widget-container\">\n\t\t\t\t\t\t\t\t\tUna vez que los materiales de silicona no se usan durante mucho tiempo, habr\u00e1 derrames de aceite en sus superficies debido al aceite de silicona contenido en la f\u00f3rmula de silicona, y esto es algo habitual.\t\t\t\t\t\t\t\t<\/div>\n\t\t\t\t<\/div>\n\t\t\t\t<div class=\"elementor-element elementor-element-28b24ad elementor-widget elementor-widget-text-editor\" data-id=\"28b24ad\" data-element_type=\"widget\" data-e-type=\"widget\" data-widget_type=\"text-editor.default\">\n\t\t\t\t<div class=\"elementor-widget-container\">\n\t\t\t\t\t\t\t\t\tSolo tienes que limpiar la superficie suavemente con cualquier tela limpia. Adem\u00e1s, cuando las mu\u00f1ecas sexuales no se usan durante un per\u00edodo prolongado, sus superficies se manchar\u00e1n con aceite; es decir, para mantener la piel de silicona limpia y segura para un mejor desempe\u00f1o, realice siempre una revisi\u00f3n de rutina y realice el mantenimiento peri\u00f3dicamente.\t\t\t\t\t\t\t\t<\/div>\n\t\t\t\t<\/div>\n\t\t\t\t<div class=\"elementor-element elementor-element-1003aec elementor-widget elementor-widget-text-editor\" data-id=\"1003aec\" data-element_type=\"widget\" data-e-type=\"widget\" data-widget_type=\"text-editor.default\">\n\t\t\t\t<div class=\"elementor-widget-container\">\n\t\t\t\t\t\t\t\t\tEl tiempo estimado de limpieza var\u00eda seg\u00fan la importancia del servicio y el dominio del almac\u00e9n. Generalmente, una rutina mensual es aceptable.\t\t\t\t\t\t\t\t<\/div>\n\t\t\t\t<\/div>\n\t\t\t\t\t<\/div>\n\t\t<\/div>\n\t\t\t\t\t<\/div>\n\t\t<\/section>\n\t\t\t\t<div class=\"elementor-element elementor-element-e5c4aaa elementor-invisible elementor-widget elementor-widget-heading\" data-id=\"e5c4aaa\" data-element_type=\"widget\" data-e-type=\"widget\" data-settings=\"{&quot;_animation&quot;:&quot;fadeInUp&quot;}\" data-widget_type=\"heading.default\">\n\t\t\t\t<div class=\"elementor-widget-container\">\n\t\t\t\t\t<h2 class=\"elementor-heading-title elementor-size-default\">M\u00e9todo de mantenimiento rutinario de mu\u00f1ecas sexuales <\/h2>\t\t\t\t<\/div>\n\t\t\t\t<\/div>\n\t\t\t\t<div class=\"elementor-element elementor-element-6d7a9f6 elementor-widget elementor-widget-text-editor\" data-id=\"6d7a9f6\" data-element_type=\"widget\" data-e-type=\"widget\" data-widget_type=\"text-editor.default\">\n\t\t\t\t<div class=\"elementor-widget-container\">\n\t\t\t\t\t\t\t\t\tEn primer lugar, sumerja la tela en agua tibia y util\u00edcela para limpiar la superficie de la(s) mu\u00f1eca(s) con cuidado. Si hay suciedad o una mancha adherida en la superficie de silicona, l\u00edmpiela con cuidado varias veces con agua jabonosa y no la toque a la fuerza.\t\t\t\t\t\t\t\t<\/div>\n\t\t\t\t<\/div>\n\t\t\t\t<div class=\"elementor-element elementor-element-9ea4cf7 elementor-widget elementor-widget-text-editor\" data-id=\"9ea4cf7\" data-element_type=\"widget\" data-e-type=\"widget\" data-widget_type=\"text-editor.default\">\n\t\t\t\t<div class=\"elementor-widget-container\">\n\t\t\t\t\t\t\t\t\tCuando limpie la superficie de la silicona, procure no utilizar limpiadores peligrosos como soluciones \u00e1cidas y alcalinas fuertes, soluciones desinfectantes potentes, detergentes, etc.\t\t\t\t\t\t\t\t<\/div>\n\t\t\t\t<\/div>\n\t\t\t\t<div class=\"elementor-element elementor-element-3cf20d9 elementor-widget elementor-widget-text-editor\" data-id=\"3cf20d9\" data-element_type=\"widget\" data-e-type=\"widget\" data-widget_type=\"text-editor.default\">\n\t\t\t\t<div class=\"elementor-widget-container\">\n\t\t\t\t\t\t\t\t\tSe puede utilizar jab\u00f3n suave, detergente l\u00edquido, champ\u00fa o gel de ducha para secarlo.\t\t\t\t\t\t\t\t<\/div>\n\t\t\t\t<\/div>\n\t\t\t\t<div class=\"elementor-element elementor-element-ece45d6 elementor-widget elementor-widget-image\" data-id=\"ece45d6\" data-element_type=\"widget\" data-e-type=\"widget\" data-widget_type=\"image.default\">\n\t\t\t\t<div class=\"elementor-widget-container\">\n\t\t\t\t\t\t\t\t\t\t\t\t\t\t\t<img loading=\"lazy\" decoding=\"async\" width=\"770\" height=\"213\" src=\"https:\/\/renodoll.com\/wp-content\/uploads\/elementor\/thumbs\/xstore-placeholder-q1lsnz7h62sm7ug2r1zrulxbqgkj8ifd2hjuy9x6y0.png\" class=\"attachment-large size-large wp-image-14560 lazyload lazyload-simple et-lazyload-fadeIn\" alt=\"\" data-src=\"https:\/\/renodoll.com\/wp-content\/uploads\/2023\/03\/kb-maintain-1.gif\" \/>\t\t\t\t\t\t\t\t\t\t\t\t\t\t\t<\/div>\n\t\t\t\t<\/div>\n\t\t\t\t<div class=\"elementor-element elementor-element-018d411 elementor-widget elementor-widget-text-editor\" data-id=\"018d411\" data-element_type=\"widget\" data-e-type=\"widget\" data-widget_type=\"text-editor.default\">\n\t\t\t\t<div class=\"elementor-widget-container\">\n\t\t\t\t\t\t\t\t\tDespu\u00e9s del uso, limpie y seque la superficie y ponga un ba\u00f1o o talco en la mu\u00f1eca realista; Al realizar esta operaci\u00f3n, use una m\u00e1scara facial para evitar absorber el polvo.\t\t\t\t\t\t\t\t<\/div>\n\t\t\t\t<\/div>\n\t\t\t\t<div class=\"elementor-element elementor-element-8d314f9 elementor-invisible elementor-widget elementor-widget-heading\" data-id=\"8d314f9\" data-element_type=\"widget\" data-e-type=\"widget\" data-settings=\"{&quot;_animation&quot;:&quot;fadeInUp&quot;}\" data-widget_type=\"heading.default\">\n\t\t\t\t<div class=\"elementor-widget-container\">\n\t\t\t\t\t<h2 class=\"elementor-heading-title elementor-size-default\">Cuidado de las partes de las articulaciones <\/h2>\t\t\t\t<\/div>\n\t\t\t\t<\/div>\n\t\t\t\t<div class=\"elementor-element elementor-element-db124c9 elementor-widget elementor-widget-text-editor\" data-id=\"db124c9\" data-element_type=\"widget\" data-e-type=\"widget\" data-widget_type=\"text-editor.default\">\n\t\t\t\t<div class=\"elementor-widget-container\">\n\t\t\t\t\t\t\t\t\tLa parte de la articulaci\u00f3n no debe permanecer inclinada por mucho tiempo, de lo contrario, se producir\u00e1n arrugas en su superficie debido a la forma inadecuada en que se coloca debido a la presi\u00f3n prolongada sobre la piel. Por ejemplo, si se coloca sentado en el sof\u00e1 durante m\u00e1s tiempo, aparecer\u00e1 una l\u00ednea horizontal en su abdomen.\t\t\t\t\t\t\t\t<\/div>\n\t\t\t\t<\/div>\n\t\t\t\t<div class=\"elementor-element elementor-element-c56c12b elementor-widget elementor-widget-image\" data-id=\"c56c12b\" data-element_type=\"widget\" data-e-type=\"widget\" data-widget_type=\"image.default\">\n\t\t\t\t<div class=\"elementor-widget-container\">\n\t\t\t\t\t\t\t\t\t\t\t\t\t\t\t<img loading=\"lazy\" decoding=\"async\" width=\"770\" height=\"332\" src=\"https:\/\/renodoll.com\/wp-content\/uploads\/elementor\/thumbs\/xstore-placeholder-q1lsnz7fl2dzq0dsnd5g6y0gvx2vmvtgsoqblas9ns.png\" class=\"attachment-large size-large wp-image-14561 lazyload lazyload-simple et-lazyload-fadeIn\" alt=\"\" data-src=\"https:\/\/renodoll.com\/wp-content\/uploads\/2023\/03\/kb-maintain-2.gif\" \/>\t\t\t\t\t\t\t\t\t\t\t\t\t\t\t<\/div>\n\t\t\t\t<\/div>\n\t\t\t\t<div class=\"elementor-element elementor-element-04e7cc1 elementor-widget elementor-widget-text-editor\" data-id=\"04e7cc1\" data-element_type=\"widget\" data-e-type=\"widget\" data-widget_type=\"text-editor.default\">\n\t\t\t\t<div class=\"elementor-widget-container\">\n\t\t\t\t\t\t\t\t\tLa silicona tiene durabilidad; la mu\u00f1eca sexual no est\u00e1 en uso; emp\u00e1quelo de la misma forma en que sali\u00f3 de f\u00e1brica; disminuir\u00e1 la presi\u00f3n en todas las articulaciones. Deje a un lado la mu\u00f1eca sexual realista durante unos d\u00edas en caso de que haya pliegues y arrugas, y desaparecer\u00e1.\t\t\t\t\t\t\t\t<\/div>\n\t\t\t\t<\/div>\n\t\t\t\t<div class=\"elementor-element elementor-element-30b6d21 elementor-invisible elementor-widget elementor-widget-heading\" data-id=\"30b6d21\" data-element_type=\"widget\" data-e-type=\"widget\" data-settings=\"{&quot;_animation&quot;:&quot;fadeInUp&quot;}\" data-widget_type=\"heading.default\">\n\t\t\t\t<div class=\"elementor-widget-container\">\n\t\t\t\t\t<h2 class=\"elementor-heading-title elementor-size-default\">Cuidado del revestimiento realista de mu\u00f1ecas sexuales. <\/h2>\t\t\t\t<\/div>\n\t\t\t\t<\/div>\n\t\t\t\t<div class=\"elementor-element elementor-element-56ee739 elementor-widget elementor-widget-html\" data-id=\"56ee739\" data-element_type=\"widget\" data-e-type=\"widget\" data-widget_type=\"html.default\">\n\t\t\t\t<div class=\"elementor-widget-container\">\n\t\t\t\t\t<ol class=\"number_list_type\"><li>El hermoso maquillaje realizado en la mu\u00f1eca de amor que se la envi\u00f3 a nuestros clientes es una capa de silicona que puede no limpiarse.<\/li>\n<li>No lo limpie a la fuerza, especialmente si el maquillaje est\u00e1 en la parte de la cara, las cejas y las pesta\u00f1as de la mu\u00f1eca sexual de tama\u00f1o real. Por favor, preste mucha atenci\u00f3n a la fuerza aplicada al realizar una limpieza de rutina en la mu\u00f1eca sexual de tama\u00f1o real.\n<\/li>\n<li>Si aplica mucha fuerza, el cabello se desprender\u00e1 y su color tambi\u00e9n se desvanecer\u00e1 una vez que el color se desvanezca; es dif\u00edcil hacer reparaciones.<\/li>\n<li>Los cosm\u00e9ticos generales se pueden usar para maquillar las mu\u00f1ecas sexuales, por ejemplo, l\u00e1piz labial, etc.<\/li>\n<li>Evite usar un ung\u00fcento demasiado espeso y pegajoso para cubrir la cara, o ser\u00e1 dif\u00edcil frotarlo.<\/li>\n<li>Al cambiar el maquillaje, no lo aplique descuidadamente con mucha energ\u00eda; use cuidadosamente agua jabonosa o una toallita facial para limpiarlo.<\/li>\n<\/ol>\t\t\t\t<\/div>\n\t\t\t\t<\/div>\n\t\t\t\t\t<\/div>\n\t\t<\/div>\n\t\t\t\t\t<\/div>\n\t\t<\/section>\n\t\t\t\t<\/div>","protected":false},"excerpt":{"rendered":"<p>CUIDADO DE LA SUPERFICIE DE SILICONA Cuidado de mu\u00f1ecas sexuales Introducci\u00f3n Para la piel duplicada del modelo de mu\u00f1eca, utilizamos caucho de silicona de cuerpo humano de pol\u00edmero extra\u00f1o como equipo, que no es t\u00f3xico ni tiene olor. Una vez que los materiales de silicona no se usan durante mucho tiempo, habr\u00e1 derrames de aceite en sus superficies debido al aceite de silicona incluido en la f\u00f3rmula de silicona, y esto es algo habitual. tela. Adem\u00e1s, cuando las mu\u00f1ecas sexuales no se usan durante un per\u00edodo prolongado, sus superficies se manchar\u00e1n con<\/p>","protected":false},"author":1,"featured_media":0,"parent":0,"menu_order":0,"comment_status":"closed","ping_status":"closed","template":"","meta":{"footnotes":""},"class_list":["post-5394","page","type-page","status-publish","hentry"],"aioseo_notices":[],"_links":{"self":[{"href":"https:\/\/renodoll.com\/es\/wp-json\/wp\/v2\/pages\/5394","targetHints":{"allow":["GET"]}}],"collection":[{"href":"https:\/\/renodoll.com\/es\/wp-json\/wp\/v2\/pages"}],"about":[{"href":"https:\/\/renodoll.com\/es\/wp-json\/wp\/v2\/types\/page"}],"author":[{"embeddable":true,"href":"https:\/\/renodoll.com\/es\/wp-json\/wp\/v2\/users\/1"}],"replies":[{"embeddable":true,"href":"https:\/\/renodoll.com\/es\/wp-json\/wp\/v2\/comments?post=5394"}],"version-history":[{"count":55,"href":"https:\/\/renodoll.com\/es\/wp-json\/wp\/v2\/pages\/5394\/revisions"}],"predecessor-version":[{"id":16006,"href":"https:\/\/renodoll.com\/es\/wp-json\/wp\/v2\/pages\/5394\/revisions\/16006"}],"wp:attachment":[{"href":"https:\/\/renodoll.com\/es\/wp-json\/wp\/v2\/media?parent=5394"}],"curies":[{"name":"wp","href":"https:\/\/api.w.org\/{rel}","templated":true}]}}