{"id":5188,"date":"2023-02-20T14:54:06","date_gmt":"2023-02-20T06:54:06","guid":{"rendered":"https:\/\/renodoll.com\/?page_id=5188"},"modified":"2023-03-31T14:32:26","modified_gmt":"2023-03-31T06:32:26","slug":"privacy-policy","status":"publish","type":"page","link":"https:\/\/renodoll.com\/es\/privacy-policy\/","title":{"rendered":"pol\u00edtica de privacidad"},"content":{"rendered":"<div data-elementor-type=\"wp-page\" data-elementor-id=\"5188\" class=\"elementor elementor-5188\" data-elementor-post-type=\"page\">\n\t\t\t\t\t\t<section class=\"elementor-section elementor-top-section elementor-element elementor-element-2aace59 elementor-section-boxed elementor-section-height-default elementor-section-height-default\" data-id=\"2aace59\" data-element_type=\"section\" data-e-type=\"section\">\n\t\t\t\t\t\t<div class=\"elementor-container elementor-column-gap-no\">\n\t\t\t\t\t<div class=\"elementor-column elementor-col-100 elementor-top-column elementor-element elementor-element-0017d57\" data-id=\"0017d57\" data-element_type=\"column\" data-e-type=\"column\">\n\t\t\t<div class=\"elementor-widget-wrap elementor-element-populated\">\n\t\t\t\t\t\t<div class=\"elementor-element elementor-element-8a2ff4e elementor-widget elementor-widget-spacer\" data-id=\"8a2ff4e\" data-element_type=\"widget\" data-e-type=\"widget\" data-widget_type=\"spacer.default\">\n\t\t\t\t<div class=\"elementor-widget-container\">\n\t\t\t\t\t\t\t<div class=\"elementor-spacer\">\n\t\t\t<div class=\"elementor-spacer-inner\"><\/div>\n\t\t<\/div>\n\t\t\t\t\t\t<\/div>\n\t\t\t\t<\/div>\n\t\t\t\t<div class=\"elementor-element elementor-element-5997a9f elementor-invisible elementor-widget elementor-widget-heading\" data-id=\"5997a9f\" data-element_type=\"widget\" data-e-type=\"widget\" data-settings=\"{&quot;_animation&quot;:&quot;fadeInUp&quot;}\" data-widget_type=\"heading.default\">\n\t\t\t\t<div class=\"elementor-widget-container\">\n\t\t\t\t\t<h2 class=\"elementor-heading-title elementor-size-default\">Sobre nosotros<\/h2>\t\t\t\t<\/div>\n\t\t\t\t<\/div>\n\t\t\t\t<div class=\"elementor-element elementor-element-3feda34 elementor-widget elementor-widget-text-editor\" data-id=\"3feda34\" data-element_type=\"widget\" data-e-type=\"widget\" data-widget_type=\"text-editor.default\">\n\t\t\t\t<div class=\"elementor-widget-container\">\n\t\t\t\t\t\t\t\t\t<p>Este sitio web pertenece a RenoDoll; Nos ocupamos de las ventas de mu\u00f1ecas sexuales. Toda la informaci\u00f3n sobre nuestra empresa y nuestros datos de contacto se pueden encontrar en nuestro sitio web.<\/p>\t\t\t\t\t\t\t\t<\/div>\n\t\t\t\t<\/div>\n\t\t\t\t<div class=\"elementor-element elementor-element-7cdfd52 elementor-widget elementor-widget-spacer\" data-id=\"7cdfd52\" data-element_type=\"widget\" data-e-type=\"widget\" data-widget_type=\"spacer.default\">\n\t\t\t\t<div class=\"elementor-widget-container\">\n\t\t\t\t\t\t\t<div class=\"elementor-spacer\">\n\t\t\t<div class=\"elementor-spacer-inner\"><\/div>\n\t\t<\/div>\n\t\t\t\t\t\t<\/div>\n\t\t\t\t<\/div>\n\t\t\t\t<div class=\"elementor-element elementor-element-57d9795 elementor-invisible elementor-widget elementor-widget-heading\" data-id=\"57d9795\" data-element_type=\"widget\" data-e-type=\"widget\" data-settings=\"{&quot;_animation&quot;:&quot;fadeInUp&quot;}\" data-widget_type=\"heading.default\">\n\t\t\t\t<div class=\"elementor-widget-container\">\n\t\t\t\t\t<h2 class=\"elementor-heading-title elementor-size-default\">\u00bfQu\u00e9 hace nuestra pol\u00edtica?<\/h2>\t\t\t\t<\/div>\n\t\t\t\t<\/div>\n\t\t\t\t<div class=\"elementor-element elementor-element-4079b24 elementor-widget elementor-widget-text-editor\" data-id=\"4079b24\" data-element_type=\"widget\" data-e-type=\"widget\" data-widget_type=\"text-editor.default\">\n\t\t\t\t<div class=\"elementor-widget-container\">\n\t\t\t\t\t\t\t\t\tNuestra pol\u00edtica le dice todo lo que necesita saber acerca de proporcionarnos sus datos personales. Los detalles de nuestra p\u00f3liza solo cubren los detalles que se nos proporcionan. Si proporciona sus datos personales a otros sitios web en cualquier momento, consulte la pol\u00edtica de su empresa. \t\t\t\t\t\t\t\t<\/div>\n\t\t\t\t<\/div>\n\t\t\t\t<div class=\"elementor-element elementor-element-ac5f931 elementor-widget elementor-widget-text-editor\" data-id=\"ac5f931\" data-element_type=\"widget\" data-e-type=\"widget\" data-widget_type=\"text-editor.default\">\n\t\t\t\t<div class=\"elementor-widget-container\">\n\t\t\t\t\t\t\t\t\tSolo haga uso de nuestros servicios despu\u00e9s de revisar los detalles de nuestra pol\u00edtica y estar\u00e1 satisfecho.\t\t\t\t\t\t\t\t<\/div>\n\t\t\t\t<\/div>\n\t\t\t\t<div class=\"elementor-element elementor-element-1a4cbf5 elementor-widget elementor-widget-spacer\" data-id=\"1a4cbf5\" data-element_type=\"widget\" data-e-type=\"widget\" data-widget_type=\"spacer.default\">\n\t\t\t\t<div class=\"elementor-widget-container\">\n\t\t\t\t\t\t\t<div class=\"elementor-spacer\">\n\t\t\t<div class=\"elementor-spacer-inner\"><\/div>\n\t\t<\/div>\n\t\t\t\t\t\t<\/div>\n\t\t\t\t<\/div>\n\t\t\t\t<div class=\"elementor-element elementor-element-fd092ed elementor-invisible elementor-widget elementor-widget-heading\" data-id=\"fd092ed\" data-element_type=\"widget\" data-e-type=\"widget\" data-settings=\"{&quot;_animation&quot;:&quot;fadeInUp&quot;}\" data-widget_type=\"heading.default\">\n\t\t\t\t<div class=\"elementor-widget-container\">\n\t\t\t\t\t<h2 class=\"elementor-heading-title elementor-size-default\">\u00bfPuede haber un cambio en la pol\u00edtica?<\/h2>\t\t\t\t<\/div>\n\t\t\t\t<\/div>\n\t\t\t\t<div class=\"elementor-element elementor-element-4a2734b elementor-widget elementor-widget-text-editor\" data-id=\"4a2734b\" data-element_type=\"widget\" data-e-type=\"widget\" data-widget_type=\"text-editor.default\">\n\t\t\t\t<div class=\"elementor-widget-container\">\n\t\t\t\t\t\t\t\t\tSi nuestra pol\u00edtica sufre cambios en alg\u00fan momento, se lo notificaremos.\t\t\t\t\t\t\t\t<\/div>\n\t\t\t\t<\/div>\n\t\t\t\t<div class=\"elementor-element elementor-element-b84993c elementor-widget elementor-widget-spacer\" data-id=\"b84993c\" data-element_type=\"widget\" data-e-type=\"widget\" data-widget_type=\"spacer.default\">\n\t\t\t\t<div class=\"elementor-widget-container\">\n\t\t\t\t\t\t\t<div class=\"elementor-spacer\">\n\t\t\t<div class=\"elementor-spacer-inner\"><\/div>\n\t\t<\/div>\n\t\t\t\t\t\t<\/div>\n\t\t\t\t<\/div>\n\t\t\t\t<div class=\"elementor-element elementor-element-4cc3835 elementor-invisible elementor-widget elementor-widget-heading\" data-id=\"4cc3835\" data-element_type=\"widget\" data-e-type=\"widget\" data-settings=\"{&quot;_animation&quot;:&quot;fadeInUp&quot;}\" data-widget_type=\"heading.default\">\n\t\t\t\t<div class=\"elementor-widget-container\">\n\t\t\t\t\t<h2 class=\"elementor-heading-title elementor-size-default\">\u00bfQu\u00e9 detalles nos das?<\/h2>\t\t\t\t<\/div>\n\t\t\t\t<\/div>\n\t\t\t\t<div class=\"elementor-element elementor-element-dfc3f46 elementor-widget elementor-widget-text-editor\" data-id=\"dfc3f46\" data-element_type=\"widget\" data-e-type=\"widget\" data-widget_type=\"text-editor.default\">\n\t\t\t\t<div class=\"elementor-widget-container\">\n\t\t\t\t\t\t\t\t\t<h4>La informaci\u00f3n que obtenemos para usar en nuestros sitios web incluye;<\/h4>\t\t\t\t\t\t\t\t<\/div>\n\t\t\t\t<\/div>\n\t\t\t\t<div class=\"elementor-element elementor-element-c9a24b7 elementor-widget elementor-widget-html\" data-id=\"c9a24b7\" data-element_type=\"widget\" data-e-type=\"widget\" data-widget_type=\"html.default\">\n\t\t\t\t<div class=\"elementor-widget-container\">\n\t\t\t\t\t<ol class=\"number_list_type\"><li>Su nombre y su ID de contacto<\/li>\n<li>La prueba de su identificaci\u00f3n para fines de verificaci\u00f3n. <\/li>\n<li>Los datos de su cuenta (nombre de usuario y contrase\u00f1a)<\/li>\n<li>Su uso de los detalles de la transacci\u00f3n de nuestro servicio <\/li>\n<li>Piezas de informaci\u00f3n incluidas en su comunicaci\u00f3n con nosotros, como encuestas y comentarios. <\/li>\n<li>Informaci\u00f3n que nos proporciona para usar en nuestros boletines y otros servicios. <\/li>\n<li>Informaci\u00f3n automatizada sobre c\u00f3mo utiliza nuestros servicios, como el protocolo de Internet, su dispositivo conectado y su tipo de navegador. <\/li>\n<li>Su n\u00famero de referencia, identificaci\u00f3n del dispositivo, red de datos m\u00f3viles, detalles de inicio de sesi\u00f3n y actividades de inicio de sesi\u00f3n, el sitio a trav\u00e9s del cual ingresa a nuestros sitios, las p\u00e1ginas que visit\u00f3 y las transacciones que realiz\u00f3.<\/li>\n<\/ol>\t\t\t\t<\/div>\n\t\t\t\t<\/div>\n\t\t\t\t<div class=\"elementor-element elementor-element-5fbeccb elementor-widget elementor-widget-text-editor\" data-id=\"5fbeccb\" data-element_type=\"widget\" data-e-type=\"widget\" data-widget_type=\"text-editor.default\">\n\t\t\t\t<div class=\"elementor-widget-container\">\n\t\t\t\t\t\t\t\t\tSin embargo, podemos obtener la siguiente informaci\u00f3n sobre usted de terceros;\n\n\t\t\t\t\t\t\t\t<\/div>\n\t\t\t\t<\/div>\n\t\t\t\t<div class=\"elementor-element elementor-element-47b90b4 elementor-widget elementor-widget-text-editor\" data-id=\"47b90b4\" data-element_type=\"widget\" data-e-type=\"widget\" data-widget_type=\"text-editor.default\">\n\t\t\t\t<div class=\"elementor-widget-container\">\n\t\t\t\t\t\t\t\t\tSus emisores de pago nos env\u00edan su informaci\u00f3n de facturaci\u00f3n, como su nombre, su direcci\u00f3n de facturaci\u00f3n y de correo electr\u00f3nico, con el fin de verificarla.\t\t\t\t\t\t\t\t<\/div>\n\t\t\t\t<\/div>\n\t\t\t\t<div class=\"elementor-element elementor-element-373e79d elementor-widget elementor-widget-spacer\" data-id=\"373e79d\" data-element_type=\"widget\" data-e-type=\"widget\" data-widget_type=\"spacer.default\">\n\t\t\t\t<div class=\"elementor-widget-container\">\n\t\t\t\t\t\t\t<div class=\"elementor-spacer\">\n\t\t\t<div class=\"elementor-spacer-inner\"><\/div>\n\t\t<\/div>\n\t\t\t\t\t\t<\/div>\n\t\t\t\t<\/div>\n\t\t\t\t<div class=\"elementor-element elementor-element-56745a0 elementor-invisible elementor-widget elementor-widget-heading\" data-id=\"56745a0\" data-element_type=\"widget\" data-e-type=\"widget\" data-settings=\"{&quot;_animation&quot;:&quot;fadeInUp&quot;}\" data-widget_type=\"heading.default\">\n\t\t\t\t<div class=\"elementor-widget-container\">\n\t\t\t\t\t<h2 class=\"elementor-heading-title elementor-size-default\">La legalidad o la base de nuestra obtenci\u00f3n de dicha informaci\u00f3n.<\/h2>\t\t\t\t<\/div>\n\t\t\t\t<\/div>\n\t\t\t\t<div class=\"elementor-element elementor-element-1d0d6b3 elementor-widget elementor-widget-text-editor\" data-id=\"1d0d6b3\" data-element_type=\"widget\" data-e-type=\"widget\" data-widget_type=\"text-editor.default\">\n\t\t\t\t<div class=\"elementor-widget-container\">\n\t\t\t\t\t\t\t\t\tLa informaci\u00f3n, como su cuenta, contacto, transacci\u00f3n e informaci\u00f3n de perfil, debe proporcionarse libremente. Esta informaci\u00f3n se obtiene de usted porque solo con su consentimiento podemos usar esta informaci\u00f3n para celebrar un contrato con usted.\t\t\t\t\t\t\t\t<\/div>\n\t\t\t\t<\/div>\n\t\t\t\t<div class=\"elementor-element elementor-element-0300983 elementor-widget elementor-widget-text-editor\" data-id=\"0300983\" data-element_type=\"widget\" data-e-type=\"widget\" data-widget_type=\"text-editor.default\">\n\t\t\t\t<div class=\"elementor-widget-container\">\n\t\t\t\t\t\t\t\t\tObtenemos su informaci\u00f3n para enviarle leg\u00edtimamente actualizaciones de marketing sobre nuestros productos y otros productos similares e igualmente administramos y protegemos nuestros servicios para brindarle seguridad contra el fraude o el abuso e igualmente realizar un seguimiento de los patrones de uso. Para estos, obtenemos sus datos de contacto, uso de datos y sus comentarios sobre las encuestas. \t\t\t\t\t\t\t\t<\/div>\n\t\t\t\t<\/div>\n\t\t\t\t<div class=\"elementor-element elementor-element-297c48c elementor-widget elementor-widget-text-editor\" data-id=\"297c48c\" data-element_type=\"widget\" data-e-type=\"widget\" data-widget_type=\"text-editor.default\">\n\t\t\t\t<div class=\"elementor-widget-container\">\n\t\t\t\t\t\t\t\t\tDisponemos de sus datos porque ha consentido voluntariamente en utilizar nuestros servicios (seleccionando la casilla de consentimiento). Esto se aplica igualmente a la informaci\u00f3n que ha dado su consentimiento para el marketing por correo electr\u00f3nico y otras formas de marketing. Sin embargo, tiene derecho a retirar su consentimiento para proporcionar sus datos en cualquier momento, como se explica en nuestros t\u00e9rminos de servicio, o comunic\u00e1ndose con nuestro equipo de servicio por correo electr\u00f3nico. \t\t\t\t\t\t\t\t<\/div>\n\t\t\t\t<\/div>\n\t\t\t\t<div class=\"elementor-element elementor-element-cdef221 elementor-widget elementor-widget-spacer\" data-id=\"cdef221\" data-element_type=\"widget\" data-e-type=\"widget\" data-widget_type=\"spacer.default\">\n\t\t\t\t<div class=\"elementor-widget-container\">\n\t\t\t\t\t\t\t<div class=\"elementor-spacer\">\n\t\t\t<div class=\"elementor-spacer-inner\"><\/div>\n\t\t<\/div>\n\t\t\t\t\t\t<\/div>\n\t\t\t\t<\/div>\n\t\t\t\t<div class=\"elementor-element elementor-element-8618904 elementor-invisible elementor-widget elementor-widget-heading\" data-id=\"8618904\" data-element_type=\"widget\" data-e-type=\"widget\" data-settings=\"{&quot;_animation&quot;:&quot;fadeInUp&quot;}\" data-widget_type=\"heading.default\">\n\t\t\t\t<div class=\"elementor-widget-container\">\n\t\t\t\t\t<h2 class=\"elementor-heading-title elementor-size-default\">\u00bfCu\u00e1nto tiempo utilizan sus datos personales con nosotros?<\/h2>\t\t\t\t<\/div>\n\t\t\t\t<\/div>\n\t\t\t\t<div class=\"elementor-element elementor-element-d43308c elementor-widget elementor-widget-text-editor\" data-id=\"d43308c\" data-element_type=\"widget\" data-e-type=\"widget\" data-widget_type=\"text-editor.default\">\n\t\t\t\t<div class=\"elementor-widget-container\">\n\t\t\t\t\t\t\t\t\tExcepto que nos solicite que eliminemos sus datos o que nuestro contrato con usted haya finalizado, sus datos personales permanecer\u00e1n con nosotros. Sin embargo, si tambi\u00e9n es necesario, conservaremos m\u00e1s tiempo algunos o todos sus datos personales en casos de razones legales, reglamentarias o fiscales para tratar problemas o tratar fraudes o abusos o la aplicaci\u00f3n de nuestras pol\u00edticas (generalmente para unos seis a\u00f1os).\t\t\t\t\t\t\t\t<\/div>\n\t\t\t\t<\/div>\n\t\t\t\t<div class=\"elementor-element elementor-element-920a938 elementor-widget elementor-widget-text-editor\" data-id=\"920a938\" data-element_type=\"widget\" data-e-type=\"widget\" data-widget_type=\"text-editor.default\">\n\t\t\t\t<div class=\"elementor-widget-container\">\n\t\t\t\t\t\t\t\t\tSolo conservaremos su informaci\u00f3n para boletines u otras actividades de marketing hasta que nos indique lo contrario, y conservaremos los detalles de navegaci\u00f3n solo durante un per\u00edodo de 26 meses.\t\t\t\t\t\t\t\t<\/div>\n\t\t\t\t<\/div>\n\t\t\t\t<div class=\"elementor-element elementor-element-c674c01 elementor-widget elementor-widget-spacer\" data-id=\"c674c01\" data-element_type=\"widget\" data-e-type=\"widget\" data-widget_type=\"spacer.default\">\n\t\t\t\t<div class=\"elementor-widget-container\">\n\t\t\t\t\t\t\t<div class=\"elementor-spacer\">\n\t\t\t<div class=\"elementor-spacer-inner\"><\/div>\n\t\t<\/div>\n\t\t\t\t\t\t<\/div>\n\t\t\t\t<\/div>\n\t\t\t\t<div class=\"elementor-element elementor-element-9a04966 elementor-invisible elementor-widget elementor-widget-heading\" data-id=\"9a04966\" data-element_type=\"widget\" data-e-type=\"widget\" data-settings=\"{&quot;_animation&quot;:&quot;fadeInUp&quot;}\" data-widget_type=\"heading.default\">\n\t\t\t\t<div class=\"elementor-widget-container\">\n\t\t\t\t\t<h2 class=\"elementor-heading-title elementor-size-default\">\u00bfA qui\u00e9n le enviamos sus datos personales? <\/h2>\t\t\t\t<\/div>\n\t\t\t\t<\/div>\n\t\t\t\t<div class=\"elementor-element elementor-element-123ae33 elementor-widget elementor-widget-text-editor\" data-id=\"123ae33\" data-element_type=\"widget\" data-e-type=\"widget\" data-widget_type=\"text-editor.default\">\n\t\t\t\t<div class=\"elementor-widget-container\">\n\t\t\t\t\t\t\t\t\t<h4>La informaci\u00f3n que obtenemos para usar en nuestros sitios web incluye;<\/h4>\t\t\t\t\t\t\t\t<\/div>\n\t\t\t\t<\/div>\n\t\t\t\t<div class=\"elementor-element elementor-element-e0655b2 elementor-widget elementor-widget-html\" data-id=\"e0655b2\" data-element_type=\"widget\" data-e-type=\"widget\" data-widget_type=\"html.default\">\n\t\t\t\t<div class=\"elementor-widget-container\">\n\t\t\t\t\t<ol class=\"number_list_type\"><li>Aquellos que nos ayudan a alojar el sitio web y administrarlo, operadores de pago, proveedores de servicios al cliente, distribuidores de correo electr\u00f3nico, comercio electr\u00f3nico, an\u00e1lisis, nuestro equipo de gesti\u00f3n de revisi\u00f3n, encuestas y comentarios de clientes, nuestros chats en vivo y servicios de entrega.<\/li>\n<li>Los reguladores de la ley, la polic\u00eda y otras agencias de aplicaci\u00f3n de la ley ayudan en casos de fraude o abuso y garantizan el cumplimiento de los requisitos legales para protegerlo a usted y a nosotros.<\/li>\n<li>A nuestros asesores y emisores profesionalmente cuando se trata de nuestra cobertura de seguros o nuestro manejo de reclamos legales.<\/li>\n<li>A nuestros clientes potenciales, si es necesario, en caso de una compra declarada o una compra en curso o para una fusi\u00f3n con todo o parte de nuestro negocio.<\/li>\n<\/ol>\t\t\t\t<\/div>\n\t\t\t\t<\/div>\n\t\t\t\t<div class=\"elementor-element elementor-element-e443da4 elementor-invisible elementor-widget elementor-widget-heading\" data-id=\"e443da4\" data-element_type=\"widget\" data-e-type=\"widget\" data-settings=\"{&quot;_animation&quot;:&quot;fadeInUp&quot;}\" data-widget_type=\"heading.default\">\n\t\t\t\t<div class=\"elementor-widget-container\">\n\t\t\t\t\t<h2 class=\"elementor-heading-title elementor-size-default\">\u00bfAd\u00f3nde va tu informaci\u00f3n?<\/h2>\t\t\t\t<\/div>\n\t\t\t\t<\/div>\n\t\t\t\t<div class=\"elementor-element elementor-element-9084bcd elementor-widget elementor-widget-text-editor\" data-id=\"9084bcd\" data-element_type=\"widget\" data-e-type=\"widget\" data-widget_type=\"text-editor.default\">\n\t\t\t\t<div class=\"elementor-widget-container\">\n\t\t\t\t\t\t\t\t\tLos datos personales que obtenemos de usted no van m\u00e1s all\u00e1 del Reino Unido y no se transfieren a ning\u00fan otro pa\u00eds, excepto en los casos en los que tenemos que dar su informaci\u00f3n a pa\u00edses (especialmente EE. UU.) que nos brindan alojamiento, comercio electr\u00f3nico, an\u00e1lisis, distribuci\u00f3n de correo electr\u00f3nico y otros servicios utilizados por nosotros. \t\t\t\t\t\t\t\t<\/div>\n\t\t\t\t<\/div>\n\t\t\t\t<div class=\"elementor-element elementor-element-7b609b2 elementor-widget elementor-widget-text-editor\" data-id=\"7b609b2\" data-element_type=\"widget\" data-e-type=\"widget\" data-widget_type=\"text-editor.default\">\n\t\t\t\t<div class=\"elementor-widget-container\">\n\t\t\t\t\t\t\t\t\tSi es necesario enviar sus datos personales fuera del Reino Unido, nos aseguramos de que haya respaldo legal para hacerlo. Estamos, por dise\u00f1o, obligados a brindar seguridad a sus datos en virtud de las cl\u00e1usulas contractuales est\u00e1ndar sancionadas por el Comisionado de Informaci\u00f3n.\t\t\t\t\t\t\t\t<\/div>\n\t\t\t\t<\/div>\n\t\t\t\t<div class=\"elementor-element elementor-element-d349896 elementor-widget elementor-widget-spacer\" data-id=\"d349896\" data-element_type=\"widget\" data-e-type=\"widget\" data-widget_type=\"spacer.default\">\n\t\t\t\t<div class=\"elementor-widget-container\">\n\t\t\t\t\t\t\t<div class=\"elementor-spacer\">\n\t\t\t<div class=\"elementor-spacer-inner\"><\/div>\n\t\t<\/div>\n\t\t\t\t\t\t<\/div>\n\t\t\t\t<\/div>\n\t\t\t\t<div class=\"elementor-element elementor-element-28ca1a4 elementor-invisible elementor-widget elementor-widget-heading\" data-id=\"28ca1a4\" data-element_type=\"widget\" data-e-type=\"widget\" data-settings=\"{&quot;_animation&quot;:&quot;fadeInUp&quot;}\" data-widget_type=\"heading.default\">\n\t\t\t\t<div class=\"elementor-widget-container\">\n\t\t\t\t\t<h2 class=\"elementor-heading-title elementor-size-default\">\u00bfCu\u00e1les son tus derechos?<\/h2>\t\t\t\t<\/div>\n\t\t\t\t<\/div>\n\t\t\t\t<div class=\"elementor-element elementor-element-2d977db elementor-widget elementor-widget-text-editor\" data-id=\"2d977db\" data-element_type=\"widget\" data-e-type=\"widget\" data-widget_type=\"text-editor.default\">\n\t\t\t\t<div class=\"elementor-widget-container\">\n\t\t\t\t\t\t\t\t\tTiene derecho a solicitar legalmente tener acceso a sus datos personales, realizar ajustes en sus datos en caso de errores, eliminar sus datos de nuestro sitio web y restringir el uso de sus datos en nuestro sitio web en determinadas circunstancias o debido al uso de datos. Tambi\u00e9n puede retirar el consentimiento que ha dado para que sus datos se utilicen para cualquiera de nuestros servicios (por ejemplo, correo electr\u00f3nico) en cualquier momento.\t\t\t\t\t\t\t\t<\/div>\n\t\t\t\t<\/div>\n\t\t\t\t<div class=\"elementor-element elementor-element-649d929 elementor-widget elementor-widget-text-editor\" data-id=\"649d929\" data-element_type=\"widget\" data-e-type=\"widget\" data-widget_type=\"text-editor.default\">\n\t\t\t\t<div class=\"elementor-widget-container\">\n\t\t\t\t\t\t\t\t\tSi no est\u00e1 satisfecho con nuestro uso de su servicio personal, comun\u00edquese con nosotros a trav\u00e9s de nuestro correo electr\u00f3nico anterior, y si tiene la sensaci\u00f3n de que nuestra respuesta a su petici\u00f3n no se est\u00e1 manejando perfectamente, tiene derecho a quejarse siempre que haya un problema en la oficina del Comisionado de Informaci\u00f3n (ICO). \t\t\t\t\t\t\t\t<\/div>\n\t\t\t\t<\/div>\n\t\t\t\t<div class=\"elementor-element elementor-element-426c88f elementor-widget elementor-widget-text-editor\" data-id=\"426c88f\" data-element_type=\"widget\" data-e-type=\"widget\" data-widget_type=\"text-editor.default\">\n\t\t\t\t<div class=\"elementor-widget-container\">\n\t\t\t\t\t\t\t\t\tPara obtener m\u00e1s informaci\u00f3n sobre sus derechos, visite el sitio web de ICO en ico.org.uk.\t\t\t\t\t\t\t\t<\/div>\n\t\t\t\t<\/div>\n\t\t\t\t<div class=\"elementor-element elementor-element-b4cd578 elementor-widget elementor-widget-spacer\" data-id=\"b4cd578\" data-element_type=\"widget\" data-e-type=\"widget\" data-widget_type=\"spacer.default\">\n\t\t\t\t<div class=\"elementor-widget-container\">\n\t\t\t\t\t\t\t<div class=\"elementor-spacer\">\n\t\t\t<div class=\"elementor-spacer-inner\"><\/div>\n\t\t<\/div>\n\t\t\t\t\t\t<\/div>\n\t\t\t\t<\/div>\n\t\t\t\t<div class=\"elementor-element elementor-element-18f92af elementor-invisible elementor-widget elementor-widget-heading\" data-id=\"18f92af\" data-element_type=\"widget\" data-e-type=\"widget\" data-settings=\"{&quot;_animation&quot;:&quot;fadeInUp&quot;}\" data-widget_type=\"heading.default\">\n\t\t\t\t<div class=\"elementor-widget-container\">\n\t\t\t\t\t<h2 class=\"elementor-heading-title elementor-size-default\">\u00bfQu\u00e9 pasa con las galletas?<\/h2>\t\t\t\t<\/div>\n\t\t\t\t<\/div>\n\t\t\t\t<div class=\"elementor-element elementor-element-82bda86 elementor-widget elementor-widget-text-editor\" data-id=\"82bda86\" data-element_type=\"widget\" data-e-type=\"widget\" data-widget_type=\"text-editor.default\">\n\t\t\t\t<div class=\"elementor-widget-container\">\n\t\t\t\t\t\t\t\t\tAl utilizar un sitio web, las cookies son identificaciones (ya sean n\u00fameros o letras) enviadas al navegador de su dispositivo. Est\u00e1n dise\u00f1ados para permitir el buen funcionamiento del sitio web y dar m\u00e1s informaci\u00f3n a los propietarios y operadores del sitio web.\t\t\t\t\t\t\t\t<\/div>\n\t\t\t\t<\/div>\n\t\t\t\t<div class=\"elementor-element elementor-element-2606e33 elementor-widget elementor-widget-text-editor\" data-id=\"2606e33\" data-element_type=\"widget\" data-e-type=\"widget\" data-widget_type=\"text-editor.default\">\n\t\t\t\t<div class=\"elementor-widget-container\">\n\t\t\t\t\t\t\t\t\tHacemos uso de estas cookies para el funcionamiento eficiente de nuestros sitios web. Hay cookies temporales; estas cookies permanecen en su navegador solo hasta que se cierra el navegador y, aunque las cookies m\u00e1s permanentes pueden permanecer en su navegador durante m\u00e1s tiempo, dependiendo de su vida \u00fatil. \t\t\t\t\t\t\t\t<\/div>\n\t\t\t\t<\/div>\n\t\t\t\t<div class=\"elementor-element elementor-element-1f9c831 elementor-widget elementor-widget-text-editor\" data-id=\"1f9c831\" data-element_type=\"widget\" data-e-type=\"widget\" data-widget_type=\"text-editor.default\">\n\t\t\t\t<div class=\"elementor-widget-container\">\n\t\t\t\t\t\t\t\t\tPara saber m\u00e1s sobre las cookies y c\u00f3mo aceptarlas, rechazarlas o gestionarlas y eliminar las cookies existentes, consulta allaboutcookies.org. Sin embargo, impondr\u00e1 una limitaci\u00f3n a la funcionalidad de nuestro sitio si decide rechazar nuestras cookies. \t\t\t\t\t\t\t\t<\/div>\n\t\t\t\t<\/div>\n\t\t\t\t\t<\/div>\n\t\t<\/div>\n\t\t\t\t\t<\/div>\n\t\t<\/section>\n\t\t\t\t<\/div>","protected":false},"excerpt":{"rendered":"<p>Sobre nosotros Este sitio web pertenece a RenoDoll; Nos ocupamos de las ventas de mu\u00f1ecas sexuales. Toda la informaci\u00f3n sobre nuestra empresa y nuestros datos de contacto se pueden encontrar en nuestro sitio web. \u00bfQu\u00e9 hace nuestra pol\u00edtica? Nuestra pol\u00edtica le dice todo lo que necesita saber acerca de proporcionarnos sus datos personales. Los detalles de nuestra p\u00f3liza solo cubren los detalles que se nos proporcionan. Si proporciona sus datos personales a otros sitios web en cualquier momento, consulte la pol\u00edtica de su empresa. Solo haga uso de nuestros servicios despu\u00e9s de revisar los detalles de nuestra pol\u00edtica y estar\u00e1 satisfecho. \u00bfPuede haber un cambio?<\/p>","protected":false},"author":1,"featured_media":0,"parent":0,"menu_order":0,"comment_status":"closed","ping_status":"closed","template":"","meta":{"footnotes":""},"class_list":["post-5188","page","type-page","status-publish","hentry"],"aioseo_notices":[],"_links":{"self":[{"href":"https:\/\/renodoll.com\/es\/wp-json\/wp\/v2\/pages\/5188","targetHints":{"allow":["GET"]}}],"collection":[{"href":"https:\/\/renodoll.com\/es\/wp-json\/wp\/v2\/pages"}],"about":[{"href":"https:\/\/renodoll.com\/es\/wp-json\/wp\/v2\/types\/page"}],"author":[{"embeddable":true,"href":"https:\/\/renodoll.com\/es\/wp-json\/wp\/v2\/users\/1"}],"replies":[{"embeddable":true,"href":"https:\/\/renodoll.com\/es\/wp-json\/wp\/v2\/comments?post=5188"}],"version-history":[{"count":16,"href":"https:\/\/renodoll.com\/es\/wp-json\/wp\/v2\/pages\/5188\/revisions"}],"predecessor-version":[{"id":14629,"href":"https:\/\/renodoll.com\/es\/wp-json\/wp\/v2\/pages\/5188\/revisions\/14629"}],"wp:attachment":[{"href":"https:\/\/renodoll.com\/es\/wp-json\/wp\/v2\/media?parent=5188"}],"curies":[{"name":"wp","href":"https:\/\/api.w.org\/{rel}","templated":true}]}}