{"id":5175,"date":"2023-02-20T14:42:53","date_gmt":"2023-02-20T06:42:53","guid":{"rendered":"https:\/\/renodoll.com\/?page_id=5175"},"modified":"2023-04-03T11:22:16","modified_gmt":"2023-04-03T03:22:16","slug":"sex-doll-images","status":"publish","type":"page","link":"https:\/\/renodoll.com\/es\/imagenes-de-munecas-sexuales\/","title":{"rendered":"Im\u00e1genes de mu\u00f1ecas sexuales"},"content":{"rendered":"<div data-elementor-type=\"wp-page\" data-elementor-id=\"5175\" class=\"elementor elementor-5175\">\n\t\t\t\t\t\t\t\t\t<section class=\"elementor-section elementor-top-section elementor-element elementor-element-2aace59 elementor-section-boxed elementor-section-height-default elementor-section-height-default\" data-id=\"2aace59\" data-element_type=\"section\">\n\t\t\t\t\t\t<div class=\"elementor-container elementor-column-gap-no\">\n\t\t\t\t\t<div class=\"elementor-column elementor-col-100 elementor-top-column elementor-element elementor-element-0017d57\" data-id=\"0017d57\" data-element_type=\"column\">\n\t\t\t<div class=\"elementor-widget-wrap elementor-element-populated\">\n\t\t\t\t\t\t\t\t<div class=\"elementor-element elementor-element-8a2ff4e elementor-widget elementor-widget-spacer\" data-id=\"8a2ff4e\" data-element_type=\"widget\" data-widget_type=\"spacer.default\">\n\t\t\t\t<div class=\"elementor-widget-container\">\n\t\t\t<style>\/*! elementor - v3.10.2 - 29-01-2023 *\/\n.elementor-column .elementor-spacer-inner{height:var(--spacer-size)}.e-con{--container-widget-width:100%}.e-con-inner>.elementor-widget-spacer,.e-con>.elementor-widget-spacer{width:var(--container-widget-width,var(--spacer-size));--align-self:var(--container-widget-align-self,initial);--flex-shrink:0}.e-con-inner>.elementor-widget-spacer>.elementor-widget-container,.e-con-inner>.elementor-widget-spacer>.elementor-widget-container>.elementor-spacer,.e-con>.elementor-widget-spacer>.elementor-widget-container,.e-con>.elementor-widget-spacer>.elementor-widget-container>.elementor-spacer{height:100%}.e-con-inner>.elementor-widget-spacer>.elementor-widget-container>.elementor-spacer>.elementor-spacer-inner,.e-con>.elementor-widget-spacer>.elementor-widget-container>.elementor-spacer>.elementor-spacer-inner{height:var(--container-widget-height,var(--spacer-size))}<\/style>\t\t<div class=\"elementor-spacer\">\n\t\t\t<div class=\"elementor-spacer-inner\"><\/div>\n\t\t<\/div>\n\t\t\t\t<\/div>\n\t\t\t\t<\/div>\n\t\t\t\t<div class=\"elementor-element elementor-element-5997a9f elementor-invisible elementor-widget elementor-widget-heading\" data-id=\"5997a9f\" data-element_type=\"widget\" data-settings=\"{&quot;_animation&quot;:&quot;fadeInLeft&quot;}\" data-widget_type=\"heading.default\">\n\t\t\t\t<div class=\"elementor-widget-container\">\n\t\t\t<style>\/*! elementor - v3.10.2 - 29-01-2023 *\/\n.elementor-heading-title{padding:0;margin:0;line-height:1}.elementor-widget-heading .elementor-heading-title[class*=elementor-size-]>a{color:inherit;font-size:inherit;line-height:inherit}.elementor-widget-heading .elementor-heading-title.elementor-size-small{font-size:15px}.elementor-widget-heading .elementor-heading-title.elementor-size-medium{font-size:19px}.elementor-widget-heading .elementor-heading-title.elementor-size-large{font-size:29px}.elementor-widget-heading .elementor-heading-title.elementor-size-xl{font-size:39px}.elementor-widget-heading .elementor-heading-title.elementor-size-xxl{font-size:59px}<\/style><h1 class=\"elementor-heading-title elementor-size-default\">Perfil de visualizaci\u00f3n de mu\u00f1ecas sexuales<\/h1>\t\t<\/div>\n\t\t\t\t<\/div>\n\t\t\t\t<div class=\"elementor-element elementor-element-7cdfd52 elementor-widget elementor-widget-spacer\" data-id=\"7cdfd52\" data-element_type=\"widget\" data-widget_type=\"spacer.default\">\n\t\t\t\t<div class=\"elementor-widget-container\">\n\t\t\t\t\t<div class=\"elementor-spacer\">\n\t\t\t<div class=\"elementor-spacer-inner\"><\/div>\n\t\t<\/div>\n\t\t\t\t<\/div>\n\t\t\t\t<\/div>\n\t\t\t\t<div class=\"elementor-element elementor-element-26c34f9 elementor-widget elementor-widget-heading\" data-id=\"26c34f9\" data-element_type=\"widget\" data-widget_type=\"heading.default\">\n\t\t\t\t<div class=\"elementor-widget-container\">\n\t\t\t<h2 class=\"elementor-heading-title elementor-size-default\">Bienvenido a la galer\u00eda de mu\u00f1ecas Reno<\/h2>\t\t<\/div>\n\t\t\t\t<\/div>\n\t\t\t\t<div class=\"elementor-element elementor-element-3feda34 elementor-widget elementor-widget-text-editor\" data-id=\"3feda34\" data-element_type=\"widget\" data-widget_type=\"text-editor.default\">\n\t\t\t\t<div class=\"elementor-widget-container\">\n\t\t\t<style>\/*! elementor - v3.10.2 - 29-01-2023 *\/\n.elementor-widget-text-editor.elementor-drop-cap-view-stacked .elementor-drop-cap{background-color:#818a91;color:#fff}.elementor-widget-text-editor.elementor-drop-cap-view-framed .elementor-drop-cap{color:#818a91;border:3px solid;background-color:transparent}.elementor-widget-text-editor:not(.elementor-drop-cap-view-default) .elementor-drop-cap{margin-top:8px}.elementor-widget-text-editor:not(.elementor-drop-cap-view-default) .elementor-drop-cap-letter{width:1em;height:1em}.elementor-widget-text-editor .elementor-drop-cap{float:left;text-align:center;line-height:1;font-size:50px}.elementor-widget-text-editor .elementor-drop-cap-letter{display:inline-block}<\/style>\t\t\t\t<p>Nuestras encantadoras im\u00e1genes de mu\u00f1ecas sexuales te dan una vista de las mu\u00f1ecas de amor que tenemos en nuestro taller. Ning\u00fan filtro adicional para la belleza en absoluto. Un clic en la imagen de su elecci\u00f3n y podr\u00e1 contemplar lo hermosa y atractiva que es la mu\u00f1eca sexual. Inmediatamente vea su mu\u00f1eca sexual adulta favorita en RenoDoll, comun\u00edquese con nosotros y obtenga una respuesta r\u00e1pida de nuestro equipo.<\/p>\t\t\t\t\t\t<\/div>\n\t\t\t\t<\/div>\n\t\t\t\t<div class=\"elementor-element elementor-element-821e5c1 elementor-widget elementor-widget-spacer\" data-id=\"821e5c1\" data-element_type=\"widget\" data-widget_type=\"spacer.default\">\n\t\t\t\t<div class=\"elementor-widget-container\">\n\t\t\t\t\t<div class=\"elementor-spacer\">\n\t\t\t<div class=\"elementor-spacer-inner\"><\/div>\n\t\t<\/div>\n\t\t\t\t<\/div>\n\t\t\t\t<\/div>\n\t\t\t\t<div class=\"elementor-element elementor-element-57d9795 elementor-invisible elementor-widget elementor-widget-heading\" data-id=\"57d9795\" data-element_type=\"widget\" data-settings=\"{&quot;_animation&quot;:&quot;fadeInUp&quot;}\" data-widget_type=\"heading.default\">\n\t\t\t\t<div class=\"elementor-widget-container\">\n\t\t\t<h2 class=\"elementor-heading-title elementor-size-default\">Im\u00e1genes de la f\u00e1brica<\/h2>\t\t<\/div>\n\t\t\t\t<\/div>\n\t\t\t\t<div class=\"elementor-element elementor-element-4079b24 elementor-widget elementor-widget-text-editor\" data-id=\"4079b24\" data-element_type=\"widget\" data-widget_type=\"text-editor.default\">\n\t\t\t\t<div class=\"elementor-widget-container\">\n\t\t\t\t\t\t\t<p>Con respecto a nuestras mu\u00f1ecas sexuales realistas, no consideramos extorsionar su dinero o ser demasiado baratas. Estas mu\u00f1ecas sexuales de tama\u00f1o natural no son solo para el acto de intimidad, sino tambi\u00e9n para el placer, el romance y la fotograf\u00eda, entre muchos otros. Quieres una mu\u00f1eca sexual sexy aut\u00e9ntica y valiosa, por eso RenoDoll deber\u00eda ser tu complemento.<\/p>\t\t\t\t\t\t<\/div>\n\t\t\t\t<\/div>\n\t\t\t\t<div class=\"elementor-element elementor-element-76dc8b6 elementor-widget elementor-widget-text-editor\" data-id=\"76dc8b6\" data-element_type=\"widget\" data-widget_type=\"text-editor.default\">\n\t\t\t\t<div class=\"elementor-widget-container\">\n\t\t\t\t\t\t\t<p>Estas im\u00e1genes nos muestran en RenoDoll. Trabajamos a diario en la f\u00e1brica de mu\u00f1ecas realistas. Estas fotos ayudan a que se sienta tranquilo de que somos aut\u00e9nticos mientras creamos mu\u00f1ecas para nuestra empresa RenoDoll, establecida en China.<\/p>\t\t\t\t\t\t<\/div>\n\t\t\t\t<\/div>\n\t\t\t\t<div class=\"elementor-element elementor-element-939a218 elementor-widget elementor-widget-text-editor\" data-id=\"939a218\" data-element_type=\"widget\" data-widget_type=\"text-editor.default\">\n\t\t\t\t<div class=\"elementor-widget-container\">\n\t\t\t\t\t\t\t<p>Estos conjuntos de im\u00e1genes son im\u00e1genes sin filtrar de las mu\u00f1ecas sexuales realistas de silicona de RenoDoll tomadas por trabajadores con las c\u00e1maras de sus tel\u00e9fonos y no con c\u00e1maras profesionales. Lo que pides es lo que obtienes. Ni mas ni menos.<\/p>\t\t\t\t\t\t<\/div>\n\t\t\t\t<\/div>\n\t\t\t\t<div class=\"elementor-element elementor-element-d2ad2a2 elementor-widget elementor-widget-text-editor\" data-id=\"d2ad2a2\" data-element_type=\"widget\" data-widget_type=\"text-editor.default\">\n\t\t\t\t<div class=\"elementor-widget-container\">\n\t\t\t\t\t\t\tSi quiere estar doblemente seguro despu\u00e9s de ordenar su mu\u00f1eca de amor, lo tenemos cubierto. Una vez que su mu\u00f1eca de amor se haya hecho para que se ajuste a su descripci\u00f3n, nuestro equipo de atenci\u00f3n al cliente le enviar\u00e1 un correo electr\u00f3nico con el asunto &quot;Im\u00e1genes de f\u00e1brica&quot;. Contiene im\u00e1genes de su mu\u00f1eca sexual realista id\u00e9ntica con sus especificaciones seguidas de forma predeterminada.\t\t\t\t\t\t<\/div>\n\t\t\t\t<\/div>\n\t\t\t\t<div class=\"elementor-element elementor-element-1ff2f80 elementor-widget elementor-widget-image\" data-id=\"1ff2f80\" data-element_type=\"widget\" data-widget_type=\"image.default\">\n\t\t\t\t<div class=\"elementor-widget-container\">\n\t\t\t<style>\/*! elementor - v3.10.2 - 29-01-2023 *\/\n.elementor-widget-image{text-align:center}.elementor-widget-image a{display:inline-block}.elementor-widget-image a img[src$=\".svg\"]{width:48px}.elementor-widget-image img{vertical-align:middle;display:inline-block}<\/style>\t\t\t\t\t\t\t\t\t\t\t\t<img loading=\"lazy\" decoding=\"async\" width=\"758\" height=\"511\" src=\"https:\/\/renodoll.com\/wp-content\/uploads\/2023\/03\/kb-storage-case.jpg\" class=\"attachment-large size-large wp-image-14208\" alt=\"\" srcset=\"https:\/\/renodoll.com\/wp-content\/uploads\/2023\/03\/kb-storage-case.jpg 758w, https:\/\/renodoll.com\/wp-content\/uploads\/2023\/03\/kb-storage-case-300x202.jpg 300w, https:\/\/renodoll.com\/wp-content\/uploads\/2023\/03\/kb-storage-case-18x12.jpg 18w, https:\/\/renodoll.com\/wp-content\/uploads\/2023\/03\/kb-storage-case-100x67.jpg 100w, https:\/\/renodoll.com\/wp-content\/uploads\/2023\/03\/kb-storage-case-600x404.jpg 600w, https:\/\/renodoll.com\/wp-content\/uploads\/2023\/03\/kb-storage-case-10x7.jpg 10w\" sizes=\"auto, (max-width: 758px) 100vw, 758px\" \/>\t\t\t\t\t\t\t\t\t\t\t\t\t\t\t<\/div>\n\t\t\t\t<\/div>\n\t\t\t\t\t<\/div>\n\t\t<\/div>\n\t\t\t\t\t\t\t<\/div>\n\t\t<\/section>\n\t\t\t\t\t\t\t<\/div>","protected":false},"excerpt":{"rendered":"<p>Perfil de visualizaci\u00f3n de mu\u00f1ecas sexuales Bienvenido a la galer\u00eda de mu\u00f1ecas Reno Nuestras hermosas im\u00e1genes de mu\u00f1ecas sexuales le dan una vista de las mu\u00f1ecas de amor que tenemos en nuestro taller. Ning\u00fan filtro adicional para la belleza en absoluto. Un clic en la imagen de su elecci\u00f3n y podr\u00e1 contemplar lo hermosa y atractiva que es la mu\u00f1eca sexual. Inmediatamente vea su mu\u00f1eca sexual adulta favorita en RenoDoll, comun\u00edquese con nosotros y obtenga una respuesta r\u00e1pida de nuestro equipo. Im\u00e1genes de f\u00e1brica Con respecto a nuestras mu\u00f1ecas sexuales realistas, no consideramos extorsionar su dinero o ser demasiado baratas. Estas mu\u00f1ecas sexuales de tama\u00f1o natural son<\/p>","protected":false},"author":1,"featured_media":0,"parent":0,"menu_order":0,"comment_status":"closed","ping_status":"closed","template":"","meta":{"footnotes":""},"class_list":["post-5175","page","type-page","status-publish","hentry"],"aioseo_notices":[],"_links":{"self":[{"href":"https:\/\/renodoll.com\/es\/wp-json\/wp\/v2\/pages\/5175","targetHints":{"allow":["GET"]}}],"collection":[{"href":"https:\/\/renodoll.com\/es\/wp-json\/wp\/v2\/pages"}],"about":[{"href":"https:\/\/renodoll.com\/es\/wp-json\/wp\/v2\/types\/page"}],"author":[{"embeddable":true,"href":"https:\/\/renodoll.com\/es\/wp-json\/wp\/v2\/users\/1"}],"replies":[{"embeddable":true,"href":"https:\/\/renodoll.com\/es\/wp-json\/wp\/v2\/comments?post=5175"}],"version-history":[{"count":20,"href":"https:\/\/renodoll.com\/es\/wp-json\/wp\/v2\/pages\/5175\/revisions"}],"predecessor-version":[{"id":14979,"href":"https:\/\/renodoll.com\/es\/wp-json\/wp\/v2\/pages\/5175\/revisions\/14979"}],"wp:attachment":[{"href":"https:\/\/renodoll.com\/es\/wp-json\/wp\/v2\/media?parent=5175"}],"curies":[{"name":"wp","href":"https:\/\/api.w.org\/{rel}","templated":true}]}}