{"id":5477,"date":"2023-02-22T19:21:45","date_gmt":"2023-02-22T11:21:45","guid":{"rendered":"https:\/\/renodoll.com\/?page_id=5477"},"modified":"2023-03-31T18:35:03","modified_gmt":"2023-03-31T10:35:03","slug":"sex-doll-tongue","status":"publish","type":"page","link":"https:\/\/renodoll.com\/de\/sexpuppenzunge\/","title":{"rendered":"Sexpuppenzunge"},"content":{"rendered":"<div data-elementor-type=\"wp-page\" data-elementor-id=\"5477\" class=\"elementor elementor-5477\">\n\t\t\t\t\t\t\t\t\t<section class=\"elementor-section elementor-top-section elementor-element elementor-element-19ce2b8 page-content-text elementor-section-boxed elementor-section-height-default elementor-section-height-default\" data-id=\"19ce2b8\" data-element_type=\"section\">\n\t\t\t\t\t\t<div class=\"elementor-container elementor-column-gap-default\">\n\t\t\t\t\t<div class=\"elementor-column elementor-col-100 elementor-top-column elementor-element elementor-element-f3c1b7c\" data-id=\"f3c1b7c\" data-element_type=\"column\">\n\t\t\t<div class=\"elementor-widget-wrap elementor-element-populated\">\n\t\t\t\t\t\t\t\t<div class=\"elementor-element elementor-element-d7cc961 elementor-invisible elementor-widget elementor-widget-heading\" data-id=\"d7cc961\" data-element_type=\"widget\" data-settings=\"{&quot;_animation&quot;:&quot;fadeInUp&quot;}\" data-widget_type=\"heading.default\">\n\t\t\t\t<div class=\"elementor-widget-container\">\n\t\t\t<style>\/*! elementor - v3.10.2 - 29-01-2023 *\/\n.elementor-heading-title{padding:0;margin:0;line-height:1}.elementor-widget-heading .elementor-heading-title[class*=elementor-size-]>a{color:inherit;font-size:inherit;line-height:inherit}.elementor-widget-heading .elementor-heading-title.elementor-size-small{font-size:15px}.elementor-widget-heading .elementor-heading-title.elementor-size-medium{font-size:19px}.elementor-widget-heading .elementor-heading-title.elementor-size-large{font-size:29px}.elementor-widget-heading .elementor-heading-title.elementor-size-xl{font-size:39px}.elementor-widget-heading .elementor-heading-title.elementor-size-xxl{font-size:59px}<\/style><h2 class=\"elementor-heading-title elementor-size-default\">Zunge<\/h2>\t\t<\/div>\n\t\t\t\t<\/div>\n\t\t\t\t<div class=\"elementor-element elementor-element-2f50bad elementor-widget elementor-widget-text-editor\" data-id=\"2f50bad\" data-element_type=\"widget\" data-widget_type=\"text-editor.default\">\n\t\t\t\t<div class=\"elementor-widget-container\">\n\t\t\t<style>\/*! elementor - v3.10.2 - 29-01-2023 *\/\n.elementor-widget-text-editor.elementor-drop-cap-view-stacked .elementor-drop-cap{background-color:#818a91;color:#fff}.elementor-widget-text-editor.elementor-drop-cap-view-framed .elementor-drop-cap{color:#818a91;border:3px solid;background-color:transparent}.elementor-widget-text-editor:not(.elementor-drop-cap-view-default) .elementor-drop-cap{margin-top:8px}.elementor-widget-text-editor:not(.elementor-drop-cap-view-default) .elementor-drop-cap-letter{width:1em;height:1em}.elementor-widget-text-editor .elementor-drop-cap{float:left;text-align:center;line-height:1;font-size:50px}.elementor-widget-text-editor .elementor-drop-cap-letter{display:inline-block}<\/style>\t\t\t\tZunge aus TPE (thermoplastisches Elastomer) f\u00fcr den Kopf Ihrer Sexpuppe. Diese Zunge ist auch abnehmbar und k\u00f6nnte f\u00fcr Fotozwecke verwendet werden. Es ist nicht befestigt und sitzt nur im Mund der Puppe.\t\t\t\t\t\t<\/div>\n\t\t\t\t<\/div>\n\t\t\t\t<div class=\"elementor-element elementor-element-7b009cf elementor-widget elementor-widget-text-editor\" data-id=\"7b009cf\" data-element_type=\"widget\" data-widget_type=\"text-editor.default\">\n\t\t\t\t<div class=\"elementor-widget-container\">\n\t\t\t\t\t\t\tBist du ein Sexpuppen-Benutzer und m\u00f6chtest ein noch erf\u00fcllenderes sexuelles Vergn\u00fcgen erleben? Wir haben Sexpuppen mit abnehmbaren Zungen implantiert, die speziell f\u00fcr lebensechten Oralsex entwickelt wurden.\n\t\t\t\t\t\t<\/div>\n\t\t\t\t<\/div>\n\t\t\t\t<section class=\"elementor-section elementor-inner-section elementor-element elementor-element-d419c7c elementor-section-boxed elementor-section-height-default elementor-section-height-default\" data-id=\"d419c7c\" data-element_type=\"section\">\n\t\t\t\t\t\t<div class=\"elementor-container elementor-column-gap-default\">\n\t\t\t\t\t<div class=\"elementor-column elementor-col-50 elementor-inner-column elementor-element elementor-element-df64315\" data-id=\"df64315\" data-element_type=\"column\">\n\t\t\t<div class=\"elementor-widget-wrap elementor-element-populated\">\n\t\t\t\t\t\t\t\t<div class=\"elementor-element elementor-element-791ec70 elementor-invisible elementor-widget elementor-widget-heading\" data-id=\"791ec70\" data-element_type=\"widget\" data-settings=\"{&quot;_animation&quot;:&quot;fadeInUp&quot;}\" data-widget_type=\"heading.default\">\n\t\t\t\t<div class=\"elementor-widget-container\">\n\t\t\t<h2 class=\"elementor-heading-title elementor-size-default\">Realistische Zungen f\u00fcr Ihre RenoDoll \n<\/h2>\t\t<\/div>\n\t\t\t\t<\/div>\n\t\t\t\t<div class=\"elementor-element elementor-element-d24a218 elementor-widget elementor-widget-text-editor\" data-id=\"d24a218\" data-element_type=\"widget\" data-widget_type=\"text-editor.default\">\n\t\t\t\t<div class=\"elementor-widget-container\">\n\t\t\t\t\t\t\tEs ist lange her. Wir haben versucht, unseren neuen Sexpuppenladen zu verbessern. Sie werden sehen, dass dies bei der neuen Liebespuppe, die wir auf Lager haben, zutrifft. Aus bestimmten Gr\u00fcnden werden wir mehr Silikonpuppen haben, daher bem\u00fchen wir uns mehr, unseren Bestand zu verbessern.\n\t\t\t\t\t\t<\/div>\n\t\t\t\t<\/div>\n\t\t\t\t<div class=\"elementor-element elementor-element-9f505e9 elementor-widget elementor-widget-text-editor\" data-id=\"9f505e9\" data-element_type=\"widget\" data-widget_type=\"text-editor.default\">\n\t\t\t\t<div class=\"elementor-widget-container\">\n\t\t\t\t\t\t\t<p>Wir haben eine neue Funktion f\u00fcr unsere RenoDoll und werden Sie in diesem Beitrag dar\u00fcber informieren. Es ist stattdessen ein bekanntes Geheimnis, dass Liebespuppen keine Zungen haben; Dies k\u00f6nnte zu einer gewissen Befriedigung bei ihrer Verwendung f\u00fchren, insbesondere wenn es darum geht, diese Liebespuppen zu k\u00fcssen.<\/p>\t\t\t\t\t\t<\/div>\n\t\t\t\t<\/div>\n\t\t\t\t<div class=\"elementor-element elementor-element-75d035e elementor-widget elementor-widget-text-editor\" data-id=\"75d035e\" data-element_type=\"widget\" data-widget_type=\"text-editor.default\">\n\t\t\t\t<div class=\"elementor-widget-container\">\n\t\t\t\t\t\t\t<p>Endlich bieten wir Zungen f\u00fcr unsere RenoDolls an. Diese Zungen f\u00fchlen sich realistisch an, genau wie das Original, und sie sind an den K\u00f6pfen befestigt, damit sie nicht so leicht wie zuvor abrei\u00dfen. Wir haben diese Innovation jedoch nur f\u00fcr wenige verifizierte RenoDolls-Verk\u00e4ufer. Und wir sind stolze verifizierte Puppenverk\u00e4ufer; Sie m\u00f6chten dies nicht verpassen, schauen Sie es sich so schnell wie m\u00f6glich an.<\/p>\t\t\t\t\t\t<\/div>\n\t\t\t\t<\/div>\n\t\t\t\t<div class=\"elementor-element elementor-element-4c9dc49 elementor-widget elementor-widget-text-editor\" data-id=\"4c9dc49\" data-element_type=\"widget\" data-widget_type=\"text-editor.default\">\n\t\t\t\t<div class=\"elementor-widget-container\">\n\t\t\t\t\t\t\tSchauen Sie sich bitte die Bilder unten an.\n\t\t\t\t\t\t<\/div>\n\t\t\t\t<\/div>\n\t\t\t\t\t<\/div>\n\t\t<\/div>\n\t\t\t\t<div class=\"elementor-column elementor-col-50 elementor-inner-column elementor-element elementor-element-6a2ef2e\" data-id=\"6a2ef2e\" data-element_type=\"column\">\n\t\t\t<div class=\"elementor-widget-wrap elementor-element-populated\">\n\t\t\t\t\t\t\t\t<div class=\"elementor-element elementor-element-799aff2 elementor-widget elementor-widget-image\" data-id=\"799aff2\" data-element_type=\"widget\" data-widget_type=\"image.default\">\n\t\t\t\t<div class=\"elementor-widget-container\">\n\t\t\t<style>\/*! elementor - v3.10.2 - 29-01-2023 *\/\n.elementor-widget-image{text-align:center}.elementor-widget-image a{display:inline-block}.elementor-widget-image a img[src$=\".svg\"]{width:48px}.elementor-widget-image img{vertical-align:middle;display:inline-block}<\/style>\t\t\t\t\t\t\t\t\t\t\t\t<img loading=\"lazy\" decoding=\"async\" width=\"1000\" height=\"1000\" src=\"https:\/\/renodoll.com\/wp-content\/uploads\/2023\/03\/aura-dolls-toronto-s8n24.jpg\" class=\"attachment-large size-large wp-image-8720\" alt=\"\" srcset=\"https:\/\/renodoll.com\/wp-content\/uploads\/2023\/03\/aura-dolls-toronto-s8n24.jpg 1000w, https:\/\/renodoll.com\/wp-content\/uploads\/2023\/03\/aura-dolls-toronto-s8n24-300x300.jpg 300w, https:\/\/renodoll.com\/wp-content\/uploads\/2023\/03\/aura-dolls-toronto-s8n24-150x150.jpg 150w, https:\/\/renodoll.com\/wp-content\/uploads\/2023\/03\/aura-dolls-toronto-s8n24-768x768.jpg 768w, https:\/\/renodoll.com\/wp-content\/uploads\/2023\/03\/aura-dolls-toronto-s8n24-12x12.jpg 12w, https:\/\/renodoll.com\/wp-content\/uploads\/2023\/03\/aura-dolls-toronto-s8n24-100x100.jpg 100w, https:\/\/renodoll.com\/wp-content\/uploads\/2023\/03\/aura-dolls-toronto-s8n24-600x600.jpg 600w, https:\/\/renodoll.com\/wp-content\/uploads\/2023\/03\/aura-dolls-toronto-s8n24-10x10.jpg 10w\" sizes=\"auto, (max-width: 1000px) 100vw, 1000px\" \/>\t\t\t\t\t\t\t\t\t\t\t\t\t\t\t<\/div>\n\t\t\t\t<\/div>\n\t\t\t\t\t<\/div>\n\t\t<\/div>\n\t\t\t\t\t\t\t<\/div>\n\t\t<\/section>\n\t\t\t\t<div class=\"elementor-element elementor-element-7895fb1 elementor-invisible elementor-widget elementor-widget-heading\" data-id=\"7895fb1\" data-element_type=\"widget\" data-settings=\"{&quot;_animation&quot;:&quot;fadeInUp&quot;}\" data-widget_type=\"heading.default\">\n\t\t\t\t<div class=\"elementor-widget-container\">\n\t\t\t<h2 class=\"elementor-heading-title elementor-size-default\">Satz Zunge und Z\u00e4hne f\u00fcr Puppenkopf.\n<\/h2>\t\t<\/div>\n\t\t\t\t<\/div>\n\t\t\t\t<div class=\"elementor-element elementor-element-6f7a4a4 elementor-widget elementor-widget-text-editor\" data-id=\"6f7a4a4\" data-element_type=\"widget\" data-widget_type=\"text-editor.default\">\n\t\t\t\t<div class=\"elementor-widget-container\">\n\t\t\t\t\t\t\tM\u00f6chten Sie, dass Ihre Puppe ein anderes Aussehen hat? Dann sind hier die perfekten Z\u00e4hne und die Zunge f\u00fcr Sie.\n\t\t\t\t\t\t<\/div>\n\t\t\t\t<\/div>\n\t\t\t\t<div class=\"elementor-element elementor-element-cddf1f1 elementor-widget elementor-widget-html\" data-id=\"cddf1f1\" data-element_type=\"widget\" data-widget_type=\"html.default\">\n\t\t\t\t<div class=\"elementor-widget-container\">\n\t\t\t<ol class=\"number_list_type\">\n    <li>\n        Ihre Liebespuppe hat mit diesen echten Z\u00e4hnen und Zungen mehr Ausdruck.\n    <\/li>\n    <li>\n        Verbesserte K\u00f6pfe, M\u00fcnder und implantierte Haare passen nicht zu diesen Z\u00e4hnen und Zungen; Sie funktionieren nur mit normalen K\u00f6pfen.\n    <\/li>\n<\/ol>\t\t<\/div>\n\t\t\t\t<\/div>\n\t\t\t\t<div class=\"elementor-element elementor-element-2d6e4b0 elementor-widget elementor-widget-text-editor\" data-id=\"2d6e4b0\" data-element_type=\"widget\" data-widget_type=\"text-editor.default\">\n\t\t\t\t<div class=\"elementor-widget-container\">\n\t\t\t\t\t\t\tBitte wenden Sie sich an uns, um zu erfahren, ob Ihre Liebespuppe einen Kopf hat, der mit diesen neuen Erfindungen kompatibel ist.\t\t\t\t\t\t<\/div>\n\t\t\t\t<\/div>\n\t\t\t\t\t<\/div>\n\t\t<\/div>\n\t\t\t\t\t\t\t<\/div>\n\t\t<\/section>\n\t\t\t\t\t\t\t<\/div>","protected":false},"excerpt":{"rendered":"<p>Zunge aus TPE (thermoplastisches Elastomer) f\u00fcr den Kopf Ihrer Sexpuppe. Diese Zunge ist ebenfalls abnehmbar und kann f\u00fcr Fotozwecke verwendet werden. Es ist nicht befestigt und sitzt nur im Mund der Puppe. Sind Sie ein Sexpuppenbenutzer und m\u00f6chten noch erf\u00fcllenderes sexuelles Vergn\u00fcgen erleben? Wir lassen Sexpuppen mit abnehmbarer Zunge implantieren, die speziell f\u00fcr lebensechten Oralsex entwickelt wurden. Realistische Zungen f\u00fcr Ihre RenoDoll Es ist lange her. Wir haben versucht, einige Verbesserungen an unserem neuen Sexpuppenladen vorzunehmen; Sie werden sehen, dass dies bei der neuen Liebespuppe zutrifft, in der wir uns befinden<\/p>","protected":false},"author":1,"featured_media":0,"parent":0,"menu_order":0,"comment_status":"closed","ping_status":"closed","template":"","meta":{"footnotes":""},"class_list":["post-5477","page","type-page","status-publish","hentry"],"aioseo_notices":[],"_links":{"self":[{"href":"https:\/\/renodoll.com\/de\/wp-json\/wp\/v2\/pages\/5477","targetHints":{"allow":["GET"]}}],"collection":[{"href":"https:\/\/renodoll.com\/de\/wp-json\/wp\/v2\/pages"}],"about":[{"href":"https:\/\/renodoll.com\/de\/wp-json\/wp\/v2\/types\/page"}],"author":[{"embeddable":true,"href":"https:\/\/renodoll.com\/de\/wp-json\/wp\/v2\/users\/1"}],"replies":[{"embeddable":true,"href":"https:\/\/renodoll.com\/de\/wp-json\/wp\/v2\/comments?post=5477"}],"version-history":[{"count":107,"href":"https:\/\/renodoll.com\/de\/wp-json\/wp\/v2\/pages\/5477\/revisions"}],"predecessor-version":[{"id":14853,"href":"https:\/\/renodoll.com\/de\/wp-json\/wp\/v2\/pages\/5477\/revisions\/14853"}],"wp:attachment":[{"href":"https:\/\/renodoll.com\/de\/wp-json\/wp\/v2\/media?parent=5477"}],"curies":[{"name":"wp","href":"https:\/\/api.w.org\/{rel}","templated":true}]}}