{"id":5441,"date":"2023-02-22T18:54:21","date_gmt":"2023-02-22T10:54:21","guid":{"rendered":"https:\/\/renodoll.com\/?page_id=5441"},"modified":"2023-03-29T17:38:45","modified_gmt":"2023-03-29T09:38:45","slug":"evo-yoga-skeleton","status":"publish","type":"page","link":"https:\/\/renodoll.com\/de\/evo-yoga-skeleton\/","title":{"rendered":"EVO Yoga-Skelett"},"content":{"rendered":"<div data-elementor-type=\"wp-page\" data-elementor-id=\"5441\" class=\"elementor elementor-5441\" data-elementor-post-type=\"page\">\n\t\t\t\t\t\t<section class=\"elementor-section elementor-top-section elementor-element elementor-element-19ce2b8 elementor-section-boxed elementor-section-height-default elementor-section-height-default\" data-id=\"19ce2b8\" data-element_type=\"section\" data-e-type=\"section\">\n\t\t\t\t\t\t<div class=\"elementor-container elementor-column-gap-default\">\n\t\t\t\t\t<div class=\"elementor-column elementor-col-100 elementor-top-column elementor-element elementor-element-f3c1b7c page-content-text\" data-id=\"f3c1b7c\" data-element_type=\"column\" data-e-type=\"column\">\n\t\t\t<div class=\"elementor-widget-wrap elementor-element-populated\">\n\t\t\t\t\t\t<div class=\"elementor-element elementor-element-445fe14 elementor-invisible elementor-widget elementor-widget-heading\" data-id=\"445fe14\" data-element_type=\"widget\" data-e-type=\"widget\" data-settings=\"{&quot;_animation&quot;:&quot;fadeInUp&quot;}\" data-widget_type=\"heading.default\">\n\t\t\t\t<div class=\"elementor-widget-container\">\n\t\t\t\t\t<h2 class=\"elementor-heading-title elementor-size-default\">Getriebegelenke (Evo Gear, Yoga Skeleton)<\/h2>\t\t\t\t<\/div>\n\t\t\t\t<\/div>\n\t\t\t\t<div class=\"elementor-element elementor-element-2f50bad elementor-widget elementor-widget-text-editor\" data-id=\"2f50bad\" data-element_type=\"widget\" data-e-type=\"widget\" data-widget_type=\"text-editor.default\">\n\t\t\t\t<div class=\"elementor-widget-container\">\n\t\t\t\t\t\t\t\t\tGro\u00dfe Marken verwenden manchmal sehr sperrige Skelette, was die Rotation der Gelenke nicht so flexibel macht und die Sexpuppe sehr schwierig in die gew\u00fcnschte Position zu bringen, selbst f\u00fcr einen Mann, der 6 Fu\u00df gro\u00df ist. Das Zahnrad-Yoga-Skelett w\u00fcrde dieses Problem leicht l\u00f6sen.\t\t\t\t\t\t\t\t<\/div>\n\t\t\t\t<\/div>\n\t\t\t\t<div class=\"elementor-element elementor-element-7b009cf elementor-widget elementor-widget-text-editor\" data-id=\"7b009cf\" data-element_type=\"widget\" data-e-type=\"widget\" data-widget_type=\"text-editor.default\">\n\t\t\t\t<div class=\"elementor-widget-container\">\n\t\t\t\t\t\t\t\t\tBitte sehen und verwenden Sie die Abbildung unten.\t\t\t\t\t\t\t\t<\/div>\n\t\t\t\t<\/div>\n\t\t\t\t<div class=\"elementor-element elementor-element-fa47064 elementor-widget elementor-widget-image\" data-id=\"fa47064\" data-element_type=\"widget\" data-e-type=\"widget\" data-widget_type=\"image.default\">\n\t\t\t\t<div class=\"elementor-widget-container\">\n\t\t\t\t\t\t\t\t\t\t\t\t\t\t\t<img loading=\"lazy\" decoding=\"async\" width=\"488\" height=\"1024\" src=\"https:\/\/renodoll.com\/wp-content\/uploads\/elementor\/thumbs\/xstore-placeholder-q1lsnz7dz6f9wss1ii0gg4998xrp37rdpr696eqywk.png\" class=\"attachment-large size-large wp-image-14096 lazyload lazyload-simple et-lazyload-fadeIn\" alt=\"\" sizes=\"auto, (max-width: 488px) 100vw, 488px\" data-src=\"https:\/\/renodoll.com\/wp-content\/uploads\/2023\/03\/renodoll_evoskeleton-488x1024.jpg\" data-srcset=\"https:\/\/renodoll.com\/wp-content\/uploads\/2023\/03\/renodoll_evoskeleton-488x1024.jpg 488w, https:\/\/renodoll.com\/wp-content\/uploads\/2023\/03\/renodoll_evoskeleton-143x300.jpg 143w, https:\/\/renodoll.com\/wp-content\/uploads\/2023\/03\/renodoll_evoskeleton-768x1611.jpg 768w, https:\/\/renodoll.com\/wp-content\/uploads\/2023\/03\/renodoll_evoskeleton-732x1536.jpg 732w, https:\/\/renodoll.com\/wp-content\/uploads\/2023\/03\/renodoll_evoskeleton-6x12.jpg 6w, https:\/\/renodoll.com\/wp-content\/uploads\/2023\/03\/renodoll_evoskeleton-48x100.jpg 48w, https:\/\/renodoll.com\/wp-content\/uploads\/2023\/03\/renodoll_evoskeleton-300x629.jpg 300w, https:\/\/renodoll.com\/wp-content\/uploads\/2023\/03\/renodoll_evoskeleton-600x1258.jpg 600w, https:\/\/renodoll.com\/wp-content\/uploads\/2023\/03\/renodoll_evoskeleton-5x10.jpg 5w, https:\/\/renodoll.com\/wp-content\/uploads\/2023\/03\/renodoll_evoskeleton.jpg 790w\" \/>\t\t\t\t\t\t\t\t\t\t\t\t\t\t\t<\/div>\n\t\t\t\t<\/div>\n\t\t\t\t<div class=\"elementor-element elementor-element-e28a12e elementor-invisible elementor-widget elementor-widget-heading\" data-id=\"e28a12e\" data-element_type=\"widget\" data-e-type=\"widget\" data-settings=\"{&quot;_animation&quot;:&quot;fadeInUp&quot;}\" data-widget_type=\"heading.default\">\n\t\t\t\t<div class=\"elementor-widget-container\">\n\t\t\t\t\t<h2 class=\"elementor-heading-title elementor-size-default\">Skelettflexibilit\u00e4t - Yoga-Position<\/h2>\t\t\t\t<\/div>\n\t\t\t\t<\/div>\n\t\t\t\t<div class=\"elementor-element elementor-element-f465bfd elementor-widget elementor-widget-text-editor\" data-id=\"f465bfd\" data-element_type=\"widget\" data-e-type=\"widget\" data-widget_type=\"text-editor.default\">\n\t\t\t\t<div class=\"elementor-widget-container\">\n\t\t\t\t\t\t\t\t\tAlle Sexpuppen (insbesondere in der Zukunft) werden aus hochwertigen und hochwertigen Silikonmaterialien hergestellt, die ihre Haut und ihren K\u00f6rper sehr \u00e4hnlich zu denen einer echten Frau machen.\t\t\t\t\t\t\t\t<\/div>\n\t\t\t\t<\/div>\n\t\t\t\t<div class=\"elementor-element elementor-element-7871ee2 elementor-widget elementor-widget-text-editor\" data-id=\"7871ee2\" data-element_type=\"widget\" data-e-type=\"widget\" data-widget_type=\"text-editor.default\">\n\t\t\t\t<div class=\"elementor-widget-container\">\n\t\t\t\t\t\t\t\t\t<p>Das Metallskelett dieser Sexpuppen ist 100% gut beweglich, was Raum f\u00fcr Flexibilit\u00e4t bietet und es einfach macht, die Sexpuppen in jede m\u00f6gliche Position zu bringen, um sexuelles Verlangen und Verlangen zu befriedigen.<\/p>\t\t\t\t\t\t\t\t<\/div>\n\t\t\t\t<\/div>\n\t\t\t\t\t<\/div>\n\t\t<\/div>\n\t\t\t\t\t<\/div>\n\t\t<\/section>\n\t\t\t\t<\/div>","protected":false},"excerpt":{"rendered":"<p>Getriebegelenke (Evo Gear, Yoga Skeleton) Gro\u00dfe Marken verwenden manchmal sehr sperrige Skelette, wodurch die Gelenkrotation nicht so flexibel ist und es sehr schwierig ist, die Sexpuppe in die gew\u00fcnschte Position zu bringen, selbst f\u00fcr einen 1,80 m gro\u00dfen Mann. Das Gear-Yoga-Skelett w\u00fcrde dieses Problem leicht l\u00f6sen. Bitte sehen und verwenden Sie die Abbildung unten. Skelettflexibilit\u00e4t \u2013 Yoga-Position Alle Sexpuppen (besonders in Zukunft) werden aus hochwertigen Silikonmaterialien hergestellt, die ihre Haut und ihren K\u00f6rper dem einer echten Frau sehr \u00e4hnlich machen. Das Metallskelett dieser Sexpuppen ist 100% gut<\/p>","protected":false},"author":1,"featured_media":0,"parent":0,"menu_order":0,"comment_status":"closed","ping_status":"closed","template":"","meta":{"footnotes":""},"class_list":["post-5441","page","type-page","status-publish","hentry"],"aioseo_notices":[],"_links":{"self":[{"href":"https:\/\/renodoll.com\/de\/wp-json\/wp\/v2\/pages\/5441","targetHints":{"allow":["GET"]}}],"collection":[{"href":"https:\/\/renodoll.com\/de\/wp-json\/wp\/v2\/pages"}],"about":[{"href":"https:\/\/renodoll.com\/de\/wp-json\/wp\/v2\/types\/page"}],"author":[{"embeddable":true,"href":"https:\/\/renodoll.com\/de\/wp-json\/wp\/v2\/users\/1"}],"replies":[{"embeddable":true,"href":"https:\/\/renodoll.com\/de\/wp-json\/wp\/v2\/comments?post=5441"}],"version-history":[{"count":25,"href":"https:\/\/renodoll.com\/de\/wp-json\/wp\/v2\/pages\/5441\/revisions"}],"predecessor-version":[{"id":14278,"href":"https:\/\/renodoll.com\/de\/wp-json\/wp\/v2\/pages\/5441\/revisions\/14278"}],"wp:attachment":[{"href":"https:\/\/renodoll.com\/de\/wp-json\/wp\/v2\/media?parent=5441"}],"curies":[{"name":"wp","href":"https:\/\/api.w.org\/{rel}","templated":true}]}}