{"id":5425,"date":"2023-02-22T18:33:16","date_gmt":"2023-02-22T10:33:16","guid":{"rendered":"https:\/\/renodoll.com\/?page_id=5425"},"modified":"2023-04-24T19:27:15","modified_gmt":"2023-04-24T11:27:15","slug":"electric-hip-sex-doll","status":"publish","type":"page","link":"https:\/\/renodoll.com\/de\/electric-hip-sex-doll\/","title":{"rendered":"Elektrische Hip-Sexpuppe"},"content":{"rendered":"<div data-elementor-type=\"wp-page\" data-elementor-id=\"5425\" class=\"elementor elementor-5425\" data-elementor-post-type=\"page\">\n\t\t\t\t\t\t<section class=\"elementor-section elementor-top-section elementor-element elementor-element-19ce2b8 elementor-section-boxed elementor-section-height-default elementor-section-height-default\" data-id=\"19ce2b8\" data-element_type=\"section\" data-e-type=\"section\">\n\t\t\t\t\t\t<div class=\"elementor-container elementor-column-gap-default\">\n\t\t\t\t\t<div class=\"elementor-column elementor-col-100 elementor-top-column elementor-element elementor-element-f3c1b7c page-content-text\" data-id=\"f3c1b7c\" data-element_type=\"column\" data-e-type=\"column\">\n\t\t\t<div class=\"elementor-widget-wrap elementor-element-populated\">\n\t\t\t\t\t\t<div class=\"elementor-element elementor-element-445fe14 elementor-invisible elementor-widget elementor-widget-heading\" data-id=\"445fe14\" data-element_type=\"widget\" data-e-type=\"widget\" data-settings=\"{&quot;_animation&quot;:&quot;fadeInUp&quot;}\" data-widget_type=\"heading.default\">\n\t\t\t\t<div class=\"elementor-widget-container\">\n\t\t\t\t\t<h2 class=\"elementor-heading-title elementor-size-default\">Elektrische H\u00fcften Sexpuppe<\/h2>\t\t\t\t<\/div>\n\t\t\t\t<\/div>\n\t\t\t\t<div class=\"elementor-element elementor-element-2f50bad elementor-widget elementor-widget-text-editor\" data-id=\"2f50bad\" data-element_type=\"widget\" data-e-type=\"widget\" data-widget_type=\"text-editor.default\">\n\t\t\t\t<div class=\"elementor-widget-container\">\n\t\t\t\t\t\t\t\t\t<p>H\u00fcften sind trendy, und wenn Sie eine Frau mit einer haben und mehr sexuelle Erf\u00fcllung erleben m\u00f6chten, haben wir die Option \u201eElectric Hips\u201c, um Sexpuppen zu bewegen, um alle Ihre Bed\u00fcrfnisse und Spezifikationen zu erf\u00fcllen. Die Anwendung kann auf den Puppen in voller Gr\u00f6\u00dfe erfolgen. Klicken Sie bitte auf diesen Link, um unsere Sammlung von elektrischen Sexpuppen zu sehen.<\/p>\t\t\t\t\t\t\t\t<\/div>\n\t\t\t\t<\/div>\n\t\t\t\t<div class=\"elementor-element elementor-element-7b009cf elementor-widget elementor-widget-text-editor\" data-id=\"7b009cf\" data-element_type=\"widget\" data-e-type=\"widget\" data-widget_type=\"text-editor.default\">\n\t\t\t\t<div class=\"elementor-widget-container\">\n\t\t\t\t\t\t\t\t\t<p>Bitte sehen Sie sich die Demo der elektrischen Sexpuppe unten an.<\/p>\t\t\t\t\t\t\t\t<\/div>\n\t\t\t\t<\/div>\n\t\t\t\t<div class=\"elementor-element elementor-element-300e279 elementor-widget elementor-widget-video\" data-id=\"300e279\" data-element_type=\"widget\" data-e-type=\"widget\" data-settings=\"{&quot;video_type&quot;:&quot;hosted&quot;,&quot;autoplay&quot;:&quot;yes&quot;,&quot;play_on_mobile&quot;:&quot;yes&quot;,&quot;loop&quot;:&quot;yes&quot;,&quot;controls&quot;:&quot;yes&quot;}\" data-widget_type=\"video.default\">\n\t\t\t\t<div class=\"elementor-widget-container\">\n\t\t\t\t\t\t\t<div class=\"e-hosted-video elementor-wrapper elementor-open-inline\">\n\t\t\t\t\t<video class=\"elementor-video\" src=\"http:\/\/renodoll.com\/wp-content\/uploads\/2023\/03\/kb-electric-doll.mp4\" autoplay=\"\" loop=\"\" controls=\"\" playsinline=\"\"><\/video>\n\t\t\t\t<\/div>\n\t\t\t\t\t\t<\/div>\n\t\t\t\t<\/div>\n\t\t\t\t<section class=\"elementor-section elementor-inner-section elementor-element elementor-element-97c6960 elementor-section-boxed elementor-section-height-default elementor-section-height-default\" data-id=\"97c6960\" data-element_type=\"section\" data-e-type=\"section\">\n\t\t\t\t\t\t<div class=\"elementor-container elementor-column-gap-default\">\n\t\t\t\t\t<div class=\"elementor-column elementor-col-50 elementor-inner-column elementor-element elementor-element-564e172\" data-id=\"564e172\" data-element_type=\"column\" data-e-type=\"column\">\n\t\t\t<div class=\"elementor-widget-wrap elementor-element-populated\">\n\t\t\t\t\t\t<div class=\"elementor-element elementor-element-d24a218 elementor-widget elementor-widget-text-editor\" data-id=\"d24a218\" data-element_type=\"widget\" data-e-type=\"widget\" data-widget_type=\"text-editor.default\">\n\t\t\t\t<div class=\"elementor-widget-container\">\n\t\t\t\t\t\t\t\t\t<p>1. Die nicht aufladbare Version (kein eingebauter Akku, Plug-and-Play)<br \/>&gt; Netzteil: Eingangsspannung 100 V \u2013 240 V, Ausgangsspannung\/-strom 24 V\/3 A<br \/>&gt;Zertifizierungsstandard; Macht CE<\/p>\t\t\t\t\t\t\t\t<\/div>\n\t\t\t\t<\/div>\n\t\t\t\t\t<\/div>\n\t\t<\/div>\n\t\t\t\t<div class=\"elementor-column elementor-col-50 elementor-inner-column elementor-element elementor-element-6290fd1\" data-id=\"6290fd1\" data-element_type=\"column\" data-e-type=\"column\">\n\t\t\t<div class=\"elementor-widget-wrap elementor-element-populated\">\n\t\t\t\t\t\t<div class=\"elementor-element elementor-element-9f505e9 elementor-widget elementor-widget-text-editor\" data-id=\"9f505e9\" data-element_type=\"widget\" data-e-type=\"widget\" data-widget_type=\"text-editor.default\">\n\t\t\t\t<div class=\"elementor-widget-container\">\n\t\t\t\t\t\t\t\t\t<p>2. Die wiederaufladbare Version (der eingebaute Akku muss vollst\u00e4ndig aufgeladen werden, bevor er verwendet werden kann).<br \/>&gt; Batteriespannung: Die Betriebsspannung betr\u00e4gt 22,2 V und die Leerlaufspannung 24 V<br \/>&gt;Lade- und Entladedauer dauert etwa 280-300 Wochen<br \/>&gt; Zeit zum Aufladen: Es dauert 1,5 Stunden, um schnell aufzuladen<br \/>&gt; Nutzungsdauer: Bei ordnungsgem\u00e4\u00dfer Aufladung kann es bis zu f\u00fcnf Stunden arbeiten<\/p>\t\t\t\t\t\t\t\t<\/div>\n\t\t\t\t<\/div>\n\t\t\t\t\t<\/div>\n\t\t<\/div>\n\t\t\t\t\t<\/div>\n\t\t<\/section>\n\t\t\t\t<div class=\"elementor-element elementor-element-e28a12e elementor-invisible elementor-widget elementor-widget-heading\" data-id=\"e28a12e\" data-element_type=\"widget\" data-e-type=\"widget\" data-settings=\"{&quot;_animation&quot;:&quot;fadeInUp&quot;}\" data-widget_type=\"heading.default\">\n\t\t\t\t<div class=\"elementor-widget-container\">\n\t\t\t\t\t<h2 class=\"elementor-heading-title elementor-size-default\">Anmerkungen<\/h2>\t\t\t\t<\/div>\n\t\t\t\t<\/div>\n\t\t\t\t<div class=\"elementor-element elementor-element-504aea1 elementor-widget elementor-widget-html\" data-id=\"504aea1\" data-element_type=\"widget\" data-e-type=\"widget\" data-widget_type=\"html.default\">\n\t\t\t\t<div class=\"elementor-widget-container\">\n\t\t\t\t\t<ol class=\"number_list_type\"><li>F\u00fcr die Sicherheit der elektrischen H\u00fcft-Sexpuppe und um Sch\u00e4den an der Epidermis durch scharfe Gegenst\u00e4nde und raue Kanten zu vermeiden, verwenden Sie die Sexpuppe bitte auf dem Bett.<\/li>\n<li>Passen Sie die interaktive Haltung der Sexpuppe an, bevor Sie etwas mit der elektrischen H\u00fcfte zu tun haben.\n<\/li>\n<li>\u00c4ndern Sie w\u00e4hrend der Verwendung der elektrischen Sexpuppe nicht gewaltsam die K\u00f6rperhaltung oder drehen Sie die Sexpuppe um.<\/li>\n<li>Wenn Sie die K\u00f6rperhaltung oder die Form der Sexpuppe anpassen m\u00f6chten, m\u00fcssen Sie vorher den Schalter oder die Stromversorgung ausschalten.<\/li>\n<li>Wenn Sie die elektrische H\u00fcft-Sexpuppe f\u00fcr eine lange Stunde in einem Gebrauch verwenden w\u00fcrden. Bitte erlauben Sie w\u00e4hrend der Nutzung regelm\u00e4\u00dfig 23-30 Minuten Pause.<\/li>\n<li>Um eine Verringerung der Batterielebensdauer der Aufladeversion einer elektrischen H\u00fcft-Sexpuppe zu vermeiden, laden Sie die Sexpuppe bitte nach drei bis vier Stunden in einem Gebrauch auf.<\/li>\n<li>Reinigen Sie bitte den tragenden Aspekt der elektrischen Sexpuppe, pudern Sie sie und pflegen Sie den gesamten Teil der Puppe sorgf\u00e4ltig.<\/li>\n<li>\n    Angenommen, es gibt Sch\u00e4den wie Hauteinstiche oder mechanische Sch\u00e4den, die durch unsachgem\u00e4\u00dfe Verwendung der Sexpuppe verursacht wurden. In diesem Fall liegt es nicht in der Verantwortung unseres Unternehmens.\n<\/li>\n<li>\n    Die Spannung unserer Sexpuppe folgt dem globalen Standard f\u00fcr Spannungsfahrsicherheit, da unsere Sek.-Puppe eine 24-V-Fahrspannung annimmt.\n<\/li>\n<li>\n    Derzeit kann die Geschwindigkeit nicht angepasst werden.\n<\/li>\n<\/ol>\t\t\t\t<\/div>\n\t\t\t\t<\/div>\n\t\t\t\t<div class=\"elementor-element elementor-element-5483d1c elementor-invisible elementor-widget elementor-widget-heading\" data-id=\"5483d1c\" data-element_type=\"widget\" data-e-type=\"widget\" data-settings=\"{&quot;_animation&quot;:&quot;fadeInUp&quot;}\" data-widget_type=\"heading.default\">\n\t\t\t\t<div class=\"elementor-widget-container\">\n\t\t\t\t\t<h2 class=\"elementor-heading-title elementor-size-default\">Einf\u00fchrung unserer elektrischen H\u00fcft-Sexpuppe<\/h2>\t\t\t\t<\/div>\n\t\t\t\t<\/div>\n\t\t\t\t<div class=\"elementor-element elementor-element-f465bfd elementor-widget elementor-widget-text-editor\" data-id=\"f465bfd\" data-element_type=\"widget\" data-e-type=\"widget\" data-widget_type=\"text-editor.default\">\n\t\t\t\t<div class=\"elementor-widget-container\">\n\t\t\t\t\t\t\t\t\tDie elektrische Sexpuppe wird mit einem automatischen Teil hergestellt, der in das Ges\u00e4\u00df der Sexpuppe eingebettet ist, um eine leichte Bewegung und Drehung zu erm\u00f6glichen, wie es ein echter Mensch tun w\u00fcrde. Probieren Sie die Sexpuppe selbst aus und sehen Sie, was sie kann.\t\t\t\t\t\t\t\t<\/div>\n\t\t\t\t<\/div>\n\t\t\t\t<div class=\"elementor-element elementor-element-7871ee2 elementor-widget elementor-widget-text-editor\" data-id=\"7871ee2\" data-element_type=\"widget\" data-e-type=\"widget\" data-widget_type=\"text-editor.default\">\n\t\t\t\t<div class=\"elementor-widget-container\">\n\t\t\t\t\t\t\t\t\tBeobachten Sie, wie sich die Sexpuppe von selbst bewegt und dreht.\t\t\t\t\t\t\t\t<\/div>\n\t\t\t\t<\/div>\n\t\t\t\t<div class=\"elementor-element elementor-element-0dd79a4 elementor-widget elementor-widget-text-editor\" data-id=\"0dd79a4\" data-element_type=\"widget\" data-e-type=\"widget\" data-widget_type=\"text-editor.default\">\n\t\t\t\t<div class=\"elementor-widget-container\">\n\t\t\t\t\t\t\t\t\tUnsere elektrischen Sexpuppen gibt es in zwei Versionen; Je nach Ihren Vorlieben k\u00f6nnen Sie sich f\u00fcr die Konfiguration entscheiden, die Sie aufladen m\u00fcssen, oder die, die Sie anschlie\u00dfen m\u00fcssen.\t\t\t\t\t\t\t\t<\/div>\n\t\t\t\t<\/div>\n\t\t\t\t<div class=\"elementor-element elementor-element-39907ae elementor-invisible elementor-widget elementor-widget-heading\" data-id=\"39907ae\" data-element_type=\"widget\" data-e-type=\"widget\" data-settings=\"{&quot;_animation&quot;:&quot;fadeInUp&quot;}\" data-widget_type=\"heading.default\">\n\t\t\t\t<div class=\"elementor-widget-container\">\n\t\t\t\t\t<h2 class=\"elementor-heading-title elementor-size-default\">Ladeaufbau f\u00fcr den eingebauten Akku (Video ansehen)<\/h2>\t\t\t\t<\/div>\n\t\t\t\t<\/div>\n\t\t\t\t<div class=\"elementor-element elementor-element-6f89ec5 elementor-widget elementor-widget-text-editor\" data-id=\"6f89ec5\" data-element_type=\"widget\" data-e-type=\"widget\" data-widget_type=\"text-editor.default\">\n\t\t\t\t<div class=\"elementor-widget-container\">\n\t\t\t\t\t\t\t\t\tWann zu verwenden: Verwenden Sie es nur, wenn es vollst\u00e4ndig aufgeladen ist.\t\t\t\t\t\t\t\t<\/div>\n\t\t\t\t<\/div>\n\t\t\t\t<div class=\"elementor-element elementor-element-7afd254 elementor-widget elementor-widget-text-editor\" data-id=\"7afd254\" data-element_type=\"widget\" data-e-type=\"widget\" data-widget_type=\"text-editor.default\">\n\t\t\t\t<div class=\"elementor-widget-container\">\n\t\t\t\t\t\t\t\t\tLadezeit: 1 Stunde 30 Minuten bis zwei Stunden\t\t\t\t\t\t\t\t<\/div>\n\t\t\t\t<\/div>\n\t\t\t\t<div class=\"elementor-element elementor-element-7d36ae2 elementor-widget elementor-widget-text-editor\" data-id=\"7d36ae2\" data-element_type=\"widget\" data-e-type=\"widget\" data-widget_type=\"text-editor.default\">\n\t\t\t\t<div class=\"elementor-widget-container\">\n\t\t\t\t\t\t\t\t\tNutzungsdauer: f\u00fcnf Stunden Nutzung bei vollst\u00e4ndiger Aufladung.\t\t\t\t\t\t\t\t<\/div>\n\t\t\t\t<\/div>\n\t\t\t\t<div class=\"elementor-element elementor-element-71982d8 elementor-invisible elementor-widget elementor-widget-heading\" data-id=\"71982d8\" data-element_type=\"widget\" data-e-type=\"widget\" data-settings=\"{&quot;_animation&quot;:&quot;fadeInUp&quot;}\" data-widget_type=\"heading.default\">\n\t\t\t\t<div class=\"elementor-widget-container\">\n\t\t\t\t\t<h2 class=\"elementor-heading-title elementor-size-default\">Plug-in-Setup ohne eingebauten Akku (Video ansehen)<\/h2>\t\t\t\t<\/div>\n\t\t\t\t<\/div>\n\t\t\t\t<div class=\"elementor-element elementor-element-91f432c elementor-widget elementor-widget-text-editor\" data-id=\"91f432c\" data-element_type=\"widget\" data-e-type=\"widget\" data-widget_type=\"text-editor.default\">\n\t\t\t\t<div class=\"elementor-widget-container\">\n\t\t\t\t\t\t\t\t\tWie benutzt man; Zum Aufladen und Verwenden einstecken.\t\t\t\t\t\t\t\t<\/div>\n\t\t\t\t<\/div>\n\t\t\t\t<div class=\"elementor-element elementor-element-b13ce6c elementor-invisible elementor-widget elementor-widget-heading\" data-id=\"b13ce6c\" data-element_type=\"widget\" data-e-type=\"widget\" data-settings=\"{&quot;_animation&quot;:&quot;fadeInUp&quot;}\" data-widget_type=\"heading.default\">\n\t\t\t\t<div class=\"elementor-widget-container\">\n\t\t\t\t\t<h2 class=\"elementor-heading-title elementor-size-default\">Sicherheit<\/h2>\t\t\t\t<\/div>\n\t\t\t\t<\/div>\n\t\t\t\t<div class=\"elementor-element elementor-element-3fd4e20 elementor-widget elementor-widget-html\" data-id=\"3fd4e20\" data-element_type=\"widget\" data-e-type=\"widget\" data-widget_type=\"html.default\">\n\t\t\t\t<div class=\"elementor-widget-container\">\n\t\t\t\t\t<ol class=\"number_list_type\"><li>Verwenden Sie die Puppe auf dem Bett, achten Sie darauf, dass die Haut nicht durch scharfe Gegenst\u00e4nde und raue Kanten besch\u00e4digt wird.<\/li>\n<li>Stellen Sie sicher, dass die elektrische H\u00fcfte ausgeschaltet ist, wenn Sie die Sexpuppe umdrehen oder die Position der Sexpuppe \u00e4ndern m\u00fcssen.\n<\/li>\n<li>\n    Wenn Sie es zwei Stunden lang ununterbrochen benutzt haben, lassen Sie die Sexpuppe bitte mindestens zehn bis drei\u00dfig Minuten ruhen.\n<\/li>\n<li>\n    Bitte reinigen Sie den Kontaktbereich und tragen Sie nach jedem Gebrauch der Sexpuppe Puder darauf auf.\n<\/li>\n<li>\n    Sie k\u00f6nnen die Sexpuppe nicht auf einmal elektrische H\u00fcfte, automatisches Saugen oder automatisches Blow Job ausf\u00fchren lassen.\n<\/li>\n<\/ol>\t\t\t\t<\/div>\n\t\t\t\t<\/div>\n\t\t\t\t\t<\/div>\n\t\t<\/div>\n\t\t\t\t\t<\/div>\n\t\t<\/section>\n\t\t\t\t<\/div>","protected":false},"excerpt":{"rendered":"<p>Sexpuppen-H\u00fcften mit elektrischen H\u00fcften liegen im Trend, und wenn Sie sich eine Frau mit solchen w\u00fcnschen und mehr sexuelle Erf\u00fcllung erleben m\u00f6chten, haben wir die Option \u201eElektrische H\u00fcften\u201c zum Bewegen von Sexpuppen, die alle Ihre Bed\u00fcrfnisse und Spezifikationen erf\u00fcllen. Die Anwendung kann auf Puppen in Originalgr\u00f6\u00dfe erfolgen. Klicken Sie bitte auf diesen Link, um sich unsere Sammlung elektrischer Sexpuppen anzusehen. Bitte sehen Sie sich unten die Demo der elektrischen Sexpuppe an. http:\/\/renodoll.com\/wp-content\/uploads\/2023\/03\/kb-electric-doll.mp4 1. Die nicht aufladbare Version (sie hat keinen eingebauten Akku, es ist ein Plug-and-Play) &gt;Netzteil : Eingangsspannung 100 V \u2013 240 V, Ausgangsspannung\/-strom 24 V\/3 A &gt;Zertifizierungsstandard; Leistung CE 2.<\/p>","protected":false},"author":1,"featured_media":0,"parent":0,"menu_order":0,"comment_status":"closed","ping_status":"closed","template":"","meta":{"footnotes":""},"class_list":["post-5425","page","type-page","status-publish","hentry"],"aioseo_notices":[],"_links":{"self":[{"href":"https:\/\/renodoll.com\/de\/wp-json\/wp\/v2\/pages\/5425","targetHints":{"allow":["GET"]}}],"collection":[{"href":"https:\/\/renodoll.com\/de\/wp-json\/wp\/v2\/pages"}],"about":[{"href":"https:\/\/renodoll.com\/de\/wp-json\/wp\/v2\/types\/page"}],"author":[{"embeddable":true,"href":"https:\/\/renodoll.com\/de\/wp-json\/wp\/v2\/users\/1"}],"replies":[{"embeddable":true,"href":"https:\/\/renodoll.com\/de\/wp-json\/wp\/v2\/comments?post=5425"}],"version-history":[{"count":52,"href":"https:\/\/renodoll.com\/de\/wp-json\/wp\/v2\/pages\/5425\/revisions"}],"predecessor-version":[{"id":15989,"href":"https:\/\/renodoll.com\/de\/wp-json\/wp\/v2\/pages\/5425\/revisions\/15989"}],"wp:attachment":[{"href":"https:\/\/renodoll.com\/de\/wp-json\/wp\/v2\/media?parent=5425"}],"curies":[{"name":"wp","href":"https:\/\/api.w.org\/{rel}","templated":true}]}}