{"id":5358,"date":"2023-02-22T15:16:33","date_gmt":"2023-02-22T07:16:33","guid":{"rendered":"https:\/\/renodoll.com\/?page_id=5358"},"modified":"2023-04-24T20:05:00","modified_gmt":"2023-04-24T12:05:00","slug":"sex-doll-breast-options","status":"publish","type":"page","link":"https:\/\/renodoll.com\/de\/sex-doll-breast-options\/","title":{"rendered":"Brustoptionen f\u00fcr Sexpuppen"},"content":{"rendered":"<div data-elementor-type=\"wp-page\" data-elementor-id=\"5358\" class=\"elementor elementor-5358\" data-elementor-post-type=\"page\">\n\t\t\t\t\t\t<section class=\"elementor-section elementor-top-section elementor-element elementor-element-f699184 elementor-section-boxed elementor-section-height-default elementor-section-height-default\" data-id=\"f699184\" data-element_type=\"section\" data-e-type=\"section\">\n\t\t\t\t\t\t<div class=\"elementor-container elementor-column-gap-default\">\n\t\t\t\t\t<div class=\"elementor-column elementor-col-100 elementor-top-column elementor-element elementor-element-d1f5877 page-content-text\" data-id=\"d1f5877\" data-element_type=\"column\" data-e-type=\"column\">\n\t\t\t<div class=\"elementor-widget-wrap elementor-element-populated\">\n\t\t\t\t\t\t<div class=\"elementor-element elementor-element-5387678 elementor-widget elementor-widget-text-editor\" data-id=\"5387678\" data-element_type=\"widget\" data-e-type=\"widget\" data-widget_type=\"text-editor.default\">\n\t\t\t\t<div class=\"elementor-widget-container\">\n\t\t\t\t\t\t\t\t\tUm beim Ber\u00fchren der Br\u00fcste Ihrer Liebespuppe ein \u00e4hnliches Erlebnis wie das eines menschlichen K\u00f6rpers zu geben, arbeiten wir an der st\u00e4ndigen Improvisation der Br\u00fcste. Drei Arten, an den Br\u00fcsten zu arbeiten, sind:\t\t\t\t\t\t\t\t<\/div>\n\t\t\t\t<\/div>\n\t\t\t\t<div class=\"elementor-element elementor-element-d899880 elementor-align-start elementor-icon-list--layout-traditional elementor-list-item-link-full_width elementor-widget elementor-widget-icon-list\" data-id=\"d899880\" data-element_type=\"widget\" data-e-type=\"widget\" data-widget_type=\"icon-list.default\">\n\t\t\t\t<div class=\"elementor-widget-container\">\n\t\t\t\t\t\t\t<ul class=\"elementor-icon-list-items\">\n\t\t\t\t\t\t\t<li class=\"elementor-icon-list-item\">\n\t\t\t\t\t\t\t\t\t\t\t<span class=\"elementor-icon-list-icon\">\n\t\t\t\t\t\t\t<i aria-hidden=\"true\" class=\"fas fa-check\"><\/i>\t\t\t\t\t\t<\/span>\n\t\t\t\t\t\t\t\t\t\t<span class=\"elementor-icon-list-text\">Standard<\/span>\n\t\t\t\t\t\t\t\t\t<\/li>\n\t\t\t\t\t\t\t\t<li class=\"elementor-icon-list-item\">\n\t\t\t\t\t\t\t\t\t\t\t<span class=\"elementor-icon-list-icon\">\n\t\t\t\t\t\t\t<i aria-hidden=\"true\" class=\"fas fa-check\"><\/i>\t\t\t\t\t\t<\/span>\n\t\t\t\t\t\t\t\t\t\t<span class=\"elementor-icon-list-text\">Gelgef\u00fcllt<\/span>\n\t\t\t\t\t\t\t\t\t<\/li>\n\t\t\t\t\t\t\t\t<li class=\"elementor-icon-list-item\">\n\t\t\t\t\t\t\t\t\t\t\t<span class=\"elementor-icon-list-icon\">\n\t\t\t\t\t\t\t<i aria-hidden=\"true\" class=\"fas fa-check\"><\/i>\t\t\t\t\t\t<\/span>\n\t\t\t\t\t\t\t\t\t\t<span class=\"elementor-icon-list-text\">Hohl<\/span>\n\t\t\t\t\t\t\t\t\t<\/li>\n\t\t\t\t\t\t<\/ul>\n\t\t\t\t\t\t<\/div>\n\t\t\t\t<\/div>\n\t\t\t\t<div class=\"elementor-element elementor-element-0f22dab elementor-invisible elementor-widget elementor-widget-heading\" data-id=\"0f22dab\" data-element_type=\"widget\" data-e-type=\"widget\" data-settings=\"{&quot;_animation&quot;:&quot;fadeInUp&quot;}\" data-widget_type=\"heading.default\">\n\t\t\t\t<div class=\"elementor-widget-container\">\n\t\t\t\t\t<h2 class=\"elementor-heading-title elementor-size-default\">Brustoption f\u00fcr Sexpuppen f\u00fcr Erwachsene - Standard, mit Gel gef\u00fcllt oder hohl?<\/h2>\t\t\t\t<\/div>\n\t\t\t\t<\/div>\n\t\t\t\t<div class=\"elementor-element elementor-element-c746337 elementor-widget elementor-widget-text-editor\" data-id=\"c746337\" data-element_type=\"widget\" data-e-type=\"widget\" data-widget_type=\"text-editor.default\">\n\t\t\t\t<div class=\"elementor-widget-container\">\n\t\t\t\t\t\t\t\t\t<p>Es kann ziemlich m\u00fchsam sein, Ihre Lieblingspuppe aus unserer gro\u00dfen Auswahl an Sexpuppen auszuw\u00e4hlen. Derzeit haben wir in unserer Sammlung \u00fcber 2000 Sexpuppen, aus denen Sie Ihre Wahl treffen k\u00f6nnen, und das ist noch nicht alles. Sobald Sie in der Lage sind, eine endg\u00fcltige Entscheidung zu treffen und bei Ihrer echten Puppe zu bleiben, werden Sie in eine andere ganze Welt von Designs und Upgrades gef\u00fchrt. Sie werden auch nach der Art des Brustdesigns gefragt, das Sie sich w\u00fcnschen. Hier ist dieser Artikel hilfreich, da er einen Einblick gibt, welche Art von Brust Ihre Sexpuppe haben soll.<\/p>\t\t\t\t\t\t\t\t<\/div>\n\t\t\t\t<\/div>\n\t\t\t\t<div class=\"elementor-element elementor-element-406d124 elementor-widget elementor-widget-text-editor\" data-id=\"406d124\" data-element_type=\"widget\" data-e-type=\"widget\" data-widget_type=\"text-editor.default\">\n\t\t\t\t<div class=\"elementor-widget-container\">\n\t\t\t\t\t\t\t\t\tDrei verf\u00fcgbare Optionen f\u00fcr Sexpuppen:\t\t\t\t\t\t\t\t<\/div>\n\t\t\t\t<\/div>\n\t\t\t\t<div class=\"elementor-element elementor-element-1f03e71 elementor-align-start elementor-icon-list--layout-traditional elementor-list-item-link-full_width elementor-widget elementor-widget-icon-list\" data-id=\"1f03e71\" data-element_type=\"widget\" data-e-type=\"widget\" data-widget_type=\"icon-list.default\">\n\t\t\t\t<div class=\"elementor-widget-container\">\n\t\t\t\t\t\t\t<ul class=\"elementor-icon-list-items\">\n\t\t\t\t\t\t\t<li class=\"elementor-icon-list-item\">\n\t\t\t\t\t\t\t\t\t\t\t<span class=\"elementor-icon-list-icon\">\n\t\t\t\t\t\t\t<i aria-hidden=\"true\" class=\"fas fa-check\"><\/i>\t\t\t\t\t\t<\/span>\n\t\t\t\t\t\t\t\t\t\t<span class=\"elementor-icon-list-text\">Standardbr\u00fcste,<\/span>\n\t\t\t\t\t\t\t\t\t<\/li>\n\t\t\t\t\t\t\t\t<li class=\"elementor-icon-list-item\">\n\t\t\t\t\t\t\t\t\t\t\t<span class=\"elementor-icon-list-icon\">\n\t\t\t\t\t\t\t<i aria-hidden=\"true\" class=\"fas fa-check\"><\/i>\t\t\t\t\t\t<\/span>\n\t\t\t\t\t\t\t\t\t\t<span class=\"elementor-icon-list-text\">Mit Gel gef\u00fcllte Br\u00fcste, <\/span>\n\t\t\t\t\t\t\t\t\t<\/li>\n\t\t\t\t\t\t\t\t<li class=\"elementor-icon-list-item\">\n\t\t\t\t\t\t\t\t\t\t\t<span class=\"elementor-icon-list-icon\">\n\t\t\t\t\t\t\t<i aria-hidden=\"true\" class=\"fas fa-check\"><\/i>\t\t\t\t\t\t<\/span>\n\t\t\t\t\t\t\t\t\t\t<span class=\"elementor-icon-list-text\">Hohle Br\u00fcste.<\/span>\n\t\t\t\t\t\t\t\t\t<\/li>\n\t\t\t\t\t\t<\/ul>\n\t\t\t\t\t\t<\/div>\n\t\t\t\t<\/div>\n\t\t\t\t<div class=\"elementor-element elementor-element-1f5c990 elementor-widget elementor-widget-text-editor\" data-id=\"1f5c990\" data-element_type=\"widget\" data-e-type=\"widget\" data-widget_type=\"text-editor.default\">\n\t\t\t\t<div class=\"elementor-widget-container\">\n\t\t\t\t\t\t\t\t\tBeschreibung jedes Brustdesigns, Vor- und Nachteile werden unten erl\u00e4utert.\t\t\t\t\t\t\t\t<\/div>\n\t\t\t\t<\/div>\n\t\t\t\t<div class=\"elementor-element elementor-element-4c62670 elementor-invisible elementor-widget elementor-widget-heading\" data-id=\"4c62670\" data-element_type=\"widget\" data-e-type=\"widget\" data-settings=\"{&quot;_animation&quot;:&quot;fadeInUp&quot;}\" data-widget_type=\"heading.default\">\n\t\t\t\t<div class=\"elementor-widget-container\">\n\t\t\t\t\t<h2 class=\"elementor-heading-title elementor-size-default\">Standardbr\u00fcste<\/h2>\t\t\t\t<\/div>\n\t\t\t\t<\/div>\n\t\t\t\t<section class=\"elementor-section elementor-inner-section elementor-element elementor-element-16df2c5 elementor-section-boxed elementor-section-height-default elementor-section-height-default\" data-id=\"16df2c5\" data-element_type=\"section\" data-e-type=\"section\">\n\t\t\t\t\t\t<div class=\"elementor-container elementor-column-gap-default\">\n\t\t\t\t\t<div class=\"elementor-column elementor-col-50 elementor-inner-column elementor-element elementor-element-9f060c9\" data-id=\"9f060c9\" data-element_type=\"column\" data-e-type=\"column\">\n\t\t\t<div class=\"elementor-widget-wrap elementor-element-populated\">\n\t\t\t\t\t\t<div class=\"elementor-element elementor-element-00f4dc3 elementor-widget elementor-widget-text-editor\" data-id=\"00f4dc3\" data-element_type=\"widget\" data-e-type=\"widget\" data-widget_type=\"text-editor.default\">\n\t\t\t\t<div class=\"elementor-widget-container\">\n\t\t\t\t\t\t\t\t\tDie Standardbr\u00fcste sind einfach und unkompliziert und ohne Aufpreis erh\u00e4ltlich. Es besteht aus dem gleichen Material wie Ihre Puppe, entweder Silikon oder TPE. Die Br\u00fcste sind zuf\u00e4llig fest und keck, enthalten aber dennoch bis zu einem gewissen Grad ein gewisses Ma\u00df an Weichheit und Sprungkraft, das eine Silikon- oder TPE-Sexpuppe haben sollte. \t\t\t\t\t\t\t\t<\/div>\n\t\t\t\t<\/div>\n\t\t\t\t<div class=\"elementor-element elementor-element-d1c8f9d elementor-widget elementor-widget-text-editor\" data-id=\"d1c8f9d\" data-element_type=\"widget\" data-e-type=\"widget\" data-widget_type=\"text-editor.default\">\n\t\t\t\t<div class=\"elementor-widget-container\">\n\t\t\t\t\t\t\t\t\tDiese Option ist die beste Wahl, wenn Sie nicht so besorgt \u00fcber die Weichheit der Brust sind und nicht f\u00fcr Upgrades bezahlen m\u00f6chten. Die Standardbrust ist echt genug f\u00fcr diejenigen, die sie so wollen und nicht daran interessiert sind, ein Upgrade zu kaufen. \t\t\t\t\t\t\t\t<\/div>\n\t\t\t\t<\/div>\n\t\t\t\t<div class=\"elementor-element elementor-element-d7f55b7 elementor-widget elementor-widget-heading\" data-id=\"d7f55b7\" data-element_type=\"widget\" data-e-type=\"widget\" data-widget_type=\"heading.default\">\n\t\t\t\t<div class=\"elementor-widget-container\">\n\t\t\t\t\t<h2 class=\"elementor-heading-title elementor-size-default\">- Vorteile<\/h2>\t\t\t\t<\/div>\n\t\t\t\t<\/div>\n\t\t\t\t<div class=\"elementor-element elementor-element-cd23bc8 elementor-widget elementor-widget-html\" data-id=\"cd23bc8\" data-element_type=\"widget\" data-e-type=\"widget\" data-widget_type=\"html.default\">\n\t\t\t\t<div class=\"elementor-widget-container\">\n\t\t\t\t\t<ol class=\"number_list_type\"><li>Sie zahlen nicht extra, da es mit Ihrer Sexpuppe geliefert wird.<\/li>\n<li>Fest und frech.<\/li>\n \n<\/ol>\t\t\t\t<\/div>\n\t\t\t\t<\/div>\n\t\t\t\t<div class=\"elementor-element elementor-element-c8bf5aa elementor-widget elementor-widget-heading\" data-id=\"c8bf5aa\" data-element_type=\"widget\" data-e-type=\"widget\" data-widget_type=\"heading.default\">\n\t\t\t\t<div class=\"elementor-widget-container\">\n\t\t\t\t\t<h2 class=\"elementor-heading-title elementor-size-default\">- Nachteile<\/h2>\t\t\t\t<\/div>\n\t\t\t\t<\/div>\n\t\t\t\t<div class=\"elementor-element elementor-element-f6e0f40 elementor-widget elementor-widget-text-editor\" data-id=\"f6e0f40\" data-element_type=\"widget\" data-e-type=\"widget\" data-widget_type=\"text-editor.default\">\n\t\t\t\t<div class=\"elementor-widget-container\">\n\t\t\t\t\t\t\t\t\tAbsolut nicht zu vergleichen mit den anderen, die matschig oder federnd sind.\t\t\t\t\t\t\t\t<\/div>\n\t\t\t\t<\/div>\n\t\t\t\t\t<\/div>\n\t\t<\/div>\n\t\t\t\t<div class=\"elementor-column elementor-col-50 elementor-inner-column elementor-element elementor-element-62c7b6b\" data-id=\"62c7b6b\" data-element_type=\"column\" data-e-type=\"column\">\n\t\t\t<div class=\"elementor-widget-wrap elementor-element-populated\">\n\t\t\t\t\t\t<div class=\"elementor-element elementor-element-61593ef elementor-invisible elementor-widget elementor-widget-image\" data-id=\"61593ef\" data-element_type=\"widget\" data-e-type=\"widget\" data-settings=\"{&quot;_animation&quot;:&quot;fadeInRight&quot;}\" data-widget_type=\"image.default\">\n\t\t\t\t<div class=\"elementor-widget-container\">\n\t\t\t\t\t\t\t\t\t\t\t\t\t\t\t<img loading=\"lazy\" decoding=\"async\" width=\"700\" height=\"700\" src=\"https:\/\/renodoll.com\/wp-content\/uploads\/xstore\/xstore-placeholder-1x1.png\" class=\"attachment-large size-large wp-image-6612 lazyload lazyload-simple et-lazyload-fadeIn\" alt=\"\" sizes=\"auto, (max-width: 700px) 100vw, 700px\" data-src=\"https:\/\/renodoll.com\/wp-content\/uploads\/2023\/03\/solid.png\" data-srcset=\"https:\/\/renodoll.com\/wp-content\/uploads\/2023\/03\/solid.png 700w, https:\/\/renodoll.com\/wp-content\/uploads\/2023\/03\/solid-300x300.png 300w, https:\/\/renodoll.com\/wp-content\/uploads\/2023\/03\/solid-150x150.png 150w, https:\/\/renodoll.com\/wp-content\/uploads\/2023\/03\/solid-12x12.png 12w, https:\/\/renodoll.com\/wp-content\/uploads\/2023\/03\/solid-100x100.png 100w, https:\/\/renodoll.com\/wp-content\/uploads\/2023\/03\/solid-600x600.png 600w, https:\/\/renodoll.com\/wp-content\/uploads\/2023\/03\/solid-10x10.png 10w\" \/>\t\t\t\t\t\t\t\t\t\t\t\t\t\t\t<\/div>\n\t\t\t\t<\/div>\n\t\t\t\t\t<\/div>\n\t\t<\/div>\n\t\t\t\t\t<\/div>\n\t\t<\/section>\n\t\t\t\t<div class=\"elementor-element elementor-element-b3b0941 elementor-invisible elementor-widget elementor-widget-heading\" data-id=\"b3b0941\" data-element_type=\"widget\" data-e-type=\"widget\" data-settings=\"{&quot;_animation&quot;:&quot;fadeInUp&quot;}\" data-widget_type=\"heading.default\">\n\t\t\t\t<div class=\"elementor-widget-container\">\n\t\t\t\t\t<h2 class=\"elementor-heading-title elementor-size-default\">Gelgef\u00fcllte Br\u00fcste<\/h2>\t\t\t\t<\/div>\n\t\t\t\t<\/div>\n\t\t\t\t<section class=\"elementor-section elementor-inner-section elementor-element elementor-element-5a4b94d elementor-section-boxed elementor-section-height-default elementor-section-height-default\" data-id=\"5a4b94d\" data-element_type=\"section\" data-e-type=\"section\">\n\t\t\t\t\t\t<div class=\"elementor-container elementor-column-gap-default\">\n\t\t\t\t\t<div class=\"elementor-column elementor-col-50 elementor-inner-column elementor-element elementor-element-5856779\" data-id=\"5856779\" data-element_type=\"column\" data-e-type=\"column\">\n\t\t\t<div class=\"elementor-widget-wrap elementor-element-populated\">\n\t\t\t\t\t\t<div class=\"elementor-element elementor-element-40bf171 elementor-invisible elementor-widget elementor-widget-image\" data-id=\"40bf171\" data-element_type=\"widget\" data-e-type=\"widget\" data-settings=\"{&quot;_animation&quot;:&quot;fadeInLeft&quot;}\" data-widget_type=\"image.default\">\n\t\t\t\t<div class=\"elementor-widget-container\">\n\t\t\t\t\t\t\t\t\t\t\t\t\t\t\t<img loading=\"lazy\" decoding=\"async\" width=\"700\" height=\"700\" src=\"https:\/\/renodoll.com\/wp-content\/uploads\/xstore\/xstore-placeholder-1x1.png\" class=\"attachment-large size-large wp-image-6609 lazyload lazyload-simple et-lazyload-fadeIn\" alt=\"\" sizes=\"auto, (max-width: 700px) 100vw, 700px\" data-src=\"https:\/\/renodoll.com\/wp-content\/uploads\/2023\/03\/gel.png\" data-srcset=\"https:\/\/renodoll.com\/wp-content\/uploads\/2023\/03\/gel.png 700w, https:\/\/renodoll.com\/wp-content\/uploads\/2023\/03\/gel-300x300.png 300w, https:\/\/renodoll.com\/wp-content\/uploads\/2023\/03\/gel-150x150.png 150w, https:\/\/renodoll.com\/wp-content\/uploads\/2023\/03\/gel-12x12.png 12w, https:\/\/renodoll.com\/wp-content\/uploads\/2023\/03\/gel-100x100.png 100w, https:\/\/renodoll.com\/wp-content\/uploads\/2023\/03\/gel-600x600.png 600w, https:\/\/renodoll.com\/wp-content\/uploads\/2023\/03\/gel-10x10.png 10w\" \/>\t\t\t\t\t\t\t\t\t\t\t\t\t\t\t<\/div>\n\t\t\t\t<\/div>\n\t\t\t\t\t<\/div>\n\t\t<\/div>\n\t\t\t\t<div class=\"elementor-column elementor-col-50 elementor-inner-column elementor-element elementor-element-3e24827\" data-id=\"3e24827\" data-element_type=\"column\" data-e-type=\"column\">\n\t\t\t<div class=\"elementor-widget-wrap elementor-element-populated\">\n\t\t\t\t\t\t<div class=\"elementor-element elementor-element-105a2ab elementor-widget elementor-widget-text-editor\" data-id=\"105a2ab\" data-element_type=\"widget\" data-e-type=\"widget\" data-widget_type=\"text-editor.default\">\n\t\t\t\t<div class=\"elementor-widget-container\">\n\t\t\t\t\t\t\t\t\tDie beste Option, die es je gab, wenn es um die Br\u00fcste echter Sexpuppen geht. Viel weicher als die Option mit Standardbr\u00fcsten, voller und frecher als die Option mit hohlen Br\u00fcsten. Das Gel kommt dem am n\u00e4chsten, weil es ein perfekter Mittelweg ist und alle anderen Optionen mit der Art und Weise \u00fcbertrifft, wie es das Gef\u00fchl und die Bewegung der menschlichen Brust imitiert. Die mit Gel gef\u00fcllten Br\u00fcste werden streng so hergestellt, dass sie so realistisch wirken, genau wie menschliches Fett. \t\t\t\t\t\t\t\t<\/div>\n\t\t\t\t<\/div>\n\t\t\t\t<div class=\"elementor-element elementor-element-67b058d elementor-widget elementor-widget-text-editor\" data-id=\"67b058d\" data-element_type=\"widget\" data-e-type=\"widget\" data-widget_type=\"text-editor.default\">\n\t\t\t\t<div class=\"elementor-widget-container\">\n\t\t\t\t\t\t\t\t\tDie mit Gel gef\u00fcllte Option ist die beste Option, die es gibt, und ist das Upgrade wirklich wert, wenn Sie an einer sexy Sexpuppe interessiert sind, die das Gef\u00fchl menschlicher Br\u00fcste vermittelt.\t\t\t\t\t\t\t\t<\/div>\n\t\t\t\t<\/div>\n\t\t\t\t<div class=\"elementor-element elementor-element-59d4aa3 elementor-widget elementor-widget-text-editor\" data-id=\"59d4aa3\" data-element_type=\"widget\" data-e-type=\"widget\" data-widget_type=\"text-editor.default\">\n\t\t\t\t<div class=\"elementor-widget-container\">\n\t\t\t\t\t\t\t\t\tNachfolgend finden Sie Videos, die im Wesentlichen die Bewegung und das Gef\u00fchl einer Sexpuppe mit gelgef\u00fcllten Br\u00fcsten zeigen.\t\t\t\t\t\t\t\t<\/div>\n\t\t\t\t<\/div>\n\t\t\t\t<div class=\"elementor-element elementor-element-b0938a0 elementor-widget elementor-widget-heading\" data-id=\"b0938a0\" data-element_type=\"widget\" data-e-type=\"widget\" data-widget_type=\"heading.default\">\n\t\t\t\t<div class=\"elementor-widget-container\">\n\t\t\t\t\t<h2 class=\"elementor-heading-title elementor-size-default\">- Vorteile<\/h2>\t\t\t\t<\/div>\n\t\t\t\t<\/div>\n\t\t\t\t<div class=\"elementor-element elementor-element-04f5968 elementor-widget elementor-widget-html\" data-id=\"04f5968\" data-element_type=\"widget\" data-e-type=\"widget\" data-widget_type=\"html.default\">\n\t\t\t\t<div class=\"elementor-widget-container\">\n\t\t\t\t\t<ol class=\"number_list_type\"><li>Die realste Option, die es gibt.<\/li>\n<li>M\u00e4\u00dfig weich und frech zugleich.<\/li>\n \n<\/ol>\t\t\t\t<\/div>\n\t\t\t\t<\/div>\n\t\t\t\t<div class=\"elementor-element elementor-element-ddba5a6 elementor-widget elementor-widget-heading\" data-id=\"ddba5a6\" data-element_type=\"widget\" data-e-type=\"widget\" data-widget_type=\"heading.default\">\n\t\t\t\t<div class=\"elementor-widget-container\">\n\t\t\t\t\t<h2 class=\"elementor-heading-title elementor-size-default\">- Nachteile<\/h2>\t\t\t\t<\/div>\n\t\t\t\t<\/div>\n\t\t\t\t<div class=\"elementor-element elementor-element-6addaf1 elementor-widget elementor-widget-text-editor\" data-id=\"6addaf1\" data-element_type=\"widget\" data-e-type=\"widget\" data-widget_type=\"text-editor.default\">\n\t\t\t\t<div class=\"elementor-widget-container\">\n\t\t\t\t\t\t\t\t\tSehr teuer unter allen Optionen. \t\t\t\t\t\t\t\t<\/div>\n\t\t\t\t<\/div>\n\t\t\t\t\t<\/div>\n\t\t<\/div>\n\t\t\t\t\t<\/div>\n\t\t<\/section>\n\t\t\t\t<div class=\"elementor-element elementor-element-7fcd1f9 elementor-invisible elementor-widget elementor-widget-heading\" data-id=\"7fcd1f9\" data-element_type=\"widget\" data-e-type=\"widget\" data-settings=\"{&quot;_animation&quot;:&quot;fadeInUp&quot;}\" data-widget_type=\"heading.default\">\n\t\t\t\t<div class=\"elementor-widget-container\">\n\t\t\t\t\t<h2 class=\"elementor-heading-title elementor-size-default\">Hohle Br\u00fcste<\/h2>\t\t\t\t<\/div>\n\t\t\t\t<\/div>\n\t\t\t\t<section class=\"elementor-section elementor-inner-section elementor-element elementor-element-0cd3338 elementor-section-boxed elementor-section-height-default elementor-section-height-default\" data-id=\"0cd3338\" data-element_type=\"section\" data-e-type=\"section\">\n\t\t\t\t\t\t<div class=\"elementor-container elementor-column-gap-default\">\n\t\t\t\t\t<div class=\"elementor-column elementor-col-50 elementor-inner-column elementor-element elementor-element-2ee01ef\" data-id=\"2ee01ef\" data-element_type=\"column\" data-e-type=\"column\">\n\t\t\t<div class=\"elementor-widget-wrap elementor-element-populated\">\n\t\t\t\t\t\t<div class=\"elementor-element elementor-element-63b3ad4 elementor-widget elementor-widget-text-editor\" data-id=\"63b3ad4\" data-element_type=\"widget\" data-e-type=\"widget\" data-widget_type=\"text-editor.default\">\n\t\t\t\t<div class=\"elementor-widget-container\">\n\t\t\t\t\t\t\t\t\tWenn Sie zuf\u00e4llig in die Kategorie der M\u00e4nner fallen, die leichte und federnde Br\u00fcste, die gleichzeitig super weich sind, wirklich lieben, dann sind Sie zuf\u00e4llig an der richtigen Stelle. \t\t\t\t\t\t\t\t<\/div>\n\t\t\t\t<\/div>\n\t\t\t\t<div class=\"elementor-element elementor-element-5cd7ace elementor-widget elementor-widget-text-editor\" data-id=\"5cd7ace\" data-element_type=\"widget\" data-e-type=\"widget\" data-widget_type=\"text-editor.default\">\n\t\t\t\t<div class=\"elementor-widget-container\">\n\t\t\t\t\t\t\t\t\tHohle Br\u00fcste sind, wie der Name schon sagt, hohl, und anstatt fest wie TPE oder mit Gel gef\u00fcllt zu sein, wird die Luft in sie eingef\u00fchrt, um sie zu f\u00fcllen. Mit dieser Luft in ihnen werden sie matschig und wackeln. Eine gute Sache daran ist, dass Sie sie ohne Angst greifen oder zusehen k\u00f6nnen, wie sie h\u00fcpfen. \t\t\t\t\t\t\t\t<\/div>\n\t\t\t\t<\/div>\n\t\t\t\t<div class=\"elementor-element elementor-element-62a62d2 elementor-widget elementor-widget-text-editor\" data-id=\"62a62d2\" data-element_type=\"widget\" data-e-type=\"widget\" data-widget_type=\"text-editor.default\">\n\t\t\t\t<div class=\"elementor-widget-container\">\n\t\t\t\t\t\t\t\t\tSie kosten im Vergleich zu den Standardbr\u00fcsten etwas mehr.\t\t\t\t\t\t\t\t<\/div>\n\t\t\t\t<\/div>\n\t\t\t\t<div class=\"elementor-element elementor-element-2fe7e37 elementor-widget elementor-widget-heading\" data-id=\"2fe7e37\" data-element_type=\"widget\" data-e-type=\"widget\" data-widget_type=\"heading.default\">\n\t\t\t\t<div class=\"elementor-widget-container\">\n\t\t\t\t\t<h2 class=\"elementor-heading-title elementor-size-default\">- Vorteile<\/h2>\t\t\t\t<\/div>\n\t\t\t\t<\/div>\n\t\t\t\t<div class=\"elementor-element elementor-element-937b94e elementor-widget elementor-widget-html\" data-id=\"937b94e\" data-element_type=\"widget\" data-e-type=\"widget\" data-widget_type=\"html.default\">\n\t\t\t\t<div class=\"elementor-widget-container\">\n\t\t\t\t\t<ol class=\"number_list_type\"><li>Springt eine ganze Menge an.<\/li>\n<li>Sehr weich und matschig.<\/li>\n \n<\/ol>\t\t\t\t<\/div>\n\t\t\t\t<\/div>\n\t\t\t\t<div class=\"elementor-element elementor-element-57b81b1 elementor-widget elementor-widget-heading\" data-id=\"57b81b1\" data-element_type=\"widget\" data-e-type=\"widget\" data-widget_type=\"heading.default\">\n\t\t\t\t<div class=\"elementor-widget-container\">\n\t\t\t\t\t<h2 class=\"elementor-heading-title elementor-size-default\">- Nachteile<\/h2>\t\t\t\t<\/div>\n\t\t\t\t<\/div>\n\t\t\t\t<div class=\"elementor-element elementor-element-4e5fda9 elementor-widget elementor-widget-text-editor\" data-id=\"4e5fda9\" data-element_type=\"widget\" data-e-type=\"widget\" data-widget_type=\"text-editor.default\">\n\t\t\t\t<div class=\"elementor-widget-container\">\n\t\t\t\t\t\t\t\t\tNicht so frech wie andere.\t\t\t\t\t\t\t\t<\/div>\n\t\t\t\t<\/div>\n\t\t\t\t\t<\/div>\n\t\t<\/div>\n\t\t\t\t<div class=\"elementor-column elementor-col-50 elementor-inner-column elementor-element elementor-element-9c89274\" data-id=\"9c89274\" data-element_type=\"column\" data-e-type=\"column\">\n\t\t\t<div class=\"elementor-widget-wrap elementor-element-populated\">\n\t\t\t\t\t\t<div class=\"elementor-element elementor-element-0ff871d elementor-invisible elementor-widget elementor-widget-image\" data-id=\"0ff871d\" data-element_type=\"widget\" data-e-type=\"widget\" data-settings=\"{&quot;_animation&quot;:&quot;fadeInRight&quot;}\" data-widget_type=\"image.default\">\n\t\t\t\t<div class=\"elementor-widget-container\">\n\t\t\t\t\t\t\t\t\t\t\t\t\t\t\t<img loading=\"lazy\" decoding=\"async\" width=\"700\" height=\"700\" src=\"https:\/\/renodoll.com\/wp-content\/uploads\/xstore\/xstore-placeholder-1x1.png\" class=\"attachment-large size-large wp-image-6611 lazyload lazyload-simple et-lazyload-fadeIn\" alt=\"\" sizes=\"auto, (max-width: 700px) 100vw, 700px\" data-src=\"https:\/\/renodoll.com\/wp-content\/uploads\/2023\/03\/hollow.png\" data-srcset=\"https:\/\/renodoll.com\/wp-content\/uploads\/2023\/03\/hollow.png 700w, https:\/\/renodoll.com\/wp-content\/uploads\/2023\/03\/hollow-300x300.png 300w, https:\/\/renodoll.com\/wp-content\/uploads\/2023\/03\/hollow-150x150.png 150w, https:\/\/renodoll.com\/wp-content\/uploads\/2023\/03\/hollow-12x12.png 12w, https:\/\/renodoll.com\/wp-content\/uploads\/2023\/03\/hollow-100x100.png 100w, https:\/\/renodoll.com\/wp-content\/uploads\/2023\/03\/hollow-600x600.png 600w, https:\/\/renodoll.com\/wp-content\/uploads\/2023\/03\/hollow-10x10.png 10w\" \/>\t\t\t\t\t\t\t\t\t\t\t\t\t\t\t<\/div>\n\t\t\t\t<\/div>\n\t\t\t\t\t<\/div>\n\t\t<\/div>\n\t\t\t\t\t<\/div>\n\t\t<\/section>\n\t\t\t\t\t<\/div>\n\t\t<\/div>\n\t\t\t\t\t<\/div>\n\t\t<\/section>\n\t\t\t\t<\/div>","protected":false},"excerpt":{"rendered":"<p>Um beim Ber\u00fchren der Br\u00fcste Ihrer Liebespuppe ein \u00e4hnliches Erlebnis wie das eines menschlichen K\u00f6rpers zu erm\u00f6glichen, arbeiten wir an der st\u00e4ndigen Improvisation der Br\u00fcste. Es gibt drei M\u00f6glichkeiten, die Br\u00fcste zu bearbeiten: Standard-Option f\u00fcr mit Gel gef\u00fcllte hohle Sexpuppenbr\u00fcste f\u00fcr Erwachsene \u2013 Standard, mit Gel gef\u00fcllt oder hohl? Aus unserer gro\u00dfen Auswahl an Sexpuppen Ihre Lieblingspuppe auszuw\u00e4hlen, kann ziemlich m\u00fchsam sein. Derzeit haben wir in unserer Sammlung \u00fcber 2000 Sexpuppen, aus denen Sie Ihre Wahl treffen k\u00f6nnen, und das ist noch nicht einmal das Ende. Sobald Sie eine endg\u00fcltige Entscheidung treffen konnten<\/p>","protected":false},"author":1,"featured_media":0,"parent":0,"menu_order":0,"comment_status":"closed","ping_status":"closed","template":"","meta":{"footnotes":""},"class_list":["post-5358","page","type-page","status-publish","hentry"],"aioseo_notices":[],"_links":{"self":[{"href":"https:\/\/renodoll.com\/de\/wp-json\/wp\/v2\/pages\/5358","targetHints":{"allow":["GET"]}}],"collection":[{"href":"https:\/\/renodoll.com\/de\/wp-json\/wp\/v2\/pages"}],"about":[{"href":"https:\/\/renodoll.com\/de\/wp-json\/wp\/v2\/types\/page"}],"author":[{"embeddable":true,"href":"https:\/\/renodoll.com\/de\/wp-json\/wp\/v2\/users\/1"}],"replies":[{"embeddable":true,"href":"https:\/\/renodoll.com\/de\/wp-json\/wp\/v2\/comments?post=5358"}],"version-history":[{"count":49,"href":"https:\/\/renodoll.com\/de\/wp-json\/wp\/v2\/pages\/5358\/revisions"}],"predecessor-version":[{"id":16002,"href":"https:\/\/renodoll.com\/de\/wp-json\/wp\/v2\/pages\/5358\/revisions\/16002"}],"wp:attachment":[{"href":"https:\/\/renodoll.com\/de\/wp-json\/wp\/v2\/media?parent=5358"}],"curies":[{"name":"wp","href":"https:\/\/api.w.org\/{rel}","templated":true}]}}