{"id":5330,"date":"2023-02-22T14:27:04","date_gmt":"2023-02-22T06:27:04","guid":{"rendered":"https:\/\/renodoll.com\/?page_id=5330"},"modified":"2023-04-24T20:06:13","modified_gmt":"2023-04-24T12:06:13","slug":"sex-doll-dress-up","status":"publish","type":"page","link":"https:\/\/renodoll.com\/de\/sex-puppe-dress-up\/","title":{"rendered":"Sexpuppe anziehen"},"content":{"rendered":"<div data-elementor-type=\"wp-page\" data-elementor-id=\"5330\" class=\"elementor elementor-5330\">\n\t\t\t\t\t\t\t\t\t<section class=\"elementor-section elementor-top-section elementor-element elementor-element-9ee3c63 elementor-section-boxed elementor-section-height-default elementor-section-height-default\" data-id=\"9ee3c63\" data-element_type=\"section\">\n\t\t\t\t\t\t<div class=\"elementor-container elementor-column-gap-default\">\n\t\t\t\t\t<div class=\"elementor-column elementor-col-100 elementor-top-column elementor-element elementor-element-a5c4cb6 page-content-text\" data-id=\"a5c4cb6\" data-element_type=\"column\">\n\t\t\t<div class=\"elementor-widget-wrap elementor-element-populated\">\n\t\t\t\t\t\t\t\t<div class=\"elementor-element elementor-element-23b29e3 elementor-invisible elementor-widget elementor-widget-heading\" data-id=\"23b29e3\" data-element_type=\"widget\" data-settings=\"{&quot;_animation&quot;:&quot;fadeInUp&quot;}\" data-widget_type=\"heading.default\">\n\t\t\t\t<div class=\"elementor-widget-container\">\n\t\t\t<style>\/*! elementor - v3.10.2 - 29-01-2023 *\/\n.elementor-heading-title{padding:0;margin:0;line-height:1}.elementor-widget-heading .elementor-heading-title[class*=elementor-size-]>a{color:inherit;font-size:inherit;line-height:inherit}.elementor-widget-heading .elementor-heading-title.elementor-size-small{font-size:15px}.elementor-widget-heading .elementor-heading-title.elementor-size-medium{font-size:19px}.elementor-widget-heading .elementor-heading-title.elementor-size-large{font-size:29px}.elementor-widget-heading .elementor-heading-title.elementor-size-xl{font-size:39px}.elementor-widget-heading .elementor-heading-title.elementor-size-xxl{font-size:59px}<\/style><h2 class=\"elementor-heading-title elementor-size-default\">Zu beachtende Punkte beim Anziehen Ihrer Puppe<\/h2>\t\t<\/div>\n\t\t\t\t<\/div>\n\t\t\t\t<div class=\"elementor-element elementor-element-0275977 elementor-widget elementor-widget-spacer\" data-id=\"0275977\" data-element_type=\"widget\" data-widget_type=\"spacer.default\">\n\t\t\t\t<div class=\"elementor-widget-container\">\n\t\t\t<style>\/*! elementor - v3.10.2 - 29-01-2023 *\/\n.elementor-column .elementor-spacer-inner{height:var(--spacer-size)}.e-con{--container-widget-width:100%}.e-con-inner>.elementor-widget-spacer,.e-con>.elementor-widget-spacer{width:var(--container-widget-width,var(--spacer-size));--align-self:var(--container-widget-align-self,initial);--flex-shrink:0}.e-con-inner>.elementor-widget-spacer>.elementor-widget-container,.e-con-inner>.elementor-widget-spacer>.elementor-widget-container>.elementor-spacer,.e-con>.elementor-widget-spacer>.elementor-widget-container,.e-con>.elementor-widget-spacer>.elementor-widget-container>.elementor-spacer{height:100%}.e-con-inner>.elementor-widget-spacer>.elementor-widget-container>.elementor-spacer>.elementor-spacer-inner,.e-con>.elementor-widget-spacer>.elementor-widget-container>.elementor-spacer>.elementor-spacer-inner{height:var(--container-widget-height,var(--spacer-size))}<\/style>\t\t<div class=\"elementor-spacer\">\n\t\t\t<div class=\"elementor-spacer-inner\"><\/div>\n\t\t<\/div>\n\t\t\t\t<\/div>\n\t\t\t\t<\/div>\n\t\t\t\t<div class=\"elementor-element elementor-element-0ee033e elementor-invisible elementor-widget elementor-widget-heading\" data-id=\"0ee033e\" data-element_type=\"widget\" data-settings=\"{&quot;_animation&quot;:&quot;fadeInUp&quot;}\" data-widget_type=\"heading.default\">\n\t\t\t\t<div class=\"elementor-widget-container\">\n\t\t\t<h2 class=\"elementor-heading-title elementor-size-default\">Einf\u00fchrung<\/h2>\t\t<\/div>\n\t\t\t\t<\/div>\n\t\t\t\t<div class=\"elementor-element elementor-element-1366056 elementor-widget elementor-widget-text-editor\" data-id=\"1366056\" data-element_type=\"widget\" data-widget_type=\"text-editor.default\">\n\t\t\t\t<div class=\"elementor-widget-container\">\n\t\t\t<style>\/*! elementor - v3.10.2 - 29-01-2023 *\/\n.elementor-widget-text-editor.elementor-drop-cap-view-stacked .elementor-drop-cap{background-color:#818a91;color:#fff}.elementor-widget-text-editor.elementor-drop-cap-view-framed .elementor-drop-cap{color:#818a91;border:3px solid;background-color:transparent}.elementor-widget-text-editor:not(.elementor-drop-cap-view-default) .elementor-drop-cap{margin-top:8px}.elementor-widget-text-editor:not(.elementor-drop-cap-view-default) .elementor-drop-cap-letter{width:1em;height:1em}.elementor-widget-text-editor .elementor-drop-cap{float:left;text-align:center;line-height:1;font-size:50px}.elementor-widget-text-editor .elementor-drop-cap-letter{display:inline-block}<\/style>\t\t\t\tDie Gliedma\u00dfen der Silikonpuppe k\u00f6nnen sich bewegen, jedoch mit einigen Einschr\u00e4nkungen. W\u00e4hrend Sie Ihre Sexpuppe nach Ihrem Geschmack kleiden, m\u00fcssen Sie auch die Silikonhaut sch\u00fctzen. Beachten Sie am besten die folgenden Punkte. \t\t\t\t\t\t<\/div>\n\t\t\t\t<\/div>\n\t\t\t\t<div class=\"elementor-element elementor-element-1b286a6 elementor-invisible elementor-widget elementor-widget-heading\" data-id=\"1b286a6\" data-element_type=\"widget\" data-settings=\"{&quot;_animation&quot;:&quot;fadeInUp&quot;}\" data-widget_type=\"heading.default\">\n\t\t\t\t<div class=\"elementor-widget-container\">\n\t\t\t<h2 class=\"elementor-heading-title elementor-size-default\">Lassen Sie die Gliedma\u00dfen nicht zu stark biegen<\/h2>\t\t<\/div>\n\t\t\t\t<\/div>\n\t\t\t\t<div class=\"elementor-element elementor-element-5570512 elementor-widget elementor-widget-text-editor\" data-id=\"5570512\" data-element_type=\"widget\" data-widget_type=\"text-editor.default\">\n\t\t\t\t<div class=\"elementor-widget-container\">\n\t\t\t\t\t\t\tVersuchen Sie beim Anziehen Ihrer Sexpuppe so weit wie m\u00f6glich, die Arme Ihrer Puppe nicht zu hoch zu heben, damit das Silikon nicht rei\u00dft oder rei\u00dft. Bitte beachten Sie unbedingt die Anweisungen zum sicheren Winkel im Bereich der k\u00f6rperlichen Aktivit\u00e4t f\u00fcr Operationen. \t\t\t\t\t\t<\/div>\n\t\t\t\t<\/div>\n\t\t\t\t<div class=\"elementor-element elementor-element-690b0e9 elementor-invisible elementor-widget elementor-widget-heading\" data-id=\"690b0e9\" data-element_type=\"widget\" data-settings=\"{&quot;_animation&quot;:&quot;fadeInUp&quot;}\" data-widget_type=\"heading.default\">\n\t\t\t\t<div class=\"elementor-widget-container\">\n\t\t\t<h2 class=\"elementor-heading-title elementor-size-default\">Achten Sie auf Kratzer<\/h2>\t\t<\/div>\n\t\t\t\t<\/div>\n\t\t\t\t<div class=\"elementor-element elementor-element-2665724 elementor-widget elementor-widget-text-editor\" data-id=\"2665724\" data-element_type=\"widget\" data-widget_type=\"text-editor.default\">\n\t\t\t\t<div class=\"elementor-widget-container\">\n\t\t\t\t\t\t\tAchten Sie darauf, dass Ihre Liebespuppe keine Kleidung oder Accessoires mit so scharfen Kanten tr\u00e4gt, dass sie Ihre Liebespuppe zu entstellen beginnen. Wenn Ihre Kleidungsauswahl jedoch scharfe Kn\u00f6pfe und \u00e4hnliches enth\u00e4lt, tun Sie gut daran, Ihre Real Doll beim Anziehen wie ein Baby zu behandeln.\t\t\t\t\t\t<\/div>\n\t\t\t\t<\/div>\n\t\t\t\t<div class=\"elementor-element elementor-element-760f9e7 elementor-invisible elementor-widget elementor-widget-heading\" data-id=\"760f9e7\" data-element_type=\"widget\" data-settings=\"{&quot;_animation&quot;:&quot;fadeInUp&quot;}\" data-widget_type=\"heading.default\">\n\t\t\t\t<div class=\"elementor-widget-container\">\n\t\t\t<h2 class=\"elementor-heading-title elementor-size-default\">Nehmen Sie den Kopf ab, bevor Sie einen Mantel anziehen<\/h2>\t\t<\/div>\n\t\t\t\t<\/div>\n\t\t\t\t<div class=\"elementor-element elementor-element-32fca7b elementor-widget elementor-widget-text-editor\" data-id=\"32fca7b\" data-element_type=\"widget\" data-widget_type=\"text-editor.default\">\n\t\t\t\t<div class=\"elementor-widget-container\">\n\t\t\t\t\t\t\tWenn Sie Ihre Liebespuppe anziehen und feststellen, dass ein Teil der Kleidung zu eng ist oder Ihrer lebensechten Puppe ein gewisses Ma\u00df an Unannehmlichkeiten bereiten w\u00fcrde, tun Sie gut daran, den Kopf Ihrer echten Puppe abzunehmen. \t\t\t\t\t\t<\/div>\n\t\t\t\t<\/div>\n\t\t\t\t<section class=\"elementor-section elementor-inner-section elementor-element elementor-element-d0ad383 elementor-section-full_width elementor-section-height-default elementor-section-height-default\" data-id=\"d0ad383\" data-element_type=\"section\">\n\t\t\t\t\t\t<div class=\"elementor-container elementor-column-gap-default\">\n\t\t\t\t\t<div class=\"elementor-column elementor-col-50 elementor-inner-column elementor-element elementor-element-0d201b2\" data-id=\"0d201b2\" data-element_type=\"column\">\n\t\t\t<div class=\"elementor-widget-wrap elementor-element-populated\">\n\t\t\t\t\t\t\t\t<div class=\"elementor-element elementor-element-5e75bf3 elementor-widget elementor-widget-image\" data-id=\"5e75bf3\" data-element_type=\"widget\" data-widget_type=\"image.default\">\n\t\t\t\t<div class=\"elementor-widget-container\">\n\t\t\t<style>\/*! elementor - v3.10.2 - 29-01-2023 *\/\n.elementor-widget-image{text-align:center}.elementor-widget-image a{display:inline-block}.elementor-widget-image a img[src$=\".svg\"]{width:48px}.elementor-widget-image img{vertical-align:middle;display:inline-block}<\/style>\t\t\t\t\t\t\t\t\t\t\t\t<img loading=\"lazy\" decoding=\"async\" width=\"367\" height=\"388\" src=\"https:\/\/renodoll.com\/wp-content\/uploads\/2023\/03\/kb-piercing.jpg\" class=\"attachment-woocommerce_single size-woocommerce_single wp-image-14231\" alt=\"\" srcset=\"https:\/\/renodoll.com\/wp-content\/uploads\/2023\/03\/kb-piercing.jpg 367w, https:\/\/renodoll.com\/wp-content\/uploads\/2023\/03\/kb-piercing-284x300.jpg 284w, https:\/\/renodoll.com\/wp-content\/uploads\/2023\/03\/kb-piercing-11x12.jpg 11w, https:\/\/renodoll.com\/wp-content\/uploads\/2023\/03\/kb-piercing-95x100.jpg 95w, https:\/\/renodoll.com\/wp-content\/uploads\/2023\/03\/kb-piercing-300x317.jpg 300w, https:\/\/renodoll.com\/wp-content\/uploads\/2023\/03\/kb-piercing-10x10.jpg 10w\" sizes=\"auto, (max-width: 367px) 100vw, 367px\" \/>\t\t\t\t\t\t\t\t\t\t\t\t\t\t\t<\/div>\n\t\t\t\t<\/div>\n\t\t\t\t\t<\/div>\n\t\t<\/div>\n\t\t\t\t<div class=\"elementor-column elementor-col-50 elementor-inner-column elementor-element elementor-element-e1caa7e\" data-id=\"e1caa7e\" data-element_type=\"column\">\n\t\t\t<div class=\"elementor-widget-wrap elementor-element-populated\">\n\t\t\t\t\t\t\t\t<div class=\"elementor-element elementor-element-4260ec5 elementor-invisible elementor-widget elementor-widget-heading\" data-id=\"4260ec5\" data-element_type=\"widget\" data-settings=\"{&quot;_animation&quot;:&quot;fadeInUp&quot;}\" data-widget_type=\"heading.default\">\n\t\t\t\t<div class=\"elementor-widget-container\">\n\t\t\t<h2 class=\"elementor-heading-title elementor-size-default\">Piercings (Ohr und Nabel)<\/h2>\t\t<\/div>\n\t\t\t\t<\/div>\n\t\t\t\t<div class=\"elementor-element elementor-element-1732e22 elementor-widget elementor-widget-text-editor\" data-id=\"1732e22\" data-element_type=\"widget\" data-widget_type=\"text-editor.default\">\n\t\t\t\t<div class=\"elementor-widget-container\">\n\t\t\t\t\t\t\tK\u00f6nnen Sie Ihrer erwachsenen Sexpuppe Piercings geben? Positiv. Beachten Sie bei allem, was Sie tun, dass die Instrumente f\u00fcr Piercings d\u00fcnner Eisendraht oder Nadeln sind, um ein wenig in die Silikonhaut Ihrer realistischen Puppe einzuklemmen. Der Durchmesser des Einstichlochs sollte jedoch nicht mehr als 0,5 mm betragen, und Sie sollten auf keinen Fall Messer oder andere scharfe Gegenst\u00e4nde zum Schneiden verwenden. Diese Piercings sind dauerhaft, um Silikonrisse oder Risse zu vermeiden.\t\t\t\t\t\t<\/div>\n\t\t\t\t<\/div>\n\t\t\t\t<div class=\"elementor-element elementor-element-a03cfc1 elementor-widget elementor-widget-text-editor\" data-id=\"a03cfc1\" data-element_type=\"widget\" data-widget_type=\"text-editor.default\">\n\t\t\t\t<div class=\"elementor-widget-container\">\n\t\t\t\t\t\t\tDenken Sie daran, Ihre Real Doll immer zu pudern, bevor Sie sich eine enge Hose anziehen. Silikon hat viel Reibung und wenn es zu eng ist, um die Liebespuppe in Hosen oder Socken zu kleiden, gehen Sie wie folgt vor. Ziehe die Hose aus und trage Badepuder oder Talkpuder auf, bevor du dich wieder anziehst.\t\t\t\t\t\t<\/div>\n\t\t\t\t<\/div>\n\t\t\t\t\t<\/div>\n\t\t<\/div>\n\t\t\t\t\t\t\t<\/div>\n\t\t<\/section>\n\t\t\t\t<div class=\"elementor-element elementor-element-91005da elementor-invisible elementor-widget elementor-widget-heading\" data-id=\"91005da\" data-element_type=\"widget\" data-settings=\"{&quot;_animation&quot;:&quot;fadeInUp&quot;}\" data-widget_type=\"heading.default\">\n\t\t\t\t<div class=\"elementor-widget-container\">\n\t\t\t<h2 class=\"elementor-heading-title elementor-size-default\">Fitness der Kleidung<\/h2>\t\t<\/div>\n\t\t\t\t<\/div>\n\t\t\t\t<div class=\"elementor-element elementor-element-0e05e3e elementor-widget elementor-widget-text-editor\" data-id=\"0e05e3e\" data-element_type=\"widget\" data-widget_type=\"text-editor.default\">\n\t\t\t\t<div class=\"elementor-widget-container\">\n\t\t\t\t\t\t\tVersuchen Sie so viel wie m\u00f6glich zu vermeiden, Ihre Sexpuppe in enge Kleidung oder Kleidung zu kleiden, die sie f\u00fcr eine lange Zeit zusammendr\u00fccken w\u00fcrde. Dies kann entweder zum Rei\u00dfen des Silikons oder zur Verleumdung f\u00fchren.\t\t\t\t\t\t<\/div>\n\t\t\t\t<\/div>\n\t\t\t\t<div class=\"elementor-element elementor-element-8cc3ec1 elementor-widget elementor-widget-text-editor\" data-id=\"8cc3ec1\" data-element_type=\"widget\" data-widget_type=\"text-editor.default\">\n\t\t\t\t<div class=\"elementor-widget-container\">\n\t\t\t\t\t\t\t Wenn die gew\u00fcnschte Kleidergr\u00f6\u00dfe f\u00fcr Ihre Sexpuppe nicht passt, besorgen Sie sich eine andere. Au\u00dferdem muss ein Teil der Kleidung speziell f\u00fcr Puppen angefertigt werden.\t\t\t\t\t\t<\/div>\n\t\t\t\t<\/div>\n\t\t\t\t<div class=\"elementor-element elementor-element-fb0bc57 elementor-invisible elementor-widget elementor-widget-heading\" data-id=\"fb0bc57\" data-element_type=\"widget\" data-settings=\"{&quot;_animation&quot;:&quot;fadeInUp&quot;}\" data-widget_type=\"heading.default\">\n\t\t\t\t<div class=\"elementor-widget-container\">\n\t\t\t<h2 class=\"elementor-heading-title elementor-size-default\">Verf\u00e4rbung verhindern<\/h2>\t\t<\/div>\n\t\t\t\t<\/div>\n\t\t\t\t<div class=\"elementor-element elementor-element-53229ea elementor-widget elementor-widget-text-editor\" data-id=\"53229ea\" data-element_type=\"widget\" data-widget_type=\"text-editor.default\">\n\t\t\t\t<div class=\"elementor-widget-container\">\n\t\t\t\t\t\t\tEinige Arten von Kleidung bestehen entweder aus gef\u00e4rbtem Kunstleder oder anderen \u00f6lverschmutzten Ledermaterialien mit schrecklichen Farben, die in das Innere des Silikons eindringen k\u00f6nnen, wenn die Sexpuppe l\u00e4ngere Zeit Kontakt mit dem Kleid hatte. Dies kann zu einer Ver\u00e4nderung der Hautfarbe Ihrer Sexpuppe f\u00fchren. Am realistischsten ist es, diese Art des Leuchtens so weit wie m\u00f6glich zu vermeiden oder, wenn die Notwendigkeit besteht und Sie sie anziehen m\u00fcssen, f\u00fcr eine begrenzte Zeit auf dem K\u00f6rper der sexy Sexpuppe zu lassen.\t\t\t\t\t\t<\/div>\n\t\t\t\t<\/div>\n\t\t\t\t<div class=\"elementor-element elementor-element-2e3d2b1 elementor-invisible elementor-widget elementor-widget-heading\" data-id=\"2e3d2b1\" data-element_type=\"widget\" data-settings=\"{&quot;_animation&quot;:&quot;fadeInUp&quot;}\" data-widget_type=\"heading.default\">\n\t\t\t\t<div class=\"elementor-widget-container\">\n\t\t\t<h2 class=\"elementor-heading-title elementor-size-default\">Verwenden Sie Badepuder, Talkum oder Babypuder, um Klebrigkeit zu vermeiden<\/h2>\t\t<\/div>\n\t\t\t\t<\/div>\n\t\t\t\t<div class=\"elementor-element elementor-element-0963a4f elementor-widget elementor-widget-text-editor\" data-id=\"0963a4f\" data-element_type=\"widget\" data-widget_type=\"text-editor.default\">\n\t\t\t\t<div class=\"elementor-widget-container\">\n\t\t\t\t\t\t\tNat\u00fcrlich ist die Oberfl\u00e4che des Silikons ziemlich klebrig. Was getan werden muss, ist, dass Sie vor dem Ankleiden Badepuder oder Talkumpuder verwenden. Wenn statische Elektrizit\u00e4t vorhanden ist, kann das Spray f\u00fcr statische Elektrizit\u00e4t verwendet werden. Seien Sie beim Spr\u00fchen jedoch vorsichtig, damit Sie nicht zu viel spr\u00fchen.\t\t\t\t\t\t<\/div>\n\t\t\t\t<\/div>\n\t\t\t\t\t<\/div>\n\t\t<\/div>\n\t\t\t\t\t\t\t<\/div>\n\t\t<\/section>\n\t\t\t\t\t\t\t<\/div>","protected":false},"excerpt":{"rendered":"<p>Was Sie beim Anziehen Ihrer Puppe beachten sollten Einf\u00fchrung Die Gliedma\u00dfen der Silikonpuppe k\u00f6nnen sich bewegen, allerdings mit einigen Einschr\u00e4nkungen. W\u00e4hrend Sie Ihre Sexpuppe nach Ihrem Geschmack kleiden, m\u00fcssen Sie auch die Silikonhaut sch\u00fctzen. Beachten Sie unbedingt die folgenden Punkte. Lassen Sie nicht zu, dass sich die Gliedma\u00dfen zu stark beugen. Versuchen Sie beim Anziehen Ihrer Sexpuppe so weit wie m\u00f6glich zu vermeiden, die Arme Ihrer Puppe zu hoch anzuheben, damit es nicht zu Silikonrissen oder -rissen kommt. Bitte beachten Sie unbedingt die Sicherheitswinkelanweisungen im Physical Activity Scope<\/p>","protected":false},"author":1,"featured_media":0,"parent":0,"menu_order":0,"comment_status":"closed","ping_status":"closed","template":"","meta":{"footnotes":""},"class_list":["post-5330","page","type-page","status-publish","hentry"],"aioseo_notices":[],"_links":{"self":[{"href":"https:\/\/renodoll.com\/de\/wp-json\/wp\/v2\/pages\/5330","targetHints":{"allow":["GET"]}}],"collection":[{"href":"https:\/\/renodoll.com\/de\/wp-json\/wp\/v2\/pages"}],"about":[{"href":"https:\/\/renodoll.com\/de\/wp-json\/wp\/v2\/types\/page"}],"author":[{"embeddable":true,"href":"https:\/\/renodoll.com\/de\/wp-json\/wp\/v2\/users\/1"}],"replies":[{"embeddable":true,"href":"https:\/\/renodoll.com\/de\/wp-json\/wp\/v2\/comments?post=5330"}],"version-history":[{"count":53,"href":"https:\/\/renodoll.com\/de\/wp-json\/wp\/v2\/pages\/5330\/revisions"}],"predecessor-version":[{"id":16005,"href":"https:\/\/renodoll.com\/de\/wp-json\/wp\/v2\/pages\/5330\/revisions\/16005"}],"wp:attachment":[{"href":"https:\/\/renodoll.com\/de\/wp-json\/wp\/v2\/media?parent=5330"}],"curies":[{"name":"wp","href":"https:\/\/api.w.org\/{rel}","templated":true}]}}