{"id":5463,"date":"2023-02-22T19:09:25","date_gmt":"2023-02-22T11:09:25","guid":{"rendered":"https:\/\/renodoll.com\/?page_id=5463"},"modified":"2023-04-24T20:08:12","modified_gmt":"2023-04-24T12:08:12","slug":"sex-doll-storage","status":"publish","type":"page","link":"https:\/\/renodoll.com\/da\/sex-dukke-opbevaring\/","title":{"rendered":"Opbevaring af sexdukker"},"content":{"rendered":"<div data-elementor-type=\"wp-page\" data-elementor-id=\"5463\" class=\"elementor elementor-5463\">\n\t\t\t\t\t\t\t\t\t<section class=\"elementor-section elementor-top-section elementor-element elementor-element-bbb23ef elementor-section-boxed elementor-section-height-default elementor-section-height-default\" data-id=\"bbb23ef\" data-element_type=\"section\">\n\t\t\t\t\t\t<div class=\"elementor-container elementor-column-gap-default\">\n\t\t\t\t\t<div class=\"elementor-column elementor-col-100 elementor-top-column elementor-element elementor-element-f3c1b7c page-content-text\" data-id=\"f3c1b7c\" data-element_type=\"column\">\n\t\t\t<div class=\"elementor-widget-wrap elementor-element-populated\">\n\t\t\t\t\t\t\t\t<div class=\"elementor-element elementor-element-58b854c elementor-invisible elementor-widget elementor-widget-heading\" data-id=\"58b854c\" data-element_type=\"widget\" data-settings=\"{&quot;_animation&quot;:&quot;fadeInUp&quot;}\" data-widget_type=\"heading.default\">\n\t\t\t\t<div class=\"elementor-widget-container\">\n\t\t\t<style>\/*! elementor - v3.10.2 - 29-01-2023 *\/\n.elementor-heading-title{padding:0;margin:0;line-height:1}.elementor-widget-heading .elementor-heading-title[class*=elementor-size-]>a{color:inherit;font-size:inherit;line-height:inherit}.elementor-widget-heading .elementor-heading-title.elementor-size-small{font-size:15px}.elementor-widget-heading .elementor-heading-title.elementor-size-medium{font-size:19px}.elementor-widget-heading .elementor-heading-title.elementor-size-large{font-size:29px}.elementor-widget-heading .elementor-heading-title.elementor-size-xl{font-size:39px}.elementor-widget-heading .elementor-heading-title.elementor-size-xxl{font-size:59px}<\/style><h2 class=\"elementor-heading-title elementor-size-default\">Introduktion til opbevaring af sexdukker <\/h2>\t\t<\/div>\n\t\t\t\t<\/div>\n\t\t\t\t<div class=\"elementor-element elementor-element-2f50bad elementor-widget elementor-widget-text-editor\" data-id=\"2f50bad\" data-element_type=\"widget\" data-widget_type=\"text-editor.default\">\n\t\t\t\t<div class=\"elementor-widget-container\">\n\t\t\t<style>\/*! elementor - v3.10.2 - 29-01-2023 *\/\n.elementor-widget-text-editor.elementor-drop-cap-view-stacked .elementor-drop-cap{background-color:#818a91;color:#fff}.elementor-widget-text-editor.elementor-drop-cap-view-framed .elementor-drop-cap{color:#818a91;border:3px solid;background-color:transparent}.elementor-widget-text-editor:not(.elementor-drop-cap-view-default) .elementor-drop-cap{margin-top:8px}.elementor-widget-text-editor:not(.elementor-drop-cap-view-default) .elementor-drop-cap-letter{width:1em;height:1em}.elementor-widget-text-editor .elementor-drop-cap{float:left;text-align:center;line-height:1;font-size:50px}.elementor-widget-text-editor .elementor-drop-cap-letter{display:inline-block}<\/style>\t\t\t\tDer er specifikke trin, der skal f\u00f8lges ved opbevaring af sexdukken for at sikre, at deres levetid bevares, og at sexdukkerne kan bruges i lang tid.\n\t\t\t\t\t\t<\/div>\n\t\t\t\t<\/div>\n\t\t\t\t<div class=\"elementor-element elementor-element-7b009cf elementor-widget elementor-widget-text-editor\" data-id=\"7b009cf\" data-element_type=\"widget\" data-widget_type=\"text-editor.default\">\n\t\t\t\t<div class=\"elementor-widget-container\">\n\t\t\t\t\t\t\tEt godt omr\u00e5de til opbevaring af sexdukken kan afg\u00f8re, hvor tidligt sexdukkens silikoneskind og de indre dele vil \u00e6ldes og forl\u00e6nge sexdukkens levetid lige s\u00e5 meget.\t\t\t\t\t\t<\/div>\n\t\t\t\t<\/div>\n\t\t\t\t<div class=\"elementor-element elementor-element-c9145ea elementor-widget elementor-widget-heading\" data-id=\"c9145ea\" data-element_type=\"widget\" data-widget_type=\"heading.default\">\n\t\t\t\t<div class=\"elementor-widget-container\">\n\t\t\t<h2 class=\"elementor-heading-title elementor-size-default\">Som en n\u00f8dvendighed:\n<\/h2>\t\t<\/div>\n\t\t\t\t<\/div>\n\t\t\t\t<div class=\"elementor-element elementor-element-874bd24 elementor-widget elementor-widget-html\" data-id=\"874bd24\" data-element_type=\"widget\" data-widget_type=\"html.default\">\n\t\t\t\t<div class=\"elementor-widget-container\">\n\t\t\t<ol class=\"number_list_type\">\n    <li>Babypudder eller talkum skal p\u00e5f\u00f8res sexdukkens hud regelm\u00e6ssigt for at beskytte den mod olie og st\u00f8v.<\/li>\n    <li>\n        Efter sexdukkens brug skal sexdukken opbevares i dens oprindelige fremstillede position, da dette er den bedste opbevaringsposition.\n    <\/li>\n        <li>\n        Du kan v\u00e6lge bedst egnede opbevaringstaske til sexdukke, opbevaringsboks eller opbevaringstaske.\n    <\/li>\n<\/ol>\t\t<\/div>\n\t\t\t\t<\/div>\n\t\t\t\t<div class=\"elementor-element elementor-element-db9171e elementor-widget elementor-widget-heading\" data-id=\"db9171e\" data-element_type=\"widget\" data-widget_type=\"heading.default\">\n\t\t\t\t<div class=\"elementor-widget-container\">\n\t\t\t<h2 class=\"elementor-heading-title elementor-size-default\">Langtidsopbevaringstips til sexdukken<\/h2>\t\t<\/div>\n\t\t\t\t<\/div>\n\t\t\t\t<div class=\"elementor-element elementor-element-dd80794 elementor-widget elementor-widget-heading\" data-id=\"dd80794\" data-element_type=\"widget\" data-widget_type=\"heading.default\">\n\t\t\t\t<div class=\"elementor-widget-container\">\n\t\t\t<h4 class=\"elementor-heading-title elementor-size-default\">1. Undg\u00e5 at uds\u00e6tte sexdukken for solen i l\u00e6ngere tid<\/h4>\t\t<\/div>\n\t\t\t\t<\/div>\n\t\t\t\t<div class=\"elementor-element elementor-element-9f505e9 elementor-widget elementor-widget-text-editor\" data-id=\"9f505e9\" data-element_type=\"widget\" data-widget_type=\"text-editor.default\">\n\t\t\t\t<div class=\"elementor-widget-container\">\n\t\t\t\t\t\t\tUds\u00e6t ikke sexdukken for direkte sollys i en l\u00e6ngere periode; det ville f\u00e5 silikone-sexdukkens farve til at falme lidt.\t\t\t\t\t\t<\/div>\n\t\t\t\t<\/div>\n\t\t\t\t<div class=\"elementor-element elementor-element-e7cb264 elementor-widget elementor-widget-heading\" data-id=\"e7cb264\" data-element_type=\"widget\" data-widget_type=\"heading.default\">\n\t\t\t\t<div class=\"elementor-widget-container\">\n\t\t\t<h4 class=\"elementor-heading-title elementor-size-default\">2. Undg\u00e5 at st\u00f8v kl\u00e6ber p\u00e5 sexdukkens overflade<\/h4>\t\t<\/div>\n\t\t\t\t<\/div>\n\t\t\t\t<div class=\"elementor-element elementor-element-4c9dc49 elementor-widget elementor-widget-text-editor\" data-id=\"4c9dc49\" data-element_type=\"widget\" data-widget_type=\"text-editor.default\">\n\t\t\t\t<div class=\"elementor-widget-container\">\n\t\t\t\t\t\t\tUndg\u00e5 st\u00f8v for enhver pris, fordi sexdukkens silikoneoverflade har kl\u00e6brighed og statisk elektricitet, hvilket g\u00f8r det nemt for st\u00f8v at kl\u00e6be til den.\t\t\t\t\t\t<\/div>\n\t\t\t\t<\/div>\n\t\t\t\t<div class=\"elementor-element elementor-element-505e489 elementor-widget elementor-widget-heading\" data-id=\"505e489\" data-element_type=\"widget\" data-widget_type=\"heading.default\">\n\t\t\t\t<div class=\"elementor-widget-container\">\n\t\t\t<h4 class=\"elementor-heading-title elementor-size-default\">3. Beskyt sexdukken mod fugt.<\/h4>\t\t<\/div>\n\t\t\t\t<\/div>\n\t\t\t\t<div class=\"elementor-element elementor-element-91259c1 elementor-widget elementor-widget-text-editor\" data-id=\"91259c1\" data-element_type=\"widget\" data-widget_type=\"text-editor.default\">\n\t\t\t\t<div class=\"elementor-widget-container\">\n\t\t\t\t\t\t\tUndg\u00e5 et fugtigt og fugtigt milj\u00f8, fordi indersiden af sexdukken er svampet, og den vil suge vandet ind i et v\u00e5dt og fugtigt milj\u00f8.\t\t\t\t\t\t<\/div>\n\t\t\t\t<\/div>\n\t\t\t\t<div class=\"elementor-element elementor-element-6f7a4a4 elementor-widget elementor-widget-text-editor\" data-id=\"6f7a4a4\" data-element_type=\"widget\" data-widget_type=\"text-editor.default\">\n\t\t\t\t<div class=\"elementor-widget-container\">\n\t\t\t\t\t\t\tDet er sikkert at bade k\u00e6rlighedsdukken eller reng\u00f8re k\u00e6rlighedsdukken med vand, men undg\u00e5 at l\u00e6gge k\u00e6rlighedsdukken i vand i lang tid.\n\t\t\t\t\t\t<\/div>\n\t\t\t\t<\/div>\n\t\t\t\t<div class=\"elementor-element elementor-element-75d035e elementor-widget elementor-widget-text-editor\" data-id=\"75d035e\" data-element_type=\"widget\" data-widget_type=\"text-editor.default\">\n\t\t\t\t<div class=\"elementor-widget-container\">\n\t\t\t\t\t\t\tH\u00e6ldning af vand i den del af halsen, hvor der er metal, vil for\u00e5rsage permanent skade p\u00e5 sexdukken, g\u00f8r det ikke.\n\t\t\t\t\t\t<\/div>\n\t\t\t\t<\/div>\n\t\t\t\t<div class=\"elementor-element elementor-element-0f85efc elementor-widget elementor-widget-text-editor\" data-id=\"0f85efc\" data-element_type=\"widget\" data-widget_type=\"text-editor.default\">\n\t\t\t\t<div class=\"elementor-widget-container\">\n\t\t\t\t\t\t\tSexdukkens indre er svampet; n\u00e5r der f\u00f8rst er vand i den, ville det v\u00e6re sv\u00e6rt at t\u00f8rre sexdukken.\n\t\t\t\t\t\t<\/div>\n\t\t\t\t<\/div>\n\t\t\t\t<div class=\"elementor-element elementor-element-b60c58d elementor-widget elementor-widget-heading\" data-id=\"b60c58d\" data-element_type=\"widget\" data-widget_type=\"heading.default\">\n\t\t\t\t<div class=\"elementor-widget-container\">\n\t\t\t<h4 class=\"elementor-heading-title elementor-size-default\">4. Undg\u00e5 farvning af dukkens overflade\n<\/h4>\t\t<\/div>\n\t\t\t\t<\/div>\n\t\t\t\t<div class=\"elementor-element elementor-element-b094b3e elementor-widget elementor-widget-text-editor\" data-id=\"b094b3e\" data-element_type=\"widget\" data-widget_type=\"text-editor.default\">\n\t\t\t\t<div class=\"elementor-widget-container\">\n\t\t\t\t\t\t\tUndg\u00e5 at s\u00e6tte sexdukken for l\u00e6nge p\u00e5 kunstl\u00e6der eller en t\u00f8rret l\u00e6derstol for at forhindre, at de olieopl\u00f8selige pigmentfarver, de indeholder, kommer p\u00e5 dukken og for\u00e5rsager en permanent plet.\n\t\t\t\t\t\t<\/div>\n\t\t\t\t<\/div>\n\t\t\t\t<div class=\"elementor-element elementor-element-c38fba8 elementor-widget elementor-widget-text-editor\" data-id=\"c38fba8\" data-element_type=\"widget\" data-widget_type=\"text-editor.default\">\n\t\t\t\t<div class=\"elementor-widget-container\">\n\t\t\t\t\t\t\tHvis din sexdukke i silikone er placeret p\u00e5 denne slags materiale i to timer eller mere, vil du bem\u00e6rke en alvorlig \u00e6ndring i silikonens farve, og det kan v\u00e6re sv\u00e6rt at slippe af med.\t\t\t\t\t\t<\/div>\n\t\t\t\t<\/div>\n\t\t\t\t<div class=\"elementor-element elementor-element-f20f4f3 elementor-widget elementor-widget-heading\" data-id=\"f20f4f3\" data-element_type=\"widget\" data-widget_type=\"heading.default\">\n\t\t\t\t<div class=\"elementor-widget-container\">\n\t\t\t<h4 class=\"elementor-heading-title elementor-size-default\">5. V\u00e6r opm\u00e6rksom p\u00e5 temperaturen i opbevaringsomr\u00e5det\n<\/h4>\t\t<\/div>\n\t\t\t\t<\/div>\n\t\t\t\t<div class=\"elementor-element elementor-element-ea4b523 elementor-widget elementor-widget-text-editor\" data-id=\"ea4b523\" data-element_type=\"widget\" data-widget_type=\"text-editor.default\">\n\t\t\t\t<div class=\"elementor-widget-container\">\n\t\t\t\t\t\t\tUndg\u00e5 en temperatur, der er for h\u00f8j eller for lav under stuetemperatur; kun stuetemperatur er bedst.\t\t\t\t\t\t<\/div>\n\t\t\t\t<\/div>\n\t\t\t\t<div class=\"elementor-element elementor-element-8bed4d2 elementor-widget elementor-widget-text-editor\" data-id=\"8bed4d2\" data-element_type=\"widget\" data-widget_type=\"text-editor.default\">\n\t\t\t\t<div class=\"elementor-widget-container\">\n\t\t\t\t\t\t\tDet er ikke tilr\u00e5deligt at s\u00e6tte din silikone-sexdukke i en for h\u00f8j eller for lav temperatur i l\u00e6ngere tid; den normale opbevaringstemperatur skal v\u00e6re omkring 5-35 grader C eller 40-95 grader F\n\t\t\t\t\t\t<\/div>\n\t\t\t\t<\/div>\n\t\t\t\t<div class=\"elementor-element elementor-element-f57a6a9 elementor-widget elementor-widget-text-editor\" data-id=\"f57a6a9\" data-element_type=\"widget\" data-widget_type=\"text-editor.default\">\n\t\t\t\t<div class=\"elementor-widget-container\">\n\t\t\t\t\t\t\tOm vinteren kan du varme sexdukken med et elektrisk t\u00e6ppe; V\u00e6r dog opm\u00e6rksom p\u00e5, at temperaturen p\u00e5 t\u00e6ppet ikke bliver for h\u00f8j.\t\t\t\t\t\t<\/div>\n\t\t\t\t<\/div>\n\t\t\t\t<div class=\"elementor-element elementor-element-9657b65 elementor-widget elementor-widget-heading\" data-id=\"9657b65\" data-element_type=\"widget\" data-widget_type=\"heading.default\">\n\t\t\t\t<div class=\"elementor-widget-container\">\n\t\t\t<h4 class=\"elementor-heading-title elementor-size-default\">6. Undg\u00e5 at klemme sexdukken <\/h4>\t\t<\/div>\n\t\t\t\t<\/div>\n\t\t\t\t<div class=\"elementor-element elementor-element-952079d elementor-widget elementor-widget-text-editor\" data-id=\"952079d\" data-element_type=\"widget\" data-widget_type=\"text-editor.default\">\n\t\t\t\t<div class=\"elementor-widget-container\">\n\t\t\t\t\t\t\tMens sexdukken opbevares, m\u00e5 du ikke klemme eller komprimere sexdukken i l\u00e6ngere tid; kompression kan f\u00f8re til permanent skade p\u00e5 silikonen og svampen i sexdukken.\n\t\t\t\t\t\t<\/div>\n\t\t\t\t<\/div>\n\t\t\t\t<div class=\"elementor-element elementor-element-a02a319 elementor-widget elementor-widget-text-editor\" data-id=\"a02a319\" data-element_type=\"widget\" data-widget_type=\"text-editor.default\">\n\t\t\t\t<div class=\"elementor-widget-container\">\n\t\t\t\t\t\t\tLad v\u00e6re med at l\u00e6gge meget tunge genstande p\u00e5 sexdukken, og lad v\u00e6re med at stramme eller klemme sexdukken i en l\u00e6ngere periode.\n\t\t\t\t\t\t<\/div>\n\t\t\t\t<\/div>\n\t\t\t\t<div class=\"elementor-element elementor-element-94e52f8 elementor-widget elementor-widget-heading\" data-id=\"94e52f8\" data-element_type=\"widget\" data-widget_type=\"heading.default\">\n\t\t\t\t<div class=\"elementor-widget-container\">\n\t\t\t<h4 class=\"elementor-heading-title elementor-size-default\">7 Hold sexdukkens holdning fri for ydre pres.\n<\/h4>\t\t<\/div>\n\t\t\t\t<\/div>\n\t\t\t\t<div class=\"elementor-element elementor-element-9f468f4 elementor-widget elementor-widget-text-editor\" data-id=\"9f468f4\" data-element_type=\"widget\" data-widget_type=\"text-editor.default\">\n\t\t\t\t<div class=\"elementor-widget-container\">\n\t\t\t\t\t\t\tN\u00e5r den opbevares, skal sexdukken placeres i en stilling, der holder den fri for ydre tryk, en position, hvor den ikke bliver foldet, fordi den kan f\u00f8re til revner og beskadigelse af silikonen, hvis den bliver foldet eller klemt.\n\t\t\t\t\t\t<\/div>\n\t\t\t\t<\/div>\n\t\t\t\t<div class=\"elementor-element elementor-element-f501526 elementor-widget elementor-widget-heading\" data-id=\"f501526\" data-element_type=\"widget\" data-widget_type=\"heading.default\">\n\t\t\t\t<div class=\"elementor-widget-container\">\n\t\t\t<h4 class=\"elementor-heading-title elementor-size-default\">8. Det er en sexdukke, ikke et barns leget\u00f8j<\/h4>\t\t<\/div>\n\t\t\t\t<\/div>\n\t\t\t\t<div class=\"elementor-element elementor-element-26f4ec6 elementor-widget elementor-widget-text-editor\" data-id=\"26f4ec6\" data-element_type=\"widget\" data-widget_type=\"text-editor.default\">\n\t\t\t\t<div class=\"elementor-widget-container\">\n\t\t\t\t\t\t\tHold sexdukken v\u00e6k fra b\u00f8rn, og opbevar den ikke p\u00e5 steder, hvor b\u00f8rn nemt kan komme i kontakt med den.\n\t\t\t\t\t\t<\/div>\n\t\t\t\t<\/div>\n\t\t\t\t<div class=\"elementor-element elementor-element-7a7f856 elementor-widget elementor-widget-text-editor\" data-id=\"7a7f856\" data-element_type=\"widget\" data-widget_type=\"text-editor.default\">\n\t\t\t\t<div class=\"elementor-widget-container\">\n\t\t\t\t\t\t\tTil at vise og opbevare din dukke i lang tid.\n\t\t\t\t\t\t<\/div>\n\t\t\t\t<\/div>\n\t\t\t\t<div class=\"elementor-element elementor-element-003fa28 elementor-widget elementor-widget-text-editor\" data-id=\"003fa28\" data-element_type=\"widget\" data-widget_type=\"text-editor.default\">\n\t\t\t\t<div class=\"elementor-widget-container\">\n\t\t\t\t\t\t\tVi tilbyder et sexdukkestativ til sexdukkeudstilling. Sexdukkestativet vil holde din sexdukke i st\u00e5ende stilling.\n\t\t\t\t\t\t<\/div>\n\t\t\t\t<\/div>\n\t\t\t\t<div class=\"elementor-element elementor-element-91e5c9a elementor-widget elementor-widget-text-editor\" data-id=\"91e5c9a\" data-element_type=\"widget\" data-widget_type=\"text-editor.default\">\n\t\t\t\t<div class=\"elementor-widget-container\">\n\t\t\t\t\t\t\tVi har ligeledes en sexdukkekrog, hvor sexdukken kan h\u00e6nge i lang tid for at sikre dens sikker opbevaring.\n\t\t\t\t\t\t<\/div>\n\t\t\t\t<\/div>\n\t\t\t\t<div class=\"elementor-element elementor-element-0f84cab elementor-widget elementor-widget-text-editor\" data-id=\"0f84cab\" data-element_type=\"widget\" data-widget_type=\"text-editor.default\">\n\t\t\t\t<div class=\"elementor-widget-container\">\n\t\t\t\t\t\t\tSe venligst denne video.\n\t\t\t\t\t\t<\/div>\n\t\t\t\t<\/div>\n\t\t\t\t<div class=\"elementor-element elementor-element-0a8f03e elementor-widget elementor-widget-image\" data-id=\"0a8f03e\" data-element_type=\"widget\" data-widget_type=\"image.default\">\n\t\t\t\t<div class=\"elementor-widget-container\">\n\t\t\t<style>\/*! elementor - v3.10.2 - 29-01-2023 *\/\n.elementor-widget-image{text-align:center}.elementor-widget-image a{display:inline-block}.elementor-widget-image a img[src$=\".svg\"]{width:48px}.elementor-widget-image img{vertical-align:middle;display:inline-block}<\/style>\t\t\t\t\t\t\t\t\t\t\t\t<img loading=\"lazy\" decoding=\"async\" width=\"758\" height=\"511\" src=\"https:\/\/renodoll.com\/wp-content\/uploads\/2023\/03\/kb-storage-case.jpg\" class=\"attachment-full size-full wp-image-14208\" alt=\"\" srcset=\"https:\/\/renodoll.com\/wp-content\/uploads\/2023\/03\/kb-storage-case.jpg 758w, https:\/\/renodoll.com\/wp-content\/uploads\/2023\/03\/kb-storage-case-300x202.jpg 300w, https:\/\/renodoll.com\/wp-content\/uploads\/2023\/03\/kb-storage-case-18x12.jpg 18w, https:\/\/renodoll.com\/wp-content\/uploads\/2023\/03\/kb-storage-case-100x67.jpg 100w, https:\/\/renodoll.com\/wp-content\/uploads\/2023\/03\/kb-storage-case-600x404.jpg 600w, https:\/\/renodoll.com\/wp-content\/uploads\/2023\/03\/kb-storage-case-10x7.jpg 10w\" sizes=\"auto, (max-width: 758px) 100vw, 758px\" \/>\t\t\t\t\t\t\t\t\t\t\t\t\t\t\t<\/div>\n\t\t\t\t<\/div>\n\t\t\t\t\t<\/div>\n\t\t<\/div>\n\t\t\t\t\t\t\t<\/div>\n\t\t<\/section>\n\t\t\t\t\t\t\t<\/div>","protected":false},"excerpt":{"rendered":"<p>Sexdukkeopbevaring Introduktion Der er specifikke trin, der skal f\u00f8lges ved opbevaring af sexdukken for at sikre, at deres levetid bevares, og sexdukkerne kan bruges i lang tid. Et godt omr\u00e5de til opbevaring af sexdukken kan afg\u00f8re, hvor tidligt sexdukkens silikoneskind og de indre dele vil \u00e6ldes og forl\u00e6nge sexdukkens levetid lige s\u00e5 meget. Som en n\u00f8dvendighed: Babypudder eller talkum skal j\u00e6vnligt p\u00e5f\u00f8res sexdukkens hud for at beskytte den mod olie og st\u00f8v. Efter sexdukkens brug, sexet<\/p>","protected":false},"author":1,"featured_media":0,"parent":0,"menu_order":0,"comment_status":"closed","ping_status":"closed","template":"","meta":{"footnotes":""},"class_list":["post-5463","page","type-page","status-publish","hentry"],"aioseo_notices":[],"_links":{"self":[{"href":"https:\/\/renodoll.com\/da\/wp-json\/wp\/v2\/pages\/5463","targetHints":{"allow":["GET"]}}],"collection":[{"href":"https:\/\/renodoll.com\/da\/wp-json\/wp\/v2\/pages"}],"about":[{"href":"https:\/\/renodoll.com\/da\/wp-json\/wp\/v2\/types\/page"}],"author":[{"embeddable":true,"href":"https:\/\/renodoll.com\/da\/wp-json\/wp\/v2\/users\/1"}],"replies":[{"embeddable":true,"href":"https:\/\/renodoll.com\/da\/wp-json\/wp\/v2\/comments?post=5463"}],"version-history":[{"count":43,"href":"https:\/\/renodoll.com\/da\/wp-json\/wp\/v2\/pages\/5463\/revisions"}],"predecessor-version":[{"id":16008,"href":"https:\/\/renodoll.com\/da\/wp-json\/wp\/v2\/pages\/5463\/revisions\/16008"}],"wp:attachment":[{"href":"https:\/\/renodoll.com\/da\/wp-json\/wp\/v2\/media?parent=5463"}],"curies":[{"name":"wp","href":"https:\/\/api.w.org\/{rel}","templated":true}]}}