{"id":5394,"date":"2023-02-22T16:53:11","date_gmt":"2023-02-22T08:53:11","guid":{"rendered":"https:\/\/renodoll.com\/?page_id=5394"},"modified":"2023-04-24T20:06:46","modified_gmt":"2023-04-24T12:06:46","slug":"sex-doll-maintenance","status":"publish","type":"page","link":"https:\/\/renodoll.com\/da\/sex-dukke-vedligeholdelse\/","title":{"rendered":"Vedligeholdelse af sexdukker"},"content":{"rendered":"<div data-elementor-type=\"wp-page\" data-elementor-id=\"5394\" class=\"elementor elementor-5394\">\n\t\t\t\t\t\t\t\t\t<section class=\"elementor-section elementor-top-section elementor-element elementor-element-b863e45 elementor-section-boxed elementor-section-height-default elementor-section-height-default\" data-id=\"b863e45\" data-element_type=\"section\">\n\t\t\t\t\t\t<div class=\"elementor-container elementor-column-gap-default\">\n\t\t\t\t\t<div class=\"elementor-column elementor-col-100 elementor-top-column elementor-element elementor-element-d06ff7c page-content-text\" data-id=\"d06ff7c\" data-element_type=\"column\">\n\t\t\t<div class=\"elementor-widget-wrap elementor-element-populated\">\n\t\t\t\t\t\t\t\t<div class=\"elementor-element elementor-element-cc13aac elementor-invisible elementor-widget elementor-widget-heading\" data-id=\"cc13aac\" data-element_type=\"widget\" data-settings=\"{&quot;_animation&quot;:&quot;fadeInUp&quot;}\" data-widget_type=\"heading.default\">\n\t\t\t\t<div class=\"elementor-widget-container\">\n\t\t\t<style>\/*! elementor - v3.10.2 - 29-01-2023 *\/\n.elementor-heading-title{padding:0;margin:0;line-height:1}.elementor-widget-heading .elementor-heading-title[class*=elementor-size-]>a{color:inherit;font-size:inherit;line-height:inherit}.elementor-widget-heading .elementor-heading-title.elementor-size-small{font-size:15px}.elementor-widget-heading .elementor-heading-title.elementor-size-medium{font-size:19px}.elementor-widget-heading .elementor-heading-title.elementor-size-large{font-size:29px}.elementor-widget-heading .elementor-heading-title.elementor-size-xl{font-size:39px}.elementor-widget-heading .elementor-heading-title.elementor-size-xxl{font-size:59px}<\/style><h2 class=\"elementor-heading-title elementor-size-default\">PLEJE AF SILIKONEOVERFLADEN<\/h2>\t\t<\/div>\n\t\t\t\t<\/div>\n\t\t\t\t<section class=\"elementor-section elementor-inner-section elementor-element elementor-element-b9cb035 elementor-section-boxed elementor-section-height-default elementor-section-height-default\" data-id=\"b9cb035\" data-element_type=\"section\">\n\t\t\t\t\t\t<div class=\"elementor-container elementor-column-gap-default\">\n\t\t\t\t\t<div class=\"elementor-column elementor-col-100 elementor-inner-column elementor-element elementor-element-3145bdb\" data-id=\"3145bdb\" data-element_type=\"column\">\n\t\t\t<div class=\"elementor-widget-wrap elementor-element-populated\">\n\t\t\t\t\t\t\t\t<div class=\"elementor-element elementor-element-8958d6e elementor-invisible elementor-widget elementor-widget-heading\" data-id=\"8958d6e\" data-element_type=\"widget\" data-settings=\"{&quot;_animation&quot;:&quot;fadeInUp&quot;}\" data-widget_type=\"heading.default\">\n\t\t\t\t<div class=\"elementor-widget-container\">\n\t\t\t<h2 class=\"elementor-heading-title elementor-size-default\">Introduktion til sexdukkepleje<\/h2>\t\t<\/div>\n\t\t\t\t<\/div>\n\t\t\t\t<div class=\"elementor-element elementor-element-5c55386 elementor-widget elementor-widget-text-editor\" data-id=\"5c55386\" data-element_type=\"widget\" data-widget_type=\"text-editor.default\">\n\t\t\t\t<div class=\"elementor-widget-container\">\n\t\t\t<style>\/*! elementor - v3.10.2 - 29-01-2023 *\/\n.elementor-widget-text-editor.elementor-drop-cap-view-stacked .elementor-drop-cap{background-color:#818a91;color:#fff}.elementor-widget-text-editor.elementor-drop-cap-view-framed .elementor-drop-cap{color:#818a91;border:3px solid;background-color:transparent}.elementor-widget-text-editor:not(.elementor-drop-cap-view-default) .elementor-drop-cap{margin-top:8px}.elementor-widget-text-editor:not(.elementor-drop-cap-view-default) .elementor-drop-cap-letter{width:1em;height:1em}.elementor-widget-text-editor .elementor-drop-cap{float:left;text-align:center;line-height:1;font-size:50px}.elementor-widget-text-editor .elementor-drop-cap-letter{display:inline-block}<\/style>\t\t\t\t<p>Til dukkemodellens dobbelte hud g\u00f8r vi brug af fremmed polymer silikonegummi fra menneskekroppen som udstyr, der er giftfri og lugtfri.<\/p>\t\t\t\t\t\t<\/div>\n\t\t\t\t<\/div>\n\t\t\t\t<div class=\"elementor-element elementor-element-ce0966c elementor-widget elementor-widget-text-editor\" data-id=\"ce0966c\" data-element_type=\"widget\" data-widget_type=\"text-editor.default\">\n\t\t\t\t<div class=\"elementor-widget-container\">\n\t\t\t\t\t\t\tN\u00e5r f\u00f8rst silikonematerialerne i lang tid ikke er i brug, vil der v\u00e6re oliespild p\u00e5 deres overflader p\u00e5 grund af den silikoneolie, der er indeholdt i silikoneformlen, og det er en s\u00e6dvanlig h\u00e6ndelse.\t\t\t\t\t\t<\/div>\n\t\t\t\t<\/div>\n\t\t\t\t<div class=\"elementor-element elementor-element-28b24ad elementor-widget elementor-widget-text-editor\" data-id=\"28b24ad\" data-element_type=\"widget\" data-widget_type=\"text-editor.default\">\n\t\t\t\t<div class=\"elementor-widget-container\">\n\t\t\t\t\t\t\tDu beh\u00f8ver kun at reng\u00f8re overfladen forsigtigt med rent stof. Ogs\u00e5, n\u00e5r sexdukker ikke bliver brugt i en l\u00e6ngere periode, vil deres overflader blive plettet med olie; det vil sige for at holde silikonehuden ren og sikker for bedre ydeevne, skal du altid foretage et rutinetjek og udf\u00f8re vedligeholdelse regelm\u00e6ssigt.\t\t\t\t\t\t<\/div>\n\t\t\t\t<\/div>\n\t\t\t\t<div class=\"elementor-element elementor-element-1003aec elementor-widget elementor-widget-text-editor\" data-id=\"1003aec\" data-element_type=\"widget\" data-widget_type=\"text-editor.default\">\n\t\t\t\t<div class=\"elementor-widget-container\">\n\t\t\t\t\t\t\tDen estimerede reng\u00f8ringstid varierer afh\u00e6ngigt af pligtens betydning og lagerdom\u00e6ne. Generelt er en m\u00e5nedlig rutine acceptabel.\t\t\t\t\t\t<\/div>\n\t\t\t\t<\/div>\n\t\t\t\t\t<\/div>\n\t\t<\/div>\n\t\t\t\t\t\t\t<\/div>\n\t\t<\/section>\n\t\t\t\t<div class=\"elementor-element elementor-element-e5c4aaa elementor-invisible elementor-widget elementor-widget-heading\" data-id=\"e5c4aaa\" data-element_type=\"widget\" data-settings=\"{&quot;_animation&quot;:&quot;fadeInUp&quot;}\" data-widget_type=\"heading.default\">\n\t\t\t\t<div class=\"elementor-widget-container\">\n\t\t\t<h2 class=\"elementor-heading-title elementor-size-default\">Rutinem\u00e6ssig sexdukkevedligeholdelsesmetode <\/h2>\t\t<\/div>\n\t\t\t\t<\/div>\n\t\t\t\t<div class=\"elementor-element elementor-element-6d7a9f6 elementor-widget elementor-widget-text-editor\" data-id=\"6d7a9f6\" data-element_type=\"widget\" data-widget_type=\"text-editor.default\">\n\t\t\t\t<div class=\"elementor-widget-container\">\n\t\t\t\t\t\t\tDyp f\u00f8rst stoffet i lunkent vand og brug det til at reng\u00f8re dukkens\/dukkens overflade omhyggeligt. Hvis der er snavs eller en kl\u00e6bende plet p\u00e5 silikoneoverfladen, skal du forsigtigt t\u00f8rre den af flere gange med s\u00e6bevand, og undlade at duppe den med magt.\t\t\t\t\t\t<\/div>\n\t\t\t\t<\/div>\n\t\t\t\t<div class=\"elementor-element elementor-element-9ea4cf7 elementor-widget elementor-widget-text-editor\" data-id=\"9ea4cf7\" data-element_type=\"widget\" data-widget_type=\"text-editor.default\">\n\t\t\t\t<div class=\"elementor-widget-container\">\n\t\t\t\t\t\t\tN\u00e5r du reng\u00f8r overfladen af silikonen, skal du bestr\u00e6be dig p\u00e5 ikke at bruge farlige reng\u00f8ringsmidler, s\u00e5som st\u00e6rke syre- og alkaliopl\u00f8sninger, kraftigt desinficerende reng\u00f8ringsmiddel osv.\t\t\t\t\t\t<\/div>\n\t\t\t\t<\/div>\n\t\t\t\t<div class=\"elementor-element elementor-element-3cf20d9 elementor-widget elementor-widget-text-editor\" data-id=\"3cf20d9\" data-element_type=\"widget\" data-widget_type=\"text-editor.default\">\n\t\t\t\t<div class=\"elementor-widget-container\">\n\t\t\t\t\t\t\tMild s\u00e6be, flydende vaskemiddel, shampoo eller brusegel kan bruges til at duppe det.\t\t\t\t\t\t<\/div>\n\t\t\t\t<\/div>\n\t\t\t\t<div class=\"elementor-element elementor-element-ece45d6 elementor-widget elementor-widget-image\" data-id=\"ece45d6\" data-element_type=\"widget\" data-widget_type=\"image.default\">\n\t\t\t\t<div class=\"elementor-widget-container\">\n\t\t\t<style>\/*! elementor - v3.10.2 - 29-01-2023 *\/\n.elementor-widget-image{text-align:center}.elementor-widget-image a{display:inline-block}.elementor-widget-image a img[src$=\".svg\"]{width:48px}.elementor-widget-image img{vertical-align:middle;display:inline-block}<\/style>\t\t\t\t\t\t\t\t\t\t\t\t<img loading=\"lazy\" decoding=\"async\" width=\"770\" height=\"213\" src=\"https:\/\/renodoll.com\/wp-content\/uploads\/2023\/03\/kb-maintain-1.gif\" class=\"attachment-large size-large wp-image-14560\" alt=\"\" \/>\t\t\t\t\t\t\t\t\t\t\t\t\t\t\t<\/div>\n\t\t\t\t<\/div>\n\t\t\t\t<div class=\"elementor-element elementor-element-018d411 elementor-widget elementor-widget-text-editor\" data-id=\"018d411\" data-element_type=\"widget\" data-widget_type=\"text-editor.default\">\n\t\t\t\t<div class=\"elementor-widget-container\">\n\t\t\t\t\t\t\tEfter brug, reng\u00f8r og t\u00f8r overfladen og l\u00e6g et bad eller talkum p\u00e5 den naturtro dukke; N\u00e5r du udf\u00f8rer denne operation, skal du b\u00e6re en ansigtsmaske for at undg\u00e5 at suge st\u00f8vet ind.\t\t\t\t\t\t<\/div>\n\t\t\t\t<\/div>\n\t\t\t\t<div class=\"elementor-element elementor-element-8d314f9 elementor-invisible elementor-widget elementor-widget-heading\" data-id=\"8d314f9\" data-element_type=\"widget\" data-settings=\"{&quot;_animation&quot;:&quot;fadeInUp&quot;}\" data-widget_type=\"heading.default\">\n\t\t\t\t<div class=\"elementor-widget-container\">\n\t\t\t<h2 class=\"elementor-heading-title elementor-size-default\">Pleje af leddele <\/h2>\t\t<\/div>\n\t\t\t\t<\/div>\n\t\t\t\t<div class=\"elementor-element elementor-element-db124c9 elementor-widget elementor-widget-text-editor\" data-id=\"db124c9\" data-element_type=\"widget\" data-widget_type=\"text-editor.default\">\n\t\t\t\t<div class=\"elementor-widget-container\">\n\t\t\t\t\t\t\tLedets del b\u00f8r ikke blive l\u00e6net for l\u00e6nge, hvis ikke, der vil opst\u00e5 rynker p\u00e5 dens overflade p\u00e5 grund af den uhensigtsm\u00e6ssige m\u00e5de, hvorp\u00e5 den er placeret, for\u00e5rsaget af langvarigt tryk p\u00e5 huden. For eksempel, hvis den er placeret siddende p\u00e5 sofaen i l\u00e6ngere tid, vil der vises en vandret linje p\u00e5 dens mave.\t\t\t\t\t\t<\/div>\n\t\t\t\t<\/div>\n\t\t\t\t<div class=\"elementor-element elementor-element-c56c12b elementor-widget elementor-widget-image\" data-id=\"c56c12b\" data-element_type=\"widget\" data-widget_type=\"image.default\">\n\t\t\t\t<div class=\"elementor-widget-container\">\n\t\t\t\t\t\t\t\t\t\t\t\t\t\t\t<img loading=\"lazy\" decoding=\"async\" width=\"770\" height=\"332\" src=\"https:\/\/renodoll.com\/wp-content\/uploads\/2023\/03\/kb-maintain-2.gif\" class=\"attachment-large size-large wp-image-14561\" alt=\"\" \/>\t\t\t\t\t\t\t\t\t\t\t\t\t\t\t<\/div>\n\t\t\t\t<\/div>\n\t\t\t\t<div class=\"elementor-element elementor-element-04e7cc1 elementor-widget elementor-widget-text-editor\" data-id=\"04e7cc1\" data-element_type=\"widget\" data-widget_type=\"text-editor.default\">\n\t\t\t\t<div class=\"elementor-widget-container\">\n\t\t\t\t\t\t\tSilikone har holdbarhed; sexdukken er ikke i brug; pak det venligst p\u00e5 samme m\u00e5de som det kom ud af fabrikken; det vil mindske trykket p\u00e5 alle led. L\u00e6g den realistiske sexdukke til side i et par dage, hvis der skulle v\u00e6re folder og rynker, s\u00e5 vil den rydde v\u00e6k.\t\t\t\t\t\t<\/div>\n\t\t\t\t<\/div>\n\t\t\t\t<div class=\"elementor-element elementor-element-30b6d21 elementor-invisible elementor-widget elementor-widget-heading\" data-id=\"30b6d21\" data-element_type=\"widget\" data-settings=\"{&quot;_animation&quot;:&quot;fadeInUp&quot;}\" data-widget_type=\"heading.default\">\n\t\t\t\t<div class=\"elementor-widget-container\">\n\t\t\t<h2 class=\"elementor-heading-title elementor-size-default\">Pleje af den realistiske sexdukkebel\u00e6gning <\/h2>\t\t<\/div>\n\t\t\t\t<\/div>\n\t\t\t\t<div class=\"elementor-element elementor-element-56ee739 elementor-widget elementor-widget-html\" data-id=\"56ee739\" data-element_type=\"widget\" data-widget_type=\"html.default\">\n\t\t\t\t<div class=\"elementor-widget-container\">\n\t\t\t<ol class=\"number_list_type\"><li>Den smukke makeup lavet p\u00e5 k\u00e6rlighedsdukken, der sender den til vores kunder, er en silikonebel\u00e6gning, som m\u00e5ske ikke renses af<\/li>\n<li>Reng\u00f8r det ikke med magt, is\u00e6r hvis makeuppen er p\u00e5 sexdukkens ansigt, \u00f8jenbryn og \u00f8jenvipper i naturlig st\u00f8rrelse. V\u00e6r venligst opm\u00e6rksom p\u00e5 den kraft, der p\u00e5f\u00f8res, n\u00e5r du laver en rutinem\u00e6ssig oprydning p\u00e5 den \u00e6gte sexdukke i naturlig st\u00f8rrelse.\n<\/li>\n<li>Hvis du anvender meget styrke, vil h\u00e5ret tr\u00e6kke sig, og dets farve vil ogs\u00e5 falme, n\u00e5r farven falmer af; det er sv\u00e6rt at lave reparationer.<\/li>\n<li>Generel kosmetik kan bruges til at lave makeup p\u00e5 sexdukker, f.eks. l\u00e6bestift osv.<\/li>\n<li>Undg\u00e5 at bruge for tyk og kl\u00e6brig salve til at d\u00e6kke ansigtet, ellers bliver det sv\u00e6rt at gnide det af.<\/li>\n<li>N\u00e5r du skifter makeup, skal du ikke duppe den sk\u00f8desl\u00f8st med meget energi; Brug forsigtigt s\u00e6bevand eller en ansigtsserviet til at rense det.<\/li>\n<\/ol>\t\t<\/div>\n\t\t\t\t<\/div>\n\t\t\t\t\t<\/div>\n\t\t<\/div>\n\t\t\t\t\t\t\t<\/div>\n\t\t<\/section>\n\t\t\t\t\t\t\t<\/div>","protected":false},"excerpt":{"rendered":"<p>PLEJE AF SILIKONEOVERFLADEN Sexdukkepleje Introduktion Til dukkemodellens duplikathud bruger vi fremmed polymer silikonegummi fra menneskekroppen som udstyr, der er giftfri og lugtfri. N\u00e5r f\u00f8rst silikonematerialerne i l\u00e6ngere tid ikke er i brug, vil der v\u00e6re oliespild p\u00e5 deres overflader p\u00e5 grund af silikoneolien, der er indeholdt i silikoneformlen, og dette er en s\u00e6dvanlig h\u00e6ndelse. Du beh\u00f8ver kun at reng\u00f8re overfladen forsigtigt med noget rent stof. N\u00e5r sexdukker ikke bliver brugt i en l\u00e6ngere periode, vil deres overflader blive plettet med<\/p>","protected":false},"author":1,"featured_media":0,"parent":0,"menu_order":0,"comment_status":"closed","ping_status":"closed","template":"","meta":{"footnotes":""},"class_list":["post-5394","page","type-page","status-publish","hentry"],"aioseo_notices":[],"_links":{"self":[{"href":"https:\/\/renodoll.com\/da\/wp-json\/wp\/v2\/pages\/5394","targetHints":{"allow":["GET"]}}],"collection":[{"href":"https:\/\/renodoll.com\/da\/wp-json\/wp\/v2\/pages"}],"about":[{"href":"https:\/\/renodoll.com\/da\/wp-json\/wp\/v2\/types\/page"}],"author":[{"embeddable":true,"href":"https:\/\/renodoll.com\/da\/wp-json\/wp\/v2\/users\/1"}],"replies":[{"embeddable":true,"href":"https:\/\/renodoll.com\/da\/wp-json\/wp\/v2\/comments?post=5394"}],"version-history":[{"count":55,"href":"https:\/\/renodoll.com\/da\/wp-json\/wp\/v2\/pages\/5394\/revisions"}],"predecessor-version":[{"id":16006,"href":"https:\/\/renodoll.com\/da\/wp-json\/wp\/v2\/pages\/5394\/revisions\/16006"}],"wp:attachment":[{"href":"https:\/\/renodoll.com\/da\/wp-json\/wp\/v2\/media?parent=5394"}],"curies":[{"name":"wp","href":"https:\/\/api.w.org\/{rel}","templated":true}]}}