{"id":5347,"date":"2023-02-22T14:44:51","date_gmt":"2023-02-22T06:44:51","guid":{"rendered":"https:\/\/renodoll.com\/?page_id=5347"},"modified":"2023-06-24T19:07:30","modified_gmt":"2023-06-24T11:07:30","slug":"auto-blowjob-sex-doll","status":"publish","type":"page","link":"https:\/\/renodoll.com\/da\/auto-blowjob-sex-doll\/","title":{"rendered":"Auto blowjob sexdukke"},"content":{"rendered":"<div data-elementor-type=\"wp-page\" data-elementor-id=\"5347\" class=\"elementor elementor-5347\" data-elementor-post-type=\"page\">\n\t\t\t\t\t\t<section class=\"elementor-section elementor-top-section elementor-element elementor-element-09aec2c elementor-section-boxed elementor-section-height-default elementor-section-height-default\" data-id=\"09aec2c\" data-element_type=\"section\" data-e-type=\"section\">\n\t\t\t\t\t\t<div class=\"elementor-container elementor-column-gap-default\">\n\t\t\t\t\t<div class=\"elementor-column elementor-col-100 elementor-top-column elementor-element elementor-element-7bf6429 page-content-text\" data-id=\"7bf6429\" data-element_type=\"column\" data-e-type=\"column\">\n\t\t\t<div class=\"elementor-widget-wrap elementor-element-populated\">\n\t\t\t\t\t\t<div class=\"elementor-element elementor-element-2f4c251 elementor-invisible elementor-widget elementor-widget-heading\" data-id=\"2f4c251\" data-element_type=\"widget\" data-e-type=\"widget\" data-settings=\"{&quot;_animation&quot;:&quot;fadeInUp&quot;}\" data-widget_type=\"heading.default\">\n\t\t\t\t<div class=\"elementor-widget-container\">\n\t\t\t\t\t<h2 class=\"elementor-heading-title elementor-size-default\">Auto Oral Sex Rutine<\/h2>\t\t\t\t<\/div>\n\t\t\t\t<\/div>\n\t\t\t\t<div class=\"elementor-element elementor-element-f7efe5c elementor-widget elementor-widget-text-editor\" data-id=\"f7efe5c\" data-element_type=\"widget\" data-e-type=\"widget\" data-widget_type=\"text-editor.default\">\n\t\t\t\t<div class=\"elementor-widget-container\">\n\t\t\t\t\t\t\t\t\tM\u00e5ske har du brug for en k\u00e6rlig dame, eller hvad du \u00f8nsker er en mere sp\u00e6ndende og behagelig sexlyst. Hvis du \u00f8nsker realistisk sex, findes her et tilfredsstillende udvalg for dig.\t\t\t\t\t\t\t\t<\/div>\n\t\t\t\t<\/div>\n\t\t\t\t<section class=\"elementor-section elementor-inner-section elementor-element elementor-element-b5bb391 elementor-section-boxed elementor-section-height-default elementor-section-height-default\" data-id=\"b5bb391\" data-element_type=\"section\" data-e-type=\"section\">\n\t\t\t\t\t\t<div class=\"elementor-container elementor-column-gap-default\">\n\t\t\t\t\t<div class=\"elementor-column elementor-col-50 elementor-inner-column elementor-element elementor-element-c05a3a8 elementor-invisible\" data-id=\"c05a3a8\" data-element_type=\"column\" data-e-type=\"column\" data-settings=\"{&quot;animation&quot;:&quot;fadeInLeft&quot;}\">\n\t\t\t<div class=\"elementor-widget-wrap elementor-element-populated\">\n\t\t\t\t\t\t<div class=\"elementor-element elementor-element-0cdc0d0 elementor-widget elementor-widget-text-editor\" data-id=\"0cdc0d0\" data-element_type=\"widget\" data-e-type=\"widget\" data-widget_type=\"text-editor.default\">\n\t\t\t\t<div class=\"elementor-widget-container\">\n\t\t\t\t\t\t\t\t\tRenoDoll pr\u00e6senterer dig for &quot;Auto Oral Sex&quot;-alternativet til flytning <span title=\"selv blowjob sexdoll\">sex dukke<\/span> og kan opfylde alle dine \u00f8nsker. Det kan tildele p\u00e5 kroppen, en k\u00e6rlighedsdukke i fuld st\u00f8rrelse. Log venligst p\u00e5 vores hjemmeside nedenfor for kompileringen med Auto Oral Sex.\t\t\t\t\t\t\t\t<\/div>\n\t\t\t\t<\/div>\n\t\t\t\t<div class=\"elementor-element elementor-element-4ef8f1c elementor-align-start elementor-icon-list--layout-traditional elementor-list-item-link-full_width elementor-widget elementor-widget-icon-list\" data-id=\"4ef8f1c\" data-element_type=\"widget\" data-e-type=\"widget\" data-widget_type=\"icon-list.default\">\n\t\t\t\t<div class=\"elementor-widget-container\">\n\t\t\t\t\t\t\t<ul class=\"elementor-icon-list-items\">\n\t\t\t\t\t\t\t<li class=\"elementor-icon-list-item\">\n\t\t\t\t\t\t\t\t\t\t\t<span class=\"elementor-icon-list-icon\">\n\t\t\t\t\t\t\t<i aria-hidden=\"true\" class=\"fas fa-check\"><\/i>\t\t\t\t\t\t<\/span>\n\t\t\t\t\t\t\t\t\t\t<span class=\"elementor-icon-list-text\">Vandrende dukke. <\/span>\n\t\t\t\t\t\t\t\t\t<\/li>\n\t\t\t\t\t\t\t\t<li class=\"elementor-icon-list-item\">\n\t\t\t\t\t\t\t\t\t\t\t<span class=\"elementor-icon-list-icon\">\n\t\t\t\t\t\t\t<i aria-hidden=\"true\" class=\"fas fa-check\"><\/i>\t\t\t\t\t\t<\/span>\n\t\t\t\t\t\t\t\t\t\t<span class=\"elementor-icon-list-text\">Accelerationen kan \u00e6ndres.<\/span>\n\t\t\t\t\t\t\t\t\t<\/li>\n\t\t\t\t\t\t\t\t<li class=\"elementor-icon-list-item\">\n\t\t\t\t\t\t\t\t\t\t\t<span class=\"elementor-icon-list-icon\">\n\t\t\t\t\t\t\t<i aria-hidden=\"true\" class=\"fas fa-check\"><\/i>\t\t\t\t\t\t<\/span>\n\t\t\t\t\t\t\t\t\t\t<span class=\"elementor-icon-list-text\">En dobbelt udgave er tilg\u00e6ngelig:<\/span>\n\t\t\t\t\t\t\t\t\t<\/li>\n\t\t\t\t\t\t<\/ul>\n\t\t\t\t\t\t<\/div>\n\t\t\t\t<\/div>\n\t\t\t\t\t<\/div>\n\t\t<\/div>\n\t\t\t\t<div class=\"elementor-column elementor-col-50 elementor-inner-column elementor-element elementor-element-9c59ec7 elementor-invisible\" data-id=\"9c59ec7\" data-element_type=\"column\" data-e-type=\"column\" data-settings=\"{&quot;animation&quot;:&quot;fadeInRight&quot;}\">\n\t\t\t<div class=\"elementor-widget-wrap elementor-element-populated\">\n\t\t\t\t\t\t<div class=\"elementor-element elementor-element-9b51cca elementor-widget elementor-widget-image\" data-id=\"9b51cca\" data-element_type=\"widget\" data-e-type=\"widget\" data-widget_type=\"image.default\">\n\t\t\t\t<div class=\"elementor-widget-container\">\n\t\t\t\t\t\t\t\t\t\t\t\t\t\t\t<img loading=\"lazy\" decoding=\"async\" width=\"480\" height=\"217\" src=\"https:\/\/renodoll.com\/wp-content\/uploads\/elementor\/thumbs\/xstore-placeholder-q1lsnz7fgoielvaun2xku1pmtki4wap0gutl6ge1k8.png\" class=\"attachment-large size-large wp-image-6591 lazyload lazyload-simple et-lazyload-fadeIn\" alt=\"Auto blowjob sexdukke\" sizes=\"auto, (max-width: 480px) 100vw, 480px\" data-src=\"https:\/\/renodoll.com\/wp-content\/uploads\/2023\/03\/oral.png\" data-srcset=\"https:\/\/renodoll.com\/wp-content\/uploads\/2023\/03\/oral.png 480w, https:\/\/renodoll.com\/wp-content\/uploads\/2023\/03\/oral-300x136.png 300w, https:\/\/renodoll.com\/wp-content\/uploads\/2023\/03\/oral-18x8.png 18w, https:\/\/renodoll.com\/wp-content\/uploads\/2023\/03\/oral-100x45.png 100w, https:\/\/renodoll.com\/wp-content\/uploads\/2023\/03\/oral-10x5.png 10w\" \/>\t\t\t\t\t\t\t\t\t\t\t\t\t\t\t<\/div>\n\t\t\t\t<\/div>\n\t\t\t\t\t<\/div>\n\t\t<\/div>\n\t\t\t\t\t<\/div>\n\t\t<\/section>\n\t\t\t\t<div class=\"elementor-element elementor-element-bb1687c elementor-invisible elementor-widget elementor-widget-heading\" data-id=\"bb1687c\" data-element_type=\"widget\" data-e-type=\"widget\" data-settings=\"{&quot;_animation&quot;:&quot;fadeInUp&quot;}\" data-widget_type=\"heading.default\">\n\t\t\t\t<div class=\"elementor-widget-container\">\n\t\t\t\t\t<h2 class=\"elementor-heading-title elementor-size-default\">Ikke-opladeligt Edition Plugin og Flirt Model uden indbygget batteri<\/h2>\t\t\t\t<\/div>\n\t\t\t\t<\/div>\n\t\t\t\t<div class=\"elementor-element elementor-element-869e276 elementor-widget elementor-widget-text-editor\" data-id=\"869e276\" data-element_type=\"widget\" data-e-type=\"widget\" data-widget_type=\"text-editor.default\">\n\t\t\t\t<div class=\"elementor-widget-container\">\n\t\t\t\t\t\t\t\t\tStr\u00f8madapter: kapacitet indgangssp\u00e6nding 100V\u2014240V, udgangssp\u00e6nding 24V\/3A\t\t\t\t\t\t\t\t<\/div>\n\t\t\t\t<\/div>\n\t\t\t\t<div class=\"elementor-element elementor-element-9bfd9a6 elementor-widget elementor-widget-text-editor\" data-id=\"9bfd9a6\" data-element_type=\"widget\" data-e-type=\"widget\" data-widget_type=\"text-editor.default\">\n\t\t\t\t<div class=\"elementor-widget-container\">\n\t\t\t\t\t\t\t\t\tCertificeringsstandard: Power CE\t\t\t\t\t\t\t\t<\/div>\n\t\t\t\t<\/div>\n\t\t\t\t<div class=\"elementor-element elementor-element-3ea5d21 elementor-invisible elementor-widget elementor-widget-heading\" data-id=\"3ea5d21\" data-element_type=\"widget\" data-e-type=\"widget\" data-settings=\"{&quot;_animation&quot;:&quot;fadeInUp&quot;}\" data-widget_type=\"heading.default\">\n\t\t\t\t<div class=\"elementor-widget-container\">\n\t\t\t\t\t<h2 class=\"elementor-heading-title elementor-size-default\">Den genopladelige model (brug er efter det indbyggede batteri er leveret fuldt opladet)<\/h2>\t\t\t\t<\/div>\n\t\t\t\t<\/div>\n\t\t\t\t<div class=\"elementor-element elementor-element-d867c0b elementor-widget elementor-widget-text-editor\" data-id=\"d867c0b\" data-element_type=\"widget\" data-e-type=\"widget\" data-widget_type=\"text-editor.default\">\n\t\t\t\t<div class=\"elementor-widget-container\">\n\t\t\t\t\t\t\t\t\tBatterikapacitet: arbejdssp\u00e6nding 22,2V, lavtrykssp\u00e6nding 24V.\t\t\t\t\t\t\t\t<\/div>\n\t\t\t\t<\/div>\n\t\t\t\t<div class=\"elementor-element elementor-element-3566703 elementor-widget elementor-widget-text-editor\" data-id=\"3566703\" data-element_type=\"widget\" data-e-type=\"widget\" data-widget_type=\"text-editor.default\">\n\t\t\t\t<div class=\"elementor-widget-container\">\n\t\t\t\t\t\t\t\t\tOpladning og afladning: 280-300 uger.\t\t\t\t\t\t\t\t<\/div>\n\t\t\t\t<\/div>\n\t\t\t\t<div class=\"elementor-element elementor-element-67fe7ac elementor-widget elementor-widget-text-editor\" data-id=\"67fe7ac\" data-element_type=\"widget\" data-e-type=\"widget\" data-widget_type=\"text-editor.default\">\n\t\t\t\t<div class=\"elementor-widget-container\">\n\t\t\t\t\t\t\t\t\tOpladningshastighed: 1,5 timers hurtig opladning.\t\t\t\t\t\t\t\t<\/div>\n\t\t\t\t<\/div>\n\t\t\t\t<div class=\"elementor-element elementor-element-cb5dad5 elementor-widget elementor-widget-text-editor\" data-id=\"cb5dad5\" data-element_type=\"widget\" data-e-type=\"widget\" data-widget_type=\"text-editor.default\">\n\t\t\t\t<div class=\"elementor-widget-container\">\n\t\t\t\t\t\t\t\t\t<p>Brugsvarighed: N\u00e5r den er fuldt opladet, en s\u00e5l <a href=\"https:\/\/renodoll.com\/da\/electric-hip-sex-doll\/\">elektriske hofter \u00e6gte sexdukke<\/a> kan konsekvent fungere i op til 5 timer.<\/p>\t\t\t\t\t\t\t\t<\/div>\n\t\t\t\t<\/div>\n\t\t\t\t<div class=\"elementor-element elementor-element-8bed1ad elementor-widget elementor-widget-text-editor\" data-id=\"8bed1ad\" data-element_type=\"widget\" data-e-type=\"widget\" data-widget_type=\"text-editor.default\">\n\t\t\t\t<div class=\"elementor-widget-container\">\n\t\t\t\t\t\t\t\t\tKredsl\u00f8bet af den automatiske oralsex kan ikke pakkes t\u00e6t sammen med en trukket skulder.\t\t\t\t\t\t\t\t<\/div>\n\t\t\t\t<\/div>\n\t\t\t\t<div class=\"elementor-element elementor-element-89ddbe4 elementor-invisible elementor-widget elementor-widget-heading\" data-id=\"89ddbe4\" data-element_type=\"widget\" data-e-type=\"widget\" data-settings=\"{&quot;_animation&quot;:&quot;fadeInUp&quot;}\" data-widget_type=\"heading.default\">\n\t\t\t\t<div class=\"elementor-widget-container\">\n\t\t\t\t\t<h2 class=\"elementor-heading-title elementor-size-default\">Introduktion til Auto Blow Job Sex Doll<\/h2>\t\t\t\t<\/div>\n\t\t\t\t<\/div>\n\t\t\t\t<div class=\"elementor-element elementor-element-0e1a5fe elementor-widget elementor-widget-text-editor\" data-id=\"0e1a5fe\" data-element_type=\"widget\" data-e-type=\"widget\" data-widget_type=\"text-editor.default\">\n\t\t\t\t<div class=\"elementor-widget-container\">\n\t\t\t\t\t\t\t\t\trenodoll Dolls implanterer mekaniske maskinkomponenter i realistiske sexdukker, s\u00e5 rigtige dukker kan udf\u00f8re oralsex af sig selv, hvilket g\u00f8r dig i stand til at nyde tilfredsstillelse i mere eksplicit og kraftfuld forn\u00f8jelse!\t\t\t\t\t\t\t\t<\/div>\n\t\t\t\t<\/div>\n\t\t\t\t<div class=\"elementor-element elementor-element-f326ee7 elementor-widget elementor-widget-text-editor\" data-id=\"f326ee7\" data-element_type=\"widget\" data-e-type=\"widget\" data-widget_type=\"text-editor.default\">\n\t\t\t\t<div class=\"elementor-widget-container\">\n\t\t\t\t\t\t\t\t\tBlowjob voksen sex dukker er tilg\u00e6ngelige i to modeller; afh\u00e6ngigt af din seksuelle lyst, kan du v\u00e6lge en opladningsmodel eller en plugin-model.\t\t\t\t\t\t\t\t<\/div>\n\t\t\t\t<\/div>\n\t\t\t\t<div class=\"elementor-element elementor-element-57f070c elementor-invisible elementor-widget elementor-widget-heading\" data-id=\"57f070c\" data-element_type=\"widget\" data-e-type=\"widget\" data-settings=\"{&quot;_animation&quot;:&quot;fadeInUp&quot;}\" data-widget_type=\"heading.default\">\n\t\t\t\t<div class=\"elementor-widget-container\">\n\t\t\t\t\t<h2 class=\"elementor-heading-title elementor-size-default\">Brugervejledning til fjernbetjening <\/h2>\t\t\t\t<\/div>\n\t\t\t\t<\/div>\n\t\t\t\t<div class=\"elementor-element elementor-element-ad47ed5 elementor-widget elementor-widget-text-editor\" data-id=\"ad47ed5\" data-element_type=\"widget\" data-e-type=\"widget\" data-widget_type=\"text-editor.default\">\n\t\t\t\t<div class=\"elementor-widget-container\">\n\t\t\t\t\t\t\t\t\tOpladningsinstruktion: oplad enheden i 2 timer, og fjern opladeren fra lyset.\t\t\t\t\t\t\t\t<\/div>\n\t\t\t\t<\/div>\n\t\t\t\t<div class=\"elementor-element elementor-element-67f86d1 elementor-widget elementor-widget-text-editor\" data-id=\"67f86d1\" data-element_type=\"widget\" data-e-type=\"widget\" data-widget_type=\"text-editor.default\">\n\t\t\t\t<div class=\"elementor-widget-container\">\n\t\t\t\t\t\t\t\t\tPlug-in instruktion: Oplad og afspil\t\t\t\t\t\t\t\t<\/div>\n\t\t\t\t<\/div>\n\t\t\t\t<div class=\"elementor-element elementor-element-863d016 elementor-widget elementor-widget-text-editor\" data-id=\"863d016\" data-element_type=\"widget\" data-e-type=\"widget\" data-widget_type=\"text-editor.default\">\n\t\t\t\t<div class=\"elementor-widget-container\">\n\t\t\t\t\t\t\t\t\tEfter opladning skal du trykke direkte p\u00e5 A (lav hastighed), B (midt hastighed) C (h\u00f8j hastighed) p\u00e5 fjernbetjeningen, og sexdukken vil begynde et oralsex-job; du kan regulere det til en rimelig hastighed i henhold til dine seksuelle behov. Ved at trykke p\u00e5 &quot;D&quot;-bunden stopper den naturtro sexdukke med at virke.\t\t\t\t\t\t\t\t<\/div>\n\t\t\t\t<\/div>\n\t\t\t\t<div class=\"elementor-element elementor-element-808a42d elementor-invisible elementor-widget elementor-widget-heading\" data-id=\"808a42d\" data-element_type=\"widget\" data-e-type=\"widget\" data-settings=\"{&quot;_animation&quot;:&quot;fadeInUp&quot;}\" data-widget_type=\"heading.default\">\n\t\t\t\t<div class=\"elementor-widget-container\">\n\t\t\t\t\t<h2 class=\"elementor-heading-title elementor-size-default\">Forebyggende foranstaltninger <\/h2>\t\t\t\t<\/div>\n\t\t\t\t<\/div>\n\t\t\t\t<div class=\"elementor-element elementor-element-dea0f73 elementor-widget elementor-widget-html\" data-id=\"dea0f73\" data-element_type=\"widget\" data-e-type=\"widget\" data-widget_type=\"html.default\">\n\t\t\t\t<div class=\"elementor-widget-container\">\n\t\t\t\t\t<ol class=\"number_list_type\"><li>S\u00f8rg for, at knapperne er deaktiveret, n\u00e5r du oplader eller \u00e6ndrer sexdukkens position. Tving ikke en rolle, n\u00e5r den er tilsluttet for at oplade.<\/li>\n<li>Lad sexdukken falde til ro efter 2 timers endel\u00f8s brug. Hun skal ligge i mindst 10-30 minutter for hver 2 timers brug<\/li>\n<li>Hvis den f\u00e5r lov til at oplade korrekt, kan den bruges i op til 5 timer, f\u00f8r den l\u00f8ber t\u00f8r.<\/li>\n<li>Reng\u00f8r venligst ordentligt efter hver brug og pudre det ber\u00f8rte omr\u00e5de af den sexede sexdukke. <\/li>\n<li>Computerstyret <span title=\"selv blowjob sexdoll\">blowjob<\/span>, <a href=\"https:\/\/renodoll.com\/da\/electric-hip-sex-doll\/\">elektrisk hofte<\/a>, og computerstyret sugning kan ikke v\u00e6lges spontant <\/li>\n \n<\/ol>\t\t\t\t<\/div>\n\t\t\t\t<\/div>\n\t\t\t\t<div class=\"elementor-element elementor-element-d99a9ed elementor-invisible elementor-widget elementor-widget-video\" data-id=\"d99a9ed\" data-element_type=\"widget\" data-e-type=\"widget\" data-settings=\"{&quot;video_type&quot;:&quot;hosted&quot;,&quot;autoplay&quot;:&quot;yes&quot;,&quot;play_on_mobile&quot;:&quot;yes&quot;,&quot;loop&quot;:&quot;yes&quot;,&quot;_animation&quot;:&quot;slideInLeft&quot;,&quot;controls&quot;:&quot;yes&quot;}\" data-widget_type=\"video.default\">\n\t\t\t\t<div class=\"elementor-widget-container\">\n\t\t\t\t\t\t\t<div class=\"e-hosted-video elementor-wrapper elementor-open-inline\">\n\t\t\t\t\t<video class=\"elementor-video\" src=\"http:\/\/renodoll.com\/wp-content\/uploads\/2023\/03\/auto-oral.mp4\" autoplay=\"\" loop=\"\" controls=\"\" playsinline=\"\"><\/video>\n\t\t\t\t<\/div>\n\t\t\t\t\t\t<\/div>\n\t\t\t\t<\/div>\n\t\t\t\t\t<\/div>\n\t\t<\/div>\n\t\t\t\t\t<\/div>\n\t\t<\/section>\n\t\t\t\t<\/div>","protected":false},"excerpt":{"rendered":"<p>Auto Oral Sex Rutine M\u00e5ske har du brug for en k\u00e6rlig dame, eller hvad du \u00f8nsker er en mere sp\u00e6ndende og behagelig sexlyst. Hvis du \u00f8nsker realistisk sex, findes her et tilfredsstillende udvalg for dig. RenoDoll pr\u00e6senterer dig for &quot;Auto Oral Sex&quot;-alternativet til Moving Sex Doll og kan opfylde alle dine \u00f8nsker. Det kan tildele p\u00e5 kroppen, en k\u00e6rlighedsdukke i fuld st\u00f8rrelse. Log venligst p\u00e5 vores hjemmeside nedenfor for kompileringen med Auto Oral Sex. Vandrende dukke. Accelerationen kan \u00e6ndres. En Dual-udgave er tilg\u00e6ngelig: Ikke-opladeligt Edition Plugin og Flirt Model uden indbygget batteri<\/p>","protected":false},"author":1,"featured_media":0,"parent":0,"menu_order":0,"comment_status":"closed","ping_status":"closed","template":"","meta":{"footnotes":""},"class_list":["post-5347","page","type-page","status-publish","hentry"],"aioseo_notices":[],"_links":{"self":[{"href":"https:\/\/renodoll.com\/da\/wp-json\/wp\/v2\/pages\/5347","targetHints":{"allow":["GET"]}}],"collection":[{"href":"https:\/\/renodoll.com\/da\/wp-json\/wp\/v2\/pages"}],"about":[{"href":"https:\/\/renodoll.com\/da\/wp-json\/wp\/v2\/types\/page"}],"author":[{"embeddable":true,"href":"https:\/\/renodoll.com\/da\/wp-json\/wp\/v2\/users\/1"}],"replies":[{"embeddable":true,"href":"https:\/\/renodoll.com\/da\/wp-json\/wp\/v2\/comments?post=5347"}],"version-history":[{"count":55,"href":"https:\/\/renodoll.com\/da\/wp-json\/wp\/v2\/pages\/5347\/revisions"}],"predecessor-version":[{"id":16163,"href":"https:\/\/renodoll.com\/da\/wp-json\/wp\/v2\/pages\/5347\/revisions\/16163"}],"wp:attachment":[{"href":"https:\/\/renodoll.com\/da\/wp-json\/wp\/v2\/media?parent=5347"}],"curies":[{"name":"wp","href":"https:\/\/api.w.org\/{rel}","templated":true}]}}