{"id":5188,"date":"2023-02-20T14:54:06","date_gmt":"2023-02-20T06:54:06","guid":{"rendered":"https:\/\/renodoll.com\/?page_id=5188"},"modified":"2023-03-31T14:32:26","modified_gmt":"2023-03-31T06:32:26","slug":"privacy-policy","status":"publish","type":"page","link":"https:\/\/renodoll.com\/da\/privacy-policy\/","title":{"rendered":"Fortrolighedspolitik"},"content":{"rendered":"<div data-elementor-type=\"wp-page\" data-elementor-id=\"5188\" class=\"elementor elementor-5188\" data-elementor-post-type=\"page\">\n\t\t\t\t\t\t<section class=\"elementor-section elementor-top-section elementor-element elementor-element-2aace59 elementor-section-boxed elementor-section-height-default elementor-section-height-default\" data-id=\"2aace59\" data-element_type=\"section\" data-e-type=\"section\">\n\t\t\t\t\t\t<div class=\"elementor-container elementor-column-gap-no\">\n\t\t\t\t\t<div class=\"elementor-column elementor-col-100 elementor-top-column elementor-element elementor-element-0017d57\" data-id=\"0017d57\" data-element_type=\"column\" data-e-type=\"column\">\n\t\t\t<div class=\"elementor-widget-wrap elementor-element-populated\">\n\t\t\t\t\t\t<div class=\"elementor-element elementor-element-8a2ff4e elementor-widget elementor-widget-spacer\" data-id=\"8a2ff4e\" data-element_type=\"widget\" data-e-type=\"widget\" data-widget_type=\"spacer.default\">\n\t\t\t\t<div class=\"elementor-widget-container\">\n\t\t\t\t\t\t\t<div class=\"elementor-spacer\">\n\t\t\t<div class=\"elementor-spacer-inner\"><\/div>\n\t\t<\/div>\n\t\t\t\t\t\t<\/div>\n\t\t\t\t<\/div>\n\t\t\t\t<div class=\"elementor-element elementor-element-5997a9f elementor-invisible elementor-widget elementor-widget-heading\" data-id=\"5997a9f\" data-element_type=\"widget\" data-e-type=\"widget\" data-settings=\"{&quot;_animation&quot;:&quot;fadeInUp&quot;}\" data-widget_type=\"heading.default\">\n\t\t\t\t<div class=\"elementor-widget-container\">\n\t\t\t\t\t<h2 class=\"elementor-heading-title elementor-size-default\">Om os<\/h2>\t\t\t\t<\/div>\n\t\t\t\t<\/div>\n\t\t\t\t<div class=\"elementor-element elementor-element-3feda34 elementor-widget elementor-widget-text-editor\" data-id=\"3feda34\" data-element_type=\"widget\" data-e-type=\"widget\" data-widget_type=\"text-editor.default\">\n\t\t\t\t<div class=\"elementor-widget-container\">\n\t\t\t\t\t\t\t\t\t<p>Denne hjemmeside tilh\u00f8rer RenoDoll; vi handler med salg af sexdukker. Alle oplysninger om vores virksomhed og vores kontaktoplysninger kan findes p\u00e5 vores hjemmeside.<\/p>\t\t\t\t\t\t\t\t<\/div>\n\t\t\t\t<\/div>\n\t\t\t\t<div class=\"elementor-element elementor-element-7cdfd52 elementor-widget elementor-widget-spacer\" data-id=\"7cdfd52\" data-element_type=\"widget\" data-e-type=\"widget\" data-widget_type=\"spacer.default\">\n\t\t\t\t<div class=\"elementor-widget-container\">\n\t\t\t\t\t\t\t<div class=\"elementor-spacer\">\n\t\t\t<div class=\"elementor-spacer-inner\"><\/div>\n\t\t<\/div>\n\t\t\t\t\t\t<\/div>\n\t\t\t\t<\/div>\n\t\t\t\t<div class=\"elementor-element elementor-element-57d9795 elementor-invisible elementor-widget elementor-widget-heading\" data-id=\"57d9795\" data-element_type=\"widget\" data-e-type=\"widget\" data-settings=\"{&quot;_animation&quot;:&quot;fadeInUp&quot;}\" data-widget_type=\"heading.default\">\n\t\t\t\t<div class=\"elementor-widget-container\">\n\t\t\t\t\t<h2 class=\"elementor-heading-title elementor-size-default\">Hvad g\u00f8r vores politik?<\/h2>\t\t\t\t<\/div>\n\t\t\t\t<\/div>\n\t\t\t\t<div class=\"elementor-element elementor-element-4079b24 elementor-widget elementor-widget-text-editor\" data-id=\"4079b24\" data-element_type=\"widget\" data-e-type=\"widget\" data-widget_type=\"text-editor.default\">\n\t\t\t\t<div class=\"elementor-widget-container\">\n\t\t\t\t\t\t\t\t\tVores politik fort\u00e6ller dig alt, hvad du beh\u00f8ver at vide om at udlevere dine personlige oplysninger til os. Vores politikoplysninger d\u00e6kker kun de oplysninger, vi har f\u00e5et. Hvis du p\u00e5 noget tidspunkt giver dine personlige oplysninger til andre websteder, s\u00e5 tjek venligst deres virksomheds politik. \t\t\t\t\t\t\t\t<\/div>\n\t\t\t\t<\/div>\n\t\t\t\t<div class=\"elementor-element elementor-element-ac5f931 elementor-widget elementor-widget-text-editor\" data-id=\"ac5f931\" data-element_type=\"widget\" data-e-type=\"widget\" data-widget_type=\"text-editor.default\">\n\t\t\t\t<div class=\"elementor-widget-container\">\n\t\t\t\t\t\t\t\t\tBrug kun vores tjenester efter at have gennemg\u00e5et vores politikdetaljer, og det tilfredsstiller dig.\t\t\t\t\t\t\t\t<\/div>\n\t\t\t\t<\/div>\n\t\t\t\t<div class=\"elementor-element elementor-element-1a4cbf5 elementor-widget elementor-widget-spacer\" data-id=\"1a4cbf5\" data-element_type=\"widget\" data-e-type=\"widget\" data-widget_type=\"spacer.default\">\n\t\t\t\t<div class=\"elementor-widget-container\">\n\t\t\t\t\t\t\t<div class=\"elementor-spacer\">\n\t\t\t<div class=\"elementor-spacer-inner\"><\/div>\n\t\t<\/div>\n\t\t\t\t\t\t<\/div>\n\t\t\t\t<\/div>\n\t\t\t\t<div class=\"elementor-element elementor-element-fd092ed elementor-invisible elementor-widget elementor-widget-heading\" data-id=\"fd092ed\" data-element_type=\"widget\" data-e-type=\"widget\" data-settings=\"{&quot;_animation&quot;:&quot;fadeInUp&quot;}\" data-widget_type=\"heading.default\">\n\t\t\t\t<div class=\"elementor-widget-container\">\n\t\t\t\t\t<h2 class=\"elementor-heading-title elementor-size-default\">Kan der ske en \u00e6ndring i politikken?<\/h2>\t\t\t\t<\/div>\n\t\t\t\t<\/div>\n\t\t\t\t<div class=\"elementor-element elementor-element-4a2734b elementor-widget elementor-widget-text-editor\" data-id=\"4a2734b\" data-element_type=\"widget\" data-e-type=\"widget\" data-widget_type=\"text-editor.default\">\n\t\t\t\t<div class=\"elementor-widget-container\">\n\t\t\t\t\t\t\t\t\tHvis vores politik p\u00e5 noget tidspunkt underg\u00e5r \u00e6ndringer, vil vi give dig besked om disse \u00e6ndringer.\t\t\t\t\t\t\t\t<\/div>\n\t\t\t\t<\/div>\n\t\t\t\t<div class=\"elementor-element elementor-element-b84993c elementor-widget elementor-widget-spacer\" data-id=\"b84993c\" data-element_type=\"widget\" data-e-type=\"widget\" data-widget_type=\"spacer.default\">\n\t\t\t\t<div class=\"elementor-widget-container\">\n\t\t\t\t\t\t\t<div class=\"elementor-spacer\">\n\t\t\t<div class=\"elementor-spacer-inner\"><\/div>\n\t\t<\/div>\n\t\t\t\t\t\t<\/div>\n\t\t\t\t<\/div>\n\t\t\t\t<div class=\"elementor-element elementor-element-4cc3835 elementor-invisible elementor-widget elementor-widget-heading\" data-id=\"4cc3835\" data-element_type=\"widget\" data-e-type=\"widget\" data-settings=\"{&quot;_animation&quot;:&quot;fadeInUp&quot;}\" data-widget_type=\"heading.default\">\n\t\t\t\t<div class=\"elementor-widget-container\">\n\t\t\t\t\t<h2 class=\"elementor-heading-title elementor-size-default\">Hvilke detaljer giver du os?<\/h2>\t\t\t\t<\/div>\n\t\t\t\t<\/div>\n\t\t\t\t<div class=\"elementor-element elementor-element-dfc3f46 elementor-widget elementor-widget-text-editor\" data-id=\"dfc3f46\" data-element_type=\"widget\" data-e-type=\"widget\" data-widget_type=\"text-editor.default\">\n\t\t\t\t<div class=\"elementor-widget-container\">\n\t\t\t\t\t\t\t\t\t<h4>Dine oplysninger, som vi f\u00e5r til brug p\u00e5 vores websteder, omfatter;<\/h4>\t\t\t\t\t\t\t\t<\/div>\n\t\t\t\t<\/div>\n\t\t\t\t<div class=\"elementor-element elementor-element-c9a24b7 elementor-widget elementor-widget-html\" data-id=\"c9a24b7\" data-element_type=\"widget\" data-e-type=\"widget\" data-widget_type=\"html.default\">\n\t\t\t\t<div class=\"elementor-widget-container\">\n\t\t\t\t\t<ol class=\"number_list_type\"><li>Dit navn og dit kontakt-id<\/li>\n<li>Beviset p\u00e5 dit id til verifikationsform\u00e5l <\/li>\n<li>Dine kontooplysninger (brugernavn og adgangskode)<\/li>\n<li>Din brug af vores servicetransaktionsoplysninger <\/li>\n<li>Oplysninger inkluderet i din kommunikation med os, s\u00e5som unders\u00f8gelser og feedback <\/li>\n<li>Oplysninger, du giver os til at bruge til vores nyhedsbreve og andre tjenester. <\/li>\n<li>Automatisk information om, hvordan du bruger vores tjenester, s\u00e5som internetprotokollen, din tilsluttede enhed og din browsertype. <\/li>\n<li>Dit referencenummer, enhedsidentifikation, mobildatanetv\u00e6rk, loginoplysninger og loginaktiviteter, det websted, hvorigennem du g\u00e5r ind p\u00e5 vores websteder, de sider, du bes\u00f8gte, og de transaktioner, du udf\u00f8rte.<\/li>\n<\/ol>\t\t\t\t<\/div>\n\t\t\t\t<\/div>\n\t\t\t\t<div class=\"elementor-element elementor-element-5fbeccb elementor-widget elementor-widget-text-editor\" data-id=\"5fbeccb\" data-element_type=\"widget\" data-e-type=\"widget\" data-widget_type=\"text-editor.default\">\n\t\t\t\t<div class=\"elementor-widget-container\">\n\t\t\t\t\t\t\t\t\tVi kan dog f\u00e5 f\u00f8lgende oplysninger om dig fra tredjeparter;\n\n\t\t\t\t\t\t\t\t<\/div>\n\t\t\t\t<\/div>\n\t\t\t\t<div class=\"elementor-element elementor-element-47b90b4 elementor-widget elementor-widget-text-editor\" data-id=\"47b90b4\" data-element_type=\"widget\" data-e-type=\"widget\" data-widget_type=\"text-editor.default\">\n\t\t\t\t<div class=\"elementor-widget-container\">\n\t\t\t\t\t\t\t\t\tDine faktureringsoplysninger sendes til os fra dine betalingsudstedere, s\u00e5som dit navn, din fakturering og e-mailadresse, med henblik p\u00e5 bekr\u00e6ftelse.\t\t\t\t\t\t\t\t<\/div>\n\t\t\t\t<\/div>\n\t\t\t\t<div class=\"elementor-element elementor-element-373e79d elementor-widget elementor-widget-spacer\" data-id=\"373e79d\" data-element_type=\"widget\" data-e-type=\"widget\" data-widget_type=\"spacer.default\">\n\t\t\t\t<div class=\"elementor-widget-container\">\n\t\t\t\t\t\t\t<div class=\"elementor-spacer\">\n\t\t\t<div class=\"elementor-spacer-inner\"><\/div>\n\t\t<\/div>\n\t\t\t\t\t\t<\/div>\n\t\t\t\t<\/div>\n\t\t\t\t<div class=\"elementor-element elementor-element-56745a0 elementor-invisible elementor-widget elementor-widget-heading\" data-id=\"56745a0\" data-element_type=\"widget\" data-e-type=\"widget\" data-settings=\"{&quot;_animation&quot;:&quot;fadeInUp&quot;}\" data-widget_type=\"heading.default\">\n\t\t\t\t<div class=\"elementor-widget-container\">\n\t\t\t\t\t<h2 class=\"elementor-heading-title elementor-size-default\">Lovligheden eller grundlaget for, at vi f\u00e5r s\u00e5danne oplysninger<\/h2>\t\t\t\t<\/div>\n\t\t\t\t<\/div>\n\t\t\t\t<div class=\"elementor-element elementor-element-1d0d6b3 elementor-widget elementor-widget-text-editor\" data-id=\"1d0d6b3\" data-element_type=\"widget\" data-e-type=\"widget\" data-widget_type=\"text-editor.default\">\n\t\t\t\t<div class=\"elementor-widget-container\">\n\t\t\t\t\t\t\t\t\tOplysninger, s\u00e5som din konto, kontakt, transaktion og profiloplysninger, skal gives frit. Disse oplysninger indhentes fra dig, fordi det kun er med dit samtykke, at vi kan bruge disse oplysninger til at indg\u00e5 en kontrakt med dig.\t\t\t\t\t\t\t\t<\/div>\n\t\t\t\t<\/div>\n\t\t\t\t<div class=\"elementor-element elementor-element-0300983 elementor-widget elementor-widget-text-editor\" data-id=\"0300983\" data-element_type=\"widget\" data-e-type=\"widget\" data-widget_type=\"text-editor.default\">\n\t\t\t\t<div class=\"elementor-widget-container\">\n\t\t\t\t\t\t\t\t\tVi f\u00e5r dine oplysninger, s\u00e5 vi lovligt kan sende dig markedsf\u00f8ringsopdateringer om vores produkter og andre lignende produkter og p\u00e5 samme m\u00e5de administrere og beskytte vores tjenester for at give dig sikkerhed mod svindel eller misbrug og p\u00e5 samme m\u00e5de spore brugsm\u00f8nstre. Til disse f\u00e5r vi dine kontaktoplysninger, dataforbrug og din feedback p\u00e5 unders\u00f8gelser. \t\t\t\t\t\t\t\t<\/div>\n\t\t\t\t<\/div>\n\t\t\t\t<div class=\"elementor-element elementor-element-297c48c elementor-widget elementor-widget-text-editor\" data-id=\"297c48c\" data-element_type=\"widget\" data-e-type=\"widget\" data-widget_type=\"text-editor.default\">\n\t\t\t\t<div class=\"elementor-widget-container\">\n\t\t\t\t\t\t\t\t\tVi har dine data, fordi du frivilligt har givet samtykke til at bruge vores tjenester (ved at markere boksen for samtykke). Dette g\u00e6lder ogs\u00e5 for de oplysninger, du har givet samtykke til at udlevere til e-mail-marketing og andre former for markedsf\u00f8ring. Du har dog til enhver tid ret til at tr\u00e6kke dit samtykke til at udlevere dine oplysninger tilbage, som forklaret i vores servicevilk\u00e5r, eller ved at kontakte vores serviceteam via e-mail. \t\t\t\t\t\t\t\t<\/div>\n\t\t\t\t<\/div>\n\t\t\t\t<div class=\"elementor-element elementor-element-cdef221 elementor-widget elementor-widget-spacer\" data-id=\"cdef221\" data-element_type=\"widget\" data-e-type=\"widget\" data-widget_type=\"spacer.default\">\n\t\t\t\t<div class=\"elementor-widget-container\">\n\t\t\t\t\t\t\t<div class=\"elementor-spacer\">\n\t\t\t<div class=\"elementor-spacer-inner\"><\/div>\n\t\t<\/div>\n\t\t\t\t\t\t<\/div>\n\t\t\t\t<\/div>\n\t\t\t\t<div class=\"elementor-element elementor-element-8618904 elementor-invisible elementor-widget elementor-widget-heading\" data-id=\"8618904\" data-element_type=\"widget\" data-e-type=\"widget\" data-settings=\"{&quot;_animation&quot;:&quot;fadeInUp&quot;}\" data-widget_type=\"heading.default\">\n\t\t\t\t<div class=\"elementor-widget-container\">\n\t\t\t\t\t<h2 class=\"elementor-heading-title elementor-size-default\">Hvor lang tid bruger dine personlige oplysninger hos os?<\/h2>\t\t\t\t<\/div>\n\t\t\t\t<\/div>\n\t\t\t\t<div class=\"elementor-element elementor-element-d43308c elementor-widget elementor-widget-text-editor\" data-id=\"d43308c\" data-element_type=\"widget\" data-e-type=\"widget\" data-widget_type=\"text-editor.default\">\n\t\t\t\t<div class=\"elementor-widget-container\">\n\t\t\t\t\t\t\t\t\tMedmindre du beder os om at slette dine oplysninger, eller vores kontrakt med dig er udl\u00f8bet, forbliver dine personlige oplysninger hos os. Men hvis det ogs\u00e5 er n\u00f8dvendigt, vil vi holde l\u00e6ngere p\u00e5 nogle eller alle dine personlige oplysninger i tilf\u00e6lde af juridiske, reguleringsm\u00e6ssige eller skattem\u00e6ssige \u00e5rsager for at h\u00e5ndtere problemer eller for at h\u00e5ndtere svig og\/eller misbrug eller h\u00e5ndh\u00e6velse af vores politikker (normalt for omkring seks \u00e5r).\t\t\t\t\t\t\t\t<\/div>\n\t\t\t\t<\/div>\n\t\t\t\t<div class=\"elementor-element elementor-element-920a938 elementor-widget elementor-widget-text-editor\" data-id=\"920a938\" data-element_type=\"widget\" data-e-type=\"widget\" data-widget_type=\"text-editor.default\">\n\t\t\t\t<div class=\"elementor-widget-container\">\n\t\t\t\t\t\t\t\t\tVi opbevarer kun dine oplysninger til nyhedsbreve eller andre markedsf\u00f8ringsaktiviteter, indtil du fort\u00e6ller os andet, og vi vil kun forts\u00e6tte med at gennemse detaljer i en periode p\u00e5 26 m\u00e5neder.\t\t\t\t\t\t\t\t<\/div>\n\t\t\t\t<\/div>\n\t\t\t\t<div class=\"elementor-element elementor-element-c674c01 elementor-widget elementor-widget-spacer\" data-id=\"c674c01\" data-element_type=\"widget\" data-e-type=\"widget\" data-widget_type=\"spacer.default\">\n\t\t\t\t<div class=\"elementor-widget-container\">\n\t\t\t\t\t\t\t<div class=\"elementor-spacer\">\n\t\t\t<div class=\"elementor-spacer-inner\"><\/div>\n\t\t<\/div>\n\t\t\t\t\t\t<\/div>\n\t\t\t\t<\/div>\n\t\t\t\t<div class=\"elementor-element elementor-element-9a04966 elementor-invisible elementor-widget elementor-widget-heading\" data-id=\"9a04966\" data-element_type=\"widget\" data-e-type=\"widget\" data-settings=\"{&quot;_animation&quot;:&quot;fadeInUp&quot;}\" data-widget_type=\"heading.default\">\n\t\t\t\t<div class=\"elementor-widget-container\">\n\t\t\t\t\t<h2 class=\"elementor-heading-title elementor-size-default\">hvem sender vi dine personlige oplysninger? <\/h2>\t\t\t\t<\/div>\n\t\t\t\t<\/div>\n\t\t\t\t<div class=\"elementor-element elementor-element-123ae33 elementor-widget elementor-widget-text-editor\" data-id=\"123ae33\" data-element_type=\"widget\" data-e-type=\"widget\" data-widget_type=\"text-editor.default\">\n\t\t\t\t<div class=\"elementor-widget-container\">\n\t\t\t\t\t\t\t\t\t<h4>Dine oplysninger, som vi f\u00e5r til brug p\u00e5 vores websteder, omfatter;<\/h4>\t\t\t\t\t\t\t\t<\/div>\n\t\t\t\t<\/div>\n\t\t\t\t<div class=\"elementor-element elementor-element-e0655b2 elementor-widget elementor-widget-html\" data-id=\"e0655b2\" data-element_type=\"widget\" data-e-type=\"widget\" data-widget_type=\"html.default\">\n\t\t\t\t<div class=\"elementor-widget-container\">\n\t\t\t\t\t<ol class=\"number_list_type\"><li>Dem, der hj\u00e6lper os med at hoste hjemmesiden og administrere den, betalingsoperat\u00f8rer, kundeserviceudbydere, e-mail-distribut\u00f8rer, e-handel, analyser, vores anmeldelsesledelsesteam, kundeunders\u00f8gelse og feedback, vores live chats og leveringstjenester.<\/li>\n<li>Lovmyndighederne, politiet og andre retsh\u00e5ndh\u00e6vende myndigheder hj\u00e6lper i tilf\u00e6lde af svindel eller misbrug og sikrer overholdelse af lovkrav for at beskytte dig og os.<\/li>\n<li>Til vores r\u00e5dgivere og udstedere professionelt, n\u00e5r det kommer til vores forsikringsd\u00e6kning eller vores behandling af retskrav.<\/li>\n<li>Til vores potentielle kunder, hvis det er n\u00f8dvendigt, i tilf\u00e6lde af et oplyst k\u00f8b eller et igangv\u00e6rende k\u00f8b eller for en fusion med hele eller dele af vores virksomhed.<\/li>\n<\/ol>\t\t\t\t<\/div>\n\t\t\t\t<\/div>\n\t\t\t\t<div class=\"elementor-element elementor-element-e443da4 elementor-invisible elementor-widget elementor-widget-heading\" data-id=\"e443da4\" data-element_type=\"widget\" data-e-type=\"widget\" data-settings=\"{&quot;_animation&quot;:&quot;fadeInUp&quot;}\" data-widget_type=\"heading.default\">\n\t\t\t\t<div class=\"elementor-widget-container\">\n\t\t\t\t\t<h2 class=\"elementor-heading-title elementor-size-default\">Hvor bliver dine oplysninger af?<\/h2>\t\t\t\t<\/div>\n\t\t\t\t<\/div>\n\t\t\t\t<div class=\"elementor-element elementor-element-9084bcd elementor-widget elementor-widget-text-editor\" data-id=\"9084bcd\" data-element_type=\"widget\" data-e-type=\"widget\" data-widget_type=\"text-editor.default\">\n\t\t\t\t<div class=\"elementor-widget-container\">\n\t\t\t\t\t\t\t\t\tDe personlige oplysninger, vi f\u00e5r fra dig, g\u00e5r ikke ud over Det Forenede Kongerige og overf\u00f8res ikke til andre lande undtagen i tilf\u00e6lde, hvor vi er n\u00f8dt til at udlevere dine oplysninger til lande (is\u00e6r USA), der giver os hosting, e-handel, analyser, e-mail-distribution og andre tjenester, der bruges af os. \t\t\t\t\t\t\t\t<\/div>\n\t\t\t\t<\/div>\n\t\t\t\t<div class=\"elementor-element elementor-element-7b609b2 elementor-widget elementor-widget-text-editor\" data-id=\"7b609b2\" data-element_type=\"widget\" data-e-type=\"widget\" data-widget_type=\"text-editor.default\">\n\t\t\t\t<div class=\"elementor-widget-container\">\n\t\t\t\t\t\t\t\t\tHvis der er behov for at sende dine personlige oplysninger uden for Storbritannien, sikrer vi, at der er juridisk opbakning til, at vi kan g\u00f8re det. Vi er ved design bemyndiget til at give sikkerhed for dine oplysninger i henhold til standard kontraktklausuler, som er godkendt af Information Commissioner.\t\t\t\t\t\t\t\t<\/div>\n\t\t\t\t<\/div>\n\t\t\t\t<div class=\"elementor-element elementor-element-d349896 elementor-widget elementor-widget-spacer\" data-id=\"d349896\" data-element_type=\"widget\" data-e-type=\"widget\" data-widget_type=\"spacer.default\">\n\t\t\t\t<div class=\"elementor-widget-container\">\n\t\t\t\t\t\t\t<div class=\"elementor-spacer\">\n\t\t\t<div class=\"elementor-spacer-inner\"><\/div>\n\t\t<\/div>\n\t\t\t\t\t\t<\/div>\n\t\t\t\t<\/div>\n\t\t\t\t<div class=\"elementor-element elementor-element-28ca1a4 elementor-invisible elementor-widget elementor-widget-heading\" data-id=\"28ca1a4\" data-element_type=\"widget\" data-e-type=\"widget\" data-settings=\"{&quot;_animation&quot;:&quot;fadeInUp&quot;}\" data-widget_type=\"heading.default\">\n\t\t\t\t<div class=\"elementor-widget-container\">\n\t\t\t\t\t<h2 class=\"elementor-heading-title elementor-size-default\">Hvad er dine rettigheder?<\/h2>\t\t\t\t<\/div>\n\t\t\t\t<\/div>\n\t\t\t\t<div class=\"elementor-element elementor-element-2d977db elementor-widget elementor-widget-text-editor\" data-id=\"2d977db\" data-element_type=\"widget\" data-e-type=\"widget\" data-widget_type=\"text-editor.default\">\n\t\t\t\t<div class=\"elementor-widget-container\">\n\t\t\t\t\t\t\t\t\tDu har ret til lovligt at anmode om at f\u00e5 adgang til dine personlige oplysninger, foretage justeringer af dine oplysninger i tilf\u00e6lde af fejl, slette dine oplysninger fra vores hjemmeside og begr\u00e6nse brugen af dine oplysninger p\u00e5 vores hjemmeside under visse omst\u00e6ndigheder eller p\u00e5 grund af databrug. Du kan ogs\u00e5 tr\u00e6kke dit samtykke tilbage, du har givet til at f\u00e5 dine oplysninger brugt til enhver af vores tjenester (f.eks. e-mail) til enhver tid.\t\t\t\t\t\t\t\t<\/div>\n\t\t\t\t<\/div>\n\t\t\t\t<div class=\"elementor-element elementor-element-649d929 elementor-widget elementor-widget-text-editor\" data-id=\"649d929\" data-element_type=\"widget\" data-e-type=\"widget\" data-widget_type=\"text-editor.default\">\n\t\t\t\t<div class=\"elementor-widget-container\">\n\t\t\t\t\t\t\t\t\tHvis du er utilfreds med vores brug af din personlige service, bedes du kontakte os via vores e-mail ovenfor, og hvis du har en fornemmelse af, at vores svar p\u00e5 din anmodning ikke bliver behandlet perfekt, har du ret til at klage, n\u00e5r der er et problem p\u00e5 informationskommiss\u00e6rens (ICO) kontor. \t\t\t\t\t\t\t\t<\/div>\n\t\t\t\t<\/div>\n\t\t\t\t<div class=\"elementor-element elementor-element-426c88f elementor-widget elementor-widget-text-editor\" data-id=\"426c88f\" data-element_type=\"widget\" data-e-type=\"widget\" data-widget_type=\"text-editor.default\">\n\t\t\t\t<div class=\"elementor-widget-container\">\n\t\t\t\t\t\t\t\t\tFor at l\u00e6re mere om dine rettigheder, bes\u00f8g venligst ICOs hjemmeside p\u00e5 ico.org.uk.\t\t\t\t\t\t\t\t<\/div>\n\t\t\t\t<\/div>\n\t\t\t\t<div class=\"elementor-element elementor-element-b4cd578 elementor-widget elementor-widget-spacer\" data-id=\"b4cd578\" data-element_type=\"widget\" data-e-type=\"widget\" data-widget_type=\"spacer.default\">\n\t\t\t\t<div class=\"elementor-widget-container\">\n\t\t\t\t\t\t\t<div class=\"elementor-spacer\">\n\t\t\t<div class=\"elementor-spacer-inner\"><\/div>\n\t\t<\/div>\n\t\t\t\t\t\t<\/div>\n\t\t\t\t<\/div>\n\t\t\t\t<div class=\"elementor-element elementor-element-18f92af elementor-invisible elementor-widget elementor-widget-heading\" data-id=\"18f92af\" data-element_type=\"widget\" data-e-type=\"widget\" data-settings=\"{&quot;_animation&quot;:&quot;fadeInUp&quot;}\" data-widget_type=\"heading.default\">\n\t\t\t\t<div class=\"elementor-widget-container\">\n\t\t\t\t\t<h2 class=\"elementor-heading-title elementor-size-default\">hvad med cookies?<\/h2>\t\t\t\t<\/div>\n\t\t\t\t<\/div>\n\t\t\t\t<div class=\"elementor-element elementor-element-82bda86 elementor-widget elementor-widget-text-editor\" data-id=\"82bda86\" data-element_type=\"widget\" data-e-type=\"widget\" data-widget_type=\"text-editor.default\">\n\t\t\t\t<div class=\"elementor-widget-container\">\n\t\t\t\t\t\t\t\t\tN\u00e5r du bruger en hjemmeside, er cookies identifikationer (enten tal eller bogstaver), der sendes til din enheds browser. De er designet til at tillade hjemmesidens gnidningsfri drift og give hjemmesidens ejere og operat\u00f8rer mere information.\t\t\t\t\t\t\t\t<\/div>\n\t\t\t\t<\/div>\n\t\t\t\t<div class=\"elementor-element elementor-element-2606e33 elementor-widget elementor-widget-text-editor\" data-id=\"2606e33\" data-element_type=\"widget\" data-e-type=\"widget\" data-widget_type=\"text-editor.default\">\n\t\t\t\t<div class=\"elementor-widget-container\">\n\t\t\t\t\t\t\t\t\tVi g\u00f8r brug af disse cookies til en effektiv drift af vores hjemmesider. Der er midlertidige cookies; disse cookies forbliver kun i din browser, indtil din browser lukkes, og mens mere permanente cookies muligvis forbliver i din browser i l\u00e6ngere tid, afh\u00e6ngigt af deres levetid. \t\t\t\t\t\t\t\t<\/div>\n\t\t\t\t<\/div>\n\t\t\t\t<div class=\"elementor-element elementor-element-1f9c831 elementor-widget elementor-widget-text-editor\" data-id=\"1f9c831\" data-element_type=\"widget\" data-e-type=\"widget\" data-widget_type=\"text-editor.default\">\n\t\t\t\t<div class=\"elementor-widget-container\">\n\t\t\t\t\t\t\t\t\tFor at vide mere om cookies og hvordan du accepterer, afviser eller administrerer dem og sletter eksisterende cookies, tjek allaboutcookies.org. Du vil dog s\u00e6tte en begr\u00e6nsning p\u00e5 vores sides funktionalitet, hvis du v\u00e6lger at afvise vores cookies. \t\t\t\t\t\t\t\t<\/div>\n\t\t\t\t<\/div>\n\t\t\t\t\t<\/div>\n\t\t<\/div>\n\t\t\t\t\t<\/div>\n\t\t<\/section>\n\t\t\t\t<\/div>","protected":false},"excerpt":{"rendered":"<p>About Us This website belongs to RenoDoll; we deal in the sales of sex dolls. All information about our company and our contact details can be found on our website. What our policy does? Our policy tells you all you need to know about giving out your personal details to us. Our policy details only cover the details given to us. If you give out your personal details to other websites at any point, kindly check their company&#8217;s policy. Only make use of our services after going through our policy details, and it satisfies you. Can there be a change<\/p>","protected":false},"author":1,"featured_media":0,"parent":0,"menu_order":0,"comment_status":"closed","ping_status":"closed","template":"","meta":{"footnotes":""},"class_list":["post-5188","page","type-page","status-publish","hentry"],"aioseo_notices":[],"_links":{"self":[{"href":"https:\/\/renodoll.com\/da\/wp-json\/wp\/v2\/pages\/5188","targetHints":{"allow":["GET"]}}],"collection":[{"href":"https:\/\/renodoll.com\/da\/wp-json\/wp\/v2\/pages"}],"about":[{"href":"https:\/\/renodoll.com\/da\/wp-json\/wp\/v2\/types\/page"}],"author":[{"embeddable":true,"href":"https:\/\/renodoll.com\/da\/wp-json\/wp\/v2\/users\/1"}],"replies":[{"embeddable":true,"href":"https:\/\/renodoll.com\/da\/wp-json\/wp\/v2\/comments?post=5188"}],"version-history":[{"count":16,"href":"https:\/\/renodoll.com\/da\/wp-json\/wp\/v2\/pages\/5188\/revisions"}],"predecessor-version":[{"id":14629,"href":"https:\/\/renodoll.com\/da\/wp-json\/wp\/v2\/pages\/5188\/revisions\/14629"}],"wp:attachment":[{"href":"https:\/\/renodoll.com\/da\/wp-json\/wp\/v2\/media?parent=5188"}],"curies":[{"name":"wp","href":"https:\/\/api.w.org\/{rel}","templated":true}]}}