{"id":5463,"date":"2023-02-22T19:09:25","date_gmt":"2023-02-22T11:09:25","guid":{"rendered":"https:\/\/renodoll.com\/?page_id=5463"},"modified":"2023-04-24T20:08:12","modified_gmt":"2023-04-24T12:08:12","slug":"sex-doll-storage","status":"publish","type":"page","link":"https:\/\/renodoll.com\/cs\/uloziste-sexualnich-panenek\/","title":{"rendered":"\u00dalo\u017ei\u0161t\u011b sexu\u00e1ln\u00edch panenek"},"content":{"rendered":"<div data-elementor-type=\"wp-page\" data-elementor-id=\"5463\" class=\"elementor elementor-5463\">\n\t\t\t\t\t\t\t\t\t<section class=\"elementor-section elementor-top-section elementor-element elementor-element-bbb23ef elementor-section-boxed elementor-section-height-default elementor-section-height-default\" data-id=\"bbb23ef\" data-element_type=\"section\">\n\t\t\t\t\t\t<div class=\"elementor-container elementor-column-gap-default\">\n\t\t\t\t\t<div class=\"elementor-column elementor-col-100 elementor-top-column elementor-element elementor-element-f3c1b7c page-content-text\" data-id=\"f3c1b7c\" data-element_type=\"column\">\n\t\t\t<div class=\"elementor-widget-wrap elementor-element-populated\">\n\t\t\t\t\t\t\t\t<div class=\"elementor-element elementor-element-58b854c elementor-invisible elementor-widget elementor-widget-heading\" data-id=\"58b854c\" data-element_type=\"widget\" data-settings=\"{&quot;_animation&quot;:&quot;fadeInUp&quot;}\" data-widget_type=\"heading.default\">\n\t\t\t\t<div class=\"elementor-widget-container\">\n\t\t\t<style>\/*! elementor - v3.10.2 - 29-01-2023 *\/\n.elementor-heading-title{padding:0;margin:0;line-height:1}.elementor-widget-heading .elementor-heading-title[class*=elementor-size-]>a{color:inherit;font-size:inherit;line-height:inherit}.elementor-widget-heading .elementor-heading-title.elementor-size-small{font-size:15px}.elementor-widget-heading .elementor-heading-title.elementor-size-medium{font-size:19px}.elementor-widget-heading .elementor-heading-title.elementor-size-large{font-size:29px}.elementor-widget-heading .elementor-heading-title.elementor-size-xl{font-size:39px}.elementor-widget-heading .elementor-heading-title.elementor-size-xxl{font-size:59px}<\/style><h2 class=\"elementor-heading-title elementor-size-default\">\u00davod do \u00falo\u017ei\u0161t\u011b sexu\u00e1ln\u00edch panenek <\/h2>\t\t<\/div>\n\t\t\t\t<\/div>\n\t\t\t\t<div class=\"elementor-element elementor-element-2f50bad elementor-widget elementor-widget-text-editor\" data-id=\"2f50bad\" data-element_type=\"widget\" data-widget_type=\"text-editor.default\">\n\t\t\t\t<div class=\"elementor-widget-container\">\n\t\t\t<style>\/*! elementor - v3.10.2 - 29-01-2023 *\/\n.elementor-widget-text-editor.elementor-drop-cap-view-stacked .elementor-drop-cap{background-color:#818a91;color:#fff}.elementor-widget-text-editor.elementor-drop-cap-view-framed .elementor-drop-cap{color:#818a91;border:3px solid;background-color:transparent}.elementor-widget-text-editor:not(.elementor-drop-cap-view-default) .elementor-drop-cap{margin-top:8px}.elementor-widget-text-editor:not(.elementor-drop-cap-view-default) .elementor-drop-cap-letter{width:1em;height:1em}.elementor-widget-text-editor .elementor-drop-cap{float:left;text-align:center;line-height:1;font-size:50px}.elementor-widget-text-editor .elementor-drop-cap-letter{display:inline-block}<\/style>\t\t\t\tP\u0159i skladov\u00e1n\u00ed sexu\u00e1ln\u00ed panenky je t\u0159eba dodr\u017eet konkr\u00e9tn\u00ed kroky, aby byla zachov\u00e1na jejich \u017eivotnost a sexu\u00e1ln\u00ed panenky mohly b\u00fdt pou\u017e\u00edv\u00e1ny po dlouhou dobu.\n\t\t\t\t\t\t<\/div>\n\t\t\t\t<\/div>\n\t\t\t\t<div class=\"elementor-element elementor-element-7b009cf elementor-widget elementor-widget-text-editor\" data-id=\"7b009cf\" data-element_type=\"widget\" data-widget_type=\"text-editor.default\">\n\t\t\t\t<div class=\"elementor-widget-container\">\n\t\t\t\t\t\t\tDobr\u00e1 oblast pro ulo\u017een\u00ed sexu\u00e1ln\u00ed panenky m\u016f\u017ee ur\u010dit, jak brzy silikonov\u00e1 k\u016f\u017ee sexu\u00e1ln\u00ed panenky a vnit\u0159n\u00ed \u010d\u00e1sti zest\u00e1rnou, a stejn\u011b tak prodlou\u017e\u00ed \u017eivotnost sexu\u00e1ln\u00ed panenky.\t\t\t\t\t\t<\/div>\n\t\t\t\t<\/div>\n\t\t\t\t<div class=\"elementor-element elementor-element-c9145ea elementor-widget elementor-widget-heading\" data-id=\"c9145ea\" data-element_type=\"widget\" data-widget_type=\"heading.default\">\n\t\t\t\t<div class=\"elementor-widget-container\">\n\t\t\t<h2 class=\"elementor-heading-title elementor-size-default\">Jako nutnost:\n<\/h2>\t\t<\/div>\n\t\t\t\t<\/div>\n\t\t\t\t<div class=\"elementor-element elementor-element-874bd24 elementor-widget elementor-widget-html\" data-id=\"874bd24\" data-element_type=\"widget\" data-widget_type=\"html.default\">\n\t\t\t\t<div class=\"elementor-widget-container\">\n\t\t\t<ol class=\"number_list_type\">\n    <li>D\u011btsk\u00fd pudr nebo mastek se mus\u00ed pravideln\u011b nan\u00e1\u0161et na k\u016f\u017ei sexu\u00e1ln\u00ed panenky, aby byla chr\u00e1n\u011bna p\u0159ed mastnotou a prachem.<\/li>\n    <li>\n        Po pou\u017eit\u00ed sexu\u00e1ln\u00ed panenky by m\u011bla b\u00fdt sexu\u00e1ln\u00ed panenka ulo\u017eena v p\u016fvodn\u00ed vyroben\u00e9 poloze, proto\u017ee to je nejlep\u0161\u00ed poloha pro skladov\u00e1n\u00ed.\n    <\/li>\n        <li>\n        M\u016f\u017eete si vybrat nejvhodn\u011bj\u0161\u00ed \u00falo\u017en\u00e9 pouzdro pro sexu\u00e1ln\u00ed panenky, \u00falo\u017en\u00fd box nebo \u00falo\u017en\u00fd vak.\n    <\/li>\n<\/ol>\t\t<\/div>\n\t\t\t\t<\/div>\n\t\t\t\t<div class=\"elementor-element elementor-element-db9171e elementor-widget elementor-widget-heading\" data-id=\"db9171e\" data-element_type=\"widget\" data-widget_type=\"heading.default\">\n\t\t\t\t<div class=\"elementor-widget-container\">\n\t\t\t<h2 class=\"elementor-heading-title elementor-size-default\">Tipy pro dlouhodob\u00e9 skladov\u00e1n\u00ed sexu\u00e1ln\u00ed panenky<\/h2>\t\t<\/div>\n\t\t\t\t<\/div>\n\t\t\t\t<div class=\"elementor-element elementor-element-dd80794 elementor-widget elementor-widget-heading\" data-id=\"dd80794\" data-element_type=\"widget\" data-widget_type=\"heading.default\">\n\t\t\t\t<div class=\"elementor-widget-container\">\n\t\t\t<h4 class=\"elementor-heading-title elementor-size-default\">1. Vyvarujte se dlouhodob\u00e9mu vystavov\u00e1n\u00ed sexu\u00e1ln\u00ed panenky slunci<\/h4>\t\t<\/div>\n\t\t\t\t<\/div>\n\t\t\t\t<div class=\"elementor-element elementor-element-9f505e9 elementor-widget elementor-widget-text-editor\" data-id=\"9f505e9\" data-element_type=\"widget\" data-widget_type=\"text-editor.default\">\n\t\t\t\t<div class=\"elementor-widget-container\">\n\t\t\t\t\t\t\tNevystavujte sexu\u00e1ln\u00ed panenku p\u0159\u00edm\u00e9mu slune\u010dn\u00edmu z\u00e1\u0159en\u00ed po del\u0161\u00ed dobu; zp\u016fsobilo by to m\u00edrn\u00e9 vyblednut\u00ed barvy silikonov\u00e9 sexu\u00e1ln\u00ed panenky.\t\t\t\t\t\t<\/div>\n\t\t\t\t<\/div>\n\t\t\t\t<div class=\"elementor-element elementor-element-e7cb264 elementor-widget elementor-widget-heading\" data-id=\"e7cb264\" data-element_type=\"widget\" data-widget_type=\"heading.default\">\n\t\t\t\t<div class=\"elementor-widget-container\">\n\t\t\t<h4 class=\"elementor-heading-title elementor-size-default\">2. Zabra\u0148te ulp\u00edv\u00e1n\u00ed prachu na povrchu sexu\u00e1ln\u00ed panenky<\/h4>\t\t<\/div>\n\t\t\t\t<\/div>\n\t\t\t\t<div class=\"elementor-element elementor-element-4c9dc49 elementor-widget elementor-widget-text-editor\" data-id=\"4c9dc49\" data-element_type=\"widget\" data-widget_type=\"text-editor.default\">\n\t\t\t\t<div class=\"elementor-widget-container\">\n\t\t\t\t\t\t\tZa ka\u017edou cenu se vyh\u00fdbejte prachu, proto\u017ee silikonov\u00fd povrch sexu\u00e1ln\u00ed panenky je lepkav\u00fd a m\u00e1 statickou elekt\u0159inu, co\u017e usnad\u0148uje ulp\u00edv\u00e1n\u00ed prachu.\t\t\t\t\t\t<\/div>\n\t\t\t\t<\/div>\n\t\t\t\t<div class=\"elementor-element elementor-element-505e489 elementor-widget elementor-widget-heading\" data-id=\"505e489\" data-element_type=\"widget\" data-widget_type=\"heading.default\">\n\t\t\t\t<div class=\"elementor-widget-container\">\n\t\t\t<h4 class=\"elementor-heading-title elementor-size-default\">3. Chra\u0148te sexu\u00e1ln\u00ed panenku p\u0159ed vlhkost\u00ed.<\/h4>\t\t<\/div>\n\t\t\t\t<\/div>\n\t\t\t\t<div class=\"elementor-element elementor-element-91259c1 elementor-widget elementor-widget-text-editor\" data-id=\"91259c1\" data-element_type=\"widget\" data-widget_type=\"text-editor.default\">\n\t\t\t\t<div class=\"elementor-widget-container\">\n\t\t\t\t\t\t\tVyhn\u011bte se vlhk\u00e9mu a vlhk\u00e9mu prost\u0159ed\u00ed, proto\u017ee vnit\u0159ek sexu\u00e1ln\u00ed panenky je houbovit\u00fd a v mokr\u00e9m a vlhk\u00e9m prost\u0159ed\u00ed by nas\u00e1l vodu.\t\t\t\t\t\t<\/div>\n\t\t\t\t<\/div>\n\t\t\t\t<div class=\"elementor-element elementor-element-6f7a4a4 elementor-widget elementor-widget-text-editor\" data-id=\"6f7a4a4\" data-element_type=\"widget\" data-widget_type=\"text-editor.default\">\n\t\t\t\t<div class=\"elementor-widget-container\">\n\t\t\t\t\t\t\tJe bezpe\u010dn\u00e9 koupat milostnou panenku nebo ji \u010distit vodou, ale vyvarujte se nam\u00e1\u010den\u00ed milostn\u00e9 panenky ve vod\u011b nebo pokl\u00e1d\u00e1n\u00ed milostn\u00e9 panenky na dlouhou dobu do vody.\n\t\t\t\t\t\t<\/div>\n\t\t\t\t<\/div>\n\t\t\t\t<div class=\"elementor-element elementor-element-75d035e elementor-widget elementor-widget-text-editor\" data-id=\"75d035e\" data-element_type=\"widget\" data-widget_type=\"text-editor.default\">\n\t\t\t\t<div class=\"elementor-widget-container\">\n\t\t\t\t\t\t\tNalit\u00ed vody do \u010d\u00e1sti krku, kde je kov, zp\u016fsob\u00ed sexu\u00e1ln\u00ed panence trval\u00e9 po\u0161kozen\u00ed, ned\u011blejte to.\n\t\t\t\t\t\t<\/div>\n\t\t\t\t<\/div>\n\t\t\t\t<div class=\"elementor-element elementor-element-0f85efc elementor-widget elementor-widget-text-editor\" data-id=\"0f85efc\" data-element_type=\"widget\" data-widget_type=\"text-editor.default\">\n\t\t\t\t<div class=\"elementor-widget-container\">\n\t\t\t\t\t\t\tVnit\u0159ek sexu\u00e1ln\u00ed panenky je houbovit\u00fd; jakmile je v n\u00ed voda, bylo by t\u011b\u017ek\u00e9 sexu\u00e1ln\u00ed panenku vysu\u0161it.\n\t\t\t\t\t\t<\/div>\n\t\t\t\t<\/div>\n\t\t\t\t<div class=\"elementor-element elementor-element-b60c58d elementor-widget elementor-widget-heading\" data-id=\"b60c58d\" data-element_type=\"widget\" data-widget_type=\"heading.default\">\n\t\t\t\t<div class=\"elementor-widget-container\">\n\t\t\t<h4 class=\"elementor-heading-title elementor-size-default\">4. Zabra\u0148te zne\u010di\u0161t\u011bn\u00ed povrchu panenky\n<\/h4>\t\t<\/div>\n\t\t\t\t<\/div>\n\t\t\t\t<div class=\"elementor-element elementor-element-b094b3e elementor-widget elementor-widget-text-editor\" data-id=\"b094b3e\" data-element_type=\"widget\" data-widget_type=\"text-editor.default\">\n\t\t\t\t<div class=\"elementor-widget-container\">\n\t\t\t\t\t\t\tNepokl\u00e1dejte sexu\u00e1ln\u00ed panenku p\u0159\u00edli\u0161 dlouho na um\u011blou k\u016f\u017ei nebo usu\u0161enou ko\u017eenou \u017eidli, aby se pigmentov\u00e9 barvy rozpustn\u00e9 v oleji, kter\u00e9 obsahuj\u00ed, nedostaly na panenku a zp\u016fsobily trval\u00e9 skvrny.\n\t\t\t\t\t\t<\/div>\n\t\t\t\t<\/div>\n\t\t\t\t<div class=\"elementor-element elementor-element-c38fba8 elementor-widget elementor-widget-text-editor\" data-id=\"c38fba8\" data-element_type=\"widget\" data-widget_type=\"text-editor.default\">\n\t\t\t\t<div class=\"elementor-widget-container\">\n\t\t\t\t\t\t\tPokud je va\u0161e silikonov\u00e1 sexu\u00e1ln\u00ed panenka um\u00edst\u011bna na tento druh materi\u00e1lu po dobu dvou hodin nebo d\u00e9le, zaznamen\u00e1te z\u00e1va\u017enou zm\u011bnu barvy silikonu a m\u016f\u017ee b\u00fdt obt\u00ed\u017en\u00e9 se toho zbavit.\t\t\t\t\t\t<\/div>\n\t\t\t\t<\/div>\n\t\t\t\t<div class=\"elementor-element elementor-element-f20f4f3 elementor-widget elementor-widget-heading\" data-id=\"f20f4f3\" data-element_type=\"widget\" data-widget_type=\"heading.default\">\n\t\t\t\t<div class=\"elementor-widget-container\">\n\t\t\t<h4 class=\"elementor-heading-title elementor-size-default\">5. V\u011bnujte pozornost teplot\u011b skladovac\u00edho prostoru\n<\/h4>\t\t<\/div>\n\t\t\t\t<\/div>\n\t\t\t\t<div class=\"elementor-element elementor-element-ea4b523 elementor-widget elementor-widget-text-editor\" data-id=\"ea4b523\" data-element_type=\"widget\" data-widget_type=\"text-editor.default\">\n\t\t\t\t<div class=\"elementor-widget-container\">\n\t\t\t\t\t\t\tVyhn\u011bte se teplot\u011b, kter\u00e1 je p\u0159\u00edli\u0161 vysok\u00e1 nebo p\u0159\u00edli\u0161 n\u00edzk\u00e1 pod pokojovou teplotou; nejlep\u0161\u00ed je pouze pokojov\u00e1 teplota.\t\t\t\t\t\t<\/div>\n\t\t\t\t<\/div>\n\t\t\t\t<div class=\"elementor-element elementor-element-8bed4d2 elementor-widget elementor-widget-text-editor\" data-id=\"8bed4d2\" data-element_type=\"widget\" data-widget_type=\"text-editor.default\">\n\t\t\t\t<div class=\"elementor-widget-container\">\n\t\t\t\t\t\t\tNen\u00ed vhodn\u00e9 d\u00e1vat svou silikonovou sexu\u00e1ln\u00ed panenku na p\u0159\u00edli\u0161 vysokou nebo p\u0159\u00edli\u0161 n\u00edzkou teplotu na del\u0161\u00ed dobu; norm\u00e1ln\u00ed skladovac\u00ed teplota by m\u011bla b\u00fdt asi 5-35 stup\u0148\u016f C nebo 40-95 stup\u0148\u016f F\n\t\t\t\t\t\t<\/div>\n\t\t\t\t<\/div>\n\t\t\t\t<div class=\"elementor-element elementor-element-f57a6a9 elementor-widget elementor-widget-text-editor\" data-id=\"f57a6a9\" data-element_type=\"widget\" data-widget_type=\"text-editor.default\">\n\t\t\t\t<div class=\"elementor-widget-container\">\n\t\t\t\t\t\t\tV zim\u011b m\u016f\u017eete sexu\u00e1ln\u00ed panenku zah\u0159\u00e1t elektrickou dekou; m\u011bjte v\u0161ak na pam\u011bti, \u017ee teplota p\u0159ikr\u00fdvky nen\u00ed p\u0159\u00edli\u0161 vysok\u00e1.\t\t\t\t\t\t<\/div>\n\t\t\t\t<\/div>\n\t\t\t\t<div class=\"elementor-element elementor-element-9657b65 elementor-widget elementor-widget-heading\" data-id=\"9657b65\" data-element_type=\"widget\" data-widget_type=\"heading.default\">\n\t\t\t\t<div class=\"elementor-widget-container\">\n\t\t\t<h4 class=\"elementor-heading-title elementor-size-default\">6. Vyvarujte se ma\u010dk\u00e1n\u00ed sexu\u00e1ln\u00ed panenky <\/h4>\t\t<\/div>\n\t\t\t\t<\/div>\n\t\t\t\t<div class=\"elementor-element elementor-element-952079d elementor-widget elementor-widget-text-editor\" data-id=\"952079d\" data-element_type=\"widget\" data-widget_type=\"text-editor.default\">\n\t\t\t\t<div class=\"elementor-widget-container\">\n\t\t\t\t\t\t\tB\u011bhem skladov\u00e1n\u00ed sexu\u00e1ln\u00ed panenky ji dlouho nema\u010dkejte ani nestla\u010dujte; stla\u010den\u00ed m\u016f\u017ee v\u00e9st k trval\u00e9mu po\u0161kozen\u00ed silikonu a houby v sexu\u00e1ln\u00ed panence.\n\t\t\t\t\t\t<\/div>\n\t\t\t\t<\/div>\n\t\t\t\t<div class=\"elementor-element elementor-element-a02a319 elementor-widget elementor-widget-text-editor\" data-id=\"a02a319\" data-element_type=\"widget\" data-widget_type=\"text-editor.default\">\n\t\t\t\t<div class=\"elementor-widget-container\">\n\t\t\t\t\t\t\tNepokl\u00e1dejte na sexu\u00e1ln\u00ed panenku velmi t\u011b\u017ek\u00e9 p\u0159edm\u011bty a neutahujte ani nema\u010dkejte sexu\u00e1ln\u00ed panenku po del\u0161\u00ed dobu.\n\t\t\t\t\t\t<\/div>\n\t\t\t\t<\/div>\n\t\t\t\t<div class=\"elementor-element elementor-element-94e52f8 elementor-widget elementor-widget-heading\" data-id=\"94e52f8\" data-element_type=\"widget\" data-widget_type=\"heading.default\">\n\t\t\t\t<div class=\"elementor-widget-container\">\n\t\t\t<h4 class=\"elementor-heading-title elementor-size-default\">7 Udr\u017eujte dr\u017een\u00ed sexu\u00e1ln\u00ed panenky bez vn\u011bj\u0161\u00edho tlaku.\n<\/h4>\t\t<\/div>\n\t\t\t\t<\/div>\n\t\t\t\t<div class=\"elementor-element elementor-element-9f468f4 elementor-widget elementor-widget-text-editor\" data-id=\"9f468f4\" data-element_type=\"widget\" data-widget_type=\"text-editor.default\">\n\t\t\t\t<div class=\"elementor-widget-container\">\n\t\t\t\t\t\t\tP\u0159i skladov\u00e1n\u00ed by sexu\u00e1ln\u00ed panenka m\u011bla b\u00fdt um\u00edst\u011bna v poloze, kter\u00e1 ji chr\u00e1n\u00ed p\u0159ed vn\u011bj\u0161\u00edmi tlaky, tedy do polohy, kde nen\u00ed slo\u017een\u00e1, proto\u017ee p\u0159elo\u017een\u00ed nebo zm\u00e1\u010dknut\u00ed m\u016f\u017ee v\u00e9st k prasklin\u00e1m a po\u0161kozen\u00ed silikonu.\n\t\t\t\t\t\t<\/div>\n\t\t\t\t<\/div>\n\t\t\t\t<div class=\"elementor-element elementor-element-f501526 elementor-widget elementor-widget-heading\" data-id=\"f501526\" data-element_type=\"widget\" data-widget_type=\"heading.default\">\n\t\t\t\t<div class=\"elementor-widget-container\">\n\t\t\t<h4 class=\"elementor-heading-title elementor-size-default\">8. Je to sexu\u00e1ln\u00ed panenka, ne d\u011btsk\u00e1 hra\u010dka<\/h4>\t\t<\/div>\n\t\t\t\t<\/div>\n\t\t\t\t<div class=\"elementor-element elementor-element-26f4ec6 elementor-widget elementor-widget-text-editor\" data-id=\"26f4ec6\" data-element_type=\"widget\" data-widget_type=\"text-editor.default\">\n\t\t\t\t<div class=\"elementor-widget-container\">\n\t\t\t\t\t\t\tUdr\u017eujte sexu\u00e1ln\u00ed panenku mimo dosah d\u011bt\u00ed a neskladujte ji na m\u00edstech, kde by s n\u00ed d\u011bti mohly snadno p\u0159ij\u00edt do kontaktu.\n\t\t\t\t\t\t<\/div>\n\t\t\t\t<\/div>\n\t\t\t\t<div class=\"elementor-element elementor-element-7a7f856 elementor-widget elementor-widget-text-editor\" data-id=\"7a7f856\" data-element_type=\"widget\" data-widget_type=\"text-editor.default\">\n\t\t\t\t<div class=\"elementor-widget-container\">\n\t\t\t\t\t\t\tK dlouhodob\u00e9mu vystaven\u00ed a ulo\u017een\u00ed va\u0161\u00ed panenky.\n\t\t\t\t\t\t<\/div>\n\t\t\t\t<\/div>\n\t\t\t\t<div class=\"elementor-element elementor-element-003fa28 elementor-widget elementor-widget-text-editor\" data-id=\"003fa28\" data-element_type=\"widget\" data-widget_type=\"text-editor.default\">\n\t\t\t\t<div class=\"elementor-widget-container\">\n\t\t\t\t\t\t\tNab\u00edz\u00edme stojan na sexu\u00e1ln\u00ed panenky pro vystaven\u00ed sexu\u00e1ln\u00edch panenek. Stojan pro sexu\u00e1ln\u00ed panenky udr\u017e\u00ed va\u0161i sexu\u00e1ln\u00ed panenku ve stoje.\n\t\t\t\t\t\t<\/div>\n\t\t\t\t<\/div>\n\t\t\t\t<div class=\"elementor-element elementor-element-91e5c9a elementor-widget elementor-widget-text-editor\" data-id=\"91e5c9a\" data-element_type=\"widget\" data-widget_type=\"text-editor.default\">\n\t\t\t\t<div class=\"elementor-widget-container\">\n\t\t\t\t\t\t\tStejn\u011b tak m\u00e1me h\u00e1\u010dek na sexu\u00e1ln\u00ed panenky, kde lze sexu\u00e1ln\u00ed panenku pov\u011bsit na dlouhou dobu, aby bylo zaji\u0161t\u011bno jej\u00ed bezpe\u010dn\u00e9 ulo\u017een\u00ed.\n\t\t\t\t\t\t<\/div>\n\t\t\t\t<\/div>\n\t\t\t\t<div class=\"elementor-element elementor-element-0f84cab elementor-widget elementor-widget-text-editor\" data-id=\"0f84cab\" data-element_type=\"widget\" data-widget_type=\"text-editor.default\">\n\t\t\t\t<div class=\"elementor-widget-container\">\n\t\t\t\t\t\t\tPod\u00edvejte se pros\u00edm na toto video.\n\t\t\t\t\t\t<\/div>\n\t\t\t\t<\/div>\n\t\t\t\t<div class=\"elementor-element elementor-element-0a8f03e elementor-widget elementor-widget-image\" data-id=\"0a8f03e\" data-element_type=\"widget\" data-widget_type=\"image.default\">\n\t\t\t\t<div class=\"elementor-widget-container\">\n\t\t\t<style>\/*! elementor - v3.10.2 - 29-01-2023 *\/\n.elementor-widget-image{text-align:center}.elementor-widget-image a{display:inline-block}.elementor-widget-image a img[src$=\".svg\"]{width:48px}.elementor-widget-image img{vertical-align:middle;display:inline-block}<\/style>\t\t\t\t\t\t\t\t\t\t\t\t<img loading=\"lazy\" decoding=\"async\" width=\"758\" height=\"511\" src=\"https:\/\/renodoll.com\/wp-content\/uploads\/2023\/03\/kb-storage-case.jpg\" class=\"attachment-full size-full wp-image-14208\" alt=\"\" srcset=\"https:\/\/renodoll.com\/wp-content\/uploads\/2023\/03\/kb-storage-case.jpg 758w, https:\/\/renodoll.com\/wp-content\/uploads\/2023\/03\/kb-storage-case-300x202.jpg 300w, https:\/\/renodoll.com\/wp-content\/uploads\/2023\/03\/kb-storage-case-18x12.jpg 18w, https:\/\/renodoll.com\/wp-content\/uploads\/2023\/03\/kb-storage-case-100x67.jpg 100w, https:\/\/renodoll.com\/wp-content\/uploads\/2023\/03\/kb-storage-case-600x404.jpg 600w, https:\/\/renodoll.com\/wp-content\/uploads\/2023\/03\/kb-storage-case-10x7.jpg 10w\" sizes=\"auto, (max-width: 758px) 100vw, 758px\" \/>\t\t\t\t\t\t\t\t\t\t\t\t\t\t\t<\/div>\n\t\t\t\t<\/div>\n\t\t\t\t\t<\/div>\n\t\t<\/div>\n\t\t\t\t\t\t\t<\/div>\n\t\t<\/section>\n\t\t\t\t\t\t\t<\/div>","protected":false},"excerpt":{"rendered":"<p>Skladov\u00e1n\u00ed sexu\u00e1ln\u00edch panenek \u00davod P\u0159i skladov\u00e1n\u00ed sexu\u00e1ln\u00edch panenek je t\u0159eba dodr\u017eet konkr\u00e9tn\u00ed kroky, abyste zajistili, \u017ee jejich \u017eivotnost bude zachov\u00e1na a sexu\u00e1ln\u00ed panenky budou moci b\u00fdt pou\u017e\u00edv\u00e1ny po dlouhou dobu. Dobr\u00e1 oblast pro ulo\u017een\u00ed sexu\u00e1ln\u00ed panenky m\u016f\u017ee ur\u010dit, jak brzy silikonov\u00e1 k\u016f\u017ee sexu\u00e1ln\u00ed panenky a vnit\u0159n\u00ed \u010d\u00e1sti zest\u00e1rnou, a stejn\u011b tak prodlou\u017e\u00ed \u017eivotnost sexu\u00e1ln\u00ed panenky. Nezbytnost: D\u011btsk\u00fd pudr nebo pudr se mus\u00ed pravideln\u011b nan\u00e1\u0161et na k\u016f\u017ei sexu\u00e1ln\u00ed panenky, aby byla chr\u00e1n\u011bna p\u0159ed mastnotou a prachem. Po pou\u017eit\u00ed sexu\u00e1ln\u00ed panenky sex<\/p>","protected":false},"author":1,"featured_media":0,"parent":0,"menu_order":0,"comment_status":"closed","ping_status":"closed","template":"","meta":{"footnotes":""},"class_list":["post-5463","page","type-page","status-publish","hentry"],"aioseo_notices":[],"_links":{"self":[{"href":"https:\/\/renodoll.com\/cs\/wp-json\/wp\/v2\/pages\/5463","targetHints":{"allow":["GET"]}}],"collection":[{"href":"https:\/\/renodoll.com\/cs\/wp-json\/wp\/v2\/pages"}],"about":[{"href":"https:\/\/renodoll.com\/cs\/wp-json\/wp\/v2\/types\/page"}],"author":[{"embeddable":true,"href":"https:\/\/renodoll.com\/cs\/wp-json\/wp\/v2\/users\/1"}],"replies":[{"embeddable":true,"href":"https:\/\/renodoll.com\/cs\/wp-json\/wp\/v2\/comments?post=5463"}],"version-history":[{"count":43,"href":"https:\/\/renodoll.com\/cs\/wp-json\/wp\/v2\/pages\/5463\/revisions"}],"predecessor-version":[{"id":16008,"href":"https:\/\/renodoll.com\/cs\/wp-json\/wp\/v2\/pages\/5463\/revisions\/16008"}],"wp:attachment":[{"href":"https:\/\/renodoll.com\/cs\/wp-json\/wp\/v2\/media?parent=5463"}],"curies":[{"name":"wp","href":"https:\/\/api.w.org\/{rel}","templated":true}]}}