{"id":5458,"date":"2023-02-22T19:06:10","date_gmt":"2023-02-22T11:06:10","guid":{"rendered":"https:\/\/renodoll.com\/?page_id=5458"},"modified":"2023-03-29T17:03:19","modified_gmt":"2023-03-29T09:03:19","slug":"freckles","status":"publish","type":"page","link":"https:\/\/renodoll.com\/cs\/pihy\/","title":{"rendered":"Pihy malov\u00e1n\u00ed"},"content":{"rendered":"<div data-elementor-type=\"wp-page\" data-elementor-id=\"5458\" class=\"elementor elementor-5458\">\n\t\t\t\t\t\t\t\t\t<section class=\"elementor-section elementor-top-section elementor-element elementor-element-829a5bf elementor-section-boxed elementor-section-height-default elementor-section-height-default\" data-id=\"829a5bf\" data-element_type=\"section\">\n\t\t\t\t\t\t<div class=\"elementor-container elementor-column-gap-default\">\n\t\t\t\t\t<div class=\"elementor-column elementor-col-50 elementor-top-column elementor-element elementor-element-f3c1b7c page-content-text\" data-id=\"f3c1b7c\" data-element_type=\"column\">\n\t\t\t<div class=\"elementor-widget-wrap elementor-element-populated\">\n\t\t\t\t\t\t\t\t<div class=\"elementor-element elementor-element-445fe14 elementor-invisible elementor-widget elementor-widget-heading\" data-id=\"445fe14\" data-element_type=\"widget\" data-settings=\"{&quot;_animation&quot;:&quot;fadeInUp&quot;}\" data-widget_type=\"heading.default\">\n\t\t\t\t<div class=\"elementor-widget-container\">\n\t\t\t<style>\/*! elementor - v3.10.2 - 29-01-2023 *\/\n.elementor-heading-title{padding:0;margin:0;line-height:1}.elementor-widget-heading .elementor-heading-title[class*=elementor-size-]>a{color:inherit;font-size:inherit;line-height:inherit}.elementor-widget-heading .elementor-heading-title.elementor-size-small{font-size:15px}.elementor-widget-heading .elementor-heading-title.elementor-size-medium{font-size:19px}.elementor-widget-heading .elementor-heading-title.elementor-size-large{font-size:29px}.elementor-widget-heading .elementor-heading-title.elementor-size-xl{font-size:39px}.elementor-widget-heading .elementor-heading-title.elementor-size-xxl{font-size:59px}<\/style><h2 class=\"elementor-heading-title elementor-size-default\">Pihy \/ Pigmentace<\/h2>\t\t<\/div>\n\t\t\t\t<\/div>\n\t\t\t\t<div class=\"elementor-element elementor-element-2f50bad elementor-widget elementor-widget-text-editor\" data-id=\"2f50bad\" data-element_type=\"widget\" data-widget_type=\"text-editor.default\">\n\t\t\t\t<div class=\"elementor-widget-container\">\n\t\t\t<style>\/*! elementor - v3.10.2 - 29-01-2023 *\/\n.elementor-widget-text-editor.elementor-drop-cap-view-stacked .elementor-drop-cap{background-color:#818a91;color:#fff}.elementor-widget-text-editor.elementor-drop-cap-view-framed .elementor-drop-cap{color:#818a91;border:3px solid;background-color:transparent}.elementor-widget-text-editor:not(.elementor-drop-cap-view-default) .elementor-drop-cap{margin-top:8px}.elementor-widget-text-editor:not(.elementor-drop-cap-view-default) .elementor-drop-cap-letter{width:1em;height:1em}.elementor-widget-text-editor .elementor-drop-cap{float:left;text-align:center;line-height:1;font-size:50px}.elementor-widget-text-editor .elementor-drop-cap-letter{display:inline-block}<\/style>\t\t\t\t<p>Polib tu skute\u010dnou pihu rozprost\u0159enou na roztomil\u00e9 tv\u00e1\u0159i sv\u00e9 d\u00edvky. Oblasti, kter\u00e9 jsou p\u0159irozen\u011b nejv\u00edce ovlivn\u011bny sluncem, jsou oblasti pokryt\u00e9 pigmentac\u00ed; nos, tv\u00e1\u0159e a \u010delo.<\/p>\t\t\t\t\t\t<\/div>\n\t\t\t\t<\/div>\n\t\t\t\t<div class=\"elementor-element elementor-element-7b009cf elementor-widget elementor-widget-text-editor\" data-id=\"7b009cf\" data-element_type=\"widget\" data-widget_type=\"text-editor.default\">\n\t\t\t\t<div class=\"elementor-widget-container\">\n\t\t\t\t\t\t\t<p>Tato piha je jednou z p\u0159izp\u016fsobiteln\u00fdch mo\u017enost\u00ed, kter\u00e9 se dod\u00e1vaj\u00ed s va\u0161\u00ed sexu\u00e1ln\u00ed panenkou, a v Jinsan s n\u00ed zach\u00e1z\u00ed zku\u0161en\u00fd mask\u00e9r.<\/p>\t\t\t\t\t\t<\/div>\n\t\t\t\t<\/div>\n\t\t\t\t<div class=\"elementor-element elementor-element-d24a218 elementor-widget elementor-widget-text-editor\" data-id=\"d24a218\" data-element_type=\"widget\" data-widget_type=\"text-editor.default\">\n\t\t\t\t<div class=\"elementor-widget-container\">\n\t\t\t\t\t\t\tTyto pihy jsou v\u0161ak semipermanentn\u00ed. Jak\u00e9koli malov\u00e1n\u00ed na t\u011blo, t\u011blov\u00e9 l\u00ed\u010den\u00ed a l\u00ed\u010den\u00ed obli\u010deje, kter\u00e9 je sou\u010d\u00e1st\u00ed va\u0161\u00ed sexu\u00e1ln\u00ed panenky, je semipermanentn\u00ed a po ur\u010dit\u00e9 dob\u011b se set\u0159e v d\u016fsledku pou\u017e\u00edv\u00e1n\u00ed a \u010di\u0161t\u011bn\u00ed. Make-up na va\u0161\u00ed panence lze okam\u017eit\u011b odstranit odstran\u011bn\u00edm make-upu nebo miner\u00e1ln\u00edm olejem; v tomto p\u0159\u00edpad\u011b je moudr\u00e9 zajistit, aby si va\u0161e sexu\u00e1ln\u00ed panenka zachovala sv\u016fj vzhled. Svou sexu\u00e1ln\u00ed panenku \u010dist\u011bte pouze schv\u00e1len\u00fdm \u010disti\u010dem TPE.\n\t\t\t\t\t\t<\/div>\n\t\t\t\t<\/div>\n\t\t\t\t<div class=\"elementor-element elementor-element-9f505e9 elementor-widget elementor-widget-text-editor\" data-id=\"9f505e9\" data-element_type=\"widget\" data-widget_type=\"text-editor.default\">\n\t\t\t\t<div class=\"elementor-widget-container\">\n\t\t\t\t\t\t\tVa\u0161e milostn\u00e1 panenka m\u00e1 skute\u010dn\u011bj\u0161\u00ed a p\u0159irozen\u011bj\u0161\u00ed vzhled s pihami. Nejen rusovl\u00e1ska sexu\u00e1ln\u00ed panenky jsou zp\u016fsobil\u00e9 pro pihy; va\u0161e milostn\u00e1 panenka m\u016f\u017ee b\u00fdt blond\u00fdnka nebo bruneta a p\u0159esto m\u00e1 na sv\u00e9m t\u011ble pihy jako extra detail kr\u00e1sy. Podrobnosti o panenk\u00e1ch z\u00edsk\u00e1vaj\u00ed od t\u011bchto pih v\u011bt\u0161\u00ed \u00falevu; vypad\u00e1 to tak \u00fachvatn\u011b. \n\t\t\t\t\t\t<\/div>\n\t\t\t\t<\/div>\n\t\t\t\t<div class=\"elementor-element elementor-element-75d035e elementor-widget elementor-widget-text-editor\" data-id=\"75d035e\" data-element_type=\"widget\" data-widget_type=\"text-editor.default\">\n\t\t\t\t<div class=\"elementor-widget-container\">\n\t\t\t\t\t\t\tTyto pihy jsou vyrobeny se zvl\u00e1\u0161tn\u00ed p\u00e9\u010d\u00ed \u0161t\u011btcem v n\u011bkolika vrstv\u00e1ch barvy a mohou b\u00fdt tak hust\u00e9 nebo viditeln\u00e9, jak chcete. Nez\u00e1le\u017e\u00ed na tom, zda se jedn\u00e1 o mal\u00e9 a jemn\u00e9 skvrny na nose nebo velmi re\u00e1ln\u00e9 pihy na v\u011bt\u0161\u00edch ploch\u00e1ch; dostanete, co chcete.\n\t\t\t\t\t\t<\/div>\n\t\t\t\t<\/div>\n\t\t\t\t<div class=\"elementor-element elementor-element-4c9dc49 elementor-widget elementor-widget-text-editor\" data-id=\"4c9dc49\" data-element_type=\"widget\" data-widget_type=\"text-editor.default\">\n\t\t\t\t<div class=\"elementor-widget-container\">\n\t\t\t\t\t\t\tPihy lze aplikovat na r\u016fzn\u00e9 \u010d\u00e1sti t\u011bla; m\u016f\u017ee to b\u00fdt obli\u010dej, tv\u00e1\u0159e, nos, p\u0159\u00edmo nad pa\u017e\u00ed, horn\u00ed \u010d\u00e1st zad, rameno nebo dekolt. Cenu v\u0161ak nelze ur\u010dit s jistotou, jako jej\u00ed hustotu a na kolik ploch byste ji cht\u011bli.\n\t\t\t\t\t\t<\/div>\n\t\t\t\t<\/div>\n\t\t\t\t<div class=\"elementor-element elementor-element-6f7a4a4 elementor-widget elementor-widget-text-editor\" data-id=\"6f7a4a4\" data-element_type=\"widget\" data-widget_type=\"text-editor.default\">\n\t\t\t\t<div class=\"elementor-widget-container\">\n\t\t\t\t\t\t\tPod\u00edvejte se na druhy pih, kter\u00e9 m\u016f\u017eeme aplikovat na va\u0161i sexu\u00e1ln\u00ed panenku.\t\t\t\t\t\t<\/div>\n\t\t\t\t<\/div>\n\t\t\t\t\t<\/div>\n\t\t<\/div>\n\t\t\t\t<div class=\"elementor-column elementor-col-50 elementor-top-column elementor-element elementor-element-0648baa\" data-id=\"0648baa\" data-element_type=\"column\">\n\t\t\t<div class=\"elementor-widget-wrap elementor-element-populated\">\n\t\t\t\t\t\t\t\t<div class=\"elementor-element elementor-element-d265377 elementor-widget elementor-widget-image\" data-id=\"d265377\" data-element_type=\"widget\" data-widget_type=\"image.default\">\n\t\t\t\t<div class=\"elementor-widget-container\">\n\t\t\t<style>\/*! elementor - v3.10.2 - 29-01-2023 *\/\n.elementor-widget-image{text-align:center}.elementor-widget-image a{display:inline-block}.elementor-widget-image a img[src$=\".svg\"]{width:48px}.elementor-widget-image img{vertical-align:middle;display:inline-block}<\/style>\t\t\t\t\t\t\t\t\t\t\t\t<img loading=\"lazy\" decoding=\"async\" width=\"683\" height=\"1024\" src=\"https:\/\/renodoll.com\/wp-content\/uploads\/2023\/03\/kb-freckles-683x1024.jpg\" class=\"attachment-large size-large wp-image-14261\" alt=\"\" srcset=\"https:\/\/renodoll.com\/wp-content\/uploads\/2023\/03\/kb-freckles-683x1024.jpg 683w, https:\/\/renodoll.com\/wp-content\/uploads\/2023\/03\/kb-freckles-200x300.jpg 200w, https:\/\/renodoll.com\/wp-content\/uploads\/2023\/03\/kb-freckles-768x1152.jpg 768w, https:\/\/renodoll.com\/wp-content\/uploads\/2023\/03\/kb-freckles-1024x1536.jpg 1024w, https:\/\/renodoll.com\/wp-content\/uploads\/2023\/03\/kb-freckles-1365x2048.jpg 1365w, https:\/\/renodoll.com\/wp-content\/uploads\/2023\/03\/kb-freckles-8x12.jpg 8w, https:\/\/renodoll.com\/wp-content\/uploads\/2023\/03\/kb-freckles-67x100.jpg 67w, https:\/\/renodoll.com\/wp-content\/uploads\/2023\/03\/kb-freckles-300x450.jpg 300w, https:\/\/renodoll.com\/wp-content\/uploads\/2023\/03\/kb-freckles-600x900.jpg 600w, https:\/\/renodoll.com\/wp-content\/uploads\/2023\/03\/kb-freckles-7x10.jpg 7w, https:\/\/renodoll.com\/wp-content\/uploads\/2023\/03\/kb-freckles.jpg 1500w\" sizes=\"auto, (max-width: 683px) 100vw, 683px\" \/>\t\t\t\t\t\t\t\t\t\t\t\t\t\t\t<\/div>\n\t\t\t\t<\/div>\n\t\t\t\t\t<\/div>\n\t\t<\/div>\n\t\t\t\t\t\t\t<\/div>\n\t\t<\/section>\n\t\t\t\t\t\t\t<\/div>","protected":false},"excerpt":{"rendered":"<p>Pihy \/ Pigmentace Polibte tu skute\u010dnou pihu na roztomil\u00e9 tv\u00e1\u0159i va\u0161\u00ed d\u00edvky. Oblasti, kter\u00e9 jsou p\u0159irozen\u011b nejv\u00edce ovlivn\u011bny sluncem, jsou oblasti pokryt\u00e9 pigmentac\u00ed; nos, tv\u00e1\u0159e a \u010delo. Tato piha je jednou z p\u0159izp\u016fsobiteln\u00fdch mo\u017enost\u00ed, kter\u00e9 se dod\u00e1vaj\u00ed s va\u0161\u00ed sexu\u00e1ln\u00ed panenkou, a v Jinsan s n\u00ed zach\u00e1z\u00ed zku\u0161en\u00fd mask\u00e9r. Tyto pihy jsou v\u0161ak semipermanentn\u00ed. Jak\u00e9koli malov\u00e1n\u00ed na t\u011blo, t\u011blov\u00e9 l\u00ed\u010den\u00ed a l\u00ed\u010den\u00ed obli\u010deje, kter\u00e9 je sou\u010d\u00e1st\u00ed va\u0161\u00ed sexu\u00e1ln\u00ed panenky, je semipermanentn\u00ed a po ur\u010dit\u00e9 dob\u011b se set\u0159e v d\u016fsledku pou\u017e\u00edv\u00e1n\u00ed a \u010di\u0161t\u011bn\u00ed. Make-up z va\u0161\u00ed panenky lze okam\u017eit\u011b odstranit<\/p>","protected":false},"author":1,"featured_media":0,"parent":0,"menu_order":0,"comment_status":"closed","ping_status":"closed","template":"","meta":{"footnotes":""},"class_list":["post-5458","page","type-page","status-publish","hentry"],"aioseo_notices":[],"_links":{"self":[{"href":"https:\/\/renodoll.com\/cs\/wp-json\/wp\/v2\/pages\/5458","targetHints":{"allow":["GET"]}}],"collection":[{"href":"https:\/\/renodoll.com\/cs\/wp-json\/wp\/v2\/pages"}],"about":[{"href":"https:\/\/renodoll.com\/cs\/wp-json\/wp\/v2\/types\/page"}],"author":[{"embeddable":true,"href":"https:\/\/renodoll.com\/cs\/wp-json\/wp\/v2\/users\/1"}],"replies":[{"embeddable":true,"href":"https:\/\/renodoll.com\/cs\/wp-json\/wp\/v2\/comments?post=5458"}],"version-history":[{"count":26,"href":"https:\/\/renodoll.com\/cs\/wp-json\/wp\/v2\/pages\/5458\/revisions"}],"predecessor-version":[{"id":14266,"href":"https:\/\/renodoll.com\/cs\/wp-json\/wp\/v2\/pages\/5458\/revisions\/14266"}],"wp:attachment":[{"href":"https:\/\/renodoll.com\/cs\/wp-json\/wp\/v2\/media?parent=5458"}],"curies":[{"name":"wp","href":"https:\/\/api.w.org\/{rel}","templated":true}]}}