{"id":5446,"date":"2023-02-22T18:57:12","date_gmt":"2023-02-22T10:57:12","guid":{"rendered":"https:\/\/renodoll.com\/?page_id=5446"},"modified":"2023-03-29T16:46:47","modified_gmt":"2023-03-29T08:46:47","slug":"articulated-finger","status":"publish","type":"page","link":"https:\/\/renodoll.com\/cs\/kloubovy-prst\/","title":{"rendered":"Kloubov\u00fd prst"},"content":{"rendered":"<div data-elementor-type=\"wp-page\" data-elementor-id=\"5446\" class=\"elementor elementor-5446\">\n\t\t\t\t\t\t\t\t\t<section class=\"elementor-section elementor-top-section elementor-element elementor-element-19ce2b8 elementor-section-boxed elementor-section-height-default elementor-section-height-default\" data-id=\"19ce2b8\" data-element_type=\"section\">\n\t\t\t\t\t\t<div class=\"elementor-container elementor-column-gap-default\">\n\t\t\t\t\t<div class=\"elementor-column elementor-col-100 elementor-top-column elementor-element elementor-element-f3c1b7c page-content-text\" data-id=\"f3c1b7c\" data-element_type=\"column\">\n\t\t\t<div class=\"elementor-widget-wrap elementor-element-populated\">\n\t\t\t\t\t\t\t\t<section class=\"elementor-section elementor-inner-section elementor-element elementor-element-fd7ff6a elementor-section-boxed elementor-section-height-default elementor-section-height-default\" data-id=\"fd7ff6a\" data-element_type=\"section\">\n\t\t\t\t\t\t<div class=\"elementor-container elementor-column-gap-default\">\n\t\t\t\t\t<div class=\"elementor-column elementor-col-50 elementor-inner-column elementor-element elementor-element-4194eef\" data-id=\"4194eef\" data-element_type=\"column\">\n\t\t\t<div class=\"elementor-widget-wrap elementor-element-populated\">\n\t\t\t\t\t\t\t\t<div class=\"elementor-element elementor-element-445fe14 elementor-invisible elementor-widget elementor-widget-heading\" data-id=\"445fe14\" data-element_type=\"widget\" data-settings=\"{&quot;_animation&quot;:&quot;fadeInUp&quot;}\" data-widget_type=\"heading.default\">\n\t\t\t\t<div class=\"elementor-widget-container\">\n\t\t\t<style>\/*! elementor - v3.10.2 - 29-01-2023 *\/\n.elementor-heading-title{padding:0;margin:0;line-height:1}.elementor-widget-heading .elementor-heading-title[class*=elementor-size-]>a{color:inherit;font-size:inherit;line-height:inherit}.elementor-widget-heading .elementor-heading-title.elementor-size-small{font-size:15px}.elementor-widget-heading .elementor-heading-title.elementor-size-medium{font-size:19px}.elementor-widget-heading .elementor-heading-title.elementor-size-large{font-size:29px}.elementor-widget-heading .elementor-heading-title.elementor-size-xl{font-size:39px}.elementor-widget-heading .elementor-heading-title.elementor-size-xxl{font-size:59px}<\/style><h2 class=\"elementor-heading-title elementor-size-default\">Prst<\/h2>\t\t<\/div>\n\t\t\t\t<\/div>\n\t\t\t\t<div class=\"elementor-element elementor-element-2f50bad elementor-widget elementor-widget-text-editor\" data-id=\"2f50bad\" data-element_type=\"widget\" data-widget_type=\"text-editor.default\">\n\t\t\t\t<div class=\"elementor-widget-container\">\n\t\t\t<style>\/*! elementor - v3.10.2 - 29-01-2023 *\/\n.elementor-widget-text-editor.elementor-drop-cap-view-stacked .elementor-drop-cap{background-color:#818a91;color:#fff}.elementor-widget-text-editor.elementor-drop-cap-view-framed .elementor-drop-cap{color:#818a91;border:3px solid;background-color:transparent}.elementor-widget-text-editor:not(.elementor-drop-cap-view-default) .elementor-drop-cap{margin-top:8px}.elementor-widget-text-editor:not(.elementor-drop-cap-view-default) .elementor-drop-cap-letter{width:1em;height:1em}.elementor-widget-text-editor .elementor-drop-cap{float:left;text-align:center;line-height:1;font-size:50px}.elementor-widget-text-editor .elementor-drop-cap-letter{display:inline-block}<\/style>\t\t\t\t<p>Zanedlouho spole\u010dnost Irontech ozn\u00e1mila vyd\u00e1n\u00ed nov\u00fdch kloubov\u00fdch rukou a prst\u016f pro jejich sexu\u00e1ln\u00ed panenky a p\u0159ipojila se k YL Doll a WMDoll jako t\u0159et\u00ed zna\u010dka sexu\u00e1ln\u00edch panenek TPE, aby nab\u00eddla vylep\u0161en\u00ed pro prst sv\u00e9 sexu\u00e1ln\u00ed panenky.<\/p>\t\t\t\t\t\t<\/div>\n\t\t\t\t<\/div>\n\t\t\t\t<div class=\"elementor-element elementor-element-7b009cf elementor-widget elementor-widget-text-editor\" data-id=\"7b009cf\" data-element_type=\"widget\" data-widget_type=\"text-editor.default\">\n\t\t\t\t<div class=\"elementor-widget-container\">\n\t\t\t\t\t\t\tTato nov\u00e1 funkce sexu\u00e1ln\u00edch panenek se stala trendem v odv\u011btv\u00ed sexu\u00e1ln\u00edch panenek a je to pot\u011b\u0161uj\u00edc\u00ed trend pro komunitu sexu\u00e1ln\u00edch panenek, proto\u017ee v\u011bt\u0161ina t\u011bchto skute\u010dn\u00fdch majitel\u016f panenek nem\u00e1 r\u00e1da star\u00e9 prsty, kter\u00e9 jsou k\u0159ehk\u00e9 a dr\u00e1t\u011bn\u00e9.\n\t\t\t\t\t\t<\/div>\n\t\t\t\t<\/div>\n\t\t\t\t<div class=\"elementor-element elementor-element-d24a218 elementor-widget elementor-widget-text-editor\" data-id=\"d24a218\" data-element_type=\"widget\" data-widget_type=\"text-editor.default\">\n\t\t\t\t<div class=\"elementor-widget-container\">\n\t\t\t\t\t\t\t<p>Upgrade kloubov\u00fdch prst\u016f ozn\u00e1men\u00fd spole\u010dnost\u00ed Irontech je zcela stejn\u00fd jako u WM. Kovov\u00e1 kostra ruky sexu\u00e1ln\u00ed panenky m\u00e1 kloubov\u00fd kloub a je tak\u00e9 pokryta b\u00edl\u00fdm povlakem, aby se zabr\u00e1nilo po\u0161kozen\u00ed k\u016f\u017ee prstu. Tyto sady panenek mohou snadno vytv\u00e1\u0159et realistick\u00e9 p\u00f3zy zahrnuj\u00edc\u00ed ruku a prst, ani\u017e by p\u0159es TPE musely proch\u00e1zet dr\u00e1ty.<\/p>\t\t\t\t\t\t<\/div>\n\t\t\t\t<\/div>\n\t\t\t\t\t<\/div>\n\t\t<\/div>\n\t\t\t\t<div class=\"elementor-column elementor-col-50 elementor-inner-column elementor-element elementor-element-df10d16\" data-id=\"df10d16\" data-element_type=\"column\">\n\t\t\t<div class=\"elementor-widget-wrap elementor-element-populated\">\n\t\t\t\t\t\t\t\t<div class=\"elementor-element elementor-element-2fef030 elementor-aspect-ratio-169 elementor-widget elementor-widget-video\" data-id=\"2fef030\" data-element_type=\"widget\" data-settings=\"{&quot;video_type&quot;:&quot;hosted&quot;,&quot;autoplay&quot;:&quot;yes&quot;,&quot;play_on_mobile&quot;:&quot;yes&quot;,&quot;loop&quot;:&quot;yes&quot;,&quot;controls&quot;:&quot;yes&quot;,&quot;aspect_ratio&quot;:&quot;169&quot;}\" data-widget_type=\"video.default\">\n\t\t\t\t<div class=\"elementor-widget-container\">\n\t\t\t<style>\/*! elementor - v3.10.2 - 29-01-2023 *\/\n.elementor-widget-video .elementor-widget-container{overflow:hidden;transform:translateZ(0)}.elementor-widget-video .elementor-open-inline .elementor-custom-embed-image-overlay{position:absolute;top:0;left:0;width:100%;height:100%;background-size:cover;background-position:50%}.elementor-widget-video .elementor-custom-embed-image-overlay{cursor:pointer;text-align:center}.elementor-widget-video .elementor-custom-embed-image-overlay:hover .elementor-custom-embed-play i{opacity:1}.elementor-widget-video .elementor-custom-embed-image-overlay img{display:block;width:100%}.elementor-widget-video .e-hosted-video .elementor-video{-o-object-fit:cover;object-fit:cover}.e-con-inner>.elementor-widget-video,.e-con>.elementor-widget-video{width:var(--container-widget-width);--flex-grow:var(--container-widget-flex-grow)}<\/style>\t\t<div class=\"e-hosted-video elementor-wrapper elementor-fit-aspect-ratio elementor-open-inline\">\n\t\t\t\t\t<video class=\"elementor-video\" src=\"http:\/\/renodoll.com\/wp-content\/uploads\/2023\/03\/kb-finger.mp4\" autoplay=\"\" loop=\"\" controls=\"\" playsinline=\"\" controlslist=\"nodownload\"><\/video>\n\t\t\t\t<\/div>\n\t\t\t\t<\/div>\n\t\t\t\t<\/div>\n\t\t\t\t\t<\/div>\n\t\t<\/div>\n\t\t\t\t\t\t\t<\/div>\n\t\t<\/section>\n\t\t\t\t<div class=\"elementor-element elementor-element-9f505e9 elementor-widget elementor-widget-text-editor\" data-id=\"9f505e9\" data-element_type=\"widget\" data-widget_type=\"text-editor.default\">\n\t\t\t\t<div class=\"elementor-widget-container\">\n\t\t\t\t\t\t\tMohlo to trvat dlouho, ale funkce kloubov\u00e9ho prstu a ruky je pro komunitu sexu\u00e1ln\u00edch panenek p\u0159\u00edjemnou zpr\u00e1vou. Pokud v\u00e1s tato funkce pot\u011b\u0161\u00ed, nezapome\u0148te ji p\u0159idat do objedn\u00e1vky. \n\t\t\t\t\t\t<\/div>\n\t\t\t\t<\/div>\n\t\t\t\t<div class=\"elementor-element elementor-element-75d035e elementor-widget elementor-widget-text-editor\" data-id=\"75d035e\" data-element_type=\"widget\" data-widget_type=\"text-editor.default\">\n\t\t\t\t<div class=\"elementor-widget-container\">\n\t\t\t\t\t\t\tU\u017e v\u00e1s nebav\u00ed prst va\u0161\u00ed sexu\u00e1ln\u00ed panenky jet vnit\u0159n\u00edm kovov\u00fdm dr\u00e1tem? Cht\u011bli byste, aby va\u0161e sexu\u00e1ln\u00ed panenka m\u011bla prst, kter\u00fd je pru\u017en\u011bj\u0161\u00ed? Pak je tato nov\u00e1 funkce nov\u00e9ho a kloubov\u00e9ho prstu vylep\u0161en\u00edm, kter\u00e9 mus\u00edte zv\u00e1\u017eit.\t\t\t\t\t\t<\/div>\n\t\t\t\t<\/div>\n\t\t\t\t<div class=\"elementor-element elementor-element-4c9dc49 elementor-widget elementor-widget-text-editor\" data-id=\"4c9dc49\" data-element_type=\"widget\" data-widget_type=\"text-editor.default\">\n\t\t\t\t<div class=\"elementor-widget-container\">\n\t\t\t\t\t\t\t<p>Je mi pot\u011b\u0161en\u00edm v\u00e1m p\u0159edstavit, \u017ee tov\u00e1rna WMDoll za\u010dala vyr\u00e1b\u011bt sv\u00e9 sexu\u00e1ln\u00ed panenky v pln\u00e9 velikosti s vylep\u0161en\u00edm kloubov\u00fdch prst\u016f, co\u017e je ned\u00e1vno vyvinut\u00e1 kostra ruky.<\/p>\t\t\t\t\t\t<\/div>\n\t\t\t\t<\/div>\n\t\t\t\t<div class=\"elementor-element elementor-element-6f7a4a4 elementor-widget elementor-widget-text-editor\" data-id=\"6f7a4a4\" data-element_type=\"widget\" data-widget_type=\"text-editor.default\">\n\t\t\t\t<div class=\"elementor-widget-container\">\n\t\t\t\t\t\t\tTato nov\u00e1 funkce kloubov\u00e9ho prstu je navr\u017eena s p\u00e9\u010d\u00ed a m\u00e1 robustn\u00ed kovov\u00e9 klouby a zaoblen\u00e9 \u0161pi\u010dky, kter\u00e9 zabra\u0148uj\u00ed snadn\u00e9mu prop\u00edchnut\u00ed k\u016f\u017ee prstu. Nejlep\u0161\u00ed \u010d\u00e1st tohoto; tato nov\u00e1 funkce umo\u017e\u0148uje sexu\u00e1ln\u00ed panence kop\u00edrovat mnoho gest rukou, kter\u00e9 star\u00e1 dr\u00e1t\u011bn\u00e1 prstov\u00e1 ruka neum\u00ed. Toto je fantastick\u00fd upgrade, zejm\u00e9na pro komunitu milovn\u00edk\u016f sexu\u00e1ln\u00edch panenek.\n\t\t\t\t\t\t<\/div>\n\t\t\t\t<\/div>\n\t\t\t\t<div class=\"elementor-element elementor-element-e390632 elementor-widget elementor-widget-text-editor\" data-id=\"e390632\" data-element_type=\"widget\" data-widget_type=\"text-editor.default\">\n\t\t\t\t<div class=\"elementor-widget-container\">\n\t\t\t\t\t\t\tPod\u00edvejte se na video n\u00ed\u017ee a zjist\u011bte, jak tato nov\u00e1 funkce funguje.\t\t\t\t\t\t<\/div>\n\t\t\t\t<\/div>\n\t\t\t\t<div class=\"elementor-element elementor-element-e28a12e elementor-invisible elementor-widget elementor-widget-heading\" data-id=\"e28a12e\" data-element_type=\"widget\" data-settings=\"{&quot;_animation&quot;:&quot;fadeInUp&quot;}\" data-widget_type=\"heading.default\">\n\t\t\t\t<div class=\"elementor-widget-container\">\n\t\t\t<h2 class=\"elementor-heading-title elementor-size-default\">M\u011bjte na pam\u011bti:<\/h2>\t\t<\/div>\n\t\t\t\t<\/div>\n\t\t\t\t<div class=\"elementor-element elementor-element-ac5f65c elementor-widget elementor-widget-html\" data-id=\"ac5f65c\" data-element_type=\"widget\" data-widget_type=\"html.default\">\n\t\t\t\t<div class=\"elementor-widget-container\">\n\t\t\t<ol class=\"number_list_type\"><li>Tuto novou funkci nab\u00edzej\u00ed pouze panenky WMDoll a YL Dolls.<\/li>\n<li>Tato vzru\u0161uj\u00edc\u00ed nov\u00e1 funkce je dostupn\u00e1 pouze pro TPE panenky, kter\u00e9 jsou v\u011bt\u0161\u00ed ne\u017e 140 cm.\n<\/li>\n<li>Nelze jej pou\u017e\u00edt se star\u00fdmi WMdoll, zm\u011bnit nebo upgradovat.<\/li>\n<li>Je vyroben z kovu a ne z m\u011bd\u011bn\u00e9ho dr\u00e1tu.<\/li>\n<li>Kloubov\u00e9 prsty nelze zamotat.\n<\/li>\n<li>Rozsah pohybu kloubov\u00e9ho prstu je stejn\u00fd jako u star\u00e9ho dr\u00e1tovan\u00e9ho prstu.<\/li>\n<li>Tato nov\u00e1 funkce umo\u017e\u0148uje pohyb ruky nahoru a dol\u016f a tak\u00e9 vnit\u0159n\u00ed a vn\u011bj\u0161\u00ed rotaci p\u0159edlokt\u00ed.<\/li>\n<li>\n    Rozsah pohybu ruky je t\u00e9m\u011b\u0159 95% skute\u010dn\u00e9 lidsk\u00e9 ruky, a proto je mo\u017en\u00fd pohyb ruky nahoru a dol\u016f, stejn\u011b jako vnit\u0159n\u00ed a vn\u011bj\u0161\u00ed rotace p\u0159edlokt\u00ed.\n<\/li>\n<\/ol>\t\t<\/div>\n\t\t\t\t<\/div>\n\t\t\t\t\t<\/div>\n\t\t<\/div>\n\t\t\t\t\t\t\t<\/div>\n\t\t<\/section>\n\t\t\t\t\t\t\t<\/div>","protected":false},"excerpt":{"rendered":"<p>Prst Ne tak dlouho, Irontech ozn\u00e1mil vyd\u00e1n\u00ed nov\u00fdch kloubov\u00fdch rukou a prst\u016f pro jejich sexu\u00e1ln\u00ed panenky a p\u0159ipojil se k YL Doll a WMDoll jako t\u0159et\u00ed zna\u010dka sexu\u00e1ln\u00edch panenek TPE, aby nab\u00eddli vylep\u0161en\u00ed pro prst jejich sexu\u00e1ln\u00edch panenek. Tato nov\u00e1 funkce sexu\u00e1ln\u00edch panenek se stala trendem v odv\u011btv\u00ed sexu\u00e1ln\u00edch panenek a je to pot\u011b\u0161uj\u00edc\u00ed trend pro komunitu sexu\u00e1ln\u00edch panenek, proto\u017ee v\u011bt\u0161ina t\u011bchto skute\u010dn\u00fdch majitel\u016f panenek nem\u00e1 r\u00e1da star\u00e9 prsty, kter\u00e9 jsou k\u0159ehk\u00e9 a dr\u00e1t\u011bn\u00e9. Upgrade kloubov\u00fdch prst\u016f ozn\u00e1men\u00fd spole\u010dnost\u00ed Irontech je zcela stejn\u00fd jako u WM.<\/p>","protected":false},"author":1,"featured_media":0,"parent":0,"menu_order":0,"comment_status":"closed","ping_status":"closed","template":"","meta":{"footnotes":""},"class_list":["post-5446","page","type-page","status-publish","hentry"],"aioseo_notices":[],"_links":{"self":[{"href":"https:\/\/renodoll.com\/cs\/wp-json\/wp\/v2\/pages\/5446","targetHints":{"allow":["GET"]}}],"collection":[{"href":"https:\/\/renodoll.com\/cs\/wp-json\/wp\/v2\/pages"}],"about":[{"href":"https:\/\/renodoll.com\/cs\/wp-json\/wp\/v2\/types\/page"}],"author":[{"embeddable":true,"href":"https:\/\/renodoll.com\/cs\/wp-json\/wp\/v2\/users\/1"}],"replies":[{"embeddable":true,"href":"https:\/\/renodoll.com\/cs\/wp-json\/wp\/v2\/comments?post=5446"}],"version-history":[{"count":38,"href":"https:\/\/renodoll.com\/cs\/wp-json\/wp\/v2\/pages\/5446\/revisions"}],"predecessor-version":[{"id":14260,"href":"https:\/\/renodoll.com\/cs\/wp-json\/wp\/v2\/pages\/5446\/revisions\/14260"}],"wp:attachment":[{"href":"https:\/\/renodoll.com\/cs\/wp-json\/wp\/v2\/media?parent=5446"}],"curies":[{"name":"wp","href":"https:\/\/api.w.org\/{rel}","templated":true}]}}