{"id":5394,"date":"2023-02-22T16:53:11","date_gmt":"2023-02-22T08:53:11","guid":{"rendered":"https:\/\/renodoll.com\/?page_id=5394"},"modified":"2023-04-24T20:06:46","modified_gmt":"2023-04-24T12:06:46","slug":"sex-doll-maintenance","status":"publish","type":"page","link":"https:\/\/renodoll.com\/cs\/sex-doll-maintenance\/","title":{"rendered":"\u00dadr\u017eba sexu\u00e1ln\u00edch panenek"},"content":{"rendered":"<div data-elementor-type=\"wp-page\" data-elementor-id=\"5394\" class=\"elementor elementor-5394\" data-elementor-post-type=\"page\">\n\t\t\t\t\t\t<section class=\"elementor-section elementor-top-section elementor-element elementor-element-b863e45 elementor-section-boxed elementor-section-height-default elementor-section-height-default\" data-id=\"b863e45\" data-element_type=\"section\" data-e-type=\"section\">\n\t\t\t\t\t\t<div class=\"elementor-container elementor-column-gap-default\">\n\t\t\t\t\t<div class=\"elementor-column elementor-col-100 elementor-top-column elementor-element elementor-element-d06ff7c page-content-text\" data-id=\"d06ff7c\" data-element_type=\"column\" data-e-type=\"column\">\n\t\t\t<div class=\"elementor-widget-wrap elementor-element-populated\">\n\t\t\t\t\t\t<div class=\"elementor-element elementor-element-cc13aac elementor-invisible elementor-widget elementor-widget-heading\" data-id=\"cc13aac\" data-element_type=\"widget\" data-e-type=\"widget\" data-settings=\"{&quot;_animation&quot;:&quot;fadeInUp&quot;}\" data-widget_type=\"heading.default\">\n\t\t\t\t<div class=\"elementor-widget-container\">\n\t\t\t\t\t<h2 class=\"elementor-heading-title elementor-size-default\">P\u00c9\u010cE O SILIKONOV\u00dd POVRCH<\/h2>\t\t\t\t<\/div>\n\t\t\t\t<\/div>\n\t\t\t\t<section class=\"elementor-section elementor-inner-section elementor-element elementor-element-b9cb035 elementor-section-boxed elementor-section-height-default elementor-section-height-default\" data-id=\"b9cb035\" data-element_type=\"section\" data-e-type=\"section\">\n\t\t\t\t\t\t<div class=\"elementor-container elementor-column-gap-default\">\n\t\t\t\t\t<div class=\"elementor-column elementor-col-100 elementor-inner-column elementor-element elementor-element-3145bdb\" data-id=\"3145bdb\" data-element_type=\"column\" data-e-type=\"column\">\n\t\t\t<div class=\"elementor-widget-wrap elementor-element-populated\">\n\t\t\t\t\t\t<div class=\"elementor-element elementor-element-8958d6e elementor-invisible elementor-widget elementor-widget-heading\" data-id=\"8958d6e\" data-element_type=\"widget\" data-e-type=\"widget\" data-settings=\"{&quot;_animation&quot;:&quot;fadeInUp&quot;}\" data-widget_type=\"heading.default\">\n\t\t\t\t<div class=\"elementor-widget-container\">\n\t\t\t\t\t<h2 class=\"elementor-heading-title elementor-size-default\">\u00davod do p\u00e9\u010de o sexu\u00e1ln\u00ed panenky<\/h2>\t\t\t\t<\/div>\n\t\t\t\t<\/div>\n\t\t\t\t<div class=\"elementor-element elementor-element-5c55386 elementor-widget elementor-widget-text-editor\" data-id=\"5c55386\" data-element_type=\"widget\" data-e-type=\"widget\" data-widget_type=\"text-editor.default\">\n\t\t\t\t<div class=\"elementor-widget-container\">\n\t\t\t\t\t\t\t\t\t<p>Pro duplicitn\u00ed k\u016f\u017ei modelu panenky pou\u017e\u00edv\u00e1me jako vybaven\u00ed ciz\u00ed polymern\u00ed silikonovou pry\u017e lidsk\u00e9ho t\u011bla, kter\u00e1 je netoxick\u00e1 a bez z\u00e1pachu.<\/p>\t\t\t\t\t\t\t\t<\/div>\n\t\t\t\t<\/div>\n\t\t\t\t<div class=\"elementor-element elementor-element-ce0966c elementor-widget elementor-widget-text-editor\" data-id=\"ce0966c\" data-element_type=\"widget\" data-e-type=\"widget\" data-widget_type=\"text-editor.default\">\n\t\t\t\t<div class=\"elementor-widget-container\">\n\t\t\t\t\t\t\t\t\tJakmile se silikonov\u00e9 materi\u00e1ly del\u0161\u00ed dobu nepou\u017e\u00edvaj\u00ed, dojde na jejich povrchu k rozlit\u00ed oleje v d\u016fsledku silikonov\u00e9ho oleje obsa\u017een\u00e9ho v silikonov\u00e9m slo\u017een\u00ed, co\u017e je obvykl\u00fd jev.\t\t\t\t\t\t\t\t<\/div>\n\t\t\t\t<\/div>\n\t\t\t\t<div class=\"elementor-element elementor-element-28b24ad elementor-widget elementor-widget-text-editor\" data-id=\"28b24ad\" data-element_type=\"widget\" data-e-type=\"widget\" data-widget_type=\"text-editor.default\">\n\t\t\t\t<div class=\"elementor-widget-container\">\n\t\t\t\t\t\t\t\t\tPovrch mus\u00edte pouze jemn\u011b o\u010distit jakoukoli \u010distou l\u00e1tkou. Tak\u00e9, kdy\u017e se sexu\u00e1ln\u00ed panenky del\u0161\u00ed dobu nepou\u017e\u00edvaj\u00ed, jejich povrchy se za\u0161pin\u00ed olejem; to znamen\u00e1, \u017ee aby byla silikonov\u00e1 k\u016f\u017ee \u010dist\u00e1 a bezpe\u010dn\u00e1 pro lep\u0161\u00ed v\u00fdkon, v\u017edy prov\u00e1d\u011bjte b\u011b\u017enou kontrolu a pravideln\u011b prov\u00e1d\u011bjte \u00fadr\u017ebu.\t\t\t\t\t\t\t\t<\/div>\n\t\t\t\t<\/div>\n\t\t\t\t<div class=\"elementor-element elementor-element-1003aec elementor-widget elementor-widget-text-editor\" data-id=\"1003aec\" data-element_type=\"widget\" data-e-type=\"widget\" data-widget_type=\"text-editor.default\">\n\t\t\t\t<div class=\"elementor-widget-container\">\n\t\t\t\t\t\t\t\t\tOdhadovan\u00e1 doba \u010di\u0161t\u011bn\u00ed se li\u0161\u00ed podle v\u00fdznamu slu\u017eby a oblasti skladu. Obecn\u011b je p\u0159ijateln\u00e1 m\u011bs\u00ed\u010dn\u00ed rutina.\t\t\t\t\t\t\t\t<\/div>\n\t\t\t\t<\/div>\n\t\t\t\t\t<\/div>\n\t\t<\/div>\n\t\t\t\t\t<\/div>\n\t\t<\/section>\n\t\t\t\t<div class=\"elementor-element elementor-element-e5c4aaa elementor-invisible elementor-widget elementor-widget-heading\" data-id=\"e5c4aaa\" data-element_type=\"widget\" data-e-type=\"widget\" data-settings=\"{&quot;_animation&quot;:&quot;fadeInUp&quot;}\" data-widget_type=\"heading.default\">\n\t\t\t\t<div class=\"elementor-widget-container\">\n\t\t\t\t\t<h2 class=\"elementor-heading-title elementor-size-default\">Rutinn\u00ed metoda \u00fadr\u017eby sexu\u00e1ln\u00ed panenky <\/h2>\t\t\t\t<\/div>\n\t\t\t\t<\/div>\n\t\t\t\t<div class=\"elementor-element elementor-element-6d7a9f6 elementor-widget elementor-widget-text-editor\" data-id=\"6d7a9f6\" data-element_type=\"widget\" data-e-type=\"widget\" data-widget_type=\"text-editor.default\">\n\t\t\t\t<div class=\"elementor-widget-container\">\n\t\t\t\t\t\t\t\t\tNejprve pono\u0159te l\u00e1tku do vla\u017en\u00e9 vody a pe\u010dliv\u011b s n\u00ed o\u010dist\u011bte povrch panenky (panen). Pokud je na silikonov\u00e9m povrchu \u0161p\u00edna nebo ulp\u00edvaj\u00edc\u00ed skvrna, opatrn\u011b jej n\u011bkolikr\u00e1t ot\u0159ete m\u00fddlovou vodou a neot\u00edrejte jej n\u00e1sil\u00edm.\t\t\t\t\t\t\t\t<\/div>\n\t\t\t\t<\/div>\n\t\t\t\t<div class=\"elementor-element elementor-element-9ea4cf7 elementor-widget elementor-widget-text-editor\" data-id=\"9ea4cf7\" data-element_type=\"widget\" data-e-type=\"widget\" data-widget_type=\"text-editor.default\">\n\t\t\t\t<div class=\"elementor-widget-container\">\n\t\t\t\t\t\t\t\t\tP\u0159i \u010di\u0161t\u011bn\u00ed povrchu silikonu se sna\u017ete nepou\u017e\u00edvat nebezpe\u010dn\u00e9 \u010distic\u00ed prost\u0159edky, jako jsou siln\u00e9 roztoky kyselin a z\u00e1sad, siln\u00fd dezinfek\u010dn\u00ed roztok, detergent atd.\t\t\t\t\t\t\t\t<\/div>\n\t\t\t\t<\/div>\n\t\t\t\t<div class=\"elementor-element elementor-element-3cf20d9 elementor-widget elementor-widget-text-editor\" data-id=\"3cf20d9\" data-element_type=\"widget\" data-e-type=\"widget\" data-widget_type=\"text-editor.default\">\n\t\t\t\t<div class=\"elementor-widget-container\">\n\t\t\t\t\t\t\t\t\tK nat\u00edr\u00e1n\u00ed lze pou\u017e\u00edt jemn\u00e9 m\u00fddlo, tekut\u00fd prac\u00ed prost\u0159edek, \u0161ampon nebo sprchov\u00fd gel.\t\t\t\t\t\t\t\t<\/div>\n\t\t\t\t<\/div>\n\t\t\t\t<div class=\"elementor-element elementor-element-ece45d6 elementor-widget elementor-widget-image\" data-id=\"ece45d6\" data-element_type=\"widget\" data-e-type=\"widget\" data-widget_type=\"image.default\">\n\t\t\t\t<div class=\"elementor-widget-container\">\n\t\t\t\t\t\t\t\t\t\t\t\t\t\t\t<img loading=\"lazy\" decoding=\"async\" width=\"770\" height=\"213\" src=\"https:\/\/renodoll.com\/wp-content\/uploads\/elementor\/thumbs\/xstore-placeholder-q1lsnz7h62sm7ug2r1zrulxbqgkj8ifd2hjuy9x6y0.png\" class=\"attachment-large size-large wp-image-14560 lazyload lazyload-simple et-lazyload-fadeIn\" alt=\"\" data-src=\"https:\/\/renodoll.com\/wp-content\/uploads\/2023\/03\/kb-maintain-1.gif\" \/>\t\t\t\t\t\t\t\t\t\t\t\t\t\t\t<\/div>\n\t\t\t\t<\/div>\n\t\t\t\t<div class=\"elementor-element elementor-element-018d411 elementor-widget elementor-widget-text-editor\" data-id=\"018d411\" data-element_type=\"widget\" data-e-type=\"widget\" data-widget_type=\"text-editor.default\">\n\t\t\t\t<div class=\"elementor-widget-container\">\n\t\t\t\t\t\t\t\t\tPo pou\u017eit\u00ed povrch o\u010dist\u011bte a osu\u0161te a na panenku podobnou \u017eivotu naneste koupel nebo mastek; p\u0159i prov\u00e1d\u011bn\u00ed t\u00e9to operace pou\u017e\u00edvejte obli\u010dejovou masku, abyste zabr\u00e1nili vniknut\u00ed prachu.\t\t\t\t\t\t\t\t<\/div>\n\t\t\t\t<\/div>\n\t\t\t\t<div class=\"elementor-element elementor-element-8d314f9 elementor-invisible elementor-widget elementor-widget-heading\" data-id=\"8d314f9\" data-element_type=\"widget\" data-e-type=\"widget\" data-settings=\"{&quot;_animation&quot;:&quot;fadeInUp&quot;}\" data-widget_type=\"heading.default\">\n\t\t\t\t<div class=\"elementor-widget-container\">\n\t\t\t\t\t<h2 class=\"elementor-heading-title elementor-size-default\">P\u00e9\u010de o kloubn\u00ed d\u00edly <\/h2>\t\t\t\t<\/div>\n\t\t\t\t<\/div>\n\t\t\t\t<div class=\"elementor-element elementor-element-db124c9 elementor-widget elementor-widget-text-editor\" data-id=\"db124c9\" data-element_type=\"widget\" data-e-type=\"widget\" data-widget_type=\"text-editor.default\">\n\t\t\t\t<div class=\"elementor-widget-container\">\n\t\t\t\t\t\t\t\t\t\u010c\u00e1st kloubu by nem\u011bla z\u016fstat naklon\u011bn\u00e1 p\u0159\u00edli\u0161 dlouho, pokud ne, dojde na jeho povrchu k vr\u00e1sk\u00e1m v d\u016fsledku nevhodn\u00e9ho um\u00edst\u011bn\u00ed zp\u016fsoben\u00e9ho dlouhodob\u00fdm tlakem na k\u016f\u017ei. Pokud nap\u0159\u00edklad sed\u00edte na gau\u010di del\u0161\u00ed dobu, objev\u00ed se na jeho b\u0159i\u0161e vodorovn\u00e1 \u010d\u00e1ra.\t\t\t\t\t\t\t\t<\/div>\n\t\t\t\t<\/div>\n\t\t\t\t<div class=\"elementor-element elementor-element-c56c12b elementor-widget elementor-widget-image\" data-id=\"c56c12b\" data-element_type=\"widget\" data-e-type=\"widget\" data-widget_type=\"image.default\">\n\t\t\t\t<div class=\"elementor-widget-container\">\n\t\t\t\t\t\t\t\t\t\t\t\t\t\t\t<img loading=\"lazy\" decoding=\"async\" width=\"770\" height=\"332\" src=\"https:\/\/renodoll.com\/wp-content\/uploads\/elementor\/thumbs\/xstore-placeholder-q1lsnz7fl2dzq0dsnd5g6y0gvx2vmvtgsoqblas9ns.png\" class=\"attachment-large size-large wp-image-14561 lazyload lazyload-simple et-lazyload-fadeIn\" alt=\"\" data-src=\"https:\/\/renodoll.com\/wp-content\/uploads\/2023\/03\/kb-maintain-2.gif\" \/>\t\t\t\t\t\t\t\t\t\t\t\t\t\t\t<\/div>\n\t\t\t\t<\/div>\n\t\t\t\t<div class=\"elementor-element elementor-element-04e7cc1 elementor-widget elementor-widget-text-editor\" data-id=\"04e7cc1\" data-element_type=\"widget\" data-e-type=\"widget\" data-widget_type=\"text-editor.default\">\n\t\t\t\t<div class=\"elementor-widget-container\">\n\t\t\t\t\t\t\t\t\tSilikon m\u00e1 trvanlivost; sexu\u00e1ln\u00ed panenka se nepou\u017e\u00edv\u00e1; zabalte jej pros\u00edm stejn\u00fdm zp\u016fsobem, jak\u00fdm vy\u0161el z tov\u00e1rny; sn\u00ed\u017e\u00ed tlak na v\u0161echny klouby. Odlo\u017ete realistickou sexu\u00e1ln\u00ed panenku na n\u011bkolik dn\u00ed, pokud se objev\u00ed n\u011bjak\u00e9 z\u00e1hyby a vr\u00e1sky, a zmiz\u00ed.\t\t\t\t\t\t\t\t<\/div>\n\t\t\t\t<\/div>\n\t\t\t\t<div class=\"elementor-element elementor-element-30b6d21 elementor-invisible elementor-widget elementor-widget-heading\" data-id=\"30b6d21\" data-element_type=\"widget\" data-e-type=\"widget\" data-settings=\"{&quot;_animation&quot;:&quot;fadeInUp&quot;}\" data-widget_type=\"heading.default\">\n\t\t\t\t<div class=\"elementor-widget-container\">\n\t\t\t\t\t<h2 class=\"elementor-heading-title elementor-size-default\">P\u00e9\u010de o realistick\u00fd povlak pro sexu\u00e1ln\u00ed panenky <\/h2>\t\t\t\t<\/div>\n\t\t\t\t<\/div>\n\t\t\t\t<div class=\"elementor-element elementor-element-56ee739 elementor-widget elementor-widget-html\" data-id=\"56ee739\" data-element_type=\"widget\" data-e-type=\"widget\" data-widget_type=\"html.default\">\n\t\t\t\t<div class=\"elementor-widget-container\">\n\t\t\t\t\t<ol class=\"number_list_type\"><li>Kr\u00e1sn\u00fd make-up vytvo\u0159en\u00fd na panence l\u00e1sky, kter\u00e1 ji pos\u00edl\u00e1 na\u0161im klient\u016fm, je silikonov\u00fd povlak, kter\u00fd se nemus\u00ed o\u010distit<\/li>\n<li>Ne\u010dist\u011bte ji n\u00e1sil\u00edm, zvl\u00e1\u0161t\u011b pokud je make-up na obli\u010deji, obo\u010d\u00ed a \u0159as\u00e1ch sexu\u00e1ln\u00ed panenky v \u017eivotn\u00ed velikosti. Laskav\u011b v\u011bnujte velkou pozornost s\u00edle pou\u017eit\u00e9 p\u0159i b\u011b\u017en\u00e9m \u010di\u0161t\u011bn\u00ed sexu\u00e1ln\u00ed panenky v re\u00e1ln\u00e9 \u017eivotn\u00ed velikosti.\n<\/li>\n<li>Pokud pou\u017eijete hodn\u011b s\u00edly, vlasy se strhnou a jejich barva tak\u00e9 vybledne, jakmile barva zmiz\u00ed; je obt\u00ed\u017en\u00e9 prov\u00e1d\u011bt opravy.<\/li>\n<li>Obecnou kosmetiku lze pou\u017e\u00edt k l\u00ed\u010den\u00ed sexu\u00e1ln\u00edch panenek, nap\u0159. rt\u011bnky atd.<\/li>\n<li>Vyhn\u011bte se pou\u017eit\u00ed p\u0159\u00edli\u0161 hust\u00e9 a lepkav\u00e9 masti na pot\u00edr\u00e1n\u00ed obli\u010deje, jinak bude t\u011b\u017ek\u00e9 ji set\u0159\u00edt.<\/li>\n<li>P\u0159i zm\u011bn\u011b make-upu jej pros\u00edm neot\u00edrejte nedbale s velkou energi\u00ed; opatrn\u011b jej o\u010dist\u011bte m\u00fddlovou vodou nebo ut\u011brkou na obli\u010dej.<\/li>\n<\/ol>\t\t\t\t<\/div>\n\t\t\t\t<\/div>\n\t\t\t\t\t<\/div>\n\t\t<\/div>\n\t\t\t\t\t<\/div>\n\t\t<\/section>\n\t\t\t\t<\/div>","protected":false},"excerpt":{"rendered":"<p>P\u00c9\u010cE O SILIKONOV\u00dd POVRCH P\u00e9\u010de o sex panenky \u00davod Pro duplicitn\u00ed k\u016f\u017ei modelu panenky pou\u017e\u00edv\u00e1me jako vybaven\u00ed ciz\u00ed polymern\u00ed silikonov\u00fd kau\u010duk lidsk\u00e9ho t\u011bla, kter\u00fd je netoxick\u00fd a bez z\u00e1pachu. Jakmile se silikonov\u00e9 materi\u00e1ly del\u0161\u00ed dobu nepou\u017e\u00edvaj\u00ed, dojde na jejich povrchu k rozlit\u00ed oleje v d\u016fsledku silikonov\u00e9ho oleje obsa\u017een\u00e9ho v silikonov\u00e9m slo\u017een\u00ed, co\u017e je b\u011b\u017en\u00fd jev. Povrch mus\u00edte \u010distit pouze jemn\u011b tkanina. Tak\u00e9, kdy\u017e se sexu\u00e1ln\u00ed panenky del\u0161\u00ed dobu nepou\u017e\u00edvaj\u00ed, jejich povrchy se za\u0161pin\u00ed<\/p>","protected":false},"author":1,"featured_media":0,"parent":0,"menu_order":0,"comment_status":"closed","ping_status":"closed","template":"","meta":{"footnotes":""},"class_list":["post-5394","page","type-page","status-publish","hentry"],"aioseo_notices":[],"_links":{"self":[{"href":"https:\/\/renodoll.com\/cs\/wp-json\/wp\/v2\/pages\/5394","targetHints":{"allow":["GET"]}}],"collection":[{"href":"https:\/\/renodoll.com\/cs\/wp-json\/wp\/v2\/pages"}],"about":[{"href":"https:\/\/renodoll.com\/cs\/wp-json\/wp\/v2\/types\/page"}],"author":[{"embeddable":true,"href":"https:\/\/renodoll.com\/cs\/wp-json\/wp\/v2\/users\/1"}],"replies":[{"embeddable":true,"href":"https:\/\/renodoll.com\/cs\/wp-json\/wp\/v2\/comments?post=5394"}],"version-history":[{"count":55,"href":"https:\/\/renodoll.com\/cs\/wp-json\/wp\/v2\/pages\/5394\/revisions"}],"predecessor-version":[{"id":16006,"href":"https:\/\/renodoll.com\/cs\/wp-json\/wp\/v2\/pages\/5394\/revisions\/16006"}],"wp:attachment":[{"href":"https:\/\/renodoll.com\/cs\/wp-json\/wp\/v2\/media?parent=5394"}],"curies":[{"name":"wp","href":"https:\/\/api.w.org\/{rel}","templated":true}]}}