{"id":5330,"date":"2023-02-22T14:27:04","date_gmt":"2023-02-22T06:27:04","guid":{"rendered":"https:\/\/renodoll.com\/?page_id=5330"},"modified":"2023-04-24T20:06:13","modified_gmt":"2023-04-24T12:06:13","slug":"sex-doll-dress-up","status":"publish","type":"page","link":"https:\/\/renodoll.com\/cs\/sex-doll-dress-up\/","title":{"rendered":"Obl\u00e9k\u00e1n\u00ed sexu\u00e1ln\u00ed panenky"},"content":{"rendered":"<div data-elementor-type=\"wp-page\" data-elementor-id=\"5330\" class=\"elementor elementor-5330\">\n\t\t\t\t\t\t\t\t\t<section class=\"elementor-section elementor-top-section elementor-element elementor-element-9ee3c63 elementor-section-boxed elementor-section-height-default elementor-section-height-default\" data-id=\"9ee3c63\" data-element_type=\"section\">\n\t\t\t\t\t\t<div class=\"elementor-container elementor-column-gap-default\">\n\t\t\t\t\t<div class=\"elementor-column elementor-col-100 elementor-top-column elementor-element elementor-element-a5c4cb6 page-content-text\" data-id=\"a5c4cb6\" data-element_type=\"column\">\n\t\t\t<div class=\"elementor-widget-wrap elementor-element-populated\">\n\t\t\t\t\t\t\t\t<div class=\"elementor-element elementor-element-23b29e3 elementor-invisible elementor-widget elementor-widget-heading\" data-id=\"23b29e3\" data-element_type=\"widget\" data-settings=\"{&quot;_animation&quot;:&quot;fadeInUp&quot;}\" data-widget_type=\"heading.default\">\n\t\t\t\t<div class=\"elementor-widget-container\">\n\t\t\t<style>\/*! elementor - v3.10.2 - 29-01-2023 *\/\n.elementor-heading-title{padding:0;margin:0;line-height:1}.elementor-widget-heading .elementor-heading-title[class*=elementor-size-]>a{color:inherit;font-size:inherit;line-height:inherit}.elementor-widget-heading .elementor-heading-title.elementor-size-small{font-size:15px}.elementor-widget-heading .elementor-heading-title.elementor-size-medium{font-size:19px}.elementor-widget-heading .elementor-heading-title.elementor-size-large{font-size:29px}.elementor-widget-heading .elementor-heading-title.elementor-size-xl{font-size:39px}.elementor-widget-heading .elementor-heading-title.elementor-size-xxl{font-size:59px}<\/style><h2 class=\"elementor-heading-title elementor-size-default\">Body, kter\u00e9 je t\u0159eba vz\u00edt v \u00favahu p\u0159i obl\u00e9k\u00e1n\u00ed va\u0161\u00ed panenky<\/h2>\t\t<\/div>\n\t\t\t\t<\/div>\n\t\t\t\t<div class=\"elementor-element elementor-element-0275977 elementor-widget elementor-widget-spacer\" data-id=\"0275977\" data-element_type=\"widget\" data-widget_type=\"spacer.default\">\n\t\t\t\t<div class=\"elementor-widget-container\">\n\t\t\t<style>\/*! elementor - v3.10.2 - 29-01-2023 *\/\n.elementor-column .elementor-spacer-inner{height:var(--spacer-size)}.e-con{--container-widget-width:100%}.e-con-inner>.elementor-widget-spacer,.e-con>.elementor-widget-spacer{width:var(--container-widget-width,var(--spacer-size));--align-self:var(--container-widget-align-self,initial);--flex-shrink:0}.e-con-inner>.elementor-widget-spacer>.elementor-widget-container,.e-con-inner>.elementor-widget-spacer>.elementor-widget-container>.elementor-spacer,.e-con>.elementor-widget-spacer>.elementor-widget-container,.e-con>.elementor-widget-spacer>.elementor-widget-container>.elementor-spacer{height:100%}.e-con-inner>.elementor-widget-spacer>.elementor-widget-container>.elementor-spacer>.elementor-spacer-inner,.e-con>.elementor-widget-spacer>.elementor-widget-container>.elementor-spacer>.elementor-spacer-inner{height:var(--container-widget-height,var(--spacer-size))}<\/style>\t\t<div class=\"elementor-spacer\">\n\t\t\t<div class=\"elementor-spacer-inner\"><\/div>\n\t\t<\/div>\n\t\t\t\t<\/div>\n\t\t\t\t<\/div>\n\t\t\t\t<div class=\"elementor-element elementor-element-0ee033e elementor-invisible elementor-widget elementor-widget-heading\" data-id=\"0ee033e\" data-element_type=\"widget\" data-settings=\"{&quot;_animation&quot;:&quot;fadeInUp&quot;}\" data-widget_type=\"heading.default\">\n\t\t\t\t<div class=\"elementor-widget-container\">\n\t\t\t<h2 class=\"elementor-heading-title elementor-size-default\">\u00davod<\/h2>\t\t<\/div>\n\t\t\t\t<\/div>\n\t\t\t\t<div class=\"elementor-element elementor-element-1366056 elementor-widget elementor-widget-text-editor\" data-id=\"1366056\" data-element_type=\"widget\" data-widget_type=\"text-editor.default\">\n\t\t\t\t<div class=\"elementor-widget-container\">\n\t\t\t<style>\/*! elementor - v3.10.2 - 29-01-2023 *\/\n.elementor-widget-text-editor.elementor-drop-cap-view-stacked .elementor-drop-cap{background-color:#818a91;color:#fff}.elementor-widget-text-editor.elementor-drop-cap-view-framed .elementor-drop-cap{color:#818a91;border:3px solid;background-color:transparent}.elementor-widget-text-editor:not(.elementor-drop-cap-view-default) .elementor-drop-cap{margin-top:8px}.elementor-widget-text-editor:not(.elementor-drop-cap-view-default) .elementor-drop-cap-letter{width:1em;height:1em}.elementor-widget-text-editor .elementor-drop-cap{float:left;text-align:center;line-height:1;font-size:50px}.elementor-widget-text-editor .elementor-drop-cap-letter{display:inline-block}<\/style>\t\t\t\tKon\u010detiny Silikonov\u00e9 panenky se mohou pohybovat, ale je to s ur\u010dit\u00fdmi omezen\u00edmi. P\u0159i obl\u00e9k\u00e1n\u00ed sv\u00e9 sexu\u00e1ln\u00ed panenky podle sv\u00e9ho vkusu mus\u00edte tak\u00e9 chr\u00e1nit silikonovou poko\u017eku. Dob\u0159e si v\u0161imn\u011bte n\u00e1sleduj\u00edc\u00edch bod\u016f. \t\t\t\t\t\t<\/div>\n\t\t\t\t<\/div>\n\t\t\t\t<div class=\"elementor-element elementor-element-1b286a6 elementor-invisible elementor-widget elementor-widget-heading\" data-id=\"1b286a6\" data-element_type=\"widget\" data-settings=\"{&quot;_animation&quot;:&quot;fadeInUp&quot;}\" data-widget_type=\"heading.default\">\n\t\t\t\t<div class=\"elementor-widget-container\">\n\t\t\t<h2 class=\"elementor-heading-title elementor-size-default\">Nedovolte, aby se kon\u010detiny p\u0159\u00edli\u0161 oh\u00fdbaly<\/h2>\t\t<\/div>\n\t\t\t\t<\/div>\n\t\t\t\t<div class=\"elementor-element elementor-element-5570512 elementor-widget elementor-widget-text-editor\" data-id=\"5570512\" data-element_type=\"widget\" data-widget_type=\"text-editor.default\">\n\t\t\t\t<div class=\"elementor-widget-container\">\n\t\t\t\t\t\t\tP\u0159i obl\u00e9k\u00e1n\u00ed sv\u00e9 sexu\u00e1ln\u00ed panenky se sna\u017ete co nejv\u00edce vyhnout zvednut\u00ed pa\u017e\u00ed sv\u00e9 panenky p\u0159\u00edli\u0161 vysoko, aby nedo\u0161lo k prasknut\u00ed nebo roztr\u017een\u00ed silikonu. V\u011bnujte pros\u00edm zv\u00fd\u0161enou pozornost pokyn\u016fm pro bezpe\u010dn\u00fd \u00fahel v rozsahu fyzick\u00e9 aktivity v\u00fdhradn\u011b pro operace. \t\t\t\t\t\t<\/div>\n\t\t\t\t<\/div>\n\t\t\t\t<div class=\"elementor-element elementor-element-690b0e9 elementor-invisible elementor-widget elementor-widget-heading\" data-id=\"690b0e9\" data-element_type=\"widget\" data-settings=\"{&quot;_animation&quot;:&quot;fadeInUp&quot;}\" data-widget_type=\"heading.default\">\n\t\t\t\t<div class=\"elementor-widget-container\">\n\t\t\t<h2 class=\"elementor-heading-title elementor-size-default\">D\u00e1vejte pozor na \u0161kr\u00e1bance<\/h2>\t\t<\/div>\n\t\t\t\t<\/div>\n\t\t\t\t<div class=\"elementor-element elementor-element-2665724 elementor-widget elementor-widget-text-editor\" data-id=\"2665724\" data-element_type=\"widget\" data-widget_type=\"text-editor.default\">\n\t\t\t\t<div class=\"elementor-widget-container\">\n\t\t\t\t\t\t\tD\u00e1vejte pozor, abyste sv\u00e9 panence l\u00e1sky nedovolili nosit oble\u010den\u00ed nebo dopl\u0148ky s tak ostr\u00fdmi hranami, \u017ee za\u010dnou va\u0161i panenku znetvo\u0159ovat. Pokud v\u0161ak v\u00e1\u0161 v\u00fdb\u011br oble\u010den\u00ed obsahuje ostr\u00e9 knofl\u00edky a podobn\u011b, p\u0159i obl\u00e9k\u00e1n\u00ed se ke sv\u00e9 skute\u010dn\u00e9 panence chovejte jako k miminku.\t\t\t\t\t\t<\/div>\n\t\t\t\t<\/div>\n\t\t\t\t<div class=\"elementor-element elementor-element-760f9e7 elementor-invisible elementor-widget elementor-widget-heading\" data-id=\"760f9e7\" data-element_type=\"widget\" data-settings=\"{&quot;_animation&quot;:&quot;fadeInUp&quot;}\" data-widget_type=\"heading.default\">\n\t\t\t\t<div class=\"elementor-widget-container\">\n\t\t\t<h2 class=\"elementor-heading-title elementor-size-default\">Sundejte si hlavu p\u0159ed obl\u00e9k\u00e1n\u00edm kab\u00e1tu<\/h2>\t\t<\/div>\n\t\t\t\t<\/div>\n\t\t\t\t<div class=\"elementor-element elementor-element-32fca7b elementor-widget elementor-widget-text-editor\" data-id=\"32fca7b\" data-element_type=\"widget\" data-widget_type=\"text-editor.default\">\n\t\t\t\t<div class=\"elementor-widget-container\">\n\t\t\t\t\t\t\tKdy\u017e obl\u00e9k\u00e1te svou milostnou panenku a v\u0161imnete si, \u017ee n\u011bkter\u00e1 \u010d\u00e1st oble\u010den\u00ed je p\u0159\u00edli\u0161 t\u011bsn\u00e1 nebo by va\u0161\u00ed panence podobn\u00e9 \u017eivotu zp\u016fsobovala ur\u010ditou m\u00edru nepohodl\u00ed, ud\u011blejte dob\u0159e, kdy\u017e sv\u00e9 skute\u010dn\u00e9 panence sund\u00e1te hlavu. \t\t\t\t\t\t<\/div>\n\t\t\t\t<\/div>\n\t\t\t\t<section class=\"elementor-section elementor-inner-section elementor-element elementor-element-d0ad383 elementor-section-full_width elementor-section-height-default elementor-section-height-default\" data-id=\"d0ad383\" data-element_type=\"section\">\n\t\t\t\t\t\t<div class=\"elementor-container elementor-column-gap-default\">\n\t\t\t\t\t<div class=\"elementor-column elementor-col-50 elementor-inner-column elementor-element elementor-element-0d201b2\" data-id=\"0d201b2\" data-element_type=\"column\">\n\t\t\t<div class=\"elementor-widget-wrap elementor-element-populated\">\n\t\t\t\t\t\t\t\t<div class=\"elementor-element elementor-element-5e75bf3 elementor-widget elementor-widget-image\" data-id=\"5e75bf3\" data-element_type=\"widget\" data-widget_type=\"image.default\">\n\t\t\t\t<div class=\"elementor-widget-container\">\n\t\t\t<style>\/*! elementor - v3.10.2 - 29-01-2023 *\/\n.elementor-widget-image{text-align:center}.elementor-widget-image a{display:inline-block}.elementor-widget-image a img[src$=\".svg\"]{width:48px}.elementor-widget-image img{vertical-align:middle;display:inline-block}<\/style>\t\t\t\t\t\t\t\t\t\t\t\t<img loading=\"lazy\" decoding=\"async\" width=\"367\" height=\"388\" src=\"https:\/\/renodoll.com\/wp-content\/uploads\/2023\/03\/kb-piercing.jpg\" class=\"attachment-woocommerce_single size-woocommerce_single wp-image-14231\" alt=\"\" srcset=\"https:\/\/renodoll.com\/wp-content\/uploads\/2023\/03\/kb-piercing.jpg 367w, https:\/\/renodoll.com\/wp-content\/uploads\/2023\/03\/kb-piercing-284x300.jpg 284w, https:\/\/renodoll.com\/wp-content\/uploads\/2023\/03\/kb-piercing-11x12.jpg 11w, https:\/\/renodoll.com\/wp-content\/uploads\/2023\/03\/kb-piercing-95x100.jpg 95w, https:\/\/renodoll.com\/wp-content\/uploads\/2023\/03\/kb-piercing-300x317.jpg 300w, https:\/\/renodoll.com\/wp-content\/uploads\/2023\/03\/kb-piercing-10x10.jpg 10w\" sizes=\"auto, (max-width: 367px) 100vw, 367px\" \/>\t\t\t\t\t\t\t\t\t\t\t\t\t\t\t<\/div>\n\t\t\t\t<\/div>\n\t\t\t\t\t<\/div>\n\t\t<\/div>\n\t\t\t\t<div class=\"elementor-column elementor-col-50 elementor-inner-column elementor-element elementor-element-e1caa7e\" data-id=\"e1caa7e\" data-element_type=\"column\">\n\t\t\t<div class=\"elementor-widget-wrap elementor-element-populated\">\n\t\t\t\t\t\t\t\t<div class=\"elementor-element elementor-element-4260ec5 elementor-invisible elementor-widget elementor-widget-heading\" data-id=\"4260ec5\" data-element_type=\"widget\" data-settings=\"{&quot;_animation&quot;:&quot;fadeInUp&quot;}\" data-widget_type=\"heading.default\">\n\t\t\t\t<div class=\"elementor-widget-container\">\n\t\t\t<h2 class=\"elementor-heading-title elementor-size-default\">Piercing (u\u0161n\u00ed a n\u00e1mo\u0159n\u00ed)<\/h2>\t\t<\/div>\n\t\t\t\t<\/div>\n\t\t\t\t<div class=\"elementor-element elementor-element-1732e22 elementor-widget elementor-widget-text-editor\" data-id=\"1732e22\" data-element_type=\"widget\" data-widget_type=\"text-editor.default\">\n\t\t\t\t<div class=\"elementor-widget-container\">\n\t\t\t\t\t\t\tM\u016f\u017eete d\u00e1t sv\u00e9 dosp\u011bl\u00e9 sexu\u00e1ln\u00ed panence piercing? Pozitivn\u00ed. P\u0159i v\u0161em, co d\u011bl\u00e1te, nezapome\u0148te, \u017ee n\u00e1stroje pro piercing jsou tenk\u00fd \u017eelezn\u00fd dr\u00e1t nebo jehly, kter\u00e9 se trochu zap\u00edchnou do silikonov\u00e9 k\u016f\u017ee va\u0161\u00ed realistick\u00e9 panenky. Pr\u016fm\u011br d\u011brn\u00e9ho otvoru by v\u0161ak nem\u011bl b\u00fdt v\u011bt\u0161\u00ed ne\u017e 0,5 mm a v \u017e\u00e1dn\u00e9m p\u0159\u00edpad\u011b byste k \u0159ez\u00e1n\u00ed nem\u011bli pou\u017e\u00edvat no\u017ee nebo jin\u00e9 ostr\u00e9 p\u0159edm\u011bty. Tyto piercingy jsou trval\u00e9, aby se zabr\u00e1nilo prasknut\u00ed nebo roztr\u017een\u00ed silikonu.\t\t\t\t\t\t<\/div>\n\t\t\t\t<\/div>\n\t\t\t\t<div class=\"elementor-element elementor-element-a03cfc1 elementor-widget elementor-widget-text-editor\" data-id=\"a03cfc1\" data-element_type=\"widget\" data-widget_type=\"text-editor.default\">\n\t\t\t\t<div class=\"elementor-widget-container\">\n\t\t\t\t\t\t\tNezapome\u0148te v\u017edy nan\u00e9st pudr na svou skute\u010dnou panenku, ne\u017e se obl\u00e9knete do \u00fazk\u00fdch kalhot. Silikon m\u00e1 n\u00e1hodou velk\u00e9 t\u0159en\u00ed, a tak pokud je p\u0159\u00edli\u0161 t\u011bsn\u00e9 obl\u00e9kat milostnou panenku do kalhot nebo pono\u017eek, ud\u011blejte n\u00e1sleduj\u00edc\u00ed. Sundejte si kalhoty a p\u0159ed op\u011btovn\u00fdm obl\u00e9k\u00e1n\u00edm naneste pr\u00e1\u0161ek do koupele nebo mastek.\t\t\t\t\t\t<\/div>\n\t\t\t\t<\/div>\n\t\t\t\t\t<\/div>\n\t\t<\/div>\n\t\t\t\t\t\t\t<\/div>\n\t\t<\/section>\n\t\t\t\t<div class=\"elementor-element elementor-element-91005da elementor-invisible elementor-widget elementor-widget-heading\" data-id=\"91005da\" data-element_type=\"widget\" data-settings=\"{&quot;_animation&quot;:&quot;fadeInUp&quot;}\" data-widget_type=\"heading.default\">\n\t\t\t\t<div class=\"elementor-widget-container\">\n\t\t\t<h2 class=\"elementor-heading-title elementor-size-default\">Fitness Oble\u010den\u00ed<\/h2>\t\t<\/div>\n\t\t\t\t<\/div>\n\t\t\t\t<div class=\"elementor-element elementor-element-0e05e3e elementor-widget elementor-widget-text-editor\" data-id=\"0e05e3e\" data-element_type=\"widget\" data-widget_type=\"text-editor.default\">\n\t\t\t\t<div class=\"elementor-widget-container\">\n\t\t\t\t\t\t\tSna\u017ete se co nejv\u00edce vyhnout obl\u00e9k\u00e1n\u00ed sv\u00e9 sexu\u00e1ln\u00ed panenky do t\u011bsn\u00e9ho oble\u010den\u00ed nebo oble\u010den\u00ed, kter\u00e9 by ji na dlouhou dobu sv\u00edralo. To m\u016f\u017ee zp\u016fsobit prasknut\u00ed silikonu nebo pomluvu.\t\t\t\t\t\t<\/div>\n\t\t\t\t<\/div>\n\t\t\t\t<div class=\"elementor-element elementor-element-8cc3ec1 elementor-widget elementor-widget-text-editor\" data-id=\"8cc3ec1\" data-element_type=\"widget\" data-widget_type=\"text-editor.default\">\n\t\t\t\t<div class=\"elementor-widget-container\">\n\t\t\t\t\t\t\t Pokud velikost \u0161at\u016f, kterou si p\u0159ejete pro svou sexu\u00e1ln\u00ed panenku, nesed\u00ed, po\u0159i\u010fte si jinou. Nav\u00edc n\u011bkter\u00e9 oble\u010den\u00ed mus\u00ed b\u00fdt speci\u00e1ln\u011b vyroben\u00e9 pro panenky.\t\t\t\t\t\t<\/div>\n\t\t\t\t<\/div>\n\t\t\t\t<div class=\"elementor-element elementor-element-fb0bc57 elementor-invisible elementor-widget elementor-widget-heading\" data-id=\"fb0bc57\" data-element_type=\"widget\" data-settings=\"{&quot;_animation&quot;:&quot;fadeInUp&quot;}\" data-widget_type=\"heading.default\">\n\t\t\t\t<div class=\"elementor-widget-container\">\n\t\t\t<h2 class=\"elementor-heading-title elementor-size-default\">Zabra\u0148te zbarven\u00ed<\/h2>\t\t<\/div>\n\t\t\t\t<\/div>\n\t\t\t\t<div class=\"elementor-element elementor-element-53229ea elementor-widget elementor-widget-text-editor\" data-id=\"53229ea\" data-element_type=\"widget\" data-widget_type=\"text-editor.default\">\n\t\t\t\t<div class=\"elementor-widget-container\">\n\t\t\t\t\t\t\tN\u011bkter\u00e9 typy oble\u010den\u00ed jsou vyrobeny bu\u010f z barven\u00e9 um\u011bl\u00e9 k\u016f\u017ee, nebo z jin\u00fdch ko\u017een\u00fdch materi\u00e1l\u016f pot\u0159\u00edsn\u011bn\u00fdch olejem s hrozn\u00fdm zbarven\u00edm, kter\u00e9 m\u016f\u017ee prosakovat do vnit\u0159ku silikonu, jakmile bude m\u00edt sexu\u00e1ln\u00ed panenka del\u0161\u00ed dobu kontakt s \u0161aty. To m\u016f\u017ee v\u00e9st ke zm\u011bn\u011b barvy pleti va\u0161\u00ed sexu\u00e1ln\u00ed panenky. Nejrealisti\u010dt\u011bj\u0161\u00ed je se tomuto typu z\u00e1\u0159e co nejv\u00edce vyh\u00fdbat, nebo pokud je pot\u0159eba a budete si je muset obl\u00e9knout, nechte to b\u00fdt po omezenou dobu na t\u011ble sexy panenky.\t\t\t\t\t\t<\/div>\n\t\t\t\t<\/div>\n\t\t\t\t<div class=\"elementor-element elementor-element-2e3d2b1 elementor-invisible elementor-widget elementor-widget-heading\" data-id=\"2e3d2b1\" data-element_type=\"widget\" data-settings=\"{&quot;_animation&quot;:&quot;fadeInUp&quot;}\" data-widget_type=\"heading.default\">\n\t\t\t\t<div class=\"elementor-widget-container\">\n\t\t\t<h2 class=\"elementor-heading-title elementor-size-default\">Pou\u017eijte pr\u00e1\u0161ek do koupele, mastek nebo d\u011btsk\u00fd pudr, abyste zabr\u00e1nili lepkavosti<\/h2>\t\t<\/div>\n\t\t\t\t<\/div>\n\t\t\t\t<div class=\"elementor-element elementor-element-0963a4f elementor-widget elementor-widget-text-editor\" data-id=\"0963a4f\" data-element_type=\"widget\" data-widget_type=\"text-editor.default\">\n\t\t\t\t<div class=\"elementor-widget-container\">\n\t\t\t\t\t\t\tSilikonov\u00fd povrch je p\u0159irozen\u011b velmi lepiv\u00fd. Co je t\u0159eba ud\u011blat, je, \u017ee p\u0159ed obl\u00e9k\u00e1n\u00edm pou\u017eijete pr\u00e1\u0161ek do koupele nebo mastek. Pokud je k dispozici statick\u00e1 elekt\u0159ina, lze pou\u017e\u00edt sprej na statickou elekt\u0159inu. P\u0159i st\u0159\u00edk\u00e1n\u00ed v\u0161ak bu\u010fte opatrn\u00ed, abyste nenast\u0159\u00edkali p\u0159\u00edli\u0161 mnoho.\t\t\t\t\t\t<\/div>\n\t\t\t\t<\/div>\n\t\t\t\t\t<\/div>\n\t\t<\/div>\n\t\t\t\t\t\t\t<\/div>\n\t\t<\/section>\n\t\t\t\t\t\t\t<\/div>","protected":false},"excerpt":{"rendered":"<p>D\u016fle\u017eit\u00e9 body p\u0159i obl\u00e9k\u00e1n\u00ed panenky \u00davod Kon\u010detiny silikonov\u00e9 panenky se mohou pohybovat, ale je to s ur\u010dit\u00fdmi omezen\u00edmi. P\u0159i obl\u00e9k\u00e1n\u00ed sv\u00e9 sexu\u00e1ln\u00ed panenky podle sv\u00e9ho vkusu mus\u00edte tak\u00e9 chr\u00e1nit silikonovou poko\u017eku. Dob\u0159e si v\u0161imn\u011bte n\u00e1sleduj\u00edc\u00edch bod\u016f. Nedovolte, aby se kon\u010detiny p\u0159\u00edli\u0161 oh\u00fdbaly P\u0159i obl\u00e9k\u00e1n\u00ed sv\u00e9 sexu\u00e1ln\u00ed panenky se sna\u017ete co nejv\u00edce vyhnout zvednut\u00ed pa\u017e\u00ed sv\u00e9 panenky p\u0159\u00edli\u0161 vysoko, aby nedo\u0161lo k prasknut\u00ed nebo roztr\u017een\u00ed silikonu. V\u011bnujte pros\u00edm zv\u00fd\u0161enou pozornost pokyn\u016fm pro bezpe\u010dn\u00fd \u00fahel v rozsahu fyzick\u00e9 aktivity<\/p>","protected":false},"author":1,"featured_media":0,"parent":0,"menu_order":0,"comment_status":"closed","ping_status":"closed","template":"","meta":{"footnotes":""},"class_list":["post-5330","page","type-page","status-publish","hentry"],"aioseo_notices":[],"_links":{"self":[{"href":"https:\/\/renodoll.com\/cs\/wp-json\/wp\/v2\/pages\/5330","targetHints":{"allow":["GET"]}}],"collection":[{"href":"https:\/\/renodoll.com\/cs\/wp-json\/wp\/v2\/pages"}],"about":[{"href":"https:\/\/renodoll.com\/cs\/wp-json\/wp\/v2\/types\/page"}],"author":[{"embeddable":true,"href":"https:\/\/renodoll.com\/cs\/wp-json\/wp\/v2\/users\/1"}],"replies":[{"embeddable":true,"href":"https:\/\/renodoll.com\/cs\/wp-json\/wp\/v2\/comments?post=5330"}],"version-history":[{"count":53,"href":"https:\/\/renodoll.com\/cs\/wp-json\/wp\/v2\/pages\/5330\/revisions"}],"predecessor-version":[{"id":16005,"href":"https:\/\/renodoll.com\/cs\/wp-json\/wp\/v2\/pages\/5330\/revisions\/16005"}],"wp:attachment":[{"href":"https:\/\/renodoll.com\/cs\/wp-json\/wp\/v2\/media?parent=5330"}],"curies":[{"name":"wp","href":"https:\/\/api.w.org\/{rel}","templated":true}]}}