{"id":5221,"date":"2023-02-20T19:46:32","date_gmt":"2023-02-20T11:46:32","guid":{"rendered":"https:\/\/renodoll.com\/?page_id=5221"},"modified":"2023-03-31T15:17:09","modified_gmt":"2023-03-31T07:17:09","slug":"sex-doll-video","status":"publish","type":"page","link":"https:\/\/renodoll.com\/cs\/sex-panenka-video\/","title":{"rendered":"Video sex panenka"},"content":{"rendered":"<div data-elementor-type=\"wp-page\" data-elementor-id=\"5221\" class=\"elementor elementor-5221\">\n\t\t\t\t\t\t\t\t\t<section class=\"elementor-section elementor-top-section elementor-element elementor-element-2aace59 elementor-section-boxed elementor-section-height-default elementor-section-height-default\" data-id=\"2aace59\" data-element_type=\"section\">\n\t\t\t\t\t\t<div class=\"elementor-container elementor-column-gap-no\">\n\t\t\t\t\t<div class=\"elementor-column elementor-col-100 elementor-top-column elementor-element elementor-element-0017d57\" data-id=\"0017d57\" data-element_type=\"column\">\n\t\t\t<div class=\"elementor-widget-wrap elementor-element-populated\">\n\t\t\t\t\t\t\t\t<div class=\"elementor-element elementor-element-0608af7 elementor-widget elementor-widget-spacer\" data-id=\"0608af7\" data-element_type=\"widget\" data-widget_type=\"spacer.default\">\n\t\t\t\t<div class=\"elementor-widget-container\">\n\t\t\t<style>\/*! elementor - v3.10.2 - 29-01-2023 *\/\n.elementor-column .elementor-spacer-inner{height:var(--spacer-size)}.e-con{--container-widget-width:100%}.e-con-inner>.elementor-widget-spacer,.e-con>.elementor-widget-spacer{width:var(--container-widget-width,var(--spacer-size));--align-self:var(--container-widget-align-self,initial);--flex-shrink:0}.e-con-inner>.elementor-widget-spacer>.elementor-widget-container,.e-con-inner>.elementor-widget-spacer>.elementor-widget-container>.elementor-spacer,.e-con>.elementor-widget-spacer>.elementor-widget-container,.e-con>.elementor-widget-spacer>.elementor-widget-container>.elementor-spacer{height:100%}.e-con-inner>.elementor-widget-spacer>.elementor-widget-container>.elementor-spacer>.elementor-spacer-inner,.e-con>.elementor-widget-spacer>.elementor-widget-container>.elementor-spacer>.elementor-spacer-inner{height:var(--container-widget-height,var(--spacer-size))}<\/style>\t\t<div class=\"elementor-spacer\">\n\t\t\t<div class=\"elementor-spacer-inner\"><\/div>\n\t\t<\/div>\n\t\t\t\t<\/div>\n\t\t\t\t<\/div>\n\t\t\t\t<div class=\"elementor-element elementor-element-5997a9f elementor-invisible elementor-widget elementor-widget-heading\" data-id=\"5997a9f\" data-element_type=\"widget\" data-settings=\"{&quot;_animation&quot;:&quot;fadeInUp&quot;}\" data-widget_type=\"heading.default\">\n\t\t\t\t<div class=\"elementor-widget-container\">\n\t\t\t<style>\/*! elementor - v3.10.2 - 29-01-2023 *\/\n.elementor-heading-title{padding:0;margin:0;line-height:1}.elementor-widget-heading .elementor-heading-title[class*=elementor-size-]>a{color:inherit;font-size:inherit;line-height:inherit}.elementor-widget-heading .elementor-heading-title.elementor-size-small{font-size:15px}.elementor-widget-heading .elementor-heading-title.elementor-size-medium{font-size:19px}.elementor-widget-heading .elementor-heading-title.elementor-size-large{font-size:29px}.elementor-widget-heading .elementor-heading-title.elementor-size-xl{font-size:39px}.elementor-widget-heading .elementor-heading-title.elementor-size-xxl{font-size:59px}<\/style><h2 class=\"elementor-heading-title elementor-size-default\">Videa se sexu\u00e1ln\u00edmi panenkami<\/h2>\t\t<\/div>\n\t\t\t\t<\/div>\n\t\t\t\t<div class=\"elementor-element elementor-element-3feda34 elementor-widget elementor-widget-text-editor\" data-id=\"3feda34\" data-element_type=\"widget\" data-widget_type=\"text-editor.default\">\n\t\t\t\t<div class=\"elementor-widget-container\">\n\t\t\t<style>\/*! elementor - v3.10.2 - 29-01-2023 *\/\n.elementor-widget-text-editor.elementor-drop-cap-view-stacked .elementor-drop-cap{background-color:#818a91;color:#fff}.elementor-widget-text-editor.elementor-drop-cap-view-framed .elementor-drop-cap{color:#818a91;border:3px solid;background-color:transparent}.elementor-widget-text-editor:not(.elementor-drop-cap-view-default) .elementor-drop-cap{margin-top:8px}.elementor-widget-text-editor:not(.elementor-drop-cap-view-default) .elementor-drop-cap-letter{width:1em;height:1em}.elementor-widget-text-editor .elementor-drop-cap{float:left;text-align:center;line-height:1;font-size:50px}.elementor-widget-text-editor .elementor-drop-cap-letter{display:inline-block}<\/style>\t\t\t\t<p>Ne\u017e provedete n\u00e1kup, je mo\u017en\u00e9, \u017ee se budete cht\u00edt pod\u00edvat na videa t\u011bchto milostn\u00fdch panenek, proto\u017ee na\u0161e obr\u00e1zky ve v\u00e1s vyvol\u00e1vaj\u00ed \u017e\u00edze\u0148. V\u017edy jsme na v\u00e1s mysleli, a tak spole\u010dnost Renodoll dala dohromady n\u011bkolik skute\u010dn\u00fdch film\u016f s panenkami. Od asijsk\u00fdch japonsk\u00fdch po \u010dern\u00e9 panenky Ebony, realistick\u00e9 panenky pro mu\u017ee i \u017eeny.<\/p>\t\t\t\t\t\t<\/div>\n\t\t\t\t<\/div>\n\t\t\t\t<div class=\"elementor-element elementor-element-30cad5c elementor-widget elementor-widget-text-editor\" data-id=\"30cad5c\" data-element_type=\"widget\" data-widget_type=\"text-editor.default\">\n\t\t\t\t<div class=\"elementor-widget-container\">\n\t\t\t\t\t\t\t<p>Tato videa krm\u00ed va\u0161e o\u010di kvalitou a standardem RenoDolls. Mo\u017en\u00e1, \u017ee to, co chcete, nen\u00ed na displeji. Po\u0161lete zpr\u00e1vu s objedn\u00e1vkou a specifikacemi a dostanete ji t\u00e9m\u011b\u0159 okam\u017eit\u011b.<\/p>\t\t\t\t\t\t<\/div>\n\t\t\t\t<\/div>\n\t\t\t\t<div class=\"elementor-element elementor-element-f910b75 elementor-widget elementor-widget-text-editor\" data-id=\"f910b75\" data-element_type=\"widget\" data-widget_type=\"text-editor.default\">\n\t\t\t\t<div class=\"elementor-widget-container\">\n\t\t\t\t\t\t\tOd zobrazen\u00ed t\u011bchto milostn\u00fdch panenek v\u00e1s d\u011bl\u00ed jedin\u00e9 kliknut\u00ed. Zami\u0159te do na\u0161\u00ed galerie milostn\u00fdch panenek a nakrmte sv\u00e9 o\u010di.\t\t\t\t\t\t<\/div>\n\t\t\t\t<\/div>\n\t\t\t\t<div class=\"elementor-element elementor-element-8a0d734 elementor-widget elementor-widget-text-editor\" data-id=\"8a0d734\" data-element_type=\"widget\" data-widget_type=\"text-editor.default\">\n\t\t\t\t<div class=\"elementor-widget-container\">\n\t\t\t\t\t\t\tZaj\u00edm\u00e1 v\u00e1s, jak\u00fd by byl sex s t\u011bmito sexu\u00e1ln\u00edmi panenkami v \u017eivotn\u00ed velikosti? U\u017e nezat\u011b\u017eujte sv\u016fj mozek. Pod\u00edvejte se na porno se sexu\u00e1ln\u00edmi panenkami. \u010cek\u00e1 tam na v\u00e1s cel\u00fd sv\u011bt. Pornohv\u011bzdy sexu\u00e1ln\u00edch panenek jsou ji\u017e n\u011bjakou dobu k dispozici s r\u016fzn\u00fdmi druhy skute\u010dn\u00fdch sexu\u00e1ln\u00edch panenek, a\u0165 u\u017e jsou to realistick\u00e9 asijsk\u00e9 panenky, mu\u017esk\u00e9 nebo \u017eensk\u00e9 milostn\u00e9 panenky, TPE nebo silikonov\u00e9 sexu\u00e1ln\u00ed panenky. V\u011bt\u0161ina z t\u011bchto panenek je nyn\u00ed k dost\u00e1n\u00ed v nev\u011bstinc\u00edch. \t\t\t\t\t\t<\/div>\n\t\t\t\t<\/div>\n\t\t\t\t<div class=\"elementor-element elementor-element-e07d640 elementor-widget elementor-widget-text-editor\" data-id=\"e07d640\" data-element_type=\"widget\" data-widget_type=\"text-editor.default\">\n\t\t\t\t<div class=\"elementor-widget-container\">\n\t\t\t\t\t\t\tC\u00edlem je, aby se milostn\u00e9 panenky ve v\u0161ech ohledech podobaly postav\u011b mu\u017esk\u00e9ho nebo \u017eensk\u00e9ho pohlav\u00ed. Va\u0161e obl\u00edben\u00e1 panenka pornohv\u011bzda na v\u00e1s \u010dek\u00e1 v sexpornu s panenkou. Jdi to naj\u00edt\t\t\t\t\t\t<\/div>\n\t\t\t\t<\/div>\n\t\t\t\t<div class=\"elementor-element elementor-element-6ddc415 elementor-widget elementor-widget-text-editor\" data-id=\"6ddc415\" data-element_type=\"widget\" data-widget_type=\"text-editor.default\">\n\t\t\t\t<div class=\"elementor-widget-container\">\n\t\t\t\t\t\t\tHlavn\u00edm c\u00edlem sexu\u00e1ln\u00ed panenky v \u017eivotn\u00ed velikosti je masturbace, ale n\u011bkter\u00e9 osoby m\u00edsto toho d\u00e1vaj\u00ed p\u0159ednost p\u0159\u00edtomnosti t\u011bchto panenek pro sv\u00e9 pot\u011b\u0161en\u00ed.\t\t\t\t\t\t<\/div>\n\t\t\t\t<\/div>\n\t\t\t\t<section class=\"elementor-section elementor-inner-section elementor-element elementor-element-494ee89 elementor-section-boxed elementor-section-height-default elementor-section-height-default\" data-id=\"494ee89\" data-element_type=\"section\">\n\t\t\t\t\t\t<div class=\"elementor-container elementor-column-gap-default\">\n\t\t\t\t\t<div class=\"elementor-column elementor-col-50 elementor-inner-column elementor-element elementor-element-96be3b3\" data-id=\"96be3b3\" data-element_type=\"column\">\n\t\t\t<div class=\"elementor-widget-wrap elementor-element-populated\">\n\t\t\t\t\t\t\t\t<div class=\"elementor-element elementor-element-76c9b41 elementor-aspect-ratio-169 elementor-widget elementor-widget-video\" data-id=\"76c9b41\" data-element_type=\"widget\" data-settings=\"{&quot;video_type&quot;:&quot;hosted&quot;,&quot;autoplay&quot;:&quot;yes&quot;,&quot;loop&quot;:&quot;yes&quot;,&quot;play_on_mobile&quot;:&quot;yes&quot;,&quot;controls&quot;:&quot;yes&quot;,&quot;aspect_ratio&quot;:&quot;169&quot;}\" data-widget_type=\"video.default\">\n\t\t\t\t<div class=\"elementor-widget-container\">\n\t\t\t<style>\/*! elementor - v3.10.2 - 29-01-2023 *\/\n.elementor-widget-video .elementor-widget-container{overflow:hidden;transform:translateZ(0)}.elementor-widget-video .elementor-open-inline .elementor-custom-embed-image-overlay{position:absolute;top:0;left:0;width:100%;height:100%;background-size:cover;background-position:50%}.elementor-widget-video .elementor-custom-embed-image-overlay{cursor:pointer;text-align:center}.elementor-widget-video .elementor-custom-embed-image-overlay:hover .elementor-custom-embed-play i{opacity:1}.elementor-widget-video .elementor-custom-embed-image-overlay img{display:block;width:100%}.elementor-widget-video .e-hosted-video .elementor-video{-o-object-fit:cover;object-fit:cover}.e-con-inner>.elementor-widget-video,.e-con>.elementor-widget-video{width:var(--container-widget-width);--flex-grow:var(--container-widget-flex-grow)}<\/style>\t\t<div class=\"e-hosted-video elementor-wrapper elementor-fit-aspect-ratio elementor-open-inline\">\n\t\t\t\t\t<video class=\"elementor-video\" src=\"http:\/\/renodoll.com\/wp-content\/uploads\/2023\/03\/kb-electric-doll.mp4\" autoplay=\"\" loop=\"\" controls=\"\" playsinline=\"\" controlslist=\"nodownload\"><\/video>\n\t\t\t\t<\/div>\n\t\t\t\t<\/div>\n\t\t\t\t<\/div>\n\t\t\t\t\t<\/div>\n\t\t<\/div>\n\t\t\t\t<div class=\"elementor-column elementor-col-50 elementor-inner-column elementor-element elementor-element-21a0a51\" data-id=\"21a0a51\" data-element_type=\"column\">\n\t\t\t<div class=\"elementor-widget-wrap elementor-element-populated\">\n\t\t\t\t\t\t\t\t<div class=\"elementor-element elementor-element-c5f14ef elementor-aspect-ratio-169 elementor-widget elementor-widget-video\" data-id=\"c5f14ef\" data-element_type=\"widget\" data-settings=\"{&quot;video_type&quot;:&quot;hosted&quot;,&quot;autoplay&quot;:&quot;yes&quot;,&quot;play_on_mobile&quot;:&quot;yes&quot;,&quot;loop&quot;:&quot;yes&quot;,&quot;controls&quot;:&quot;yes&quot;,&quot;aspect_ratio&quot;:&quot;169&quot;}\" data-widget_type=\"video.default\">\n\t\t\t\t<div class=\"elementor-widget-container\">\n\t\t\t\t\t<div class=\"e-hosted-video elementor-wrapper elementor-fit-aspect-ratio elementor-open-inline\">\n\t\t\t\t\t<video class=\"elementor-video\" src=\"http:\/\/renodoll.com\/wp-content\/uploads\/2023\/03\/auto-oral.mp4\" autoplay=\"\" loop=\"\" controls=\"\" playsinline=\"\" controlslist=\"nodownload\"><\/video>\n\t\t\t\t<\/div>\n\t\t\t\t<\/div>\n\t\t\t\t<\/div>\n\t\t\t\t\t<\/div>\n\t\t<\/div>\n\t\t\t\t\t\t\t<\/div>\n\t\t<\/section>\n\t\t\t\t<section class=\"elementor-section elementor-inner-section elementor-element elementor-element-76cfe83 elementor-section-boxed elementor-section-height-default elementor-section-height-default\" data-id=\"76cfe83\" data-element_type=\"section\">\n\t\t\t\t\t\t<div class=\"elementor-container elementor-column-gap-default\">\n\t\t\t\t\t<div class=\"elementor-column elementor-col-50 elementor-inner-column elementor-element elementor-element-2a0f47b\" data-id=\"2a0f47b\" data-element_type=\"column\">\n\t\t\t<div class=\"elementor-widget-wrap elementor-element-populated\">\n\t\t\t\t\t\t\t\t<div class=\"elementor-element elementor-element-1716f89 elementor-aspect-ratio-169 elementor-widget elementor-widget-video\" data-id=\"1716f89\" data-element_type=\"widget\" data-settings=\"{&quot;video_type&quot;:&quot;hosted&quot;,&quot;autoplay&quot;:&quot;yes&quot;,&quot;loop&quot;:&quot;yes&quot;,&quot;play_on_mobile&quot;:&quot;yes&quot;,&quot;controls&quot;:&quot;yes&quot;,&quot;aspect_ratio&quot;:&quot;169&quot;}\" data-widget_type=\"video.default\">\n\t\t\t\t<div class=\"elementor-widget-container\">\n\t\t\t\t\t<div class=\"e-hosted-video elementor-wrapper elementor-fit-aspect-ratio elementor-open-inline\">\n\t\t\t\t\t<video class=\"elementor-video\" src=\"http:\/\/renodoll.com\/wp-content\/uploads\/2023\/03\/DisgustingShowyrenodoll.mp4\" autoplay=\"\" loop=\"\" controls=\"\" playsinline=\"\" controlslist=\"nodownload\"><\/video>\n\t\t\t\t<\/div>\n\t\t\t\t<\/div>\n\t\t\t\t<\/div>\n\t\t\t\t\t<\/div>\n\t\t<\/div>\n\t\t\t\t<div class=\"elementor-column elementor-col-50 elementor-inner-column elementor-element elementor-element-7eb9468\" data-id=\"7eb9468\" data-element_type=\"column\">\n\t\t\t<div class=\"elementor-widget-wrap elementor-element-populated\">\n\t\t\t\t\t\t\t\t<div class=\"elementor-element elementor-element-57558a7 elementor-aspect-ratio-169 elementor-widget elementor-widget-video\" data-id=\"57558a7\" data-element_type=\"widget\" data-settings=\"{&quot;video_type&quot;:&quot;hosted&quot;,&quot;autoplay&quot;:&quot;yes&quot;,&quot;play_on_mobile&quot;:&quot;yes&quot;,&quot;loop&quot;:&quot;yes&quot;,&quot;controls&quot;:&quot;yes&quot;,&quot;aspect_ratio&quot;:&quot;169&quot;}\" data-widget_type=\"video.default\">\n\t\t\t\t<div class=\"elementor-widget-container\">\n\t\t\t\t\t<div class=\"e-hosted-video elementor-wrapper elementor-fit-aspect-ratio elementor-open-inline\">\n\t\t\t\t\t<video class=\"elementor-video\" src=\"http:\/\/renodoll.com\/wp-content\/uploads\/2023\/03\/ros.mp4\" autoplay=\"\" loop=\"\" controls=\"\" playsinline=\"\" controlslist=\"nodownload\"><\/video>\n\t\t\t\t<\/div>\n\t\t\t\t<\/div>\n\t\t\t\t<\/div>\n\t\t\t\t\t<\/div>\n\t\t<\/div>\n\t\t\t\t\t\t\t<\/div>\n\t\t<\/section>\n\t\t\t\t\t<\/div>\n\t\t<\/div>\n\t\t\t\t\t\t\t<\/div>\n\t\t<\/section>\n\t\t\t\t\t\t\t<\/div>","protected":false},"excerpt":{"rendered":"<p>Videa sexu\u00e1ln\u00edch panenek Ne\u017e si koup\u00edte, je mo\u017en\u00e9, \u017ee si budete cht\u00edt prohl\u00e9dnout videa t\u011bchto milostn\u00fdch panenek, proto\u017ee na\u0161e obr\u00e1zky ve v\u00e1s vyvol\u00e1vaj\u00ed \u017e\u00edze\u0148. V\u017edy jsme na v\u00e1s mysleli, a tak spole\u010dnost Renodoll dala dohromady n\u011bkolik skute\u010dn\u00fdch film\u016f s panenkami. Od asijsk\u00fdch japonsk\u00fdch po \u010dern\u00e9 panenky Ebony, realistick\u00e9 panenky pro mu\u017ee i \u017eeny. Tato videa krm\u00ed va\u0161e o\u010di kvalitou a standardem RenoDolls. Mo\u017en\u00e1, \u017ee to, co chcete, nen\u00ed na displeji. Po\u0161lete zpr\u00e1vu s objedn\u00e1vkou a specifikacemi a dostanete ji t\u00e9m\u011b\u0159 okam\u017eit\u011b. Tyhle l\u00e1sky v\u00e1s d\u011bl\u00ed jen jedno kliknut\u00ed<\/p>","protected":false},"author":1,"featured_media":0,"parent":0,"menu_order":0,"comment_status":"closed","ping_status":"closed","template":"","meta":{"footnotes":""},"class_list":["post-5221","page","type-page","status-publish","hentry"],"aioseo_notices":[],"_links":{"self":[{"href":"https:\/\/renodoll.com\/cs\/wp-json\/wp\/v2\/pages\/5221","targetHints":{"allow":["GET"]}}],"collection":[{"href":"https:\/\/renodoll.com\/cs\/wp-json\/wp\/v2\/pages"}],"about":[{"href":"https:\/\/renodoll.com\/cs\/wp-json\/wp\/v2\/types\/page"}],"author":[{"embeddable":true,"href":"https:\/\/renodoll.com\/cs\/wp-json\/wp\/v2\/users\/1"}],"replies":[{"embeddable":true,"href":"https:\/\/renodoll.com\/cs\/wp-json\/wp\/v2\/comments?post=5221"}],"version-history":[{"count":23,"href":"https:\/\/renodoll.com\/cs\/wp-json\/wp\/v2\/pages\/5221\/revisions"}],"predecessor-version":[{"id":14656,"href":"https:\/\/renodoll.com\/cs\/wp-json\/wp\/v2\/pages\/5221\/revisions\/14656"}],"wp:attachment":[{"href":"https:\/\/renodoll.com\/cs\/wp-json\/wp\/v2\/media?parent=5221"}],"curies":[{"name":"wp","href":"https:\/\/api.w.org\/{rel}","templated":true}]}}